{"id":1197,"date":"2020-12-12T13:46:52","date_gmt":"2020-12-12T12:46:52","guid":{"rendered":"https:\/\/www.ellenkantarellen.se\/?page_id=1197"},"modified":"2024-05-27T19:22:07","modified_gmt":"2024-05-27T17:22:07","slug":"villkor","status":"publish","type":"page","link":"https:\/\/www.ellenkantarellen.se\/en\/villkor\/","title":{"rendered":"Terms"},"content":{"rendered":"<h4>Terms of purchase<\/h4> \n\t\t\t\t\tEllenkantarellen is responsible for the personal data collected via the website. We only collect personal data that you yourself provide to us when you register, fill in forms, send e-mails, make requests, etc. The data is processed for the purpose of delivering the requested service or if the law requires it.<br \/>\nYou have the right at any time to request information about the personal data we have about you and to have it corrected, changed or deleted. If you want to do this, send an email to info@ellenkantarellen.se\u200b\t\t\t\t\n\t\t\t\t<h4>Terms of delivery<\/h4> \n\t\t\t\t\t<p>Leveranstid &#8211; din best\u00e4llning skickas normalt inom 1-3 arbetsdagar om inte annat anges i produktbeskrivningen. (M\u00f6nster skickas automatiskt direkt efter genomf\u00f6rd betalning). Detta g\u00e4ller med f\u00f6rbeh\u00e5ll f\u00f6r slutf\u00f6rs\u00e4ljning\/leveransf\u00f6rseningar. Under h\u00f6gs\u00e4song och under kampanjer kan leveranstiden bli l\u00e4ngre. Om en produkt inte finns i lager och inte kommer in igen kommer detta att meddelas via e-post.<\/p><p>The product is then removed from your order and other products are sent. If this is the only product ordered, the order will be cancelled.<\/p><p><strong>Leveranss\u00e4tt &#8211;<\/strong> Small packages are delivered directly to your mailbox, larger packages to the nearest delivery point.<br \/><strong>Freight -<\/strong> The freight cost is shown in your order.<\/p>\t\t\t\t\n\t\t\t\t<h4>Returns And Complaints<\/h4> \n\t\t\t\t\t<p>14-day open purchase - From the time you receive your products, a 14-day right of withdrawal applies. When returning the product, it must be unused, undamaged and in the original packaging. The right of withdrawal does not apply to ordered goods, downloadable products or for companies. Ellenkantarellen is not responsible for shipping costs for returns.<\/p>","protected":false},"excerpt":{"rendered":"<p>K\u00f6pvillkor Ellenkantarellen ansvarar f\u00f6r de personuppgifter som samlas in via webbplatsen. Vi samlar endast in personuppgifter som du sj\u00e4lv l\u00e4mnar till oss n\u00e4r du registrerar dig, fyller i formul\u00e4r, skickar e-post, g\u00f6r f\u00f6rfr\u00e5gningar etc. Uppgifterna behandlas i syfte att leverera den efterfr\u00e5gade tj\u00e4nsten eller om lagen kr\u00e4ver det. Du har r\u00e4tt att n\u00e4r som helst [&#8230;]\n","protected":false},"author":2,"featured_media":0,"parent":0,"menu_order":0,"comment_status":"closed","ping_status":"closed","template":"","meta":{"footnotes":""},"class_list":["post-1197","page","type-page","status-publish","hentry"],"yoast_head":"<!-- This site is optimized with the Yoast SEO plugin v27.0 - https:\/\/yoast.com\/product\/yoast-seo-wordpress\/ -->\n<title>Villkor - EllenKantarellen<\/title>\n<meta name=\"robots\" content=\"index, follow, max-snippet:-1, max-image-preview:large, max-video-preview:-1\" \/>\n<link rel=\"canonical\" href=\"https:\/\/www.ellenkantarellen.se\/en\/villkor\/\" \/>\n<meta property=\"og:locale\" content=\"en_GB\" \/>\n<meta property=\"og:type\" content=\"article\" \/>\n<meta property=\"og:title\" content=\"Villkor - EllenKantarellen\" \/>\n<meta property=\"og:description\" content=\"K\u00f6pvillkor Ellenkantarellen ansvarar f\u00f6r de personuppgifter som samlas in via webbplatsen. Vi samlar endast in personuppgifter som du sj\u00e4lv l\u00e4mnar till oss n\u00e4r du registrerar dig, fyller i formul\u00e4r, skickar e-post, g\u00f6r f\u00f6rfr\u00e5gningar etc. Uppgifterna behandlas i syfte att leverera den efterfr\u00e5gade tj\u00e4nsten eller om lagen kr\u00e4ver det. Du har r\u00e4tt att n\u00e4r som helst [...]\" \/>\n<meta property=\"og:url\" content=\"https:\/\/www.ellenkantarellen.se\/en\/villkor\/\" \/>\n<meta property=\"og:site_name\" content=\"EllenKantarellen\" \/>\n<meta property=\"article:modified_time\" content=\"2024-05-27T17:22:07+00:00\" \/>\n<meta name=\"twitter:card\" content=\"summary_large_image\" \/>\n<meta name=\"twitter:label1\" content=\"Estimated reading time\" \/>\n\t<meta name=\"twitter:data1\" content=\"2 minutes\" \/>\n<script type=\"application\/ld+json\" class=\"yoast-schema-graph\">{\"@context\":\"https:\/\/schema.org\",\"@graph\":[{\"@type\":\"WebPage\",\"@id\":\"https:\/\/www.ellenkantarellen.se\/villkor\/\",\"url\":\"https:\/\/www.ellenkantarellen.se\/villkor\/\",\"name\":\"Villkor - EllenKantarellen\",\"isPartOf\":{\"@id\":\"https:\/\/www.ellenkantarellen.se\/#website\"},\"datePublished\":\"2020-12-12T12:46:52+00:00\",\"dateModified\":\"2024-05-27T17:22:07+00:00\",\"breadcrumb\":{\"@id\":\"https:\/\/www.ellenkantarellen.se\/villkor\/#breadcrumb\"},\"inLanguage\":\"en-GB\",\"potentialAction\":[{\"@type\":\"ReadAction\",\"target\":[\"https:\/\/www.ellenkantarellen.se\/villkor\/\"]}]},{\"@type\":\"BreadcrumbList\",\"@id\":\"https:\/\/www.ellenkantarellen.se\/villkor\/#breadcrumb\",\"itemListElement\":[{\"@type\":\"ListItem\",\"position\":1,\"name\":\"Hem\",\"item\":\"https:\/\/www.ellenkantarellen.se\/\"},{\"@type\":\"ListItem\",\"position\":2,\"name\":\"Villkor\"}]},{\"@type\":\"WebSite\",\"@id\":\"https:\/\/www.ellenkantarellen.se\/#website\",\"url\":\"https:\/\/www.ellenkantarellen.se\/\",\"name\":\"EllenKantarellen\",\"description\":\"\",\"publisher\":{\"@id\":\"https:\/\/www.ellenkantarellen.se\/#organization\"},\"potentialAction\":[{\"@type\":\"SearchAction\",\"target\":{\"@type\":\"EntryPoint\",\"urlTemplate\":\"https:\/\/www.ellenkantarellen.se\/?s={search_term_string}\"},\"query-input\":{\"@type\":\"PropertyValueSpecification\",\"valueRequired\":true,\"valueName\":\"search_term_string\"}}],\"inLanguage\":\"en-GB\"},{\"@type\":\"Organization\",\"@id\":\"https:\/\/www.ellenkantarellen.se\/#organization\",\"name\":\"EllenKantarellen\",\"url\":\"https:\/\/www.ellenkantarellen.se\/\",\"logo\":{\"@type\":\"ImageObject\",\"inLanguage\":\"en-GB\",\"@id\":\"https:\/\/www.ellenkantarellen.se\/#\/schema\/logo\/image\/\",\"url\":\"https:\/\/www.ellenkantarellen.se\/wp-content\/uploads\/2021\/09\/ek2.png\",\"contentUrl\":\"https:\/\/www.ellenkantarellen.se\/wp-content\/uploads\/2021\/09\/ek2.png\",\"width\":2232,\"height\":508,\"caption\":\"EllenKantarellen\"},\"image\":{\"@id\":\"https:\/\/www.ellenkantarellen.se\/#\/schema\/logo\/image\/\"}}]}<\/script>\n<!-- \/ Yoast SEO plugin. -->","yoast_head_json":{"title":"Villkor - EllenKantarellen","robots":{"index":"index","follow":"follow","max-snippet":"max-snippet:-1","max-image-preview":"max-image-preview:large","max-video-preview":"max-video-preview:-1"},"canonical":"https:\/\/www.ellenkantarellen.se\/en\/villkor\/","og_locale":"en_GB","og_type":"article","og_title":"Villkor - EllenKantarellen","og_description":"K\u00f6pvillkor Ellenkantarellen ansvarar f\u00f6r de personuppgifter som samlas in via webbplatsen. Vi samlar endast in personuppgifter som du sj\u00e4lv l\u00e4mnar till oss n\u00e4r du registrerar dig, fyller i formul\u00e4r, skickar e-post, g\u00f6r f\u00f6rfr\u00e5gningar etc. Uppgifterna behandlas i syfte att leverera den efterfr\u00e5gade tj\u00e4nsten eller om lagen kr\u00e4ver det. Du har r\u00e4tt att n\u00e4r som helst [...]","og_url":"https:\/\/www.ellenkantarellen.se\/en\/villkor\/","og_site_name":"EllenKantarellen","article_modified_time":"2024-05-27T17:22:07+00:00","twitter_card":"summary_large_image","twitter_misc":{"Estimated reading time":"2 minutes"},"schema":{"@context":"https:\/\/schema.org","@graph":[{"@type":"WebPage","@id":"https:\/\/www.ellenkantarellen.se\/villkor\/","url":"https:\/\/www.ellenkantarellen.se\/villkor\/","name":"Villkor - EllenKantarellen","isPartOf":{"@id":"https:\/\/www.ellenkantarellen.se\/#website"},"datePublished":"2020-12-12T12:46:52+00:00","dateModified":"2024-05-27T17:22:07+00:00","breadcrumb":{"@id":"https:\/\/www.ellenkantarellen.se\/villkor\/#breadcrumb"},"inLanguage":"en-GB","potentialAction":[{"@type":"ReadAction","target":["https:\/\/www.ellenkantarellen.se\/villkor\/"]}]},{"@type":"BreadcrumbList","@id":"https:\/\/www.ellenkantarellen.se\/villkor\/#breadcrumb","itemListElement":[{"@type":"ListItem","position":1,"name":"Hem","item":"https:\/\/www.ellenkantarellen.se\/"},{"@type":"ListItem","position":2,"name":"Villkor"}]},{"@type":"WebSite","@id":"https:\/\/www.ellenkantarellen.se\/#website","url":"https:\/\/www.ellenkantarellen.se\/","name":"EllenKantarellen","description":"","publisher":{"@id":"https:\/\/www.ellenkantarellen.se\/#organization"},"potentialAction":[{"@type":"SearchAction","target":{"@type":"EntryPoint","urlTemplate":"https:\/\/www.ellenkantarellen.se\/?s={search_term_string}"},"query-input":{"@type":"PropertyValueSpecification","valueRequired":true,"valueName":"search_term_string"}}],"inLanguage":"en-GB"},{"@type":"Organization","@id":"https:\/\/www.ellenkantarellen.se\/#organization","name":"EllenKantarellen","url":"https:\/\/www.ellenkantarellen.se\/","logo":{"@type":"ImageObject","inLanguage":"en-GB","@id":"https:\/\/www.ellenkantarellen.se\/#\/schema\/logo\/image\/","url":"https:\/\/www.ellenkantarellen.se\/wp-content\/uploads\/2021\/09\/ek2.png","contentUrl":"https:\/\/www.ellenkantarellen.se\/wp-content\/uploads\/2021\/09\/ek2.png","width":2232,"height":508,"caption":"EllenKantarellen"},"image":{"@id":"https:\/\/www.ellenkantarellen.se\/#\/schema\/logo\/image\/"}}]}},"_links":{"self":[{"href":"https:\/\/www.ellenkantarellen.se\/en\/wp-json\/wp\/v2\/pages\/1197","targetHints":{"allow":["GET"]}}],"collection":[{"href":"https:\/\/www.ellenkantarellen.se\/en\/wp-json\/wp\/v2\/pages"}],"about":[{"href":"https:\/\/www.ellenkantarellen.se\/en\/wp-json\/wp\/v2\/types\/page"}],"author":[{"embeddable":true,"href":"https:\/\/www.ellenkantarellen.se\/en\/wp-json\/wp\/v2\/users\/2"}],"replies":[{"embeddable":true,"href":"https:\/\/www.ellenkantarellen.se\/en\/wp-json\/wp\/v2\/comments?post=1197"}],"version-history":[{"count":3,"href":"https:\/\/www.ellenkantarellen.se\/en\/wp-json\/wp\/v2\/pages\/1197\/revisions"}],"predecessor-version":[{"id":13029,"href":"https:\/\/www.ellenkantarellen.se\/en\/wp-json\/wp\/v2\/pages\/1197\/revisions\/13029"}],"wp:attachment":[{"href":"https:\/\/www.ellenkantarellen.se\/en\/wp-json\/wp\/v2\/media?parent=1197"}],"curies":[{"name":"wp","href":"https:\/\/api.w.org\/{rel}","templated":true}]}}