{"id":11440,"date":"2024-01-19T16:37:47","date_gmt":"2024-01-19T15:37:47","guid":{"rendered":"https:\/\/www.ellenkantarellen.se\/?post_type=product&#038;p=11440"},"modified":"2026-01-11T10:10:00","modified_gmt":"2026-01-11T09:10:00","slug":"virkmonster-glasunderlagg-alla-hjartans-nalle","status":"publish","type":"product","link":"https:\/\/www.ellenkantarellen.se\/en\/produkt\/virkmonster-glasunderlagg-alla-hjartans-nalle\/","title":{"rendered":"Heart Bear Coaster crochet pattern"},"content":{"rendered":"<p>Pattern for super cute crocheted Heart Bear coasters with basket! Great for your favorite coffee mug or as the perfect gift! A pattern that suits both beginners and those with a little experience!<\/p>","protected":false},"excerpt":{"rendered":"<p>Supercute Crochet pattern Heart Bear Coasters with Basket!\u00a0 <strong><em>After payment you can instantly download your new pattern! You get an email with a link to the pattern.<\/em><\/strong><\/p>","protected":false},"featured_media":11441,"comment_status":"open","ping_status":"closed","template":"","meta":[],"product_brand":[],"product_cat":[859],"product_tag":[435,790,720,519,345,789,326,344],"class_list":{"0":"post-11440","1":"product","2":"type-product","3":"status-publish","4":"has-post-thumbnail","6":"product_cat-alla-hjartans-dag","7":"product_tag-virkad-nalle","8":"product_tag-virkade-glasunderlagg","9":"product_tag-virkade-underlagg","10":"product_tag-virkat-hjarta","11":"product_tag-virkmonster-alla-hjartans-dag","12":"product_tag-virkmonster-glasunderlagg","13":"product_tag-virkmonster-hjarta","14":"product_tag-virkmonster-nalle","16":"first","17":"instock","18":"downloadable","19":"virtual","20":"sold-individually","21":"taxable","22":"purchasable","23":"product-type-simple"},"bundled_by":[],"bundle_stock_status":"instock","bundle_stock_quantity":null,"bundle_virtual":false,"bundle_layout":"","bundle_add_to_cart_form_location":"","bundle_editable_in_cart":false,"bundle_sold_individually_context":"","bundle_item_grouping":"","bundle_min_size":"","bundle_max_size":"","bundle_price":[],"bundled_items":[],"bundle_sell_ids":[],"yoast_head":"<!-- This site is optimized with the Yoast SEO plugin v27.0 - https:\/\/yoast.com\/product\/yoast-seo-wordpress\/ -->\n<title>Virkm\u00f6nster Glasunderl\u00e4gg Alla Hj\u00e4rtans Nalle - EllenKantarellen<\/title>\n<meta name=\"description\" content=\"M\u00f6nster p\u00e5 supers\u00f6ta virkade Alla Hj\u00e4rtans Nalle Glasunderl\u00e4gg med korg! Den perfekta presenten till dina favoritpersoner p\u00e5 Alla Hj\u00e4rtans dag!\" \/>\n<meta name=\"robots\" content=\"index, follow, max-snippet:-1, max-image-preview:large, max-video-preview:-1\" \/>\n<link rel=\"canonical\" href=\"https:\/\/www.ellenkantarellen.se\/en\/product-2\/virkmonster-glasunderlagg-alla-hjartans-nalle\/\" \/>\n<meta property=\"og:locale\" content=\"en_GB\" \/>\n<meta property=\"og:type\" content=\"article\" \/>\n<meta property=\"og:title\" content=\"Virkm\u00f6nster Glasunderl\u00e4gg Alla Hj\u00e4rtans Nalle - EllenKantarellen\" \/>\n<meta property=\"og:description\" content=\"M\u00f6nster p\u00e5 supers\u00f6ta virkade Alla Hj\u00e4rtans Nalle Glasunderl\u00e4gg med korg! Den perfekta presenten till dina favoritpersoner p\u00e5 Alla Hj\u00e4rtans dag!\" \/>\n<meta property=\"og:url\" content=\"https:\/\/www.ellenkantarellen.se\/en\/product-2\/virkmonster-glasunderlagg-alla-hjartans-nalle\/\" \/>\n<meta property=\"og:site_name\" content=\"EllenKantarellen\" \/>\n<meta property=\"article:modified_time\" content=\"2026-01-11T09:10:00+00:00\" \/>\n<meta property=\"og:image\" content=\"https:\/\/www.ellenkantarellen.se\/wp-content\/uploads\/2024\/01\/Foto-2024-01-16-18-49-46.jpg\" \/>\n\t<meta property=\"og:image:width\" content=\"960\" \/>\n\t<meta property=\"og:image:height\" content=\"1280\" \/>\n\t<meta property=\"og:image:type\" content=\"image\/jpeg\" \/>\n<meta name=\"twitter:card\" content=\"summary_large_image\" \/>\n<meta name=\"twitter:label1\" content=\"Estimated reading time\" \/>\n\t<meta name=\"twitter:data1\" content=\"1 minute\" \/>\n<script type=\"application\/ld+json\" class=\"yoast-schema-graph\">{\"@context\":\"https:\/\/schema.org\",\"@graph\":[{\"@type\":\"WebPage\",\"@id\":\"https:\/\/www.ellenkantarellen.se\/produkt\/virkmonster-glasunderlagg-alla-hjartans-nalle\/\",\"url\":\"https:\/\/www.ellenkantarellen.se\/produkt\/virkmonster-glasunderlagg-alla-hjartans-nalle\/\",\"name\":\"Virkm\u00f6nster Glasunderl\u00e4gg Alla Hj\u00e4rtans Nalle - EllenKantarellen\",\"isPartOf\":{\"@id\":\"https:\/\/www.ellenkantarellen.se\/#website\"},\"primaryImageOfPage\":{\"@id\":\"https:\/\/www.ellenkantarellen.se\/produkt\/virkmonster-glasunderlagg-alla-hjartans-nalle\/#primaryimage\"},\"image\":{\"@id\":\"https:\/\/www.ellenkantarellen.se\/produkt\/virkmonster-glasunderlagg-alla-hjartans-nalle\/#primaryimage\"},\"thumbnailUrl\":\"https:\/\/www.ellenkantarellen.se\/wp-content\/uploads\/2024\/01\/Foto-2024-01-16-18-49-46.jpg\",\"datePublished\":\"2024-01-19T15:37:47+00:00\",\"dateModified\":\"2026-01-11T09:10:00+00:00\",\"description\":\"M\u00f6nster p\u00e5 supers\u00f6ta virkade Alla Hj\u00e4rtans Nalle Glasunderl\u00e4gg med korg! Den perfekta presenten till dina favoritpersoner p\u00e5 Alla Hj\u00e4rtans dag!\",\"breadcrumb\":{\"@id\":\"https:\/\/www.ellenkantarellen.se\/produkt\/virkmonster-glasunderlagg-alla-hjartans-nalle\/#breadcrumb\"},\"inLanguage\":\"en-GB\",\"potentialAction\":[{\"@type\":\"ReadAction\",\"target\":[\"https:\/\/www.ellenkantarellen.se\/produkt\/virkmonster-glasunderlagg-alla-hjartans-nalle\/\"]}]},{\"@type\":\"ImageObject\",\"inLanguage\":\"en-GB\",\"@id\":\"https:\/\/www.ellenkantarellen.se\/produkt\/virkmonster-glasunderlagg-alla-hjartans-nalle\/#primaryimage\",\"url\":\"https:\/\/www.ellenkantarellen.se\/wp-content\/uploads\/2024\/01\/Foto-2024-01-16-18-49-46.jpg\",\"contentUrl\":\"https:\/\/www.ellenkantarellen.se\/wp-content\/uploads\/2024\/01\/Foto-2024-01-16-18-49-46.jpg\",\"width\":960,\"height\":1280},{\"@type\":\"BreadcrumbList\",\"@id\":\"https:\/\/www.ellenkantarellen.se\/produkt\/virkmonster-glasunderlagg-alla-hjartans-nalle\/#breadcrumb\",\"itemListElement\":[{\"@type\":\"ListItem\",\"position\":1,\"name\":\"Hem\",\"item\":\"https:\/\/www.ellenkantarellen.se\/\"},{\"@type\":\"ListItem\",\"position\":2,\"name\":\"Aff\u00e4r\",\"item\":\"https:\/\/www.ellenkantarellen.se\/affar\/\"},{\"@type\":\"ListItem\",\"position\":3,\"name\":\"Virkm\u00f6nster Glasunderl\u00e4gg Alla Hj\u00e4rtans Nalle\"}]},{\"@type\":\"WebSite\",\"@id\":\"https:\/\/www.ellenkantarellen.se\/#website\",\"url\":\"https:\/\/www.ellenkantarellen.se\/\",\"name\":\"EllenKantarellen\",\"description\":\"\",\"publisher\":{\"@id\":\"https:\/\/www.ellenkantarellen.se\/#organization\"},\"potentialAction\":[{\"@type\":\"SearchAction\",\"target\":{\"@type\":\"EntryPoint\",\"urlTemplate\":\"https:\/\/www.ellenkantarellen.se\/?s={search_term_string}\"},\"query-input\":{\"@type\":\"PropertyValueSpecification\",\"valueRequired\":true,\"valueName\":\"search_term_string\"}}],\"inLanguage\":\"en-GB\"},{\"@type\":\"Organization\",\"@id\":\"https:\/\/www.ellenkantarellen.se\/#organization\",\"name\":\"EllenKantarellen\",\"url\":\"https:\/\/www.ellenkantarellen.se\/\",\"logo\":{\"@type\":\"ImageObject\",\"inLanguage\":\"en-GB\",\"@id\":\"https:\/\/www.ellenkantarellen.se\/#\/schema\/logo\/image\/\",\"url\":\"https:\/\/www.ellenkantarellen.se\/wp-content\/uploads\/2021\/09\/ek2.png\",\"contentUrl\":\"https:\/\/www.ellenkantarellen.se\/wp-content\/uploads\/2021\/09\/ek2.png\",\"width\":2232,\"height\":508,\"caption\":\"EllenKantarellen\"},\"image\":{\"@id\":\"https:\/\/www.ellenkantarellen.se\/#\/schema\/logo\/image\/\"}}]}<\/script>\n<!-- \/ Yoast SEO plugin. -->","yoast_head_json":{"title":"Virkm\u00f6nster Glasunderl\u00e4gg Alla Hj\u00e4rtans Nalle - EllenKantarellen","description":"M\u00f6nster p\u00e5 supers\u00f6ta virkade Alla Hj\u00e4rtans Nalle Glasunderl\u00e4gg med korg! Den perfekta presenten till dina favoritpersoner p\u00e5 Alla Hj\u00e4rtans dag!","robots":{"index":"index","follow":"follow","max-snippet":"max-snippet:-1","max-image-preview":"max-image-preview:large","max-video-preview":"max-video-preview:-1"},"canonical":"https:\/\/www.ellenkantarellen.se\/en\/product-2\/virkmonster-glasunderlagg-alla-hjartans-nalle\/","og_locale":"en_GB","og_type":"article","og_title":"Virkm\u00f6nster Glasunderl\u00e4gg Alla Hj\u00e4rtans Nalle - EllenKantarellen","og_description":"M\u00f6nster p\u00e5 supers\u00f6ta virkade Alla Hj\u00e4rtans Nalle Glasunderl\u00e4gg med korg! Den perfekta presenten till dina favoritpersoner p\u00e5 Alla Hj\u00e4rtans dag!","og_url":"https:\/\/www.ellenkantarellen.se\/en\/product-2\/virkmonster-glasunderlagg-alla-hjartans-nalle\/","og_site_name":"EllenKantarellen","article_modified_time":"2026-01-11T09:10:00+00:00","og_image":[{"width":960,"height":1280,"url":"https:\/\/www.ellenkantarellen.se\/wp-content\/uploads\/2024\/01\/Foto-2024-01-16-18-49-46.jpg","type":"image\/jpeg"}],"twitter_card":"summary_large_image","twitter_misc":{"Estimated reading time":"1 minute"},"schema":{"@context":"https:\/\/schema.org","@graph":[{"@type":"WebPage","@id":"https:\/\/www.ellenkantarellen.se\/produkt\/virkmonster-glasunderlagg-alla-hjartans-nalle\/","url":"https:\/\/www.ellenkantarellen.se\/produkt\/virkmonster-glasunderlagg-alla-hjartans-nalle\/","name":"Virkm\u00f6nster Glasunderl\u00e4gg Alla Hj\u00e4rtans Nalle - EllenKantarellen","isPartOf":{"@id":"https:\/\/www.ellenkantarellen.se\/#website"},"primaryImageOfPage":{"@id":"https:\/\/www.ellenkantarellen.se\/produkt\/virkmonster-glasunderlagg-alla-hjartans-nalle\/#primaryimage"},"image":{"@id":"https:\/\/www.ellenkantarellen.se\/produkt\/virkmonster-glasunderlagg-alla-hjartans-nalle\/#primaryimage"},"thumbnailUrl":"https:\/\/www.ellenkantarellen.se\/wp-content\/uploads\/2024\/01\/Foto-2024-01-16-18-49-46.jpg","datePublished":"2024-01-19T15:37:47+00:00","dateModified":"2026-01-11T09:10:00+00:00","description":"M\u00f6nster p\u00e5 supers\u00f6ta virkade Alla Hj\u00e4rtans Nalle Glasunderl\u00e4gg med korg! Den perfekta presenten till dina favoritpersoner p\u00e5 Alla Hj\u00e4rtans dag!","breadcrumb":{"@id":"https:\/\/www.ellenkantarellen.se\/produkt\/virkmonster-glasunderlagg-alla-hjartans-nalle\/#breadcrumb"},"inLanguage":"en-GB","potentialAction":[{"@type":"ReadAction","target":["https:\/\/www.ellenkantarellen.se\/produkt\/virkmonster-glasunderlagg-alla-hjartans-nalle\/"]}]},{"@type":"ImageObject","inLanguage":"en-GB","@id":"https:\/\/www.ellenkantarellen.se\/produkt\/virkmonster-glasunderlagg-alla-hjartans-nalle\/#primaryimage","url":"https:\/\/www.ellenkantarellen.se\/wp-content\/uploads\/2024\/01\/Foto-2024-01-16-18-49-46.jpg","contentUrl":"https:\/\/www.ellenkantarellen.se\/wp-content\/uploads\/2024\/01\/Foto-2024-01-16-18-49-46.jpg","width":960,"height":1280},{"@type":"BreadcrumbList","@id":"https:\/\/www.ellenkantarellen.se\/produkt\/virkmonster-glasunderlagg-alla-hjartans-nalle\/#breadcrumb","itemListElement":[{"@type":"ListItem","position":1,"name":"Hem","item":"https:\/\/www.ellenkantarellen.se\/"},{"@type":"ListItem","position":2,"name":"Aff\u00e4r","item":"https:\/\/www.ellenkantarellen.se\/affar\/"},{"@type":"ListItem","position":3,"name":"Virkm\u00f6nster Glasunderl\u00e4gg Alla Hj\u00e4rtans Nalle"}]},{"@type":"WebSite","@id":"https:\/\/www.ellenkantarellen.se\/#website","url":"https:\/\/www.ellenkantarellen.se\/","name":"EllenKantarellen","description":"","publisher":{"@id":"https:\/\/www.ellenkantarellen.se\/#organization"},"potentialAction":[{"@type":"SearchAction","target":{"@type":"EntryPoint","urlTemplate":"https:\/\/www.ellenkantarellen.se\/?s={search_term_string}"},"query-input":{"@type":"PropertyValueSpecification","valueRequired":true,"valueName":"search_term_string"}}],"inLanguage":"en-GB"},{"@type":"Organization","@id":"https:\/\/www.ellenkantarellen.se\/#organization","name":"EllenKantarellen","url":"https:\/\/www.ellenkantarellen.se\/","logo":{"@type":"ImageObject","inLanguage":"en-GB","@id":"https:\/\/www.ellenkantarellen.se\/#\/schema\/logo\/image\/","url":"https:\/\/www.ellenkantarellen.se\/wp-content\/uploads\/2021\/09\/ek2.png","contentUrl":"https:\/\/www.ellenkantarellen.se\/wp-content\/uploads\/2021\/09\/ek2.png","width":2232,"height":508,"caption":"EllenKantarellen"},"image":{"@id":"https:\/\/www.ellenkantarellen.se\/#\/schema\/logo\/image\/"}}]}},"_links":{"self":[{"href":"https:\/\/www.ellenkantarellen.se\/en\/wp-json\/wp\/v2\/product\/11440","targetHints":{"allow":["GET"]}}],"collection":[{"href":"https:\/\/www.ellenkantarellen.se\/en\/wp-json\/wp\/v2\/product"}],"about":[{"href":"https:\/\/www.ellenkantarellen.se\/en\/wp-json\/wp\/v2\/types\/product"}],"replies":[{"embeddable":true,"href":"https:\/\/www.ellenkantarellen.se\/en\/wp-json\/wp\/v2\/comments?post=11440"}],"wp:featuredmedia":[{"embeddable":true,"href":"https:\/\/www.ellenkantarellen.se\/en\/wp-json\/wp\/v2\/media\/11441"}],"wp:attachment":[{"href":"https:\/\/www.ellenkantarellen.se\/en\/wp-json\/wp\/v2\/media?parent=11440"}],"wp:term":[{"taxonomy":"product_brand","embeddable":true,"href":"https:\/\/www.ellenkantarellen.se\/en\/wp-json\/wp\/v2\/product_brand?post=11440"},{"taxonomy":"product_cat","embeddable":true,"href":"https:\/\/www.ellenkantarellen.se\/en\/wp-json\/wp\/v2\/product_cat?post=11440"},{"taxonomy":"product_tag","embeddable":true,"href":"https:\/\/www.ellenkantarellen.se\/en\/wp-json\/wp\/v2\/product_tag?post=11440"}],"curies":[{"name":"wp","href":"https:\/\/api.w.org\/{rel}","templated":true}]}}