{"id":11773,"date":"2024-02-13T15:32:27","date_gmt":"2024-02-13T14:32:27","guid":{"rendered":"https:\/\/www.ellenkantarellen.se\/?post_type=product&#038;p=11773"},"modified":"2025-12-02T07:24:50","modified_gmt":"2025-12-02T06:24:50","slug":"virkmonster-tre-i-rad-spel-alla-hjartans-dag","status":"publish","type":"product","link":"https:\/\/www.ellenkantarellen.se\/en\/produkt\/virkmonster-tre-i-rad-spel-alla-hjartans-dag\/","title":{"rendered":"Valentines Tic tac toe with Frogs and Bears Crochet Pattern"},"content":{"rendered":"<p>Pattern for Super Cute Crochet Tic Tac Toe game with Frogs and Bears and game board! The playing field will be approximately 22 cm\/8.66 in and the figures approximately 6-8 cm\/2.36-3.14 in high. Best family game - first to three wins! A pattern that suits both beginners and experienced!<\/p>","protected":false},"excerpt":{"rendered":"<p>Pattern with crochet Valentines Tic tac toe, Three in a Row game with super cute Frogs &amp; Bears! <strong><em>After payment you can instantly download your new pattern! You get an email with a link to the pattern.<\/em><\/strong><\/p>","protected":false},"featured_media":11777,"comment_status":"open","ping_status":"closed","template":"","meta":[],"product_brand":[],"product_cat":[859,302],"product_tag":[603,604,602,345,883,344],"class_list":{"0":"post-11773","1":"product","2":"type-product","3":"status-publish","4":"has-post-thumbnail","6":"product_cat-alla-hjartans-dag","7":"product_cat-leksaksmonster","8":"product_tag-monster-virkat-spel","9":"product_tag-monster-virkat-till-barn","10":"product_tag-monster-virkat-tre-i-rad","11":"product_tag-virkmonster-alla-hjartans-dag","12":"product_tag-virkmonster-groda","13":"product_tag-virkmonster-nalle","15":"first","16":"instock","17":"downloadable","18":"virtual","19":"sold-individually","20":"taxable","21":"purchasable","22":"product-type-simple"},"bundled_by":[],"bundle_stock_status":"instock","bundle_stock_quantity":null,"bundle_virtual":false,"bundle_layout":"","bundle_add_to_cart_form_location":"","bundle_editable_in_cart":false,"bundle_sold_individually_context":"","bundle_item_grouping":"","bundle_min_size":"","bundle_max_size":"","bundle_price":[],"bundled_items":[],"bundle_sell_ids":[],"yoast_head":"<!-- This site is optimized with the Yoast SEO plugin v27.0 - https:\/\/yoast.com\/product\/yoast-seo-wordpress\/ -->\n<title>Virkm\u00f6nster Tre i Rad spel Alla Hj\u00e4rtans dag - EllenKantarellen<\/title>\n<meta name=\"description\" content=\"M\u00f6nster p\u00e5 virkat Supers\u00f6tt Tre i Rad spel med gullig isbj\u00f6rn som h\u00e5ller i ett hj\u00e4rta, busig groda samt pelplan! F\u00f6rst till tre vinner!\" \/>\n<meta name=\"robots\" content=\"index, follow, max-snippet:-1, max-image-preview:large, max-video-preview:-1\" \/>\n<link rel=\"canonical\" href=\"https:\/\/www.ellenkantarellen.se\/en\/product-2\/virkmonster-tre-i-rad-spel-alla-hjartans-dag\/\" \/>\n<meta property=\"og:locale\" content=\"en_GB\" \/>\n<meta property=\"og:type\" content=\"article\" \/>\n<meta property=\"og:title\" content=\"Virkm\u00f6nster Tre i Rad spel Alla Hj\u00e4rtans dag - EllenKantarellen\" \/>\n<meta property=\"og:description\" content=\"M\u00f6nster p\u00e5 virkat Supers\u00f6tt Tre i Rad spel med gullig isbj\u00f6rn som h\u00e5ller i ett hj\u00e4rta, busig groda samt pelplan! F\u00f6rst till tre vinner!\" \/>\n<meta property=\"og:url\" content=\"https:\/\/www.ellenkantarellen.se\/en\/product-2\/virkmonster-tre-i-rad-spel-alla-hjartans-dag\/\" \/>\n<meta property=\"og:site_name\" content=\"EllenKantarellen\" \/>\n<meta property=\"article:modified_time\" content=\"2025-12-02T06:24:50+00:00\" \/>\n<meta property=\"og:image\" content=\"https:\/\/www.ellenkantarellen.se\/wp-content\/uploads\/2024\/02\/IMG_2427.jpg\" \/>\n\t<meta property=\"og:image:width\" content=\"1050\" \/>\n\t<meta property=\"og:image:height\" content=\"1400\" \/>\n\t<meta property=\"og:image:type\" content=\"image\/jpeg\" \/>\n<meta name=\"twitter:card\" content=\"summary_large_image\" \/>\n<meta name=\"twitter:label1\" content=\"Estimated reading time\" \/>\n\t<meta name=\"twitter:data1\" content=\"1 minute\" \/>\n<script type=\"application\/ld+json\" class=\"yoast-schema-graph\">{\"@context\":\"https:\/\/schema.org\",\"@graph\":[{\"@type\":\"WebPage\",\"@id\":\"https:\/\/www.ellenkantarellen.se\/produkt\/virkmonster-tre-i-rad-spel-alla-hjartans-dag\/\",\"url\":\"https:\/\/www.ellenkantarellen.se\/produkt\/virkmonster-tre-i-rad-spel-alla-hjartans-dag\/\",\"name\":\"Virkm\u00f6nster Tre i Rad spel Alla Hj\u00e4rtans dag - EllenKantarellen\",\"isPartOf\":{\"@id\":\"https:\/\/www.ellenkantarellen.se\/#website\"},\"primaryImageOfPage\":{\"@id\":\"https:\/\/www.ellenkantarellen.se\/produkt\/virkmonster-tre-i-rad-spel-alla-hjartans-dag\/#primaryimage\"},\"image\":{\"@id\":\"https:\/\/www.ellenkantarellen.se\/produkt\/virkmonster-tre-i-rad-spel-alla-hjartans-dag\/#primaryimage\"},\"thumbnailUrl\":\"https:\/\/www.ellenkantarellen.se\/wp-content\/uploads\/2024\/02\/IMG_2427.jpg\",\"datePublished\":\"2024-02-13T14:32:27+00:00\",\"dateModified\":\"2025-12-02T06:24:50+00:00\",\"description\":\"M\u00f6nster p\u00e5 virkat Supers\u00f6tt Tre i Rad spel med gullig isbj\u00f6rn som h\u00e5ller i ett hj\u00e4rta, busig groda samt pelplan! F\u00f6rst till tre vinner!\",\"breadcrumb\":{\"@id\":\"https:\/\/www.ellenkantarellen.se\/produkt\/virkmonster-tre-i-rad-spel-alla-hjartans-dag\/#breadcrumb\"},\"inLanguage\":\"en-GB\",\"potentialAction\":[{\"@type\":\"ReadAction\",\"target\":[\"https:\/\/www.ellenkantarellen.se\/produkt\/virkmonster-tre-i-rad-spel-alla-hjartans-dag\/\"]}]},{\"@type\":\"ImageObject\",\"inLanguage\":\"en-GB\",\"@id\":\"https:\/\/www.ellenkantarellen.se\/produkt\/virkmonster-tre-i-rad-spel-alla-hjartans-dag\/#primaryimage\",\"url\":\"https:\/\/www.ellenkantarellen.se\/wp-content\/uploads\/2024\/02\/IMG_2427.jpg\",\"contentUrl\":\"https:\/\/www.ellenkantarellen.se\/wp-content\/uploads\/2024\/02\/IMG_2427.jpg\",\"width\":1050,\"height\":1400},{\"@type\":\"BreadcrumbList\",\"@id\":\"https:\/\/www.ellenkantarellen.se\/produkt\/virkmonster-tre-i-rad-spel-alla-hjartans-dag\/#breadcrumb\",\"itemListElement\":[{\"@type\":\"ListItem\",\"position\":1,\"name\":\"Hem\",\"item\":\"https:\/\/www.ellenkantarellen.se\/\"},{\"@type\":\"ListItem\",\"position\":2,\"name\":\"Aff\u00e4r\",\"item\":\"https:\/\/www.ellenkantarellen.se\/affar\/\"},{\"@type\":\"ListItem\",\"position\":3,\"name\":\"Virkm\u00f6nster Tre i Rad spel Alla Hj\u00e4rtans dag\"}]},{\"@type\":\"WebSite\",\"@id\":\"https:\/\/www.ellenkantarellen.se\/#website\",\"url\":\"https:\/\/www.ellenkantarellen.se\/\",\"name\":\"EllenKantarellen\",\"description\":\"\",\"publisher\":{\"@id\":\"https:\/\/www.ellenkantarellen.se\/#organization\"},\"potentialAction\":[{\"@type\":\"SearchAction\",\"target\":{\"@type\":\"EntryPoint\",\"urlTemplate\":\"https:\/\/www.ellenkantarellen.se\/?s={search_term_string}\"},\"query-input\":{\"@type\":\"PropertyValueSpecification\",\"valueRequired\":true,\"valueName\":\"search_term_string\"}}],\"inLanguage\":\"en-GB\"},{\"@type\":\"Organization\",\"@id\":\"https:\/\/www.ellenkantarellen.se\/#organization\",\"name\":\"EllenKantarellen\",\"url\":\"https:\/\/www.ellenkantarellen.se\/\",\"logo\":{\"@type\":\"ImageObject\",\"inLanguage\":\"en-GB\",\"@id\":\"https:\/\/www.ellenkantarellen.se\/#\/schema\/logo\/image\/\",\"url\":\"https:\/\/www.ellenkantarellen.se\/wp-content\/uploads\/2021\/09\/ek2.png\",\"contentUrl\":\"https:\/\/www.ellenkantarellen.se\/wp-content\/uploads\/2021\/09\/ek2.png\",\"width\":2232,\"height\":508,\"caption\":\"EllenKantarellen\"},\"image\":{\"@id\":\"https:\/\/www.ellenkantarellen.se\/#\/schema\/logo\/image\/\"}}]}<\/script>\n<!-- \/ Yoast SEO plugin. -->","yoast_head_json":{"title":"Virkm\u00f6nster Tre i Rad spel Alla Hj\u00e4rtans dag - EllenKantarellen","description":"M\u00f6nster p\u00e5 virkat Supers\u00f6tt Tre i Rad spel med gullig isbj\u00f6rn som h\u00e5ller i ett hj\u00e4rta, busig groda samt pelplan! F\u00f6rst till tre vinner!","robots":{"index":"index","follow":"follow","max-snippet":"max-snippet:-1","max-image-preview":"max-image-preview:large","max-video-preview":"max-video-preview:-1"},"canonical":"https:\/\/www.ellenkantarellen.se\/en\/product-2\/virkmonster-tre-i-rad-spel-alla-hjartans-dag\/","og_locale":"en_GB","og_type":"article","og_title":"Virkm\u00f6nster Tre i Rad spel Alla Hj\u00e4rtans dag - EllenKantarellen","og_description":"M\u00f6nster p\u00e5 virkat Supers\u00f6tt Tre i Rad spel med gullig isbj\u00f6rn som h\u00e5ller i ett hj\u00e4rta, busig groda samt pelplan! F\u00f6rst till tre vinner!","og_url":"https:\/\/www.ellenkantarellen.se\/en\/product-2\/virkmonster-tre-i-rad-spel-alla-hjartans-dag\/","og_site_name":"EllenKantarellen","article_modified_time":"2025-12-02T06:24:50+00:00","og_image":[{"width":1050,"height":1400,"url":"https:\/\/www.ellenkantarellen.se\/wp-content\/uploads\/2024\/02\/IMG_2427.jpg","type":"image\/jpeg"}],"twitter_card":"summary_large_image","twitter_misc":{"Estimated reading time":"1 minute"},"schema":{"@context":"https:\/\/schema.org","@graph":[{"@type":"WebPage","@id":"https:\/\/www.ellenkantarellen.se\/produkt\/virkmonster-tre-i-rad-spel-alla-hjartans-dag\/","url":"https:\/\/www.ellenkantarellen.se\/produkt\/virkmonster-tre-i-rad-spel-alla-hjartans-dag\/","name":"Virkm\u00f6nster Tre i Rad spel Alla Hj\u00e4rtans dag - EllenKantarellen","isPartOf":{"@id":"https:\/\/www.ellenkantarellen.se\/#website"},"primaryImageOfPage":{"@id":"https:\/\/www.ellenkantarellen.se\/produkt\/virkmonster-tre-i-rad-spel-alla-hjartans-dag\/#primaryimage"},"image":{"@id":"https:\/\/www.ellenkantarellen.se\/produkt\/virkmonster-tre-i-rad-spel-alla-hjartans-dag\/#primaryimage"},"thumbnailUrl":"https:\/\/www.ellenkantarellen.se\/wp-content\/uploads\/2024\/02\/IMG_2427.jpg","datePublished":"2024-02-13T14:32:27+00:00","dateModified":"2025-12-02T06:24:50+00:00","description":"M\u00f6nster p\u00e5 virkat Supers\u00f6tt Tre i Rad spel med gullig isbj\u00f6rn som h\u00e5ller i ett hj\u00e4rta, busig groda samt pelplan! F\u00f6rst till tre vinner!","breadcrumb":{"@id":"https:\/\/www.ellenkantarellen.se\/produkt\/virkmonster-tre-i-rad-spel-alla-hjartans-dag\/#breadcrumb"},"inLanguage":"en-GB","potentialAction":[{"@type":"ReadAction","target":["https:\/\/www.ellenkantarellen.se\/produkt\/virkmonster-tre-i-rad-spel-alla-hjartans-dag\/"]}]},{"@type":"ImageObject","inLanguage":"en-GB","@id":"https:\/\/www.ellenkantarellen.se\/produkt\/virkmonster-tre-i-rad-spel-alla-hjartans-dag\/#primaryimage","url":"https:\/\/www.ellenkantarellen.se\/wp-content\/uploads\/2024\/02\/IMG_2427.jpg","contentUrl":"https:\/\/www.ellenkantarellen.se\/wp-content\/uploads\/2024\/02\/IMG_2427.jpg","width":1050,"height":1400},{"@type":"BreadcrumbList","@id":"https:\/\/www.ellenkantarellen.se\/produkt\/virkmonster-tre-i-rad-spel-alla-hjartans-dag\/#breadcrumb","itemListElement":[{"@type":"ListItem","position":1,"name":"Hem","item":"https:\/\/www.ellenkantarellen.se\/"},{"@type":"ListItem","position":2,"name":"Aff\u00e4r","item":"https:\/\/www.ellenkantarellen.se\/affar\/"},{"@type":"ListItem","position":3,"name":"Virkm\u00f6nster Tre i Rad spel Alla Hj\u00e4rtans dag"}]},{"@type":"WebSite","@id":"https:\/\/www.ellenkantarellen.se\/#website","url":"https:\/\/www.ellenkantarellen.se\/","name":"EllenKantarellen","description":"","publisher":{"@id":"https:\/\/www.ellenkantarellen.se\/#organization"},"potentialAction":[{"@type":"SearchAction","target":{"@type":"EntryPoint","urlTemplate":"https:\/\/www.ellenkantarellen.se\/?s={search_term_string}"},"query-input":{"@type":"PropertyValueSpecification","valueRequired":true,"valueName":"search_term_string"}}],"inLanguage":"en-GB"},{"@type":"Organization","@id":"https:\/\/www.ellenkantarellen.se\/#organization","name":"EllenKantarellen","url":"https:\/\/www.ellenkantarellen.se\/","logo":{"@type":"ImageObject","inLanguage":"en-GB","@id":"https:\/\/www.ellenkantarellen.se\/#\/schema\/logo\/image\/","url":"https:\/\/www.ellenkantarellen.se\/wp-content\/uploads\/2021\/09\/ek2.png","contentUrl":"https:\/\/www.ellenkantarellen.se\/wp-content\/uploads\/2021\/09\/ek2.png","width":2232,"height":508,"caption":"EllenKantarellen"},"image":{"@id":"https:\/\/www.ellenkantarellen.se\/#\/schema\/logo\/image\/"}}]}},"_links":{"self":[{"href":"https:\/\/www.ellenkantarellen.se\/en\/wp-json\/wp\/v2\/product\/11773","targetHints":{"allow":["GET"]}}],"collection":[{"href":"https:\/\/www.ellenkantarellen.se\/en\/wp-json\/wp\/v2\/product"}],"about":[{"href":"https:\/\/www.ellenkantarellen.se\/en\/wp-json\/wp\/v2\/types\/product"}],"replies":[{"embeddable":true,"href":"https:\/\/www.ellenkantarellen.se\/en\/wp-json\/wp\/v2\/comments?post=11773"}],"wp:featuredmedia":[{"embeddable":true,"href":"https:\/\/www.ellenkantarellen.se\/en\/wp-json\/wp\/v2\/media\/11777"}],"wp:attachment":[{"href":"https:\/\/www.ellenkantarellen.se\/en\/wp-json\/wp\/v2\/media?parent=11773"}],"wp:term":[{"taxonomy":"product_brand","embeddable":true,"href":"https:\/\/www.ellenkantarellen.se\/en\/wp-json\/wp\/v2\/product_brand?post=11773"},{"taxonomy":"product_cat","embeddable":true,"href":"https:\/\/www.ellenkantarellen.se\/en\/wp-json\/wp\/v2\/product_cat?post=11773"},{"taxonomy":"product_tag","embeddable":true,"href":"https:\/\/www.ellenkantarellen.se\/en\/wp-json\/wp\/v2\/product_tag?post=11773"}],"curies":[{"name":"wp","href":"https:\/\/api.w.org\/{rel}","templated":true}]}}