{"id":13459,"date":"2024-07-17T10:55:19","date_gmt":"2024-07-17T08:55:19","guid":{"rendered":"https:\/\/www.ellenkantarellen.se\/?post_type=product&#038;p=13459"},"modified":"2025-12-02T07:19:04","modified_gmt":"2025-12-02T06:19:04","slug":"monster-virkad-mobilvaska-sunny","status":"publish","type":"product","link":"https:\/\/www.ellenkantarellen.se\/en\/produkt\/monster-virkad-mobilvaska-sunny\/","title":{"rendered":"M\u00f6nster virkad Mobilv\u00e4ska Sunny"},"content":{"rendered":"<p>M\u00f6nster p\u00e5 superfin virkad mobilv\u00e4ska med mormorsruta med blomma\/solros. En fantastiskt rolig v\u00e4ska att virka som g\u00e5r att variera o\u00e4ndligt!<\/p>\n<p>&nbsp;<\/p>","protected":false},"excerpt":{"rendered":"<p><em>M\u00f6nster p\u00e5 supers\u00f6ta virkade Mobilv\u00e4skan Sunny! <\/em><strong><em>After payment you can instantly download your new pattern! You get an email with a link to the pattern.<\/em><\/strong><\/p>","protected":false},"featured_media":13491,"comment_status":"open","ping_status":"closed","template":"","meta":[],"product_brand":[],"product_cat":[458,907],"product_tag":[681,679,680,676,674,675,682,228,678,677],"class_list":{"0":"post-13459","1":"product","2":"type-product","3":"status-publish","4":"has-post-thumbnail","6":"product_cat-ovriga-monster","7":"product_cat-sommar-studenten","8":"product_tag-mobilvaska","9":"product_tag-monster-mobilfodral","10":"product_tag-monster-mobilvaska","11":"product_tag-monster-virkad-mobilvaska","12":"product_tag-virkad-mobilvaska","13":"product_tag-virkat-mobilfodral","14":"product_tag-virkat-till-hemmet","15":"product_tag-virkmonster","16":"product_tag-virkmonster-mobilfodral","17":"product_tag-virkmonster-mobilvaska","19":"first","20":"instock","21":"downloadable","22":"virtual","23":"sold-individually","24":"taxable","25":"purchasable","26":"product-type-simple"},"bundled_by":[],"bundle_stock_status":"instock","bundle_stock_quantity":null,"bundle_virtual":false,"bundle_layout":"","bundle_add_to_cart_form_location":"","bundle_editable_in_cart":false,"bundle_sold_individually_context":"","bundle_item_grouping":"","bundle_min_size":"","bundle_max_size":"","bundle_price":[],"bundled_items":[],"bundle_sell_ids":[],"yoast_head":"<!-- This site is optimized with the Yoast SEO plugin v27.0 - https:\/\/yoast.com\/product\/yoast-seo-wordpress\/ -->\n<title>M\u00f6nster virkad Mobilv\u00e4ska Sunny - EllenKantarellen<\/title>\n<meta name=\"description\" content=\"M\u00f6nster p\u00e5 superfin virkad mobilv\u00e4ska med mormorsruta med blomma\/solros. En fantastiskt rolig v\u00e4ska att virka som g\u00e5r att variera o\u00e4ndligt!\" \/>\n<meta name=\"robots\" content=\"index, follow, max-snippet:-1, max-image-preview:large, max-video-preview:-1\" \/>\n<link rel=\"canonical\" href=\"https:\/\/www.ellenkantarellen.se\/en\/product-2\/monster-virkad-mobilvaska-sunny\/\" \/>\n<meta property=\"og:locale\" content=\"en_GB\" \/>\n<meta property=\"og:type\" content=\"article\" \/>\n<meta property=\"og:title\" content=\"M\u00f6nster virkad Mobilv\u00e4ska Sunny - EllenKantarellen\" \/>\n<meta property=\"og:description\" content=\"M\u00f6nster p\u00e5 superfin virkad mobilv\u00e4ska med mormorsruta med blomma\/solros. En fantastiskt rolig v\u00e4ska att virka som g\u00e5r att variera o\u00e4ndligt!\" \/>\n<meta property=\"og:url\" content=\"https:\/\/www.ellenkantarellen.se\/en\/product-2\/monster-virkad-mobilvaska-sunny\/\" \/>\n<meta property=\"og:site_name\" content=\"EllenKantarellen\" \/>\n<meta property=\"article:modified_time\" content=\"2025-12-02T06:19:04+00:00\" \/>\n<meta property=\"og:image\" content=\"https:\/\/www.ellenkantarellen.se\/wp-content\/uploads\/2024\/07\/6F6E64AC-80A0-4F5C-A32E-883356D2DCFF.jpg\" \/>\n\t<meta property=\"og:image:width\" content=\"2048\" \/>\n\t<meta property=\"og:image:height\" content=\"2048\" \/>\n\t<meta property=\"og:image:type\" content=\"image\/jpeg\" \/>\n<meta name=\"twitter:card\" content=\"summary_large_image\" \/>\n<meta name=\"twitter:label1\" content=\"Estimated reading time\" \/>\n\t<meta name=\"twitter:data1\" content=\"1 minute\" \/>\n<script type=\"application\/ld+json\" class=\"yoast-schema-graph\">{\"@context\":\"https:\/\/schema.org\",\"@graph\":[{\"@type\":\"WebPage\",\"@id\":\"https:\/\/www.ellenkantarellen.se\/produkt\/monster-virkad-mobilvaska-sunny\/\",\"url\":\"https:\/\/www.ellenkantarellen.se\/produkt\/monster-virkad-mobilvaska-sunny\/\",\"name\":\"M\u00f6nster virkad Mobilv\u00e4ska Sunny - EllenKantarellen\",\"isPartOf\":{\"@id\":\"https:\/\/www.ellenkantarellen.se\/#website\"},\"primaryImageOfPage\":{\"@id\":\"https:\/\/www.ellenkantarellen.se\/produkt\/monster-virkad-mobilvaska-sunny\/#primaryimage\"},\"image\":{\"@id\":\"https:\/\/www.ellenkantarellen.se\/produkt\/monster-virkad-mobilvaska-sunny\/#primaryimage\"},\"thumbnailUrl\":\"https:\/\/www.ellenkantarellen.se\/wp-content\/uploads\/2024\/07\/6F6E64AC-80A0-4F5C-A32E-883356D2DCFF.jpg\",\"datePublished\":\"2024-07-17T08:55:19+00:00\",\"dateModified\":\"2025-12-02T06:19:04+00:00\",\"description\":\"M\u00f6nster p\u00e5 superfin virkad mobilv\u00e4ska med mormorsruta med blomma\/solros. En fantastiskt rolig v\u00e4ska att virka som g\u00e5r att variera o\u00e4ndligt!\",\"breadcrumb\":{\"@id\":\"https:\/\/www.ellenkantarellen.se\/produkt\/monster-virkad-mobilvaska-sunny\/#breadcrumb\"},\"inLanguage\":\"en-GB\",\"potentialAction\":[{\"@type\":\"ReadAction\",\"target\":[\"https:\/\/www.ellenkantarellen.se\/produkt\/monster-virkad-mobilvaska-sunny\/\"]}]},{\"@type\":\"ImageObject\",\"inLanguage\":\"en-GB\",\"@id\":\"https:\/\/www.ellenkantarellen.se\/produkt\/monster-virkad-mobilvaska-sunny\/#primaryimage\",\"url\":\"https:\/\/www.ellenkantarellen.se\/wp-content\/uploads\/2024\/07\/6F6E64AC-80A0-4F5C-A32E-883356D2DCFF.jpg\",\"contentUrl\":\"https:\/\/www.ellenkantarellen.se\/wp-content\/uploads\/2024\/07\/6F6E64AC-80A0-4F5C-A32E-883356D2DCFF.jpg\",\"width\":2048,\"height\":2048},{\"@type\":\"BreadcrumbList\",\"@id\":\"https:\/\/www.ellenkantarellen.se\/produkt\/monster-virkad-mobilvaska-sunny\/#breadcrumb\",\"itemListElement\":[{\"@type\":\"ListItem\",\"position\":1,\"name\":\"Hem\",\"item\":\"https:\/\/www.ellenkantarellen.se\/\"},{\"@type\":\"ListItem\",\"position\":2,\"name\":\"Aff\u00e4r\",\"item\":\"https:\/\/www.ellenkantarellen.se\/affar\/\"},{\"@type\":\"ListItem\",\"position\":3,\"name\":\"M\u00f6nster virkad Mobilv\u00e4ska Sunny\"}]},{\"@type\":\"WebSite\",\"@id\":\"https:\/\/www.ellenkantarellen.se\/#website\",\"url\":\"https:\/\/www.ellenkantarellen.se\/\",\"name\":\"EllenKantarellen\",\"description\":\"\",\"publisher\":{\"@id\":\"https:\/\/www.ellenkantarellen.se\/#organization\"},\"potentialAction\":[{\"@type\":\"SearchAction\",\"target\":{\"@type\":\"EntryPoint\",\"urlTemplate\":\"https:\/\/www.ellenkantarellen.se\/?s={search_term_string}\"},\"query-input\":{\"@type\":\"PropertyValueSpecification\",\"valueRequired\":true,\"valueName\":\"search_term_string\"}}],\"inLanguage\":\"en-GB\"},{\"@type\":\"Organization\",\"@id\":\"https:\/\/www.ellenkantarellen.se\/#organization\",\"name\":\"EllenKantarellen\",\"url\":\"https:\/\/www.ellenkantarellen.se\/\",\"logo\":{\"@type\":\"ImageObject\",\"inLanguage\":\"en-GB\",\"@id\":\"https:\/\/www.ellenkantarellen.se\/#\/schema\/logo\/image\/\",\"url\":\"https:\/\/www.ellenkantarellen.se\/wp-content\/uploads\/2021\/09\/ek2.png\",\"contentUrl\":\"https:\/\/www.ellenkantarellen.se\/wp-content\/uploads\/2021\/09\/ek2.png\",\"width\":2232,\"height\":508,\"caption\":\"EllenKantarellen\"},\"image\":{\"@id\":\"https:\/\/www.ellenkantarellen.se\/#\/schema\/logo\/image\/\"}}]}<\/script>\n<!-- \/ Yoast SEO plugin. -->","yoast_head_json":{"title":"M\u00f6nster virkad Mobilv\u00e4ska Sunny - EllenKantarellen","description":"M\u00f6nster p\u00e5 superfin virkad mobilv\u00e4ska med mormorsruta med blomma\/solros. En fantastiskt rolig v\u00e4ska att virka som g\u00e5r att variera o\u00e4ndligt!","robots":{"index":"index","follow":"follow","max-snippet":"max-snippet:-1","max-image-preview":"max-image-preview:large","max-video-preview":"max-video-preview:-1"},"canonical":"https:\/\/www.ellenkantarellen.se\/en\/product-2\/monster-virkad-mobilvaska-sunny\/","og_locale":"en_GB","og_type":"article","og_title":"M\u00f6nster virkad Mobilv\u00e4ska Sunny - EllenKantarellen","og_description":"M\u00f6nster p\u00e5 superfin virkad mobilv\u00e4ska med mormorsruta med blomma\/solros. En fantastiskt rolig v\u00e4ska att virka som g\u00e5r att variera o\u00e4ndligt!","og_url":"https:\/\/www.ellenkantarellen.se\/en\/product-2\/monster-virkad-mobilvaska-sunny\/","og_site_name":"EllenKantarellen","article_modified_time":"2025-12-02T06:19:04+00:00","og_image":[{"width":2048,"height":2048,"url":"https:\/\/www.ellenkantarellen.se\/wp-content\/uploads\/2024\/07\/6F6E64AC-80A0-4F5C-A32E-883356D2DCFF.jpg","type":"image\/jpeg"}],"twitter_card":"summary_large_image","twitter_misc":{"Estimated reading time":"1 minute"},"schema":{"@context":"https:\/\/schema.org","@graph":[{"@type":"WebPage","@id":"https:\/\/www.ellenkantarellen.se\/produkt\/monster-virkad-mobilvaska-sunny\/","url":"https:\/\/www.ellenkantarellen.se\/produkt\/monster-virkad-mobilvaska-sunny\/","name":"M\u00f6nster virkad Mobilv\u00e4ska Sunny - EllenKantarellen","isPartOf":{"@id":"https:\/\/www.ellenkantarellen.se\/#website"},"primaryImageOfPage":{"@id":"https:\/\/www.ellenkantarellen.se\/produkt\/monster-virkad-mobilvaska-sunny\/#primaryimage"},"image":{"@id":"https:\/\/www.ellenkantarellen.se\/produkt\/monster-virkad-mobilvaska-sunny\/#primaryimage"},"thumbnailUrl":"https:\/\/www.ellenkantarellen.se\/wp-content\/uploads\/2024\/07\/6F6E64AC-80A0-4F5C-A32E-883356D2DCFF.jpg","datePublished":"2024-07-17T08:55:19+00:00","dateModified":"2025-12-02T06:19:04+00:00","description":"M\u00f6nster p\u00e5 superfin virkad mobilv\u00e4ska med mormorsruta med blomma\/solros. En fantastiskt rolig v\u00e4ska att virka som g\u00e5r att variera o\u00e4ndligt!","breadcrumb":{"@id":"https:\/\/www.ellenkantarellen.se\/produkt\/monster-virkad-mobilvaska-sunny\/#breadcrumb"},"inLanguage":"en-GB","potentialAction":[{"@type":"ReadAction","target":["https:\/\/www.ellenkantarellen.se\/produkt\/monster-virkad-mobilvaska-sunny\/"]}]},{"@type":"ImageObject","inLanguage":"en-GB","@id":"https:\/\/www.ellenkantarellen.se\/produkt\/monster-virkad-mobilvaska-sunny\/#primaryimage","url":"https:\/\/www.ellenkantarellen.se\/wp-content\/uploads\/2024\/07\/6F6E64AC-80A0-4F5C-A32E-883356D2DCFF.jpg","contentUrl":"https:\/\/www.ellenkantarellen.se\/wp-content\/uploads\/2024\/07\/6F6E64AC-80A0-4F5C-A32E-883356D2DCFF.jpg","width":2048,"height":2048},{"@type":"BreadcrumbList","@id":"https:\/\/www.ellenkantarellen.se\/produkt\/monster-virkad-mobilvaska-sunny\/#breadcrumb","itemListElement":[{"@type":"ListItem","position":1,"name":"Hem","item":"https:\/\/www.ellenkantarellen.se\/"},{"@type":"ListItem","position":2,"name":"Aff\u00e4r","item":"https:\/\/www.ellenkantarellen.se\/affar\/"},{"@type":"ListItem","position":3,"name":"M\u00f6nster virkad Mobilv\u00e4ska Sunny"}]},{"@type":"WebSite","@id":"https:\/\/www.ellenkantarellen.se\/#website","url":"https:\/\/www.ellenkantarellen.se\/","name":"EllenKantarellen","description":"","publisher":{"@id":"https:\/\/www.ellenkantarellen.se\/#organization"},"potentialAction":[{"@type":"SearchAction","target":{"@type":"EntryPoint","urlTemplate":"https:\/\/www.ellenkantarellen.se\/?s={search_term_string}"},"query-input":{"@type":"PropertyValueSpecification","valueRequired":true,"valueName":"search_term_string"}}],"inLanguage":"en-GB"},{"@type":"Organization","@id":"https:\/\/www.ellenkantarellen.se\/#organization","name":"EllenKantarellen","url":"https:\/\/www.ellenkantarellen.se\/","logo":{"@type":"ImageObject","inLanguage":"en-GB","@id":"https:\/\/www.ellenkantarellen.se\/#\/schema\/logo\/image\/","url":"https:\/\/www.ellenkantarellen.se\/wp-content\/uploads\/2021\/09\/ek2.png","contentUrl":"https:\/\/www.ellenkantarellen.se\/wp-content\/uploads\/2021\/09\/ek2.png","width":2232,"height":508,"caption":"EllenKantarellen"},"image":{"@id":"https:\/\/www.ellenkantarellen.se\/#\/schema\/logo\/image\/"}}]}},"_links":{"self":[{"href":"https:\/\/www.ellenkantarellen.se\/en\/wp-json\/wp\/v2\/product\/13459","targetHints":{"allow":["GET"]}}],"collection":[{"href":"https:\/\/www.ellenkantarellen.se\/en\/wp-json\/wp\/v2\/product"}],"about":[{"href":"https:\/\/www.ellenkantarellen.se\/en\/wp-json\/wp\/v2\/types\/product"}],"replies":[{"embeddable":true,"href":"https:\/\/www.ellenkantarellen.se\/en\/wp-json\/wp\/v2\/comments?post=13459"}],"wp:featuredmedia":[{"embeddable":true,"href":"https:\/\/www.ellenkantarellen.se\/en\/wp-json\/wp\/v2\/media\/13491"}],"wp:attachment":[{"href":"https:\/\/www.ellenkantarellen.se\/en\/wp-json\/wp\/v2\/media?parent=13459"}],"wp:term":[{"taxonomy":"product_brand","embeddable":true,"href":"https:\/\/www.ellenkantarellen.se\/en\/wp-json\/wp\/v2\/product_brand?post=13459"},{"taxonomy":"product_cat","embeddable":true,"href":"https:\/\/www.ellenkantarellen.se\/en\/wp-json\/wp\/v2\/product_cat?post=13459"},{"taxonomy":"product_tag","embeddable":true,"href":"https:\/\/www.ellenkantarellen.se\/en\/wp-json\/wp\/v2\/product_tag?post=13459"}],"curies":[{"name":"wp","href":"https:\/\/api.w.org\/{rel}","templated":true}]}}