{"id":13511,"date":"2024-07-20T17:24:09","date_gmt":"2024-07-20T15:24:09","guid":{"rendered":"https:\/\/www.ellenkantarellen.se\/?post_type=product&#038;p=13511"},"modified":"2025-12-02T07:19:14","modified_gmt":"2025-12-02T06:19:14","slug":"virkmonster-bokfodral-bokmarke-sunny","status":"publish","type":"product","link":"https:\/\/www.ellenkantarellen.se\/en\/produkt\/virkmonster-bokfodral-bokmarke-sunny\/","title":{"rendered":"Virkm\u00f6nster Bokfodral &#038; Bokm\u00e4rke Sunny"},"content":{"rendered":"<p>M\u00f6nster p\u00e5 superfint virkat Bokfodral med mormorsruta med solros &amp; Bokm\u00e4rke. Ett j\u00e4tteroligt projekt som g\u00f6r sommarl\u00e4sningen \u00e4nnu roligare! Den perfekta presenten f\u00f6r alla bok\u00e4lskare!<\/p>\n<p>&nbsp;<\/p>","protected":false},"excerpt":{"rendered":"<p><em>Virkm\u00f6nster p\u00e5 Bokfodral &amp; Bokm\u00e4rke Sunny! <\/em><strong><em>After payment you can instantly download your new pattern! You get an email with a link to the pattern.<\/em><\/strong><\/p>","protected":false},"featured_media":13512,"comment_status":"open","ping_status":"closed","template":"","meta":[],"product_brand":[],"product_cat":[458,907],"product_tag":[943,941,787,936,939,937,940,942,938],"class_list":{"0":"post-13511","1":"product","2":"type-product","3":"status-publish","4":"has-post-thumbnail","6":"product_cat-ovriga-monster","7":"product_cat-sommar-studenten","8":"product_tag-virkad-bokvaska","9":"product_tag-virkad-present","10":"product_tag-virkad-solros","11":"product_tag-virkat-bokfodral","12":"product_tag-virkat-bokmarke","13":"product_tag-virkmonster-bokfodral","14":"product_tag-virkmonster-bokmarke","15":"product_tag-virkmonster-present","16":"product_tag-virkmonster-solros","18":"first","19":"instock","20":"downloadable","21":"virtual","22":"sold-individually","23":"taxable","24":"purchasable","25":"product-type-simple"},"bundled_by":[],"bundle_stock_status":"instock","bundle_stock_quantity":null,"bundle_virtual":false,"bundle_layout":"","bundle_add_to_cart_form_location":"","bundle_editable_in_cart":false,"bundle_sold_individually_context":"","bundle_item_grouping":"","bundle_min_size":"","bundle_max_size":"","bundle_price":[],"bundled_items":[],"bundle_sell_ids":[],"yoast_head":"<!-- This site is optimized with the Yoast SEO plugin v27.0 - https:\/\/yoast.com\/product\/yoast-seo-wordpress\/ -->\n<title>Virkm\u00f6nster Bokfodral &amp; Bokm\u00e4rke Sunny - EllenKantarellen<\/title>\n<meta name=\"description\" content=\"Virkm\u00f6nster p\u00e5 superfint virkat Bokfodral med mormorsruta med solros &amp; Bokm\u00e4rke. Den perfekta presenten f\u00f6r alla bok\u00e4lskare som f\u00f6rgyller sommarl\u00e4sningen!\" \/>\n<meta name=\"robots\" content=\"index, follow, max-snippet:-1, max-image-preview:large, max-video-preview:-1\" \/>\n<link rel=\"canonical\" href=\"https:\/\/www.ellenkantarellen.se\/en\/product-2\/virkmonster-bokfodral-bokmarke-sunny\/\" \/>\n<meta property=\"og:locale\" content=\"en_GB\" \/>\n<meta property=\"og:type\" content=\"article\" \/>\n<meta property=\"og:title\" content=\"Virkm\u00f6nster Bokfodral &amp; Bokm\u00e4rke Sunny - EllenKantarellen\" \/>\n<meta property=\"og:description\" content=\"Virkm\u00f6nster p\u00e5 superfint virkat Bokfodral med mormorsruta med solros &amp; Bokm\u00e4rke. Den perfekta presenten f\u00f6r alla bok\u00e4lskare som f\u00f6rgyller sommarl\u00e4sningen!\" \/>\n<meta property=\"og:url\" content=\"https:\/\/www.ellenkantarellen.se\/en\/product-2\/virkmonster-bokfodral-bokmarke-sunny\/\" \/>\n<meta property=\"og:site_name\" content=\"EllenKantarellen\" \/>\n<meta property=\"article:modified_time\" content=\"2025-12-02T06:19:14+00:00\" \/>\n<meta property=\"og:image\" content=\"https:\/\/www.ellenkantarellen.se\/wp-content\/uploads\/2024\/07\/588F51F1-3DB5-4DD9-BC4D-4477D592AF93.jpg\" \/>\n\t<meta property=\"og:image:width\" content=\"2048\" \/>\n\t<meta property=\"og:image:height\" content=\"2048\" \/>\n\t<meta property=\"og:image:type\" content=\"image\/jpeg\" \/>\n<meta name=\"twitter:card\" content=\"summary_large_image\" \/>\n<meta name=\"twitter:label1\" content=\"Estimated reading time\" \/>\n\t<meta name=\"twitter:data1\" content=\"1 minute\" \/>\n<script type=\"application\/ld+json\" class=\"yoast-schema-graph\">{\"@context\":\"https:\/\/schema.org\",\"@graph\":[{\"@type\":\"WebPage\",\"@id\":\"https:\/\/www.ellenkantarellen.se\/produkt\/virkmonster-bokfodral-bokmarke-sunny\/\",\"url\":\"https:\/\/www.ellenkantarellen.se\/produkt\/virkmonster-bokfodral-bokmarke-sunny\/\",\"name\":\"Virkm\u00f6nster Bokfodral & Bokm\u00e4rke Sunny - EllenKantarellen\",\"isPartOf\":{\"@id\":\"https:\/\/www.ellenkantarellen.se\/#website\"},\"primaryImageOfPage\":{\"@id\":\"https:\/\/www.ellenkantarellen.se\/produkt\/virkmonster-bokfodral-bokmarke-sunny\/#primaryimage\"},\"image\":{\"@id\":\"https:\/\/www.ellenkantarellen.se\/produkt\/virkmonster-bokfodral-bokmarke-sunny\/#primaryimage\"},\"thumbnailUrl\":\"https:\/\/www.ellenkantarellen.se\/wp-content\/uploads\/2024\/07\/588F51F1-3DB5-4DD9-BC4D-4477D592AF93.jpg\",\"datePublished\":\"2024-07-20T15:24:09+00:00\",\"dateModified\":\"2025-12-02T06:19:14+00:00\",\"description\":\"Virkm\u00f6nster p\u00e5 superfint virkat Bokfodral med mormorsruta med solros & Bokm\u00e4rke. Den perfekta presenten f\u00f6r alla bok\u00e4lskare som f\u00f6rgyller sommarl\u00e4sningen!\",\"breadcrumb\":{\"@id\":\"https:\/\/www.ellenkantarellen.se\/produkt\/virkmonster-bokfodral-bokmarke-sunny\/#breadcrumb\"},\"inLanguage\":\"en-GB\",\"potentialAction\":[{\"@type\":\"ReadAction\",\"target\":[\"https:\/\/www.ellenkantarellen.se\/produkt\/virkmonster-bokfodral-bokmarke-sunny\/\"]}]},{\"@type\":\"ImageObject\",\"inLanguage\":\"en-GB\",\"@id\":\"https:\/\/www.ellenkantarellen.se\/produkt\/virkmonster-bokfodral-bokmarke-sunny\/#primaryimage\",\"url\":\"https:\/\/www.ellenkantarellen.se\/wp-content\/uploads\/2024\/07\/588F51F1-3DB5-4DD9-BC4D-4477D592AF93.jpg\",\"contentUrl\":\"https:\/\/www.ellenkantarellen.se\/wp-content\/uploads\/2024\/07\/588F51F1-3DB5-4DD9-BC4D-4477D592AF93.jpg\",\"width\":2048,\"height\":2048},{\"@type\":\"BreadcrumbList\",\"@id\":\"https:\/\/www.ellenkantarellen.se\/produkt\/virkmonster-bokfodral-bokmarke-sunny\/#breadcrumb\",\"itemListElement\":[{\"@type\":\"ListItem\",\"position\":1,\"name\":\"Hem\",\"item\":\"https:\/\/www.ellenkantarellen.se\/\"},{\"@type\":\"ListItem\",\"position\":2,\"name\":\"Aff\u00e4r\",\"item\":\"https:\/\/www.ellenkantarellen.se\/affar\/\"},{\"@type\":\"ListItem\",\"position\":3,\"name\":\"Virkm\u00f6nster Bokfodral &#038; Bokm\u00e4rke Sunny\"}]},{\"@type\":\"WebSite\",\"@id\":\"https:\/\/www.ellenkantarellen.se\/#website\",\"url\":\"https:\/\/www.ellenkantarellen.se\/\",\"name\":\"EllenKantarellen\",\"description\":\"\",\"publisher\":{\"@id\":\"https:\/\/www.ellenkantarellen.se\/#organization\"},\"potentialAction\":[{\"@type\":\"SearchAction\",\"target\":{\"@type\":\"EntryPoint\",\"urlTemplate\":\"https:\/\/www.ellenkantarellen.se\/?s={search_term_string}\"},\"query-input\":{\"@type\":\"PropertyValueSpecification\",\"valueRequired\":true,\"valueName\":\"search_term_string\"}}],\"inLanguage\":\"en-GB\"},{\"@type\":\"Organization\",\"@id\":\"https:\/\/www.ellenkantarellen.se\/#organization\",\"name\":\"EllenKantarellen\",\"url\":\"https:\/\/www.ellenkantarellen.se\/\",\"logo\":{\"@type\":\"ImageObject\",\"inLanguage\":\"en-GB\",\"@id\":\"https:\/\/www.ellenkantarellen.se\/#\/schema\/logo\/image\/\",\"url\":\"https:\/\/www.ellenkantarellen.se\/wp-content\/uploads\/2021\/09\/ek2.png\",\"contentUrl\":\"https:\/\/www.ellenkantarellen.se\/wp-content\/uploads\/2021\/09\/ek2.png\",\"width\":2232,\"height\":508,\"caption\":\"EllenKantarellen\"},\"image\":{\"@id\":\"https:\/\/www.ellenkantarellen.se\/#\/schema\/logo\/image\/\"}}]}<\/script>\n<!-- \/ Yoast SEO plugin. -->","yoast_head_json":{"title":"Virkm\u00f6nster Bokfodral & Bokm\u00e4rke Sunny - EllenKantarellen","description":"Virkm\u00f6nster p\u00e5 superfint virkat Bokfodral med mormorsruta med solros & Bokm\u00e4rke. Den perfekta presenten f\u00f6r alla bok\u00e4lskare som f\u00f6rgyller sommarl\u00e4sningen!","robots":{"index":"index","follow":"follow","max-snippet":"max-snippet:-1","max-image-preview":"max-image-preview:large","max-video-preview":"max-video-preview:-1"},"canonical":"https:\/\/www.ellenkantarellen.se\/en\/product-2\/virkmonster-bokfodral-bokmarke-sunny\/","og_locale":"en_GB","og_type":"article","og_title":"Virkm\u00f6nster Bokfodral & Bokm\u00e4rke Sunny - EllenKantarellen","og_description":"Virkm\u00f6nster p\u00e5 superfint virkat Bokfodral med mormorsruta med solros & Bokm\u00e4rke. Den perfekta presenten f\u00f6r alla bok\u00e4lskare som f\u00f6rgyller sommarl\u00e4sningen!","og_url":"https:\/\/www.ellenkantarellen.se\/en\/product-2\/virkmonster-bokfodral-bokmarke-sunny\/","og_site_name":"EllenKantarellen","article_modified_time":"2025-12-02T06:19:14+00:00","og_image":[{"width":2048,"height":2048,"url":"https:\/\/www.ellenkantarellen.se\/wp-content\/uploads\/2024\/07\/588F51F1-3DB5-4DD9-BC4D-4477D592AF93.jpg","type":"image\/jpeg"}],"twitter_card":"summary_large_image","twitter_misc":{"Estimated reading time":"1 minute"},"schema":{"@context":"https:\/\/schema.org","@graph":[{"@type":"WebPage","@id":"https:\/\/www.ellenkantarellen.se\/produkt\/virkmonster-bokfodral-bokmarke-sunny\/","url":"https:\/\/www.ellenkantarellen.se\/produkt\/virkmonster-bokfodral-bokmarke-sunny\/","name":"Virkm\u00f6nster Bokfodral & Bokm\u00e4rke Sunny - EllenKantarellen","isPartOf":{"@id":"https:\/\/www.ellenkantarellen.se\/#website"},"primaryImageOfPage":{"@id":"https:\/\/www.ellenkantarellen.se\/produkt\/virkmonster-bokfodral-bokmarke-sunny\/#primaryimage"},"image":{"@id":"https:\/\/www.ellenkantarellen.se\/produkt\/virkmonster-bokfodral-bokmarke-sunny\/#primaryimage"},"thumbnailUrl":"https:\/\/www.ellenkantarellen.se\/wp-content\/uploads\/2024\/07\/588F51F1-3DB5-4DD9-BC4D-4477D592AF93.jpg","datePublished":"2024-07-20T15:24:09+00:00","dateModified":"2025-12-02T06:19:14+00:00","description":"Virkm\u00f6nster p\u00e5 superfint virkat Bokfodral med mormorsruta med solros & Bokm\u00e4rke. Den perfekta presenten f\u00f6r alla bok\u00e4lskare som f\u00f6rgyller sommarl\u00e4sningen!","breadcrumb":{"@id":"https:\/\/www.ellenkantarellen.se\/produkt\/virkmonster-bokfodral-bokmarke-sunny\/#breadcrumb"},"inLanguage":"en-GB","potentialAction":[{"@type":"ReadAction","target":["https:\/\/www.ellenkantarellen.se\/produkt\/virkmonster-bokfodral-bokmarke-sunny\/"]}]},{"@type":"ImageObject","inLanguage":"en-GB","@id":"https:\/\/www.ellenkantarellen.se\/produkt\/virkmonster-bokfodral-bokmarke-sunny\/#primaryimage","url":"https:\/\/www.ellenkantarellen.se\/wp-content\/uploads\/2024\/07\/588F51F1-3DB5-4DD9-BC4D-4477D592AF93.jpg","contentUrl":"https:\/\/www.ellenkantarellen.se\/wp-content\/uploads\/2024\/07\/588F51F1-3DB5-4DD9-BC4D-4477D592AF93.jpg","width":2048,"height":2048},{"@type":"BreadcrumbList","@id":"https:\/\/www.ellenkantarellen.se\/produkt\/virkmonster-bokfodral-bokmarke-sunny\/#breadcrumb","itemListElement":[{"@type":"ListItem","position":1,"name":"Hem","item":"https:\/\/www.ellenkantarellen.se\/"},{"@type":"ListItem","position":2,"name":"Aff\u00e4r","item":"https:\/\/www.ellenkantarellen.se\/affar\/"},{"@type":"ListItem","position":3,"name":"Virkm\u00f6nster Bokfodral &#038; Bokm\u00e4rke Sunny"}]},{"@type":"WebSite","@id":"https:\/\/www.ellenkantarellen.se\/#website","url":"https:\/\/www.ellenkantarellen.se\/","name":"EllenKantarellen","description":"","publisher":{"@id":"https:\/\/www.ellenkantarellen.se\/#organization"},"potentialAction":[{"@type":"SearchAction","target":{"@type":"EntryPoint","urlTemplate":"https:\/\/www.ellenkantarellen.se\/?s={search_term_string}"},"query-input":{"@type":"PropertyValueSpecification","valueRequired":true,"valueName":"search_term_string"}}],"inLanguage":"en-GB"},{"@type":"Organization","@id":"https:\/\/www.ellenkantarellen.se\/#organization","name":"EllenKantarellen","url":"https:\/\/www.ellenkantarellen.se\/","logo":{"@type":"ImageObject","inLanguage":"en-GB","@id":"https:\/\/www.ellenkantarellen.se\/#\/schema\/logo\/image\/","url":"https:\/\/www.ellenkantarellen.se\/wp-content\/uploads\/2021\/09\/ek2.png","contentUrl":"https:\/\/www.ellenkantarellen.se\/wp-content\/uploads\/2021\/09\/ek2.png","width":2232,"height":508,"caption":"EllenKantarellen"},"image":{"@id":"https:\/\/www.ellenkantarellen.se\/#\/schema\/logo\/image\/"}}]}},"_links":{"self":[{"href":"https:\/\/www.ellenkantarellen.se\/en\/wp-json\/wp\/v2\/product\/13511","targetHints":{"allow":["GET"]}}],"collection":[{"href":"https:\/\/www.ellenkantarellen.se\/en\/wp-json\/wp\/v2\/product"}],"about":[{"href":"https:\/\/www.ellenkantarellen.se\/en\/wp-json\/wp\/v2\/types\/product"}],"replies":[{"embeddable":true,"href":"https:\/\/www.ellenkantarellen.se\/en\/wp-json\/wp\/v2\/comments?post=13511"}],"wp:featuredmedia":[{"embeddable":true,"href":"https:\/\/www.ellenkantarellen.se\/en\/wp-json\/wp\/v2\/media\/13512"}],"wp:attachment":[{"href":"https:\/\/www.ellenkantarellen.se\/en\/wp-json\/wp\/v2\/media?parent=13511"}],"wp:term":[{"taxonomy":"product_brand","embeddable":true,"href":"https:\/\/www.ellenkantarellen.se\/en\/wp-json\/wp\/v2\/product_brand?post=13511"},{"taxonomy":"product_cat","embeddable":true,"href":"https:\/\/www.ellenkantarellen.se\/en\/wp-json\/wp\/v2\/product_cat?post=13511"},{"taxonomy":"product_tag","embeddable":true,"href":"https:\/\/www.ellenkantarellen.se\/en\/wp-json\/wp\/v2\/product_tag?post=13511"}],"curies":[{"name":"wp","href":"https:\/\/api.w.org\/{rel}","templated":true}]}}