{"id":13873,"date":"2024-08-16T17:09:08","date_gmt":"2024-08-16T15:09:08","guid":{"rendered":"https:\/\/www.ellenkantarellen.se\/?post_type=product&#038;p=13873"},"modified":"2024-12-02T07:26:16","modified_gmt":"2024-12-02T06:26:16","slug":"virkmonster-basmonster-troja-kofta","status":"publish","type":"product","link":"https:\/\/www.ellenkantarellen.se\/en\/produkt\/virkmonster-basmonster-troja-kofta\/","title":{"rendered":"Virkm\u00f6nster Basm\u00f6nster Tr\u00f6ja &#038; Kofta"},"content":{"rendered":"<p>M\u00f6nster p\u00e5 Lalbins virkade superfina Basm\u00f6nster f\u00f6r Tr\u00f6jor och koftor f\u00f6r b\u00e5de vuxen och barn. Du kan anv\u00e4nda det garn du \u00f6nskar d\u00e5 m\u00f6nstret g\u00e5r att anpassa b\u00e5de efter akrylgarn som 8\/4 bomullsgarn. H\u00e4r kan du verkligen l\u00e4ra dig grunden f\u00f6r att sedan g\u00f6ra ett plagg efter eget tycke!<\/p>","protected":false},"excerpt":{"rendered":"<p>Virkm\u00f6nster med Basm\u00f6nster p\u00e5 Tr\u00f6ja &amp; Kofta f\u00f6r b\u00e5de vuxen och barn! <strong><em>N\u00e4r du betalat f\u00f6r m\u00f6nstret kommer du automatiskt att kunna ladda ner din PDF-fil med ditt nya supers\u00f6ta m\u00f6nster som kommer i mejl till dig!<\/em><\/strong><\/p>","protected":false},"featured_media":13857,"comment_status":"open","ping_status":"closed","template":"","meta":[],"product_brand":[],"product_cat":[944],"product_tag":[962,963,957,959,945,946,964,960,954,958,961],"class_list":{"0":"post-13873","1":"product","2":"type-product","3":"status-publish","4":"has-post-thumbnail","6":"product_cat-klader","7":"product_tag-basmonster-virkad-troja","8":"product_tag-virkad-kofta","9":"product_tag-virkad-troja","10":"product_tag-virkad-troja-till-barn","11":"product_tag-virkat-till-barn","12":"product_tag-virkmonster-barn","13":"product_tag-virkmonster-barnkofta","14":"product_tag-virkmonster-barntroja","15":"product_tag-virkmonster-topp","16":"product_tag-virkmonster-troja","17":"product_tag-virkmonster-vuxentroja","19":"first","20":"instock","21":"downloadable","22":"virtual","23":"sold-individually","24":"taxable","25":"purchasable","26":"product-type-simple"},"bundled_by":[],"bundle_stock_status":"instock","bundle_stock_quantity":null,"bundle_virtual":false,"bundle_layout":"","bundle_add_to_cart_form_location":"","bundle_editable_in_cart":false,"bundle_sold_individually_context":"","bundle_item_grouping":"","bundle_min_size":"","bundle_max_size":"","bundle_price":[],"bundled_items":[],"bundle_sell_ids":[],"yoast_head":"<!-- This site is optimized with the Yoast SEO plugin v27.0 - https:\/\/yoast.com\/product\/yoast-seo-wordpress\/ -->\n<title>Virkm\u00f6nster Basm\u00f6nster Tr\u00f6ja &amp; Kofta - EllenKantarellen<\/title>\n<meta name=\"description\" content=\"M\u00f6nster p\u00e5 Lalbins virkade superfina Basm\u00f6nster f\u00f6r Tr\u00f6jor och koftor f\u00f6r b\u00e5de vuxen och barn. H\u00e4r \u00e4r den perfekta grunden f\u00f6r ett plagg efter eget tycke!\" \/>\n<meta name=\"robots\" content=\"index, follow, max-snippet:-1, max-image-preview:large, max-video-preview:-1\" \/>\n<link rel=\"canonical\" href=\"https:\/\/www.ellenkantarellen.se\/en\/product-2\/virkmonster-basmonster-troja-kofta\/\" \/>\n<meta property=\"og:locale\" content=\"en_GB\" \/>\n<meta property=\"og:type\" content=\"article\" \/>\n<meta property=\"og:title\" content=\"Virkm\u00f6nster Basm\u00f6nster Tr\u00f6ja &amp; Kofta - EllenKantarellen\" \/>\n<meta property=\"og:description\" content=\"M\u00f6nster p\u00e5 Lalbins virkade superfina Basm\u00f6nster f\u00f6r Tr\u00f6jor och koftor f\u00f6r b\u00e5de vuxen och barn. H\u00e4r \u00e4r den perfekta grunden f\u00f6r ett plagg efter eget tycke!\" \/>\n<meta property=\"og:url\" content=\"https:\/\/www.ellenkantarellen.se\/en\/product-2\/virkmonster-basmonster-troja-kofta\/\" \/>\n<meta property=\"og:site_name\" content=\"EllenKantarellen\" \/>\n<meta property=\"article:modified_time\" content=\"2024-12-02T06:26:16+00:00\" \/>\n<meta property=\"og:image\" content=\"https:\/\/www.ellenkantarellen.se\/wp-content\/uploads\/2024\/08\/Foto-2024-08-16-13-26-49-1.jpg\" \/>\n\t<meta property=\"og:image:width\" content=\"1170\" \/>\n\t<meta property=\"og:image:height\" content=\"1260\" \/>\n\t<meta property=\"og:image:type\" content=\"image\/jpeg\" \/>\n<meta name=\"twitter:card\" content=\"summary_large_image\" \/>\n<meta name=\"twitter:label1\" content=\"Estimated reading time\" \/>\n\t<meta name=\"twitter:data1\" content=\"1 minute\" \/>\n<script type=\"application\/ld+json\" class=\"yoast-schema-graph\">{\"@context\":\"https:\/\/schema.org\",\"@graph\":[{\"@type\":\"WebPage\",\"@id\":\"https:\/\/www.ellenkantarellen.se\/produkt\/virkmonster-basmonster-troja-kofta\/\",\"url\":\"https:\/\/www.ellenkantarellen.se\/produkt\/virkmonster-basmonster-troja-kofta\/\",\"name\":\"Virkm\u00f6nster Basm\u00f6nster Tr\u00f6ja & Kofta - EllenKantarellen\",\"isPartOf\":{\"@id\":\"https:\/\/www.ellenkantarellen.se\/#website\"},\"primaryImageOfPage\":{\"@id\":\"https:\/\/www.ellenkantarellen.se\/produkt\/virkmonster-basmonster-troja-kofta\/#primaryimage\"},\"image\":{\"@id\":\"https:\/\/www.ellenkantarellen.se\/produkt\/virkmonster-basmonster-troja-kofta\/#primaryimage\"},\"thumbnailUrl\":\"https:\/\/www.ellenkantarellen.se\/wp-content\/uploads\/2024\/08\/Foto-2024-08-16-13-26-49-1.jpg\",\"datePublished\":\"2024-08-16T15:09:08+00:00\",\"dateModified\":\"2024-12-02T06:26:16+00:00\",\"description\":\"M\u00f6nster p\u00e5 Lalbins virkade superfina Basm\u00f6nster f\u00f6r Tr\u00f6jor och koftor f\u00f6r b\u00e5de vuxen och barn. H\u00e4r \u00e4r den perfekta grunden f\u00f6r ett plagg efter eget tycke!\",\"breadcrumb\":{\"@id\":\"https:\/\/www.ellenkantarellen.se\/produkt\/virkmonster-basmonster-troja-kofta\/#breadcrumb\"},\"inLanguage\":\"en-GB\",\"potentialAction\":[{\"@type\":\"ReadAction\",\"target\":[\"https:\/\/www.ellenkantarellen.se\/produkt\/virkmonster-basmonster-troja-kofta\/\"]}]},{\"@type\":\"ImageObject\",\"inLanguage\":\"en-GB\",\"@id\":\"https:\/\/www.ellenkantarellen.se\/produkt\/virkmonster-basmonster-troja-kofta\/#primaryimage\",\"url\":\"https:\/\/www.ellenkantarellen.se\/wp-content\/uploads\/2024\/08\/Foto-2024-08-16-13-26-49-1.jpg\",\"contentUrl\":\"https:\/\/www.ellenkantarellen.se\/wp-content\/uploads\/2024\/08\/Foto-2024-08-16-13-26-49-1.jpg\",\"width\":1170,\"height\":1260},{\"@type\":\"BreadcrumbList\",\"@id\":\"https:\/\/www.ellenkantarellen.se\/produkt\/virkmonster-basmonster-troja-kofta\/#breadcrumb\",\"itemListElement\":[{\"@type\":\"ListItem\",\"position\":1,\"name\":\"Hem\",\"item\":\"https:\/\/www.ellenkantarellen.se\/\"},{\"@type\":\"ListItem\",\"position\":2,\"name\":\"Aff\u00e4r\",\"item\":\"https:\/\/www.ellenkantarellen.se\/affar\/\"},{\"@type\":\"ListItem\",\"position\":3,\"name\":\"Virkm\u00f6nster Basm\u00f6nster Tr\u00f6ja &#038; Kofta\"}]},{\"@type\":\"WebSite\",\"@id\":\"https:\/\/www.ellenkantarellen.se\/#website\",\"url\":\"https:\/\/www.ellenkantarellen.se\/\",\"name\":\"EllenKantarellen\",\"description\":\"\",\"publisher\":{\"@id\":\"https:\/\/www.ellenkantarellen.se\/#organization\"},\"potentialAction\":[{\"@type\":\"SearchAction\",\"target\":{\"@type\":\"EntryPoint\",\"urlTemplate\":\"https:\/\/www.ellenkantarellen.se\/?s={search_term_string}\"},\"query-input\":{\"@type\":\"PropertyValueSpecification\",\"valueRequired\":true,\"valueName\":\"search_term_string\"}}],\"inLanguage\":\"en-GB\"},{\"@type\":\"Organization\",\"@id\":\"https:\/\/www.ellenkantarellen.se\/#organization\",\"name\":\"EllenKantarellen\",\"url\":\"https:\/\/www.ellenkantarellen.se\/\",\"logo\":{\"@type\":\"ImageObject\",\"inLanguage\":\"en-GB\",\"@id\":\"https:\/\/www.ellenkantarellen.se\/#\/schema\/logo\/image\/\",\"url\":\"https:\/\/www.ellenkantarellen.se\/wp-content\/uploads\/2021\/09\/ek2.png\",\"contentUrl\":\"https:\/\/www.ellenkantarellen.se\/wp-content\/uploads\/2021\/09\/ek2.png\",\"width\":2232,\"height\":508,\"caption\":\"EllenKantarellen\"},\"image\":{\"@id\":\"https:\/\/www.ellenkantarellen.se\/#\/schema\/logo\/image\/\"}}]}<\/script>\n<!-- \/ Yoast SEO plugin. -->","yoast_head_json":{"title":"Virkm\u00f6nster Basm\u00f6nster Tr\u00f6ja & Kofta - EllenKantarellen","description":"M\u00f6nster p\u00e5 Lalbins virkade superfina Basm\u00f6nster f\u00f6r Tr\u00f6jor och koftor f\u00f6r b\u00e5de vuxen och barn. H\u00e4r \u00e4r den perfekta grunden f\u00f6r ett plagg efter eget tycke!","robots":{"index":"index","follow":"follow","max-snippet":"max-snippet:-1","max-image-preview":"max-image-preview:large","max-video-preview":"max-video-preview:-1"},"canonical":"https:\/\/www.ellenkantarellen.se\/en\/product-2\/virkmonster-basmonster-troja-kofta\/","og_locale":"en_GB","og_type":"article","og_title":"Virkm\u00f6nster Basm\u00f6nster Tr\u00f6ja & Kofta - EllenKantarellen","og_description":"M\u00f6nster p\u00e5 Lalbins virkade superfina Basm\u00f6nster f\u00f6r Tr\u00f6jor och koftor f\u00f6r b\u00e5de vuxen och barn. H\u00e4r \u00e4r den perfekta grunden f\u00f6r ett plagg efter eget tycke!","og_url":"https:\/\/www.ellenkantarellen.se\/en\/product-2\/virkmonster-basmonster-troja-kofta\/","og_site_name":"EllenKantarellen","article_modified_time":"2024-12-02T06:26:16+00:00","og_image":[{"width":1170,"height":1260,"url":"https:\/\/www.ellenkantarellen.se\/wp-content\/uploads\/2024\/08\/Foto-2024-08-16-13-26-49-1.jpg","type":"image\/jpeg"}],"twitter_card":"summary_large_image","twitter_misc":{"Estimated reading time":"1 minute"},"schema":{"@context":"https:\/\/schema.org","@graph":[{"@type":"WebPage","@id":"https:\/\/www.ellenkantarellen.se\/produkt\/virkmonster-basmonster-troja-kofta\/","url":"https:\/\/www.ellenkantarellen.se\/produkt\/virkmonster-basmonster-troja-kofta\/","name":"Virkm\u00f6nster Basm\u00f6nster Tr\u00f6ja & Kofta - EllenKantarellen","isPartOf":{"@id":"https:\/\/www.ellenkantarellen.se\/#website"},"primaryImageOfPage":{"@id":"https:\/\/www.ellenkantarellen.se\/produkt\/virkmonster-basmonster-troja-kofta\/#primaryimage"},"image":{"@id":"https:\/\/www.ellenkantarellen.se\/produkt\/virkmonster-basmonster-troja-kofta\/#primaryimage"},"thumbnailUrl":"https:\/\/www.ellenkantarellen.se\/wp-content\/uploads\/2024\/08\/Foto-2024-08-16-13-26-49-1.jpg","datePublished":"2024-08-16T15:09:08+00:00","dateModified":"2024-12-02T06:26:16+00:00","description":"M\u00f6nster p\u00e5 Lalbins virkade superfina Basm\u00f6nster f\u00f6r Tr\u00f6jor och koftor f\u00f6r b\u00e5de vuxen och barn. H\u00e4r \u00e4r den perfekta grunden f\u00f6r ett plagg efter eget tycke!","breadcrumb":{"@id":"https:\/\/www.ellenkantarellen.se\/produkt\/virkmonster-basmonster-troja-kofta\/#breadcrumb"},"inLanguage":"en-GB","potentialAction":[{"@type":"ReadAction","target":["https:\/\/www.ellenkantarellen.se\/produkt\/virkmonster-basmonster-troja-kofta\/"]}]},{"@type":"ImageObject","inLanguage":"en-GB","@id":"https:\/\/www.ellenkantarellen.se\/produkt\/virkmonster-basmonster-troja-kofta\/#primaryimage","url":"https:\/\/www.ellenkantarellen.se\/wp-content\/uploads\/2024\/08\/Foto-2024-08-16-13-26-49-1.jpg","contentUrl":"https:\/\/www.ellenkantarellen.se\/wp-content\/uploads\/2024\/08\/Foto-2024-08-16-13-26-49-1.jpg","width":1170,"height":1260},{"@type":"BreadcrumbList","@id":"https:\/\/www.ellenkantarellen.se\/produkt\/virkmonster-basmonster-troja-kofta\/#breadcrumb","itemListElement":[{"@type":"ListItem","position":1,"name":"Hem","item":"https:\/\/www.ellenkantarellen.se\/"},{"@type":"ListItem","position":2,"name":"Aff\u00e4r","item":"https:\/\/www.ellenkantarellen.se\/affar\/"},{"@type":"ListItem","position":3,"name":"Virkm\u00f6nster Basm\u00f6nster Tr\u00f6ja &#038; Kofta"}]},{"@type":"WebSite","@id":"https:\/\/www.ellenkantarellen.se\/#website","url":"https:\/\/www.ellenkantarellen.se\/","name":"EllenKantarellen","description":"","publisher":{"@id":"https:\/\/www.ellenkantarellen.se\/#organization"},"potentialAction":[{"@type":"SearchAction","target":{"@type":"EntryPoint","urlTemplate":"https:\/\/www.ellenkantarellen.se\/?s={search_term_string}"},"query-input":{"@type":"PropertyValueSpecification","valueRequired":true,"valueName":"search_term_string"}}],"inLanguage":"en-GB"},{"@type":"Organization","@id":"https:\/\/www.ellenkantarellen.se\/#organization","name":"EllenKantarellen","url":"https:\/\/www.ellenkantarellen.se\/","logo":{"@type":"ImageObject","inLanguage":"en-GB","@id":"https:\/\/www.ellenkantarellen.se\/#\/schema\/logo\/image\/","url":"https:\/\/www.ellenkantarellen.se\/wp-content\/uploads\/2021\/09\/ek2.png","contentUrl":"https:\/\/www.ellenkantarellen.se\/wp-content\/uploads\/2021\/09\/ek2.png","width":2232,"height":508,"caption":"EllenKantarellen"},"image":{"@id":"https:\/\/www.ellenkantarellen.se\/#\/schema\/logo\/image\/"}}]}},"_links":{"self":[{"href":"https:\/\/www.ellenkantarellen.se\/en\/wp-json\/wp\/v2\/product\/13873","targetHints":{"allow":["GET"]}}],"collection":[{"href":"https:\/\/www.ellenkantarellen.se\/en\/wp-json\/wp\/v2\/product"}],"about":[{"href":"https:\/\/www.ellenkantarellen.se\/en\/wp-json\/wp\/v2\/types\/product"}],"replies":[{"embeddable":true,"href":"https:\/\/www.ellenkantarellen.se\/en\/wp-json\/wp\/v2\/comments?post=13873"}],"wp:featuredmedia":[{"embeddable":true,"href":"https:\/\/www.ellenkantarellen.se\/en\/wp-json\/wp\/v2\/media\/13857"}],"wp:attachment":[{"href":"https:\/\/www.ellenkantarellen.se\/en\/wp-json\/wp\/v2\/media?parent=13873"}],"wp:term":[{"taxonomy":"product_brand","embeddable":true,"href":"https:\/\/www.ellenkantarellen.se\/en\/wp-json\/wp\/v2\/product_brand?post=13873"},{"taxonomy":"product_cat","embeddable":true,"href":"https:\/\/www.ellenkantarellen.se\/en\/wp-json\/wp\/v2\/product_cat?post=13873"},{"taxonomy":"product_tag","embeddable":true,"href":"https:\/\/www.ellenkantarellen.se\/en\/wp-json\/wp\/v2\/product_tag?post=13873"}],"curies":[{"name":"wp","href":"https:\/\/api.w.org\/{rel}","templated":true}]}}