{"id":13879,"date":"2024-08-16T17:32:14","date_gmt":"2024-08-16T15:32:14","guid":{"rendered":"https:\/\/www.ellenkantarellen.se\/?post_type=product&#038;p=13879"},"modified":"2024-12-02T07:26:16","modified_gmt":"2024-12-02T06:26:16","slug":"virkmonster-love-hoodie-9-man-12ar","status":"publish","type":"product","link":"https:\/\/www.ellenkantarellen.se\/en\/produkt\/virkmonster-love-hoodie-9-man-12ar\/","title":{"rendered":"Virkm\u00f6nster Love Hoodie 9 m\u00e5n-12\u00e5r"},"content":{"rendered":"<p>M\u00f6nster p\u00e5 Lalbins virkade oemotst\u00e5ndliga Hoodie med texten Love! Storlek 9 m\u00e5n &#8211; 12 \u00e5r. M\u00f6nstret \u00e4r anpassat f\u00f6r akrylgarn eller liknande d\u00e4r rekommenderade virkn\u00e5l \u00e4r 4,0mm. Detta kommer garanterat att bli en storfavorit i garderoben!<\/p>","protected":false},"excerpt":{"rendered":"<p>Virkm\u00f6nster Love Hoodie 9 m\u00e5n-12\u00e5r ! <strong><em>N\u00e4r du betalat f\u00f6r m\u00f6nstret kommer du automatiskt att kunna ladda ner din PDF-fil med ditt nya supers\u00f6ta m\u00f6nster som kommer i mejl till dig!<\/em><\/strong><\/p>","protected":false},"featured_media":13859,"comment_status":"open","ping_status":"closed","template":"","meta":[],"product_brand":[],"product_cat":[944,303],"product_tag":[824,970,957,959,945,946,960,969,971,958],"class_list":{"0":"post-13879","1":"product","2":"type-product","3":"status-publish","4":"has-post-thumbnail","6":"product_cat-klader","7":"product_cat-monster-till-baby","8":"product_tag-virkad-hoodie","9":"product_tag-virkad-hoodie-till-barn","10":"product_tag-virkad-troja","11":"product_tag-virkad-troja-till-barn","12":"product_tag-virkat-till-barn","13":"product_tag-virkmonster-barn","14":"product_tag-virkmonster-barntroja","15":"product_tag-virkmonster-hoodie","16":"product_tag-virkmonster-hoodie-till-barn","17":"product_tag-virkmonster-troja","19":"first","20":"instock","21":"downloadable","22":"virtual","23":"sold-individually","24":"taxable","25":"purchasable","26":"product-type-simple"},"bundled_by":[],"bundle_stock_status":"instock","bundle_stock_quantity":null,"bundle_virtual":false,"bundle_layout":"","bundle_add_to_cart_form_location":"","bundle_editable_in_cart":false,"bundle_sold_individually_context":"","bundle_item_grouping":"","bundle_min_size":"","bundle_max_size":"","bundle_price":[],"bundled_items":[],"bundle_sell_ids":[],"yoast_head":"<!-- This site is optimized with the Yoast SEO plugin v27.0 - https:\/\/yoast.com\/product\/yoast-seo-wordpress\/ -->\n<title>Virkm\u00f6nster Love Hoodie 9 m\u00e5n-12\u00e5r - EllenKantarellen<\/title>\n<meta name=\"description\" content=\"M\u00f6nster p\u00e5 Lalbins virkade oemotst\u00e5ndliga Hoodie med texten Love! Storlek 9 m\u00e5n - 12 \u00e5r. Detta kommer garanterat att bli en storfavorit i garderoben!\" \/>\n<meta name=\"robots\" content=\"index, follow, max-snippet:-1, max-image-preview:large, max-video-preview:-1\" \/>\n<link rel=\"canonical\" href=\"https:\/\/www.ellenkantarellen.se\/en\/product-2\/virkmonster-love-hoodie-9-man-12ar\/\" \/>\n<meta property=\"og:locale\" content=\"en_GB\" \/>\n<meta property=\"og:type\" content=\"article\" \/>\n<meta property=\"og:title\" content=\"Virkm\u00f6nster Love Hoodie 9 m\u00e5n-12\u00e5r - EllenKantarellen\" \/>\n<meta property=\"og:description\" content=\"M\u00f6nster p\u00e5 Lalbins virkade oemotst\u00e5ndliga Hoodie med texten Love! Storlek 9 m\u00e5n - 12 \u00e5r. Detta kommer garanterat att bli en storfavorit i garderoben!\" \/>\n<meta property=\"og:url\" content=\"https:\/\/www.ellenkantarellen.se\/en\/product-2\/virkmonster-love-hoodie-9-man-12ar\/\" \/>\n<meta property=\"og:site_name\" content=\"EllenKantarellen\" \/>\n<meta property=\"article:modified_time\" content=\"2024-12-02T06:26:16+00:00\" \/>\n<meta property=\"og:image\" content=\"https:\/\/www.ellenkantarellen.se\/wp-content\/uploads\/2024\/08\/Foto-2024-08-16-13-26-49-3.jpg\" \/>\n\t<meta property=\"og:image:width\" content=\"1170\" \/>\n\t<meta property=\"og:image:height\" content=\"949\" \/>\n\t<meta property=\"og:image:type\" content=\"image\/jpeg\" \/>\n<meta name=\"twitter:card\" content=\"summary_large_image\" \/>\n<meta name=\"twitter:label1\" content=\"Estimated reading time\" \/>\n\t<meta name=\"twitter:data1\" content=\"1 minute\" \/>\n<script type=\"application\/ld+json\" class=\"yoast-schema-graph\">{\"@context\":\"https:\/\/schema.org\",\"@graph\":[{\"@type\":\"WebPage\",\"@id\":\"https:\/\/www.ellenkantarellen.se\/produkt\/virkmonster-love-hoodie-9-man-12ar\/\",\"url\":\"https:\/\/www.ellenkantarellen.se\/produkt\/virkmonster-love-hoodie-9-man-12ar\/\",\"name\":\"Virkm\u00f6nster Love Hoodie 9 m\u00e5n-12\u00e5r - EllenKantarellen\",\"isPartOf\":{\"@id\":\"https:\/\/www.ellenkantarellen.se\/#website\"},\"primaryImageOfPage\":{\"@id\":\"https:\/\/www.ellenkantarellen.se\/produkt\/virkmonster-love-hoodie-9-man-12ar\/#primaryimage\"},\"image\":{\"@id\":\"https:\/\/www.ellenkantarellen.se\/produkt\/virkmonster-love-hoodie-9-man-12ar\/#primaryimage\"},\"thumbnailUrl\":\"https:\/\/www.ellenkantarellen.se\/wp-content\/uploads\/2024\/08\/Foto-2024-08-16-13-26-49-3.jpg\",\"datePublished\":\"2024-08-16T15:32:14+00:00\",\"dateModified\":\"2024-12-02T06:26:16+00:00\",\"description\":\"M\u00f6nster p\u00e5 Lalbins virkade oemotst\u00e5ndliga Hoodie med texten Love! Storlek 9 m\u00e5n - 12 \u00e5r. Detta kommer garanterat att bli en storfavorit i garderoben!\",\"breadcrumb\":{\"@id\":\"https:\/\/www.ellenkantarellen.se\/produkt\/virkmonster-love-hoodie-9-man-12ar\/#breadcrumb\"},\"inLanguage\":\"en-GB\",\"potentialAction\":[{\"@type\":\"ReadAction\",\"target\":[\"https:\/\/www.ellenkantarellen.se\/produkt\/virkmonster-love-hoodie-9-man-12ar\/\"]}]},{\"@type\":\"ImageObject\",\"inLanguage\":\"en-GB\",\"@id\":\"https:\/\/www.ellenkantarellen.se\/produkt\/virkmonster-love-hoodie-9-man-12ar\/#primaryimage\",\"url\":\"https:\/\/www.ellenkantarellen.se\/wp-content\/uploads\/2024\/08\/Foto-2024-08-16-13-26-49-3.jpg\",\"contentUrl\":\"https:\/\/www.ellenkantarellen.se\/wp-content\/uploads\/2024\/08\/Foto-2024-08-16-13-26-49-3.jpg\",\"width\":1170,\"height\":949},{\"@type\":\"BreadcrumbList\",\"@id\":\"https:\/\/www.ellenkantarellen.se\/produkt\/virkmonster-love-hoodie-9-man-12ar\/#breadcrumb\",\"itemListElement\":[{\"@type\":\"ListItem\",\"position\":1,\"name\":\"Hem\",\"item\":\"https:\/\/www.ellenkantarellen.se\/\"},{\"@type\":\"ListItem\",\"position\":2,\"name\":\"Aff\u00e4r\",\"item\":\"https:\/\/www.ellenkantarellen.se\/affar\/\"},{\"@type\":\"ListItem\",\"position\":3,\"name\":\"Virkm\u00f6nster Love Hoodie 9 m\u00e5n-12\u00e5r\"}]},{\"@type\":\"WebSite\",\"@id\":\"https:\/\/www.ellenkantarellen.se\/#website\",\"url\":\"https:\/\/www.ellenkantarellen.se\/\",\"name\":\"EllenKantarellen\",\"description\":\"\",\"publisher\":{\"@id\":\"https:\/\/www.ellenkantarellen.se\/#organization\"},\"potentialAction\":[{\"@type\":\"SearchAction\",\"target\":{\"@type\":\"EntryPoint\",\"urlTemplate\":\"https:\/\/www.ellenkantarellen.se\/?s={search_term_string}\"},\"query-input\":{\"@type\":\"PropertyValueSpecification\",\"valueRequired\":true,\"valueName\":\"search_term_string\"}}],\"inLanguage\":\"en-GB\"},{\"@type\":\"Organization\",\"@id\":\"https:\/\/www.ellenkantarellen.se\/#organization\",\"name\":\"EllenKantarellen\",\"url\":\"https:\/\/www.ellenkantarellen.se\/\",\"logo\":{\"@type\":\"ImageObject\",\"inLanguage\":\"en-GB\",\"@id\":\"https:\/\/www.ellenkantarellen.se\/#\/schema\/logo\/image\/\",\"url\":\"https:\/\/www.ellenkantarellen.se\/wp-content\/uploads\/2021\/09\/ek2.png\",\"contentUrl\":\"https:\/\/www.ellenkantarellen.se\/wp-content\/uploads\/2021\/09\/ek2.png\",\"width\":2232,\"height\":508,\"caption\":\"EllenKantarellen\"},\"image\":{\"@id\":\"https:\/\/www.ellenkantarellen.se\/#\/schema\/logo\/image\/\"}}]}<\/script>\n<!-- \/ Yoast SEO plugin. -->","yoast_head_json":{"title":"Virkm\u00f6nster Love Hoodie 9 m\u00e5n-12\u00e5r - EllenKantarellen","description":"M\u00f6nster p\u00e5 Lalbins virkade oemotst\u00e5ndliga Hoodie med texten Love! Storlek 9 m\u00e5n - 12 \u00e5r. Detta kommer garanterat att bli en storfavorit i garderoben!","robots":{"index":"index","follow":"follow","max-snippet":"max-snippet:-1","max-image-preview":"max-image-preview:large","max-video-preview":"max-video-preview:-1"},"canonical":"https:\/\/www.ellenkantarellen.se\/en\/product-2\/virkmonster-love-hoodie-9-man-12ar\/","og_locale":"en_GB","og_type":"article","og_title":"Virkm\u00f6nster Love Hoodie 9 m\u00e5n-12\u00e5r - EllenKantarellen","og_description":"M\u00f6nster p\u00e5 Lalbins virkade oemotst\u00e5ndliga Hoodie med texten Love! Storlek 9 m\u00e5n - 12 \u00e5r. Detta kommer garanterat att bli en storfavorit i garderoben!","og_url":"https:\/\/www.ellenkantarellen.se\/en\/product-2\/virkmonster-love-hoodie-9-man-12ar\/","og_site_name":"EllenKantarellen","article_modified_time":"2024-12-02T06:26:16+00:00","og_image":[{"width":1170,"height":949,"url":"https:\/\/www.ellenkantarellen.se\/wp-content\/uploads\/2024\/08\/Foto-2024-08-16-13-26-49-3.jpg","type":"image\/jpeg"}],"twitter_card":"summary_large_image","twitter_misc":{"Estimated reading time":"1 minute"},"schema":{"@context":"https:\/\/schema.org","@graph":[{"@type":"WebPage","@id":"https:\/\/www.ellenkantarellen.se\/produkt\/virkmonster-love-hoodie-9-man-12ar\/","url":"https:\/\/www.ellenkantarellen.se\/produkt\/virkmonster-love-hoodie-9-man-12ar\/","name":"Virkm\u00f6nster Love Hoodie 9 m\u00e5n-12\u00e5r - EllenKantarellen","isPartOf":{"@id":"https:\/\/www.ellenkantarellen.se\/#website"},"primaryImageOfPage":{"@id":"https:\/\/www.ellenkantarellen.se\/produkt\/virkmonster-love-hoodie-9-man-12ar\/#primaryimage"},"image":{"@id":"https:\/\/www.ellenkantarellen.se\/produkt\/virkmonster-love-hoodie-9-man-12ar\/#primaryimage"},"thumbnailUrl":"https:\/\/www.ellenkantarellen.se\/wp-content\/uploads\/2024\/08\/Foto-2024-08-16-13-26-49-3.jpg","datePublished":"2024-08-16T15:32:14+00:00","dateModified":"2024-12-02T06:26:16+00:00","description":"M\u00f6nster p\u00e5 Lalbins virkade oemotst\u00e5ndliga Hoodie med texten Love! Storlek 9 m\u00e5n - 12 \u00e5r. Detta kommer garanterat att bli en storfavorit i garderoben!","breadcrumb":{"@id":"https:\/\/www.ellenkantarellen.se\/produkt\/virkmonster-love-hoodie-9-man-12ar\/#breadcrumb"},"inLanguage":"en-GB","potentialAction":[{"@type":"ReadAction","target":["https:\/\/www.ellenkantarellen.se\/produkt\/virkmonster-love-hoodie-9-man-12ar\/"]}]},{"@type":"ImageObject","inLanguage":"en-GB","@id":"https:\/\/www.ellenkantarellen.se\/produkt\/virkmonster-love-hoodie-9-man-12ar\/#primaryimage","url":"https:\/\/www.ellenkantarellen.se\/wp-content\/uploads\/2024\/08\/Foto-2024-08-16-13-26-49-3.jpg","contentUrl":"https:\/\/www.ellenkantarellen.se\/wp-content\/uploads\/2024\/08\/Foto-2024-08-16-13-26-49-3.jpg","width":1170,"height":949},{"@type":"BreadcrumbList","@id":"https:\/\/www.ellenkantarellen.se\/produkt\/virkmonster-love-hoodie-9-man-12ar\/#breadcrumb","itemListElement":[{"@type":"ListItem","position":1,"name":"Hem","item":"https:\/\/www.ellenkantarellen.se\/"},{"@type":"ListItem","position":2,"name":"Aff\u00e4r","item":"https:\/\/www.ellenkantarellen.se\/affar\/"},{"@type":"ListItem","position":3,"name":"Virkm\u00f6nster Love Hoodie 9 m\u00e5n-12\u00e5r"}]},{"@type":"WebSite","@id":"https:\/\/www.ellenkantarellen.se\/#website","url":"https:\/\/www.ellenkantarellen.se\/","name":"EllenKantarellen","description":"","publisher":{"@id":"https:\/\/www.ellenkantarellen.se\/#organization"},"potentialAction":[{"@type":"SearchAction","target":{"@type":"EntryPoint","urlTemplate":"https:\/\/www.ellenkantarellen.se\/?s={search_term_string}"},"query-input":{"@type":"PropertyValueSpecification","valueRequired":true,"valueName":"search_term_string"}}],"inLanguage":"en-GB"},{"@type":"Organization","@id":"https:\/\/www.ellenkantarellen.se\/#organization","name":"EllenKantarellen","url":"https:\/\/www.ellenkantarellen.se\/","logo":{"@type":"ImageObject","inLanguage":"en-GB","@id":"https:\/\/www.ellenkantarellen.se\/#\/schema\/logo\/image\/","url":"https:\/\/www.ellenkantarellen.se\/wp-content\/uploads\/2021\/09\/ek2.png","contentUrl":"https:\/\/www.ellenkantarellen.se\/wp-content\/uploads\/2021\/09\/ek2.png","width":2232,"height":508,"caption":"EllenKantarellen"},"image":{"@id":"https:\/\/www.ellenkantarellen.se\/#\/schema\/logo\/image\/"}}]}},"_links":{"self":[{"href":"https:\/\/www.ellenkantarellen.se\/en\/wp-json\/wp\/v2\/product\/13879","targetHints":{"allow":["GET"]}}],"collection":[{"href":"https:\/\/www.ellenkantarellen.se\/en\/wp-json\/wp\/v2\/product"}],"about":[{"href":"https:\/\/www.ellenkantarellen.se\/en\/wp-json\/wp\/v2\/types\/product"}],"replies":[{"embeddable":true,"href":"https:\/\/www.ellenkantarellen.se\/en\/wp-json\/wp\/v2\/comments?post=13879"}],"wp:featuredmedia":[{"embeddable":true,"href":"https:\/\/www.ellenkantarellen.se\/en\/wp-json\/wp\/v2\/media\/13859"}],"wp:attachment":[{"href":"https:\/\/www.ellenkantarellen.se\/en\/wp-json\/wp\/v2\/media?parent=13879"}],"wp:term":[{"taxonomy":"product_brand","embeddable":true,"href":"https:\/\/www.ellenkantarellen.se\/en\/wp-json\/wp\/v2\/product_brand?post=13879"},{"taxonomy":"product_cat","embeddable":true,"href":"https:\/\/www.ellenkantarellen.se\/en\/wp-json\/wp\/v2\/product_cat?post=13879"},{"taxonomy":"product_tag","embeddable":true,"href":"https:\/\/www.ellenkantarellen.se\/en\/wp-json\/wp\/v2\/product_tag?post=13879"}],"curies":[{"name":"wp","href":"https:\/\/api.w.org\/{rel}","templated":true}]}}