{"id":13914,"date":"2024-08-18T12:36:22","date_gmt":"2024-08-18T10:36:22","guid":{"rendered":"https:\/\/www.ellenkantarellen.se\/?post_type=product&#038;p=13914"},"modified":"2024-12-02T07:26:16","modified_gmt":"2024-12-02T06:26:16","slug":"virkmonster-babyoverall-erik-0-6man","status":"publish","type":"product","link":"https:\/\/www.ellenkantarellen.se\/en\/produkt\/virkmonster-babyoverall-erik-0-6man\/","title":{"rendered":"Virkm\u00f6nster Babyoverall &#8221;Erik&#8221; 0-6m\u00e5n"},"content":{"rendered":"<p>M\u00f6nster p\u00e5 Lalbins virkade supers\u00f6ta babyoverall &#8221;Erik&#8221;! Storlek 0-3 m\u00e5n samt 3-6 m\u00e5n. M\u00f6nstret \u00e4r anpassat f\u00f6r akrylgarn. Denna overall kommer att bli din nya favorit!<\/p>","protected":false},"excerpt":{"rendered":"<p>Virkm\u00f6nster Babyoverall &#8221;Erik&#8221; 0 &#8211; 6m\u00e5n! <strong><em>N\u00e4r du betalat f\u00f6r m\u00f6nstret kommer du automatiskt att kunna ladda ner din PDF-fil med ditt nya supers\u00f6ta m\u00f6nster som kommer i mejl till dig!<\/em><\/strong><\/p>","protected":false},"featured_media":13916,"comment_status":"open","ping_status":"closed","template":"","meta":[],"product_brand":[],"product_cat":[944,303],"product_tag":[972,824,970,976,959,974,945,973,975,946,971],"class_list":{"0":"post-13914","1":"product","2":"type-product","3":"status-publish","4":"has-post-thumbnail","6":"product_cat-klader","7":"product_cat-monster-till-baby","8":"product_tag-virkad-babyoverall","9":"product_tag-virkad-hoodie","10":"product_tag-virkad-hoodie-till-barn","11":"product_tag-virkad-sparkdrakt","12":"product_tag-virkad-troja-till-barn","13":"product_tag-virkade-babyklader","14":"product_tag-virkat-till-barn","15":"product_tag-virkmonster-baby-overall","16":"product_tag-virkmonster-babyklader","17":"product_tag-virkmonster-barn","18":"product_tag-virkmonster-hoodie-till-barn","20":"first","21":"instock","22":"downloadable","23":"virtual","24":"sold-individually","25":"taxable","26":"purchasable","27":"product-type-simple"},"bundled_by":[],"bundle_stock_status":"instock","bundle_stock_quantity":null,"bundle_virtual":false,"bundle_layout":"","bundle_add_to_cart_form_location":"","bundle_editable_in_cart":false,"bundle_sold_individually_context":"","bundle_item_grouping":"","bundle_min_size":"","bundle_max_size":"","bundle_price":[],"bundled_items":[],"bundle_sell_ids":[],"yoast_head":"<!-- This site is optimized with the Yoast SEO plugin v27.0 - https:\/\/yoast.com\/product\/yoast-seo-wordpress\/ -->\n<title>Virkm\u00f6nster Babyoverall &quot;Erik&quot; 0-6m\u00e5n - EllenKantarellen<\/title>\n<meta name=\"description\" content=\"M\u00f6nster p\u00e5 Lalbins virkade oemotst\u00e5ndliga Hoodie med texten Love! Storlek 9 m\u00e5n - 12 \u00e5r. Detta kommer garanterat att bli en storfavorit i garderoben!\" \/>\n<meta name=\"robots\" content=\"index, follow, max-snippet:-1, max-image-preview:large, max-video-preview:-1\" \/>\n<link rel=\"canonical\" href=\"https:\/\/www.ellenkantarellen.se\/en\/product-2\/virkmonster-babyoverall-erik-0-6man\/\" \/>\n<meta property=\"og:locale\" content=\"en_GB\" \/>\n<meta property=\"og:type\" content=\"article\" \/>\n<meta property=\"og:title\" content=\"Virkm\u00f6nster Babyoverall &quot;Erik&quot; 0-6m\u00e5n - EllenKantarellen\" \/>\n<meta property=\"og:description\" content=\"M\u00f6nster p\u00e5 Lalbins virkade oemotst\u00e5ndliga Hoodie med texten Love! Storlek 9 m\u00e5n - 12 \u00e5r. Detta kommer garanterat att bli en storfavorit i garderoben!\" \/>\n<meta property=\"og:url\" content=\"https:\/\/www.ellenkantarellen.se\/en\/product-2\/virkmonster-babyoverall-erik-0-6man\/\" \/>\n<meta property=\"og:site_name\" content=\"EllenKantarellen\" \/>\n<meta property=\"article:modified_time\" content=\"2024-12-02T06:26:16+00:00\" \/>\n<meta property=\"og:image\" content=\"https:\/\/www.ellenkantarellen.se\/wp-content\/uploads\/2024\/08\/IMG_1584.png\" \/>\n\t<meta property=\"og:image:width\" content=\"509\" \/>\n\t<meta property=\"og:image:height\" content=\"720\" \/>\n\t<meta property=\"og:image:type\" content=\"image\/png\" \/>\n<meta name=\"twitter:card\" content=\"summary_large_image\" \/>\n<meta name=\"twitter:label1\" content=\"Estimated reading time\" \/>\n\t<meta name=\"twitter:data1\" content=\"1 minute\" \/>\n<script type=\"application\/ld+json\" class=\"yoast-schema-graph\">{\"@context\":\"https:\/\/schema.org\",\"@graph\":[{\"@type\":\"WebPage\",\"@id\":\"https:\/\/www.ellenkantarellen.se\/produkt\/virkmonster-babyoverall-erik-0-6man\/\",\"url\":\"https:\/\/www.ellenkantarellen.se\/produkt\/virkmonster-babyoverall-erik-0-6man\/\",\"name\":\"Virkm\u00f6nster Babyoverall \\\"Erik\\\" 0-6m\u00e5n - EllenKantarellen\",\"isPartOf\":{\"@id\":\"https:\/\/www.ellenkantarellen.se\/#website\"},\"primaryImageOfPage\":{\"@id\":\"https:\/\/www.ellenkantarellen.se\/produkt\/virkmonster-babyoverall-erik-0-6man\/#primaryimage\"},\"image\":{\"@id\":\"https:\/\/www.ellenkantarellen.se\/produkt\/virkmonster-babyoverall-erik-0-6man\/#primaryimage\"},\"thumbnailUrl\":\"https:\/\/www.ellenkantarellen.se\/wp-content\/uploads\/2024\/08\/IMG_1584.png\",\"datePublished\":\"2024-08-18T10:36:22+00:00\",\"dateModified\":\"2024-12-02T06:26:16+00:00\",\"description\":\"M\u00f6nster p\u00e5 Lalbins virkade oemotst\u00e5ndliga Hoodie med texten Love! Storlek 9 m\u00e5n - 12 \u00e5r. Detta kommer garanterat att bli en storfavorit i garderoben!\",\"breadcrumb\":{\"@id\":\"https:\/\/www.ellenkantarellen.se\/produkt\/virkmonster-babyoverall-erik-0-6man\/#breadcrumb\"},\"inLanguage\":\"en-GB\",\"potentialAction\":[{\"@type\":\"ReadAction\",\"target\":[\"https:\/\/www.ellenkantarellen.se\/produkt\/virkmonster-babyoverall-erik-0-6man\/\"]}]},{\"@type\":\"ImageObject\",\"inLanguage\":\"en-GB\",\"@id\":\"https:\/\/www.ellenkantarellen.se\/produkt\/virkmonster-babyoverall-erik-0-6man\/#primaryimage\",\"url\":\"https:\/\/www.ellenkantarellen.se\/wp-content\/uploads\/2024\/08\/IMG_1584.png\",\"contentUrl\":\"https:\/\/www.ellenkantarellen.se\/wp-content\/uploads\/2024\/08\/IMG_1584.png\",\"width\":509,\"height\":720},{\"@type\":\"BreadcrumbList\",\"@id\":\"https:\/\/www.ellenkantarellen.se\/produkt\/virkmonster-babyoverall-erik-0-6man\/#breadcrumb\",\"itemListElement\":[{\"@type\":\"ListItem\",\"position\":1,\"name\":\"Hem\",\"item\":\"https:\/\/www.ellenkantarellen.se\/\"},{\"@type\":\"ListItem\",\"position\":2,\"name\":\"Aff\u00e4r\",\"item\":\"https:\/\/www.ellenkantarellen.se\/affar\/\"},{\"@type\":\"ListItem\",\"position\":3,\"name\":\"Virkm\u00f6nster Babyoverall &#8221;Erik&#8221; 0-6m\u00e5n\"}]},{\"@type\":\"WebSite\",\"@id\":\"https:\/\/www.ellenkantarellen.se\/#website\",\"url\":\"https:\/\/www.ellenkantarellen.se\/\",\"name\":\"EllenKantarellen\",\"description\":\"\",\"publisher\":{\"@id\":\"https:\/\/www.ellenkantarellen.se\/#organization\"},\"potentialAction\":[{\"@type\":\"SearchAction\",\"target\":{\"@type\":\"EntryPoint\",\"urlTemplate\":\"https:\/\/www.ellenkantarellen.se\/?s={search_term_string}\"},\"query-input\":{\"@type\":\"PropertyValueSpecification\",\"valueRequired\":true,\"valueName\":\"search_term_string\"}}],\"inLanguage\":\"en-GB\"},{\"@type\":\"Organization\",\"@id\":\"https:\/\/www.ellenkantarellen.se\/#organization\",\"name\":\"EllenKantarellen\",\"url\":\"https:\/\/www.ellenkantarellen.se\/\",\"logo\":{\"@type\":\"ImageObject\",\"inLanguage\":\"en-GB\",\"@id\":\"https:\/\/www.ellenkantarellen.se\/#\/schema\/logo\/image\/\",\"url\":\"https:\/\/www.ellenkantarellen.se\/wp-content\/uploads\/2021\/09\/ek2.png\",\"contentUrl\":\"https:\/\/www.ellenkantarellen.se\/wp-content\/uploads\/2021\/09\/ek2.png\",\"width\":2232,\"height\":508,\"caption\":\"EllenKantarellen\"},\"image\":{\"@id\":\"https:\/\/www.ellenkantarellen.se\/#\/schema\/logo\/image\/\"}}]}<\/script>\n<!-- \/ Yoast SEO plugin. -->","yoast_head_json":{"title":"Virkm\u00f6nster Babyoverall \"Erik\" 0-6m\u00e5n - EllenKantarellen","description":"M\u00f6nster p\u00e5 Lalbins virkade oemotst\u00e5ndliga Hoodie med texten Love! Storlek 9 m\u00e5n - 12 \u00e5r. Detta kommer garanterat att bli en storfavorit i garderoben!","robots":{"index":"index","follow":"follow","max-snippet":"max-snippet:-1","max-image-preview":"max-image-preview:large","max-video-preview":"max-video-preview:-1"},"canonical":"https:\/\/www.ellenkantarellen.se\/en\/product-2\/virkmonster-babyoverall-erik-0-6man\/","og_locale":"en_GB","og_type":"article","og_title":"Virkm\u00f6nster Babyoverall \"Erik\" 0-6m\u00e5n - EllenKantarellen","og_description":"M\u00f6nster p\u00e5 Lalbins virkade oemotst\u00e5ndliga Hoodie med texten Love! Storlek 9 m\u00e5n - 12 \u00e5r. Detta kommer garanterat att bli en storfavorit i garderoben!","og_url":"https:\/\/www.ellenkantarellen.se\/en\/product-2\/virkmonster-babyoverall-erik-0-6man\/","og_site_name":"EllenKantarellen","article_modified_time":"2024-12-02T06:26:16+00:00","og_image":[{"width":509,"height":720,"url":"https:\/\/www.ellenkantarellen.se\/wp-content\/uploads\/2024\/08\/IMG_1584.png","type":"image\/png"}],"twitter_card":"summary_large_image","twitter_misc":{"Estimated reading time":"1 minute"},"schema":{"@context":"https:\/\/schema.org","@graph":[{"@type":"WebPage","@id":"https:\/\/www.ellenkantarellen.se\/produkt\/virkmonster-babyoverall-erik-0-6man\/","url":"https:\/\/www.ellenkantarellen.se\/produkt\/virkmonster-babyoverall-erik-0-6man\/","name":"Virkm\u00f6nster Babyoverall \"Erik\" 0-6m\u00e5n - EllenKantarellen","isPartOf":{"@id":"https:\/\/www.ellenkantarellen.se\/#website"},"primaryImageOfPage":{"@id":"https:\/\/www.ellenkantarellen.se\/produkt\/virkmonster-babyoverall-erik-0-6man\/#primaryimage"},"image":{"@id":"https:\/\/www.ellenkantarellen.se\/produkt\/virkmonster-babyoverall-erik-0-6man\/#primaryimage"},"thumbnailUrl":"https:\/\/www.ellenkantarellen.se\/wp-content\/uploads\/2024\/08\/IMG_1584.png","datePublished":"2024-08-18T10:36:22+00:00","dateModified":"2024-12-02T06:26:16+00:00","description":"M\u00f6nster p\u00e5 Lalbins virkade oemotst\u00e5ndliga Hoodie med texten Love! Storlek 9 m\u00e5n - 12 \u00e5r. Detta kommer garanterat att bli en storfavorit i garderoben!","breadcrumb":{"@id":"https:\/\/www.ellenkantarellen.se\/produkt\/virkmonster-babyoverall-erik-0-6man\/#breadcrumb"},"inLanguage":"en-GB","potentialAction":[{"@type":"ReadAction","target":["https:\/\/www.ellenkantarellen.se\/produkt\/virkmonster-babyoverall-erik-0-6man\/"]}]},{"@type":"ImageObject","inLanguage":"en-GB","@id":"https:\/\/www.ellenkantarellen.se\/produkt\/virkmonster-babyoverall-erik-0-6man\/#primaryimage","url":"https:\/\/www.ellenkantarellen.se\/wp-content\/uploads\/2024\/08\/IMG_1584.png","contentUrl":"https:\/\/www.ellenkantarellen.se\/wp-content\/uploads\/2024\/08\/IMG_1584.png","width":509,"height":720},{"@type":"BreadcrumbList","@id":"https:\/\/www.ellenkantarellen.se\/produkt\/virkmonster-babyoverall-erik-0-6man\/#breadcrumb","itemListElement":[{"@type":"ListItem","position":1,"name":"Hem","item":"https:\/\/www.ellenkantarellen.se\/"},{"@type":"ListItem","position":2,"name":"Aff\u00e4r","item":"https:\/\/www.ellenkantarellen.se\/affar\/"},{"@type":"ListItem","position":3,"name":"Virkm\u00f6nster Babyoverall &#8221;Erik&#8221; 0-6m\u00e5n"}]},{"@type":"WebSite","@id":"https:\/\/www.ellenkantarellen.se\/#website","url":"https:\/\/www.ellenkantarellen.se\/","name":"EllenKantarellen","description":"","publisher":{"@id":"https:\/\/www.ellenkantarellen.se\/#organization"},"potentialAction":[{"@type":"SearchAction","target":{"@type":"EntryPoint","urlTemplate":"https:\/\/www.ellenkantarellen.se\/?s={search_term_string}"},"query-input":{"@type":"PropertyValueSpecification","valueRequired":true,"valueName":"search_term_string"}}],"inLanguage":"en-GB"},{"@type":"Organization","@id":"https:\/\/www.ellenkantarellen.se\/#organization","name":"EllenKantarellen","url":"https:\/\/www.ellenkantarellen.se\/","logo":{"@type":"ImageObject","inLanguage":"en-GB","@id":"https:\/\/www.ellenkantarellen.se\/#\/schema\/logo\/image\/","url":"https:\/\/www.ellenkantarellen.se\/wp-content\/uploads\/2021\/09\/ek2.png","contentUrl":"https:\/\/www.ellenkantarellen.se\/wp-content\/uploads\/2021\/09\/ek2.png","width":2232,"height":508,"caption":"EllenKantarellen"},"image":{"@id":"https:\/\/www.ellenkantarellen.se\/#\/schema\/logo\/image\/"}}]}},"_links":{"self":[{"href":"https:\/\/www.ellenkantarellen.se\/en\/wp-json\/wp\/v2\/product\/13914","targetHints":{"allow":["GET"]}}],"collection":[{"href":"https:\/\/www.ellenkantarellen.se\/en\/wp-json\/wp\/v2\/product"}],"about":[{"href":"https:\/\/www.ellenkantarellen.se\/en\/wp-json\/wp\/v2\/types\/product"}],"replies":[{"embeddable":true,"href":"https:\/\/www.ellenkantarellen.se\/en\/wp-json\/wp\/v2\/comments?post=13914"}],"wp:featuredmedia":[{"embeddable":true,"href":"https:\/\/www.ellenkantarellen.se\/en\/wp-json\/wp\/v2\/media\/13916"}],"wp:attachment":[{"href":"https:\/\/www.ellenkantarellen.se\/en\/wp-json\/wp\/v2\/media?parent=13914"}],"wp:term":[{"taxonomy":"product_brand","embeddable":true,"href":"https:\/\/www.ellenkantarellen.se\/en\/wp-json\/wp\/v2\/product_brand?post=13914"},{"taxonomy":"product_cat","embeddable":true,"href":"https:\/\/www.ellenkantarellen.se\/en\/wp-json\/wp\/v2\/product_cat?post=13914"},{"taxonomy":"product_tag","embeddable":true,"href":"https:\/\/www.ellenkantarellen.se\/en\/wp-json\/wp\/v2\/product_tag?post=13914"}],"curies":[{"name":"wp","href":"https:\/\/api.w.org\/{rel}","templated":true}]}}