{"id":14289,"date":"2024-09-13T21:44:10","date_gmt":"2024-09-13T19:44:10","guid":{"rendered":"https:\/\/www.ellenkantarellen.se\/?post_type=product&#038;p=14289"},"modified":"2025-12-02T07:16:46","modified_gmt":"2025-12-02T06:16:46","slug":"monster-virkat-spoke-som-virkar","status":"publish","type":"product","link":"https:\/\/www.ellenkantarellen.se\/en\/produkt\/monster-virkat-spoke-som-virkar\/","title":{"rendered":"M\u00f6nster VirkSp\u00f6ke med huvudband och pumpa"},"content":{"rendered":"<p>M\u00f6nster p\u00e5 virkat supergulligt sp\u00f6ke med huvudband som virkar en filt med ett hj\u00e4rta p\u00e5! Sp\u00f6ket blir cirka 16 cm h\u00f6g. Ett absolut m\u00e5ste hos alla som \u00e4lskar att virka! Ett m\u00f6nster som passar b\u00e5de nyb\u00f6rjare som van! Virkas med Chenillegarn samt akrylgarn.<\/p>","protected":false},"excerpt":{"rendered":"<p><em>M\u00f6nster p\u00e5 virkat supergulligt Virksp\u00f6ke som virkar en filt med ett hj\u00e4rta p\u00e5! <\/em><strong><em>After payment you can instantly download your new pattern! You get an email with a link to the pattern.<\/em><\/strong><\/p>","protected":false},"featured_media":14291,"comment_status":"open","ping_status":"closed","template":"","meta":[],"product_brand":[],"product_cat":[300,457],"product_tag":[996,491,768,480,472,765,997,809,807],"class_list":{"0":"post-14289","1":"product","2":"type-product","3":"status-publish","4":"has-post-thumbnail","6":"product_cat-host-och-halloweenmonster","7":"product_cat-monster-amigurumi","8":"product_tag-virkad-oronvarmare","9":"product_tag-virkat-halloween","10":"product_tag-virkat-harband","11":"product_tag-virkat-spoke","12":"product_tag-virkmonster-halloween","13":"product_tag-virkmonster-harband","14":"product_tag-virkmonster-oronvarmare","15":"product_tag-virkmonster-spoke","16":"product_tag-virkmonster-till-halloween","18":"first","19":"instock","20":"downloadable","21":"virtual","22":"sold-individually","23":"taxable","24":"purchasable","25":"product-type-simple"},"bundled_by":[],"bundle_stock_status":"instock","bundle_stock_quantity":null,"bundle_virtual":false,"bundle_layout":"","bundle_add_to_cart_form_location":"","bundle_editable_in_cart":false,"bundle_sold_individually_context":"","bundle_item_grouping":"","bundle_min_size":"","bundle_max_size":"","bundle_price":[],"bundled_items":[],"bundle_sell_ids":[],"yoast_head":"<!-- This site is optimized with the Yoast SEO plugin v27.0 - https:\/\/yoast.com\/product\/yoast-seo-wordpress\/ -->\n<title>M\u00f6nster VirkSp\u00f6ke med huvudband och pumpa - EllenKantarellen<\/title>\n<meta name=\"description\" content=\"M\u00f6nster p\u00e5 virkat supergulligt sp\u00f6ke med huvudband som virkar en filt med ett hj\u00e4rta p\u00e5! Ett absolut m\u00e5ste hos alla som \u00e4lskar att virka!\" \/>\n<meta name=\"robots\" content=\"index, follow, max-snippet:-1, max-image-preview:large, max-video-preview:-1\" \/>\n<link rel=\"canonical\" href=\"https:\/\/www.ellenkantarellen.se\/en\/product-2\/monster-virkat-spoke-som-virkar\/\" \/>\n<meta property=\"og:locale\" content=\"en_GB\" \/>\n<meta property=\"og:type\" content=\"article\" \/>\n<meta property=\"og:title\" content=\"M\u00f6nster VirkSp\u00f6ke med huvudband och pumpa - EllenKantarellen\" \/>\n<meta property=\"og:description\" content=\"M\u00f6nster p\u00e5 virkat supergulligt sp\u00f6ke med huvudband som virkar en filt med ett hj\u00e4rta p\u00e5! Ett absolut m\u00e5ste hos alla som \u00e4lskar att virka!\" \/>\n<meta property=\"og:url\" content=\"https:\/\/www.ellenkantarellen.se\/en\/product-2\/monster-virkat-spoke-som-virkar\/\" \/>\n<meta property=\"og:site_name\" content=\"EllenKantarellen\" \/>\n<meta property=\"article:modified_time\" content=\"2025-12-02T06:16:46+00:00\" \/>\n<meta property=\"og:image\" content=\"https:\/\/www.ellenkantarellen.se\/wp-content\/uploads\/2024\/09\/Foto-2024-09-13-13-05-07.jpg\" \/>\n\t<meta property=\"og:image:width\" content=\"960\" \/>\n\t<meta property=\"og:image:height\" content=\"1280\" \/>\n\t<meta property=\"og:image:type\" content=\"image\/jpeg\" \/>\n<meta name=\"twitter:card\" content=\"summary_large_image\" \/>\n<meta name=\"twitter:label1\" content=\"Estimated reading time\" \/>\n\t<meta name=\"twitter:data1\" content=\"1 minute\" \/>\n<script type=\"application\/ld+json\" class=\"yoast-schema-graph\">{\"@context\":\"https:\/\/schema.org\",\"@graph\":[{\"@type\":\"WebPage\",\"@id\":\"https:\/\/www.ellenkantarellen.se\/produkt\/monster-virkat-spoke-som-virkar\/\",\"url\":\"https:\/\/www.ellenkantarellen.se\/produkt\/monster-virkat-spoke-som-virkar\/\",\"name\":\"M\u00f6nster VirkSp\u00f6ke med huvudband och pumpa - EllenKantarellen\",\"isPartOf\":{\"@id\":\"https:\/\/www.ellenkantarellen.se\/#website\"},\"primaryImageOfPage\":{\"@id\":\"https:\/\/www.ellenkantarellen.se\/produkt\/monster-virkat-spoke-som-virkar\/#primaryimage\"},\"image\":{\"@id\":\"https:\/\/www.ellenkantarellen.se\/produkt\/monster-virkat-spoke-som-virkar\/#primaryimage\"},\"thumbnailUrl\":\"https:\/\/www.ellenkantarellen.se\/wp-content\/uploads\/2024\/09\/Foto-2024-09-13-13-05-07.jpg\",\"datePublished\":\"2024-09-13T19:44:10+00:00\",\"dateModified\":\"2025-12-02T06:16:46+00:00\",\"description\":\"M\u00f6nster p\u00e5 virkat supergulligt sp\u00f6ke med huvudband som virkar en filt med ett hj\u00e4rta p\u00e5! Ett absolut m\u00e5ste hos alla som \u00e4lskar att virka!\",\"breadcrumb\":{\"@id\":\"https:\/\/www.ellenkantarellen.se\/produkt\/monster-virkat-spoke-som-virkar\/#breadcrumb\"},\"inLanguage\":\"en-GB\",\"potentialAction\":[{\"@type\":\"ReadAction\",\"target\":[\"https:\/\/www.ellenkantarellen.se\/produkt\/monster-virkat-spoke-som-virkar\/\"]}]},{\"@type\":\"ImageObject\",\"inLanguage\":\"en-GB\",\"@id\":\"https:\/\/www.ellenkantarellen.se\/produkt\/monster-virkat-spoke-som-virkar\/#primaryimage\",\"url\":\"https:\/\/www.ellenkantarellen.se\/wp-content\/uploads\/2024\/09\/Foto-2024-09-13-13-05-07.jpg\",\"contentUrl\":\"https:\/\/www.ellenkantarellen.se\/wp-content\/uploads\/2024\/09\/Foto-2024-09-13-13-05-07.jpg\",\"width\":960,\"height\":1280},{\"@type\":\"BreadcrumbList\",\"@id\":\"https:\/\/www.ellenkantarellen.se\/produkt\/monster-virkat-spoke-som-virkar\/#breadcrumb\",\"itemListElement\":[{\"@type\":\"ListItem\",\"position\":1,\"name\":\"Hem\",\"item\":\"https:\/\/www.ellenkantarellen.se\/\"},{\"@type\":\"ListItem\",\"position\":2,\"name\":\"Aff\u00e4r\",\"item\":\"https:\/\/www.ellenkantarellen.se\/affar\/\"},{\"@type\":\"ListItem\",\"position\":3,\"name\":\"M\u00f6nster VirkSp\u00f6ke med huvudband och pumpa\"}]},{\"@type\":\"WebSite\",\"@id\":\"https:\/\/www.ellenkantarellen.se\/#website\",\"url\":\"https:\/\/www.ellenkantarellen.se\/\",\"name\":\"EllenKantarellen\",\"description\":\"\",\"publisher\":{\"@id\":\"https:\/\/www.ellenkantarellen.se\/#organization\"},\"potentialAction\":[{\"@type\":\"SearchAction\",\"target\":{\"@type\":\"EntryPoint\",\"urlTemplate\":\"https:\/\/www.ellenkantarellen.se\/?s={search_term_string}\"},\"query-input\":{\"@type\":\"PropertyValueSpecification\",\"valueRequired\":true,\"valueName\":\"search_term_string\"}}],\"inLanguage\":\"en-GB\"},{\"@type\":\"Organization\",\"@id\":\"https:\/\/www.ellenkantarellen.se\/#organization\",\"name\":\"EllenKantarellen\",\"url\":\"https:\/\/www.ellenkantarellen.se\/\",\"logo\":{\"@type\":\"ImageObject\",\"inLanguage\":\"en-GB\",\"@id\":\"https:\/\/www.ellenkantarellen.se\/#\/schema\/logo\/image\/\",\"url\":\"https:\/\/www.ellenkantarellen.se\/wp-content\/uploads\/2021\/09\/ek2.png\",\"contentUrl\":\"https:\/\/www.ellenkantarellen.se\/wp-content\/uploads\/2021\/09\/ek2.png\",\"width\":2232,\"height\":508,\"caption\":\"EllenKantarellen\"},\"image\":{\"@id\":\"https:\/\/www.ellenkantarellen.se\/#\/schema\/logo\/image\/\"}}]}<\/script>\n<!-- \/ Yoast SEO plugin. -->","yoast_head_json":{"title":"M\u00f6nster VirkSp\u00f6ke med huvudband och pumpa - EllenKantarellen","description":"M\u00f6nster p\u00e5 virkat supergulligt sp\u00f6ke med huvudband som virkar en filt med ett hj\u00e4rta p\u00e5! Ett absolut m\u00e5ste hos alla som \u00e4lskar att virka!","robots":{"index":"index","follow":"follow","max-snippet":"max-snippet:-1","max-image-preview":"max-image-preview:large","max-video-preview":"max-video-preview:-1"},"canonical":"https:\/\/www.ellenkantarellen.se\/en\/product-2\/monster-virkat-spoke-som-virkar\/","og_locale":"en_GB","og_type":"article","og_title":"M\u00f6nster VirkSp\u00f6ke med huvudband och pumpa - EllenKantarellen","og_description":"M\u00f6nster p\u00e5 virkat supergulligt sp\u00f6ke med huvudband som virkar en filt med ett hj\u00e4rta p\u00e5! Ett absolut m\u00e5ste hos alla som \u00e4lskar att virka!","og_url":"https:\/\/www.ellenkantarellen.se\/en\/product-2\/monster-virkat-spoke-som-virkar\/","og_site_name":"EllenKantarellen","article_modified_time":"2025-12-02T06:16:46+00:00","og_image":[{"width":960,"height":1280,"url":"https:\/\/www.ellenkantarellen.se\/wp-content\/uploads\/2024\/09\/Foto-2024-09-13-13-05-07.jpg","type":"image\/jpeg"}],"twitter_card":"summary_large_image","twitter_misc":{"Estimated reading time":"1 minute"},"schema":{"@context":"https:\/\/schema.org","@graph":[{"@type":"WebPage","@id":"https:\/\/www.ellenkantarellen.se\/produkt\/monster-virkat-spoke-som-virkar\/","url":"https:\/\/www.ellenkantarellen.se\/produkt\/monster-virkat-spoke-som-virkar\/","name":"M\u00f6nster VirkSp\u00f6ke med huvudband och pumpa - EllenKantarellen","isPartOf":{"@id":"https:\/\/www.ellenkantarellen.se\/#website"},"primaryImageOfPage":{"@id":"https:\/\/www.ellenkantarellen.se\/produkt\/monster-virkat-spoke-som-virkar\/#primaryimage"},"image":{"@id":"https:\/\/www.ellenkantarellen.se\/produkt\/monster-virkat-spoke-som-virkar\/#primaryimage"},"thumbnailUrl":"https:\/\/www.ellenkantarellen.se\/wp-content\/uploads\/2024\/09\/Foto-2024-09-13-13-05-07.jpg","datePublished":"2024-09-13T19:44:10+00:00","dateModified":"2025-12-02T06:16:46+00:00","description":"M\u00f6nster p\u00e5 virkat supergulligt sp\u00f6ke med huvudband som virkar en filt med ett hj\u00e4rta p\u00e5! Ett absolut m\u00e5ste hos alla som \u00e4lskar att virka!","breadcrumb":{"@id":"https:\/\/www.ellenkantarellen.se\/produkt\/monster-virkat-spoke-som-virkar\/#breadcrumb"},"inLanguage":"en-GB","potentialAction":[{"@type":"ReadAction","target":["https:\/\/www.ellenkantarellen.se\/produkt\/monster-virkat-spoke-som-virkar\/"]}]},{"@type":"ImageObject","inLanguage":"en-GB","@id":"https:\/\/www.ellenkantarellen.se\/produkt\/monster-virkat-spoke-som-virkar\/#primaryimage","url":"https:\/\/www.ellenkantarellen.se\/wp-content\/uploads\/2024\/09\/Foto-2024-09-13-13-05-07.jpg","contentUrl":"https:\/\/www.ellenkantarellen.se\/wp-content\/uploads\/2024\/09\/Foto-2024-09-13-13-05-07.jpg","width":960,"height":1280},{"@type":"BreadcrumbList","@id":"https:\/\/www.ellenkantarellen.se\/produkt\/monster-virkat-spoke-som-virkar\/#breadcrumb","itemListElement":[{"@type":"ListItem","position":1,"name":"Hem","item":"https:\/\/www.ellenkantarellen.se\/"},{"@type":"ListItem","position":2,"name":"Aff\u00e4r","item":"https:\/\/www.ellenkantarellen.se\/affar\/"},{"@type":"ListItem","position":3,"name":"M\u00f6nster VirkSp\u00f6ke med huvudband och pumpa"}]},{"@type":"WebSite","@id":"https:\/\/www.ellenkantarellen.se\/#website","url":"https:\/\/www.ellenkantarellen.se\/","name":"EllenKantarellen","description":"","publisher":{"@id":"https:\/\/www.ellenkantarellen.se\/#organization"},"potentialAction":[{"@type":"SearchAction","target":{"@type":"EntryPoint","urlTemplate":"https:\/\/www.ellenkantarellen.se\/?s={search_term_string}"},"query-input":{"@type":"PropertyValueSpecification","valueRequired":true,"valueName":"search_term_string"}}],"inLanguage":"en-GB"},{"@type":"Organization","@id":"https:\/\/www.ellenkantarellen.se\/#organization","name":"EllenKantarellen","url":"https:\/\/www.ellenkantarellen.se\/","logo":{"@type":"ImageObject","inLanguage":"en-GB","@id":"https:\/\/www.ellenkantarellen.se\/#\/schema\/logo\/image\/","url":"https:\/\/www.ellenkantarellen.se\/wp-content\/uploads\/2021\/09\/ek2.png","contentUrl":"https:\/\/www.ellenkantarellen.se\/wp-content\/uploads\/2021\/09\/ek2.png","width":2232,"height":508,"caption":"EllenKantarellen"},"image":{"@id":"https:\/\/www.ellenkantarellen.se\/#\/schema\/logo\/image\/"}}]}},"_links":{"self":[{"href":"https:\/\/www.ellenkantarellen.se\/en\/wp-json\/wp\/v2\/product\/14289","targetHints":{"allow":["GET"]}}],"collection":[{"href":"https:\/\/www.ellenkantarellen.se\/en\/wp-json\/wp\/v2\/product"}],"about":[{"href":"https:\/\/www.ellenkantarellen.se\/en\/wp-json\/wp\/v2\/types\/product"}],"replies":[{"embeddable":true,"href":"https:\/\/www.ellenkantarellen.se\/en\/wp-json\/wp\/v2\/comments?post=14289"}],"wp:featuredmedia":[{"embeddable":true,"href":"https:\/\/www.ellenkantarellen.se\/en\/wp-json\/wp\/v2\/media\/14291"}],"wp:attachment":[{"href":"https:\/\/www.ellenkantarellen.se\/en\/wp-json\/wp\/v2\/media?parent=14289"}],"wp:term":[{"taxonomy":"product_brand","embeddable":true,"href":"https:\/\/www.ellenkantarellen.se\/en\/wp-json\/wp\/v2\/product_brand?post=14289"},{"taxonomy":"product_cat","embeddable":true,"href":"https:\/\/www.ellenkantarellen.se\/en\/wp-json\/wp\/v2\/product_cat?post=14289"},{"taxonomy":"product_tag","embeddable":true,"href":"https:\/\/www.ellenkantarellen.se\/en\/wp-json\/wp\/v2\/product_tag?post=14289"}],"curies":[{"name":"wp","href":"https:\/\/api.w.org\/{rel}","templated":true}]}}