{"id":14580,"date":"2024-09-30T13:07:37","date_gmt":"2024-09-30T11:07:37","guid":{"rendered":"https:\/\/www.ellenkantarellen.se\/?post_type=product&#038;p=14580"},"modified":"2025-12-02T07:16:26","modified_gmt":"2025-12-02T06:16:26","slug":"monster-virkade-rundlar-set-pumpa","status":"publish","type":"product","link":"https:\/\/www.ellenkantarellen.se\/en\/produkt\/monster-virkade-rundlar-set-pumpa\/","title":{"rendered":"M\u00f6nster virkade Rundlar set Pumpa"},"content":{"rendered":"<p>M\u00f6nster p\u00e5 mina s\u00f6ta virkade Pumpa-Rundlar med p\u00e5se. Perfekt att ge bort som en fin present! Anv\u00e4nd som f\u00f6rvaring eller som tv\u00e4ttp\u00e5se!\u00a0 Om du vill ge bort din nya rundlar kan du \u00e4ven f\u00e5 den att se lite proffsigare ut med <a href=\"https:\/\/www.ellenkantarellen.se\/en\/product-2\/etiketter-till-rundlar\/\">these tags!<\/a><\/p>\n<p>&nbsp;<\/p>","protected":false},"excerpt":{"rendered":"<p><em>M\u00f6nster p\u00e5 mina s\u00f6ta virkade Pumpa-Rundlar med p\u00e5se. Perfekt att ge bort som en fin present! Anv\u00e4nd som f\u00f6rvaring eller som tv\u00e4ttp\u00e5se! <\/em><strong><em>After payment you can instantly download your new pattern! You get an email with a link to the pattern.<\/em><\/strong><\/p>","protected":false},"featured_media":14582,"comment_status":"open","ping_status":"closed","template":"","meta":[],"product_brand":[],"product_cat":[300,458],"product_tag":[775,772,774,46,666,670,986,767,776,472,773,240,766],"class_list":{"0":"post-14580","1":"product","2":"type-product","3":"status-publish","4":"has-post-thumbnail","6":"product_cat-host-och-halloweenmonster","7":"product_cat-ovriga-monster","8":"product_tag-monster-virkade-rundlar","9":"product_tag-monster-virkat-spa","10":"product_tag-virkad-pase","11":"product_tag-virkad-pumpa","12":"product_tag-virkade-rundlar","13":"product_tag-virkade-scrubbies","14":"product_tag-virkat-till-halloween","15":"product_tag-virkat-till-spa","16":"product_tag-virkmonster-ansiktsrundlar","17":"product_tag-virkmonster-halloween","18":"product_tag-virkmonster-natpase","19":"product_tag-virkmonster-pumpa","20":"product_tag-virkmonster-spa","22":"first","23":"instock","24":"downloadable","25":"virtual","26":"taxable","27":"purchasable","28":"product-type-simple"},"bundled_by":[],"bundle_stock_status":"instock","bundle_stock_quantity":null,"bundle_virtual":false,"bundle_layout":"","bundle_add_to_cart_form_location":"","bundle_editable_in_cart":false,"bundle_sold_individually_context":"","bundle_item_grouping":"","bundle_min_size":"","bundle_max_size":"","bundle_price":[],"bundled_items":[],"bundle_sell_ids":[],"yoast_head":"<!-- This site is optimized with the Yoast SEO plugin v27.0 - https:\/\/yoast.com\/product\/yoast-seo-wordpress\/ -->\n<title>M\u00f6nster virkade Rundlar set Pumpa - EllenKantarellen<\/title>\n<meta name=\"description\" content=\"M\u00f6nster p\u00e5 mina s\u00f6ta virkade Pumpa-Rundlar med p\u00e5se. Perfekt att ge bort som en fin present! Anv\u00e4nd som f\u00f6rvaring eller som tv\u00e4ttp\u00e5se!\" \/>\n<meta name=\"robots\" content=\"index, follow, max-snippet:-1, max-image-preview:large, max-video-preview:-1\" \/>\n<link rel=\"canonical\" href=\"https:\/\/www.ellenkantarellen.se\/en\/product-2\/monster-virkade-rundlar-set-pumpa\/\" \/>\n<meta property=\"og:locale\" content=\"en_GB\" \/>\n<meta property=\"og:type\" content=\"article\" \/>\n<meta property=\"og:title\" content=\"M\u00f6nster virkade Rundlar set Pumpa - EllenKantarellen\" \/>\n<meta property=\"og:description\" content=\"M\u00f6nster p\u00e5 mina s\u00f6ta virkade Pumpa-Rundlar med p\u00e5se. Perfekt att ge bort som en fin present! Anv\u00e4nd som f\u00f6rvaring eller som tv\u00e4ttp\u00e5se!\" \/>\n<meta property=\"og:url\" content=\"https:\/\/www.ellenkantarellen.se\/en\/product-2\/monster-virkade-rundlar-set-pumpa\/\" \/>\n<meta property=\"og:site_name\" content=\"EllenKantarellen\" \/>\n<meta property=\"article:modified_time\" content=\"2025-12-02T06:16:26+00:00\" \/>\n<meta property=\"og:image\" content=\"https:\/\/www.ellenkantarellen.se\/wp-content\/uploads\/2024\/09\/Foto-2024-09-29-13-48-01-1.jpg\" \/>\n\t<meta property=\"og:image:width\" content=\"960\" \/>\n\t<meta property=\"og:image:height\" content=\"1280\" \/>\n\t<meta property=\"og:image:type\" content=\"image\/jpeg\" \/>\n<meta name=\"twitter:card\" content=\"summary_large_image\" \/>\n<meta name=\"twitter:label1\" content=\"Estimated reading time\" \/>\n\t<meta name=\"twitter:data1\" content=\"1 minute\" \/>\n<script type=\"application\/ld+json\" class=\"yoast-schema-graph\">{\"@context\":\"https:\/\/schema.org\",\"@graph\":[{\"@type\":\"WebPage\",\"@id\":\"https:\/\/www.ellenkantarellen.se\/produkt\/monster-virkade-rundlar-set-pumpa\/\",\"url\":\"https:\/\/www.ellenkantarellen.se\/produkt\/monster-virkade-rundlar-set-pumpa\/\",\"name\":\"M\u00f6nster virkade Rundlar set Pumpa - EllenKantarellen\",\"isPartOf\":{\"@id\":\"https:\/\/www.ellenkantarellen.se\/#website\"},\"primaryImageOfPage\":{\"@id\":\"https:\/\/www.ellenkantarellen.se\/produkt\/monster-virkade-rundlar-set-pumpa\/#primaryimage\"},\"image\":{\"@id\":\"https:\/\/www.ellenkantarellen.se\/produkt\/monster-virkade-rundlar-set-pumpa\/#primaryimage\"},\"thumbnailUrl\":\"https:\/\/www.ellenkantarellen.se\/wp-content\/uploads\/2024\/09\/Foto-2024-09-29-13-48-01-1.jpg\",\"datePublished\":\"2024-09-30T11:07:37+00:00\",\"dateModified\":\"2025-12-02T06:16:26+00:00\",\"description\":\"M\u00f6nster p\u00e5 mina s\u00f6ta virkade Pumpa-Rundlar med p\u00e5se. Perfekt att ge bort som en fin present! Anv\u00e4nd som f\u00f6rvaring eller som tv\u00e4ttp\u00e5se!\",\"breadcrumb\":{\"@id\":\"https:\/\/www.ellenkantarellen.se\/produkt\/monster-virkade-rundlar-set-pumpa\/#breadcrumb\"},\"inLanguage\":\"en-GB\",\"potentialAction\":[{\"@type\":\"ReadAction\",\"target\":[\"https:\/\/www.ellenkantarellen.se\/produkt\/monster-virkade-rundlar-set-pumpa\/\"]}]},{\"@type\":\"ImageObject\",\"inLanguage\":\"en-GB\",\"@id\":\"https:\/\/www.ellenkantarellen.se\/produkt\/monster-virkade-rundlar-set-pumpa\/#primaryimage\",\"url\":\"https:\/\/www.ellenkantarellen.se\/wp-content\/uploads\/2024\/09\/Foto-2024-09-29-13-48-01-1.jpg\",\"contentUrl\":\"https:\/\/www.ellenkantarellen.se\/wp-content\/uploads\/2024\/09\/Foto-2024-09-29-13-48-01-1.jpg\",\"width\":960,\"height\":1280},{\"@type\":\"BreadcrumbList\",\"@id\":\"https:\/\/www.ellenkantarellen.se\/produkt\/monster-virkade-rundlar-set-pumpa\/#breadcrumb\",\"itemListElement\":[{\"@type\":\"ListItem\",\"position\":1,\"name\":\"Hem\",\"item\":\"https:\/\/www.ellenkantarellen.se\/\"},{\"@type\":\"ListItem\",\"position\":2,\"name\":\"Aff\u00e4r\",\"item\":\"https:\/\/www.ellenkantarellen.se\/affar\/\"},{\"@type\":\"ListItem\",\"position\":3,\"name\":\"M\u00f6nster virkade Rundlar set Pumpa\"}]},{\"@type\":\"WebSite\",\"@id\":\"https:\/\/www.ellenkantarellen.se\/#website\",\"url\":\"https:\/\/www.ellenkantarellen.se\/\",\"name\":\"EllenKantarellen\",\"description\":\"\",\"publisher\":{\"@id\":\"https:\/\/www.ellenkantarellen.se\/#organization\"},\"potentialAction\":[{\"@type\":\"SearchAction\",\"target\":{\"@type\":\"EntryPoint\",\"urlTemplate\":\"https:\/\/www.ellenkantarellen.se\/?s={search_term_string}\"},\"query-input\":{\"@type\":\"PropertyValueSpecification\",\"valueRequired\":true,\"valueName\":\"search_term_string\"}}],\"inLanguage\":\"en-GB\"},{\"@type\":\"Organization\",\"@id\":\"https:\/\/www.ellenkantarellen.se\/#organization\",\"name\":\"EllenKantarellen\",\"url\":\"https:\/\/www.ellenkantarellen.se\/\",\"logo\":{\"@type\":\"ImageObject\",\"inLanguage\":\"en-GB\",\"@id\":\"https:\/\/www.ellenkantarellen.se\/#\/schema\/logo\/image\/\",\"url\":\"https:\/\/www.ellenkantarellen.se\/wp-content\/uploads\/2021\/09\/ek2.png\",\"contentUrl\":\"https:\/\/www.ellenkantarellen.se\/wp-content\/uploads\/2021\/09\/ek2.png\",\"width\":2232,\"height\":508,\"caption\":\"EllenKantarellen\"},\"image\":{\"@id\":\"https:\/\/www.ellenkantarellen.se\/#\/schema\/logo\/image\/\"}}]}<\/script>\n<!-- \/ Yoast SEO plugin. -->","yoast_head_json":{"title":"M\u00f6nster virkade Rundlar set Pumpa - EllenKantarellen","description":"M\u00f6nster p\u00e5 mina s\u00f6ta virkade Pumpa-Rundlar med p\u00e5se. Perfekt att ge bort som en fin present! Anv\u00e4nd som f\u00f6rvaring eller som tv\u00e4ttp\u00e5se!","robots":{"index":"index","follow":"follow","max-snippet":"max-snippet:-1","max-image-preview":"max-image-preview:large","max-video-preview":"max-video-preview:-1"},"canonical":"https:\/\/www.ellenkantarellen.se\/en\/product-2\/monster-virkade-rundlar-set-pumpa\/","og_locale":"en_GB","og_type":"article","og_title":"M\u00f6nster virkade Rundlar set Pumpa - EllenKantarellen","og_description":"M\u00f6nster p\u00e5 mina s\u00f6ta virkade Pumpa-Rundlar med p\u00e5se. Perfekt att ge bort som en fin present! Anv\u00e4nd som f\u00f6rvaring eller som tv\u00e4ttp\u00e5se!","og_url":"https:\/\/www.ellenkantarellen.se\/en\/product-2\/monster-virkade-rundlar-set-pumpa\/","og_site_name":"EllenKantarellen","article_modified_time":"2025-12-02T06:16:26+00:00","og_image":[{"width":960,"height":1280,"url":"https:\/\/www.ellenkantarellen.se\/wp-content\/uploads\/2024\/09\/Foto-2024-09-29-13-48-01-1.jpg","type":"image\/jpeg"}],"twitter_card":"summary_large_image","twitter_misc":{"Estimated reading time":"1 minute"},"schema":{"@context":"https:\/\/schema.org","@graph":[{"@type":"WebPage","@id":"https:\/\/www.ellenkantarellen.se\/produkt\/monster-virkade-rundlar-set-pumpa\/","url":"https:\/\/www.ellenkantarellen.se\/produkt\/monster-virkade-rundlar-set-pumpa\/","name":"M\u00f6nster virkade Rundlar set Pumpa - EllenKantarellen","isPartOf":{"@id":"https:\/\/www.ellenkantarellen.se\/#website"},"primaryImageOfPage":{"@id":"https:\/\/www.ellenkantarellen.se\/produkt\/monster-virkade-rundlar-set-pumpa\/#primaryimage"},"image":{"@id":"https:\/\/www.ellenkantarellen.se\/produkt\/monster-virkade-rundlar-set-pumpa\/#primaryimage"},"thumbnailUrl":"https:\/\/www.ellenkantarellen.se\/wp-content\/uploads\/2024\/09\/Foto-2024-09-29-13-48-01-1.jpg","datePublished":"2024-09-30T11:07:37+00:00","dateModified":"2025-12-02T06:16:26+00:00","description":"M\u00f6nster p\u00e5 mina s\u00f6ta virkade Pumpa-Rundlar med p\u00e5se. Perfekt att ge bort som en fin present! Anv\u00e4nd som f\u00f6rvaring eller som tv\u00e4ttp\u00e5se!","breadcrumb":{"@id":"https:\/\/www.ellenkantarellen.se\/produkt\/monster-virkade-rundlar-set-pumpa\/#breadcrumb"},"inLanguage":"en-GB","potentialAction":[{"@type":"ReadAction","target":["https:\/\/www.ellenkantarellen.se\/produkt\/monster-virkade-rundlar-set-pumpa\/"]}]},{"@type":"ImageObject","inLanguage":"en-GB","@id":"https:\/\/www.ellenkantarellen.se\/produkt\/monster-virkade-rundlar-set-pumpa\/#primaryimage","url":"https:\/\/www.ellenkantarellen.se\/wp-content\/uploads\/2024\/09\/Foto-2024-09-29-13-48-01-1.jpg","contentUrl":"https:\/\/www.ellenkantarellen.se\/wp-content\/uploads\/2024\/09\/Foto-2024-09-29-13-48-01-1.jpg","width":960,"height":1280},{"@type":"BreadcrumbList","@id":"https:\/\/www.ellenkantarellen.se\/produkt\/monster-virkade-rundlar-set-pumpa\/#breadcrumb","itemListElement":[{"@type":"ListItem","position":1,"name":"Hem","item":"https:\/\/www.ellenkantarellen.se\/"},{"@type":"ListItem","position":2,"name":"Aff\u00e4r","item":"https:\/\/www.ellenkantarellen.se\/affar\/"},{"@type":"ListItem","position":3,"name":"M\u00f6nster virkade Rundlar set Pumpa"}]},{"@type":"WebSite","@id":"https:\/\/www.ellenkantarellen.se\/#website","url":"https:\/\/www.ellenkantarellen.se\/","name":"EllenKantarellen","description":"","publisher":{"@id":"https:\/\/www.ellenkantarellen.se\/#organization"},"potentialAction":[{"@type":"SearchAction","target":{"@type":"EntryPoint","urlTemplate":"https:\/\/www.ellenkantarellen.se\/?s={search_term_string}"},"query-input":{"@type":"PropertyValueSpecification","valueRequired":true,"valueName":"search_term_string"}}],"inLanguage":"en-GB"},{"@type":"Organization","@id":"https:\/\/www.ellenkantarellen.se\/#organization","name":"EllenKantarellen","url":"https:\/\/www.ellenkantarellen.se\/","logo":{"@type":"ImageObject","inLanguage":"en-GB","@id":"https:\/\/www.ellenkantarellen.se\/#\/schema\/logo\/image\/","url":"https:\/\/www.ellenkantarellen.se\/wp-content\/uploads\/2021\/09\/ek2.png","contentUrl":"https:\/\/www.ellenkantarellen.se\/wp-content\/uploads\/2021\/09\/ek2.png","width":2232,"height":508,"caption":"EllenKantarellen"},"image":{"@id":"https:\/\/www.ellenkantarellen.se\/#\/schema\/logo\/image\/"}}]}},"_links":{"self":[{"href":"https:\/\/www.ellenkantarellen.se\/en\/wp-json\/wp\/v2\/product\/14580","targetHints":{"allow":["GET"]}}],"collection":[{"href":"https:\/\/www.ellenkantarellen.se\/en\/wp-json\/wp\/v2\/product"}],"about":[{"href":"https:\/\/www.ellenkantarellen.se\/en\/wp-json\/wp\/v2\/types\/product"}],"replies":[{"embeddable":true,"href":"https:\/\/www.ellenkantarellen.se\/en\/wp-json\/wp\/v2\/comments?post=14580"}],"wp:featuredmedia":[{"embeddable":true,"href":"https:\/\/www.ellenkantarellen.se\/en\/wp-json\/wp\/v2\/media\/14582"}],"wp:attachment":[{"href":"https:\/\/www.ellenkantarellen.se\/en\/wp-json\/wp\/v2\/media?parent=14580"}],"wp:term":[{"taxonomy":"product_brand","embeddable":true,"href":"https:\/\/www.ellenkantarellen.se\/en\/wp-json\/wp\/v2\/product_brand?post=14580"},{"taxonomy":"product_cat","embeddable":true,"href":"https:\/\/www.ellenkantarellen.se\/en\/wp-json\/wp\/v2\/product_cat?post=14580"},{"taxonomy":"product_tag","embeddable":true,"href":"https:\/\/www.ellenkantarellen.se\/en\/wp-json\/wp\/v2\/product_tag?post=14580"}],"curies":[{"name":"wp","href":"https:\/\/api.w.org\/{rel}","templated":true}]}}