{"id":15347,"date":"2024-11-09T20:06:14","date_gmt":"2024-11-09T19:06:14","guid":{"rendered":"https:\/\/www.ellenkantarellen.se\/?post_type=product&#038;p=15347"},"modified":"2024-12-02T07:26:14","modified_gmt":"2024-12-02T06:26:14","slug":"monster-virkande-snogumma","status":"publish","type":"product","link":"https:\/\/www.ellenkantarellen.se\/en\/produkt\/monster-virkande-snogumma\/","title":{"rendered":"M\u00f6nster Virkande Sn\u00f6gumma"},"content":{"rendered":"<p>M\u00f6nster p\u00e5 virkat supergullig &#8221;Sn\u00f6gumma&#8221; med m\u00f6ssa och huvudband som virkar en filt med ett hj\u00e4rta p\u00e5! Gumman blir cirka 16 cm h\u00f6g. Ett absolut m\u00e5ste hos alla som \u00e4lskar att virka! Ett m\u00f6nster som passar b\u00e5de nyb\u00f6rjare som van! Virkas med Chenillegarn samt akrylgarn.<\/p>","protected":false},"excerpt":{"rendered":"<p><em>M\u00f6nster p\u00e5 virkat supergullig Sn\u00f6gumma som virkar en filt med ett hj\u00e4rta p\u00e5! <\/em><strong><em>After payment you can instantly download your new pattern! You get an email with a link to the pattern.<\/em><\/strong><\/p>","protected":false},"featured_media":15351,"comment_status":"open","ping_status":"closed","template":"","meta":[],"product_brand":[],"product_cat":[299,457],"product_tag":[847,1012,996,280,1007,1011,1010,768,830,251,997,1009,1008],"class_list":{"0":"post-15347","1":"product","2":"type-product","3":"status-publish","4":"has-post-thumbnail","6":"product_cat-julmonster","7":"product_cat-monster-amigurumi","8":"product_tag-julmonster","9":"product_tag-julvirkning","10":"product_tag-virkad-oronvarmare","11":"product_tag-virkad-snogubbe","12":"product_tag-virkad-snogumma","13":"product_tag-virkande-snogubbe","14":"product_tag-virkande-snogumma","15":"product_tag-virkat-harband","16":"product_tag-virkat-till-jul","17":"product_tag-virkmonster-jul","18":"product_tag-virkmonster-oronvarmare","19":"product_tag-virkmonster-snogumma","20":"product_tag-virmonster-snogubbe","22":"first","23":"instock","24":"downloadable","25":"virtual","26":"sold-individually","27":"taxable","28":"purchasable","29":"product-type-simple"},"bundled_by":[],"bundle_stock_status":"instock","bundle_stock_quantity":null,"bundle_virtual":false,"bundle_layout":"","bundle_add_to_cart_form_location":"","bundle_editable_in_cart":false,"bundle_sold_individually_context":"","bundle_item_grouping":"","bundle_min_size":"","bundle_max_size":"","bundle_price":[],"bundled_items":[],"bundle_sell_ids":[],"yoast_head":"<!-- This site is optimized with the Yoast SEO plugin v27.0 - https:\/\/yoast.com\/product\/yoast-seo-wordpress\/ -->\n<title>M\u00f6nster Virkande Sn\u00f6gumma - EllenKantarellen<\/title>\n<meta name=\"description\" content=\"M\u00f6nster p\u00e5 virkat supergullig &quot;Sn\u00f6gumma&quot; med m\u00f6ssa och huvudband som virkar en filt med ett hj\u00e4rta p\u00e5! Ett absolut m\u00e5ste hos alla som \u00e4lskar att virka!\" \/>\n<meta name=\"robots\" content=\"index, follow, max-snippet:-1, max-image-preview:large, max-video-preview:-1\" \/>\n<link rel=\"canonical\" href=\"https:\/\/www.ellenkantarellen.se\/en\/product-2\/monster-virkande-snogumma\/\" \/>\n<meta property=\"og:locale\" content=\"en_GB\" \/>\n<meta property=\"og:type\" content=\"article\" \/>\n<meta property=\"og:title\" content=\"M\u00f6nster Virkande Sn\u00f6gumma - EllenKantarellen\" \/>\n<meta property=\"og:description\" content=\"M\u00f6nster p\u00e5 virkat supergullig &quot;Sn\u00f6gumma&quot; med m\u00f6ssa och huvudband som virkar en filt med ett hj\u00e4rta p\u00e5! Ett absolut m\u00e5ste hos alla som \u00e4lskar att virka!\" \/>\n<meta property=\"og:url\" content=\"https:\/\/www.ellenkantarellen.se\/en\/product-2\/monster-virkande-snogumma\/\" \/>\n<meta property=\"og:site_name\" content=\"EllenKantarellen\" \/>\n<meta property=\"article:modified_time\" content=\"2024-12-02T06:26:14+00:00\" \/>\n<meta property=\"og:image\" content=\"https:\/\/www.ellenkantarellen.se\/wp-content\/uploads\/2024\/11\/Sommarvirkning-40.png\" \/>\n\t<meta property=\"og:image:width\" content=\"1080\" \/>\n\t<meta property=\"og:image:height\" content=\"1080\" \/>\n\t<meta property=\"og:image:type\" content=\"image\/png\" \/>\n<meta name=\"twitter:card\" content=\"summary_large_image\" \/>\n<meta name=\"twitter:label1\" content=\"Estimated reading time\" \/>\n\t<meta name=\"twitter:data1\" content=\"1 minute\" \/>\n<script type=\"application\/ld+json\" class=\"yoast-schema-graph\">{\"@context\":\"https:\/\/schema.org\",\"@graph\":[{\"@type\":\"WebPage\",\"@id\":\"https:\/\/www.ellenkantarellen.se\/produkt\/monster-virkande-snogumma\/\",\"url\":\"https:\/\/www.ellenkantarellen.se\/produkt\/monster-virkande-snogumma\/\",\"name\":\"M\u00f6nster Virkande Sn\u00f6gumma - EllenKantarellen\",\"isPartOf\":{\"@id\":\"https:\/\/www.ellenkantarellen.se\/#website\"},\"primaryImageOfPage\":{\"@id\":\"https:\/\/www.ellenkantarellen.se\/produkt\/monster-virkande-snogumma\/#primaryimage\"},\"image\":{\"@id\":\"https:\/\/www.ellenkantarellen.se\/produkt\/monster-virkande-snogumma\/#primaryimage\"},\"thumbnailUrl\":\"https:\/\/www.ellenkantarellen.se\/wp-content\/uploads\/2024\/11\/Sommarvirkning-40.png\",\"datePublished\":\"2024-11-09T19:06:14+00:00\",\"dateModified\":\"2024-12-02T06:26:14+00:00\",\"description\":\"M\u00f6nster p\u00e5 virkat supergullig \\\"Sn\u00f6gumma\\\" med m\u00f6ssa och huvudband som virkar en filt med ett hj\u00e4rta p\u00e5! Ett absolut m\u00e5ste hos alla som \u00e4lskar att virka!\",\"breadcrumb\":{\"@id\":\"https:\/\/www.ellenkantarellen.se\/produkt\/monster-virkande-snogumma\/#breadcrumb\"},\"inLanguage\":\"en-GB\",\"potentialAction\":[{\"@type\":\"ReadAction\",\"target\":[\"https:\/\/www.ellenkantarellen.se\/produkt\/monster-virkande-snogumma\/\"]}]},{\"@type\":\"ImageObject\",\"inLanguage\":\"en-GB\",\"@id\":\"https:\/\/www.ellenkantarellen.se\/produkt\/monster-virkande-snogumma\/#primaryimage\",\"url\":\"https:\/\/www.ellenkantarellen.se\/wp-content\/uploads\/2024\/11\/Sommarvirkning-40.png\",\"contentUrl\":\"https:\/\/www.ellenkantarellen.se\/wp-content\/uploads\/2024\/11\/Sommarvirkning-40.png\",\"width\":1080,\"height\":1080},{\"@type\":\"BreadcrumbList\",\"@id\":\"https:\/\/www.ellenkantarellen.se\/produkt\/monster-virkande-snogumma\/#breadcrumb\",\"itemListElement\":[{\"@type\":\"ListItem\",\"position\":1,\"name\":\"Hem\",\"item\":\"https:\/\/www.ellenkantarellen.se\/\"},{\"@type\":\"ListItem\",\"position\":2,\"name\":\"Aff\u00e4r\",\"item\":\"https:\/\/www.ellenkantarellen.se\/affar\/\"},{\"@type\":\"ListItem\",\"position\":3,\"name\":\"M\u00f6nster Virkande Sn\u00f6gumma\"}]},{\"@type\":\"WebSite\",\"@id\":\"https:\/\/www.ellenkantarellen.se\/#website\",\"url\":\"https:\/\/www.ellenkantarellen.se\/\",\"name\":\"EllenKantarellen\",\"description\":\"\",\"publisher\":{\"@id\":\"https:\/\/www.ellenkantarellen.se\/#organization\"},\"potentialAction\":[{\"@type\":\"SearchAction\",\"target\":{\"@type\":\"EntryPoint\",\"urlTemplate\":\"https:\/\/www.ellenkantarellen.se\/?s={search_term_string}\"},\"query-input\":{\"@type\":\"PropertyValueSpecification\",\"valueRequired\":true,\"valueName\":\"search_term_string\"}}],\"inLanguage\":\"en-GB\"},{\"@type\":\"Organization\",\"@id\":\"https:\/\/www.ellenkantarellen.se\/#organization\",\"name\":\"EllenKantarellen\",\"url\":\"https:\/\/www.ellenkantarellen.se\/\",\"logo\":{\"@type\":\"ImageObject\",\"inLanguage\":\"en-GB\",\"@id\":\"https:\/\/www.ellenkantarellen.se\/#\/schema\/logo\/image\/\",\"url\":\"https:\/\/www.ellenkantarellen.se\/wp-content\/uploads\/2021\/09\/ek2.png\",\"contentUrl\":\"https:\/\/www.ellenkantarellen.se\/wp-content\/uploads\/2021\/09\/ek2.png\",\"width\":2232,\"height\":508,\"caption\":\"EllenKantarellen\"},\"image\":{\"@id\":\"https:\/\/www.ellenkantarellen.se\/#\/schema\/logo\/image\/\"}}]}<\/script>\n<!-- \/ Yoast SEO plugin. -->","yoast_head_json":{"title":"M\u00f6nster Virkande Sn\u00f6gumma - EllenKantarellen","description":"M\u00f6nster p\u00e5 virkat supergullig \"Sn\u00f6gumma\" med m\u00f6ssa och huvudband som virkar en filt med ett hj\u00e4rta p\u00e5! Ett absolut m\u00e5ste hos alla som \u00e4lskar att virka!","robots":{"index":"index","follow":"follow","max-snippet":"max-snippet:-1","max-image-preview":"max-image-preview:large","max-video-preview":"max-video-preview:-1"},"canonical":"https:\/\/www.ellenkantarellen.se\/en\/product-2\/monster-virkande-snogumma\/","og_locale":"en_GB","og_type":"article","og_title":"M\u00f6nster Virkande Sn\u00f6gumma - EllenKantarellen","og_description":"M\u00f6nster p\u00e5 virkat supergullig \"Sn\u00f6gumma\" med m\u00f6ssa och huvudband som virkar en filt med ett hj\u00e4rta p\u00e5! Ett absolut m\u00e5ste hos alla som \u00e4lskar att virka!","og_url":"https:\/\/www.ellenkantarellen.se\/en\/product-2\/monster-virkande-snogumma\/","og_site_name":"EllenKantarellen","article_modified_time":"2024-12-02T06:26:14+00:00","og_image":[{"width":1080,"height":1080,"url":"https:\/\/www.ellenkantarellen.se\/wp-content\/uploads\/2024\/11\/Sommarvirkning-40.png","type":"image\/png"}],"twitter_card":"summary_large_image","twitter_misc":{"Estimated reading time":"1 minute"},"schema":{"@context":"https:\/\/schema.org","@graph":[{"@type":"WebPage","@id":"https:\/\/www.ellenkantarellen.se\/produkt\/monster-virkande-snogumma\/","url":"https:\/\/www.ellenkantarellen.se\/produkt\/monster-virkande-snogumma\/","name":"M\u00f6nster Virkande Sn\u00f6gumma - EllenKantarellen","isPartOf":{"@id":"https:\/\/www.ellenkantarellen.se\/#website"},"primaryImageOfPage":{"@id":"https:\/\/www.ellenkantarellen.se\/produkt\/monster-virkande-snogumma\/#primaryimage"},"image":{"@id":"https:\/\/www.ellenkantarellen.se\/produkt\/monster-virkande-snogumma\/#primaryimage"},"thumbnailUrl":"https:\/\/www.ellenkantarellen.se\/wp-content\/uploads\/2024\/11\/Sommarvirkning-40.png","datePublished":"2024-11-09T19:06:14+00:00","dateModified":"2024-12-02T06:26:14+00:00","description":"M\u00f6nster p\u00e5 virkat supergullig \"Sn\u00f6gumma\" med m\u00f6ssa och huvudband som virkar en filt med ett hj\u00e4rta p\u00e5! Ett absolut m\u00e5ste hos alla som \u00e4lskar att virka!","breadcrumb":{"@id":"https:\/\/www.ellenkantarellen.se\/produkt\/monster-virkande-snogumma\/#breadcrumb"},"inLanguage":"en-GB","potentialAction":[{"@type":"ReadAction","target":["https:\/\/www.ellenkantarellen.se\/produkt\/monster-virkande-snogumma\/"]}]},{"@type":"ImageObject","inLanguage":"en-GB","@id":"https:\/\/www.ellenkantarellen.se\/produkt\/monster-virkande-snogumma\/#primaryimage","url":"https:\/\/www.ellenkantarellen.se\/wp-content\/uploads\/2024\/11\/Sommarvirkning-40.png","contentUrl":"https:\/\/www.ellenkantarellen.se\/wp-content\/uploads\/2024\/11\/Sommarvirkning-40.png","width":1080,"height":1080},{"@type":"BreadcrumbList","@id":"https:\/\/www.ellenkantarellen.se\/produkt\/monster-virkande-snogumma\/#breadcrumb","itemListElement":[{"@type":"ListItem","position":1,"name":"Hem","item":"https:\/\/www.ellenkantarellen.se\/"},{"@type":"ListItem","position":2,"name":"Aff\u00e4r","item":"https:\/\/www.ellenkantarellen.se\/affar\/"},{"@type":"ListItem","position":3,"name":"M\u00f6nster Virkande Sn\u00f6gumma"}]},{"@type":"WebSite","@id":"https:\/\/www.ellenkantarellen.se\/#website","url":"https:\/\/www.ellenkantarellen.se\/","name":"EllenKantarellen","description":"","publisher":{"@id":"https:\/\/www.ellenkantarellen.se\/#organization"},"potentialAction":[{"@type":"SearchAction","target":{"@type":"EntryPoint","urlTemplate":"https:\/\/www.ellenkantarellen.se\/?s={search_term_string}"},"query-input":{"@type":"PropertyValueSpecification","valueRequired":true,"valueName":"search_term_string"}}],"inLanguage":"en-GB"},{"@type":"Organization","@id":"https:\/\/www.ellenkantarellen.se\/#organization","name":"EllenKantarellen","url":"https:\/\/www.ellenkantarellen.se\/","logo":{"@type":"ImageObject","inLanguage":"en-GB","@id":"https:\/\/www.ellenkantarellen.se\/#\/schema\/logo\/image\/","url":"https:\/\/www.ellenkantarellen.se\/wp-content\/uploads\/2021\/09\/ek2.png","contentUrl":"https:\/\/www.ellenkantarellen.se\/wp-content\/uploads\/2021\/09\/ek2.png","width":2232,"height":508,"caption":"EllenKantarellen"},"image":{"@id":"https:\/\/www.ellenkantarellen.se\/#\/schema\/logo\/image\/"}}]}},"_links":{"self":[{"href":"https:\/\/www.ellenkantarellen.se\/en\/wp-json\/wp\/v2\/product\/15347","targetHints":{"allow":["GET"]}}],"collection":[{"href":"https:\/\/www.ellenkantarellen.se\/en\/wp-json\/wp\/v2\/product"}],"about":[{"href":"https:\/\/www.ellenkantarellen.se\/en\/wp-json\/wp\/v2\/types\/product"}],"replies":[{"embeddable":true,"href":"https:\/\/www.ellenkantarellen.se\/en\/wp-json\/wp\/v2\/comments?post=15347"}],"wp:featuredmedia":[{"embeddable":true,"href":"https:\/\/www.ellenkantarellen.se\/en\/wp-json\/wp\/v2\/media\/15351"}],"wp:attachment":[{"href":"https:\/\/www.ellenkantarellen.se\/en\/wp-json\/wp\/v2\/media?parent=15347"}],"wp:term":[{"taxonomy":"product_brand","embeddable":true,"href":"https:\/\/www.ellenkantarellen.se\/en\/wp-json\/wp\/v2\/product_brand?post=15347"},{"taxonomy":"product_cat","embeddable":true,"href":"https:\/\/www.ellenkantarellen.se\/en\/wp-json\/wp\/v2\/product_cat?post=15347"},{"taxonomy":"product_tag","embeddable":true,"href":"https:\/\/www.ellenkantarellen.se\/en\/wp-json\/wp\/v2\/product_tag?post=15347"}],"curies":[{"name":"wp","href":"https:\/\/api.w.org\/{rel}","templated":true}]}}