{"id":16224,"date":"2024-12-22T17:29:29","date_gmt":"2024-12-22T16:29:29","guid":{"rendered":"https:\/\/www.ellenkantarellen.se\/?post_type=product&#038;p=16224"},"modified":"2024-12-27T12:04:33","modified_gmt":"2024-12-27T11:04:33","slug":"etiketter-till-virkade-stickade-sockor","status":"publish","type":"product","link":"https:\/\/www.ellenkantarellen.se\/en\/produkt\/etiketter-till-virkade-stickade-sockor\/","title":{"rendered":"Etiketter till virkade\/stickade Sockor"},"content":{"rendered":"<p>\ud83c\udf38 PDF-Etiketter att skriva ut och s\u00e4tta p\u00e5 dina handgjorda Sockor! \ud83c\udf38<\/p>\n<p>\ud83c\udf38 Paketet inneh\u00e5ller 3 digitala nedladdningsbara utskrifter med etiketter till Sockor &amp; 2 sm\u00e5etiketter &#8221;Virkad av mig&#8221; som g\u00f6r det d\u00e4r lilla extra! \ud83c\udf38<\/p>\n<p>\ud83c\udf38 Make your handmade items look more polished and professional with these Tags. Perfect for your gifts or on your market items! Print, cut out and write your price and select wash instructions symbol with a marker and you are good to go!<\/p>\n<p>++++++++ DETAILS ++++++++<\/p>\n<p>Fil typ: Utskriftbar PDF inneh\u00e5llande 2 sidor med 6 och 34 etiketter p\u00e5 vardera<br \/>\nTag sizes: 10.5 x 4.7 cm\/ 4.1&#8243; x 1.8&#8243;<\/p>","protected":false},"excerpt":{"rendered":"<p>\ud83c\udf38 PDF-Etiketter att skriva ut och s\u00e4tta p\u00e5 dina Sockor n\u00e4r du ska ge bort eller s\u00e4lja dem! <strong><em>After payment you can instantly download your new Tags! You get an email with a link to the Tags.<\/em><\/strong><\/p>","protected":false},"featured_media":16226,"comment_status":"open","ping_status":"closed","template":"","meta":[],"product_brand":[],"product_cat":[703],"product_tag":[1034,1035,802,1036,805],"class_list":{"0":"post-16224","1":"product","2":"type-product","3":"status-publish","4":"has-post-thumbnail","6":"product_cat-etiketter","7":"product_tag-etiketter-till-handgjorda-sockor","8":"product_tag-etiketter-till-sockor","9":"product_tag-etiketter-till-virkat","10":"product_tag-made-by-me-etiketter","11":"product_tag-utskriftbara-etiketter","13":"first","14":"instock","15":"downloadable","16":"virtual","17":"taxable","18":"purchasable","19":"product-type-simple"},"bundled_by":[],"bundle_stock_status":"instock","bundle_stock_quantity":null,"bundle_virtual":false,"bundle_layout":"","bundle_add_to_cart_form_location":"","bundle_editable_in_cart":false,"bundle_sold_individually_context":"","bundle_item_grouping":"","bundle_min_size":"","bundle_max_size":"","bundle_price":[],"bundled_items":[],"bundle_sell_ids":[],"yoast_head":"<!-- This site is optimized with the Yoast SEO plugin v27.0 - https:\/\/yoast.com\/product\/yoast-seo-wordpress\/ -->\n<title>Etiketter till virkade\/stickade Sockor - EllenKantarellen<\/title>\n<meta name=\"description\" content=\"Superfina utskriftbara etiketter f\u00f6r dina handgjorda Sockor! \ud83c\udf38 Dessa etiketter kommer att f\u00e5 dina egna produkter att se mer proffsiga ut.\" \/>\n<meta name=\"robots\" content=\"index, follow, max-snippet:-1, max-image-preview:large, max-video-preview:-1\" \/>\n<link rel=\"canonical\" href=\"https:\/\/www.ellenkantarellen.se\/en\/product-2\/etiketter-till-virkade-stickade-sockor\/\" \/>\n<meta property=\"og:locale\" content=\"en_GB\" \/>\n<meta property=\"og:type\" content=\"article\" \/>\n<meta property=\"og:title\" content=\"Etiketter till virkade\/stickade Sockor - EllenKantarellen\" \/>\n<meta property=\"og:description\" content=\"Superfina utskriftbara etiketter f\u00f6r dina handgjorda Sockor! \ud83c\udf38 Dessa etiketter kommer att f\u00e5 dina egna produkter att se mer proffsiga ut.\" \/>\n<meta property=\"og:url\" content=\"https:\/\/www.ellenkantarellen.se\/en\/product-2\/etiketter-till-virkade-stickade-sockor\/\" \/>\n<meta property=\"og:site_name\" content=\"EllenKantarellen\" \/>\n<meta property=\"article:modified_time\" content=\"2024-12-27T11:04:33+00:00\" \/>\n<meta property=\"og:image\" content=\"https:\/\/www.ellenkantarellen.se\/wp-content\/uploads\/2024\/12\/SOCKOR-1.png\" \/>\n\t<meta property=\"og:image:width\" content=\"1080\" \/>\n\t<meta property=\"og:image:height\" content=\"1080\" \/>\n\t<meta property=\"og:image:type\" content=\"image\/png\" \/>\n<meta name=\"twitter:card\" content=\"summary_large_image\" \/>\n<meta name=\"twitter:label1\" content=\"Estimated reading time\" \/>\n\t<meta name=\"twitter:data1\" content=\"1 minute\" \/>\n<script type=\"application\/ld+json\" class=\"yoast-schema-graph\">{\"@context\":\"https:\/\/schema.org\",\"@graph\":[{\"@type\":\"WebPage\",\"@id\":\"https:\/\/www.ellenkantarellen.se\/produkt\/etiketter-till-virkade-stickade-sockor\/\",\"url\":\"https:\/\/www.ellenkantarellen.se\/produkt\/etiketter-till-virkade-stickade-sockor\/\",\"name\":\"Etiketter till virkade\/stickade Sockor - EllenKantarellen\",\"isPartOf\":{\"@id\":\"https:\/\/www.ellenkantarellen.se\/#website\"},\"primaryImageOfPage\":{\"@id\":\"https:\/\/www.ellenkantarellen.se\/produkt\/etiketter-till-virkade-stickade-sockor\/#primaryimage\"},\"image\":{\"@id\":\"https:\/\/www.ellenkantarellen.se\/produkt\/etiketter-till-virkade-stickade-sockor\/#primaryimage\"},\"thumbnailUrl\":\"https:\/\/www.ellenkantarellen.se\/wp-content\/uploads\/2024\/12\/SOCKOR-1.png\",\"datePublished\":\"2024-12-22T16:29:29+00:00\",\"dateModified\":\"2024-12-27T11:04:33+00:00\",\"description\":\"Superfina utskriftbara etiketter f\u00f6r dina handgjorda Sockor! \ud83c\udf38 Dessa etiketter kommer att f\u00e5 dina egna produkter att se mer proffsiga ut.\",\"breadcrumb\":{\"@id\":\"https:\/\/www.ellenkantarellen.se\/produkt\/etiketter-till-virkade-stickade-sockor\/#breadcrumb\"},\"inLanguage\":\"en-GB\",\"potentialAction\":[{\"@type\":\"ReadAction\",\"target\":[\"https:\/\/www.ellenkantarellen.se\/produkt\/etiketter-till-virkade-stickade-sockor\/\"]}]},{\"@type\":\"ImageObject\",\"inLanguage\":\"en-GB\",\"@id\":\"https:\/\/www.ellenkantarellen.se\/produkt\/etiketter-till-virkade-stickade-sockor\/#primaryimage\",\"url\":\"https:\/\/www.ellenkantarellen.se\/wp-content\/uploads\/2024\/12\/SOCKOR-1.png\",\"contentUrl\":\"https:\/\/www.ellenkantarellen.se\/wp-content\/uploads\/2024\/12\/SOCKOR-1.png\",\"width\":1080,\"height\":1080},{\"@type\":\"BreadcrumbList\",\"@id\":\"https:\/\/www.ellenkantarellen.se\/produkt\/etiketter-till-virkade-stickade-sockor\/#breadcrumb\",\"itemListElement\":[{\"@type\":\"ListItem\",\"position\":1,\"name\":\"Hem\",\"item\":\"https:\/\/www.ellenkantarellen.se\/\"},{\"@type\":\"ListItem\",\"position\":2,\"name\":\"Aff\u00e4r\",\"item\":\"https:\/\/www.ellenkantarellen.se\/affar\/\"},{\"@type\":\"ListItem\",\"position\":3,\"name\":\"Etiketter till virkade\/stickade Sockor\"}]},{\"@type\":\"WebSite\",\"@id\":\"https:\/\/www.ellenkantarellen.se\/#website\",\"url\":\"https:\/\/www.ellenkantarellen.se\/\",\"name\":\"EllenKantarellen\",\"description\":\"\",\"publisher\":{\"@id\":\"https:\/\/www.ellenkantarellen.se\/#organization\"},\"potentialAction\":[{\"@type\":\"SearchAction\",\"target\":{\"@type\":\"EntryPoint\",\"urlTemplate\":\"https:\/\/www.ellenkantarellen.se\/?s={search_term_string}\"},\"query-input\":{\"@type\":\"PropertyValueSpecification\",\"valueRequired\":true,\"valueName\":\"search_term_string\"}}],\"inLanguage\":\"en-GB\"},{\"@type\":\"Organization\",\"@id\":\"https:\/\/www.ellenkantarellen.se\/#organization\",\"name\":\"EllenKantarellen\",\"url\":\"https:\/\/www.ellenkantarellen.se\/\",\"logo\":{\"@type\":\"ImageObject\",\"inLanguage\":\"en-GB\",\"@id\":\"https:\/\/www.ellenkantarellen.se\/#\/schema\/logo\/image\/\",\"url\":\"https:\/\/www.ellenkantarellen.se\/wp-content\/uploads\/2021\/09\/ek2.png\",\"contentUrl\":\"https:\/\/www.ellenkantarellen.se\/wp-content\/uploads\/2021\/09\/ek2.png\",\"width\":2232,\"height\":508,\"caption\":\"EllenKantarellen\"},\"image\":{\"@id\":\"https:\/\/www.ellenkantarellen.se\/#\/schema\/logo\/image\/\"}}]}<\/script>\n<!-- \/ Yoast SEO plugin. -->","yoast_head_json":{"title":"Etiketter till virkade\/stickade Sockor - EllenKantarellen","description":"Superfina utskriftbara etiketter f\u00f6r dina handgjorda Sockor! \ud83c\udf38 Dessa etiketter kommer att f\u00e5 dina egna produkter att se mer proffsiga ut.","robots":{"index":"index","follow":"follow","max-snippet":"max-snippet:-1","max-image-preview":"max-image-preview:large","max-video-preview":"max-video-preview:-1"},"canonical":"https:\/\/www.ellenkantarellen.se\/en\/product-2\/etiketter-till-virkade-stickade-sockor\/","og_locale":"en_GB","og_type":"article","og_title":"Etiketter till virkade\/stickade Sockor - EllenKantarellen","og_description":"Superfina utskriftbara etiketter f\u00f6r dina handgjorda Sockor! \ud83c\udf38 Dessa etiketter kommer att f\u00e5 dina egna produkter att se mer proffsiga ut.","og_url":"https:\/\/www.ellenkantarellen.se\/en\/product-2\/etiketter-till-virkade-stickade-sockor\/","og_site_name":"EllenKantarellen","article_modified_time":"2024-12-27T11:04:33+00:00","og_image":[{"width":1080,"height":1080,"url":"https:\/\/www.ellenkantarellen.se\/wp-content\/uploads\/2024\/12\/SOCKOR-1.png","type":"image\/png"}],"twitter_card":"summary_large_image","twitter_misc":{"Estimated reading time":"1 minute"},"schema":{"@context":"https:\/\/schema.org","@graph":[{"@type":"WebPage","@id":"https:\/\/www.ellenkantarellen.se\/produkt\/etiketter-till-virkade-stickade-sockor\/","url":"https:\/\/www.ellenkantarellen.se\/produkt\/etiketter-till-virkade-stickade-sockor\/","name":"Etiketter till virkade\/stickade Sockor - EllenKantarellen","isPartOf":{"@id":"https:\/\/www.ellenkantarellen.se\/#website"},"primaryImageOfPage":{"@id":"https:\/\/www.ellenkantarellen.se\/produkt\/etiketter-till-virkade-stickade-sockor\/#primaryimage"},"image":{"@id":"https:\/\/www.ellenkantarellen.se\/produkt\/etiketter-till-virkade-stickade-sockor\/#primaryimage"},"thumbnailUrl":"https:\/\/www.ellenkantarellen.se\/wp-content\/uploads\/2024\/12\/SOCKOR-1.png","datePublished":"2024-12-22T16:29:29+00:00","dateModified":"2024-12-27T11:04:33+00:00","description":"Superfina utskriftbara etiketter f\u00f6r dina handgjorda Sockor! \ud83c\udf38 Dessa etiketter kommer att f\u00e5 dina egna produkter att se mer proffsiga ut.","breadcrumb":{"@id":"https:\/\/www.ellenkantarellen.se\/produkt\/etiketter-till-virkade-stickade-sockor\/#breadcrumb"},"inLanguage":"en-GB","potentialAction":[{"@type":"ReadAction","target":["https:\/\/www.ellenkantarellen.se\/produkt\/etiketter-till-virkade-stickade-sockor\/"]}]},{"@type":"ImageObject","inLanguage":"en-GB","@id":"https:\/\/www.ellenkantarellen.se\/produkt\/etiketter-till-virkade-stickade-sockor\/#primaryimage","url":"https:\/\/www.ellenkantarellen.se\/wp-content\/uploads\/2024\/12\/SOCKOR-1.png","contentUrl":"https:\/\/www.ellenkantarellen.se\/wp-content\/uploads\/2024\/12\/SOCKOR-1.png","width":1080,"height":1080},{"@type":"BreadcrumbList","@id":"https:\/\/www.ellenkantarellen.se\/produkt\/etiketter-till-virkade-stickade-sockor\/#breadcrumb","itemListElement":[{"@type":"ListItem","position":1,"name":"Hem","item":"https:\/\/www.ellenkantarellen.se\/"},{"@type":"ListItem","position":2,"name":"Aff\u00e4r","item":"https:\/\/www.ellenkantarellen.se\/affar\/"},{"@type":"ListItem","position":3,"name":"Etiketter till virkade\/stickade Sockor"}]},{"@type":"WebSite","@id":"https:\/\/www.ellenkantarellen.se\/#website","url":"https:\/\/www.ellenkantarellen.se\/","name":"EllenKantarellen","description":"","publisher":{"@id":"https:\/\/www.ellenkantarellen.se\/#organization"},"potentialAction":[{"@type":"SearchAction","target":{"@type":"EntryPoint","urlTemplate":"https:\/\/www.ellenkantarellen.se\/?s={search_term_string}"},"query-input":{"@type":"PropertyValueSpecification","valueRequired":true,"valueName":"search_term_string"}}],"inLanguage":"en-GB"},{"@type":"Organization","@id":"https:\/\/www.ellenkantarellen.se\/#organization","name":"EllenKantarellen","url":"https:\/\/www.ellenkantarellen.se\/","logo":{"@type":"ImageObject","inLanguage":"en-GB","@id":"https:\/\/www.ellenkantarellen.se\/#\/schema\/logo\/image\/","url":"https:\/\/www.ellenkantarellen.se\/wp-content\/uploads\/2021\/09\/ek2.png","contentUrl":"https:\/\/www.ellenkantarellen.se\/wp-content\/uploads\/2021\/09\/ek2.png","width":2232,"height":508,"caption":"EllenKantarellen"},"image":{"@id":"https:\/\/www.ellenkantarellen.se\/#\/schema\/logo\/image\/"}}]}},"_links":{"self":[{"href":"https:\/\/www.ellenkantarellen.se\/en\/wp-json\/wp\/v2\/product\/16224","targetHints":{"allow":["GET"]}}],"collection":[{"href":"https:\/\/www.ellenkantarellen.se\/en\/wp-json\/wp\/v2\/product"}],"about":[{"href":"https:\/\/www.ellenkantarellen.se\/en\/wp-json\/wp\/v2\/types\/product"}],"replies":[{"embeddable":true,"href":"https:\/\/www.ellenkantarellen.se\/en\/wp-json\/wp\/v2\/comments?post=16224"}],"wp:featuredmedia":[{"embeddable":true,"href":"https:\/\/www.ellenkantarellen.se\/en\/wp-json\/wp\/v2\/media\/16226"}],"wp:attachment":[{"href":"https:\/\/www.ellenkantarellen.se\/en\/wp-json\/wp\/v2\/media?parent=16224"}],"wp:term":[{"taxonomy":"product_brand","embeddable":true,"href":"https:\/\/www.ellenkantarellen.se\/en\/wp-json\/wp\/v2\/product_brand?post=16224"},{"taxonomy":"product_cat","embeddable":true,"href":"https:\/\/www.ellenkantarellen.se\/en\/wp-json\/wp\/v2\/product_cat?post=16224"},{"taxonomy":"product_tag","embeddable":true,"href":"https:\/\/www.ellenkantarellen.se\/en\/wp-json\/wp\/v2\/product_tag?post=16224"}],"curies":[{"name":"wp","href":"https:\/\/api.w.org\/{rel}","templated":true}]}}