{"id":16245,"date":"2024-12-22T17:49:27","date_gmt":"2024-12-22T16:49:27","guid":{"rendered":"https:\/\/www.ellenkantarellen.se\/?post_type=product&#038;p=16245"},"modified":"2024-12-22T17:55:04","modified_gmt":"2024-12-22T16:55:04","slug":"etiketter-till-handgjorda-virkade-vaskor","status":"publish","type":"product","link":"https:\/\/www.ellenkantarellen.se\/en\/produkt\/etiketter-till-handgjorda-virkade-vaskor\/","title":{"rendered":"Etiketter till handgjorda\/virkade V\u00e4skor"},"content":{"rendered":"<p>\ud83c\udf38 PDF-Etiketter att skriva ut och s\u00e4tta p\u00e5 dina V\u00e4skor! \ud83c\udf38<\/p>\n<p>\ud83c\udf38 Paketet inneh\u00e5ller 2 digitala nedladdningsbara utskrifter med etiketter till V\u00e4skor &amp; 2 sm\u00e5etiketter &#8221;Virkad av mig&#8221; som g\u00f6r det d\u00e4r lilla extra! \ud83c\udf38<\/p>\n<p>\ud83c\udf38 Make your handmade items look more polished and professional with these Tags. Perfect for your gifts or on your market items! Print, cut out and write your price and select wash instructions symbol with a marker and you are good to go!<\/p>\n<p>++++++++ DETAILS ++++++++<\/p>\n<p>Fil typ: Utskriftbar PDF inneh\u00e5llande 1 sida med 6 och 34 etiketter p\u00e5 vardera<br \/>\nTag sizes: 10.5 x 4.7 cm\/ 4.1&#8243; x 1.8&#8243;<\/p>","protected":false},"excerpt":{"rendered":"<p>\ud83c\udf38 PDF-Etiketter att skriva ut och s\u00e4tta p\u00e5 dina V\u00e4skor! <strong><em>After payment you can instantly download your new Tags! You get an email with a link to the Tags.<\/em><\/strong><\/p>","protected":false},"featured_media":16246,"comment_status":"open","ping_status":"closed","template":"","meta":[],"product_brand":[],"product_cat":[703],"product_tag":[1038,1041,1040,805],"class_list":{"0":"post-16245","1":"product","2":"type-product","3":"status-publish","4":"has-post-thumbnail","6":"product_cat-etiketter","7":"product_tag-etiketter-made-by-me","8":"product_tag-etiketter-till-handgjord-vaska","9":"product_tag-etiketter-till-vaskor","10":"product_tag-utskriftbara-etiketter","12":"first","13":"instock","14":"downloadable","15":"virtual","16":"taxable","17":"purchasable","18":"product-type-simple"},"bundled_by":[],"bundle_stock_status":"instock","bundle_stock_quantity":null,"bundle_virtual":false,"bundle_layout":"","bundle_add_to_cart_form_location":"","bundle_editable_in_cart":false,"bundle_sold_individually_context":"","bundle_item_grouping":"","bundle_min_size":"","bundle_max_size":"","bundle_price":[],"bundled_items":[],"bundle_sell_ids":[],"yoast_head":"<!-- This site is optimized with the Yoast SEO plugin v27.0 - https:\/\/yoast.com\/product\/yoast-seo-wordpress\/ -->\n<title>Etiketter till handgjorda\/virkade V\u00e4skor - EllenKantarellen<\/title>\n<meta name=\"description\" content=\"Superfina utskriftbara etiketter f\u00f6r dina handgjorda V\u00e4skor, det b\u00e4sta s\u00e4ttet f\u00f6r ett personligt och proffsigt utseende!\" \/>\n<meta name=\"robots\" content=\"index, follow, max-snippet:-1, max-image-preview:large, max-video-preview:-1\" \/>\n<link rel=\"canonical\" href=\"https:\/\/www.ellenkantarellen.se\/en\/product-2\/etiketter-till-handgjorda-virkade-vaskor\/\" \/>\n<meta property=\"og:locale\" content=\"en_GB\" \/>\n<meta property=\"og:type\" content=\"article\" \/>\n<meta property=\"og:title\" content=\"Etiketter till handgjorda\/virkade V\u00e4skor - EllenKantarellen\" \/>\n<meta property=\"og:description\" content=\"Superfina utskriftbara etiketter f\u00f6r dina handgjorda V\u00e4skor, det b\u00e4sta s\u00e4ttet f\u00f6r ett personligt och proffsigt utseende!\" \/>\n<meta property=\"og:url\" content=\"https:\/\/www.ellenkantarellen.se\/en\/product-2\/etiketter-till-handgjorda-virkade-vaskor\/\" \/>\n<meta property=\"og:site_name\" content=\"EllenKantarellen\" \/>\n<meta property=\"article:modified_time\" content=\"2024-12-22T16:55:04+00:00\" \/>\n<meta property=\"og:image\" content=\"https:\/\/www.ellenkantarellen.se\/wp-content\/uploads\/2024\/12\/SOCKOR-19.png\" \/>\n\t<meta property=\"og:image:width\" content=\"1080\" \/>\n\t<meta property=\"og:image:height\" content=\"1080\" \/>\n\t<meta property=\"og:image:type\" content=\"image\/png\" \/>\n<meta name=\"twitter:card\" content=\"summary_large_image\" \/>\n<meta name=\"twitter:label1\" content=\"Estimated reading time\" \/>\n\t<meta name=\"twitter:data1\" content=\"1 minute\" \/>\n<script type=\"application\/ld+json\" class=\"yoast-schema-graph\">{\"@context\":\"https:\/\/schema.org\",\"@graph\":[{\"@type\":\"WebPage\",\"@id\":\"https:\/\/www.ellenkantarellen.se\/produkt\/etiketter-till-handgjorda-virkade-vaskor\/\",\"url\":\"https:\/\/www.ellenkantarellen.se\/produkt\/etiketter-till-handgjorda-virkade-vaskor\/\",\"name\":\"Etiketter till handgjorda\/virkade V\u00e4skor - EllenKantarellen\",\"isPartOf\":{\"@id\":\"https:\/\/www.ellenkantarellen.se\/#website\"},\"primaryImageOfPage\":{\"@id\":\"https:\/\/www.ellenkantarellen.se\/produkt\/etiketter-till-handgjorda-virkade-vaskor\/#primaryimage\"},\"image\":{\"@id\":\"https:\/\/www.ellenkantarellen.se\/produkt\/etiketter-till-handgjorda-virkade-vaskor\/#primaryimage\"},\"thumbnailUrl\":\"https:\/\/www.ellenkantarellen.se\/wp-content\/uploads\/2024\/12\/SOCKOR-19.png\",\"datePublished\":\"2024-12-22T16:49:27+00:00\",\"dateModified\":\"2024-12-22T16:55:04+00:00\",\"description\":\"Superfina utskriftbara etiketter f\u00f6r dina handgjorda V\u00e4skor, det b\u00e4sta s\u00e4ttet f\u00f6r ett personligt och proffsigt utseende!\",\"breadcrumb\":{\"@id\":\"https:\/\/www.ellenkantarellen.se\/produkt\/etiketter-till-handgjorda-virkade-vaskor\/#breadcrumb\"},\"inLanguage\":\"en-GB\",\"potentialAction\":[{\"@type\":\"ReadAction\",\"target\":[\"https:\/\/www.ellenkantarellen.se\/produkt\/etiketter-till-handgjorda-virkade-vaskor\/\"]}]},{\"@type\":\"ImageObject\",\"inLanguage\":\"en-GB\",\"@id\":\"https:\/\/www.ellenkantarellen.se\/produkt\/etiketter-till-handgjorda-virkade-vaskor\/#primaryimage\",\"url\":\"https:\/\/www.ellenkantarellen.se\/wp-content\/uploads\/2024\/12\/SOCKOR-19.png\",\"contentUrl\":\"https:\/\/www.ellenkantarellen.se\/wp-content\/uploads\/2024\/12\/SOCKOR-19.png\",\"width\":1080,\"height\":1080},{\"@type\":\"BreadcrumbList\",\"@id\":\"https:\/\/www.ellenkantarellen.se\/produkt\/etiketter-till-handgjorda-virkade-vaskor\/#breadcrumb\",\"itemListElement\":[{\"@type\":\"ListItem\",\"position\":1,\"name\":\"Hem\",\"item\":\"https:\/\/www.ellenkantarellen.se\/\"},{\"@type\":\"ListItem\",\"position\":2,\"name\":\"Aff\u00e4r\",\"item\":\"https:\/\/www.ellenkantarellen.se\/affar\/\"},{\"@type\":\"ListItem\",\"position\":3,\"name\":\"Etiketter till handgjorda\/virkade V\u00e4skor\"}]},{\"@type\":\"WebSite\",\"@id\":\"https:\/\/www.ellenkantarellen.se\/#website\",\"url\":\"https:\/\/www.ellenkantarellen.se\/\",\"name\":\"EllenKantarellen\",\"description\":\"\",\"publisher\":{\"@id\":\"https:\/\/www.ellenkantarellen.se\/#organization\"},\"potentialAction\":[{\"@type\":\"SearchAction\",\"target\":{\"@type\":\"EntryPoint\",\"urlTemplate\":\"https:\/\/www.ellenkantarellen.se\/?s={search_term_string}\"},\"query-input\":{\"@type\":\"PropertyValueSpecification\",\"valueRequired\":true,\"valueName\":\"search_term_string\"}}],\"inLanguage\":\"en-GB\"},{\"@type\":\"Organization\",\"@id\":\"https:\/\/www.ellenkantarellen.se\/#organization\",\"name\":\"EllenKantarellen\",\"url\":\"https:\/\/www.ellenkantarellen.se\/\",\"logo\":{\"@type\":\"ImageObject\",\"inLanguage\":\"en-GB\",\"@id\":\"https:\/\/www.ellenkantarellen.se\/#\/schema\/logo\/image\/\",\"url\":\"https:\/\/www.ellenkantarellen.se\/wp-content\/uploads\/2021\/09\/ek2.png\",\"contentUrl\":\"https:\/\/www.ellenkantarellen.se\/wp-content\/uploads\/2021\/09\/ek2.png\",\"width\":2232,\"height\":508,\"caption\":\"EllenKantarellen\"},\"image\":{\"@id\":\"https:\/\/www.ellenkantarellen.se\/#\/schema\/logo\/image\/\"}}]}<\/script>\n<!-- \/ Yoast SEO plugin. -->","yoast_head_json":{"title":"Etiketter till handgjorda\/virkade V\u00e4skor - EllenKantarellen","description":"Superfina utskriftbara etiketter f\u00f6r dina handgjorda V\u00e4skor, det b\u00e4sta s\u00e4ttet f\u00f6r ett personligt och proffsigt utseende!","robots":{"index":"index","follow":"follow","max-snippet":"max-snippet:-1","max-image-preview":"max-image-preview:large","max-video-preview":"max-video-preview:-1"},"canonical":"https:\/\/www.ellenkantarellen.se\/en\/product-2\/etiketter-till-handgjorda-virkade-vaskor\/","og_locale":"en_GB","og_type":"article","og_title":"Etiketter till handgjorda\/virkade V\u00e4skor - EllenKantarellen","og_description":"Superfina utskriftbara etiketter f\u00f6r dina handgjorda V\u00e4skor, det b\u00e4sta s\u00e4ttet f\u00f6r ett personligt och proffsigt utseende!","og_url":"https:\/\/www.ellenkantarellen.se\/en\/product-2\/etiketter-till-handgjorda-virkade-vaskor\/","og_site_name":"EllenKantarellen","article_modified_time":"2024-12-22T16:55:04+00:00","og_image":[{"width":1080,"height":1080,"url":"https:\/\/www.ellenkantarellen.se\/wp-content\/uploads\/2024\/12\/SOCKOR-19.png","type":"image\/png"}],"twitter_card":"summary_large_image","twitter_misc":{"Estimated reading time":"1 minute"},"schema":{"@context":"https:\/\/schema.org","@graph":[{"@type":"WebPage","@id":"https:\/\/www.ellenkantarellen.se\/produkt\/etiketter-till-handgjorda-virkade-vaskor\/","url":"https:\/\/www.ellenkantarellen.se\/produkt\/etiketter-till-handgjorda-virkade-vaskor\/","name":"Etiketter till handgjorda\/virkade V\u00e4skor - EllenKantarellen","isPartOf":{"@id":"https:\/\/www.ellenkantarellen.se\/#website"},"primaryImageOfPage":{"@id":"https:\/\/www.ellenkantarellen.se\/produkt\/etiketter-till-handgjorda-virkade-vaskor\/#primaryimage"},"image":{"@id":"https:\/\/www.ellenkantarellen.se\/produkt\/etiketter-till-handgjorda-virkade-vaskor\/#primaryimage"},"thumbnailUrl":"https:\/\/www.ellenkantarellen.se\/wp-content\/uploads\/2024\/12\/SOCKOR-19.png","datePublished":"2024-12-22T16:49:27+00:00","dateModified":"2024-12-22T16:55:04+00:00","description":"Superfina utskriftbara etiketter f\u00f6r dina handgjorda V\u00e4skor, det b\u00e4sta s\u00e4ttet f\u00f6r ett personligt och proffsigt utseende!","breadcrumb":{"@id":"https:\/\/www.ellenkantarellen.se\/produkt\/etiketter-till-handgjorda-virkade-vaskor\/#breadcrumb"},"inLanguage":"en-GB","potentialAction":[{"@type":"ReadAction","target":["https:\/\/www.ellenkantarellen.se\/produkt\/etiketter-till-handgjorda-virkade-vaskor\/"]}]},{"@type":"ImageObject","inLanguage":"en-GB","@id":"https:\/\/www.ellenkantarellen.se\/produkt\/etiketter-till-handgjorda-virkade-vaskor\/#primaryimage","url":"https:\/\/www.ellenkantarellen.se\/wp-content\/uploads\/2024\/12\/SOCKOR-19.png","contentUrl":"https:\/\/www.ellenkantarellen.se\/wp-content\/uploads\/2024\/12\/SOCKOR-19.png","width":1080,"height":1080},{"@type":"BreadcrumbList","@id":"https:\/\/www.ellenkantarellen.se\/produkt\/etiketter-till-handgjorda-virkade-vaskor\/#breadcrumb","itemListElement":[{"@type":"ListItem","position":1,"name":"Hem","item":"https:\/\/www.ellenkantarellen.se\/"},{"@type":"ListItem","position":2,"name":"Aff\u00e4r","item":"https:\/\/www.ellenkantarellen.se\/affar\/"},{"@type":"ListItem","position":3,"name":"Etiketter till handgjorda\/virkade V\u00e4skor"}]},{"@type":"WebSite","@id":"https:\/\/www.ellenkantarellen.se\/#website","url":"https:\/\/www.ellenkantarellen.se\/","name":"EllenKantarellen","description":"","publisher":{"@id":"https:\/\/www.ellenkantarellen.se\/#organization"},"potentialAction":[{"@type":"SearchAction","target":{"@type":"EntryPoint","urlTemplate":"https:\/\/www.ellenkantarellen.se\/?s={search_term_string}"},"query-input":{"@type":"PropertyValueSpecification","valueRequired":true,"valueName":"search_term_string"}}],"inLanguage":"en-GB"},{"@type":"Organization","@id":"https:\/\/www.ellenkantarellen.se\/#organization","name":"EllenKantarellen","url":"https:\/\/www.ellenkantarellen.se\/","logo":{"@type":"ImageObject","inLanguage":"en-GB","@id":"https:\/\/www.ellenkantarellen.se\/#\/schema\/logo\/image\/","url":"https:\/\/www.ellenkantarellen.se\/wp-content\/uploads\/2021\/09\/ek2.png","contentUrl":"https:\/\/www.ellenkantarellen.se\/wp-content\/uploads\/2021\/09\/ek2.png","width":2232,"height":508,"caption":"EllenKantarellen"},"image":{"@id":"https:\/\/www.ellenkantarellen.se\/#\/schema\/logo\/image\/"}}]}},"_links":{"self":[{"href":"https:\/\/www.ellenkantarellen.se\/en\/wp-json\/wp\/v2\/product\/16245","targetHints":{"allow":["GET"]}}],"collection":[{"href":"https:\/\/www.ellenkantarellen.se\/en\/wp-json\/wp\/v2\/product"}],"about":[{"href":"https:\/\/www.ellenkantarellen.se\/en\/wp-json\/wp\/v2\/types\/product"}],"replies":[{"embeddable":true,"href":"https:\/\/www.ellenkantarellen.se\/en\/wp-json\/wp\/v2\/comments?post=16245"}],"wp:featuredmedia":[{"embeddable":true,"href":"https:\/\/www.ellenkantarellen.se\/en\/wp-json\/wp\/v2\/media\/16246"}],"wp:attachment":[{"href":"https:\/\/www.ellenkantarellen.se\/en\/wp-json\/wp\/v2\/media?parent=16245"}],"wp:term":[{"taxonomy":"product_brand","embeddable":true,"href":"https:\/\/www.ellenkantarellen.se\/en\/wp-json\/wp\/v2\/product_brand?post=16245"},{"taxonomy":"product_cat","embeddable":true,"href":"https:\/\/www.ellenkantarellen.se\/en\/wp-json\/wp\/v2\/product_cat?post=16245"},{"taxonomy":"product_tag","embeddable":true,"href":"https:\/\/www.ellenkantarellen.se\/en\/wp-json\/wp\/v2\/product_tag?post=16245"}],"curies":[{"name":"wp","href":"https:\/\/api.w.org\/{rel}","templated":true}]}}