{"id":16498,"date":"2025-01-02T17:21:03","date_gmt":"2025-01-02T16:21:03","guid":{"rendered":"https:\/\/www.ellenkantarellen.se\/?post_type=product&#038;p=16498"},"modified":"2025-01-02T17:41:53","modified_gmt":"2025-01-02T16:41:53","slug":"roliga-och-fina-etiketter-till-alla-hjartans-dag","status":"publish","type":"product","link":"https:\/\/www.ellenkantarellen.se\/en\/produkt\/roliga-och-fina-etiketter-till-alla-hjartans-dag\/","title":{"rendered":"Roliga och fina Etiketter till Alla Hj\u00e4rtans Dag"},"content":{"rendered":"<p>\ud83c\udf38 PDF-Etiketter att skriva ut och s\u00e4tta p\u00e5 dina Alla Hj\u00e4rtansg\u00e5vor! \ud83c\udf38<\/p>\n<p>\ud83c\udf38 Paketet inneh\u00e5ller 1 digital nedladdningsbar utskrift med 12 etiketter med olika fina och roliga motiv med det d\u00e4r lilla extra! \ud83c\udf38<\/p>\n<p>\ud83c\udf38 Dessa etiketter kommer att f\u00e5 dina presenter att se fantastiska ut!<\/p>\n<p>++++++++ DETAILS ++++++++<\/p>\n<p>Fil typ: Utskriftbar PDF inneh\u00e5llande 1 sida med 12 normalstora etiketter!<br \/>\nTag sizes: 9.5 x 5 cm\/ 3,7&#8243; x 2&#8243;<\/p>","protected":false},"excerpt":{"rendered":"<p>\ud83c\udf38<em> Roliga och fina Etiketter till Alla Hj\u00e4rtans Dag. PDF-Etiketter med 12 olika motiv att skriva ut och s\u00e4tta p\u00e5 dina Alla Hj\u00e4rtansg\u00e5vor! <\/em><strong>\ud83c\udf38<\/strong><strong><em> After payment you can instantly download your new Tags! You get an email with a link to the Tags.<\/em><\/strong><\/p>","protected":false},"featured_media":16499,"comment_status":"open","ping_status":"closed","template":"","meta":[],"product_brand":[],"product_cat":[703],"product_tag":[1045,1038,1048,1046,1057,1047],"class_list":{"0":"post-16498","1":"product","2":"type-product","3":"status-publish","4":"has-post-thumbnail","6":"product_cat-etiketter","7":"product_tag-etiketter-alla-hjartans-dag","8":"product_tag-etiketter-made-by-me","9":"product_tag-etiketter-till-presenter","10":"product_tag-etiketter-valentines","11":"product_tag-mall-etiketter","12":"product_tag-utkskriftbara-etiketter","14":"first","15":"instock","16":"downloadable","17":"virtual","18":"sold-individually","19":"taxable","20":"purchasable","21":"product-type-simple"},"bundled_by":[],"bundle_stock_status":"instock","bundle_stock_quantity":null,"bundle_virtual":false,"bundle_layout":"","bundle_add_to_cart_form_location":"","bundle_editable_in_cart":false,"bundle_sold_individually_context":"","bundle_item_grouping":"","bundle_min_size":"","bundle_max_size":"","bundle_price":[],"bundled_items":[],"bundle_sell_ids":[],"yoast_head":"<!-- This site is optimized with the Yoast SEO plugin v27.0 - https:\/\/yoast.com\/product\/yoast-seo-wordpress\/ -->\n<title>Roliga och fina Etiketter till Alla Hj\u00e4rtans Dag - EllenKantarellen<\/title>\n<meta name=\"description\" content=\"\ud83c\udf38 Roliga och fina Etiketter till Alla Hj\u00e4rtans Dag. PDF-Etiketter med 12 olika motiv att skriva ut och s\u00e4tta p\u00e5 dina Alla Hj\u00e4rtansg\u00e5vor! \ud83c\udf38\" \/>\n<meta name=\"robots\" content=\"index, follow, max-snippet:-1, max-image-preview:large, max-video-preview:-1\" \/>\n<link rel=\"canonical\" href=\"https:\/\/www.ellenkantarellen.se\/en\/product-2\/roliga-och-fina-etiketter-till-alla-hjartans-dag\/\" \/>\n<meta property=\"og:locale\" content=\"en_GB\" \/>\n<meta property=\"og:type\" content=\"article\" \/>\n<meta property=\"og:title\" content=\"Roliga och fina Etiketter till Alla Hj\u00e4rtans Dag - EllenKantarellen\" \/>\n<meta property=\"og:description\" content=\"\ud83c\udf38 Roliga och fina Etiketter till Alla Hj\u00e4rtans Dag. PDF-Etiketter med 12 olika motiv att skriva ut och s\u00e4tta p\u00e5 dina Alla Hj\u00e4rtansg\u00e5vor! \ud83c\udf38\" \/>\n<meta property=\"og:url\" content=\"https:\/\/www.ellenkantarellen.se\/en\/product-2\/roliga-och-fina-etiketter-till-alla-hjartans-dag\/\" \/>\n<meta property=\"og:site_name\" content=\"EllenKantarellen\" \/>\n<meta property=\"article:modified_time\" content=\"2025-01-02T16:41:53+00:00\" \/>\n<meta property=\"og:image\" content=\"https:\/\/www.ellenkantarellen.se\/wp-content\/uploads\/2025\/01\/Valentines-2-3.png\" \/>\n\t<meta property=\"og:image:width\" content=\"1080\" \/>\n\t<meta property=\"og:image:height\" content=\"1080\" \/>\n\t<meta property=\"og:image:type\" content=\"image\/png\" \/>\n<meta name=\"twitter:card\" content=\"summary_large_image\" \/>\n<meta name=\"twitter:label1\" content=\"Estimated reading time\" \/>\n\t<meta name=\"twitter:data1\" content=\"1 minute\" \/>\n<script type=\"application\/ld+json\" class=\"yoast-schema-graph\">{\"@context\":\"https:\/\/schema.org\",\"@graph\":[{\"@type\":\"WebPage\",\"@id\":\"https:\/\/www.ellenkantarellen.se\/produkt\/roliga-och-fina-etiketter-till-alla-hjartans-dag\/\",\"url\":\"https:\/\/www.ellenkantarellen.se\/produkt\/roliga-och-fina-etiketter-till-alla-hjartans-dag\/\",\"name\":\"Roliga och fina Etiketter till Alla Hj\u00e4rtans Dag - EllenKantarellen\",\"isPartOf\":{\"@id\":\"https:\/\/www.ellenkantarellen.se\/#website\"},\"primaryImageOfPage\":{\"@id\":\"https:\/\/www.ellenkantarellen.se\/produkt\/roliga-och-fina-etiketter-till-alla-hjartans-dag\/#primaryimage\"},\"image\":{\"@id\":\"https:\/\/www.ellenkantarellen.se\/produkt\/roliga-och-fina-etiketter-till-alla-hjartans-dag\/#primaryimage\"},\"thumbnailUrl\":\"https:\/\/www.ellenkantarellen.se\/wp-content\/uploads\/2025\/01\/Valentines-2-3.png\",\"datePublished\":\"2025-01-02T16:21:03+00:00\",\"dateModified\":\"2025-01-02T16:41:53+00:00\",\"description\":\"\ud83c\udf38 Roliga och fina Etiketter till Alla Hj\u00e4rtans Dag. PDF-Etiketter med 12 olika motiv att skriva ut och s\u00e4tta p\u00e5 dina Alla Hj\u00e4rtansg\u00e5vor! \ud83c\udf38\",\"breadcrumb\":{\"@id\":\"https:\/\/www.ellenkantarellen.se\/produkt\/roliga-och-fina-etiketter-till-alla-hjartans-dag\/#breadcrumb\"},\"inLanguage\":\"en-GB\",\"potentialAction\":[{\"@type\":\"ReadAction\",\"target\":[\"https:\/\/www.ellenkantarellen.se\/produkt\/roliga-och-fina-etiketter-till-alla-hjartans-dag\/\"]}]},{\"@type\":\"ImageObject\",\"inLanguage\":\"en-GB\",\"@id\":\"https:\/\/www.ellenkantarellen.se\/produkt\/roliga-och-fina-etiketter-till-alla-hjartans-dag\/#primaryimage\",\"url\":\"https:\/\/www.ellenkantarellen.se\/wp-content\/uploads\/2025\/01\/Valentines-2-3.png\",\"contentUrl\":\"https:\/\/www.ellenkantarellen.se\/wp-content\/uploads\/2025\/01\/Valentines-2-3.png\",\"width\":1080,\"height\":1080},{\"@type\":\"BreadcrumbList\",\"@id\":\"https:\/\/www.ellenkantarellen.se\/produkt\/roliga-och-fina-etiketter-till-alla-hjartans-dag\/#breadcrumb\",\"itemListElement\":[{\"@type\":\"ListItem\",\"position\":1,\"name\":\"Hem\",\"item\":\"https:\/\/www.ellenkantarellen.se\/\"},{\"@type\":\"ListItem\",\"position\":2,\"name\":\"Aff\u00e4r\",\"item\":\"https:\/\/www.ellenkantarellen.se\/affar\/\"},{\"@type\":\"ListItem\",\"position\":3,\"name\":\"Roliga och fina Etiketter till Alla Hj\u00e4rtans Dag\"}]},{\"@type\":\"WebSite\",\"@id\":\"https:\/\/www.ellenkantarellen.se\/#website\",\"url\":\"https:\/\/www.ellenkantarellen.se\/\",\"name\":\"EllenKantarellen\",\"description\":\"\",\"publisher\":{\"@id\":\"https:\/\/www.ellenkantarellen.se\/#organization\"},\"potentialAction\":[{\"@type\":\"SearchAction\",\"target\":{\"@type\":\"EntryPoint\",\"urlTemplate\":\"https:\/\/www.ellenkantarellen.se\/?s={search_term_string}\"},\"query-input\":{\"@type\":\"PropertyValueSpecification\",\"valueRequired\":true,\"valueName\":\"search_term_string\"}}],\"inLanguage\":\"en-GB\"},{\"@type\":\"Organization\",\"@id\":\"https:\/\/www.ellenkantarellen.se\/#organization\",\"name\":\"EllenKantarellen\",\"url\":\"https:\/\/www.ellenkantarellen.se\/\",\"logo\":{\"@type\":\"ImageObject\",\"inLanguage\":\"en-GB\",\"@id\":\"https:\/\/www.ellenkantarellen.se\/#\/schema\/logo\/image\/\",\"url\":\"https:\/\/www.ellenkantarellen.se\/wp-content\/uploads\/2021\/09\/ek2.png\",\"contentUrl\":\"https:\/\/www.ellenkantarellen.se\/wp-content\/uploads\/2021\/09\/ek2.png\",\"width\":2232,\"height\":508,\"caption\":\"EllenKantarellen\"},\"image\":{\"@id\":\"https:\/\/www.ellenkantarellen.se\/#\/schema\/logo\/image\/\"}}]}<\/script>\n<!-- \/ Yoast SEO plugin. -->","yoast_head_json":{"title":"Roliga och fina Etiketter till Alla Hj\u00e4rtans Dag - EllenKantarellen","description":"\ud83c\udf38 Roliga och fina Etiketter till Alla Hj\u00e4rtans Dag. PDF-Etiketter med 12 olika motiv att skriva ut och s\u00e4tta p\u00e5 dina Alla Hj\u00e4rtansg\u00e5vor! \ud83c\udf38","robots":{"index":"index","follow":"follow","max-snippet":"max-snippet:-1","max-image-preview":"max-image-preview:large","max-video-preview":"max-video-preview:-1"},"canonical":"https:\/\/www.ellenkantarellen.se\/en\/product-2\/roliga-och-fina-etiketter-till-alla-hjartans-dag\/","og_locale":"en_GB","og_type":"article","og_title":"Roliga och fina Etiketter till Alla Hj\u00e4rtans Dag - EllenKantarellen","og_description":"\ud83c\udf38 Roliga och fina Etiketter till Alla Hj\u00e4rtans Dag. PDF-Etiketter med 12 olika motiv att skriva ut och s\u00e4tta p\u00e5 dina Alla Hj\u00e4rtansg\u00e5vor! \ud83c\udf38","og_url":"https:\/\/www.ellenkantarellen.se\/en\/product-2\/roliga-och-fina-etiketter-till-alla-hjartans-dag\/","og_site_name":"EllenKantarellen","article_modified_time":"2025-01-02T16:41:53+00:00","og_image":[{"width":1080,"height":1080,"url":"https:\/\/www.ellenkantarellen.se\/wp-content\/uploads\/2025\/01\/Valentines-2-3.png","type":"image\/png"}],"twitter_card":"summary_large_image","twitter_misc":{"Estimated reading time":"1 minute"},"schema":{"@context":"https:\/\/schema.org","@graph":[{"@type":"WebPage","@id":"https:\/\/www.ellenkantarellen.se\/produkt\/roliga-och-fina-etiketter-till-alla-hjartans-dag\/","url":"https:\/\/www.ellenkantarellen.se\/produkt\/roliga-och-fina-etiketter-till-alla-hjartans-dag\/","name":"Roliga och fina Etiketter till Alla Hj\u00e4rtans Dag - EllenKantarellen","isPartOf":{"@id":"https:\/\/www.ellenkantarellen.se\/#website"},"primaryImageOfPage":{"@id":"https:\/\/www.ellenkantarellen.se\/produkt\/roliga-och-fina-etiketter-till-alla-hjartans-dag\/#primaryimage"},"image":{"@id":"https:\/\/www.ellenkantarellen.se\/produkt\/roliga-och-fina-etiketter-till-alla-hjartans-dag\/#primaryimage"},"thumbnailUrl":"https:\/\/www.ellenkantarellen.se\/wp-content\/uploads\/2025\/01\/Valentines-2-3.png","datePublished":"2025-01-02T16:21:03+00:00","dateModified":"2025-01-02T16:41:53+00:00","description":"\ud83c\udf38 Roliga och fina Etiketter till Alla Hj\u00e4rtans Dag. PDF-Etiketter med 12 olika motiv att skriva ut och s\u00e4tta p\u00e5 dina Alla Hj\u00e4rtansg\u00e5vor! \ud83c\udf38","breadcrumb":{"@id":"https:\/\/www.ellenkantarellen.se\/produkt\/roliga-och-fina-etiketter-till-alla-hjartans-dag\/#breadcrumb"},"inLanguage":"en-GB","potentialAction":[{"@type":"ReadAction","target":["https:\/\/www.ellenkantarellen.se\/produkt\/roliga-och-fina-etiketter-till-alla-hjartans-dag\/"]}]},{"@type":"ImageObject","inLanguage":"en-GB","@id":"https:\/\/www.ellenkantarellen.se\/produkt\/roliga-och-fina-etiketter-till-alla-hjartans-dag\/#primaryimage","url":"https:\/\/www.ellenkantarellen.se\/wp-content\/uploads\/2025\/01\/Valentines-2-3.png","contentUrl":"https:\/\/www.ellenkantarellen.se\/wp-content\/uploads\/2025\/01\/Valentines-2-3.png","width":1080,"height":1080},{"@type":"BreadcrumbList","@id":"https:\/\/www.ellenkantarellen.se\/produkt\/roliga-och-fina-etiketter-till-alla-hjartans-dag\/#breadcrumb","itemListElement":[{"@type":"ListItem","position":1,"name":"Hem","item":"https:\/\/www.ellenkantarellen.se\/"},{"@type":"ListItem","position":2,"name":"Aff\u00e4r","item":"https:\/\/www.ellenkantarellen.se\/affar\/"},{"@type":"ListItem","position":3,"name":"Roliga och fina Etiketter till Alla Hj\u00e4rtans Dag"}]},{"@type":"WebSite","@id":"https:\/\/www.ellenkantarellen.se\/#website","url":"https:\/\/www.ellenkantarellen.se\/","name":"EllenKantarellen","description":"","publisher":{"@id":"https:\/\/www.ellenkantarellen.se\/#organization"},"potentialAction":[{"@type":"SearchAction","target":{"@type":"EntryPoint","urlTemplate":"https:\/\/www.ellenkantarellen.se\/?s={search_term_string}"},"query-input":{"@type":"PropertyValueSpecification","valueRequired":true,"valueName":"search_term_string"}}],"inLanguage":"en-GB"},{"@type":"Organization","@id":"https:\/\/www.ellenkantarellen.se\/#organization","name":"EllenKantarellen","url":"https:\/\/www.ellenkantarellen.se\/","logo":{"@type":"ImageObject","inLanguage":"en-GB","@id":"https:\/\/www.ellenkantarellen.se\/#\/schema\/logo\/image\/","url":"https:\/\/www.ellenkantarellen.se\/wp-content\/uploads\/2021\/09\/ek2.png","contentUrl":"https:\/\/www.ellenkantarellen.se\/wp-content\/uploads\/2021\/09\/ek2.png","width":2232,"height":508,"caption":"EllenKantarellen"},"image":{"@id":"https:\/\/www.ellenkantarellen.se\/#\/schema\/logo\/image\/"}}]}},"_links":{"self":[{"href":"https:\/\/www.ellenkantarellen.se\/en\/wp-json\/wp\/v2\/product\/16498","targetHints":{"allow":["GET"]}}],"collection":[{"href":"https:\/\/www.ellenkantarellen.se\/en\/wp-json\/wp\/v2\/product"}],"about":[{"href":"https:\/\/www.ellenkantarellen.se\/en\/wp-json\/wp\/v2\/types\/product"}],"replies":[{"embeddable":true,"href":"https:\/\/www.ellenkantarellen.se\/en\/wp-json\/wp\/v2\/comments?post=16498"}],"wp:featuredmedia":[{"embeddable":true,"href":"https:\/\/www.ellenkantarellen.se\/en\/wp-json\/wp\/v2\/media\/16499"}],"wp:attachment":[{"href":"https:\/\/www.ellenkantarellen.se\/en\/wp-json\/wp\/v2\/media?parent=16498"}],"wp:term":[{"taxonomy":"product_brand","embeddable":true,"href":"https:\/\/www.ellenkantarellen.se\/en\/wp-json\/wp\/v2\/product_brand?post=16498"},{"taxonomy":"product_cat","embeddable":true,"href":"https:\/\/www.ellenkantarellen.se\/en\/wp-json\/wp\/v2\/product_cat?post=16498"},{"taxonomy":"product_tag","embeddable":true,"href":"https:\/\/www.ellenkantarellen.se\/en\/wp-json\/wp\/v2\/product_tag?post=16498"}],"curies":[{"name":"wp","href":"https:\/\/api.w.org\/{rel}","templated":true}]}}