{"id":16514,"date":"2025-01-02T21:24:12","date_gmt":"2025-01-02T20:24:12","guid":{"rendered":"https:\/\/www.ellenkantarellen.se\/?post_type=product&#038;p=16514"},"modified":"2025-01-02T21:28:45","modified_gmt":"2025-01-02T20:28:45","slug":"trycksaker-till-alla-hjartans-nalle-bundle","status":"publish","type":"product","link":"https:\/\/www.ellenkantarellen.se\/en\/produkt\/trycksaker-till-alla-hjartans-nalle-bundle\/","title":{"rendered":"Trycksaker till Alla Hj\u00e4rtans Nalle Bundle"},"content":{"rendered":"<p>H\u00e4rlig Alla Hj\u00e4rtans Bundle med\u00a0 utskriftbara etiketter samt presentboxar! Allt du beh\u00f6ver till dina k\u00e4rleksfullt handgjorda g\u00e5vor!<br \/>\nBundeln inneh\u00e5ller 6 olika slags etiketter samt presentboxar att stoppa dina gulliga nallar i! Se mer detaljerad information p\u00e5 de enskilda produktbeskrivningarna!<\/p>","protected":false},"excerpt":{"rendered":"<p><em>H\u00e4rlig Alla Hj\u00e4rtans Bundle med\u00a0 utskriftbara etiketter samt presentboxar! Allt du beh\u00f6ver till dina k\u00e4rleksfullt handgjorda g\u00e5vor! <strong>N\u00e4r du betalat f\u00f6r dina produkter kommer du automatiskt att kunna ladda ner din PDF-fil med dina nya fina m\u00f6nster &amp; Etiketter som kommer i ett best\u00e4llningsmejl till dig!<\/strong><\/em><\/p>","protected":false},"featured_media":16515,"comment_status":"open","ping_status":"closed","template":"","meta":[],"product_brand":[],"product_cat":[703],"product_tag":[1057,1056,330,1059,805,345,1058],"class_list":{"0":"post-16514","1":"product","2":"type-product","3":"status-publish","4":"has-post-thumbnail","6":"product_cat-etiketter","7":"product_tag-mall-etiketter","8":"product_tag-mall-presentask","9":"product_tag-monster-virkad-nalle","10":"product_tag-paket-virkmonster","11":"product_tag-utskriftbara-etiketter","12":"product_tag-virkmonster-alla-hjartans-dag","13":"product_tag-virkmonster-bundle","15":"first","16":"instock","17":"virtual","18":"taxable","19":"purchasable","20":"product-type-bundle"},"bundled_by":[],"bundle_stock_status":"instock","bundle_stock_quantity":"","bundle_virtual":false,"bundle_layout":"default","bundle_add_to_cart_form_location":"default","bundle_editable_in_cart":false,"bundle_sold_individually_context":"product","bundle_item_grouping":"parent","bundle_min_size":"","bundle_max_size":"","bundle_price":{"price":{"min":{"incl_tax":"70","excl_tax":"66.037736"},"max":{"incl_tax":"70","excl_tax":"66.037736"}},"regular_price":{"min":{"incl_tax":"70","excl_tax":"66.037736"},"max":{"incl_tax":"70","excl_tax":"66.037736"}}},"bundled_items":[{"bundled_item_id":15,"product_id":16443,"menu_order":0,"quantity_min":1,"quantity_max":1,"quantity_default":1,"priced_individually":false,"shipped_individually":true,"override_title":false,"title":"Etiketter till Ellens Alla Hj\u00e4rtans Dag Nalle","override_description":false,"description":"","optional":false,"hide_thumbnail":false,"discount":"","override_variations":false,"allowed_variations":[],"override_default_variation_attributes":false,"default_variation_attributes":[],"single_product_visibility":"visible","cart_visibility":"visible","order_visibility":"visible","single_product_price_visibility":"visible","cart_price_visibility":"visible","order_price_visibility":"visible","stock_status":"in_stock"},{"bundled_item_id":16,"product_id":16456,"menu_order":1,"quantity_min":1,"quantity_max":1,"quantity_default":1,"priced_individually":false,"shipped_individually":true,"override_title":false,"title":"Utskriftbar present box Alla Hj\u00e4rtans Dag Nalle","override_description":false,"description":"","optional":false,"hide_thumbnail":false,"discount":"","override_variations":false,"allowed_variations":[],"override_default_variation_attributes":false,"default_variation_attributes":[],"single_product_visibility":"visible","cart_visibility":"visible","order_visibility":"visible","single_product_price_visibility":"visible","cart_price_visibility":"visible","order_price_visibility":"visible","stock_status":"in_stock"},{"bundled_item_id":17,"product_id":16484,"menu_order":2,"quantity_min":1,"quantity_max":1,"quantity_default":1,"priced_individually":false,"shipped_individually":true,"override_title":false,"title":"Utskriftbar present box Stor Alla Hj\u00e4rtans Dag Nalle","override_description":false,"description":"","optional":false,"hide_thumbnail":false,"discount":"","override_variations":false,"allowed_variations":[],"override_default_variation_attributes":false,"default_variation_attributes":[],"single_product_visibility":"visible","cart_visibility":"visible","order_visibility":"visible","single_product_price_visibility":"visible","cart_price_visibility":"visible","order_price_visibility":"visible","stock_status":"in_stock"}],"bundle_sell_ids":[],"yoast_head":"<!-- This site is optimized with the Yoast SEO plugin v27.0 - https:\/\/yoast.com\/product\/yoast-seo-wordpress\/ -->\n<title>Trycksaker till Alla Hj\u00e4rtans Nalle Bundle - EllenKantarellen<\/title>\n<meta name=\"description\" content=\"H\u00e4rlig Alla Hj\u00e4rtans Bundle med\u00a0 utskriftbara etiketter samt presentboxar! Allt du beh\u00f6ver till dina k\u00e4rleksfullt handgjorda g\u00e5vor!\" \/>\n<meta name=\"robots\" content=\"index, follow, max-snippet:-1, max-image-preview:large, max-video-preview:-1\" \/>\n<link rel=\"canonical\" href=\"https:\/\/www.ellenkantarellen.se\/en\/product-2\/trycksaker-till-alla-hjartans-nalle-bundle\/\" \/>\n<meta property=\"og:locale\" content=\"en_GB\" \/>\n<meta property=\"og:type\" content=\"article\" \/>\n<meta property=\"og:title\" content=\"Trycksaker till Alla Hj\u00e4rtans Nalle Bundle - EllenKantarellen\" \/>\n<meta property=\"og:description\" content=\"H\u00e4rlig Alla Hj\u00e4rtans Bundle med\u00a0 utskriftbara etiketter samt presentboxar! Allt du beh\u00f6ver till dina k\u00e4rleksfullt handgjorda g\u00e5vor!\" \/>\n<meta property=\"og:url\" content=\"https:\/\/www.ellenkantarellen.se\/en\/product-2\/trycksaker-till-alla-hjartans-nalle-bundle\/\" \/>\n<meta property=\"og:site_name\" content=\"EllenKantarellen\" \/>\n<meta property=\"article:modified_time\" content=\"2025-01-02T20:28:45+00:00\" \/>\n<meta property=\"og:image\" content=\"https:\/\/www.ellenkantarellen.se\/wp-content\/uploads\/2025\/01\/Baby-Bundle-6.png\" \/>\n\t<meta property=\"og:image:width\" content=\"1080\" \/>\n\t<meta property=\"og:image:height\" content=\"1080\" \/>\n\t<meta property=\"og:image:type\" content=\"image\/png\" \/>\n<meta name=\"twitter:card\" content=\"summary_large_image\" \/>\n<meta name=\"twitter:label1\" content=\"Estimated reading time\" \/>\n\t<meta name=\"twitter:data1\" content=\"1 minute\" \/>\n<script type=\"application\/ld+json\" class=\"yoast-schema-graph\">{\"@context\":\"https:\/\/schema.org\",\"@graph\":[{\"@type\":\"WebPage\",\"@id\":\"https:\/\/www.ellenkantarellen.se\/produkt\/trycksaker-till-alla-hjartans-nalle-bundle\/\",\"url\":\"https:\/\/www.ellenkantarellen.se\/produkt\/trycksaker-till-alla-hjartans-nalle-bundle\/\",\"name\":\"Trycksaker till Alla Hj\u00e4rtans Nalle Bundle - EllenKantarellen\",\"isPartOf\":{\"@id\":\"https:\/\/www.ellenkantarellen.se\/#website\"},\"primaryImageOfPage\":{\"@id\":\"https:\/\/www.ellenkantarellen.se\/produkt\/trycksaker-till-alla-hjartans-nalle-bundle\/#primaryimage\"},\"image\":{\"@id\":\"https:\/\/www.ellenkantarellen.se\/produkt\/trycksaker-till-alla-hjartans-nalle-bundle\/#primaryimage\"},\"thumbnailUrl\":\"https:\/\/www.ellenkantarellen.se\/wp-content\/uploads\/2025\/01\/Baby-Bundle-6.png\",\"datePublished\":\"2025-01-02T20:24:12+00:00\",\"dateModified\":\"2025-01-02T20:28:45+00:00\",\"description\":\"H\u00e4rlig Alla Hj\u00e4rtans Bundle med\u00a0 utskriftbara etiketter samt presentboxar! Allt du beh\u00f6ver till dina k\u00e4rleksfullt handgjorda g\u00e5vor!\",\"breadcrumb\":{\"@id\":\"https:\/\/www.ellenkantarellen.se\/produkt\/trycksaker-till-alla-hjartans-nalle-bundle\/#breadcrumb\"},\"inLanguage\":\"en-GB\",\"potentialAction\":[{\"@type\":\"ReadAction\",\"target\":[\"https:\/\/www.ellenkantarellen.se\/produkt\/trycksaker-till-alla-hjartans-nalle-bundle\/\"]}]},{\"@type\":\"ImageObject\",\"inLanguage\":\"en-GB\",\"@id\":\"https:\/\/www.ellenkantarellen.se\/produkt\/trycksaker-till-alla-hjartans-nalle-bundle\/#primaryimage\",\"url\":\"https:\/\/www.ellenkantarellen.se\/wp-content\/uploads\/2025\/01\/Baby-Bundle-6.png\",\"contentUrl\":\"https:\/\/www.ellenkantarellen.se\/wp-content\/uploads\/2025\/01\/Baby-Bundle-6.png\",\"width\":1080,\"height\":1080},{\"@type\":\"BreadcrumbList\",\"@id\":\"https:\/\/www.ellenkantarellen.se\/produkt\/trycksaker-till-alla-hjartans-nalle-bundle\/#breadcrumb\",\"itemListElement\":[{\"@type\":\"ListItem\",\"position\":1,\"name\":\"Hem\",\"item\":\"https:\/\/www.ellenkantarellen.se\/\"},{\"@type\":\"ListItem\",\"position\":2,\"name\":\"Aff\u00e4r\",\"item\":\"https:\/\/www.ellenkantarellen.se\/affar\/\"},{\"@type\":\"ListItem\",\"position\":3,\"name\":\"Trycksaker till Alla Hj\u00e4rtans Nalle Bundle\"}]},{\"@type\":\"WebSite\",\"@id\":\"https:\/\/www.ellenkantarellen.se\/#website\",\"url\":\"https:\/\/www.ellenkantarellen.se\/\",\"name\":\"EllenKantarellen\",\"description\":\"\",\"publisher\":{\"@id\":\"https:\/\/www.ellenkantarellen.se\/#organization\"},\"potentialAction\":[{\"@type\":\"SearchAction\",\"target\":{\"@type\":\"EntryPoint\",\"urlTemplate\":\"https:\/\/www.ellenkantarellen.se\/?s={search_term_string}\"},\"query-input\":{\"@type\":\"PropertyValueSpecification\",\"valueRequired\":true,\"valueName\":\"search_term_string\"}}],\"inLanguage\":\"en-GB\"},{\"@type\":\"Organization\",\"@id\":\"https:\/\/www.ellenkantarellen.se\/#organization\",\"name\":\"EllenKantarellen\",\"url\":\"https:\/\/www.ellenkantarellen.se\/\",\"logo\":{\"@type\":\"ImageObject\",\"inLanguage\":\"en-GB\",\"@id\":\"https:\/\/www.ellenkantarellen.se\/#\/schema\/logo\/image\/\",\"url\":\"https:\/\/www.ellenkantarellen.se\/wp-content\/uploads\/2021\/09\/ek2.png\",\"contentUrl\":\"https:\/\/www.ellenkantarellen.se\/wp-content\/uploads\/2021\/09\/ek2.png\",\"width\":2232,\"height\":508,\"caption\":\"EllenKantarellen\"},\"image\":{\"@id\":\"https:\/\/www.ellenkantarellen.se\/#\/schema\/logo\/image\/\"}}]}<\/script>\n<!-- \/ Yoast SEO plugin. -->","yoast_head_json":{"title":"Trycksaker till Alla Hj\u00e4rtans Nalle Bundle - EllenKantarellen","description":"H\u00e4rlig Alla Hj\u00e4rtans Bundle med\u00a0 utskriftbara etiketter samt presentboxar! Allt du beh\u00f6ver till dina k\u00e4rleksfullt handgjorda g\u00e5vor!","robots":{"index":"index","follow":"follow","max-snippet":"max-snippet:-1","max-image-preview":"max-image-preview:large","max-video-preview":"max-video-preview:-1"},"canonical":"https:\/\/www.ellenkantarellen.se\/en\/product-2\/trycksaker-till-alla-hjartans-nalle-bundle\/","og_locale":"en_GB","og_type":"article","og_title":"Trycksaker till Alla Hj\u00e4rtans Nalle Bundle - EllenKantarellen","og_description":"H\u00e4rlig Alla Hj\u00e4rtans Bundle med\u00a0 utskriftbara etiketter samt presentboxar! Allt du beh\u00f6ver till dina k\u00e4rleksfullt handgjorda g\u00e5vor!","og_url":"https:\/\/www.ellenkantarellen.se\/en\/product-2\/trycksaker-till-alla-hjartans-nalle-bundle\/","og_site_name":"EllenKantarellen","article_modified_time":"2025-01-02T20:28:45+00:00","og_image":[{"width":1080,"height":1080,"url":"https:\/\/www.ellenkantarellen.se\/wp-content\/uploads\/2025\/01\/Baby-Bundle-6.png","type":"image\/png"}],"twitter_card":"summary_large_image","twitter_misc":{"Estimated reading time":"1 minute"},"schema":{"@context":"https:\/\/schema.org","@graph":[{"@type":"WebPage","@id":"https:\/\/www.ellenkantarellen.se\/produkt\/trycksaker-till-alla-hjartans-nalle-bundle\/","url":"https:\/\/www.ellenkantarellen.se\/produkt\/trycksaker-till-alla-hjartans-nalle-bundle\/","name":"Trycksaker till Alla Hj\u00e4rtans Nalle Bundle - EllenKantarellen","isPartOf":{"@id":"https:\/\/www.ellenkantarellen.se\/#website"},"primaryImageOfPage":{"@id":"https:\/\/www.ellenkantarellen.se\/produkt\/trycksaker-till-alla-hjartans-nalle-bundle\/#primaryimage"},"image":{"@id":"https:\/\/www.ellenkantarellen.se\/produkt\/trycksaker-till-alla-hjartans-nalle-bundle\/#primaryimage"},"thumbnailUrl":"https:\/\/www.ellenkantarellen.se\/wp-content\/uploads\/2025\/01\/Baby-Bundle-6.png","datePublished":"2025-01-02T20:24:12+00:00","dateModified":"2025-01-02T20:28:45+00:00","description":"H\u00e4rlig Alla Hj\u00e4rtans Bundle med\u00a0 utskriftbara etiketter samt presentboxar! Allt du beh\u00f6ver till dina k\u00e4rleksfullt handgjorda g\u00e5vor!","breadcrumb":{"@id":"https:\/\/www.ellenkantarellen.se\/produkt\/trycksaker-till-alla-hjartans-nalle-bundle\/#breadcrumb"},"inLanguage":"en-GB","potentialAction":[{"@type":"ReadAction","target":["https:\/\/www.ellenkantarellen.se\/produkt\/trycksaker-till-alla-hjartans-nalle-bundle\/"]}]},{"@type":"ImageObject","inLanguage":"en-GB","@id":"https:\/\/www.ellenkantarellen.se\/produkt\/trycksaker-till-alla-hjartans-nalle-bundle\/#primaryimage","url":"https:\/\/www.ellenkantarellen.se\/wp-content\/uploads\/2025\/01\/Baby-Bundle-6.png","contentUrl":"https:\/\/www.ellenkantarellen.se\/wp-content\/uploads\/2025\/01\/Baby-Bundle-6.png","width":1080,"height":1080},{"@type":"BreadcrumbList","@id":"https:\/\/www.ellenkantarellen.se\/produkt\/trycksaker-till-alla-hjartans-nalle-bundle\/#breadcrumb","itemListElement":[{"@type":"ListItem","position":1,"name":"Hem","item":"https:\/\/www.ellenkantarellen.se\/"},{"@type":"ListItem","position":2,"name":"Aff\u00e4r","item":"https:\/\/www.ellenkantarellen.se\/affar\/"},{"@type":"ListItem","position":3,"name":"Trycksaker till Alla Hj\u00e4rtans Nalle Bundle"}]},{"@type":"WebSite","@id":"https:\/\/www.ellenkantarellen.se\/#website","url":"https:\/\/www.ellenkantarellen.se\/","name":"EllenKantarellen","description":"","publisher":{"@id":"https:\/\/www.ellenkantarellen.se\/#organization"},"potentialAction":[{"@type":"SearchAction","target":{"@type":"EntryPoint","urlTemplate":"https:\/\/www.ellenkantarellen.se\/?s={search_term_string}"},"query-input":{"@type":"PropertyValueSpecification","valueRequired":true,"valueName":"search_term_string"}}],"inLanguage":"en-GB"},{"@type":"Organization","@id":"https:\/\/www.ellenkantarellen.se\/#organization","name":"EllenKantarellen","url":"https:\/\/www.ellenkantarellen.se\/","logo":{"@type":"ImageObject","inLanguage":"en-GB","@id":"https:\/\/www.ellenkantarellen.se\/#\/schema\/logo\/image\/","url":"https:\/\/www.ellenkantarellen.se\/wp-content\/uploads\/2021\/09\/ek2.png","contentUrl":"https:\/\/www.ellenkantarellen.se\/wp-content\/uploads\/2021\/09\/ek2.png","width":2232,"height":508,"caption":"EllenKantarellen"},"image":{"@id":"https:\/\/www.ellenkantarellen.se\/#\/schema\/logo\/image\/"}}]}},"_links":{"self":[{"href":"https:\/\/www.ellenkantarellen.se\/en\/wp-json\/wp\/v2\/product\/16514","targetHints":{"allow":["GET"]}}],"collection":[{"href":"https:\/\/www.ellenkantarellen.se\/en\/wp-json\/wp\/v2\/product"}],"about":[{"href":"https:\/\/www.ellenkantarellen.se\/en\/wp-json\/wp\/v2\/types\/product"}],"replies":[{"embeddable":true,"href":"https:\/\/www.ellenkantarellen.se\/en\/wp-json\/wp\/v2\/comments?post=16514"}],"wp:featuredmedia":[{"embeddable":true,"href":"https:\/\/www.ellenkantarellen.se\/en\/wp-json\/wp\/v2\/media\/16515"}],"wp:attachment":[{"href":"https:\/\/www.ellenkantarellen.se\/en\/wp-json\/wp\/v2\/media?parent=16514"}],"wp:term":[{"taxonomy":"product_brand","embeddable":true,"href":"https:\/\/www.ellenkantarellen.se\/en\/wp-json\/wp\/v2\/product_brand?post=16514"},{"taxonomy":"product_cat","embeddable":true,"href":"https:\/\/www.ellenkantarellen.se\/en\/wp-json\/wp\/v2\/product_cat?post=16514"},{"taxonomy":"product_tag","embeddable":true,"href":"https:\/\/www.ellenkantarellen.se\/en\/wp-json\/wp\/v2\/product_tag?post=16514"}],"curies":[{"name":"wp","href":"https:\/\/api.w.org\/{rel}","templated":true}]}}