{"id":16531,"date":"2025-01-04T20:38:37","date_gmt":"2025-01-04T19:38:37","guid":{"rendered":"https:\/\/www.ellenkantarellen.se\/?post_type=product&#038;p=16531"},"modified":"2025-12-02T07:15:06","modified_gmt":"2025-12-02T06:15:06","slug":"monster-virkad-positiv-potatis-med-gulliga-skyltar","status":"publish","type":"product","link":"https:\/\/www.ellenkantarellen.se\/en\/produkt\/monster-virkad-positiv-potatis-med-gulliga-skyltar\/","title":{"rendered":"M\u00f6nster virkad S\u00f6t Potatis med rosett &#038; gulliga skyltar"},"content":{"rendered":"<p><em>M\u00f6nster p\u00e5 oemotst\u00e5ndligt gulliga Positiva Potatisen att g\u00f6ra n\u00e5gon riktigt glad med! Cirka 7,5 cm h\u00f6g<\/em>! Kommer med hela 36 olika utskriftbara skyltar med massor med gulliga potatismeddelanden!<\/p>","protected":false},"excerpt":{"rendered":"<p><em>M\u00f6nster p\u00e5 oemotst\u00e5ndligt gulliga Positiva Potatisen att g\u00f6ra n\u00e5gon riktigt glad med!<\/em> <strong><em>N\u00e4r du betalat f\u00f6r m\u00f6nstret kommer du automatiskt att kunna ladda ner din PDF-fil med ditt nya s\u00f6ta m\u00f6nster som kommer i mejl till dig!<\/em><\/strong><\/p>","protected":false},"featured_media":16535,"comment_status":"open","ping_status":"closed","template":"","meta":[],"product_brand":[],"product_cat":[859,457,301,703],"product_tag":[523,221,1064,79,1065,520,228,345,1066],"class_list":{"0":"post-16531","1":"product","2":"type-product","3":"status-publish","4":"has-post-thumbnail","6":"product_cat-alla-hjartans-dag","7":"product_cat-monster-amigurumi","8":"product_cat-monster-med-mat-och-bakverk","9":"product_cat-etiketter","10":"product_tag-alla-hjartans-dag-gava","11":"product_tag-monster-amigurumi","12":"product_tag-positive-potato","13":"product_tag-virkad-gronsak","14":"product_tag-virkad-positiv-potato","15":"product_tag-virkat-alla-hjartans-dag","16":"product_tag-virkmonster","17":"product_tag-virkmonster-alla-hjartans-dag","18":"product_tag-virkmonster-positiv-potato","20":"first","21":"instock","22":"downloadable","23":"virtual","24":"taxable","25":"purchasable","26":"product-type-simple"},"bundled_by":[],"bundle_stock_status":"instock","bundle_stock_quantity":null,"bundle_virtual":false,"bundle_layout":"","bundle_add_to_cart_form_location":"","bundle_editable_in_cart":false,"bundle_sold_individually_context":"","bundle_item_grouping":"","bundle_min_size":"","bundle_max_size":"","bundle_price":[],"bundled_items":[],"bundle_sell_ids":[],"yoast_head":"<!-- This site is optimized with the Yoast SEO plugin v27.0 - https:\/\/yoast.com\/product\/yoast-seo-wordpress\/ -->\n<title>M\u00f6nster virkad S\u00f6t Potatis med rosett &amp; gulliga skyltar - EllenKantarellen<\/title>\n<meta name=\"description\" content=\"M\u00f6nster p\u00e5 oemotst\u00e5ndligt gulliga Positiva Potatisen att g\u00f6ra n\u00e5gon riktigt glad med! Massor med gulliga skyltar med potatismeddelanden!\" \/>\n<meta name=\"robots\" content=\"index, follow, max-snippet:-1, max-image-preview:large, max-video-preview:-1\" \/>\n<link rel=\"canonical\" href=\"https:\/\/www.ellenkantarellen.se\/en\/product-2\/monster-virkad-positiv-potatis-med-gulliga-skyltar\/\" \/>\n<meta property=\"og:locale\" content=\"en_GB\" \/>\n<meta property=\"og:type\" content=\"article\" \/>\n<meta property=\"og:title\" content=\"M\u00f6nster virkad S\u00f6t Potatis med rosett &amp; gulliga skyltar - EllenKantarellen\" \/>\n<meta property=\"og:description\" content=\"M\u00f6nster p\u00e5 oemotst\u00e5ndligt gulliga Positiva Potatisen att g\u00f6ra n\u00e5gon riktigt glad med! Massor med gulliga skyltar med potatismeddelanden!\" \/>\n<meta property=\"og:url\" content=\"https:\/\/www.ellenkantarellen.se\/en\/product-2\/monster-virkad-positiv-potatis-med-gulliga-skyltar\/\" \/>\n<meta property=\"og:site_name\" content=\"EllenKantarellen\" \/>\n<meta property=\"article:modified_time\" content=\"2025-12-02T06:15:06+00:00\" \/>\n<meta property=\"og:image\" content=\"https:\/\/www.ellenkantarellen.se\/wp-content\/uploads\/2025\/01\/SOCKOR-10.png\" \/>\n\t<meta property=\"og:image:width\" content=\"1080\" \/>\n\t<meta property=\"og:image:height\" content=\"1080\" \/>\n\t<meta property=\"og:image:type\" content=\"image\/png\" \/>\n<meta name=\"twitter:card\" content=\"summary_large_image\" \/>\n<meta name=\"twitter:label1\" content=\"Estimated reading time\" \/>\n\t<meta name=\"twitter:data1\" content=\"1 minute\" \/>\n<script type=\"application\/ld+json\" class=\"yoast-schema-graph\">{\"@context\":\"https:\/\/schema.org\",\"@graph\":[{\"@type\":\"WebPage\",\"@id\":\"https:\/\/www.ellenkantarellen.se\/produkt\/monster-virkad-positiv-potatis-med-gulliga-skyltar\/\",\"url\":\"https:\/\/www.ellenkantarellen.se\/produkt\/monster-virkad-positiv-potatis-med-gulliga-skyltar\/\",\"name\":\"M\u00f6nster virkad S\u00f6t Potatis med rosett & gulliga skyltar - EllenKantarellen\",\"isPartOf\":{\"@id\":\"https:\/\/www.ellenkantarellen.se\/#website\"},\"primaryImageOfPage\":{\"@id\":\"https:\/\/www.ellenkantarellen.se\/produkt\/monster-virkad-positiv-potatis-med-gulliga-skyltar\/#primaryimage\"},\"image\":{\"@id\":\"https:\/\/www.ellenkantarellen.se\/produkt\/monster-virkad-positiv-potatis-med-gulliga-skyltar\/#primaryimage\"},\"thumbnailUrl\":\"https:\/\/www.ellenkantarellen.se\/wp-content\/uploads\/2025\/01\/SOCKOR-10.png\",\"datePublished\":\"2025-01-04T19:38:37+00:00\",\"dateModified\":\"2025-12-02T06:15:06+00:00\",\"description\":\"M\u00f6nster p\u00e5 oemotst\u00e5ndligt gulliga Positiva Potatisen att g\u00f6ra n\u00e5gon riktigt glad med! Massor med gulliga skyltar med potatismeddelanden!\",\"breadcrumb\":{\"@id\":\"https:\/\/www.ellenkantarellen.se\/produkt\/monster-virkad-positiv-potatis-med-gulliga-skyltar\/#breadcrumb\"},\"inLanguage\":\"en-GB\",\"potentialAction\":[{\"@type\":\"ReadAction\",\"target\":[\"https:\/\/www.ellenkantarellen.se\/produkt\/monster-virkad-positiv-potatis-med-gulliga-skyltar\/\"]}]},{\"@type\":\"ImageObject\",\"inLanguage\":\"en-GB\",\"@id\":\"https:\/\/www.ellenkantarellen.se\/produkt\/monster-virkad-positiv-potatis-med-gulliga-skyltar\/#primaryimage\",\"url\":\"https:\/\/www.ellenkantarellen.se\/wp-content\/uploads\/2025\/01\/SOCKOR-10.png\",\"contentUrl\":\"https:\/\/www.ellenkantarellen.se\/wp-content\/uploads\/2025\/01\/SOCKOR-10.png\",\"width\":1080,\"height\":1080},{\"@type\":\"BreadcrumbList\",\"@id\":\"https:\/\/www.ellenkantarellen.se\/produkt\/monster-virkad-positiv-potatis-med-gulliga-skyltar\/#breadcrumb\",\"itemListElement\":[{\"@type\":\"ListItem\",\"position\":1,\"name\":\"Hem\",\"item\":\"https:\/\/www.ellenkantarellen.se\/\"},{\"@type\":\"ListItem\",\"position\":2,\"name\":\"Aff\u00e4r\",\"item\":\"https:\/\/www.ellenkantarellen.se\/affar\/\"},{\"@type\":\"ListItem\",\"position\":3,\"name\":\"M\u00f6nster virkad S\u00f6t Potatis med rosett &#038; gulliga skyltar\"}]},{\"@type\":\"WebSite\",\"@id\":\"https:\/\/www.ellenkantarellen.se\/#website\",\"url\":\"https:\/\/www.ellenkantarellen.se\/\",\"name\":\"EllenKantarellen\",\"description\":\"\",\"publisher\":{\"@id\":\"https:\/\/www.ellenkantarellen.se\/#organization\"},\"potentialAction\":[{\"@type\":\"SearchAction\",\"target\":{\"@type\":\"EntryPoint\",\"urlTemplate\":\"https:\/\/www.ellenkantarellen.se\/?s={search_term_string}\"},\"query-input\":{\"@type\":\"PropertyValueSpecification\",\"valueRequired\":true,\"valueName\":\"search_term_string\"}}],\"inLanguage\":\"en-GB\"},{\"@type\":\"Organization\",\"@id\":\"https:\/\/www.ellenkantarellen.se\/#organization\",\"name\":\"EllenKantarellen\",\"url\":\"https:\/\/www.ellenkantarellen.se\/\",\"logo\":{\"@type\":\"ImageObject\",\"inLanguage\":\"en-GB\",\"@id\":\"https:\/\/www.ellenkantarellen.se\/#\/schema\/logo\/image\/\",\"url\":\"https:\/\/www.ellenkantarellen.se\/wp-content\/uploads\/2021\/09\/ek2.png\",\"contentUrl\":\"https:\/\/www.ellenkantarellen.se\/wp-content\/uploads\/2021\/09\/ek2.png\",\"width\":2232,\"height\":508,\"caption\":\"EllenKantarellen\"},\"image\":{\"@id\":\"https:\/\/www.ellenkantarellen.se\/#\/schema\/logo\/image\/\"}}]}<\/script>\n<!-- \/ Yoast SEO plugin. -->","yoast_head_json":{"title":"M\u00f6nster virkad S\u00f6t Potatis med rosett & gulliga skyltar - EllenKantarellen","description":"M\u00f6nster p\u00e5 oemotst\u00e5ndligt gulliga Positiva Potatisen att g\u00f6ra n\u00e5gon riktigt glad med! Massor med gulliga skyltar med potatismeddelanden!","robots":{"index":"index","follow":"follow","max-snippet":"max-snippet:-1","max-image-preview":"max-image-preview:large","max-video-preview":"max-video-preview:-1"},"canonical":"https:\/\/www.ellenkantarellen.se\/en\/product-2\/monster-virkad-positiv-potatis-med-gulliga-skyltar\/","og_locale":"en_GB","og_type":"article","og_title":"M\u00f6nster virkad S\u00f6t Potatis med rosett & gulliga skyltar - EllenKantarellen","og_description":"M\u00f6nster p\u00e5 oemotst\u00e5ndligt gulliga Positiva Potatisen att g\u00f6ra n\u00e5gon riktigt glad med! Massor med gulliga skyltar med potatismeddelanden!","og_url":"https:\/\/www.ellenkantarellen.se\/en\/product-2\/monster-virkad-positiv-potatis-med-gulliga-skyltar\/","og_site_name":"EllenKantarellen","article_modified_time":"2025-12-02T06:15:06+00:00","og_image":[{"width":1080,"height":1080,"url":"https:\/\/www.ellenkantarellen.se\/wp-content\/uploads\/2025\/01\/SOCKOR-10.png","type":"image\/png"}],"twitter_card":"summary_large_image","twitter_misc":{"Estimated reading time":"1 minute"},"schema":{"@context":"https:\/\/schema.org","@graph":[{"@type":"WebPage","@id":"https:\/\/www.ellenkantarellen.se\/produkt\/monster-virkad-positiv-potatis-med-gulliga-skyltar\/","url":"https:\/\/www.ellenkantarellen.se\/produkt\/monster-virkad-positiv-potatis-med-gulliga-skyltar\/","name":"M\u00f6nster virkad S\u00f6t Potatis med rosett & gulliga skyltar - EllenKantarellen","isPartOf":{"@id":"https:\/\/www.ellenkantarellen.se\/#website"},"primaryImageOfPage":{"@id":"https:\/\/www.ellenkantarellen.se\/produkt\/monster-virkad-positiv-potatis-med-gulliga-skyltar\/#primaryimage"},"image":{"@id":"https:\/\/www.ellenkantarellen.se\/produkt\/monster-virkad-positiv-potatis-med-gulliga-skyltar\/#primaryimage"},"thumbnailUrl":"https:\/\/www.ellenkantarellen.se\/wp-content\/uploads\/2025\/01\/SOCKOR-10.png","datePublished":"2025-01-04T19:38:37+00:00","dateModified":"2025-12-02T06:15:06+00:00","description":"M\u00f6nster p\u00e5 oemotst\u00e5ndligt gulliga Positiva Potatisen att g\u00f6ra n\u00e5gon riktigt glad med! Massor med gulliga skyltar med potatismeddelanden!","breadcrumb":{"@id":"https:\/\/www.ellenkantarellen.se\/produkt\/monster-virkad-positiv-potatis-med-gulliga-skyltar\/#breadcrumb"},"inLanguage":"en-GB","potentialAction":[{"@type":"ReadAction","target":["https:\/\/www.ellenkantarellen.se\/produkt\/monster-virkad-positiv-potatis-med-gulliga-skyltar\/"]}]},{"@type":"ImageObject","inLanguage":"en-GB","@id":"https:\/\/www.ellenkantarellen.se\/produkt\/monster-virkad-positiv-potatis-med-gulliga-skyltar\/#primaryimage","url":"https:\/\/www.ellenkantarellen.se\/wp-content\/uploads\/2025\/01\/SOCKOR-10.png","contentUrl":"https:\/\/www.ellenkantarellen.se\/wp-content\/uploads\/2025\/01\/SOCKOR-10.png","width":1080,"height":1080},{"@type":"BreadcrumbList","@id":"https:\/\/www.ellenkantarellen.se\/produkt\/monster-virkad-positiv-potatis-med-gulliga-skyltar\/#breadcrumb","itemListElement":[{"@type":"ListItem","position":1,"name":"Hem","item":"https:\/\/www.ellenkantarellen.se\/"},{"@type":"ListItem","position":2,"name":"Aff\u00e4r","item":"https:\/\/www.ellenkantarellen.se\/affar\/"},{"@type":"ListItem","position":3,"name":"M\u00f6nster virkad S\u00f6t Potatis med rosett &#038; gulliga skyltar"}]},{"@type":"WebSite","@id":"https:\/\/www.ellenkantarellen.se\/#website","url":"https:\/\/www.ellenkantarellen.se\/","name":"EllenKantarellen","description":"","publisher":{"@id":"https:\/\/www.ellenkantarellen.se\/#organization"},"potentialAction":[{"@type":"SearchAction","target":{"@type":"EntryPoint","urlTemplate":"https:\/\/www.ellenkantarellen.se\/?s={search_term_string}"},"query-input":{"@type":"PropertyValueSpecification","valueRequired":true,"valueName":"search_term_string"}}],"inLanguage":"en-GB"},{"@type":"Organization","@id":"https:\/\/www.ellenkantarellen.se\/#organization","name":"EllenKantarellen","url":"https:\/\/www.ellenkantarellen.se\/","logo":{"@type":"ImageObject","inLanguage":"en-GB","@id":"https:\/\/www.ellenkantarellen.se\/#\/schema\/logo\/image\/","url":"https:\/\/www.ellenkantarellen.se\/wp-content\/uploads\/2021\/09\/ek2.png","contentUrl":"https:\/\/www.ellenkantarellen.se\/wp-content\/uploads\/2021\/09\/ek2.png","width":2232,"height":508,"caption":"EllenKantarellen"},"image":{"@id":"https:\/\/www.ellenkantarellen.se\/#\/schema\/logo\/image\/"}}]}},"_links":{"self":[{"href":"https:\/\/www.ellenkantarellen.se\/en\/wp-json\/wp\/v2\/product\/16531","targetHints":{"allow":["GET"]}}],"collection":[{"href":"https:\/\/www.ellenkantarellen.se\/en\/wp-json\/wp\/v2\/product"}],"about":[{"href":"https:\/\/www.ellenkantarellen.se\/en\/wp-json\/wp\/v2\/types\/product"}],"replies":[{"embeddable":true,"href":"https:\/\/www.ellenkantarellen.se\/en\/wp-json\/wp\/v2\/comments?post=16531"}],"wp:featuredmedia":[{"embeddable":true,"href":"https:\/\/www.ellenkantarellen.se\/en\/wp-json\/wp\/v2\/media\/16535"}],"wp:attachment":[{"href":"https:\/\/www.ellenkantarellen.se\/en\/wp-json\/wp\/v2\/media?parent=16531"}],"wp:term":[{"taxonomy":"product_brand","embeddable":true,"href":"https:\/\/www.ellenkantarellen.se\/en\/wp-json\/wp\/v2\/product_brand?post=16531"},{"taxonomy":"product_cat","embeddable":true,"href":"https:\/\/www.ellenkantarellen.se\/en\/wp-json\/wp\/v2\/product_cat?post=16531"},{"taxonomy":"product_tag","embeddable":true,"href":"https:\/\/www.ellenkantarellen.se\/en\/wp-json\/wp\/v2\/product_tag?post=16531"}],"curies":[{"name":"wp","href":"https:\/\/api.w.org\/{rel}","templated":true}]}}