{"id":16871,"date":"2025-01-13T19:35:19","date_gmt":"2025-01-13T18:35:19","guid":{"rendered":"https:\/\/www.ellenkantarellen.se\/?post_type=product&#038;p=16871"},"modified":"2026-04-11T17:56:55","modified_gmt":"2026-04-11T15:56:55","slug":"monster-virkad-romantisk-farmhouse-disktrasa-etiketter","status":"publish","type":"product","link":"https:\/\/www.ellenkantarellen.se\/en\/produkt\/monster-virkad-romantisk-farmhouse-disktrasa-etiketter\/","title":{"rendered":"Virkm\u00f6nster + Etiketter (\u00e4ndringsbara) till virkad Romantisk\/Farmhouse Disktrasa"},"content":{"rendered":"<p>M\u00f6nster p\u00e5 mina S\u00f6ta Romantiska Farmhouse Trasa med tillh\u00f6rande Romantiska etiketter, b\u00e5de med f\u00e4rdig text eller \u00e4ndringsbara som du kan v\u00e4lja din egen text p\u00e5. Perfekt att ge bort som en fin present! Anv\u00e4nd till ansiktet som tv\u00e4ttduk eller som trasa i k\u00f6ket!<\/p>\n<p>\ud83c\udf38 Paketet inneh\u00e5ller 1 virkm\u00f6nster med min Romantiska disktrasa (blir cirka 19 c 19 cm), samt 5 digitala nedladdningsbara utskrifter med etiketter till disktrasor som g\u00f6r det d\u00e4r lilla extra samt l\u00e4nk till dina \u00e4ndringsbara etiketter! \ud83c\udf38<\/p>\n<p>\ud83c\udf38 Make your handmade items look more polished and professional with these Tags. Perfect for your gifts or on your market items! Print, cut out and write your price and select wash instructions symbol with a marker and you are good to go!<\/p>\n<p>++++++++ DETAILS ++++++++<\/p>\n<p>Fil typ: Utskriftbara PDF-filer<\/p>","protected":false},"excerpt":{"rendered":"<p><em>M\u00f6nster p\u00e5 mina S\u00f6ta Romantiska Farmhouse Trasa med tillh\u00f6rande Romantiska (\u00e4ndringsbara) Etiketter! <\/em><strong><em>After payment you can instantly download your new pattern! You get an email with a link to the pattern.<\/em><\/strong><\/p>","protected":false},"featured_media":16819,"comment_status":"open","ping_status":"closed","template":"","meta":[],"product_brand":[],"product_cat":[458,703],"product_tag":[1391,1386,730,1393,1068,1392,1067,1036,777,779,772,778,780,228,707,766,781],"class_list":{"0":"post-16871","1":"product","2":"type-product","3":"status-publish","4":"has-post-thumbnail","6":"product_cat-ovriga-monster","7":"product_cat-etiketter","8":"product_tag-andringsbara-etiketter","9":"product_tag-etikett-till-virkat","10":"product_tag-etiketter-handmade","11":"product_tag-etiketter-med-egen-text","12":"product_tag-etiketter-till-disktrasa","13":"product_tag-etiketter-till-stickat","14":"product_tag-farmhouse-disktrasa","15":"product_tag-made-by-me-etiketter","16":"product_tag-monster-disktrasa","17":"product_tag-monster-virkad-ansiktsduk","18":"product_tag-monster-virkat-spa","19":"product_tag-virkad-ansiktsduk","20":"product_tag-virkad-tvattlapp","21":"product_tag-virkmonster","22":"product_tag-virkmonster-disktrasa","23":"product_tag-virkmonster-spa","24":"product_tag-virkmonster-tvattlapp","26":"first","27":"instock","28":"downloadable","29":"virtual","30":"taxable","31":"purchasable","32":"product-type-simple"},"bundled_by":[],"bundle_stock_status":"instock","bundle_stock_quantity":null,"bundle_virtual":false,"bundle_layout":"","bundle_add_to_cart_form_location":"","bundle_editable_in_cart":false,"bundle_sold_individually_context":"","bundle_item_grouping":"","bundle_min_size":"","bundle_max_size":"","bundle_price":[],"bundled_items":[],"bundle_sell_ids":[],"yoast_head":"<!-- This site is optimized with the Yoast SEO plugin v27.0 - https:\/\/yoast.com\/product\/yoast-seo-wordpress\/ -->\n<title>Virkm\u00f6nster + Etiketter (\u00e4ndringsbara) till virkad Romantisk\/Farmhouse Disktrasa - EllenKantarellen<\/title>\n<meta name=\"description\" content=\"M\u00f6nster p\u00e5 mina S\u00f6ta Romantiska Farmhouse Trasa med tillh\u00f6rande Romantiska etiketter (\u00e4ndringsbara). Perfekt att ge bort som en fin present!\" \/>\n<meta name=\"robots\" content=\"index, follow, max-snippet:-1, max-image-preview:large, max-video-preview:-1\" \/>\n<link rel=\"canonical\" href=\"https:\/\/www.ellenkantarellen.se\/en\/product-2\/monster-virkad-romantisk-farmhouse-disktrasa-etiketter\/\" \/>\n<meta property=\"og:locale\" content=\"en_GB\" \/>\n<meta property=\"og:type\" content=\"article\" \/>\n<meta property=\"og:title\" content=\"Virkm\u00f6nster + Etiketter (\u00e4ndringsbara) till virkad Romantisk\/Farmhouse Disktrasa - EllenKantarellen\" \/>\n<meta property=\"og:description\" content=\"M\u00f6nster p\u00e5 mina S\u00f6ta Romantiska Farmhouse Trasa med tillh\u00f6rande Romantiska etiketter (\u00e4ndringsbara). Perfekt att ge bort som en fin present!\" \/>\n<meta property=\"og:url\" content=\"https:\/\/www.ellenkantarellen.se\/en\/product-2\/monster-virkad-romantisk-farmhouse-disktrasa-etiketter\/\" \/>\n<meta property=\"og:site_name\" content=\"EllenKantarellen\" \/>\n<meta property=\"article:modified_time\" content=\"2026-04-11T15:56:55+00:00\" \/>\n<meta property=\"og:image\" content=\"https:\/\/www.ellenkantarellen.se\/wp-content\/uploads\/2025\/01\/SOCKOR-44-1024x1024.png\" \/>\n\t<meta property=\"og:image:width\" content=\"1024\" \/>\n\t<meta property=\"og:image:height\" content=\"1024\" \/>\n\t<meta property=\"og:image:type\" content=\"image\/png\" \/>\n<meta name=\"twitter:card\" content=\"summary_large_image\" \/>\n<meta name=\"twitter:label1\" content=\"Estimated reading time\" \/>\n\t<meta name=\"twitter:data1\" content=\"1 minute\" \/>\n<script type=\"application\/ld+json\" class=\"yoast-schema-graph\">{\"@context\":\"https:\/\/schema.org\",\"@graph\":[{\"@type\":\"WebPage\",\"@id\":\"https:\/\/www.ellenkantarellen.se\/produkt\/monster-virkad-romantisk-farmhouse-disktrasa-etiketter\/\",\"url\":\"https:\/\/www.ellenkantarellen.se\/produkt\/monster-virkad-romantisk-farmhouse-disktrasa-etiketter\/\",\"name\":\"Virkm\u00f6nster + Etiketter (\u00e4ndringsbara) till virkad Romantisk\/Farmhouse Disktrasa - EllenKantarellen\",\"isPartOf\":{\"@id\":\"https:\/\/www.ellenkantarellen.se\/#website\"},\"primaryImageOfPage\":{\"@id\":\"https:\/\/www.ellenkantarellen.se\/produkt\/monster-virkad-romantisk-farmhouse-disktrasa-etiketter\/#primaryimage\"},\"image\":{\"@id\":\"https:\/\/www.ellenkantarellen.se\/produkt\/monster-virkad-romantisk-farmhouse-disktrasa-etiketter\/#primaryimage\"},\"thumbnailUrl\":\"https:\/\/www.ellenkantarellen.se\/wp-content\/uploads\/2025\/01\/SOCKOR-44.png\",\"datePublished\":\"2025-01-13T18:35:19+00:00\",\"dateModified\":\"2026-04-11T15:56:55+00:00\",\"description\":\"M\u00f6nster p\u00e5 mina S\u00f6ta Romantiska Farmhouse Trasa med tillh\u00f6rande Romantiska etiketter (\u00e4ndringsbara). Perfekt att ge bort som en fin present!\",\"breadcrumb\":{\"@id\":\"https:\/\/www.ellenkantarellen.se\/produkt\/monster-virkad-romantisk-farmhouse-disktrasa-etiketter\/#breadcrumb\"},\"inLanguage\":\"en-GB\",\"potentialAction\":[{\"@type\":\"ReadAction\",\"target\":[\"https:\/\/www.ellenkantarellen.se\/produkt\/monster-virkad-romantisk-farmhouse-disktrasa-etiketter\/\"]}]},{\"@type\":\"ImageObject\",\"inLanguage\":\"en-GB\",\"@id\":\"https:\/\/www.ellenkantarellen.se\/produkt\/monster-virkad-romantisk-farmhouse-disktrasa-etiketter\/#primaryimage\",\"url\":\"https:\/\/www.ellenkantarellen.se\/wp-content\/uploads\/2025\/01\/SOCKOR-44.png\",\"contentUrl\":\"https:\/\/www.ellenkantarellen.se\/wp-content\/uploads\/2025\/01\/SOCKOR-44.png\",\"width\":1080,\"height\":1080},{\"@type\":\"BreadcrumbList\",\"@id\":\"https:\/\/www.ellenkantarellen.se\/produkt\/monster-virkad-romantisk-farmhouse-disktrasa-etiketter\/#breadcrumb\",\"itemListElement\":[{\"@type\":\"ListItem\",\"position\":1,\"name\":\"Hem\",\"item\":\"https:\/\/www.ellenkantarellen.se\/\"},{\"@type\":\"ListItem\",\"position\":2,\"name\":\"Aff\u00e4r\",\"item\":\"https:\/\/www.ellenkantarellen.se\/affar\/\"},{\"@type\":\"ListItem\",\"position\":3,\"name\":\"Virkm\u00f6nster + Etiketter (\u00e4ndringsbara) till virkad Romantisk\/Farmhouse Disktrasa\"}]},{\"@type\":\"WebSite\",\"@id\":\"https:\/\/www.ellenkantarellen.se\/#website\",\"url\":\"https:\/\/www.ellenkantarellen.se\/\",\"name\":\"EllenKantarellen\",\"description\":\"\",\"publisher\":{\"@id\":\"https:\/\/www.ellenkantarellen.se\/#organization\"},\"potentialAction\":[{\"@type\":\"SearchAction\",\"target\":{\"@type\":\"EntryPoint\",\"urlTemplate\":\"https:\/\/www.ellenkantarellen.se\/?s={search_term_string}\"},\"query-input\":{\"@type\":\"PropertyValueSpecification\",\"valueRequired\":true,\"valueName\":\"search_term_string\"}}],\"inLanguage\":\"en-GB\"},{\"@type\":\"Organization\",\"@id\":\"https:\/\/www.ellenkantarellen.se\/#organization\",\"name\":\"EllenKantarellen\",\"url\":\"https:\/\/www.ellenkantarellen.se\/\",\"logo\":{\"@type\":\"ImageObject\",\"inLanguage\":\"en-GB\",\"@id\":\"https:\/\/www.ellenkantarellen.se\/#\/schema\/logo\/image\/\",\"url\":\"https:\/\/www.ellenkantarellen.se\/wp-content\/uploads\/2021\/09\/ek2.png\",\"contentUrl\":\"https:\/\/www.ellenkantarellen.se\/wp-content\/uploads\/2021\/09\/ek2.png\",\"width\":2232,\"height\":508,\"caption\":\"EllenKantarellen\"},\"image\":{\"@id\":\"https:\/\/www.ellenkantarellen.se\/#\/schema\/logo\/image\/\"}}]}<\/script>\n<!-- \/ Yoast SEO plugin. -->","yoast_head_json":{"title":"Virkm\u00f6nster + Etiketter (\u00e4ndringsbara) till virkad Romantisk\/Farmhouse Disktrasa - EllenKantarellen","description":"M\u00f6nster p\u00e5 mina S\u00f6ta Romantiska Farmhouse Trasa med tillh\u00f6rande Romantiska etiketter (\u00e4ndringsbara). Perfekt att ge bort som en fin present!","robots":{"index":"index","follow":"follow","max-snippet":"max-snippet:-1","max-image-preview":"max-image-preview:large","max-video-preview":"max-video-preview:-1"},"canonical":"https:\/\/www.ellenkantarellen.se\/en\/product-2\/monster-virkad-romantisk-farmhouse-disktrasa-etiketter\/","og_locale":"en_GB","og_type":"article","og_title":"Virkm\u00f6nster + Etiketter (\u00e4ndringsbara) till virkad Romantisk\/Farmhouse Disktrasa - EllenKantarellen","og_description":"M\u00f6nster p\u00e5 mina S\u00f6ta Romantiska Farmhouse Trasa med tillh\u00f6rande Romantiska etiketter (\u00e4ndringsbara). Perfekt att ge bort som en fin present!","og_url":"https:\/\/www.ellenkantarellen.se\/en\/product-2\/monster-virkad-romantisk-farmhouse-disktrasa-etiketter\/","og_site_name":"EllenKantarellen","article_modified_time":"2026-04-11T15:56:55+00:00","og_image":[{"width":1024,"height":1024,"url":"https:\/\/www.ellenkantarellen.se\/wp-content\/uploads\/2025\/01\/SOCKOR-44-1024x1024.png","type":"image\/png"}],"twitter_card":"summary_large_image","twitter_misc":{"Estimated reading time":"1 minute"},"schema":{"@context":"https:\/\/schema.org","@graph":[{"@type":"WebPage","@id":"https:\/\/www.ellenkantarellen.se\/produkt\/monster-virkad-romantisk-farmhouse-disktrasa-etiketter\/","url":"https:\/\/www.ellenkantarellen.se\/produkt\/monster-virkad-romantisk-farmhouse-disktrasa-etiketter\/","name":"Virkm\u00f6nster + Etiketter (\u00e4ndringsbara) till virkad Romantisk\/Farmhouse Disktrasa - EllenKantarellen","isPartOf":{"@id":"https:\/\/www.ellenkantarellen.se\/#website"},"primaryImageOfPage":{"@id":"https:\/\/www.ellenkantarellen.se\/produkt\/monster-virkad-romantisk-farmhouse-disktrasa-etiketter\/#primaryimage"},"image":{"@id":"https:\/\/www.ellenkantarellen.se\/produkt\/monster-virkad-romantisk-farmhouse-disktrasa-etiketter\/#primaryimage"},"thumbnailUrl":"https:\/\/www.ellenkantarellen.se\/wp-content\/uploads\/2025\/01\/SOCKOR-44.png","datePublished":"2025-01-13T18:35:19+00:00","dateModified":"2026-04-11T15:56:55+00:00","description":"M\u00f6nster p\u00e5 mina S\u00f6ta Romantiska Farmhouse Trasa med tillh\u00f6rande Romantiska etiketter (\u00e4ndringsbara). Perfekt att ge bort som en fin present!","breadcrumb":{"@id":"https:\/\/www.ellenkantarellen.se\/produkt\/monster-virkad-romantisk-farmhouse-disktrasa-etiketter\/#breadcrumb"},"inLanguage":"en-GB","potentialAction":[{"@type":"ReadAction","target":["https:\/\/www.ellenkantarellen.se\/produkt\/monster-virkad-romantisk-farmhouse-disktrasa-etiketter\/"]}]},{"@type":"ImageObject","inLanguage":"en-GB","@id":"https:\/\/www.ellenkantarellen.se\/produkt\/monster-virkad-romantisk-farmhouse-disktrasa-etiketter\/#primaryimage","url":"https:\/\/www.ellenkantarellen.se\/wp-content\/uploads\/2025\/01\/SOCKOR-44.png","contentUrl":"https:\/\/www.ellenkantarellen.se\/wp-content\/uploads\/2025\/01\/SOCKOR-44.png","width":1080,"height":1080},{"@type":"BreadcrumbList","@id":"https:\/\/www.ellenkantarellen.se\/produkt\/monster-virkad-romantisk-farmhouse-disktrasa-etiketter\/#breadcrumb","itemListElement":[{"@type":"ListItem","position":1,"name":"Hem","item":"https:\/\/www.ellenkantarellen.se\/"},{"@type":"ListItem","position":2,"name":"Aff\u00e4r","item":"https:\/\/www.ellenkantarellen.se\/affar\/"},{"@type":"ListItem","position":3,"name":"Virkm\u00f6nster + Etiketter (\u00e4ndringsbara) till virkad Romantisk\/Farmhouse Disktrasa"}]},{"@type":"WebSite","@id":"https:\/\/www.ellenkantarellen.se\/#website","url":"https:\/\/www.ellenkantarellen.se\/","name":"EllenKantarellen","description":"","publisher":{"@id":"https:\/\/www.ellenkantarellen.se\/#organization"},"potentialAction":[{"@type":"SearchAction","target":{"@type":"EntryPoint","urlTemplate":"https:\/\/www.ellenkantarellen.se\/?s={search_term_string}"},"query-input":{"@type":"PropertyValueSpecification","valueRequired":true,"valueName":"search_term_string"}}],"inLanguage":"en-GB"},{"@type":"Organization","@id":"https:\/\/www.ellenkantarellen.se\/#organization","name":"EllenKantarellen","url":"https:\/\/www.ellenkantarellen.se\/","logo":{"@type":"ImageObject","inLanguage":"en-GB","@id":"https:\/\/www.ellenkantarellen.se\/#\/schema\/logo\/image\/","url":"https:\/\/www.ellenkantarellen.se\/wp-content\/uploads\/2021\/09\/ek2.png","contentUrl":"https:\/\/www.ellenkantarellen.se\/wp-content\/uploads\/2021\/09\/ek2.png","width":2232,"height":508,"caption":"EllenKantarellen"},"image":{"@id":"https:\/\/www.ellenkantarellen.se\/#\/schema\/logo\/image\/"}}]}},"_links":{"self":[{"href":"https:\/\/www.ellenkantarellen.se\/en\/wp-json\/wp\/v2\/product\/16871","targetHints":{"allow":["GET"]}}],"collection":[{"href":"https:\/\/www.ellenkantarellen.se\/en\/wp-json\/wp\/v2\/product"}],"about":[{"href":"https:\/\/www.ellenkantarellen.se\/en\/wp-json\/wp\/v2\/types\/product"}],"replies":[{"embeddable":true,"href":"https:\/\/www.ellenkantarellen.se\/en\/wp-json\/wp\/v2\/comments?post=16871"}],"wp:featuredmedia":[{"embeddable":true,"href":"https:\/\/www.ellenkantarellen.se\/en\/wp-json\/wp\/v2\/media\/16819"}],"wp:attachment":[{"href":"https:\/\/www.ellenkantarellen.se\/en\/wp-json\/wp\/v2\/media?parent=16871"}],"wp:term":[{"taxonomy":"product_brand","embeddable":true,"href":"https:\/\/www.ellenkantarellen.se\/en\/wp-json\/wp\/v2\/product_brand?post=16871"},{"taxonomy":"product_cat","embeddable":true,"href":"https:\/\/www.ellenkantarellen.se\/en\/wp-json\/wp\/v2\/product_cat?post=16871"},{"taxonomy":"product_tag","embeddable":true,"href":"https:\/\/www.ellenkantarellen.se\/en\/wp-json\/wp\/v2\/product_tag?post=16871"}],"curies":[{"name":"wp","href":"https:\/\/api.w.org\/{rel}","templated":true}]}}