{"id":17016,"date":"2025-01-18T23:51:20","date_gmt":"2025-01-18T22:51:20","guid":{"rendered":"https:\/\/www.ellenkantarellen.se\/?post_type=product&#038;p=17016"},"modified":"2025-01-19T15:44:15","modified_gmt":"2025-01-19T14:44:15","slug":"supersota-forpackningar-etiketter-med-alvor-till-virkade-rundlar","status":"publish","type":"product","link":"https:\/\/www.ellenkantarellen.se\/en\/produkt\/supersota-forpackningar-etiketter-med-alvor-till-virkade-rundlar\/","title":{"rendered":"Supers\u00f6ta f\u00f6rpackningar + Etiketter med \u00c4lvor till virkade Rundlar"},"content":{"rendered":"<p>\ud83c\udf38 Supers\u00f6ta utskriftbara PDF-Etiketter samt f\u00f6rpackningar med \u00c4lvor att skriva ut och s\u00e4tta p\u00e5 dina handgjorda Rundlar!<\/p>\n<p>\ud83c\udf38 Paketet inneh\u00e5ller 2 olika storlekar p\u00e5 f\u00f6rpackning + 6 digitala nedladdningsbara utskrifter med etiketter till Rundlar som g\u00f6r det d\u00e4r lilla extra! Samt bonusetiketter &#8221;Virkad av mig&#8221;! Tre olika f\u00e4rger &#8211; Rosa, Gr\u00e5, Svart. \ud83c\udf38<\/p>\n<p>\ud83c\udf38 Make your handmade items look more polished and professional with these Tags. Perfect for your gifts or on your market items! Print, cut out and write your price and select wash instructions symbol with a marker and you are good to go!<\/p>\n<p>++++++++ DETAILS ++++++++<\/p>\n<p>Fil typ: Utskriftbar PDF inneh\u00e5llande 8 sidor<\/p>","protected":false},"excerpt":{"rendered":"<p><em>\ud83c\udf38 Supers\u00f6ta utskriftbara PDF-Etiketter samt f\u00f6rpackningar med \u00c4lvor att skriva ut och s\u00e4tta p\u00e5 dina handgjorda Rundlar!<\/em><strong><em> After payment you can instantly download your new Tags! You get an email with a link to the Tags.<\/em><\/strong><\/p>","protected":false},"featured_media":17041,"comment_status":"open","ping_status":"closed","template":"","meta":[],"product_brand":[],"product_cat":[703],"product_tag":[1069,1070,1071,805,666,618,1072],"class_list":{"0":"post-17016","1":"product","2":"type-product","3":"status-publish","4":"has-post-thumbnail","6":"product_cat-etiketter","7":"product_tag-etiketter-handmade-by-me","8":"product_tag-etiketter-till-rundlar","9":"product_tag-etiketter-till-virkade-rundlar","10":"product_tag-utskriftbara-etiketter","11":"product_tag-virkade-rundlar","12":"product_tag-virkmonster-korg","13":"product_tag-virkmonster-virkade-rundlar","15":"first","16":"instock","17":"downloadable","18":"virtual","19":"taxable","20":"purchasable","21":"product-type-simple"},"bundled_by":[],"bundle_stock_status":"instock","bundle_stock_quantity":null,"bundle_virtual":false,"bundle_layout":"","bundle_add_to_cart_form_location":"","bundle_editable_in_cart":false,"bundle_sold_individually_context":"","bundle_item_grouping":"","bundle_min_size":"","bundle_max_size":"","bundle_price":[],"bundled_items":[],"bundle_sell_ids":[],"yoast_head":"<!-- This site is optimized with the Yoast SEO plugin v27.0 - https:\/\/yoast.com\/product\/yoast-seo-wordpress\/ -->\n<title>Supers\u00f6ta f\u00f6rpackningar + Etiketter med \u00c4lvor till virkade Rundlar - EllenKantarellen<\/title>\n<meta name=\"description\" content=\"\ud83c\udf38 Supers\u00f6ta utskriftbara Etiketter &amp; f\u00f6rpackningar med \u00c4lvor att skriva ut och s\u00e4tta p\u00e5 dina handgjorda Rundlar! \ud83c\udf38\u00a0F\u00e5r dina produkter att se proffsiga ut!\" \/>\n<meta name=\"robots\" content=\"index, follow, max-snippet:-1, max-image-preview:large, max-video-preview:-1\" \/>\n<link rel=\"canonical\" href=\"https:\/\/www.ellenkantarellen.se\/en\/product-2\/supersota-forpackningar-etiketter-med-alvor-till-virkade-rundlar\/\" \/>\n<meta property=\"og:locale\" content=\"en_GB\" \/>\n<meta property=\"og:type\" content=\"article\" \/>\n<meta property=\"og:title\" content=\"Supers\u00f6ta f\u00f6rpackningar + Etiketter med \u00c4lvor till virkade Rundlar - EllenKantarellen\" \/>\n<meta property=\"og:description\" content=\"\ud83c\udf38 Supers\u00f6ta utskriftbara Etiketter &amp; f\u00f6rpackningar med \u00c4lvor att skriva ut och s\u00e4tta p\u00e5 dina handgjorda Rundlar! \ud83c\udf38\u00a0F\u00e5r dina produkter att se proffsiga ut!\" \/>\n<meta property=\"og:url\" content=\"https:\/\/www.ellenkantarellen.se\/en\/product-2\/supersota-forpackningar-etiketter-med-alvor-till-virkade-rundlar\/\" \/>\n<meta property=\"og:site_name\" content=\"EllenKantarellen\" \/>\n<meta property=\"article:modified_time\" content=\"2025-01-19T14:44:15+00:00\" \/>\n<meta property=\"og:image\" content=\"https:\/\/www.ellenkantarellen.se\/wp-content\/uploads\/2025\/01\/SOCKOR-2025-01-19T101255.192.png\" \/>\n\t<meta property=\"og:image:width\" content=\"1080\" \/>\n\t<meta property=\"og:image:height\" content=\"1080\" \/>\n\t<meta property=\"og:image:type\" content=\"image\/png\" \/>\n<meta name=\"twitter:card\" content=\"summary_large_image\" \/>\n<meta name=\"twitter:label1\" content=\"Estimated reading time\" \/>\n\t<meta name=\"twitter:data1\" content=\"1 minute\" \/>\n<script type=\"application\/ld+json\" class=\"yoast-schema-graph\">{\"@context\":\"https:\/\/schema.org\",\"@graph\":[{\"@type\":\"WebPage\",\"@id\":\"https:\/\/www.ellenkantarellen.se\/produkt\/supersota-forpackningar-etiketter-med-alvor-till-virkade-rundlar\/\",\"url\":\"https:\/\/www.ellenkantarellen.se\/produkt\/supersota-forpackningar-etiketter-med-alvor-till-virkade-rundlar\/\",\"name\":\"Supers\u00f6ta f\u00f6rpackningar + Etiketter med \u00c4lvor till virkade Rundlar - EllenKantarellen\",\"isPartOf\":{\"@id\":\"https:\/\/www.ellenkantarellen.se\/#website\"},\"primaryImageOfPage\":{\"@id\":\"https:\/\/www.ellenkantarellen.se\/produkt\/supersota-forpackningar-etiketter-med-alvor-till-virkade-rundlar\/#primaryimage\"},\"image\":{\"@id\":\"https:\/\/www.ellenkantarellen.se\/produkt\/supersota-forpackningar-etiketter-med-alvor-till-virkade-rundlar\/#primaryimage\"},\"thumbnailUrl\":\"https:\/\/www.ellenkantarellen.se\/wp-content\/uploads\/2025\/01\/SOCKOR-2025-01-19T101255.192.png\",\"datePublished\":\"2025-01-18T22:51:20+00:00\",\"dateModified\":\"2025-01-19T14:44:15+00:00\",\"description\":\"\ud83c\udf38 Supers\u00f6ta utskriftbara Etiketter & f\u00f6rpackningar med \u00c4lvor att skriva ut och s\u00e4tta p\u00e5 dina handgjorda Rundlar! \ud83c\udf38\u00a0F\u00e5r dina produkter att se proffsiga ut!\",\"breadcrumb\":{\"@id\":\"https:\/\/www.ellenkantarellen.se\/produkt\/supersota-forpackningar-etiketter-med-alvor-till-virkade-rundlar\/#breadcrumb\"},\"inLanguage\":\"en-GB\",\"potentialAction\":[{\"@type\":\"ReadAction\",\"target\":[\"https:\/\/www.ellenkantarellen.se\/produkt\/supersota-forpackningar-etiketter-med-alvor-till-virkade-rundlar\/\"]}]},{\"@type\":\"ImageObject\",\"inLanguage\":\"en-GB\",\"@id\":\"https:\/\/www.ellenkantarellen.se\/produkt\/supersota-forpackningar-etiketter-med-alvor-till-virkade-rundlar\/#primaryimage\",\"url\":\"https:\/\/www.ellenkantarellen.se\/wp-content\/uploads\/2025\/01\/SOCKOR-2025-01-19T101255.192.png\",\"contentUrl\":\"https:\/\/www.ellenkantarellen.se\/wp-content\/uploads\/2025\/01\/SOCKOR-2025-01-19T101255.192.png\",\"width\":1080,\"height\":1080},{\"@type\":\"BreadcrumbList\",\"@id\":\"https:\/\/www.ellenkantarellen.se\/produkt\/supersota-forpackningar-etiketter-med-alvor-till-virkade-rundlar\/#breadcrumb\",\"itemListElement\":[{\"@type\":\"ListItem\",\"position\":1,\"name\":\"Hem\",\"item\":\"https:\/\/www.ellenkantarellen.se\/\"},{\"@type\":\"ListItem\",\"position\":2,\"name\":\"Aff\u00e4r\",\"item\":\"https:\/\/www.ellenkantarellen.se\/affar\/\"},{\"@type\":\"ListItem\",\"position\":3,\"name\":\"Supers\u00f6ta f\u00f6rpackningar + Etiketter med \u00c4lvor till virkade Rundlar\"}]},{\"@type\":\"WebSite\",\"@id\":\"https:\/\/www.ellenkantarellen.se\/#website\",\"url\":\"https:\/\/www.ellenkantarellen.se\/\",\"name\":\"EllenKantarellen\",\"description\":\"\",\"publisher\":{\"@id\":\"https:\/\/www.ellenkantarellen.se\/#organization\"},\"potentialAction\":[{\"@type\":\"SearchAction\",\"target\":{\"@type\":\"EntryPoint\",\"urlTemplate\":\"https:\/\/www.ellenkantarellen.se\/?s={search_term_string}\"},\"query-input\":{\"@type\":\"PropertyValueSpecification\",\"valueRequired\":true,\"valueName\":\"search_term_string\"}}],\"inLanguage\":\"en-GB\"},{\"@type\":\"Organization\",\"@id\":\"https:\/\/www.ellenkantarellen.se\/#organization\",\"name\":\"EllenKantarellen\",\"url\":\"https:\/\/www.ellenkantarellen.se\/\",\"logo\":{\"@type\":\"ImageObject\",\"inLanguage\":\"en-GB\",\"@id\":\"https:\/\/www.ellenkantarellen.se\/#\/schema\/logo\/image\/\",\"url\":\"https:\/\/www.ellenkantarellen.se\/wp-content\/uploads\/2021\/09\/ek2.png\",\"contentUrl\":\"https:\/\/www.ellenkantarellen.se\/wp-content\/uploads\/2021\/09\/ek2.png\",\"width\":2232,\"height\":508,\"caption\":\"EllenKantarellen\"},\"image\":{\"@id\":\"https:\/\/www.ellenkantarellen.se\/#\/schema\/logo\/image\/\"}}]}<\/script>\n<!-- \/ Yoast SEO plugin. -->","yoast_head_json":{"title":"Supers\u00f6ta f\u00f6rpackningar + Etiketter med \u00c4lvor till virkade Rundlar - EllenKantarellen","description":"\ud83c\udf38 Supers\u00f6ta utskriftbara Etiketter & f\u00f6rpackningar med \u00c4lvor att skriva ut och s\u00e4tta p\u00e5 dina handgjorda Rundlar! \ud83c\udf38\u00a0F\u00e5r dina produkter att se proffsiga ut!","robots":{"index":"index","follow":"follow","max-snippet":"max-snippet:-1","max-image-preview":"max-image-preview:large","max-video-preview":"max-video-preview:-1"},"canonical":"https:\/\/www.ellenkantarellen.se\/en\/product-2\/supersota-forpackningar-etiketter-med-alvor-till-virkade-rundlar\/","og_locale":"en_GB","og_type":"article","og_title":"Supers\u00f6ta f\u00f6rpackningar + Etiketter med \u00c4lvor till virkade Rundlar - EllenKantarellen","og_description":"\ud83c\udf38 Supers\u00f6ta utskriftbara Etiketter & f\u00f6rpackningar med \u00c4lvor att skriva ut och s\u00e4tta p\u00e5 dina handgjorda Rundlar! \ud83c\udf38\u00a0F\u00e5r dina produkter att se proffsiga ut!","og_url":"https:\/\/www.ellenkantarellen.se\/en\/product-2\/supersota-forpackningar-etiketter-med-alvor-till-virkade-rundlar\/","og_site_name":"EllenKantarellen","article_modified_time":"2025-01-19T14:44:15+00:00","og_image":[{"width":1080,"height":1080,"url":"https:\/\/www.ellenkantarellen.se\/wp-content\/uploads\/2025\/01\/SOCKOR-2025-01-19T101255.192.png","type":"image\/png"}],"twitter_card":"summary_large_image","twitter_misc":{"Estimated reading time":"1 minute"},"schema":{"@context":"https:\/\/schema.org","@graph":[{"@type":"WebPage","@id":"https:\/\/www.ellenkantarellen.se\/produkt\/supersota-forpackningar-etiketter-med-alvor-till-virkade-rundlar\/","url":"https:\/\/www.ellenkantarellen.se\/produkt\/supersota-forpackningar-etiketter-med-alvor-till-virkade-rundlar\/","name":"Supers\u00f6ta f\u00f6rpackningar + Etiketter med \u00c4lvor till virkade Rundlar - EllenKantarellen","isPartOf":{"@id":"https:\/\/www.ellenkantarellen.se\/#website"},"primaryImageOfPage":{"@id":"https:\/\/www.ellenkantarellen.se\/produkt\/supersota-forpackningar-etiketter-med-alvor-till-virkade-rundlar\/#primaryimage"},"image":{"@id":"https:\/\/www.ellenkantarellen.se\/produkt\/supersota-forpackningar-etiketter-med-alvor-till-virkade-rundlar\/#primaryimage"},"thumbnailUrl":"https:\/\/www.ellenkantarellen.se\/wp-content\/uploads\/2025\/01\/SOCKOR-2025-01-19T101255.192.png","datePublished":"2025-01-18T22:51:20+00:00","dateModified":"2025-01-19T14:44:15+00:00","description":"\ud83c\udf38 Supers\u00f6ta utskriftbara Etiketter & f\u00f6rpackningar med \u00c4lvor att skriva ut och s\u00e4tta p\u00e5 dina handgjorda Rundlar! \ud83c\udf38\u00a0F\u00e5r dina produkter att se proffsiga ut!","breadcrumb":{"@id":"https:\/\/www.ellenkantarellen.se\/produkt\/supersota-forpackningar-etiketter-med-alvor-till-virkade-rundlar\/#breadcrumb"},"inLanguage":"en-GB","potentialAction":[{"@type":"ReadAction","target":["https:\/\/www.ellenkantarellen.se\/produkt\/supersota-forpackningar-etiketter-med-alvor-till-virkade-rundlar\/"]}]},{"@type":"ImageObject","inLanguage":"en-GB","@id":"https:\/\/www.ellenkantarellen.se\/produkt\/supersota-forpackningar-etiketter-med-alvor-till-virkade-rundlar\/#primaryimage","url":"https:\/\/www.ellenkantarellen.se\/wp-content\/uploads\/2025\/01\/SOCKOR-2025-01-19T101255.192.png","contentUrl":"https:\/\/www.ellenkantarellen.se\/wp-content\/uploads\/2025\/01\/SOCKOR-2025-01-19T101255.192.png","width":1080,"height":1080},{"@type":"BreadcrumbList","@id":"https:\/\/www.ellenkantarellen.se\/produkt\/supersota-forpackningar-etiketter-med-alvor-till-virkade-rundlar\/#breadcrumb","itemListElement":[{"@type":"ListItem","position":1,"name":"Hem","item":"https:\/\/www.ellenkantarellen.se\/"},{"@type":"ListItem","position":2,"name":"Aff\u00e4r","item":"https:\/\/www.ellenkantarellen.se\/affar\/"},{"@type":"ListItem","position":3,"name":"Supers\u00f6ta f\u00f6rpackningar + Etiketter med \u00c4lvor till virkade Rundlar"}]},{"@type":"WebSite","@id":"https:\/\/www.ellenkantarellen.se\/#website","url":"https:\/\/www.ellenkantarellen.se\/","name":"EllenKantarellen","description":"","publisher":{"@id":"https:\/\/www.ellenkantarellen.se\/#organization"},"potentialAction":[{"@type":"SearchAction","target":{"@type":"EntryPoint","urlTemplate":"https:\/\/www.ellenkantarellen.se\/?s={search_term_string}"},"query-input":{"@type":"PropertyValueSpecification","valueRequired":true,"valueName":"search_term_string"}}],"inLanguage":"en-GB"},{"@type":"Organization","@id":"https:\/\/www.ellenkantarellen.se\/#organization","name":"EllenKantarellen","url":"https:\/\/www.ellenkantarellen.se\/","logo":{"@type":"ImageObject","inLanguage":"en-GB","@id":"https:\/\/www.ellenkantarellen.se\/#\/schema\/logo\/image\/","url":"https:\/\/www.ellenkantarellen.se\/wp-content\/uploads\/2021\/09\/ek2.png","contentUrl":"https:\/\/www.ellenkantarellen.se\/wp-content\/uploads\/2021\/09\/ek2.png","width":2232,"height":508,"caption":"EllenKantarellen"},"image":{"@id":"https:\/\/www.ellenkantarellen.se\/#\/schema\/logo\/image\/"}}]}},"_links":{"self":[{"href":"https:\/\/www.ellenkantarellen.se\/en\/wp-json\/wp\/v2\/product\/17016","targetHints":{"allow":["GET"]}}],"collection":[{"href":"https:\/\/www.ellenkantarellen.se\/en\/wp-json\/wp\/v2\/product"}],"about":[{"href":"https:\/\/www.ellenkantarellen.se\/en\/wp-json\/wp\/v2\/types\/product"}],"replies":[{"embeddable":true,"href":"https:\/\/www.ellenkantarellen.se\/en\/wp-json\/wp\/v2\/comments?post=17016"}],"wp:featuredmedia":[{"embeddable":true,"href":"https:\/\/www.ellenkantarellen.se\/en\/wp-json\/wp\/v2\/media\/17041"}],"wp:attachment":[{"href":"https:\/\/www.ellenkantarellen.se\/en\/wp-json\/wp\/v2\/media?parent=17016"}],"wp:term":[{"taxonomy":"product_brand","embeddable":true,"href":"https:\/\/www.ellenkantarellen.se\/en\/wp-json\/wp\/v2\/product_brand?post=17016"},{"taxonomy":"product_cat","embeddable":true,"href":"https:\/\/www.ellenkantarellen.se\/en\/wp-json\/wp\/v2\/product_cat?post=17016"},{"taxonomy":"product_tag","embeddable":true,"href":"https:\/\/www.ellenkantarellen.se\/en\/wp-json\/wp\/v2\/product_tag?post=17016"}],"curies":[{"name":"wp","href":"https:\/\/api.w.org\/{rel}","templated":true}]}}