{"id":17026,"date":"2025-01-19T00:14:09","date_gmt":"2025-01-18T23:14:09","guid":{"rendered":"https:\/\/www.ellenkantarellen.se\/?post_type=product&#038;p=17026"},"modified":"2025-01-21T13:11:50","modified_gmt":"2025-01-21T12:11:50","slug":"supersota-mallar-till-romantiska-forpackningar-for-virkade-rundlar","status":"publish","type":"product","link":"https:\/\/www.ellenkantarellen.se\/en\/produkt\/supersota-mallar-till-romantiska-forpackningar-for-virkade-rundlar\/","title":{"rendered":"Supers\u00f6ta Romantiska f\u00f6rpackningar f\u00f6r virkade Rundlar"},"content":{"rendered":"<p>\ud83c\udf38 Supers\u00f6ta utskriftbara Romantiska PDF-F\u00f6rpackningar att skriva ut och s\u00e4tta p\u00e5 dina handgjorda Rundlar!<\/p>\n<p>\ud83c\udf38 Paketet inneh\u00e5ller 2 digitala nedladdningsbara utskrifter med 2 olika storlekar av f\u00f6rpackningar till Rundlar som g\u00f6r det d\u00e4r lilla extra! \ud83c\udf38<\/p>\n<p>\ud83c\udf38 Dessa etiketter kommer att f\u00e5 dina egna produkter att se mer proffsiga ut. Perfekt om du ska ge bort eller s\u00e4lja p\u00e5 marknad eller liknande! Skriv ut, klipp ut, klistra och montera samt skriv i pris om \u00f6nskas och markera r\u00e4tt tv\u00e4ttsymbol &#8211; sedan \u00e4r du redo!<\/p>\n<p>++++++++ DETAILS ++++++++<\/p>\n<p>Fil typ: Utskriftbar PDF inneh\u00e5llande 6 sidor<\/p>","protected":false},"excerpt":{"rendered":"<p><em>\ud83c\udf38 Supers\u00f6ta utskriftbara Romantiska PDF-F\u00f6rpackningar att skriva ut och s\u00e4tta p\u00e5 dina handgjorda Rundlar!<\/em><strong><em> N\u00e4r du betalat f\u00f6r Etiketterna kommer du automatiskt att kunna ladda ner din PDF-fil med dina nya fina mallar som kommer i mejl till dig!<\/em><\/strong><\/p>","protected":false},"featured_media":17029,"comment_status":"open","ping_status":"closed","template":"","meta":[],"product_brand":[],"product_cat":[703],"product_tag":[1075,1076,802,1077,1078],"class_list":{"0":"post-17026","1":"product","2":"type-product","3":"status-publish","4":"has-post-thumbnail","6":"product_cat-etiketter","7":"product_tag-eitketter-handmade","8":"product_tag-etikett-till-scrubbie","9":"product_tag-etiketter-till-virkat","10":"product_tag-virkad-scrubbie-etikett","11":"product_tag-virkad-scrubbie-forpackning","13":"first","14":"instock","15":"downloadable","16":"virtual","17":"taxable","18":"purchasable","19":"product-type-simple"},"bundled_by":[],"bundle_stock_status":"instock","bundle_stock_quantity":null,"bundle_virtual":false,"bundle_layout":"","bundle_add_to_cart_form_location":"","bundle_editable_in_cart":false,"bundle_sold_individually_context":"","bundle_item_grouping":"","bundle_min_size":"","bundle_max_size":"","bundle_price":[],"bundled_items":[],"bundle_sell_ids":[],"yoast_head":"<!-- This site is optimized with the Yoast SEO plugin v27.0 - https:\/\/yoast.com\/product\/yoast-seo-wordpress\/ -->\n<title>Supers\u00f6ta Romantiska f\u00f6rpackningar f\u00f6r virkade Rundlar - EllenKantarellen<\/title>\n<meta name=\"description\" content=\"\ud83c\udf38 Supers\u00f6ta utskriftbara Romantiska PDF-F\u00f6rpackningar att skriva ut och s\u00e4tta p\u00e5 dina handgjorda Rundlar! F\u00e5r dina produkter att se proffsiga ut!\" \/>\n<meta name=\"robots\" content=\"index, follow, max-snippet:-1, max-image-preview:large, max-video-preview:-1\" \/>\n<link rel=\"canonical\" href=\"https:\/\/www.ellenkantarellen.se\/en\/product-2\/supersota-mallar-till-romantiska-forpackningar-for-virkade-rundlar\/\" \/>\n<meta property=\"og:locale\" content=\"en_GB\" \/>\n<meta property=\"og:type\" content=\"article\" \/>\n<meta property=\"og:title\" content=\"Supers\u00f6ta Romantiska f\u00f6rpackningar f\u00f6r virkade Rundlar - EllenKantarellen\" \/>\n<meta property=\"og:description\" content=\"\ud83c\udf38 Supers\u00f6ta utskriftbara Romantiska PDF-F\u00f6rpackningar att skriva ut och s\u00e4tta p\u00e5 dina handgjorda Rundlar! F\u00e5r dina produkter att se proffsiga ut!\" \/>\n<meta property=\"og:url\" content=\"https:\/\/www.ellenkantarellen.se\/en\/product-2\/supersota-mallar-till-romantiska-forpackningar-for-virkade-rundlar\/\" \/>\n<meta property=\"og:site_name\" content=\"EllenKantarellen\" \/>\n<meta property=\"article:modified_time\" content=\"2025-01-21T12:11:50+00:00\" \/>\n<meta property=\"og:image\" content=\"https:\/\/www.ellenkantarellen.se\/wp-content\/uploads\/2025\/01\/Rundlar-stor-liten.png\" \/>\n\t<meta property=\"og:image:width\" content=\"1080\" \/>\n\t<meta property=\"og:image:height\" content=\"1080\" \/>\n\t<meta property=\"og:image:type\" content=\"image\/png\" \/>\n<meta name=\"twitter:card\" content=\"summary_large_image\" \/>\n<meta name=\"twitter:label1\" content=\"Estimated reading time\" \/>\n\t<meta name=\"twitter:data1\" content=\"1 minute\" \/>\n<script type=\"application\/ld+json\" class=\"yoast-schema-graph\">{\"@context\":\"https:\/\/schema.org\",\"@graph\":[{\"@type\":\"WebPage\",\"@id\":\"https:\/\/www.ellenkantarellen.se\/produkt\/supersota-mallar-till-romantiska-forpackningar-for-virkade-rundlar\/\",\"url\":\"https:\/\/www.ellenkantarellen.se\/produkt\/supersota-mallar-till-romantiska-forpackningar-for-virkade-rundlar\/\",\"name\":\"Supers\u00f6ta Romantiska f\u00f6rpackningar f\u00f6r virkade Rundlar - EllenKantarellen\",\"isPartOf\":{\"@id\":\"https:\/\/www.ellenkantarellen.se\/#website\"},\"primaryImageOfPage\":{\"@id\":\"https:\/\/www.ellenkantarellen.se\/produkt\/supersota-mallar-till-romantiska-forpackningar-for-virkade-rundlar\/#primaryimage\"},\"image\":{\"@id\":\"https:\/\/www.ellenkantarellen.se\/produkt\/supersota-mallar-till-romantiska-forpackningar-for-virkade-rundlar\/#primaryimage\"},\"thumbnailUrl\":\"https:\/\/www.ellenkantarellen.se\/wp-content\/uploads\/2025\/01\/Rundlar-stor-liten.png\",\"datePublished\":\"2025-01-18T23:14:09+00:00\",\"dateModified\":\"2025-01-21T12:11:50+00:00\",\"description\":\"\ud83c\udf38 Supers\u00f6ta utskriftbara Romantiska PDF-F\u00f6rpackningar att skriva ut och s\u00e4tta p\u00e5 dina handgjorda Rundlar! F\u00e5r dina produkter att se proffsiga ut!\",\"breadcrumb\":{\"@id\":\"https:\/\/www.ellenkantarellen.se\/produkt\/supersota-mallar-till-romantiska-forpackningar-for-virkade-rundlar\/#breadcrumb\"},\"inLanguage\":\"en-GB\",\"potentialAction\":[{\"@type\":\"ReadAction\",\"target\":[\"https:\/\/www.ellenkantarellen.se\/produkt\/supersota-mallar-till-romantiska-forpackningar-for-virkade-rundlar\/\"]}]},{\"@type\":\"ImageObject\",\"inLanguage\":\"en-GB\",\"@id\":\"https:\/\/www.ellenkantarellen.se\/produkt\/supersota-mallar-till-romantiska-forpackningar-for-virkade-rundlar\/#primaryimage\",\"url\":\"https:\/\/www.ellenkantarellen.se\/wp-content\/uploads\/2025\/01\/Rundlar-stor-liten.png\",\"contentUrl\":\"https:\/\/www.ellenkantarellen.se\/wp-content\/uploads\/2025\/01\/Rundlar-stor-liten.png\",\"width\":1080,\"height\":1080},{\"@type\":\"BreadcrumbList\",\"@id\":\"https:\/\/www.ellenkantarellen.se\/produkt\/supersota-mallar-till-romantiska-forpackningar-for-virkade-rundlar\/#breadcrumb\",\"itemListElement\":[{\"@type\":\"ListItem\",\"position\":1,\"name\":\"Hem\",\"item\":\"https:\/\/www.ellenkantarellen.se\/\"},{\"@type\":\"ListItem\",\"position\":2,\"name\":\"Aff\u00e4r\",\"item\":\"https:\/\/www.ellenkantarellen.se\/affar\/\"},{\"@type\":\"ListItem\",\"position\":3,\"name\":\"Supers\u00f6ta Romantiska f\u00f6rpackningar f\u00f6r virkade Rundlar\"}]},{\"@type\":\"WebSite\",\"@id\":\"https:\/\/www.ellenkantarellen.se\/#website\",\"url\":\"https:\/\/www.ellenkantarellen.se\/\",\"name\":\"EllenKantarellen\",\"description\":\"\",\"publisher\":{\"@id\":\"https:\/\/www.ellenkantarellen.se\/#organization\"},\"potentialAction\":[{\"@type\":\"SearchAction\",\"target\":{\"@type\":\"EntryPoint\",\"urlTemplate\":\"https:\/\/www.ellenkantarellen.se\/?s={search_term_string}\"},\"query-input\":{\"@type\":\"PropertyValueSpecification\",\"valueRequired\":true,\"valueName\":\"search_term_string\"}}],\"inLanguage\":\"en-GB\"},{\"@type\":\"Organization\",\"@id\":\"https:\/\/www.ellenkantarellen.se\/#organization\",\"name\":\"EllenKantarellen\",\"url\":\"https:\/\/www.ellenkantarellen.se\/\",\"logo\":{\"@type\":\"ImageObject\",\"inLanguage\":\"en-GB\",\"@id\":\"https:\/\/www.ellenkantarellen.se\/#\/schema\/logo\/image\/\",\"url\":\"https:\/\/www.ellenkantarellen.se\/wp-content\/uploads\/2021\/09\/ek2.png\",\"contentUrl\":\"https:\/\/www.ellenkantarellen.se\/wp-content\/uploads\/2021\/09\/ek2.png\",\"width\":2232,\"height\":508,\"caption\":\"EllenKantarellen\"},\"image\":{\"@id\":\"https:\/\/www.ellenkantarellen.se\/#\/schema\/logo\/image\/\"}}]}<\/script>\n<!-- \/ Yoast SEO plugin. -->","yoast_head_json":{"title":"Supers\u00f6ta Romantiska f\u00f6rpackningar f\u00f6r virkade Rundlar - EllenKantarellen","description":"\ud83c\udf38 Supers\u00f6ta utskriftbara Romantiska PDF-F\u00f6rpackningar att skriva ut och s\u00e4tta p\u00e5 dina handgjorda Rundlar! F\u00e5r dina produkter att se proffsiga ut!","robots":{"index":"index","follow":"follow","max-snippet":"max-snippet:-1","max-image-preview":"max-image-preview:large","max-video-preview":"max-video-preview:-1"},"canonical":"https:\/\/www.ellenkantarellen.se\/en\/product-2\/supersota-mallar-till-romantiska-forpackningar-for-virkade-rundlar\/","og_locale":"en_GB","og_type":"article","og_title":"Supers\u00f6ta Romantiska f\u00f6rpackningar f\u00f6r virkade Rundlar - EllenKantarellen","og_description":"\ud83c\udf38 Supers\u00f6ta utskriftbara Romantiska PDF-F\u00f6rpackningar att skriva ut och s\u00e4tta p\u00e5 dina handgjorda Rundlar! F\u00e5r dina produkter att se proffsiga ut!","og_url":"https:\/\/www.ellenkantarellen.se\/en\/product-2\/supersota-mallar-till-romantiska-forpackningar-for-virkade-rundlar\/","og_site_name":"EllenKantarellen","article_modified_time":"2025-01-21T12:11:50+00:00","og_image":[{"width":1080,"height":1080,"url":"https:\/\/www.ellenkantarellen.se\/wp-content\/uploads\/2025\/01\/Rundlar-stor-liten.png","type":"image\/png"}],"twitter_card":"summary_large_image","twitter_misc":{"Estimated reading time":"1 minute"},"schema":{"@context":"https:\/\/schema.org","@graph":[{"@type":"WebPage","@id":"https:\/\/www.ellenkantarellen.se\/produkt\/supersota-mallar-till-romantiska-forpackningar-for-virkade-rundlar\/","url":"https:\/\/www.ellenkantarellen.se\/produkt\/supersota-mallar-till-romantiska-forpackningar-for-virkade-rundlar\/","name":"Supers\u00f6ta Romantiska f\u00f6rpackningar f\u00f6r virkade Rundlar - EllenKantarellen","isPartOf":{"@id":"https:\/\/www.ellenkantarellen.se\/#website"},"primaryImageOfPage":{"@id":"https:\/\/www.ellenkantarellen.se\/produkt\/supersota-mallar-till-romantiska-forpackningar-for-virkade-rundlar\/#primaryimage"},"image":{"@id":"https:\/\/www.ellenkantarellen.se\/produkt\/supersota-mallar-till-romantiska-forpackningar-for-virkade-rundlar\/#primaryimage"},"thumbnailUrl":"https:\/\/www.ellenkantarellen.se\/wp-content\/uploads\/2025\/01\/Rundlar-stor-liten.png","datePublished":"2025-01-18T23:14:09+00:00","dateModified":"2025-01-21T12:11:50+00:00","description":"\ud83c\udf38 Supers\u00f6ta utskriftbara Romantiska PDF-F\u00f6rpackningar att skriva ut och s\u00e4tta p\u00e5 dina handgjorda Rundlar! F\u00e5r dina produkter att se proffsiga ut!","breadcrumb":{"@id":"https:\/\/www.ellenkantarellen.se\/produkt\/supersota-mallar-till-romantiska-forpackningar-for-virkade-rundlar\/#breadcrumb"},"inLanguage":"en-GB","potentialAction":[{"@type":"ReadAction","target":["https:\/\/www.ellenkantarellen.se\/produkt\/supersota-mallar-till-romantiska-forpackningar-for-virkade-rundlar\/"]}]},{"@type":"ImageObject","inLanguage":"en-GB","@id":"https:\/\/www.ellenkantarellen.se\/produkt\/supersota-mallar-till-romantiska-forpackningar-for-virkade-rundlar\/#primaryimage","url":"https:\/\/www.ellenkantarellen.se\/wp-content\/uploads\/2025\/01\/Rundlar-stor-liten.png","contentUrl":"https:\/\/www.ellenkantarellen.se\/wp-content\/uploads\/2025\/01\/Rundlar-stor-liten.png","width":1080,"height":1080},{"@type":"BreadcrumbList","@id":"https:\/\/www.ellenkantarellen.se\/produkt\/supersota-mallar-till-romantiska-forpackningar-for-virkade-rundlar\/#breadcrumb","itemListElement":[{"@type":"ListItem","position":1,"name":"Hem","item":"https:\/\/www.ellenkantarellen.se\/"},{"@type":"ListItem","position":2,"name":"Aff\u00e4r","item":"https:\/\/www.ellenkantarellen.se\/affar\/"},{"@type":"ListItem","position":3,"name":"Supers\u00f6ta Romantiska f\u00f6rpackningar f\u00f6r virkade Rundlar"}]},{"@type":"WebSite","@id":"https:\/\/www.ellenkantarellen.se\/#website","url":"https:\/\/www.ellenkantarellen.se\/","name":"EllenKantarellen","description":"","publisher":{"@id":"https:\/\/www.ellenkantarellen.se\/#organization"},"potentialAction":[{"@type":"SearchAction","target":{"@type":"EntryPoint","urlTemplate":"https:\/\/www.ellenkantarellen.se\/?s={search_term_string}"},"query-input":{"@type":"PropertyValueSpecification","valueRequired":true,"valueName":"search_term_string"}}],"inLanguage":"en-GB"},{"@type":"Organization","@id":"https:\/\/www.ellenkantarellen.se\/#organization","name":"EllenKantarellen","url":"https:\/\/www.ellenkantarellen.se\/","logo":{"@type":"ImageObject","inLanguage":"en-GB","@id":"https:\/\/www.ellenkantarellen.se\/#\/schema\/logo\/image\/","url":"https:\/\/www.ellenkantarellen.se\/wp-content\/uploads\/2021\/09\/ek2.png","contentUrl":"https:\/\/www.ellenkantarellen.se\/wp-content\/uploads\/2021\/09\/ek2.png","width":2232,"height":508,"caption":"EllenKantarellen"},"image":{"@id":"https:\/\/www.ellenkantarellen.se\/#\/schema\/logo\/image\/"}}]}},"_links":{"self":[{"href":"https:\/\/www.ellenkantarellen.se\/en\/wp-json\/wp\/v2\/product\/17026","targetHints":{"allow":["GET"]}}],"collection":[{"href":"https:\/\/www.ellenkantarellen.se\/en\/wp-json\/wp\/v2\/product"}],"about":[{"href":"https:\/\/www.ellenkantarellen.se\/en\/wp-json\/wp\/v2\/types\/product"}],"replies":[{"embeddable":true,"href":"https:\/\/www.ellenkantarellen.se\/en\/wp-json\/wp\/v2\/comments?post=17026"}],"wp:featuredmedia":[{"embeddable":true,"href":"https:\/\/www.ellenkantarellen.se\/en\/wp-json\/wp\/v2\/media\/17029"}],"wp:attachment":[{"href":"https:\/\/www.ellenkantarellen.se\/en\/wp-json\/wp\/v2\/media?parent=17026"}],"wp:term":[{"taxonomy":"product_brand","embeddable":true,"href":"https:\/\/www.ellenkantarellen.se\/en\/wp-json\/wp\/v2\/product_brand?post=17026"},{"taxonomy":"product_cat","embeddable":true,"href":"https:\/\/www.ellenkantarellen.se\/en\/wp-json\/wp\/v2\/product_cat?post=17026"},{"taxonomy":"product_tag","embeddable":true,"href":"https:\/\/www.ellenkantarellen.se\/en\/wp-json\/wp\/v2\/product_tag?post=17026"}],"curies":[{"name":"wp","href":"https:\/\/api.w.org\/{rel}","templated":true}]}}