{"id":17085,"date":"2025-01-21T13:12:00","date_gmt":"2025-01-21T12:12:00","guid":{"rendered":"https:\/\/www.ellenkantarellen.se\/?post_type=product&#038;p=17085"},"modified":"2026-01-22T18:59:48","modified_gmt":"2026-01-22T17:59:48","slug":"virkmonster-pocket-hug-hjarta-med-presentaskar","status":"publish","type":"product","link":"https:\/\/www.ellenkantarellen.se\/en\/produkt\/virkmonster-pocket-hug-hjarta-med-presentaskar\/","title":{"rendered":"Virkm\u00f6nster &#8221;Pocket Hug&#8221; Hj\u00e4rta med presentaskar"},"content":{"rendered":"<p>\ud83c\udf38 Virkm\u00f6nstesr samt supers\u00f6ta utskriftbara PDF-F\u00f6rpackningar att skriva ut och l\u00e4gga &#8221;Pocket Hug&#8221; Hj\u00e4rtan i (emotional support)!<\/p>\n<p>\ud83c\udf38 Paketet inneh\u00e5ller digitala nedladdningsbara utskrifter med 1 virkm\u00f6nster p\u00e5 gulligt litet hj\u00e4rta samt\u00a0 6 olika f\u00e4rger p\u00e5\u00a0 f\u00f6rpackningar med tv\u00e5 olika textvarianter, samt alla f\u00e4rger utan text p\u00e5 hj\u00e4rtat! Regnb\u00e5ge, Rosa, Lila, Bl\u00e5, Gr\u00f6n &amp; R\u00f6d. Cirka 5 x 6 cm.\ud83c\udf38<\/p>\n<p>\ud83c\udf38Perfekt att ge bort, s\u00e4lja p\u00e5 marknad eller liknande! Skriv ut, klipp ut, klistra och montera sedan \u00e4r du redo!<\/p>\n<p>++++++++ DETAILS ++++++++<\/p>\n<p>Fil typ: Utskriftbara PDFfiler inneh\u00e5llande 6 filer med olika f\u00e4rger samt text p\u00e5 hj\u00e4rtat, 1 fil utan text p\u00e5 hj\u00e4rtat samt 1 fil med virkbeskrivningen<\/p>","protected":false},"excerpt":{"rendered":"<p><strong>\ud83c\udf38 <\/strong><em>Virkm\u00f6nstesr samt supers\u00f6ta utskriftbara PDF-F\u00f6rpackningar att skriva ut och l\u00e4gga &#8221;Pocket Hug&#8221; Hj\u00e4rtan i (emotional support)! <\/em><strong><em>N\u00e4r du betalat f\u00f6r Etiketterna kommer du automatiskt att kunna ladda ner din PDF-fil med dina nya fina mallar som kommer i mejl till dig!<\/em><\/strong><\/p>","protected":false},"featured_media":17093,"comment_status":"open","ping_status":"closed","template":"","meta":[],"product_brand":[],"product_cat":[859,457,703],"product_tag":[1081,1075,1083,802,1082,1079,519,326,1080],"class_list":{"0":"post-17085","1":"product","2":"type-product","3":"status-publish","4":"has-post-thumbnail","6":"product_cat-alla-hjartans-dag","7":"product_cat-monster-amigurumi","8":"product_cat-etiketter","9":"product_tag-crochet-pocket-hug","10":"product_tag-eitketter-handmade","11":"product_tag-etikett-pocket-hug","12":"product_tag-etiketter-till-virkat","13":"product_tag-pocket-hug","14":"product_tag-virkad-pocket-hug","15":"product_tag-virkat-hjarta","16":"product_tag-virkmonster-hjarta","17":"product_tag-virmonster-pocket-hug","19":"first","20":"instock","21":"downloadable","22":"virtual","23":"taxable","24":"purchasable","25":"product-type-simple"},"bundled_by":[],"bundle_stock_status":"instock","bundle_stock_quantity":null,"bundle_virtual":false,"bundle_layout":"","bundle_add_to_cart_form_location":"","bundle_editable_in_cart":false,"bundle_sold_individually_context":"","bundle_item_grouping":"","bundle_min_size":"","bundle_max_size":"","bundle_price":[],"bundled_items":[],"bundle_sell_ids":[],"yoast_head":"<!-- This site is optimized with the Yoast SEO plugin v27.0 - https:\/\/yoast.com\/product\/yoast-seo-wordpress\/ -->\n<title>Virkm\u00f6nster &quot;Pocket Hug&quot; Hj\u00e4rta med presentaskar - EllenKantarellen<\/title>\n<meta name=\"description\" content=\"\ud83c\udf38 Virkm\u00f6nstesr samt supers\u00f6ta utskriftbara PDF-F\u00f6rpackningar att skriva ut och l\u00e4gga &quot;Pocket Hug&quot; Hj\u00e4rtan i (emotional support)!\" \/>\n<meta name=\"robots\" content=\"index, follow, max-snippet:-1, max-image-preview:large, max-video-preview:-1\" \/>\n<link rel=\"canonical\" href=\"https:\/\/www.ellenkantarellen.se\/en\/product-2\/virkmonster-pocket-hug-hjarta-med-presentaskar\/\" \/>\n<meta property=\"og:locale\" content=\"en_GB\" \/>\n<meta property=\"og:type\" content=\"article\" \/>\n<meta property=\"og:title\" content=\"Virkm\u00f6nster &quot;Pocket Hug&quot; Hj\u00e4rta med presentaskar - EllenKantarellen\" \/>\n<meta property=\"og:description\" content=\"\ud83c\udf38 Virkm\u00f6nstesr samt supers\u00f6ta utskriftbara PDF-F\u00f6rpackningar att skriva ut och l\u00e4gga &quot;Pocket Hug&quot; Hj\u00e4rtan i (emotional support)!\" \/>\n<meta property=\"og:url\" content=\"https:\/\/www.ellenkantarellen.se\/en\/product-2\/virkmonster-pocket-hug-hjarta-med-presentaskar\/\" \/>\n<meta property=\"og:site_name\" content=\"EllenKantarellen\" \/>\n<meta property=\"article:modified_time\" content=\"2026-01-22T17:59:48+00:00\" \/>\n<meta property=\"og:image\" content=\"https:\/\/www.ellenkantarellen.se\/wp-content\/uploads\/2025\/01\/SOCKOR-2025-01-21T101403.710.png\" \/>\n\t<meta property=\"og:image:width\" content=\"1080\" \/>\n\t<meta property=\"og:image:height\" content=\"1080\" \/>\n\t<meta property=\"og:image:type\" content=\"image\/png\" \/>\n<meta name=\"twitter:card\" content=\"summary_large_image\" \/>\n<meta name=\"twitter:label1\" content=\"Estimated reading time\" \/>\n\t<meta name=\"twitter:data1\" content=\"1 minute\" \/>\n<script type=\"application\/ld+json\" class=\"yoast-schema-graph\">{\"@context\":\"https:\/\/schema.org\",\"@graph\":[{\"@type\":\"WebPage\",\"@id\":\"https:\/\/www.ellenkantarellen.se\/produkt\/virkmonster-pocket-hug-hjarta-med-presentaskar\/\",\"url\":\"https:\/\/www.ellenkantarellen.se\/produkt\/virkmonster-pocket-hug-hjarta-med-presentaskar\/\",\"name\":\"Virkm\u00f6nster \\\"Pocket Hug\\\" Hj\u00e4rta med presentaskar - EllenKantarellen\",\"isPartOf\":{\"@id\":\"https:\/\/www.ellenkantarellen.se\/#website\"},\"primaryImageOfPage\":{\"@id\":\"https:\/\/www.ellenkantarellen.se\/produkt\/virkmonster-pocket-hug-hjarta-med-presentaskar\/#primaryimage\"},\"image\":{\"@id\":\"https:\/\/www.ellenkantarellen.se\/produkt\/virkmonster-pocket-hug-hjarta-med-presentaskar\/#primaryimage\"},\"thumbnailUrl\":\"https:\/\/www.ellenkantarellen.se\/wp-content\/uploads\/2025\/01\/SOCKOR-2025-01-21T101403.710.png\",\"datePublished\":\"2025-01-21T12:12:00+00:00\",\"dateModified\":\"2026-01-22T17:59:48+00:00\",\"description\":\"\ud83c\udf38 Virkm\u00f6nstesr samt supers\u00f6ta utskriftbara PDF-F\u00f6rpackningar att skriva ut och l\u00e4gga \\\"Pocket Hug\\\" Hj\u00e4rtan i (emotional support)!\",\"breadcrumb\":{\"@id\":\"https:\/\/www.ellenkantarellen.se\/produkt\/virkmonster-pocket-hug-hjarta-med-presentaskar\/#breadcrumb\"},\"inLanguage\":\"en-GB\",\"potentialAction\":[{\"@type\":\"ReadAction\",\"target\":[\"https:\/\/www.ellenkantarellen.se\/produkt\/virkmonster-pocket-hug-hjarta-med-presentaskar\/\"]}]},{\"@type\":\"ImageObject\",\"inLanguage\":\"en-GB\",\"@id\":\"https:\/\/www.ellenkantarellen.se\/produkt\/virkmonster-pocket-hug-hjarta-med-presentaskar\/#primaryimage\",\"url\":\"https:\/\/www.ellenkantarellen.se\/wp-content\/uploads\/2025\/01\/SOCKOR-2025-01-21T101403.710.png\",\"contentUrl\":\"https:\/\/www.ellenkantarellen.se\/wp-content\/uploads\/2025\/01\/SOCKOR-2025-01-21T101403.710.png\",\"width\":1080,\"height\":1080},{\"@type\":\"BreadcrumbList\",\"@id\":\"https:\/\/www.ellenkantarellen.se\/produkt\/virkmonster-pocket-hug-hjarta-med-presentaskar\/#breadcrumb\",\"itemListElement\":[{\"@type\":\"ListItem\",\"position\":1,\"name\":\"Hem\",\"item\":\"https:\/\/www.ellenkantarellen.se\/\"},{\"@type\":\"ListItem\",\"position\":2,\"name\":\"Aff\u00e4r\",\"item\":\"https:\/\/www.ellenkantarellen.se\/affar\/\"},{\"@type\":\"ListItem\",\"position\":3,\"name\":\"Virkm\u00f6nster &#8221;Pocket Hug&#8221; Hj\u00e4rta med presentaskar\"}]},{\"@type\":\"WebSite\",\"@id\":\"https:\/\/www.ellenkantarellen.se\/#website\",\"url\":\"https:\/\/www.ellenkantarellen.se\/\",\"name\":\"EllenKantarellen\",\"description\":\"\",\"publisher\":{\"@id\":\"https:\/\/www.ellenkantarellen.se\/#organization\"},\"potentialAction\":[{\"@type\":\"SearchAction\",\"target\":{\"@type\":\"EntryPoint\",\"urlTemplate\":\"https:\/\/www.ellenkantarellen.se\/?s={search_term_string}\"},\"query-input\":{\"@type\":\"PropertyValueSpecification\",\"valueRequired\":true,\"valueName\":\"search_term_string\"}}],\"inLanguage\":\"en-GB\"},{\"@type\":\"Organization\",\"@id\":\"https:\/\/www.ellenkantarellen.se\/#organization\",\"name\":\"EllenKantarellen\",\"url\":\"https:\/\/www.ellenkantarellen.se\/\",\"logo\":{\"@type\":\"ImageObject\",\"inLanguage\":\"en-GB\",\"@id\":\"https:\/\/www.ellenkantarellen.se\/#\/schema\/logo\/image\/\",\"url\":\"https:\/\/www.ellenkantarellen.se\/wp-content\/uploads\/2021\/09\/ek2.png\",\"contentUrl\":\"https:\/\/www.ellenkantarellen.se\/wp-content\/uploads\/2021\/09\/ek2.png\",\"width\":2232,\"height\":508,\"caption\":\"EllenKantarellen\"},\"image\":{\"@id\":\"https:\/\/www.ellenkantarellen.se\/#\/schema\/logo\/image\/\"}}]}<\/script>\n<!-- \/ Yoast SEO plugin. -->","yoast_head_json":{"title":"Virkm\u00f6nster \"Pocket Hug\" Hj\u00e4rta med presentaskar - EllenKantarellen","description":"\ud83c\udf38 Virkm\u00f6nstesr samt supers\u00f6ta utskriftbara PDF-F\u00f6rpackningar att skriva ut och l\u00e4gga \"Pocket Hug\" Hj\u00e4rtan i (emotional support)!","robots":{"index":"index","follow":"follow","max-snippet":"max-snippet:-1","max-image-preview":"max-image-preview:large","max-video-preview":"max-video-preview:-1"},"canonical":"https:\/\/www.ellenkantarellen.se\/en\/product-2\/virkmonster-pocket-hug-hjarta-med-presentaskar\/","og_locale":"en_GB","og_type":"article","og_title":"Virkm\u00f6nster \"Pocket Hug\" Hj\u00e4rta med presentaskar - EllenKantarellen","og_description":"\ud83c\udf38 Virkm\u00f6nstesr samt supers\u00f6ta utskriftbara PDF-F\u00f6rpackningar att skriva ut och l\u00e4gga \"Pocket Hug\" Hj\u00e4rtan i (emotional support)!","og_url":"https:\/\/www.ellenkantarellen.se\/en\/product-2\/virkmonster-pocket-hug-hjarta-med-presentaskar\/","og_site_name":"EllenKantarellen","article_modified_time":"2026-01-22T17:59:48+00:00","og_image":[{"width":1080,"height":1080,"url":"https:\/\/www.ellenkantarellen.se\/wp-content\/uploads\/2025\/01\/SOCKOR-2025-01-21T101403.710.png","type":"image\/png"}],"twitter_card":"summary_large_image","twitter_misc":{"Estimated reading time":"1 minute"},"schema":{"@context":"https:\/\/schema.org","@graph":[{"@type":"WebPage","@id":"https:\/\/www.ellenkantarellen.se\/produkt\/virkmonster-pocket-hug-hjarta-med-presentaskar\/","url":"https:\/\/www.ellenkantarellen.se\/produkt\/virkmonster-pocket-hug-hjarta-med-presentaskar\/","name":"Virkm\u00f6nster \"Pocket Hug\" Hj\u00e4rta med presentaskar - EllenKantarellen","isPartOf":{"@id":"https:\/\/www.ellenkantarellen.se\/#website"},"primaryImageOfPage":{"@id":"https:\/\/www.ellenkantarellen.se\/produkt\/virkmonster-pocket-hug-hjarta-med-presentaskar\/#primaryimage"},"image":{"@id":"https:\/\/www.ellenkantarellen.se\/produkt\/virkmonster-pocket-hug-hjarta-med-presentaskar\/#primaryimage"},"thumbnailUrl":"https:\/\/www.ellenkantarellen.se\/wp-content\/uploads\/2025\/01\/SOCKOR-2025-01-21T101403.710.png","datePublished":"2025-01-21T12:12:00+00:00","dateModified":"2026-01-22T17:59:48+00:00","description":"\ud83c\udf38 Virkm\u00f6nstesr samt supers\u00f6ta utskriftbara PDF-F\u00f6rpackningar att skriva ut och l\u00e4gga \"Pocket Hug\" Hj\u00e4rtan i (emotional support)!","breadcrumb":{"@id":"https:\/\/www.ellenkantarellen.se\/produkt\/virkmonster-pocket-hug-hjarta-med-presentaskar\/#breadcrumb"},"inLanguage":"en-GB","potentialAction":[{"@type":"ReadAction","target":["https:\/\/www.ellenkantarellen.se\/produkt\/virkmonster-pocket-hug-hjarta-med-presentaskar\/"]}]},{"@type":"ImageObject","inLanguage":"en-GB","@id":"https:\/\/www.ellenkantarellen.se\/produkt\/virkmonster-pocket-hug-hjarta-med-presentaskar\/#primaryimage","url":"https:\/\/www.ellenkantarellen.se\/wp-content\/uploads\/2025\/01\/SOCKOR-2025-01-21T101403.710.png","contentUrl":"https:\/\/www.ellenkantarellen.se\/wp-content\/uploads\/2025\/01\/SOCKOR-2025-01-21T101403.710.png","width":1080,"height":1080},{"@type":"BreadcrumbList","@id":"https:\/\/www.ellenkantarellen.se\/produkt\/virkmonster-pocket-hug-hjarta-med-presentaskar\/#breadcrumb","itemListElement":[{"@type":"ListItem","position":1,"name":"Hem","item":"https:\/\/www.ellenkantarellen.se\/"},{"@type":"ListItem","position":2,"name":"Aff\u00e4r","item":"https:\/\/www.ellenkantarellen.se\/affar\/"},{"@type":"ListItem","position":3,"name":"Virkm\u00f6nster &#8221;Pocket Hug&#8221; Hj\u00e4rta med presentaskar"}]},{"@type":"WebSite","@id":"https:\/\/www.ellenkantarellen.se\/#website","url":"https:\/\/www.ellenkantarellen.se\/","name":"EllenKantarellen","description":"","publisher":{"@id":"https:\/\/www.ellenkantarellen.se\/#organization"},"potentialAction":[{"@type":"SearchAction","target":{"@type":"EntryPoint","urlTemplate":"https:\/\/www.ellenkantarellen.se\/?s={search_term_string}"},"query-input":{"@type":"PropertyValueSpecification","valueRequired":true,"valueName":"search_term_string"}}],"inLanguage":"en-GB"},{"@type":"Organization","@id":"https:\/\/www.ellenkantarellen.se\/#organization","name":"EllenKantarellen","url":"https:\/\/www.ellenkantarellen.se\/","logo":{"@type":"ImageObject","inLanguage":"en-GB","@id":"https:\/\/www.ellenkantarellen.se\/#\/schema\/logo\/image\/","url":"https:\/\/www.ellenkantarellen.se\/wp-content\/uploads\/2021\/09\/ek2.png","contentUrl":"https:\/\/www.ellenkantarellen.se\/wp-content\/uploads\/2021\/09\/ek2.png","width":2232,"height":508,"caption":"EllenKantarellen"},"image":{"@id":"https:\/\/www.ellenkantarellen.se\/#\/schema\/logo\/image\/"}}]}},"_links":{"self":[{"href":"https:\/\/www.ellenkantarellen.se\/en\/wp-json\/wp\/v2\/product\/17085","targetHints":{"allow":["GET"]}}],"collection":[{"href":"https:\/\/www.ellenkantarellen.se\/en\/wp-json\/wp\/v2\/product"}],"about":[{"href":"https:\/\/www.ellenkantarellen.se\/en\/wp-json\/wp\/v2\/types\/product"}],"replies":[{"embeddable":true,"href":"https:\/\/www.ellenkantarellen.se\/en\/wp-json\/wp\/v2\/comments?post=17085"}],"wp:featuredmedia":[{"embeddable":true,"href":"https:\/\/www.ellenkantarellen.se\/en\/wp-json\/wp\/v2\/media\/17093"}],"wp:attachment":[{"href":"https:\/\/www.ellenkantarellen.se\/en\/wp-json\/wp\/v2\/media?parent=17085"}],"wp:term":[{"taxonomy":"product_brand","embeddable":true,"href":"https:\/\/www.ellenkantarellen.se\/en\/wp-json\/wp\/v2\/product_brand?post=17085"},{"taxonomy":"product_cat","embeddable":true,"href":"https:\/\/www.ellenkantarellen.se\/en\/wp-json\/wp\/v2\/product_cat?post=17085"},{"taxonomy":"product_tag","embeddable":true,"href":"https:\/\/www.ellenkantarellen.se\/en\/wp-json\/wp\/v2\/product_tag?post=17085"}],"curies":[{"name":"wp","href":"https:\/\/api.w.org\/{rel}","templated":true}]}}