{"id":17630,"date":"2025-02-06T19:33:36","date_gmt":"2025-02-06T18:33:36","guid":{"rendered":"https:\/\/www.ellenkantarellen.se\/?post_type=product&#038;p=17630"},"modified":"2025-12-02T07:12:04","modified_gmt":"2025-12-02T06:12:04","slug":"monster-virkad-virknals-glasogonhallare","status":"publish","type":"product","link":"https:\/\/www.ellenkantarellen.se\/en\/produkt\/monster-virkad-virknals-glasogonhallare\/","title":{"rendered":"M\u00f6nster virkad Virkn\u00e5ls\/Glas\u00f6gonh\u00e5llare"},"content":{"rendered":"<p>M\u00f6nster p\u00e5 supers\u00f6t H\u00e5llare till dina virkn\u00e5lar, glas\u00f6gon, pennor eller smycken! Virkas med akrylgarn! J\u00e4ttefin att ha hemma sj\u00e4lv eller ett m\u00e5ste som present till katt\u00e4lskaren! Perfekt om du har mycket restgarn hemma! Du har v\u00e4l sett det s\u00f6ta skrivbordsunderl\u00e4gget i samma serie!? <a href=\"https:\/\/www.ellenkantarellen.se\/en\/product-2\/monster-virkat-skrivbordsunderlagg-katt\/\">Klicka H\u00c4R s\u00e5 hittar du det!<\/a><\/p>","protected":false},"excerpt":{"rendered":"<p>M\u00f6nster p\u00e5 supers\u00f6t H\u00e5llare till dina virkn\u00e5lar, glas\u00f6gon, pennor eller smycken!<strong><em> After payment you can instantly download your new pattern! You get an email with a link to the pattern.<\/em><\/strong><\/p>","protected":false},"featured_media":17632,"comment_status":"open","ping_status":"closed","template":"","meta":[],"product_brand":[],"product_cat":[458],"product_tag":[1088,1102,385,1110,1103,1104,1105,1107,1106,1111,1108,1109],"class_list":{"0":"post-17630","1":"product","2":"type-product","3":"status-publish","4":"has-post-thumbnail","6":"product_cat-ovriga-monster","7":"product_tag-virkad-alla-hjartans-dag-present","8":"product_tag-virkad-glasogonhallare","9":"product_tag-virkad-katt","10":"product_tag-virkad-pennhallare","11":"product_tag-virkat-glasogonfodral","12":"product_tag-virkat-smyckesfat","13":"product_tag-virkat-till-smycken","14":"product_tag-virkat-virknalsfodral","15":"product_tag-virkmonster-glasogonhallare","16":"product_tag-virkmonster-pennhallare","17":"product_tag-virknalsfodral","18":"product_tag-virmonster-katt","20":"first","21":"instock","22":"downloadable","23":"virtual","24":"taxable","25":"purchasable","26":"product-type-simple"},"bundled_by":["18090"],"bundle_stock_status":"instock","bundle_stock_quantity":null,"bundle_virtual":false,"bundle_layout":"","bundle_add_to_cart_form_location":"","bundle_editable_in_cart":false,"bundle_sold_individually_context":"","bundle_item_grouping":"","bundle_min_size":"","bundle_max_size":"","bundle_price":[],"bundled_items":[],"bundle_sell_ids":[],"yoast_head":"<!-- This site is optimized with the Yoast SEO plugin v27.0 - https:\/\/yoast.com\/product\/yoast-seo-wordpress\/ -->\n<title>M\u00f6nster virkad Virkn\u00e5ls\/Glas\u00f6gonh\u00e5llare - EllenKantarellen<\/title>\n<meta name=\"description\" content=\"M\u00f6nster p\u00e5 supers\u00f6t H\u00e5llare till dina virkn\u00e5lar, glas\u00f6gon, pennor eller smycken! J\u00e4ttefin att ha hemma sj\u00e4lv eller ett m\u00e5ste som present till katt\u00e4lskaren!\" \/>\n<meta name=\"robots\" content=\"index, follow, max-snippet:-1, max-image-preview:large, max-video-preview:-1\" \/>\n<link rel=\"canonical\" href=\"https:\/\/www.ellenkantarellen.se\/en\/product-2\/monster-virkad-virknals-glasogonhallare\/\" \/>\n<meta property=\"og:locale\" content=\"en_GB\" \/>\n<meta property=\"og:type\" content=\"article\" \/>\n<meta property=\"og:title\" content=\"M\u00f6nster virkad Virkn\u00e5ls\/Glas\u00f6gonh\u00e5llare - EllenKantarellen\" \/>\n<meta property=\"og:description\" content=\"M\u00f6nster p\u00e5 supers\u00f6t H\u00e5llare till dina virkn\u00e5lar, glas\u00f6gon, pennor eller smycken! J\u00e4ttefin att ha hemma sj\u00e4lv eller ett m\u00e5ste som present till katt\u00e4lskaren!\" \/>\n<meta property=\"og:url\" content=\"https:\/\/www.ellenkantarellen.se\/en\/product-2\/monster-virkad-virknals-glasogonhallare\/\" \/>\n<meta property=\"og:site_name\" content=\"EllenKantarellen\" \/>\n<meta property=\"article:modified_time\" content=\"2025-12-02T06:12:04+00:00\" \/>\n<meta property=\"og:image\" content=\"https:\/\/www.ellenkantarellen.se\/wp-content\/uploads\/2025\/02\/FRAMSIDOR-5.png\" \/>\n\t<meta property=\"og:image:width\" content=\"1080\" \/>\n\t<meta property=\"og:image:height\" content=\"1080\" \/>\n\t<meta property=\"og:image:type\" content=\"image\/png\" \/>\n<meta name=\"twitter:card\" content=\"summary_large_image\" \/>\n<meta name=\"twitter:label1\" content=\"Estimated reading time\" \/>\n\t<meta name=\"twitter:data1\" content=\"1 minute\" \/>\n<script type=\"application\/ld+json\" class=\"yoast-schema-graph\">{\"@context\":\"https:\/\/schema.org\",\"@graph\":[{\"@type\":\"WebPage\",\"@id\":\"https:\/\/www.ellenkantarellen.se\/produkt\/monster-virkad-virknals-glasogonhallare\/\",\"url\":\"https:\/\/www.ellenkantarellen.se\/produkt\/monster-virkad-virknals-glasogonhallare\/\",\"name\":\"M\u00f6nster virkad Virkn\u00e5ls\/Glas\u00f6gonh\u00e5llare - EllenKantarellen\",\"isPartOf\":{\"@id\":\"https:\/\/www.ellenkantarellen.se\/#website\"},\"primaryImageOfPage\":{\"@id\":\"https:\/\/www.ellenkantarellen.se\/produkt\/monster-virkad-virknals-glasogonhallare\/#primaryimage\"},\"image\":{\"@id\":\"https:\/\/www.ellenkantarellen.se\/produkt\/monster-virkad-virknals-glasogonhallare\/#primaryimage\"},\"thumbnailUrl\":\"https:\/\/www.ellenkantarellen.se\/wp-content\/uploads\/2025\/02\/FRAMSIDOR-5.png\",\"datePublished\":\"2025-02-06T18:33:36+00:00\",\"dateModified\":\"2025-12-02T06:12:04+00:00\",\"description\":\"M\u00f6nster p\u00e5 supers\u00f6t H\u00e5llare till dina virkn\u00e5lar, glas\u00f6gon, pennor eller smycken! J\u00e4ttefin att ha hemma sj\u00e4lv eller ett m\u00e5ste som present till katt\u00e4lskaren!\",\"breadcrumb\":{\"@id\":\"https:\/\/www.ellenkantarellen.se\/produkt\/monster-virkad-virknals-glasogonhallare\/#breadcrumb\"},\"inLanguage\":\"en-GB\",\"potentialAction\":[{\"@type\":\"ReadAction\",\"target\":[\"https:\/\/www.ellenkantarellen.se\/produkt\/monster-virkad-virknals-glasogonhallare\/\"]}]},{\"@type\":\"ImageObject\",\"inLanguage\":\"en-GB\",\"@id\":\"https:\/\/www.ellenkantarellen.se\/produkt\/monster-virkad-virknals-glasogonhallare\/#primaryimage\",\"url\":\"https:\/\/www.ellenkantarellen.se\/wp-content\/uploads\/2025\/02\/FRAMSIDOR-5.png\",\"contentUrl\":\"https:\/\/www.ellenkantarellen.se\/wp-content\/uploads\/2025\/02\/FRAMSIDOR-5.png\",\"width\":1080,\"height\":1080},{\"@type\":\"BreadcrumbList\",\"@id\":\"https:\/\/www.ellenkantarellen.se\/produkt\/monster-virkad-virknals-glasogonhallare\/#breadcrumb\",\"itemListElement\":[{\"@type\":\"ListItem\",\"position\":1,\"name\":\"Hem\",\"item\":\"https:\/\/www.ellenkantarellen.se\/\"},{\"@type\":\"ListItem\",\"position\":2,\"name\":\"Aff\u00e4r\",\"item\":\"https:\/\/www.ellenkantarellen.se\/affar\/\"},{\"@type\":\"ListItem\",\"position\":3,\"name\":\"M\u00f6nster virkad Virkn\u00e5ls\/Glas\u00f6gonh\u00e5llare\"}]},{\"@type\":\"WebSite\",\"@id\":\"https:\/\/www.ellenkantarellen.se\/#website\",\"url\":\"https:\/\/www.ellenkantarellen.se\/\",\"name\":\"EllenKantarellen\",\"description\":\"\",\"publisher\":{\"@id\":\"https:\/\/www.ellenkantarellen.se\/#organization\"},\"potentialAction\":[{\"@type\":\"SearchAction\",\"target\":{\"@type\":\"EntryPoint\",\"urlTemplate\":\"https:\/\/www.ellenkantarellen.se\/?s={search_term_string}\"},\"query-input\":{\"@type\":\"PropertyValueSpecification\",\"valueRequired\":true,\"valueName\":\"search_term_string\"}}],\"inLanguage\":\"en-GB\"},{\"@type\":\"Organization\",\"@id\":\"https:\/\/www.ellenkantarellen.se\/#organization\",\"name\":\"EllenKantarellen\",\"url\":\"https:\/\/www.ellenkantarellen.se\/\",\"logo\":{\"@type\":\"ImageObject\",\"inLanguage\":\"en-GB\",\"@id\":\"https:\/\/www.ellenkantarellen.se\/#\/schema\/logo\/image\/\",\"url\":\"https:\/\/www.ellenkantarellen.se\/wp-content\/uploads\/2021\/09\/ek2.png\",\"contentUrl\":\"https:\/\/www.ellenkantarellen.se\/wp-content\/uploads\/2021\/09\/ek2.png\",\"width\":2232,\"height\":508,\"caption\":\"EllenKantarellen\"},\"image\":{\"@id\":\"https:\/\/www.ellenkantarellen.se\/#\/schema\/logo\/image\/\"}}]}<\/script>\n<!-- \/ Yoast SEO plugin. -->","yoast_head_json":{"title":"M\u00f6nster virkad Virkn\u00e5ls\/Glas\u00f6gonh\u00e5llare - EllenKantarellen","description":"M\u00f6nster p\u00e5 supers\u00f6t H\u00e5llare till dina virkn\u00e5lar, glas\u00f6gon, pennor eller smycken! J\u00e4ttefin att ha hemma sj\u00e4lv eller ett m\u00e5ste som present till katt\u00e4lskaren!","robots":{"index":"index","follow":"follow","max-snippet":"max-snippet:-1","max-image-preview":"max-image-preview:large","max-video-preview":"max-video-preview:-1"},"canonical":"https:\/\/www.ellenkantarellen.se\/en\/product-2\/monster-virkad-virknals-glasogonhallare\/","og_locale":"en_GB","og_type":"article","og_title":"M\u00f6nster virkad Virkn\u00e5ls\/Glas\u00f6gonh\u00e5llare - EllenKantarellen","og_description":"M\u00f6nster p\u00e5 supers\u00f6t H\u00e5llare till dina virkn\u00e5lar, glas\u00f6gon, pennor eller smycken! J\u00e4ttefin att ha hemma sj\u00e4lv eller ett m\u00e5ste som present till katt\u00e4lskaren!","og_url":"https:\/\/www.ellenkantarellen.se\/en\/product-2\/monster-virkad-virknals-glasogonhallare\/","og_site_name":"EllenKantarellen","article_modified_time":"2025-12-02T06:12:04+00:00","og_image":[{"width":1080,"height":1080,"url":"https:\/\/www.ellenkantarellen.se\/wp-content\/uploads\/2025\/02\/FRAMSIDOR-5.png","type":"image\/png"}],"twitter_card":"summary_large_image","twitter_misc":{"Estimated reading time":"1 minute"},"schema":{"@context":"https:\/\/schema.org","@graph":[{"@type":"WebPage","@id":"https:\/\/www.ellenkantarellen.se\/produkt\/monster-virkad-virknals-glasogonhallare\/","url":"https:\/\/www.ellenkantarellen.se\/produkt\/monster-virkad-virknals-glasogonhallare\/","name":"M\u00f6nster virkad Virkn\u00e5ls\/Glas\u00f6gonh\u00e5llare - EllenKantarellen","isPartOf":{"@id":"https:\/\/www.ellenkantarellen.se\/#website"},"primaryImageOfPage":{"@id":"https:\/\/www.ellenkantarellen.se\/produkt\/monster-virkad-virknals-glasogonhallare\/#primaryimage"},"image":{"@id":"https:\/\/www.ellenkantarellen.se\/produkt\/monster-virkad-virknals-glasogonhallare\/#primaryimage"},"thumbnailUrl":"https:\/\/www.ellenkantarellen.se\/wp-content\/uploads\/2025\/02\/FRAMSIDOR-5.png","datePublished":"2025-02-06T18:33:36+00:00","dateModified":"2025-12-02T06:12:04+00:00","description":"M\u00f6nster p\u00e5 supers\u00f6t H\u00e5llare till dina virkn\u00e5lar, glas\u00f6gon, pennor eller smycken! J\u00e4ttefin att ha hemma sj\u00e4lv eller ett m\u00e5ste som present till katt\u00e4lskaren!","breadcrumb":{"@id":"https:\/\/www.ellenkantarellen.se\/produkt\/monster-virkad-virknals-glasogonhallare\/#breadcrumb"},"inLanguage":"en-GB","potentialAction":[{"@type":"ReadAction","target":["https:\/\/www.ellenkantarellen.se\/produkt\/monster-virkad-virknals-glasogonhallare\/"]}]},{"@type":"ImageObject","inLanguage":"en-GB","@id":"https:\/\/www.ellenkantarellen.se\/produkt\/monster-virkad-virknals-glasogonhallare\/#primaryimage","url":"https:\/\/www.ellenkantarellen.se\/wp-content\/uploads\/2025\/02\/FRAMSIDOR-5.png","contentUrl":"https:\/\/www.ellenkantarellen.se\/wp-content\/uploads\/2025\/02\/FRAMSIDOR-5.png","width":1080,"height":1080},{"@type":"BreadcrumbList","@id":"https:\/\/www.ellenkantarellen.se\/produkt\/monster-virkad-virknals-glasogonhallare\/#breadcrumb","itemListElement":[{"@type":"ListItem","position":1,"name":"Hem","item":"https:\/\/www.ellenkantarellen.se\/"},{"@type":"ListItem","position":2,"name":"Aff\u00e4r","item":"https:\/\/www.ellenkantarellen.se\/affar\/"},{"@type":"ListItem","position":3,"name":"M\u00f6nster virkad Virkn\u00e5ls\/Glas\u00f6gonh\u00e5llare"}]},{"@type":"WebSite","@id":"https:\/\/www.ellenkantarellen.se\/#website","url":"https:\/\/www.ellenkantarellen.se\/","name":"EllenKantarellen","description":"","publisher":{"@id":"https:\/\/www.ellenkantarellen.se\/#organization"},"potentialAction":[{"@type":"SearchAction","target":{"@type":"EntryPoint","urlTemplate":"https:\/\/www.ellenkantarellen.se\/?s={search_term_string}"},"query-input":{"@type":"PropertyValueSpecification","valueRequired":true,"valueName":"search_term_string"}}],"inLanguage":"en-GB"},{"@type":"Organization","@id":"https:\/\/www.ellenkantarellen.se\/#organization","name":"EllenKantarellen","url":"https:\/\/www.ellenkantarellen.se\/","logo":{"@type":"ImageObject","inLanguage":"en-GB","@id":"https:\/\/www.ellenkantarellen.se\/#\/schema\/logo\/image\/","url":"https:\/\/www.ellenkantarellen.se\/wp-content\/uploads\/2021\/09\/ek2.png","contentUrl":"https:\/\/www.ellenkantarellen.se\/wp-content\/uploads\/2021\/09\/ek2.png","width":2232,"height":508,"caption":"EllenKantarellen"},"image":{"@id":"https:\/\/www.ellenkantarellen.se\/#\/schema\/logo\/image\/"}}]}},"_links":{"self":[{"href":"https:\/\/www.ellenkantarellen.se\/en\/wp-json\/wp\/v2\/product\/17630","targetHints":{"allow":["GET"]}}],"collection":[{"href":"https:\/\/www.ellenkantarellen.se\/en\/wp-json\/wp\/v2\/product"}],"about":[{"href":"https:\/\/www.ellenkantarellen.se\/en\/wp-json\/wp\/v2\/types\/product"}],"replies":[{"embeddable":true,"href":"https:\/\/www.ellenkantarellen.se\/en\/wp-json\/wp\/v2\/comments?post=17630"}],"wp:featuredmedia":[{"embeddable":true,"href":"https:\/\/www.ellenkantarellen.se\/en\/wp-json\/wp\/v2\/media\/17632"}],"wp:attachment":[{"href":"https:\/\/www.ellenkantarellen.se\/en\/wp-json\/wp\/v2\/media?parent=17630"}],"wp:term":[{"taxonomy":"product_brand","embeddable":true,"href":"https:\/\/www.ellenkantarellen.se\/en\/wp-json\/wp\/v2\/product_brand?post=17630"},{"taxonomy":"product_cat","embeddable":true,"href":"https:\/\/www.ellenkantarellen.se\/en\/wp-json\/wp\/v2\/product_cat?post=17630"},{"taxonomy":"product_tag","embeddable":true,"href":"https:\/\/www.ellenkantarellen.se\/en\/wp-json\/wp\/v2\/product_tag?post=17630"}],"curies":[{"name":"wp","href":"https:\/\/api.w.org\/{rel}","templated":true}]}}