{"id":18082,"date":"2025-02-25T18:04:30","date_gmt":"2025-02-25T17:04:30","guid":{"rendered":"https:\/\/www.ellenkantarellen.se\/?post_type=product&#038;p=18082"},"modified":"2025-12-02T07:12:25","modified_gmt":"2025-12-02T06:12:25","slug":"monster-virkat-skrivbordsunderlagg-katt","status":"publish","type":"product","link":"https:\/\/www.ellenkantarellen.se\/en\/produkt\/monster-virkat-skrivbordsunderlagg-katt\/","title":{"rendered":"M\u00f6nster virkat Skrivbordsunderl\u00e4gg Katt"},"content":{"rendered":"<p>M\u00f6nster p\u00e5 supers\u00f6tt Skrivbordsunderl\u00e4gg med Katt till din favoritkopp kaffe, telefon sm\u00e5tt du beh\u00f6ver n\u00e4r du jobbar eller sitter med ett virkprojekt! Virkas med akrylgarn! J\u00e4ttefin att ha hemma sj\u00e4lv eller ett m\u00e5ste som present till katt\u00e4lskaren! Perfekt om du har mycket restgarn hemma! Du har v\u00e4l sett den s\u00f6ta Katt-Glas\u00f6gonh\u00e5llaren i samma serie!? <a href=\"https:\/\/www.ellenkantarellen.se\/en\/product-2\/monster-virkad-virknals-glasogonhallare\/\">Klicka H\u00c4R s\u00e5 hittar du den!<\/a><\/p>","protected":false},"excerpt":{"rendered":"<p>M\u00f6nster p\u00e5 supers\u00f6tt Skrivbordsunderl\u00e4gg till din favoritkopp kaffe, telefon sm\u00e5tt du beh\u00f6ver n\u00e4r du jobbar eller sitter med ett virkprojekt!<strong><em> N\u00e4r du betalat f\u00f6r m\u00f6nstret kommer du automatiskt att kunna ladda ner din PDF-fil med ditt nya mysiga m\u00f6nster som kommer i mejl till dig!<\/em><\/strong><\/p>","protected":false},"featured_media":18084,"comment_status":"open","ping_status":"closed","template":"","meta":[],"product_brand":[],"product_cat":[458],"product_tag":[1119,1102,385,1110,1103,542,789,386,721],"class_list":{"0":"post-18082","1":"product","2":"type-product","3":"status-publish","4":"has-post-thumbnail","6":"product_cat-ovriga-monster","7":"product_tag-coaster","8":"product_tag-virkad-glasogonhallare","9":"product_tag-virkad-katt","10":"product_tag-virkad-pennhallare","11":"product_tag-virkat-glasogonfodral","12":"product_tag-virkat-underlagg","13":"product_tag-virkmonster-glasunderlagg","14":"product_tag-virkmonster-katt","15":"product_tag-virkmonster-underlagg","17":"first","18":"instock","19":"downloadable","20":"virtual","21":"taxable","22":"purchasable","23":"product-type-simple"},"bundled_by":["18090"],"bundle_stock_status":"instock","bundle_stock_quantity":null,"bundle_virtual":false,"bundle_layout":"","bundle_add_to_cart_form_location":"","bundle_editable_in_cart":false,"bundle_sold_individually_context":"","bundle_item_grouping":"","bundle_min_size":"","bundle_max_size":"","bundle_price":[],"bundled_items":[],"bundle_sell_ids":[],"yoast_head":"<!-- This site is optimized with the Yoast SEO plugin v27.0 - https:\/\/yoast.com\/product\/yoast-seo-wordpress\/ -->\n<title>M\u00f6nster virkat Skrivbordsunderl\u00e4gg Katt - EllenKantarellen<\/title>\n<meta name=\"description\" content=\"M\u00f6nster p\u00e5 supers\u00f6tt Skrivbordsunderl\u00e4gg med Katt till din favoritkopp kaffe, telefon sm\u00e5tt du beh\u00f6ver n\u00e4r du jobbar eller sitter med ett virkprojekt!\" \/>\n<meta name=\"robots\" content=\"index, follow, max-snippet:-1, max-image-preview:large, max-video-preview:-1\" \/>\n<link rel=\"canonical\" href=\"https:\/\/www.ellenkantarellen.se\/en\/product-2\/monster-virkat-skrivbordsunderlagg-katt\/\" \/>\n<meta property=\"og:locale\" content=\"en_GB\" \/>\n<meta property=\"og:type\" content=\"article\" \/>\n<meta property=\"og:title\" content=\"M\u00f6nster virkat Skrivbordsunderl\u00e4gg Katt - EllenKantarellen\" \/>\n<meta property=\"og:description\" content=\"M\u00f6nster p\u00e5 supers\u00f6tt Skrivbordsunderl\u00e4gg med Katt till din favoritkopp kaffe, telefon sm\u00e5tt du beh\u00f6ver n\u00e4r du jobbar eller sitter med ett virkprojekt!\" \/>\n<meta property=\"og:url\" content=\"https:\/\/www.ellenkantarellen.se\/en\/product-2\/monster-virkat-skrivbordsunderlagg-katt\/\" \/>\n<meta property=\"og:site_name\" content=\"EllenKantarellen\" \/>\n<meta property=\"article:modified_time\" content=\"2025-12-02T06:12:25+00:00\" \/>\n<meta property=\"og:image\" content=\"https:\/\/www.ellenkantarellen.se\/wp-content\/uploads\/2025\/02\/produktfoton-2025-02-25T172544.404-1024x1024.png\" \/>\n\t<meta property=\"og:image:width\" content=\"1024\" \/>\n\t<meta property=\"og:image:height\" content=\"1024\" \/>\n\t<meta property=\"og:image:type\" content=\"image\/png\" \/>\n<meta name=\"twitter:card\" content=\"summary_large_image\" \/>\n<meta name=\"twitter:label1\" content=\"Estimated reading time\" \/>\n\t<meta name=\"twitter:data1\" content=\"1 minute\" \/>\n<script type=\"application\/ld+json\" class=\"yoast-schema-graph\">{\"@context\":\"https:\/\/schema.org\",\"@graph\":[{\"@type\":\"WebPage\",\"@id\":\"https:\/\/www.ellenkantarellen.se\/produkt\/monster-virkat-skrivbordsunderlagg-katt\/\",\"url\":\"https:\/\/www.ellenkantarellen.se\/produkt\/monster-virkat-skrivbordsunderlagg-katt\/\",\"name\":\"M\u00f6nster virkat Skrivbordsunderl\u00e4gg Katt - EllenKantarellen\",\"isPartOf\":{\"@id\":\"https:\/\/www.ellenkantarellen.se\/#website\"},\"primaryImageOfPage\":{\"@id\":\"https:\/\/www.ellenkantarellen.se\/produkt\/monster-virkat-skrivbordsunderlagg-katt\/#primaryimage\"},\"image\":{\"@id\":\"https:\/\/www.ellenkantarellen.se\/produkt\/monster-virkat-skrivbordsunderlagg-katt\/#primaryimage\"},\"thumbnailUrl\":\"https:\/\/www.ellenkantarellen.se\/wp-content\/uploads\/2025\/02\/produktfoton-2025-02-25T172544.404.png\",\"datePublished\":\"2025-02-25T17:04:30+00:00\",\"dateModified\":\"2025-12-02T06:12:25+00:00\",\"description\":\"M\u00f6nster p\u00e5 supers\u00f6tt Skrivbordsunderl\u00e4gg med Katt till din favoritkopp kaffe, telefon sm\u00e5tt du beh\u00f6ver n\u00e4r du jobbar eller sitter med ett virkprojekt!\",\"breadcrumb\":{\"@id\":\"https:\/\/www.ellenkantarellen.se\/produkt\/monster-virkat-skrivbordsunderlagg-katt\/#breadcrumb\"},\"inLanguage\":\"en-GB\",\"potentialAction\":[{\"@type\":\"ReadAction\",\"target\":[\"https:\/\/www.ellenkantarellen.se\/produkt\/monster-virkat-skrivbordsunderlagg-katt\/\"]}]},{\"@type\":\"ImageObject\",\"inLanguage\":\"en-GB\",\"@id\":\"https:\/\/www.ellenkantarellen.se\/produkt\/monster-virkat-skrivbordsunderlagg-katt\/#primaryimage\",\"url\":\"https:\/\/www.ellenkantarellen.se\/wp-content\/uploads\/2025\/02\/produktfoton-2025-02-25T172544.404.png\",\"contentUrl\":\"https:\/\/www.ellenkantarellen.se\/wp-content\/uploads\/2025\/02\/produktfoton-2025-02-25T172544.404.png\",\"width\":1080,\"height\":1080},{\"@type\":\"BreadcrumbList\",\"@id\":\"https:\/\/www.ellenkantarellen.se\/produkt\/monster-virkat-skrivbordsunderlagg-katt\/#breadcrumb\",\"itemListElement\":[{\"@type\":\"ListItem\",\"position\":1,\"name\":\"Hem\",\"item\":\"https:\/\/www.ellenkantarellen.se\/\"},{\"@type\":\"ListItem\",\"position\":2,\"name\":\"Aff\u00e4r\",\"item\":\"https:\/\/www.ellenkantarellen.se\/affar\/\"},{\"@type\":\"ListItem\",\"position\":3,\"name\":\"M\u00f6nster virkat Skrivbordsunderl\u00e4gg Katt\"}]},{\"@type\":\"WebSite\",\"@id\":\"https:\/\/www.ellenkantarellen.se\/#website\",\"url\":\"https:\/\/www.ellenkantarellen.se\/\",\"name\":\"EllenKantarellen\",\"description\":\"\",\"publisher\":{\"@id\":\"https:\/\/www.ellenkantarellen.se\/#organization\"},\"potentialAction\":[{\"@type\":\"SearchAction\",\"target\":{\"@type\":\"EntryPoint\",\"urlTemplate\":\"https:\/\/www.ellenkantarellen.se\/?s={search_term_string}\"},\"query-input\":{\"@type\":\"PropertyValueSpecification\",\"valueRequired\":true,\"valueName\":\"search_term_string\"}}],\"inLanguage\":\"en-GB\"},{\"@type\":\"Organization\",\"@id\":\"https:\/\/www.ellenkantarellen.se\/#organization\",\"name\":\"EllenKantarellen\",\"url\":\"https:\/\/www.ellenkantarellen.se\/\",\"logo\":{\"@type\":\"ImageObject\",\"inLanguage\":\"en-GB\",\"@id\":\"https:\/\/www.ellenkantarellen.se\/#\/schema\/logo\/image\/\",\"url\":\"https:\/\/www.ellenkantarellen.se\/wp-content\/uploads\/2021\/09\/ek2.png\",\"contentUrl\":\"https:\/\/www.ellenkantarellen.se\/wp-content\/uploads\/2021\/09\/ek2.png\",\"width\":2232,\"height\":508,\"caption\":\"EllenKantarellen\"},\"image\":{\"@id\":\"https:\/\/www.ellenkantarellen.se\/#\/schema\/logo\/image\/\"}}]}<\/script>\n<!-- \/ Yoast SEO plugin. -->","yoast_head_json":{"title":"M\u00f6nster virkat Skrivbordsunderl\u00e4gg Katt - EllenKantarellen","description":"M\u00f6nster p\u00e5 supers\u00f6tt Skrivbordsunderl\u00e4gg med Katt till din favoritkopp kaffe, telefon sm\u00e5tt du beh\u00f6ver n\u00e4r du jobbar eller sitter med ett virkprojekt!","robots":{"index":"index","follow":"follow","max-snippet":"max-snippet:-1","max-image-preview":"max-image-preview:large","max-video-preview":"max-video-preview:-1"},"canonical":"https:\/\/www.ellenkantarellen.se\/en\/product-2\/monster-virkat-skrivbordsunderlagg-katt\/","og_locale":"en_GB","og_type":"article","og_title":"M\u00f6nster virkat Skrivbordsunderl\u00e4gg Katt - EllenKantarellen","og_description":"M\u00f6nster p\u00e5 supers\u00f6tt Skrivbordsunderl\u00e4gg med Katt till din favoritkopp kaffe, telefon sm\u00e5tt du beh\u00f6ver n\u00e4r du jobbar eller sitter med ett virkprojekt!","og_url":"https:\/\/www.ellenkantarellen.se\/en\/product-2\/monster-virkat-skrivbordsunderlagg-katt\/","og_site_name":"EllenKantarellen","article_modified_time":"2025-12-02T06:12:25+00:00","og_image":[{"width":1024,"height":1024,"url":"https:\/\/www.ellenkantarellen.se\/wp-content\/uploads\/2025\/02\/produktfoton-2025-02-25T172544.404-1024x1024.png","type":"image\/png"}],"twitter_card":"summary_large_image","twitter_misc":{"Estimated reading time":"1 minute"},"schema":{"@context":"https:\/\/schema.org","@graph":[{"@type":"WebPage","@id":"https:\/\/www.ellenkantarellen.se\/produkt\/monster-virkat-skrivbordsunderlagg-katt\/","url":"https:\/\/www.ellenkantarellen.se\/produkt\/monster-virkat-skrivbordsunderlagg-katt\/","name":"M\u00f6nster virkat Skrivbordsunderl\u00e4gg Katt - EllenKantarellen","isPartOf":{"@id":"https:\/\/www.ellenkantarellen.se\/#website"},"primaryImageOfPage":{"@id":"https:\/\/www.ellenkantarellen.se\/produkt\/monster-virkat-skrivbordsunderlagg-katt\/#primaryimage"},"image":{"@id":"https:\/\/www.ellenkantarellen.se\/produkt\/monster-virkat-skrivbordsunderlagg-katt\/#primaryimage"},"thumbnailUrl":"https:\/\/www.ellenkantarellen.se\/wp-content\/uploads\/2025\/02\/produktfoton-2025-02-25T172544.404.png","datePublished":"2025-02-25T17:04:30+00:00","dateModified":"2025-12-02T06:12:25+00:00","description":"M\u00f6nster p\u00e5 supers\u00f6tt Skrivbordsunderl\u00e4gg med Katt till din favoritkopp kaffe, telefon sm\u00e5tt du beh\u00f6ver n\u00e4r du jobbar eller sitter med ett virkprojekt!","breadcrumb":{"@id":"https:\/\/www.ellenkantarellen.se\/produkt\/monster-virkat-skrivbordsunderlagg-katt\/#breadcrumb"},"inLanguage":"en-GB","potentialAction":[{"@type":"ReadAction","target":["https:\/\/www.ellenkantarellen.se\/produkt\/monster-virkat-skrivbordsunderlagg-katt\/"]}]},{"@type":"ImageObject","inLanguage":"en-GB","@id":"https:\/\/www.ellenkantarellen.se\/produkt\/monster-virkat-skrivbordsunderlagg-katt\/#primaryimage","url":"https:\/\/www.ellenkantarellen.se\/wp-content\/uploads\/2025\/02\/produktfoton-2025-02-25T172544.404.png","contentUrl":"https:\/\/www.ellenkantarellen.se\/wp-content\/uploads\/2025\/02\/produktfoton-2025-02-25T172544.404.png","width":1080,"height":1080},{"@type":"BreadcrumbList","@id":"https:\/\/www.ellenkantarellen.se\/produkt\/monster-virkat-skrivbordsunderlagg-katt\/#breadcrumb","itemListElement":[{"@type":"ListItem","position":1,"name":"Hem","item":"https:\/\/www.ellenkantarellen.se\/"},{"@type":"ListItem","position":2,"name":"Aff\u00e4r","item":"https:\/\/www.ellenkantarellen.se\/affar\/"},{"@type":"ListItem","position":3,"name":"M\u00f6nster virkat Skrivbordsunderl\u00e4gg Katt"}]},{"@type":"WebSite","@id":"https:\/\/www.ellenkantarellen.se\/#website","url":"https:\/\/www.ellenkantarellen.se\/","name":"EllenKantarellen","description":"","publisher":{"@id":"https:\/\/www.ellenkantarellen.se\/#organization"},"potentialAction":[{"@type":"SearchAction","target":{"@type":"EntryPoint","urlTemplate":"https:\/\/www.ellenkantarellen.se\/?s={search_term_string}"},"query-input":{"@type":"PropertyValueSpecification","valueRequired":true,"valueName":"search_term_string"}}],"inLanguage":"en-GB"},{"@type":"Organization","@id":"https:\/\/www.ellenkantarellen.se\/#organization","name":"EllenKantarellen","url":"https:\/\/www.ellenkantarellen.se\/","logo":{"@type":"ImageObject","inLanguage":"en-GB","@id":"https:\/\/www.ellenkantarellen.se\/#\/schema\/logo\/image\/","url":"https:\/\/www.ellenkantarellen.se\/wp-content\/uploads\/2021\/09\/ek2.png","contentUrl":"https:\/\/www.ellenkantarellen.se\/wp-content\/uploads\/2021\/09\/ek2.png","width":2232,"height":508,"caption":"EllenKantarellen"},"image":{"@id":"https:\/\/www.ellenkantarellen.se\/#\/schema\/logo\/image\/"}}]}},"_links":{"self":[{"href":"https:\/\/www.ellenkantarellen.se\/en\/wp-json\/wp\/v2\/product\/18082","targetHints":{"allow":["GET"]}}],"collection":[{"href":"https:\/\/www.ellenkantarellen.se\/en\/wp-json\/wp\/v2\/product"}],"about":[{"href":"https:\/\/www.ellenkantarellen.se\/en\/wp-json\/wp\/v2\/types\/product"}],"replies":[{"embeddable":true,"href":"https:\/\/www.ellenkantarellen.se\/en\/wp-json\/wp\/v2\/comments?post=18082"}],"wp:featuredmedia":[{"embeddable":true,"href":"https:\/\/www.ellenkantarellen.se\/en\/wp-json\/wp\/v2\/media\/18084"}],"wp:attachment":[{"href":"https:\/\/www.ellenkantarellen.se\/en\/wp-json\/wp\/v2\/media?parent=18082"}],"wp:term":[{"taxonomy":"product_brand","embeddable":true,"href":"https:\/\/www.ellenkantarellen.se\/en\/wp-json\/wp\/v2\/product_brand?post=18082"},{"taxonomy":"product_cat","embeddable":true,"href":"https:\/\/www.ellenkantarellen.se\/en\/wp-json\/wp\/v2\/product_cat?post=18082"},{"taxonomy":"product_tag","embeddable":true,"href":"https:\/\/www.ellenkantarellen.se\/en\/wp-json\/wp\/v2\/product_tag?post=18082"}],"curies":[{"name":"wp","href":"https:\/\/api.w.org\/{rel}","templated":true}]}}