{"id":18090,"date":"2025-02-25T18:20:32","date_gmt":"2025-02-25T17:20:32","guid":{"rendered":"https:\/\/www.ellenkantarellen.se\/?post_type=product&#038;p=18090"},"modified":"2025-02-25T19:07:44","modified_gmt":"2025-02-25T18:07:44","slug":"bundle-med-virkmonster-till-glasogonhallare-skrivbordsunderlagg-katt","status":"publish","type":"product","link":"https:\/\/www.ellenkantarellen.se\/en\/produkt\/bundle-med-virkmonster-till-glasogonhallare-skrivbordsunderlagg-katt\/","title":{"rendered":"Bundle med virkm\u00f6nster till Glas\u00f6gonh\u00e5llare &#038; Skrivbordsunderl\u00e4gg Katt"},"content":{"rendered":"<p>M\u00f6nster p\u00e5 supers\u00f6t H\u00e5llare med Katt till dina virkn\u00e5lar, glas\u00f6gon, pennor eller smycken samt ett Skrivbordsunderl\u00e4gg till din favoritkopp kaffe! Virkas med akrylgarn! J\u00e4ttefin att ha hemma sj\u00e4lv eller ett m\u00e5ste som present till katt\u00e4lskaren! Perfekt om du har mycket restgarn hemma!Se mer detaljerad information p\u00e5 de enskilda produktbeskrivningarna!<\/p>","protected":false},"excerpt":{"rendered":"<p>Bundle med virkm\u00f6nster till Glas\u00f6gonh\u00e5llare &amp; Skrivbordsunderl\u00e4gg Katt! <strong><em>N\u00e4r du betalat f\u00f6r m\u00f6nstret kommer du automatiskt att kunna ladda ner din PDF-fil med ditt nya mysiga m\u00f6nster som kommer i mejl till dig!<\/em><\/strong><\/p>","protected":false},"featured_media":18094,"comment_status":"open","ping_status":"closed","template":"","meta":[],"product_brand":[],"product_cat":[458,703],"product_tag":[1102,385,541,1125,1121,1122,542,1123,1058,1120,789,1124,1108],"class_list":{"0":"post-18090","1":"product","2":"type-product","3":"status-publish","4":"has-post-thumbnail","6":"product_cat-ovriga-monster","7":"product_cat-etiketter","8":"product_tag-virkad-glasogonhallare","9":"product_tag-virkad-katt","10":"product_tag-virkat-glasunderlagg","11":"product_tag-virkat-glasunderlagg-katt","12":"product_tag-virkat-till-glasogon","13":"product_tag-virkat-till-virknalar","14":"product_tag-virkat-underlagg","15":"product_tag-virkat-underlagg-katt","16":"product_tag-virkmonster-bundle","17":"product_tag-virkmonster-glasogonfodral","18":"product_tag-virkmonster-glasunderlagg","19":"product_tag-virkmonster-glasunderlagg-katt","20":"product_tag-virknalsfodral","22":"first","23":"instock","24":"virtual","25":"taxable","26":"purchasable","27":"product-type-bundle"},"bundled_by":[],"bundle_stock_status":"instock","bundle_stock_quantity":"","bundle_virtual":false,"bundle_layout":"default","bundle_add_to_cart_form_location":"default","bundle_editable_in_cart":false,"bundle_sold_individually_context":"product","bundle_item_grouping":"parent","bundle_min_size":"","bundle_max_size":"","bundle_price":{"price":{"min":{"incl_tax":"65","excl_tax":"61.320755"},"max":{"incl_tax":"65","excl_tax":"61.320755"}},"regular_price":{"min":{"incl_tax":"65","excl_tax":"61.320755"},"max":{"incl_tax":"65","excl_tax":"61.320755"}}},"bundled_items":[{"bundled_item_id":22,"product_id":17630,"menu_order":0,"quantity_min":1,"quantity_max":1,"quantity_default":1,"priced_individually":false,"shipped_individually":true,"override_title":false,"title":"M\u00f6nster virkad Virkn\u00e5ls\/Glas\u00f6gonh\u00e5llare","override_description":false,"description":"","optional":false,"hide_thumbnail":false,"discount":"","override_variations":false,"allowed_variations":[],"override_default_variation_attributes":false,"default_variation_attributes":[],"single_product_visibility":"visible","cart_visibility":"visible","order_visibility":"visible","single_product_price_visibility":"visible","cart_price_visibility":"visible","order_price_visibility":"visible","stock_status":"in_stock"},{"bundled_item_id":23,"product_id":18082,"menu_order":1,"quantity_min":1,"quantity_max":1,"quantity_default":1,"priced_individually":false,"shipped_individually":true,"override_title":false,"title":"M\u00f6nster virkat Skrivbordsunderl\u00e4gg Katt","override_description":false,"description":"","optional":false,"hide_thumbnail":false,"discount":"","override_variations":false,"allowed_variations":[],"override_default_variation_attributes":false,"default_variation_attributes":[],"single_product_visibility":"visible","cart_visibility":"visible","order_visibility":"visible","single_product_price_visibility":"visible","cart_price_visibility":"visible","order_price_visibility":"visible","stock_status":"in_stock"}],"bundle_sell_ids":[],"yoast_head":"<!-- This site is optimized with the Yoast SEO plugin v27.0 - https:\/\/yoast.com\/product\/yoast-seo-wordpress\/ -->\n<title>Bundle med virkm\u00f6nster till Glas\u00f6gonh\u00e5llare &amp; Skrivbordsunderl\u00e4gg Katt - EllenKantarellen<\/title>\n<meta name=\"description\" content=\"H\u00e4rlig Alla Hj\u00e4rtans Bundle med 2 virkm\u00f6nster, utskriftbara etiketter samt presentboxar! Allt du beh\u00f6ver till dina k\u00e4rleksfullt handgjorda g\u00e5vor!\" \/>\n<meta name=\"robots\" content=\"index, follow, max-snippet:-1, max-image-preview:large, max-video-preview:-1\" \/>\n<link rel=\"canonical\" href=\"https:\/\/www.ellenkantarellen.se\/en\/product-2\/bundle-med-virkmonster-till-glasogonhallare-skrivbordsunderlagg-katt\/\" \/>\n<meta property=\"og:locale\" content=\"en_GB\" \/>\n<meta property=\"og:type\" content=\"article\" \/>\n<meta property=\"og:title\" content=\"Bundle med virkm\u00f6nster till Glas\u00f6gonh\u00e5llare &amp; Skrivbordsunderl\u00e4gg Katt - EllenKantarellen\" \/>\n<meta property=\"og:description\" content=\"H\u00e4rlig Alla Hj\u00e4rtans Bundle med 2 virkm\u00f6nster, utskriftbara etiketter samt presentboxar! Allt du beh\u00f6ver till dina k\u00e4rleksfullt handgjorda g\u00e5vor!\" \/>\n<meta property=\"og:url\" content=\"https:\/\/www.ellenkantarellen.se\/en\/product-2\/bundle-med-virkmonster-till-glasogonhallare-skrivbordsunderlagg-katt\/\" \/>\n<meta property=\"og:site_name\" content=\"EllenKantarellen\" \/>\n<meta property=\"article:modified_time\" content=\"2025-02-25T18:07:44+00:00\" \/>\n<meta property=\"og:image\" content=\"https:\/\/www.ellenkantarellen.se\/wp-content\/uploads\/2025\/02\/produktfoton-2025-02-25T190452.880.png\" \/>\n\t<meta property=\"og:image:width\" content=\"1080\" \/>\n\t<meta property=\"og:image:height\" content=\"1080\" \/>\n\t<meta property=\"og:image:type\" content=\"image\/png\" \/>\n<meta name=\"twitter:card\" content=\"summary_large_image\" \/>\n<meta name=\"twitter:label1\" content=\"Estimated reading time\" \/>\n\t<meta name=\"twitter:data1\" content=\"1 minute\" \/>\n<script type=\"application\/ld+json\" class=\"yoast-schema-graph\">{\"@context\":\"https:\/\/schema.org\",\"@graph\":[{\"@type\":\"WebPage\",\"@id\":\"https:\/\/www.ellenkantarellen.se\/produkt\/bundle-med-virkmonster-till-glasogonhallare-skrivbordsunderlagg-katt\/\",\"url\":\"https:\/\/www.ellenkantarellen.se\/produkt\/bundle-med-virkmonster-till-glasogonhallare-skrivbordsunderlagg-katt\/\",\"name\":\"Bundle med virkm\u00f6nster till Glas\u00f6gonh\u00e5llare & Skrivbordsunderl\u00e4gg Katt - EllenKantarellen\",\"isPartOf\":{\"@id\":\"https:\/\/www.ellenkantarellen.se\/#website\"},\"primaryImageOfPage\":{\"@id\":\"https:\/\/www.ellenkantarellen.se\/produkt\/bundle-med-virkmonster-till-glasogonhallare-skrivbordsunderlagg-katt\/#primaryimage\"},\"image\":{\"@id\":\"https:\/\/www.ellenkantarellen.se\/produkt\/bundle-med-virkmonster-till-glasogonhallare-skrivbordsunderlagg-katt\/#primaryimage\"},\"thumbnailUrl\":\"https:\/\/www.ellenkantarellen.se\/wp-content\/uploads\/2025\/02\/produktfoton-2025-02-25T190452.880.png\",\"datePublished\":\"2025-02-25T17:20:32+00:00\",\"dateModified\":\"2025-02-25T18:07:44+00:00\",\"description\":\"H\u00e4rlig Alla Hj\u00e4rtans Bundle med 2 virkm\u00f6nster, utskriftbara etiketter samt presentboxar! Allt du beh\u00f6ver till dina k\u00e4rleksfullt handgjorda g\u00e5vor!\",\"breadcrumb\":{\"@id\":\"https:\/\/www.ellenkantarellen.se\/produkt\/bundle-med-virkmonster-till-glasogonhallare-skrivbordsunderlagg-katt\/#breadcrumb\"},\"inLanguage\":\"en-GB\",\"potentialAction\":[{\"@type\":\"ReadAction\",\"target\":[\"https:\/\/www.ellenkantarellen.se\/produkt\/bundle-med-virkmonster-till-glasogonhallare-skrivbordsunderlagg-katt\/\"]}]},{\"@type\":\"ImageObject\",\"inLanguage\":\"en-GB\",\"@id\":\"https:\/\/www.ellenkantarellen.se\/produkt\/bundle-med-virkmonster-till-glasogonhallare-skrivbordsunderlagg-katt\/#primaryimage\",\"url\":\"https:\/\/www.ellenkantarellen.se\/wp-content\/uploads\/2025\/02\/produktfoton-2025-02-25T190452.880.png\",\"contentUrl\":\"https:\/\/www.ellenkantarellen.se\/wp-content\/uploads\/2025\/02\/produktfoton-2025-02-25T190452.880.png\",\"width\":1080,\"height\":1080},{\"@type\":\"BreadcrumbList\",\"@id\":\"https:\/\/www.ellenkantarellen.se\/produkt\/bundle-med-virkmonster-till-glasogonhallare-skrivbordsunderlagg-katt\/#breadcrumb\",\"itemListElement\":[{\"@type\":\"ListItem\",\"position\":1,\"name\":\"Hem\",\"item\":\"https:\/\/www.ellenkantarellen.se\/\"},{\"@type\":\"ListItem\",\"position\":2,\"name\":\"Aff\u00e4r\",\"item\":\"https:\/\/www.ellenkantarellen.se\/affar\/\"},{\"@type\":\"ListItem\",\"position\":3,\"name\":\"Bundle med virkm\u00f6nster till Glas\u00f6gonh\u00e5llare &#038; Skrivbordsunderl\u00e4gg Katt\"}]},{\"@type\":\"WebSite\",\"@id\":\"https:\/\/www.ellenkantarellen.se\/#website\",\"url\":\"https:\/\/www.ellenkantarellen.se\/\",\"name\":\"EllenKantarellen\",\"description\":\"\",\"publisher\":{\"@id\":\"https:\/\/www.ellenkantarellen.se\/#organization\"},\"potentialAction\":[{\"@type\":\"SearchAction\",\"target\":{\"@type\":\"EntryPoint\",\"urlTemplate\":\"https:\/\/www.ellenkantarellen.se\/?s={search_term_string}\"},\"query-input\":{\"@type\":\"PropertyValueSpecification\",\"valueRequired\":true,\"valueName\":\"search_term_string\"}}],\"inLanguage\":\"en-GB\"},{\"@type\":\"Organization\",\"@id\":\"https:\/\/www.ellenkantarellen.se\/#organization\",\"name\":\"EllenKantarellen\",\"url\":\"https:\/\/www.ellenkantarellen.se\/\",\"logo\":{\"@type\":\"ImageObject\",\"inLanguage\":\"en-GB\",\"@id\":\"https:\/\/www.ellenkantarellen.se\/#\/schema\/logo\/image\/\",\"url\":\"https:\/\/www.ellenkantarellen.se\/wp-content\/uploads\/2021\/09\/ek2.png\",\"contentUrl\":\"https:\/\/www.ellenkantarellen.se\/wp-content\/uploads\/2021\/09\/ek2.png\",\"width\":2232,\"height\":508,\"caption\":\"EllenKantarellen\"},\"image\":{\"@id\":\"https:\/\/www.ellenkantarellen.se\/#\/schema\/logo\/image\/\"}}]}<\/script>\n<!-- \/ Yoast SEO plugin. -->","yoast_head_json":{"title":"Bundle med virkm\u00f6nster till Glas\u00f6gonh\u00e5llare & Skrivbordsunderl\u00e4gg Katt - EllenKantarellen","description":"H\u00e4rlig Alla Hj\u00e4rtans Bundle med 2 virkm\u00f6nster, utskriftbara etiketter samt presentboxar! Allt du beh\u00f6ver till dina k\u00e4rleksfullt handgjorda g\u00e5vor!","robots":{"index":"index","follow":"follow","max-snippet":"max-snippet:-1","max-image-preview":"max-image-preview:large","max-video-preview":"max-video-preview:-1"},"canonical":"https:\/\/www.ellenkantarellen.se\/en\/product-2\/bundle-med-virkmonster-till-glasogonhallare-skrivbordsunderlagg-katt\/","og_locale":"en_GB","og_type":"article","og_title":"Bundle med virkm\u00f6nster till Glas\u00f6gonh\u00e5llare & Skrivbordsunderl\u00e4gg Katt - EllenKantarellen","og_description":"H\u00e4rlig Alla Hj\u00e4rtans Bundle med 2 virkm\u00f6nster, utskriftbara etiketter samt presentboxar! Allt du beh\u00f6ver till dina k\u00e4rleksfullt handgjorda g\u00e5vor!","og_url":"https:\/\/www.ellenkantarellen.se\/en\/product-2\/bundle-med-virkmonster-till-glasogonhallare-skrivbordsunderlagg-katt\/","og_site_name":"EllenKantarellen","article_modified_time":"2025-02-25T18:07:44+00:00","og_image":[{"width":1080,"height":1080,"url":"https:\/\/www.ellenkantarellen.se\/wp-content\/uploads\/2025\/02\/produktfoton-2025-02-25T190452.880.png","type":"image\/png"}],"twitter_card":"summary_large_image","twitter_misc":{"Estimated reading time":"1 minute"},"schema":{"@context":"https:\/\/schema.org","@graph":[{"@type":"WebPage","@id":"https:\/\/www.ellenkantarellen.se\/produkt\/bundle-med-virkmonster-till-glasogonhallare-skrivbordsunderlagg-katt\/","url":"https:\/\/www.ellenkantarellen.se\/produkt\/bundle-med-virkmonster-till-glasogonhallare-skrivbordsunderlagg-katt\/","name":"Bundle med virkm\u00f6nster till Glas\u00f6gonh\u00e5llare & Skrivbordsunderl\u00e4gg Katt - EllenKantarellen","isPartOf":{"@id":"https:\/\/www.ellenkantarellen.se\/#website"},"primaryImageOfPage":{"@id":"https:\/\/www.ellenkantarellen.se\/produkt\/bundle-med-virkmonster-till-glasogonhallare-skrivbordsunderlagg-katt\/#primaryimage"},"image":{"@id":"https:\/\/www.ellenkantarellen.se\/produkt\/bundle-med-virkmonster-till-glasogonhallare-skrivbordsunderlagg-katt\/#primaryimage"},"thumbnailUrl":"https:\/\/www.ellenkantarellen.se\/wp-content\/uploads\/2025\/02\/produktfoton-2025-02-25T190452.880.png","datePublished":"2025-02-25T17:20:32+00:00","dateModified":"2025-02-25T18:07:44+00:00","description":"H\u00e4rlig Alla Hj\u00e4rtans Bundle med 2 virkm\u00f6nster, utskriftbara etiketter samt presentboxar! Allt du beh\u00f6ver till dina k\u00e4rleksfullt handgjorda g\u00e5vor!","breadcrumb":{"@id":"https:\/\/www.ellenkantarellen.se\/produkt\/bundle-med-virkmonster-till-glasogonhallare-skrivbordsunderlagg-katt\/#breadcrumb"},"inLanguage":"en-GB","potentialAction":[{"@type":"ReadAction","target":["https:\/\/www.ellenkantarellen.se\/produkt\/bundle-med-virkmonster-till-glasogonhallare-skrivbordsunderlagg-katt\/"]}]},{"@type":"ImageObject","inLanguage":"en-GB","@id":"https:\/\/www.ellenkantarellen.se\/produkt\/bundle-med-virkmonster-till-glasogonhallare-skrivbordsunderlagg-katt\/#primaryimage","url":"https:\/\/www.ellenkantarellen.se\/wp-content\/uploads\/2025\/02\/produktfoton-2025-02-25T190452.880.png","contentUrl":"https:\/\/www.ellenkantarellen.se\/wp-content\/uploads\/2025\/02\/produktfoton-2025-02-25T190452.880.png","width":1080,"height":1080},{"@type":"BreadcrumbList","@id":"https:\/\/www.ellenkantarellen.se\/produkt\/bundle-med-virkmonster-till-glasogonhallare-skrivbordsunderlagg-katt\/#breadcrumb","itemListElement":[{"@type":"ListItem","position":1,"name":"Hem","item":"https:\/\/www.ellenkantarellen.se\/"},{"@type":"ListItem","position":2,"name":"Aff\u00e4r","item":"https:\/\/www.ellenkantarellen.se\/affar\/"},{"@type":"ListItem","position":3,"name":"Bundle med virkm\u00f6nster till Glas\u00f6gonh\u00e5llare &#038; Skrivbordsunderl\u00e4gg Katt"}]},{"@type":"WebSite","@id":"https:\/\/www.ellenkantarellen.se\/#website","url":"https:\/\/www.ellenkantarellen.se\/","name":"EllenKantarellen","description":"","publisher":{"@id":"https:\/\/www.ellenkantarellen.se\/#organization"},"potentialAction":[{"@type":"SearchAction","target":{"@type":"EntryPoint","urlTemplate":"https:\/\/www.ellenkantarellen.se\/?s={search_term_string}"},"query-input":{"@type":"PropertyValueSpecification","valueRequired":true,"valueName":"search_term_string"}}],"inLanguage":"en-GB"},{"@type":"Organization","@id":"https:\/\/www.ellenkantarellen.se\/#organization","name":"EllenKantarellen","url":"https:\/\/www.ellenkantarellen.se\/","logo":{"@type":"ImageObject","inLanguage":"en-GB","@id":"https:\/\/www.ellenkantarellen.se\/#\/schema\/logo\/image\/","url":"https:\/\/www.ellenkantarellen.se\/wp-content\/uploads\/2021\/09\/ek2.png","contentUrl":"https:\/\/www.ellenkantarellen.se\/wp-content\/uploads\/2021\/09\/ek2.png","width":2232,"height":508,"caption":"EllenKantarellen"},"image":{"@id":"https:\/\/www.ellenkantarellen.se\/#\/schema\/logo\/image\/"}}]}},"_links":{"self":[{"href":"https:\/\/www.ellenkantarellen.se\/en\/wp-json\/wp\/v2\/product\/18090","targetHints":{"allow":["GET"]}}],"collection":[{"href":"https:\/\/www.ellenkantarellen.se\/en\/wp-json\/wp\/v2\/product"}],"about":[{"href":"https:\/\/www.ellenkantarellen.se\/en\/wp-json\/wp\/v2\/types\/product"}],"replies":[{"embeddable":true,"href":"https:\/\/www.ellenkantarellen.se\/en\/wp-json\/wp\/v2\/comments?post=18090"}],"wp:featuredmedia":[{"embeddable":true,"href":"https:\/\/www.ellenkantarellen.se\/en\/wp-json\/wp\/v2\/media\/18094"}],"wp:attachment":[{"href":"https:\/\/www.ellenkantarellen.se\/en\/wp-json\/wp\/v2\/media?parent=18090"}],"wp:term":[{"taxonomy":"product_brand","embeddable":true,"href":"https:\/\/www.ellenkantarellen.se\/en\/wp-json\/wp\/v2\/product_brand?post=18090"},{"taxonomy":"product_cat","embeddable":true,"href":"https:\/\/www.ellenkantarellen.se\/en\/wp-json\/wp\/v2\/product_cat?post=18090"},{"taxonomy":"product_tag","embeddable":true,"href":"https:\/\/www.ellenkantarellen.se\/en\/wp-json\/wp\/v2\/product_tag?post=18090"}],"curies":[{"name":"wp","href":"https:\/\/api.w.org\/{rel}","templated":true}]}}