{"id":18307,"date":"2025-03-09T21:24:53","date_gmt":"2025-03-09T20:24:53","guid":{"rendered":"https:\/\/www.ellenkantarellen.se\/?post_type=product&#038;p=18307"},"modified":"2025-03-09T21:35:26","modified_gmt":"2025-03-09T20:35:26","slug":"virkmonster-kanin-aggkopp","status":"publish","type":"product","link":"https:\/\/www.ellenkantarellen.se\/en\/produkt\/virkmonster-kanin-aggkopp\/","title":{"rendered":"Virkm\u00f6nster Kanin \u00c4ggkopp"},"content":{"rendered":"<p>Virkm\u00f6nster p\u00e5 supergulliga virkade Kanin-\u00e4ggkoppar! Virkad i 8\/4 eller 8\/8 bomullsgarn och \u00e4r ett snabbt projekt att virka! M\u00f6nstret kommer med text och m\u00e5nga bilder och f\u00f6rklaringar f\u00f6r att g\u00f6ra det s\u00e5 enkelt som m\u00f6jligt! S\u00e5\u00e5 s\u00f6ta p\u00e5 frukostbordet! B\u00e4sta g\u00e5 bort presenten n\u00e4r du \u00e4r bjuden p\u00e5 P\u00e5skbord&#8230;&#8230;eller till alla som \u00e4lskar P\u00e5skharar eller Kaniner (och vem g\u00f6r inte det?)! Passar perfekt till Kinder\u00e4gg! Kaninen blir cirka 10,5 cm h\u00f6g inklusive \u00f6ron!<\/p>","protected":false},"excerpt":{"rendered":"<p><em>Virkm\u00f6nster p\u00e5 supergulliga virkade P\u00e5skkanin-\u00e4ggkoppar! <\/em><strong><em>N\u00e4r du betalat f\u00f6r m\u00f6nstret kommer du automatiskt att kunna ladda ner din PDF-fil med ditt nya supers\u00f6ta m\u00f6nster som kommer i mejl till dig!<\/em><\/strong><\/p>","protected":false},"featured_media":18309,"comment_status":"open","ping_status":"closed","template":"","meta":[],"product_brand":[],"product_cat":[458,459],"product_tag":[539,538,544,1130,348,1132,525,893,543,232,355,894,1131,1133],"class_list":{"0":"post-18307","1":"product","2":"type-product","3":"status-publish","4":"has-post-thumbnail","6":"product_cat-ovriga-monster","7":"product_cat-paskmonster","8":"product_tag-monster-inredning","9":"product_tag-monster-virkat-kok","10":"product_tag-monster-virkat-till-pask","11":"product_tag-virkad-aggkopp","12":"product_tag-virkad-kanin","13":"product_tag-virkad-kanin-aggkopp","14":"product_tag-virkad-paskhare","15":"product_tag-virkad-paskkanin","16":"product_tag-virkat-till-pask","17":"product_tag-virkmonster-kanin","18":"product_tag-virkmonster-pask","19":"product_tag-virkmonster-paskkanin","20":"product_tag-virmonster-aggkopp","21":"product_tag-virmonster-kanin-aggkopp","23":"first","24":"instock","25":"downloadable","26":"virtual","27":"taxable","28":"purchasable","29":"product-type-simple"},"bundled_by":[],"bundle_stock_status":"instock","bundle_stock_quantity":null,"bundle_virtual":false,"bundle_layout":"","bundle_add_to_cart_form_location":"","bundle_editable_in_cart":false,"bundle_sold_individually_context":"","bundle_item_grouping":"","bundle_min_size":"","bundle_max_size":"","bundle_price":[],"bundled_items":[],"bundle_sell_ids":[],"yoast_head":"<!-- This site is optimized with the Yoast SEO plugin v27.0 - https:\/\/yoast.com\/product\/yoast-seo-wordpress\/ -->\n<title>Virkm\u00f6nster Kanin \u00c4ggkopp - EllenKantarellen<\/title>\n<meta name=\"description\" content=\"Virkm\u00f6nster p\u00e5 supergulliga virkade Kanin-\u00e4ggkoppar! S\u00e5\u00e5 s\u00f6t p\u00e5 frukostbordet eller som present! Passar perfekt till Kinder\u00e4gg!\" \/>\n<meta name=\"robots\" content=\"index, follow, max-snippet:-1, max-image-preview:large, max-video-preview:-1\" \/>\n<link rel=\"canonical\" href=\"https:\/\/www.ellenkantarellen.se\/en\/product-2\/virkmonster-kanin-aggkopp\/\" \/>\n<meta property=\"og:locale\" content=\"en_GB\" \/>\n<meta property=\"og:type\" content=\"article\" \/>\n<meta property=\"og:title\" content=\"Virkm\u00f6nster Kanin \u00c4ggkopp - EllenKantarellen\" \/>\n<meta property=\"og:description\" content=\"Virkm\u00f6nster p\u00e5 supergulliga virkade Kanin-\u00e4ggkoppar! S\u00e5\u00e5 s\u00f6t p\u00e5 frukostbordet eller som present! Passar perfekt till Kinder\u00e4gg!\" \/>\n<meta property=\"og:url\" content=\"https:\/\/www.ellenkantarellen.se\/en\/product-2\/virkmonster-kanin-aggkopp\/\" \/>\n<meta property=\"og:site_name\" content=\"EllenKantarellen\" \/>\n<meta property=\"article:modified_time\" content=\"2025-03-09T20:35:26+00:00\" \/>\n<meta property=\"og:image\" content=\"https:\/\/www.ellenkantarellen.se\/wp-content\/uploads\/2025\/03\/produktfoton-2025-03-09T205329.310.png\" \/>\n\t<meta property=\"og:image:width\" content=\"1080\" \/>\n\t<meta property=\"og:image:height\" content=\"1080\" \/>\n\t<meta property=\"og:image:type\" content=\"image\/png\" \/>\n<meta name=\"twitter:card\" content=\"summary_large_image\" \/>\n<meta name=\"twitter:label1\" content=\"Estimated reading time\" \/>\n\t<meta name=\"twitter:data1\" content=\"1 minute\" \/>\n<script type=\"application\/ld+json\" class=\"yoast-schema-graph\">{\"@context\":\"https:\/\/schema.org\",\"@graph\":[{\"@type\":\"WebPage\",\"@id\":\"https:\/\/www.ellenkantarellen.se\/produkt\/virkmonster-kanin-aggkopp\/\",\"url\":\"https:\/\/www.ellenkantarellen.se\/produkt\/virkmonster-kanin-aggkopp\/\",\"name\":\"Virkm\u00f6nster Kanin \u00c4ggkopp - EllenKantarellen\",\"isPartOf\":{\"@id\":\"https:\/\/www.ellenkantarellen.se\/#website\"},\"primaryImageOfPage\":{\"@id\":\"https:\/\/www.ellenkantarellen.se\/produkt\/virkmonster-kanin-aggkopp\/#primaryimage\"},\"image\":{\"@id\":\"https:\/\/www.ellenkantarellen.se\/produkt\/virkmonster-kanin-aggkopp\/#primaryimage\"},\"thumbnailUrl\":\"https:\/\/www.ellenkantarellen.se\/wp-content\/uploads\/2025\/03\/produktfoton-2025-03-09T205329.310.png\",\"datePublished\":\"2025-03-09T20:24:53+00:00\",\"dateModified\":\"2025-03-09T20:35:26+00:00\",\"description\":\"Virkm\u00f6nster p\u00e5 supergulliga virkade Kanin-\u00e4ggkoppar! S\u00e5\u00e5 s\u00f6t p\u00e5 frukostbordet eller som present! Passar perfekt till Kinder\u00e4gg!\",\"breadcrumb\":{\"@id\":\"https:\/\/www.ellenkantarellen.se\/produkt\/virkmonster-kanin-aggkopp\/#breadcrumb\"},\"inLanguage\":\"en-GB\",\"potentialAction\":[{\"@type\":\"ReadAction\",\"target\":[\"https:\/\/www.ellenkantarellen.se\/produkt\/virkmonster-kanin-aggkopp\/\"]}]},{\"@type\":\"ImageObject\",\"inLanguage\":\"en-GB\",\"@id\":\"https:\/\/www.ellenkantarellen.se\/produkt\/virkmonster-kanin-aggkopp\/#primaryimage\",\"url\":\"https:\/\/www.ellenkantarellen.se\/wp-content\/uploads\/2025\/03\/produktfoton-2025-03-09T205329.310.png\",\"contentUrl\":\"https:\/\/www.ellenkantarellen.se\/wp-content\/uploads\/2025\/03\/produktfoton-2025-03-09T205329.310.png\",\"width\":1080,\"height\":1080},{\"@type\":\"BreadcrumbList\",\"@id\":\"https:\/\/www.ellenkantarellen.se\/produkt\/virkmonster-kanin-aggkopp\/#breadcrumb\",\"itemListElement\":[{\"@type\":\"ListItem\",\"position\":1,\"name\":\"Hem\",\"item\":\"https:\/\/www.ellenkantarellen.se\/\"},{\"@type\":\"ListItem\",\"position\":2,\"name\":\"Aff\u00e4r\",\"item\":\"https:\/\/www.ellenkantarellen.se\/affar\/\"},{\"@type\":\"ListItem\",\"position\":3,\"name\":\"Virkm\u00f6nster Kanin \u00c4ggkopp\"}]},{\"@type\":\"WebSite\",\"@id\":\"https:\/\/www.ellenkantarellen.se\/#website\",\"url\":\"https:\/\/www.ellenkantarellen.se\/\",\"name\":\"EllenKantarellen\",\"description\":\"\",\"publisher\":{\"@id\":\"https:\/\/www.ellenkantarellen.se\/#organization\"},\"potentialAction\":[{\"@type\":\"SearchAction\",\"target\":{\"@type\":\"EntryPoint\",\"urlTemplate\":\"https:\/\/www.ellenkantarellen.se\/?s={search_term_string}\"},\"query-input\":{\"@type\":\"PropertyValueSpecification\",\"valueRequired\":true,\"valueName\":\"search_term_string\"}}],\"inLanguage\":\"en-GB\"},{\"@type\":\"Organization\",\"@id\":\"https:\/\/www.ellenkantarellen.se\/#organization\",\"name\":\"EllenKantarellen\",\"url\":\"https:\/\/www.ellenkantarellen.se\/\",\"logo\":{\"@type\":\"ImageObject\",\"inLanguage\":\"en-GB\",\"@id\":\"https:\/\/www.ellenkantarellen.se\/#\/schema\/logo\/image\/\",\"url\":\"https:\/\/www.ellenkantarellen.se\/wp-content\/uploads\/2021\/09\/ek2.png\",\"contentUrl\":\"https:\/\/www.ellenkantarellen.se\/wp-content\/uploads\/2021\/09\/ek2.png\",\"width\":2232,\"height\":508,\"caption\":\"EllenKantarellen\"},\"image\":{\"@id\":\"https:\/\/www.ellenkantarellen.se\/#\/schema\/logo\/image\/\"}}]}<\/script>\n<!-- \/ Yoast SEO plugin. -->","yoast_head_json":{"title":"Virkm\u00f6nster Kanin \u00c4ggkopp - EllenKantarellen","description":"Virkm\u00f6nster p\u00e5 supergulliga virkade Kanin-\u00e4ggkoppar! S\u00e5\u00e5 s\u00f6t p\u00e5 frukostbordet eller som present! Passar perfekt till Kinder\u00e4gg!","robots":{"index":"index","follow":"follow","max-snippet":"max-snippet:-1","max-image-preview":"max-image-preview:large","max-video-preview":"max-video-preview:-1"},"canonical":"https:\/\/www.ellenkantarellen.se\/en\/product-2\/virkmonster-kanin-aggkopp\/","og_locale":"en_GB","og_type":"article","og_title":"Virkm\u00f6nster Kanin \u00c4ggkopp - EllenKantarellen","og_description":"Virkm\u00f6nster p\u00e5 supergulliga virkade Kanin-\u00e4ggkoppar! S\u00e5\u00e5 s\u00f6t p\u00e5 frukostbordet eller som present! Passar perfekt till Kinder\u00e4gg!","og_url":"https:\/\/www.ellenkantarellen.se\/en\/product-2\/virkmonster-kanin-aggkopp\/","og_site_name":"EllenKantarellen","article_modified_time":"2025-03-09T20:35:26+00:00","og_image":[{"width":1080,"height":1080,"url":"https:\/\/www.ellenkantarellen.se\/wp-content\/uploads\/2025\/03\/produktfoton-2025-03-09T205329.310.png","type":"image\/png"}],"twitter_card":"summary_large_image","twitter_misc":{"Estimated reading time":"1 minute"},"schema":{"@context":"https:\/\/schema.org","@graph":[{"@type":"WebPage","@id":"https:\/\/www.ellenkantarellen.se\/produkt\/virkmonster-kanin-aggkopp\/","url":"https:\/\/www.ellenkantarellen.se\/produkt\/virkmonster-kanin-aggkopp\/","name":"Virkm\u00f6nster Kanin \u00c4ggkopp - EllenKantarellen","isPartOf":{"@id":"https:\/\/www.ellenkantarellen.se\/#website"},"primaryImageOfPage":{"@id":"https:\/\/www.ellenkantarellen.se\/produkt\/virkmonster-kanin-aggkopp\/#primaryimage"},"image":{"@id":"https:\/\/www.ellenkantarellen.se\/produkt\/virkmonster-kanin-aggkopp\/#primaryimage"},"thumbnailUrl":"https:\/\/www.ellenkantarellen.se\/wp-content\/uploads\/2025\/03\/produktfoton-2025-03-09T205329.310.png","datePublished":"2025-03-09T20:24:53+00:00","dateModified":"2025-03-09T20:35:26+00:00","description":"Virkm\u00f6nster p\u00e5 supergulliga virkade Kanin-\u00e4ggkoppar! S\u00e5\u00e5 s\u00f6t p\u00e5 frukostbordet eller som present! Passar perfekt till Kinder\u00e4gg!","breadcrumb":{"@id":"https:\/\/www.ellenkantarellen.se\/produkt\/virkmonster-kanin-aggkopp\/#breadcrumb"},"inLanguage":"en-GB","potentialAction":[{"@type":"ReadAction","target":["https:\/\/www.ellenkantarellen.se\/produkt\/virkmonster-kanin-aggkopp\/"]}]},{"@type":"ImageObject","inLanguage":"en-GB","@id":"https:\/\/www.ellenkantarellen.se\/produkt\/virkmonster-kanin-aggkopp\/#primaryimage","url":"https:\/\/www.ellenkantarellen.se\/wp-content\/uploads\/2025\/03\/produktfoton-2025-03-09T205329.310.png","contentUrl":"https:\/\/www.ellenkantarellen.se\/wp-content\/uploads\/2025\/03\/produktfoton-2025-03-09T205329.310.png","width":1080,"height":1080},{"@type":"BreadcrumbList","@id":"https:\/\/www.ellenkantarellen.se\/produkt\/virkmonster-kanin-aggkopp\/#breadcrumb","itemListElement":[{"@type":"ListItem","position":1,"name":"Hem","item":"https:\/\/www.ellenkantarellen.se\/"},{"@type":"ListItem","position":2,"name":"Aff\u00e4r","item":"https:\/\/www.ellenkantarellen.se\/affar\/"},{"@type":"ListItem","position":3,"name":"Virkm\u00f6nster Kanin \u00c4ggkopp"}]},{"@type":"WebSite","@id":"https:\/\/www.ellenkantarellen.se\/#website","url":"https:\/\/www.ellenkantarellen.se\/","name":"EllenKantarellen","description":"","publisher":{"@id":"https:\/\/www.ellenkantarellen.se\/#organization"},"potentialAction":[{"@type":"SearchAction","target":{"@type":"EntryPoint","urlTemplate":"https:\/\/www.ellenkantarellen.se\/?s={search_term_string}"},"query-input":{"@type":"PropertyValueSpecification","valueRequired":true,"valueName":"search_term_string"}}],"inLanguage":"en-GB"},{"@type":"Organization","@id":"https:\/\/www.ellenkantarellen.se\/#organization","name":"EllenKantarellen","url":"https:\/\/www.ellenkantarellen.se\/","logo":{"@type":"ImageObject","inLanguage":"en-GB","@id":"https:\/\/www.ellenkantarellen.se\/#\/schema\/logo\/image\/","url":"https:\/\/www.ellenkantarellen.se\/wp-content\/uploads\/2021\/09\/ek2.png","contentUrl":"https:\/\/www.ellenkantarellen.se\/wp-content\/uploads\/2021\/09\/ek2.png","width":2232,"height":508,"caption":"EllenKantarellen"},"image":{"@id":"https:\/\/www.ellenkantarellen.se\/#\/schema\/logo\/image\/"}}]}},"_links":{"self":[{"href":"https:\/\/www.ellenkantarellen.se\/en\/wp-json\/wp\/v2\/product\/18307","targetHints":{"allow":["GET"]}}],"collection":[{"href":"https:\/\/www.ellenkantarellen.se\/en\/wp-json\/wp\/v2\/product"}],"about":[{"href":"https:\/\/www.ellenkantarellen.se\/en\/wp-json\/wp\/v2\/types\/product"}],"replies":[{"embeddable":true,"href":"https:\/\/www.ellenkantarellen.se\/en\/wp-json\/wp\/v2\/comments?post=18307"}],"wp:featuredmedia":[{"embeddable":true,"href":"https:\/\/www.ellenkantarellen.se\/en\/wp-json\/wp\/v2\/media\/18309"}],"wp:attachment":[{"href":"https:\/\/www.ellenkantarellen.se\/en\/wp-json\/wp\/v2\/media?parent=18307"}],"wp:term":[{"taxonomy":"product_brand","embeddable":true,"href":"https:\/\/www.ellenkantarellen.se\/en\/wp-json\/wp\/v2\/product_brand?post=18307"},{"taxonomy":"product_cat","embeddable":true,"href":"https:\/\/www.ellenkantarellen.se\/en\/wp-json\/wp\/v2\/product_cat?post=18307"},{"taxonomy":"product_tag","embeddable":true,"href":"https:\/\/www.ellenkantarellen.se\/en\/wp-json\/wp\/v2\/product_tag?post=18307"}],"curies":[{"name":"wp","href":"https:\/\/api.w.org\/{rel}","templated":true}]}}