{"id":18523,"date":"2025-03-16T09:30:20","date_gmt":"2025-03-16T08:30:20","guid":{"rendered":"https:\/\/www.ellenkantarellen.se\/?post_type=product&#038;p=18523"},"modified":"2025-03-28T14:56:46","modified_gmt":"2025-03-28T13:56:46","slug":"utskriftbara-forpackningar-till-paskunderlagg","status":"publish","type":"product","link":"https:\/\/www.ellenkantarellen.se\/en\/produkt\/utskriftbara-forpackningar-till-paskunderlagg\/","title":{"rendered":"Utskriftbara f\u00f6rpackningar till P\u00e5skunderl\u00e4gg"},"content":{"rendered":"<p>\ud83c\udf38 Utskriftbara f\u00f6rpackningar till P\u00e5sk-underl\u00e4gg i PDF-format att skriva ut och l\u00e4gga dina handgjorda Glasunderl\u00e4gg i!<\/p>\n<p>\ud83c\udf38 Paketet inneh\u00e5ller 2 digitala nedladdningsbara utskrifter med 2 olika utseenden p\u00e5 f\u00f6rpackningarna till dina Underl\u00e4gg som g\u00f6r det d\u00e4r lilla extra!\ud83c\udf38<\/p>\n<p>\ud83c\udf38 Dessa f\u00f6rpackningar kommer att f\u00e5 dina egna produkter att se mer proffsiga ut. Perfekt om du ska ge bort eller s\u00e4lja p\u00e5 marknad eller liknande! Skriv ut, klipp ut, klistra och montera samt skriv i pris om \u00f6nskas och markera r\u00e4tt tv\u00e4ttsymbol &#8211; sedan \u00e4r du redo!<\/p>\n<p>++++++++ DETAILS ++++++++<\/p>\n<p>Fil typ: Utskriftbar PDF inneh\u00e5llande 2 sidor<\/p>","protected":false},"excerpt":{"rendered":"<p><em>\ud83c\udf38 Utskriftbara f\u00f6rpackningar till \ud83d\udc23P\u00e5sk-underl\u00e4gg i PDF-format att skriva ut och l\u00e4gga dina handgjorda Glasunderl\u00e4gg i! <\/em><strong><em>N\u00e4r du betalat f\u00f6r f\u00f6rpackningarna kommer du automatiskt att kunna ladda ner din PDF-fil med dina nya fina mallar som kommer i mejl till dig!<\/em><\/strong><\/p>","protected":false},"featured_media":18527,"comment_status":"open","ping_status":"closed","template":"","meta":[],"product_brand":[],"product_cat":[703],"product_tag":[1075,1095,1094,802,1091,1093,544,1092,720,543],"class_list":{"0":"post-18523","1":"product","2":"type-product","3":"status-publish","4":"has-post-thumbnail","6":"product_cat-etiketter","7":"product_tag-eitketter-handmade","8":"product_tag-etiketter-till-handgjorda-underlagg","9":"product_tag-etiketter-till-virkade-underlagg","10":"product_tag-etiketter-till-virkat","11":"product_tag-forpackning-till-underlagg","12":"product_tag-forpackning-till-virkade-underlagg","13":"product_tag-monster-virkat-till-pask","14":"product_tag-utskriftbara-forpackningar-till-underlagg","15":"product_tag-virkade-underlagg","16":"product_tag-virkat-till-pask","18":"first","19":"instock","20":"downloadable","21":"virtual","22":"taxable","23":"purchasable","24":"product-type-simple"},"bundled_by":[],"bundle_stock_status":"instock","bundle_stock_quantity":null,"bundle_virtual":false,"bundle_layout":"","bundle_add_to_cart_form_location":"","bundle_editable_in_cart":false,"bundle_sold_individually_context":"","bundle_item_grouping":"","bundle_min_size":"","bundle_max_size":"","bundle_price":[],"bundled_items":[],"bundle_sell_ids":[],"yoast_head":"<!-- This site is optimized with the Yoast SEO plugin v27.0 - https:\/\/yoast.com\/product\/yoast-seo-wordpress\/ -->\n<title>Utskriftbara f\u00f6rpackningar till P\u00e5skunderl\u00e4gg - EllenKantarellen<\/title>\n<meta name=\"description\" content=\"\ud83c\udf38 Utskriftbara f\u00f6rpackningar till P\u00e5sk-underl\u00e4gg i PDF-format att skriva ut och l\u00e4gga dina handgjorda Glasunderl\u00e4gg i!\" \/>\n<meta name=\"robots\" content=\"index, follow, max-snippet:-1, max-image-preview:large, max-video-preview:-1\" \/>\n<link rel=\"canonical\" href=\"https:\/\/www.ellenkantarellen.se\/en\/product-2\/utskriftbara-forpackningar-till-paskunderlagg\/\" \/>\n<meta property=\"og:locale\" content=\"en_GB\" \/>\n<meta property=\"og:type\" content=\"article\" \/>\n<meta property=\"og:title\" content=\"Utskriftbara f\u00f6rpackningar till P\u00e5skunderl\u00e4gg - EllenKantarellen\" \/>\n<meta property=\"og:description\" content=\"\ud83c\udf38 Utskriftbara f\u00f6rpackningar till P\u00e5sk-underl\u00e4gg i PDF-format att skriva ut och l\u00e4gga dina handgjorda Glasunderl\u00e4gg i!\" \/>\n<meta property=\"og:url\" content=\"https:\/\/www.ellenkantarellen.se\/en\/product-2\/utskriftbara-forpackningar-till-paskunderlagg\/\" \/>\n<meta property=\"og:site_name\" content=\"EllenKantarellen\" \/>\n<meta property=\"article:modified_time\" content=\"2025-03-28T13:56:46+00:00\" \/>\n<meta property=\"og:image\" content=\"https:\/\/www.ellenkantarellen.se\/wp-content\/uploads\/2025\/03\/produktfoton-2025-03-16T065842.107.png\" \/>\n\t<meta property=\"og:image:width\" content=\"1080\" \/>\n\t<meta property=\"og:image:height\" content=\"1080\" \/>\n\t<meta property=\"og:image:type\" content=\"image\/png\" \/>\n<meta name=\"twitter:card\" content=\"summary_large_image\" \/>\n<meta name=\"twitter:label1\" content=\"Estimated reading time\" \/>\n\t<meta name=\"twitter:data1\" content=\"1 minute\" \/>\n<script type=\"application\/ld+json\" class=\"yoast-schema-graph\">{\"@context\":\"https:\/\/schema.org\",\"@graph\":[{\"@type\":\"WebPage\",\"@id\":\"https:\/\/www.ellenkantarellen.se\/produkt\/utskriftbara-forpackningar-till-paskunderlagg\/\",\"url\":\"https:\/\/www.ellenkantarellen.se\/produkt\/utskriftbara-forpackningar-till-paskunderlagg\/\",\"name\":\"Utskriftbara f\u00f6rpackningar till P\u00e5skunderl\u00e4gg - EllenKantarellen\",\"isPartOf\":{\"@id\":\"https:\/\/www.ellenkantarellen.se\/#website\"},\"primaryImageOfPage\":{\"@id\":\"https:\/\/www.ellenkantarellen.se\/produkt\/utskriftbara-forpackningar-till-paskunderlagg\/#primaryimage\"},\"image\":{\"@id\":\"https:\/\/www.ellenkantarellen.se\/produkt\/utskriftbara-forpackningar-till-paskunderlagg\/#primaryimage\"},\"thumbnailUrl\":\"https:\/\/www.ellenkantarellen.se\/wp-content\/uploads\/2025\/03\/produktfoton-2025-03-16T065842.107.png\",\"datePublished\":\"2025-03-16T08:30:20+00:00\",\"dateModified\":\"2025-03-28T13:56:46+00:00\",\"description\":\"\ud83c\udf38 Utskriftbara f\u00f6rpackningar till P\u00e5sk-underl\u00e4gg i PDF-format att skriva ut och l\u00e4gga dina handgjorda Glasunderl\u00e4gg i!\",\"breadcrumb\":{\"@id\":\"https:\/\/www.ellenkantarellen.se\/produkt\/utskriftbara-forpackningar-till-paskunderlagg\/#breadcrumb\"},\"inLanguage\":\"en-GB\",\"potentialAction\":[{\"@type\":\"ReadAction\",\"target\":[\"https:\/\/www.ellenkantarellen.se\/produkt\/utskriftbara-forpackningar-till-paskunderlagg\/\"]}]},{\"@type\":\"ImageObject\",\"inLanguage\":\"en-GB\",\"@id\":\"https:\/\/www.ellenkantarellen.se\/produkt\/utskriftbara-forpackningar-till-paskunderlagg\/#primaryimage\",\"url\":\"https:\/\/www.ellenkantarellen.se\/wp-content\/uploads\/2025\/03\/produktfoton-2025-03-16T065842.107.png\",\"contentUrl\":\"https:\/\/www.ellenkantarellen.se\/wp-content\/uploads\/2025\/03\/produktfoton-2025-03-16T065842.107.png\",\"width\":1080,\"height\":1080},{\"@type\":\"BreadcrumbList\",\"@id\":\"https:\/\/www.ellenkantarellen.se\/produkt\/utskriftbara-forpackningar-till-paskunderlagg\/#breadcrumb\",\"itemListElement\":[{\"@type\":\"ListItem\",\"position\":1,\"name\":\"Hem\",\"item\":\"https:\/\/www.ellenkantarellen.se\/\"},{\"@type\":\"ListItem\",\"position\":2,\"name\":\"Aff\u00e4r\",\"item\":\"https:\/\/www.ellenkantarellen.se\/affar\/\"},{\"@type\":\"ListItem\",\"position\":3,\"name\":\"Utskriftbara f\u00f6rpackningar till P\u00e5skunderl\u00e4gg\"}]},{\"@type\":\"WebSite\",\"@id\":\"https:\/\/www.ellenkantarellen.se\/#website\",\"url\":\"https:\/\/www.ellenkantarellen.se\/\",\"name\":\"EllenKantarellen\",\"description\":\"\",\"publisher\":{\"@id\":\"https:\/\/www.ellenkantarellen.se\/#organization\"},\"potentialAction\":[{\"@type\":\"SearchAction\",\"target\":{\"@type\":\"EntryPoint\",\"urlTemplate\":\"https:\/\/www.ellenkantarellen.se\/?s={search_term_string}\"},\"query-input\":{\"@type\":\"PropertyValueSpecification\",\"valueRequired\":true,\"valueName\":\"search_term_string\"}}],\"inLanguage\":\"en-GB\"},{\"@type\":\"Organization\",\"@id\":\"https:\/\/www.ellenkantarellen.se\/#organization\",\"name\":\"EllenKantarellen\",\"url\":\"https:\/\/www.ellenkantarellen.se\/\",\"logo\":{\"@type\":\"ImageObject\",\"inLanguage\":\"en-GB\",\"@id\":\"https:\/\/www.ellenkantarellen.se\/#\/schema\/logo\/image\/\",\"url\":\"https:\/\/www.ellenkantarellen.se\/wp-content\/uploads\/2021\/09\/ek2.png\",\"contentUrl\":\"https:\/\/www.ellenkantarellen.se\/wp-content\/uploads\/2021\/09\/ek2.png\",\"width\":2232,\"height\":508,\"caption\":\"EllenKantarellen\"},\"image\":{\"@id\":\"https:\/\/www.ellenkantarellen.se\/#\/schema\/logo\/image\/\"}}]}<\/script>\n<!-- \/ Yoast SEO plugin. -->","yoast_head_json":{"title":"Utskriftbara f\u00f6rpackningar till P\u00e5skunderl\u00e4gg - EllenKantarellen","description":"\ud83c\udf38 Utskriftbara f\u00f6rpackningar till P\u00e5sk-underl\u00e4gg i PDF-format att skriva ut och l\u00e4gga dina handgjorda Glasunderl\u00e4gg i!","robots":{"index":"index","follow":"follow","max-snippet":"max-snippet:-1","max-image-preview":"max-image-preview:large","max-video-preview":"max-video-preview:-1"},"canonical":"https:\/\/www.ellenkantarellen.se\/en\/product-2\/utskriftbara-forpackningar-till-paskunderlagg\/","og_locale":"en_GB","og_type":"article","og_title":"Utskriftbara f\u00f6rpackningar till P\u00e5skunderl\u00e4gg - EllenKantarellen","og_description":"\ud83c\udf38 Utskriftbara f\u00f6rpackningar till P\u00e5sk-underl\u00e4gg i PDF-format att skriva ut och l\u00e4gga dina handgjorda Glasunderl\u00e4gg i!","og_url":"https:\/\/www.ellenkantarellen.se\/en\/product-2\/utskriftbara-forpackningar-till-paskunderlagg\/","og_site_name":"EllenKantarellen","article_modified_time":"2025-03-28T13:56:46+00:00","og_image":[{"width":1080,"height":1080,"url":"https:\/\/www.ellenkantarellen.se\/wp-content\/uploads\/2025\/03\/produktfoton-2025-03-16T065842.107.png","type":"image\/png"}],"twitter_card":"summary_large_image","twitter_misc":{"Estimated reading time":"1 minute"},"schema":{"@context":"https:\/\/schema.org","@graph":[{"@type":"WebPage","@id":"https:\/\/www.ellenkantarellen.se\/produkt\/utskriftbara-forpackningar-till-paskunderlagg\/","url":"https:\/\/www.ellenkantarellen.se\/produkt\/utskriftbara-forpackningar-till-paskunderlagg\/","name":"Utskriftbara f\u00f6rpackningar till P\u00e5skunderl\u00e4gg - EllenKantarellen","isPartOf":{"@id":"https:\/\/www.ellenkantarellen.se\/#website"},"primaryImageOfPage":{"@id":"https:\/\/www.ellenkantarellen.se\/produkt\/utskriftbara-forpackningar-till-paskunderlagg\/#primaryimage"},"image":{"@id":"https:\/\/www.ellenkantarellen.se\/produkt\/utskriftbara-forpackningar-till-paskunderlagg\/#primaryimage"},"thumbnailUrl":"https:\/\/www.ellenkantarellen.se\/wp-content\/uploads\/2025\/03\/produktfoton-2025-03-16T065842.107.png","datePublished":"2025-03-16T08:30:20+00:00","dateModified":"2025-03-28T13:56:46+00:00","description":"\ud83c\udf38 Utskriftbara f\u00f6rpackningar till P\u00e5sk-underl\u00e4gg i PDF-format att skriva ut och l\u00e4gga dina handgjorda Glasunderl\u00e4gg i!","breadcrumb":{"@id":"https:\/\/www.ellenkantarellen.se\/produkt\/utskriftbara-forpackningar-till-paskunderlagg\/#breadcrumb"},"inLanguage":"en-GB","potentialAction":[{"@type":"ReadAction","target":["https:\/\/www.ellenkantarellen.se\/produkt\/utskriftbara-forpackningar-till-paskunderlagg\/"]}]},{"@type":"ImageObject","inLanguage":"en-GB","@id":"https:\/\/www.ellenkantarellen.se\/produkt\/utskriftbara-forpackningar-till-paskunderlagg\/#primaryimage","url":"https:\/\/www.ellenkantarellen.se\/wp-content\/uploads\/2025\/03\/produktfoton-2025-03-16T065842.107.png","contentUrl":"https:\/\/www.ellenkantarellen.se\/wp-content\/uploads\/2025\/03\/produktfoton-2025-03-16T065842.107.png","width":1080,"height":1080},{"@type":"BreadcrumbList","@id":"https:\/\/www.ellenkantarellen.se\/produkt\/utskriftbara-forpackningar-till-paskunderlagg\/#breadcrumb","itemListElement":[{"@type":"ListItem","position":1,"name":"Hem","item":"https:\/\/www.ellenkantarellen.se\/"},{"@type":"ListItem","position":2,"name":"Aff\u00e4r","item":"https:\/\/www.ellenkantarellen.se\/affar\/"},{"@type":"ListItem","position":3,"name":"Utskriftbara f\u00f6rpackningar till P\u00e5skunderl\u00e4gg"}]},{"@type":"WebSite","@id":"https:\/\/www.ellenkantarellen.se\/#website","url":"https:\/\/www.ellenkantarellen.se\/","name":"EllenKantarellen","description":"","publisher":{"@id":"https:\/\/www.ellenkantarellen.se\/#organization"},"potentialAction":[{"@type":"SearchAction","target":{"@type":"EntryPoint","urlTemplate":"https:\/\/www.ellenkantarellen.se\/?s={search_term_string}"},"query-input":{"@type":"PropertyValueSpecification","valueRequired":true,"valueName":"search_term_string"}}],"inLanguage":"en-GB"},{"@type":"Organization","@id":"https:\/\/www.ellenkantarellen.se\/#organization","name":"EllenKantarellen","url":"https:\/\/www.ellenkantarellen.se\/","logo":{"@type":"ImageObject","inLanguage":"en-GB","@id":"https:\/\/www.ellenkantarellen.se\/#\/schema\/logo\/image\/","url":"https:\/\/www.ellenkantarellen.se\/wp-content\/uploads\/2021\/09\/ek2.png","contentUrl":"https:\/\/www.ellenkantarellen.se\/wp-content\/uploads\/2021\/09\/ek2.png","width":2232,"height":508,"caption":"EllenKantarellen"},"image":{"@id":"https:\/\/www.ellenkantarellen.se\/#\/schema\/logo\/image\/"}}]}},"_links":{"self":[{"href":"https:\/\/www.ellenkantarellen.se\/en\/wp-json\/wp\/v2\/product\/18523","targetHints":{"allow":["GET"]}}],"collection":[{"href":"https:\/\/www.ellenkantarellen.se\/en\/wp-json\/wp\/v2\/product"}],"about":[{"href":"https:\/\/www.ellenkantarellen.se\/en\/wp-json\/wp\/v2\/types\/product"}],"replies":[{"embeddable":true,"href":"https:\/\/www.ellenkantarellen.se\/en\/wp-json\/wp\/v2\/comments?post=18523"}],"wp:featuredmedia":[{"embeddable":true,"href":"https:\/\/www.ellenkantarellen.se\/en\/wp-json\/wp\/v2\/media\/18527"}],"wp:attachment":[{"href":"https:\/\/www.ellenkantarellen.se\/en\/wp-json\/wp\/v2\/media?parent=18523"}],"wp:term":[{"taxonomy":"product_brand","embeddable":true,"href":"https:\/\/www.ellenkantarellen.se\/en\/wp-json\/wp\/v2\/product_brand?post=18523"},{"taxonomy":"product_cat","embeddable":true,"href":"https:\/\/www.ellenkantarellen.se\/en\/wp-json\/wp\/v2\/product_cat?post=18523"},{"taxonomy":"product_tag","embeddable":true,"href":"https:\/\/www.ellenkantarellen.se\/en\/wp-json\/wp\/v2\/product_tag?post=18523"}],"curies":[{"name":"wp","href":"https:\/\/api.w.org\/{rel}","templated":true}]}}