{"id":19638,"date":"2025-05-02T22:15:29","date_gmt":"2025-05-02T20:15:29","guid":{"rendered":"https:\/\/www.ellenkantarellen.se\/?post_type=product&#038;p=19638"},"modified":"2025-12-02T07:10:11","modified_gmt":"2025-12-02T06:10:11","slug":"monster-virkade-nyckelbandet-primrose","status":"publish","type":"product","link":"https:\/\/www.ellenkantarellen.se\/en\/produkt\/monster-virkade-nyckelbandet-primrose\/","title":{"rendered":"M\u00f6nster virkade Nyckelbandet Primrose"},"content":{"rendered":"<p>M\u00f6nster virkade Nyckelbandet Primrose i h\u00e4rliga pastellf\u00e4rger! En supers\u00f6t handledsnyckelband! M\u00f6nster med mycket bilder som passar b\u00e5de dig med lite vana eller som vill \u00f6va p\u00e5 att virka Puffar! Inkluderar 1 sida med hela texten (om du vill skriva ut m\u00f6nstret), 1 del med b\u00e5de text och massor av &#8221;steg f\u00f6r steg&#8221; bilder samt en video!<\/p>\n<p>Beh\u00f6ver du ringar eller karbinhakar hittar du det h\u00e4r! <a href=\"https:\/\/www.ellenkantarellen.se\/en\/product-category-2\/tillbehor\/\">:)<\/a><\/p>","protected":false},"excerpt":{"rendered":"<p><em>M\u00f6nster virkade Nyckelbandet Primrose i h\u00e4rliga pastellf\u00e4rger! <\/em><strong><em>After payment you can instantly download your new pattern! You get an email with a link to the pattern.<\/em><\/strong><\/p>","protected":false},"featured_media":19644,"comment_status":"open","ping_status":"closed","template":"","meta":[],"product_brand":[],"product_cat":[458],"product_tag":[1165,529,1162,1160,528,1167,1166,1164,508,1163,1161],"class_list":{"0":"post-19638","1":"product","2":"type-product","3":"status-publish","4":"has-post-thumbnail","6":"product_cat-ovriga-monster","7":"product_tag-virkad-lanyard","8":"product_tag-virkad-nyckelring","9":"product_tag-virkad-nyckelring-handled","10":"product_tag-virkad-wristlet","11":"product_tag-virkat-nyckelband","12":"product_tag-virkat-till-nycklar","13":"product_tag-virkmonster-lanyard","14":"product_tag-virkmonster-nyckelband","15":"product_tag-virkmonster-nyckelring","16":"product_tag-virkmonster-nyckelring-handled","17":"product_tag-virkmonster-wristlet","19":"first","20":"instock","21":"downloadable","22":"virtual","23":"sold-individually","24":"taxable","25":"purchasable","26":"product-type-simple"},"bundled_by":[],"bundle_stock_status":"instock","bundle_stock_quantity":null,"bundle_virtual":false,"bundle_layout":"","bundle_add_to_cart_form_location":"","bundle_editable_in_cart":false,"bundle_sold_individually_context":"","bundle_item_grouping":"","bundle_min_size":"","bundle_max_size":"","bundle_price":[],"bundled_items":[],"bundle_sell_ids":[],"yoast_head":"<!-- This site is optimized with the Yoast SEO plugin v27.0 - https:\/\/yoast.com\/product\/yoast-seo-wordpress\/ -->\n<title>M\u00f6nster virkade Nyckelbandet Primrose - EllenKantarellen<\/title>\n<meta name=\"description\" content=\"M\u00f6nster virkade Nyckelbandet Primrose i h\u00e4rliga pastellf\u00e4rger! M\u00f6nster som passar dig med lite vana eller som vill \u00f6va p\u00e5 att virka Puffar!\" \/>\n<meta name=\"robots\" content=\"index, follow, max-snippet:-1, max-image-preview:large, max-video-preview:-1\" \/>\n<link rel=\"canonical\" href=\"https:\/\/www.ellenkantarellen.se\/en\/product-2\/monster-virkade-nyckelbandet-primrose\/\" \/>\n<meta property=\"og:locale\" content=\"en_GB\" \/>\n<meta property=\"og:type\" content=\"article\" \/>\n<meta property=\"og:title\" content=\"M\u00f6nster virkade Nyckelbandet Primrose - EllenKantarellen\" \/>\n<meta property=\"og:description\" content=\"M\u00f6nster virkade Nyckelbandet Primrose i h\u00e4rliga pastellf\u00e4rger! M\u00f6nster som passar dig med lite vana eller som vill \u00f6va p\u00e5 att virka Puffar!\" \/>\n<meta property=\"og:url\" content=\"https:\/\/www.ellenkantarellen.se\/en\/product-2\/monster-virkade-nyckelbandet-primrose\/\" \/>\n<meta property=\"og:site_name\" content=\"EllenKantarellen\" \/>\n<meta property=\"article:modified_time\" content=\"2025-12-02T06:10:11+00:00\" \/>\n<meta property=\"og:image\" content=\"https:\/\/www.ellenkantarellen.se\/wp-content\/uploads\/2025\/05\/produktfoton-70-1.jpg\" \/>\n\t<meta property=\"og:image:width\" content=\"1080\" \/>\n\t<meta property=\"og:image:height\" content=\"1080\" \/>\n\t<meta property=\"og:image:type\" content=\"image\/jpeg\" \/>\n<meta name=\"twitter:card\" content=\"summary_large_image\" \/>\n<meta name=\"twitter:label1\" content=\"Estimated reading time\" \/>\n\t<meta name=\"twitter:data1\" content=\"1 minute\" \/>\n<script type=\"application\/ld+json\" class=\"yoast-schema-graph\">{\"@context\":\"https:\/\/schema.org\",\"@graph\":[{\"@type\":\"WebPage\",\"@id\":\"https:\/\/www.ellenkantarellen.se\/produkt\/monster-virkade-nyckelbandet-primrose\/\",\"url\":\"https:\/\/www.ellenkantarellen.se\/produkt\/monster-virkade-nyckelbandet-primrose\/\",\"name\":\"M\u00f6nster virkade Nyckelbandet Primrose - EllenKantarellen\",\"isPartOf\":{\"@id\":\"https:\/\/www.ellenkantarellen.se\/#website\"},\"primaryImageOfPage\":{\"@id\":\"https:\/\/www.ellenkantarellen.se\/produkt\/monster-virkade-nyckelbandet-primrose\/#primaryimage\"},\"image\":{\"@id\":\"https:\/\/www.ellenkantarellen.se\/produkt\/monster-virkade-nyckelbandet-primrose\/#primaryimage\"},\"thumbnailUrl\":\"https:\/\/www.ellenkantarellen.se\/wp-content\/uploads\/2025\/05\/produktfoton-70-1.jpg\",\"datePublished\":\"2025-05-02T20:15:29+00:00\",\"dateModified\":\"2025-12-02T06:10:11+00:00\",\"description\":\"M\u00f6nster virkade Nyckelbandet Primrose i h\u00e4rliga pastellf\u00e4rger! M\u00f6nster som passar dig med lite vana eller som vill \u00f6va p\u00e5 att virka Puffar!\",\"breadcrumb\":{\"@id\":\"https:\/\/www.ellenkantarellen.se\/produkt\/monster-virkade-nyckelbandet-primrose\/#breadcrumb\"},\"inLanguage\":\"en-GB\",\"potentialAction\":[{\"@type\":\"ReadAction\",\"target\":[\"https:\/\/www.ellenkantarellen.se\/produkt\/monster-virkade-nyckelbandet-primrose\/\"]}]},{\"@type\":\"ImageObject\",\"inLanguage\":\"en-GB\",\"@id\":\"https:\/\/www.ellenkantarellen.se\/produkt\/monster-virkade-nyckelbandet-primrose\/#primaryimage\",\"url\":\"https:\/\/www.ellenkantarellen.se\/wp-content\/uploads\/2025\/05\/produktfoton-70-1.jpg\",\"contentUrl\":\"https:\/\/www.ellenkantarellen.se\/wp-content\/uploads\/2025\/05\/produktfoton-70-1.jpg\",\"width\":1080,\"height\":1080},{\"@type\":\"BreadcrumbList\",\"@id\":\"https:\/\/www.ellenkantarellen.se\/produkt\/monster-virkade-nyckelbandet-primrose\/#breadcrumb\",\"itemListElement\":[{\"@type\":\"ListItem\",\"position\":1,\"name\":\"Hem\",\"item\":\"https:\/\/www.ellenkantarellen.se\/\"},{\"@type\":\"ListItem\",\"position\":2,\"name\":\"Aff\u00e4r\",\"item\":\"https:\/\/www.ellenkantarellen.se\/affar\/\"},{\"@type\":\"ListItem\",\"position\":3,\"name\":\"M\u00f6nster virkade Nyckelbandet Primrose\"}]},{\"@type\":\"WebSite\",\"@id\":\"https:\/\/www.ellenkantarellen.se\/#website\",\"url\":\"https:\/\/www.ellenkantarellen.se\/\",\"name\":\"EllenKantarellen\",\"description\":\"\",\"publisher\":{\"@id\":\"https:\/\/www.ellenkantarellen.se\/#organization\"},\"potentialAction\":[{\"@type\":\"SearchAction\",\"target\":{\"@type\":\"EntryPoint\",\"urlTemplate\":\"https:\/\/www.ellenkantarellen.se\/?s={search_term_string}\"},\"query-input\":{\"@type\":\"PropertyValueSpecification\",\"valueRequired\":true,\"valueName\":\"search_term_string\"}}],\"inLanguage\":\"en-GB\"},{\"@type\":\"Organization\",\"@id\":\"https:\/\/www.ellenkantarellen.se\/#organization\",\"name\":\"EllenKantarellen\",\"url\":\"https:\/\/www.ellenkantarellen.se\/\",\"logo\":{\"@type\":\"ImageObject\",\"inLanguage\":\"en-GB\",\"@id\":\"https:\/\/www.ellenkantarellen.se\/#\/schema\/logo\/image\/\",\"url\":\"https:\/\/www.ellenkantarellen.se\/wp-content\/uploads\/2021\/09\/ek2.png\",\"contentUrl\":\"https:\/\/www.ellenkantarellen.se\/wp-content\/uploads\/2021\/09\/ek2.png\",\"width\":2232,\"height\":508,\"caption\":\"EllenKantarellen\"},\"image\":{\"@id\":\"https:\/\/www.ellenkantarellen.se\/#\/schema\/logo\/image\/\"}}]}<\/script>\n<!-- \/ Yoast SEO plugin. -->","yoast_head_json":{"title":"M\u00f6nster virkade Nyckelbandet Primrose - EllenKantarellen","description":"M\u00f6nster virkade Nyckelbandet Primrose i h\u00e4rliga pastellf\u00e4rger! M\u00f6nster som passar dig med lite vana eller som vill \u00f6va p\u00e5 att virka Puffar!","robots":{"index":"index","follow":"follow","max-snippet":"max-snippet:-1","max-image-preview":"max-image-preview:large","max-video-preview":"max-video-preview:-1"},"canonical":"https:\/\/www.ellenkantarellen.se\/en\/product-2\/monster-virkade-nyckelbandet-primrose\/","og_locale":"en_GB","og_type":"article","og_title":"M\u00f6nster virkade Nyckelbandet Primrose - EllenKantarellen","og_description":"M\u00f6nster virkade Nyckelbandet Primrose i h\u00e4rliga pastellf\u00e4rger! M\u00f6nster som passar dig med lite vana eller som vill \u00f6va p\u00e5 att virka Puffar!","og_url":"https:\/\/www.ellenkantarellen.se\/en\/product-2\/monster-virkade-nyckelbandet-primrose\/","og_site_name":"EllenKantarellen","article_modified_time":"2025-12-02T06:10:11+00:00","og_image":[{"width":1080,"height":1080,"url":"https:\/\/www.ellenkantarellen.se\/wp-content\/uploads\/2025\/05\/produktfoton-70-1.jpg","type":"image\/jpeg"}],"twitter_card":"summary_large_image","twitter_misc":{"Estimated reading time":"1 minute"},"schema":{"@context":"https:\/\/schema.org","@graph":[{"@type":"WebPage","@id":"https:\/\/www.ellenkantarellen.se\/produkt\/monster-virkade-nyckelbandet-primrose\/","url":"https:\/\/www.ellenkantarellen.se\/produkt\/monster-virkade-nyckelbandet-primrose\/","name":"M\u00f6nster virkade Nyckelbandet Primrose - EllenKantarellen","isPartOf":{"@id":"https:\/\/www.ellenkantarellen.se\/#website"},"primaryImageOfPage":{"@id":"https:\/\/www.ellenkantarellen.se\/produkt\/monster-virkade-nyckelbandet-primrose\/#primaryimage"},"image":{"@id":"https:\/\/www.ellenkantarellen.se\/produkt\/monster-virkade-nyckelbandet-primrose\/#primaryimage"},"thumbnailUrl":"https:\/\/www.ellenkantarellen.se\/wp-content\/uploads\/2025\/05\/produktfoton-70-1.jpg","datePublished":"2025-05-02T20:15:29+00:00","dateModified":"2025-12-02T06:10:11+00:00","description":"M\u00f6nster virkade Nyckelbandet Primrose i h\u00e4rliga pastellf\u00e4rger! M\u00f6nster som passar dig med lite vana eller som vill \u00f6va p\u00e5 att virka Puffar!","breadcrumb":{"@id":"https:\/\/www.ellenkantarellen.se\/produkt\/monster-virkade-nyckelbandet-primrose\/#breadcrumb"},"inLanguage":"en-GB","potentialAction":[{"@type":"ReadAction","target":["https:\/\/www.ellenkantarellen.se\/produkt\/monster-virkade-nyckelbandet-primrose\/"]}]},{"@type":"ImageObject","inLanguage":"en-GB","@id":"https:\/\/www.ellenkantarellen.se\/produkt\/monster-virkade-nyckelbandet-primrose\/#primaryimage","url":"https:\/\/www.ellenkantarellen.se\/wp-content\/uploads\/2025\/05\/produktfoton-70-1.jpg","contentUrl":"https:\/\/www.ellenkantarellen.se\/wp-content\/uploads\/2025\/05\/produktfoton-70-1.jpg","width":1080,"height":1080},{"@type":"BreadcrumbList","@id":"https:\/\/www.ellenkantarellen.se\/produkt\/monster-virkade-nyckelbandet-primrose\/#breadcrumb","itemListElement":[{"@type":"ListItem","position":1,"name":"Hem","item":"https:\/\/www.ellenkantarellen.se\/"},{"@type":"ListItem","position":2,"name":"Aff\u00e4r","item":"https:\/\/www.ellenkantarellen.se\/affar\/"},{"@type":"ListItem","position":3,"name":"M\u00f6nster virkade Nyckelbandet Primrose"}]},{"@type":"WebSite","@id":"https:\/\/www.ellenkantarellen.se\/#website","url":"https:\/\/www.ellenkantarellen.se\/","name":"EllenKantarellen","description":"","publisher":{"@id":"https:\/\/www.ellenkantarellen.se\/#organization"},"potentialAction":[{"@type":"SearchAction","target":{"@type":"EntryPoint","urlTemplate":"https:\/\/www.ellenkantarellen.se\/?s={search_term_string}"},"query-input":{"@type":"PropertyValueSpecification","valueRequired":true,"valueName":"search_term_string"}}],"inLanguage":"en-GB"},{"@type":"Organization","@id":"https:\/\/www.ellenkantarellen.se\/#organization","name":"EllenKantarellen","url":"https:\/\/www.ellenkantarellen.se\/","logo":{"@type":"ImageObject","inLanguage":"en-GB","@id":"https:\/\/www.ellenkantarellen.se\/#\/schema\/logo\/image\/","url":"https:\/\/www.ellenkantarellen.se\/wp-content\/uploads\/2021\/09\/ek2.png","contentUrl":"https:\/\/www.ellenkantarellen.se\/wp-content\/uploads\/2021\/09\/ek2.png","width":2232,"height":508,"caption":"EllenKantarellen"},"image":{"@id":"https:\/\/www.ellenkantarellen.se\/#\/schema\/logo\/image\/"}}]}},"_links":{"self":[{"href":"https:\/\/www.ellenkantarellen.se\/en\/wp-json\/wp\/v2\/product\/19638","targetHints":{"allow":["GET"]}}],"collection":[{"href":"https:\/\/www.ellenkantarellen.se\/en\/wp-json\/wp\/v2\/product"}],"about":[{"href":"https:\/\/www.ellenkantarellen.se\/en\/wp-json\/wp\/v2\/types\/product"}],"replies":[{"embeddable":true,"href":"https:\/\/www.ellenkantarellen.se\/en\/wp-json\/wp\/v2\/comments?post=19638"}],"wp:featuredmedia":[{"embeddable":true,"href":"https:\/\/www.ellenkantarellen.se\/en\/wp-json\/wp\/v2\/media\/19644"}],"wp:attachment":[{"href":"https:\/\/www.ellenkantarellen.se\/en\/wp-json\/wp\/v2\/media?parent=19638"}],"wp:term":[{"taxonomy":"product_brand","embeddable":true,"href":"https:\/\/www.ellenkantarellen.se\/en\/wp-json\/wp\/v2\/product_brand?post=19638"},{"taxonomy":"product_cat","embeddable":true,"href":"https:\/\/www.ellenkantarellen.se\/en\/wp-json\/wp\/v2\/product_cat?post=19638"},{"taxonomy":"product_tag","embeddable":true,"href":"https:\/\/www.ellenkantarellen.se\/en\/wp-json\/wp\/v2\/product_tag?post=19638"}],"curies":[{"name":"wp","href":"https:\/\/api.w.org\/{rel}","templated":true}]}}