{"id":19699,"date":"2025-05-05T21:11:26","date_gmt":"2025-05-05T19:11:26","guid":{"rendered":"https:\/\/www.ellenkantarellen.se\/?post_type=product&#038;p=19699"},"modified":"2025-05-05T21:30:06","modified_gmt":"2025-05-05T19:30:06","slug":"utskriftbara-etiketter-till-handgjorda-glasogonfodral","status":"publish","type":"product","link":"https:\/\/www.ellenkantarellen.se\/en\/produkt\/utskriftbara-etiketter-till-handgjorda-glasogonfodral\/","title":{"rendered":"Utskriftbara Etiketter till handgjorda Glas\u00f6gonfodral"},"content":{"rendered":"<p>Utskriftbara superfina Etiketter till handgjorda Glas\u00f6gonfodral! Passar perfekt till dina handgjorda glas\u00f6gonfodral som present eller om du vill s\u00e4lja dem! Etiketterna finns med eller utan tv\u00e4ttanvisningar. B\u00e5de att h\u00e4nga eller att s\u00e4tta p\u00e5 kanten samt som glas\u00f6gon att l\u00e4gga i fodralet eller vika p\u00e5 mitten och ha som etikett!<\/p>\n<p>&nbsp;<\/p>","protected":false},"excerpt":{"rendered":"<p><em>Utskriftbara superfina Etiketter till handgjorda Glas\u00f6gonfodral! <\/em><strong><em>N\u00e4r du betalat f\u00f6r m\u00f6nstret kommer du automatiskt att kunna ladda ner din PDF-fil med dina nya fina Etiketter som kommer i mejl till dig!<\/em><\/strong><\/p>","protected":false},"featured_media":19703,"comment_status":"open","ping_status":"closed","template":"","meta":[],"product_brand":[],"product_cat":[703],"product_tag":[1173,1168,1174,802,1171],"class_list":{"0":"post-19699","1":"product","2":"type-product","3":"status-publish","4":"has-post-thumbnail","6":"product_cat-etiketter","7":"product_tag-etiketter-till-glasogonfodral","8":"product_tag-etiketter-till-handgjort","9":"product_tag-etiketter-till-virkade-glasogonfodral","10":"product_tag-etiketter-till-virkat","11":"product_tag-utskriftbara-etiketter-handgjort","13":"first","14":"instock","15":"downloadable","16":"virtual","17":"sold-individually","18":"taxable","19":"purchasable","20":"product-type-simple"},"bundled_by":[],"bundle_stock_status":"instock","bundle_stock_quantity":null,"bundle_virtual":false,"bundle_layout":"","bundle_add_to_cart_form_location":"","bundle_editable_in_cart":false,"bundle_sold_individually_context":"","bundle_item_grouping":"","bundle_min_size":"","bundle_max_size":"","bundle_price":[],"bundled_items":[],"bundle_sell_ids":[],"yoast_head":"<!-- This site is optimized with the Yoast SEO plugin v27.0 - https:\/\/yoast.com\/product\/yoast-seo-wordpress\/ -->\n<title>Utskriftbara Etiketter till handgjorda Glas\u00f6gonfodral - EllenKantarellen<\/title>\n<meta name=\"description\" content=\"Utskriftbara superfina Etiketter till handgjorda Glas\u00f6gonfodral! Passar perfekt till dina handgjorda glas\u00f6gonfodral som present eller om du vill s\u00e4lja dem!\" \/>\n<meta name=\"robots\" content=\"index, follow, max-snippet:-1, max-image-preview:large, max-video-preview:-1\" \/>\n<link rel=\"canonical\" href=\"https:\/\/www.ellenkantarellen.se\/en\/product-2\/utskriftbara-etiketter-till-handgjorda-glasogonfodral\/\" \/>\n<meta property=\"og:locale\" content=\"en_GB\" \/>\n<meta property=\"og:type\" content=\"article\" \/>\n<meta property=\"og:title\" content=\"Utskriftbara Etiketter till handgjorda Glas\u00f6gonfodral - EllenKantarellen\" \/>\n<meta property=\"og:description\" content=\"Utskriftbara superfina Etiketter till handgjorda Glas\u00f6gonfodral! Passar perfekt till dina handgjorda glas\u00f6gonfodral som present eller om du vill s\u00e4lja dem!\" \/>\n<meta property=\"og:url\" content=\"https:\/\/www.ellenkantarellen.se\/en\/product-2\/utskriftbara-etiketter-till-handgjorda-glasogonfodral\/\" \/>\n<meta property=\"og:site_name\" content=\"EllenKantarellen\" \/>\n<meta property=\"article:modified_time\" content=\"2025-05-05T19:30:06+00:00\" \/>\n<meta property=\"og:image\" content=\"https:\/\/www.ellenkantarellen.se\/wp-content\/uploads\/2025\/05\/produktfoton-76.jpg\" \/>\n\t<meta property=\"og:image:width\" content=\"1080\" \/>\n\t<meta property=\"og:image:height\" content=\"1080\" \/>\n\t<meta property=\"og:image:type\" content=\"image\/jpeg\" \/>\n<meta name=\"twitter:card\" content=\"summary_large_image\" \/>\n<meta name=\"twitter:label1\" content=\"Estimated reading time\" \/>\n\t<meta name=\"twitter:data1\" content=\"1 minute\" \/>\n<script type=\"application\/ld+json\" class=\"yoast-schema-graph\">{\"@context\":\"https:\/\/schema.org\",\"@graph\":[{\"@type\":\"WebPage\",\"@id\":\"https:\/\/www.ellenkantarellen.se\/produkt\/utskriftbara-etiketter-till-handgjorda-glasogonfodral\/\",\"url\":\"https:\/\/www.ellenkantarellen.se\/produkt\/utskriftbara-etiketter-till-handgjorda-glasogonfodral\/\",\"name\":\"Utskriftbara Etiketter till handgjorda Glas\u00f6gonfodral - EllenKantarellen\",\"isPartOf\":{\"@id\":\"https:\/\/www.ellenkantarellen.se\/#website\"},\"primaryImageOfPage\":{\"@id\":\"https:\/\/www.ellenkantarellen.se\/produkt\/utskriftbara-etiketter-till-handgjorda-glasogonfodral\/#primaryimage\"},\"image\":{\"@id\":\"https:\/\/www.ellenkantarellen.se\/produkt\/utskriftbara-etiketter-till-handgjorda-glasogonfodral\/#primaryimage\"},\"thumbnailUrl\":\"https:\/\/www.ellenkantarellen.se\/wp-content\/uploads\/2025\/05\/produktfoton-76.jpg\",\"datePublished\":\"2025-05-05T19:11:26+00:00\",\"dateModified\":\"2025-05-05T19:30:06+00:00\",\"description\":\"Utskriftbara superfina Etiketter till handgjorda Glas\u00f6gonfodral! Passar perfekt till dina handgjorda glas\u00f6gonfodral som present eller om du vill s\u00e4lja dem!\",\"breadcrumb\":{\"@id\":\"https:\/\/www.ellenkantarellen.se\/produkt\/utskriftbara-etiketter-till-handgjorda-glasogonfodral\/#breadcrumb\"},\"inLanguage\":\"en-GB\",\"potentialAction\":[{\"@type\":\"ReadAction\",\"target\":[\"https:\/\/www.ellenkantarellen.se\/produkt\/utskriftbara-etiketter-till-handgjorda-glasogonfodral\/\"]}]},{\"@type\":\"ImageObject\",\"inLanguage\":\"en-GB\",\"@id\":\"https:\/\/www.ellenkantarellen.se\/produkt\/utskriftbara-etiketter-till-handgjorda-glasogonfodral\/#primaryimage\",\"url\":\"https:\/\/www.ellenkantarellen.se\/wp-content\/uploads\/2025\/05\/produktfoton-76.jpg\",\"contentUrl\":\"https:\/\/www.ellenkantarellen.se\/wp-content\/uploads\/2025\/05\/produktfoton-76.jpg\",\"width\":1080,\"height\":1080},{\"@type\":\"BreadcrumbList\",\"@id\":\"https:\/\/www.ellenkantarellen.se\/produkt\/utskriftbara-etiketter-till-handgjorda-glasogonfodral\/#breadcrumb\",\"itemListElement\":[{\"@type\":\"ListItem\",\"position\":1,\"name\":\"Hem\",\"item\":\"https:\/\/www.ellenkantarellen.se\/\"},{\"@type\":\"ListItem\",\"position\":2,\"name\":\"Aff\u00e4r\",\"item\":\"https:\/\/www.ellenkantarellen.se\/affar\/\"},{\"@type\":\"ListItem\",\"position\":3,\"name\":\"Utskriftbara Etiketter till handgjorda Glas\u00f6gonfodral\"}]},{\"@type\":\"WebSite\",\"@id\":\"https:\/\/www.ellenkantarellen.se\/#website\",\"url\":\"https:\/\/www.ellenkantarellen.se\/\",\"name\":\"EllenKantarellen\",\"description\":\"\",\"publisher\":{\"@id\":\"https:\/\/www.ellenkantarellen.se\/#organization\"},\"potentialAction\":[{\"@type\":\"SearchAction\",\"target\":{\"@type\":\"EntryPoint\",\"urlTemplate\":\"https:\/\/www.ellenkantarellen.se\/?s={search_term_string}\"},\"query-input\":{\"@type\":\"PropertyValueSpecification\",\"valueRequired\":true,\"valueName\":\"search_term_string\"}}],\"inLanguage\":\"en-GB\"},{\"@type\":\"Organization\",\"@id\":\"https:\/\/www.ellenkantarellen.se\/#organization\",\"name\":\"EllenKantarellen\",\"url\":\"https:\/\/www.ellenkantarellen.se\/\",\"logo\":{\"@type\":\"ImageObject\",\"inLanguage\":\"en-GB\",\"@id\":\"https:\/\/www.ellenkantarellen.se\/#\/schema\/logo\/image\/\",\"url\":\"https:\/\/www.ellenkantarellen.se\/wp-content\/uploads\/2021\/09\/ek2.png\",\"contentUrl\":\"https:\/\/www.ellenkantarellen.se\/wp-content\/uploads\/2021\/09\/ek2.png\",\"width\":2232,\"height\":508,\"caption\":\"EllenKantarellen\"},\"image\":{\"@id\":\"https:\/\/www.ellenkantarellen.se\/#\/schema\/logo\/image\/\"}}]}<\/script>\n<!-- \/ Yoast SEO plugin. -->","yoast_head_json":{"title":"Utskriftbara Etiketter till handgjorda Glas\u00f6gonfodral - EllenKantarellen","description":"Utskriftbara superfina Etiketter till handgjorda Glas\u00f6gonfodral! Passar perfekt till dina handgjorda glas\u00f6gonfodral som present eller om du vill s\u00e4lja dem!","robots":{"index":"index","follow":"follow","max-snippet":"max-snippet:-1","max-image-preview":"max-image-preview:large","max-video-preview":"max-video-preview:-1"},"canonical":"https:\/\/www.ellenkantarellen.se\/en\/product-2\/utskriftbara-etiketter-till-handgjorda-glasogonfodral\/","og_locale":"en_GB","og_type":"article","og_title":"Utskriftbara Etiketter till handgjorda Glas\u00f6gonfodral - EllenKantarellen","og_description":"Utskriftbara superfina Etiketter till handgjorda Glas\u00f6gonfodral! Passar perfekt till dina handgjorda glas\u00f6gonfodral som present eller om du vill s\u00e4lja dem!","og_url":"https:\/\/www.ellenkantarellen.se\/en\/product-2\/utskriftbara-etiketter-till-handgjorda-glasogonfodral\/","og_site_name":"EllenKantarellen","article_modified_time":"2025-05-05T19:30:06+00:00","og_image":[{"width":1080,"height":1080,"url":"https:\/\/www.ellenkantarellen.se\/wp-content\/uploads\/2025\/05\/produktfoton-76.jpg","type":"image\/jpeg"}],"twitter_card":"summary_large_image","twitter_misc":{"Estimated reading time":"1 minute"},"schema":{"@context":"https:\/\/schema.org","@graph":[{"@type":"WebPage","@id":"https:\/\/www.ellenkantarellen.se\/produkt\/utskriftbara-etiketter-till-handgjorda-glasogonfodral\/","url":"https:\/\/www.ellenkantarellen.se\/produkt\/utskriftbara-etiketter-till-handgjorda-glasogonfodral\/","name":"Utskriftbara Etiketter till handgjorda Glas\u00f6gonfodral - EllenKantarellen","isPartOf":{"@id":"https:\/\/www.ellenkantarellen.se\/#website"},"primaryImageOfPage":{"@id":"https:\/\/www.ellenkantarellen.se\/produkt\/utskriftbara-etiketter-till-handgjorda-glasogonfodral\/#primaryimage"},"image":{"@id":"https:\/\/www.ellenkantarellen.se\/produkt\/utskriftbara-etiketter-till-handgjorda-glasogonfodral\/#primaryimage"},"thumbnailUrl":"https:\/\/www.ellenkantarellen.se\/wp-content\/uploads\/2025\/05\/produktfoton-76.jpg","datePublished":"2025-05-05T19:11:26+00:00","dateModified":"2025-05-05T19:30:06+00:00","description":"Utskriftbara superfina Etiketter till handgjorda Glas\u00f6gonfodral! Passar perfekt till dina handgjorda glas\u00f6gonfodral som present eller om du vill s\u00e4lja dem!","breadcrumb":{"@id":"https:\/\/www.ellenkantarellen.se\/produkt\/utskriftbara-etiketter-till-handgjorda-glasogonfodral\/#breadcrumb"},"inLanguage":"en-GB","potentialAction":[{"@type":"ReadAction","target":["https:\/\/www.ellenkantarellen.se\/produkt\/utskriftbara-etiketter-till-handgjorda-glasogonfodral\/"]}]},{"@type":"ImageObject","inLanguage":"en-GB","@id":"https:\/\/www.ellenkantarellen.se\/produkt\/utskriftbara-etiketter-till-handgjorda-glasogonfodral\/#primaryimage","url":"https:\/\/www.ellenkantarellen.se\/wp-content\/uploads\/2025\/05\/produktfoton-76.jpg","contentUrl":"https:\/\/www.ellenkantarellen.se\/wp-content\/uploads\/2025\/05\/produktfoton-76.jpg","width":1080,"height":1080},{"@type":"BreadcrumbList","@id":"https:\/\/www.ellenkantarellen.se\/produkt\/utskriftbara-etiketter-till-handgjorda-glasogonfodral\/#breadcrumb","itemListElement":[{"@type":"ListItem","position":1,"name":"Hem","item":"https:\/\/www.ellenkantarellen.se\/"},{"@type":"ListItem","position":2,"name":"Aff\u00e4r","item":"https:\/\/www.ellenkantarellen.se\/affar\/"},{"@type":"ListItem","position":3,"name":"Utskriftbara Etiketter till handgjorda Glas\u00f6gonfodral"}]},{"@type":"WebSite","@id":"https:\/\/www.ellenkantarellen.se\/#website","url":"https:\/\/www.ellenkantarellen.se\/","name":"EllenKantarellen","description":"","publisher":{"@id":"https:\/\/www.ellenkantarellen.se\/#organization"},"potentialAction":[{"@type":"SearchAction","target":{"@type":"EntryPoint","urlTemplate":"https:\/\/www.ellenkantarellen.se\/?s={search_term_string}"},"query-input":{"@type":"PropertyValueSpecification","valueRequired":true,"valueName":"search_term_string"}}],"inLanguage":"en-GB"},{"@type":"Organization","@id":"https:\/\/www.ellenkantarellen.se\/#organization","name":"EllenKantarellen","url":"https:\/\/www.ellenkantarellen.se\/","logo":{"@type":"ImageObject","inLanguage":"en-GB","@id":"https:\/\/www.ellenkantarellen.se\/#\/schema\/logo\/image\/","url":"https:\/\/www.ellenkantarellen.se\/wp-content\/uploads\/2021\/09\/ek2.png","contentUrl":"https:\/\/www.ellenkantarellen.se\/wp-content\/uploads\/2021\/09\/ek2.png","width":2232,"height":508,"caption":"EllenKantarellen"},"image":{"@id":"https:\/\/www.ellenkantarellen.se\/#\/schema\/logo\/image\/"}}]}},"_links":{"self":[{"href":"https:\/\/www.ellenkantarellen.se\/en\/wp-json\/wp\/v2\/product\/19699","targetHints":{"allow":["GET"]}}],"collection":[{"href":"https:\/\/www.ellenkantarellen.se\/en\/wp-json\/wp\/v2\/product"}],"about":[{"href":"https:\/\/www.ellenkantarellen.se\/en\/wp-json\/wp\/v2\/types\/product"}],"replies":[{"embeddable":true,"href":"https:\/\/www.ellenkantarellen.se\/en\/wp-json\/wp\/v2\/comments?post=19699"}],"wp:featuredmedia":[{"embeddable":true,"href":"https:\/\/www.ellenkantarellen.se\/en\/wp-json\/wp\/v2\/media\/19703"}],"wp:attachment":[{"href":"https:\/\/www.ellenkantarellen.se\/en\/wp-json\/wp\/v2\/media?parent=19699"}],"wp:term":[{"taxonomy":"product_brand","embeddable":true,"href":"https:\/\/www.ellenkantarellen.se\/en\/wp-json\/wp\/v2\/product_brand?post=19699"},{"taxonomy":"product_cat","embeddable":true,"href":"https:\/\/www.ellenkantarellen.se\/en\/wp-json\/wp\/v2\/product_cat?post=19699"},{"taxonomy":"product_tag","embeddable":true,"href":"https:\/\/www.ellenkantarellen.se\/en\/wp-json\/wp\/v2\/product_tag?post=19699"}],"curies":[{"name":"wp","href":"https:\/\/api.w.org\/{rel}","templated":true}]}}