{"id":19732,"date":"2025-05-06T21:36:23","date_gmt":"2025-05-06T19:36:23","guid":{"rendered":"https:\/\/www.ellenkantarellen.se\/?post_type=product&#038;p=19732"},"modified":"2025-05-06T22:08:12","modified_gmt":"2025-05-06T20:08:12","slug":"monster-virkat-apple-box-med-appellada-trad","status":"publish","type":"product","link":"https:\/\/www.ellenkantarellen.se\/en\/produkt\/monster-virkat-apple-box-med-appellada-trad\/","title":{"rendered":"M\u00f6nster Virkat \u00c4pple + Box med \u00c4ppell\u00e5da &#038; Tr\u00e4d"},"content":{"rendered":"<p>M\u00f6nster p\u00e5 min supers\u00f6ta virkade \u00c4pple till l\u00e4raren! Ett roligt m\u00f6nster med tillh\u00f6rande utskriftbar box med \u00e4ppell\u00e5da och tr\u00e4d! V\u00e4lj mellan tv\u00e5 olika meddelanden b\u00e5de p\u00e5 engelska och svenska och en blank skylt om du har egna ideer! Ett m\u00f6nster som passar b\u00e5de nyb\u00f6rjare som van! \u00c4pplet p\u00e5 bilden \u00e4r virkat i 8\/4 bomullsgarn och blir cirka 5,5 x 7 cm och boxen cirka 10,5 x 11,5 cm.<\/p>","protected":false},"excerpt":{"rendered":"<p><em>M\u00f6nster p\u00e5 min supers\u00f6ta virkade \u00c4pple till l\u00e4raren! <\/em><strong><em>N\u00e4r du betalat f\u00f6r m\u00f6nstret kommer du automatiskt att kunna ladda ner din PDF-fil med ditt nya roliga m\u00f6nster som kommer i mejl till dig!<\/em><\/strong><\/p>","protected":false},"featured_media":19734,"comment_status":"open","ping_status":"closed","template":"","meta":[],"product_brand":[],"product_cat":[457,301,703],"product_tag":[1183,1182,80,1181,1179,1184,1180,1186,1185],"class_list":{"0":"post-19732","1":"product","2":"type-product","3":"status-publish","4":"has-post-thumbnail","6":"product_cat-monster-amigurumi","7":"product_cat-monster-med-mat-och-bakverk","8":"product_cat-etiketter","9":"product_tag-lararpresent","10":"product_tag-utskriftbar-lada-till-apple","11":"product_tag-virkad-frukt","12":"product_tag-virkad-lada-till-apple","13":"product_tag-virkat-apple","14":"product_tag-virkat-till-lararen","15":"product_tag-virkmonster-apple","16":"product_tag-virkmonster-frukt","17":"product_tag-virkmonster-till-larare","19":"first","20":"instock","21":"downloadable","22":"virtual","23":"sold-individually","24":"taxable","25":"purchasable","26":"product-type-simple"},"bundled_by":[],"bundle_stock_status":"instock","bundle_stock_quantity":null,"bundle_virtual":false,"bundle_layout":"","bundle_add_to_cart_form_location":"","bundle_editable_in_cart":false,"bundle_sold_individually_context":"","bundle_item_grouping":"","bundle_min_size":"","bundle_max_size":"","bundle_price":[],"bundled_items":[],"bundle_sell_ids":[],"yoast_head":"<!-- This site is optimized with the Yoast SEO plugin v27.0 - https:\/\/yoast.com\/product\/yoast-seo-wordpress\/ -->\n<title>M\u00f6nster Virkat \u00c4pple + Box med \u00c4ppell\u00e5da &amp; Tr\u00e4d - EllenKantarellen<\/title>\n<meta name=\"description\" content=\"M\u00f6nster p\u00e5 min supers\u00f6ta virkade \u00c4pple till l\u00e4raren! Ett roligt m\u00f6nster med tillh\u00f6rande utskriftbar box med \u00e4ppell\u00e5da och tr\u00e4d!\" \/>\n<meta name=\"robots\" content=\"index, follow, max-snippet:-1, max-image-preview:large, max-video-preview:-1\" \/>\n<link rel=\"canonical\" href=\"https:\/\/www.ellenkantarellen.se\/en\/product-2\/monster-virkat-apple-box-med-appellada-trad\/\" \/>\n<meta property=\"og:locale\" content=\"en_GB\" \/>\n<meta property=\"og:type\" content=\"article\" \/>\n<meta property=\"og:title\" content=\"M\u00f6nster Virkat \u00c4pple + Box med \u00c4ppell\u00e5da &amp; Tr\u00e4d - EllenKantarellen\" \/>\n<meta property=\"og:description\" content=\"M\u00f6nster p\u00e5 min supers\u00f6ta virkade \u00c4pple till l\u00e4raren! Ett roligt m\u00f6nster med tillh\u00f6rande utskriftbar box med \u00e4ppell\u00e5da och tr\u00e4d!\" \/>\n<meta property=\"og:url\" content=\"https:\/\/www.ellenkantarellen.se\/en\/product-2\/monster-virkat-apple-box-med-appellada-trad\/\" \/>\n<meta property=\"og:site_name\" content=\"EllenKantarellen\" \/>\n<meta property=\"article:modified_time\" content=\"2025-05-06T20:08:12+00:00\" \/>\n<meta property=\"og:image\" content=\"https:\/\/www.ellenkantarellen.se\/wp-content\/uploads\/2025\/05\/produktfoton-98.jpg\" \/>\n\t<meta property=\"og:image:width\" content=\"1080\" \/>\n\t<meta property=\"og:image:height\" content=\"1080\" \/>\n\t<meta property=\"og:image:type\" content=\"image\/jpeg\" \/>\n<meta name=\"twitter:card\" content=\"summary_large_image\" \/>\n<meta name=\"twitter:label1\" content=\"Estimated reading time\" \/>\n\t<meta name=\"twitter:data1\" content=\"1 minute\" \/>\n<script type=\"application\/ld+json\" class=\"yoast-schema-graph\">{\"@context\":\"https:\/\/schema.org\",\"@graph\":[{\"@type\":\"WebPage\",\"@id\":\"https:\/\/www.ellenkantarellen.se\/produkt\/monster-virkat-apple-box-med-appellada-trad\/\",\"url\":\"https:\/\/www.ellenkantarellen.se\/produkt\/monster-virkat-apple-box-med-appellada-trad\/\",\"name\":\"M\u00f6nster Virkat \u00c4pple + Box med \u00c4ppell\u00e5da & Tr\u00e4d - EllenKantarellen\",\"isPartOf\":{\"@id\":\"https:\/\/www.ellenkantarellen.se\/#website\"},\"primaryImageOfPage\":{\"@id\":\"https:\/\/www.ellenkantarellen.se\/produkt\/monster-virkat-apple-box-med-appellada-trad\/#primaryimage\"},\"image\":{\"@id\":\"https:\/\/www.ellenkantarellen.se\/produkt\/monster-virkat-apple-box-med-appellada-trad\/#primaryimage\"},\"thumbnailUrl\":\"https:\/\/www.ellenkantarellen.se\/wp-content\/uploads\/2025\/05\/produktfoton-98.jpg\",\"datePublished\":\"2025-05-06T19:36:23+00:00\",\"dateModified\":\"2025-05-06T20:08:12+00:00\",\"description\":\"M\u00f6nster p\u00e5 min supers\u00f6ta virkade \u00c4pple till l\u00e4raren! Ett roligt m\u00f6nster med tillh\u00f6rande utskriftbar box med \u00e4ppell\u00e5da och tr\u00e4d!\",\"breadcrumb\":{\"@id\":\"https:\/\/www.ellenkantarellen.se\/produkt\/monster-virkat-apple-box-med-appellada-trad\/#breadcrumb\"},\"inLanguage\":\"en-GB\",\"potentialAction\":[{\"@type\":\"ReadAction\",\"target\":[\"https:\/\/www.ellenkantarellen.se\/produkt\/monster-virkat-apple-box-med-appellada-trad\/\"]}]},{\"@type\":\"ImageObject\",\"inLanguage\":\"en-GB\",\"@id\":\"https:\/\/www.ellenkantarellen.se\/produkt\/monster-virkat-apple-box-med-appellada-trad\/#primaryimage\",\"url\":\"https:\/\/www.ellenkantarellen.se\/wp-content\/uploads\/2025\/05\/produktfoton-98.jpg\",\"contentUrl\":\"https:\/\/www.ellenkantarellen.se\/wp-content\/uploads\/2025\/05\/produktfoton-98.jpg\",\"width\":1080,\"height\":1080},{\"@type\":\"BreadcrumbList\",\"@id\":\"https:\/\/www.ellenkantarellen.se\/produkt\/monster-virkat-apple-box-med-appellada-trad\/#breadcrumb\",\"itemListElement\":[{\"@type\":\"ListItem\",\"position\":1,\"name\":\"Hem\",\"item\":\"https:\/\/www.ellenkantarellen.se\/\"},{\"@type\":\"ListItem\",\"position\":2,\"name\":\"Aff\u00e4r\",\"item\":\"https:\/\/www.ellenkantarellen.se\/affar\/\"},{\"@type\":\"ListItem\",\"position\":3,\"name\":\"M\u00f6nster Virkat \u00c4pple + Box med \u00c4ppell\u00e5da &#038; Tr\u00e4d\"}]},{\"@type\":\"WebSite\",\"@id\":\"https:\/\/www.ellenkantarellen.se\/#website\",\"url\":\"https:\/\/www.ellenkantarellen.se\/\",\"name\":\"EllenKantarellen\",\"description\":\"\",\"publisher\":{\"@id\":\"https:\/\/www.ellenkantarellen.se\/#organization\"},\"potentialAction\":[{\"@type\":\"SearchAction\",\"target\":{\"@type\":\"EntryPoint\",\"urlTemplate\":\"https:\/\/www.ellenkantarellen.se\/?s={search_term_string}\"},\"query-input\":{\"@type\":\"PropertyValueSpecification\",\"valueRequired\":true,\"valueName\":\"search_term_string\"}}],\"inLanguage\":\"en-GB\"},{\"@type\":\"Organization\",\"@id\":\"https:\/\/www.ellenkantarellen.se\/#organization\",\"name\":\"EllenKantarellen\",\"url\":\"https:\/\/www.ellenkantarellen.se\/\",\"logo\":{\"@type\":\"ImageObject\",\"inLanguage\":\"en-GB\",\"@id\":\"https:\/\/www.ellenkantarellen.se\/#\/schema\/logo\/image\/\",\"url\":\"https:\/\/www.ellenkantarellen.se\/wp-content\/uploads\/2021\/09\/ek2.png\",\"contentUrl\":\"https:\/\/www.ellenkantarellen.se\/wp-content\/uploads\/2021\/09\/ek2.png\",\"width\":2232,\"height\":508,\"caption\":\"EllenKantarellen\"},\"image\":{\"@id\":\"https:\/\/www.ellenkantarellen.se\/#\/schema\/logo\/image\/\"}}]}<\/script>\n<!-- \/ Yoast SEO plugin. -->","yoast_head_json":{"title":"M\u00f6nster Virkat \u00c4pple + Box med \u00c4ppell\u00e5da & Tr\u00e4d - EllenKantarellen","description":"M\u00f6nster p\u00e5 min supers\u00f6ta virkade \u00c4pple till l\u00e4raren! Ett roligt m\u00f6nster med tillh\u00f6rande utskriftbar box med \u00e4ppell\u00e5da och tr\u00e4d!","robots":{"index":"index","follow":"follow","max-snippet":"max-snippet:-1","max-image-preview":"max-image-preview:large","max-video-preview":"max-video-preview:-1"},"canonical":"https:\/\/www.ellenkantarellen.se\/en\/product-2\/monster-virkat-apple-box-med-appellada-trad\/","og_locale":"en_GB","og_type":"article","og_title":"M\u00f6nster Virkat \u00c4pple + Box med \u00c4ppell\u00e5da & Tr\u00e4d - EllenKantarellen","og_description":"M\u00f6nster p\u00e5 min supers\u00f6ta virkade \u00c4pple till l\u00e4raren! Ett roligt m\u00f6nster med tillh\u00f6rande utskriftbar box med \u00e4ppell\u00e5da och tr\u00e4d!","og_url":"https:\/\/www.ellenkantarellen.se\/en\/product-2\/monster-virkat-apple-box-med-appellada-trad\/","og_site_name":"EllenKantarellen","article_modified_time":"2025-05-06T20:08:12+00:00","og_image":[{"width":1080,"height":1080,"url":"https:\/\/www.ellenkantarellen.se\/wp-content\/uploads\/2025\/05\/produktfoton-98.jpg","type":"image\/jpeg"}],"twitter_card":"summary_large_image","twitter_misc":{"Estimated reading time":"1 minute"},"schema":{"@context":"https:\/\/schema.org","@graph":[{"@type":"WebPage","@id":"https:\/\/www.ellenkantarellen.se\/produkt\/monster-virkat-apple-box-med-appellada-trad\/","url":"https:\/\/www.ellenkantarellen.se\/produkt\/monster-virkat-apple-box-med-appellada-trad\/","name":"M\u00f6nster Virkat \u00c4pple + Box med \u00c4ppell\u00e5da & Tr\u00e4d - EllenKantarellen","isPartOf":{"@id":"https:\/\/www.ellenkantarellen.se\/#website"},"primaryImageOfPage":{"@id":"https:\/\/www.ellenkantarellen.se\/produkt\/monster-virkat-apple-box-med-appellada-trad\/#primaryimage"},"image":{"@id":"https:\/\/www.ellenkantarellen.se\/produkt\/monster-virkat-apple-box-med-appellada-trad\/#primaryimage"},"thumbnailUrl":"https:\/\/www.ellenkantarellen.se\/wp-content\/uploads\/2025\/05\/produktfoton-98.jpg","datePublished":"2025-05-06T19:36:23+00:00","dateModified":"2025-05-06T20:08:12+00:00","description":"M\u00f6nster p\u00e5 min supers\u00f6ta virkade \u00c4pple till l\u00e4raren! Ett roligt m\u00f6nster med tillh\u00f6rande utskriftbar box med \u00e4ppell\u00e5da och tr\u00e4d!","breadcrumb":{"@id":"https:\/\/www.ellenkantarellen.se\/produkt\/monster-virkat-apple-box-med-appellada-trad\/#breadcrumb"},"inLanguage":"en-GB","potentialAction":[{"@type":"ReadAction","target":["https:\/\/www.ellenkantarellen.se\/produkt\/monster-virkat-apple-box-med-appellada-trad\/"]}]},{"@type":"ImageObject","inLanguage":"en-GB","@id":"https:\/\/www.ellenkantarellen.se\/produkt\/monster-virkat-apple-box-med-appellada-trad\/#primaryimage","url":"https:\/\/www.ellenkantarellen.se\/wp-content\/uploads\/2025\/05\/produktfoton-98.jpg","contentUrl":"https:\/\/www.ellenkantarellen.se\/wp-content\/uploads\/2025\/05\/produktfoton-98.jpg","width":1080,"height":1080},{"@type":"BreadcrumbList","@id":"https:\/\/www.ellenkantarellen.se\/produkt\/monster-virkat-apple-box-med-appellada-trad\/#breadcrumb","itemListElement":[{"@type":"ListItem","position":1,"name":"Hem","item":"https:\/\/www.ellenkantarellen.se\/"},{"@type":"ListItem","position":2,"name":"Aff\u00e4r","item":"https:\/\/www.ellenkantarellen.se\/affar\/"},{"@type":"ListItem","position":3,"name":"M\u00f6nster Virkat \u00c4pple + Box med \u00c4ppell\u00e5da &#038; Tr\u00e4d"}]},{"@type":"WebSite","@id":"https:\/\/www.ellenkantarellen.se\/#website","url":"https:\/\/www.ellenkantarellen.se\/","name":"EllenKantarellen","description":"","publisher":{"@id":"https:\/\/www.ellenkantarellen.se\/#organization"},"potentialAction":[{"@type":"SearchAction","target":{"@type":"EntryPoint","urlTemplate":"https:\/\/www.ellenkantarellen.se\/?s={search_term_string}"},"query-input":{"@type":"PropertyValueSpecification","valueRequired":true,"valueName":"search_term_string"}}],"inLanguage":"en-GB"},{"@type":"Organization","@id":"https:\/\/www.ellenkantarellen.se\/#organization","name":"EllenKantarellen","url":"https:\/\/www.ellenkantarellen.se\/","logo":{"@type":"ImageObject","inLanguage":"en-GB","@id":"https:\/\/www.ellenkantarellen.se\/#\/schema\/logo\/image\/","url":"https:\/\/www.ellenkantarellen.se\/wp-content\/uploads\/2021\/09\/ek2.png","contentUrl":"https:\/\/www.ellenkantarellen.se\/wp-content\/uploads\/2021\/09\/ek2.png","width":2232,"height":508,"caption":"EllenKantarellen"},"image":{"@id":"https:\/\/www.ellenkantarellen.se\/#\/schema\/logo\/image\/"}}]}},"_links":{"self":[{"href":"https:\/\/www.ellenkantarellen.se\/en\/wp-json\/wp\/v2\/product\/19732","targetHints":{"allow":["GET"]}}],"collection":[{"href":"https:\/\/www.ellenkantarellen.se\/en\/wp-json\/wp\/v2\/product"}],"about":[{"href":"https:\/\/www.ellenkantarellen.se\/en\/wp-json\/wp\/v2\/types\/product"}],"replies":[{"embeddable":true,"href":"https:\/\/www.ellenkantarellen.se\/en\/wp-json\/wp\/v2\/comments?post=19732"}],"wp:featuredmedia":[{"embeddable":true,"href":"https:\/\/www.ellenkantarellen.se\/en\/wp-json\/wp\/v2\/media\/19734"}],"wp:attachment":[{"href":"https:\/\/www.ellenkantarellen.se\/en\/wp-json\/wp\/v2\/media?parent=19732"}],"wp:term":[{"taxonomy":"product_brand","embeddable":true,"href":"https:\/\/www.ellenkantarellen.se\/en\/wp-json\/wp\/v2\/product_brand?post=19732"},{"taxonomy":"product_cat","embeddable":true,"href":"https:\/\/www.ellenkantarellen.se\/en\/wp-json\/wp\/v2\/product_cat?post=19732"},{"taxonomy":"product_tag","embeddable":true,"href":"https:\/\/www.ellenkantarellen.se\/en\/wp-json\/wp\/v2\/product_tag?post=19732"}],"curies":[{"name":"wp","href":"https:\/\/api.w.org\/{rel}","templated":true}]}}