{"id":19799,"date":"2025-05-10T13:13:20","date_gmt":"2025-05-10T11:13:20","guid":{"rendered":"https:\/\/www.ellenkantarellen.se\/?post_type=product&#038;p=19799"},"modified":"2025-05-10T13:23:01","modified_gmt":"2025-05-10T11:23:01","slug":"virkmonster-forpackningar-till-glasunderlagg-mors-dag","status":"publish","type":"product","link":"https:\/\/www.ellenkantarellen.se\/en\/produkt\/virkmonster-forpackningar-till-glasunderlagg-mors-dag\/","title":{"rendered":"Virkm\u00f6nster + f\u00f6rpackningar till Glasunderl\u00e4gg &#8221;Mors Dag&#8221;"},"content":{"rendered":"<p>\ud83c\udf38 <strong>Virkm\u00f6nster + utskriftbara f\u00f6rpackningar<\/strong> till Mors Dag underl\u00e4gg!\u00a0 Omedelbar nedladdning i PDF-format att skriva ut och l\u00e4gga dina handgjorda Glasunderl\u00e4gg i!<\/p>\n<p>\ud83c\udf38 Paketet inneh\u00e5ller 2 digital nedladdningsbara utskrift med olika utseenden p\u00e5 f\u00f6rpackningen till dina Underl\u00e4gg som g\u00f6r det d\u00e4r lilla extra!\ud83c\udf38<\/p>\n<p>\ud83c\udf38 Dessa f\u00f6rpackningar kommer att f\u00e5 dina egna produkter att se mer proffsiga ut. Perfekt om du ska ge bort eller s\u00e4lja p\u00e5 marknad eller liknande! Skriv ut, klipp ut, klistra och montera samt skriv i pris om \u00f6nskas och markera r\u00e4tt tv\u00e4ttsymbol &#8211; sedan \u00e4r du redo!<\/p>\n<p>++++++++ DETAILS ++++++++<\/p>\n<p>Fil typ: Utskriftbar PDF inneh\u00e5llande 2 sidor<\/p>","protected":false},"excerpt":{"rendered":"<p><em>\ud83c\udf38 Supers\u00f6tt Virkm\u00f6nster + utskriftbara f\u00f6rpackningar till Mors Dag-underl\u00e4gg! <\/em><strong><em>N\u00e4r du betalat f\u00f6r f\u00f6rpackningarna kommer du automatiskt att kunna ladda ner din PDF-fil med dina nya fina mallar som kommer i mejl till dig!<\/em><\/strong><\/p>","protected":false},"featured_media":19794,"comment_status":"open","ping_status":"closed","template":"","meta":[],"product_brand":[],"product_cat":[703],"product_tag":[1075,1095,1094,802,1093,1188,1092,720,519,1187,655],"class_list":{"0":"post-19799","1":"product","2":"type-product","3":"status-publish","4":"has-post-thumbnail","6":"product_cat-etiketter","7":"product_tag-eitketter-handmade","8":"product_tag-etiketter-till-handgjorda-underlagg","9":"product_tag-etiketter-till-virkade-underlagg","10":"product_tag-etiketter-till-virkat","11":"product_tag-forpackning-till-virkade-underlagg","12":"product_tag-mors-dag-etiketter","13":"product_tag-utskriftbara-forpackningar-till-underlagg","14":"product_tag-virkade-underlagg","15":"product_tag-virkat-hjarta","16":"product_tag-virkat-till-mors-dag","17":"product_tag-virmonster-underlagg","19":"first","20":"instock","21":"downloadable","22":"virtual","23":"taxable","24":"purchasable","25":"product-type-simple"},"bundled_by":[],"bundle_stock_status":"instock","bundle_stock_quantity":null,"bundle_virtual":false,"bundle_layout":"","bundle_add_to_cart_form_location":"","bundle_editable_in_cart":false,"bundle_sold_individually_context":"","bundle_item_grouping":"","bundle_min_size":"","bundle_max_size":"","bundle_price":[],"bundled_items":[],"bundle_sell_ids":[],"yoast_head":"<!-- This site is optimized with the Yoast SEO plugin v27.0 - https:\/\/yoast.com\/product\/yoast-seo-wordpress\/ -->\n<title>Virkm\u00f6nster + f\u00f6rpackningar till Glasunderl\u00e4gg &quot;Mors Dag&quot; - EllenKantarellen<\/title>\n<meta name=\"description\" content=\"\ud83c\udf38 Virkm\u00f6nster &amp; utskriftbara f\u00f6rpackningar till Mors Dag-underl\u00e4gg i PDF-format att skriva ut och l\u00e4gga dina handgjorda Glasunderl\u00e4gg i!\" \/>\n<meta name=\"robots\" content=\"index, follow, max-snippet:-1, max-image-preview:large, max-video-preview:-1\" \/>\n<link rel=\"canonical\" href=\"https:\/\/www.ellenkantarellen.se\/en\/product-2\/virkmonster-forpackningar-till-glasunderlagg-mors-dag\/\" \/>\n<meta property=\"og:locale\" content=\"en_GB\" \/>\n<meta property=\"og:type\" content=\"article\" \/>\n<meta property=\"og:title\" content=\"Virkm\u00f6nster + f\u00f6rpackningar till Glasunderl\u00e4gg &quot;Mors Dag&quot; - EllenKantarellen\" \/>\n<meta property=\"og:description\" content=\"\ud83c\udf38 Virkm\u00f6nster &amp; utskriftbara f\u00f6rpackningar till Mors Dag-underl\u00e4gg i PDF-format att skriva ut och l\u00e4gga dina handgjorda Glasunderl\u00e4gg i!\" \/>\n<meta property=\"og:url\" content=\"https:\/\/www.ellenkantarellen.se\/en\/product-2\/virkmonster-forpackningar-till-glasunderlagg-mors-dag\/\" \/>\n<meta property=\"og:site_name\" content=\"EllenKantarellen\" \/>\n<meta property=\"article:modified_time\" content=\"2025-05-10T11:23:01+00:00\" \/>\n<meta property=\"og:image\" content=\"https:\/\/www.ellenkantarellen.se\/wp-content\/uploads\/2025\/05\/produktfoton-2025-05-10T123640.947.jpg\" \/>\n\t<meta property=\"og:image:width\" content=\"1080\" \/>\n\t<meta property=\"og:image:height\" content=\"1080\" \/>\n\t<meta property=\"og:image:type\" content=\"image\/jpeg\" \/>\n<meta name=\"twitter:card\" content=\"summary_large_image\" \/>\n<meta name=\"twitter:label1\" content=\"Estimated reading time\" \/>\n\t<meta name=\"twitter:data1\" content=\"1 minute\" \/>\n<script type=\"application\/ld+json\" class=\"yoast-schema-graph\">{\"@context\":\"https:\/\/schema.org\",\"@graph\":[{\"@type\":\"WebPage\",\"@id\":\"https:\/\/www.ellenkantarellen.se\/produkt\/virkmonster-forpackningar-till-glasunderlagg-mors-dag\/\",\"url\":\"https:\/\/www.ellenkantarellen.se\/produkt\/virkmonster-forpackningar-till-glasunderlagg-mors-dag\/\",\"name\":\"Virkm\u00f6nster + f\u00f6rpackningar till Glasunderl\u00e4gg \\\"Mors Dag\\\" - EllenKantarellen\",\"isPartOf\":{\"@id\":\"https:\/\/www.ellenkantarellen.se\/#website\"},\"primaryImageOfPage\":{\"@id\":\"https:\/\/www.ellenkantarellen.se\/produkt\/virkmonster-forpackningar-till-glasunderlagg-mors-dag\/#primaryimage\"},\"image\":{\"@id\":\"https:\/\/www.ellenkantarellen.se\/produkt\/virkmonster-forpackningar-till-glasunderlagg-mors-dag\/#primaryimage\"},\"thumbnailUrl\":\"https:\/\/www.ellenkantarellen.se\/wp-content\/uploads\/2025\/05\/produktfoton-2025-05-10T123640.947.jpg\",\"datePublished\":\"2025-05-10T11:13:20+00:00\",\"dateModified\":\"2025-05-10T11:23:01+00:00\",\"description\":\"\ud83c\udf38 Virkm\u00f6nster & utskriftbara f\u00f6rpackningar till Mors Dag-underl\u00e4gg i PDF-format att skriva ut och l\u00e4gga dina handgjorda Glasunderl\u00e4gg i!\",\"breadcrumb\":{\"@id\":\"https:\/\/www.ellenkantarellen.se\/produkt\/virkmonster-forpackningar-till-glasunderlagg-mors-dag\/#breadcrumb\"},\"inLanguage\":\"en-GB\",\"potentialAction\":[{\"@type\":\"ReadAction\",\"target\":[\"https:\/\/www.ellenkantarellen.se\/produkt\/virkmonster-forpackningar-till-glasunderlagg-mors-dag\/\"]}]},{\"@type\":\"ImageObject\",\"inLanguage\":\"en-GB\",\"@id\":\"https:\/\/www.ellenkantarellen.se\/produkt\/virkmonster-forpackningar-till-glasunderlagg-mors-dag\/#primaryimage\",\"url\":\"https:\/\/www.ellenkantarellen.se\/wp-content\/uploads\/2025\/05\/produktfoton-2025-05-10T123640.947.jpg\",\"contentUrl\":\"https:\/\/www.ellenkantarellen.se\/wp-content\/uploads\/2025\/05\/produktfoton-2025-05-10T123640.947.jpg\",\"width\":1080,\"height\":1080},{\"@type\":\"BreadcrumbList\",\"@id\":\"https:\/\/www.ellenkantarellen.se\/produkt\/virkmonster-forpackningar-till-glasunderlagg-mors-dag\/#breadcrumb\",\"itemListElement\":[{\"@type\":\"ListItem\",\"position\":1,\"name\":\"Hem\",\"item\":\"https:\/\/www.ellenkantarellen.se\/\"},{\"@type\":\"ListItem\",\"position\":2,\"name\":\"Aff\u00e4r\",\"item\":\"https:\/\/www.ellenkantarellen.se\/affar\/\"},{\"@type\":\"ListItem\",\"position\":3,\"name\":\"Virkm\u00f6nster + f\u00f6rpackningar till Glasunderl\u00e4gg &#8221;Mors Dag&#8221;\"}]},{\"@type\":\"WebSite\",\"@id\":\"https:\/\/www.ellenkantarellen.se\/#website\",\"url\":\"https:\/\/www.ellenkantarellen.se\/\",\"name\":\"EllenKantarellen\",\"description\":\"\",\"publisher\":{\"@id\":\"https:\/\/www.ellenkantarellen.se\/#organization\"},\"potentialAction\":[{\"@type\":\"SearchAction\",\"target\":{\"@type\":\"EntryPoint\",\"urlTemplate\":\"https:\/\/www.ellenkantarellen.se\/?s={search_term_string}\"},\"query-input\":{\"@type\":\"PropertyValueSpecification\",\"valueRequired\":true,\"valueName\":\"search_term_string\"}}],\"inLanguage\":\"en-GB\"},{\"@type\":\"Organization\",\"@id\":\"https:\/\/www.ellenkantarellen.se\/#organization\",\"name\":\"EllenKantarellen\",\"url\":\"https:\/\/www.ellenkantarellen.se\/\",\"logo\":{\"@type\":\"ImageObject\",\"inLanguage\":\"en-GB\",\"@id\":\"https:\/\/www.ellenkantarellen.se\/#\/schema\/logo\/image\/\",\"url\":\"https:\/\/www.ellenkantarellen.se\/wp-content\/uploads\/2021\/09\/ek2.png\",\"contentUrl\":\"https:\/\/www.ellenkantarellen.se\/wp-content\/uploads\/2021\/09\/ek2.png\",\"width\":2232,\"height\":508,\"caption\":\"EllenKantarellen\"},\"image\":{\"@id\":\"https:\/\/www.ellenkantarellen.se\/#\/schema\/logo\/image\/\"}}]}<\/script>\n<!-- \/ Yoast SEO plugin. -->","yoast_head_json":{"title":"Virkm\u00f6nster + f\u00f6rpackningar till Glasunderl\u00e4gg \"Mors Dag\" - EllenKantarellen","description":"\ud83c\udf38 Virkm\u00f6nster & utskriftbara f\u00f6rpackningar till Mors Dag-underl\u00e4gg i PDF-format att skriva ut och l\u00e4gga dina handgjorda Glasunderl\u00e4gg i!","robots":{"index":"index","follow":"follow","max-snippet":"max-snippet:-1","max-image-preview":"max-image-preview:large","max-video-preview":"max-video-preview:-1"},"canonical":"https:\/\/www.ellenkantarellen.se\/en\/product-2\/virkmonster-forpackningar-till-glasunderlagg-mors-dag\/","og_locale":"en_GB","og_type":"article","og_title":"Virkm\u00f6nster + f\u00f6rpackningar till Glasunderl\u00e4gg \"Mors Dag\" - EllenKantarellen","og_description":"\ud83c\udf38 Virkm\u00f6nster & utskriftbara f\u00f6rpackningar till Mors Dag-underl\u00e4gg i PDF-format att skriva ut och l\u00e4gga dina handgjorda Glasunderl\u00e4gg i!","og_url":"https:\/\/www.ellenkantarellen.se\/en\/product-2\/virkmonster-forpackningar-till-glasunderlagg-mors-dag\/","og_site_name":"EllenKantarellen","article_modified_time":"2025-05-10T11:23:01+00:00","og_image":[{"width":1080,"height":1080,"url":"https:\/\/www.ellenkantarellen.se\/wp-content\/uploads\/2025\/05\/produktfoton-2025-05-10T123640.947.jpg","type":"image\/jpeg"}],"twitter_card":"summary_large_image","twitter_misc":{"Estimated reading time":"1 minute"},"schema":{"@context":"https:\/\/schema.org","@graph":[{"@type":"WebPage","@id":"https:\/\/www.ellenkantarellen.se\/produkt\/virkmonster-forpackningar-till-glasunderlagg-mors-dag\/","url":"https:\/\/www.ellenkantarellen.se\/produkt\/virkmonster-forpackningar-till-glasunderlagg-mors-dag\/","name":"Virkm\u00f6nster + f\u00f6rpackningar till Glasunderl\u00e4gg \"Mors Dag\" - EllenKantarellen","isPartOf":{"@id":"https:\/\/www.ellenkantarellen.se\/#website"},"primaryImageOfPage":{"@id":"https:\/\/www.ellenkantarellen.se\/produkt\/virkmonster-forpackningar-till-glasunderlagg-mors-dag\/#primaryimage"},"image":{"@id":"https:\/\/www.ellenkantarellen.se\/produkt\/virkmonster-forpackningar-till-glasunderlagg-mors-dag\/#primaryimage"},"thumbnailUrl":"https:\/\/www.ellenkantarellen.se\/wp-content\/uploads\/2025\/05\/produktfoton-2025-05-10T123640.947.jpg","datePublished":"2025-05-10T11:13:20+00:00","dateModified":"2025-05-10T11:23:01+00:00","description":"\ud83c\udf38 Virkm\u00f6nster & utskriftbara f\u00f6rpackningar till Mors Dag-underl\u00e4gg i PDF-format att skriva ut och l\u00e4gga dina handgjorda Glasunderl\u00e4gg i!","breadcrumb":{"@id":"https:\/\/www.ellenkantarellen.se\/produkt\/virkmonster-forpackningar-till-glasunderlagg-mors-dag\/#breadcrumb"},"inLanguage":"en-GB","potentialAction":[{"@type":"ReadAction","target":["https:\/\/www.ellenkantarellen.se\/produkt\/virkmonster-forpackningar-till-glasunderlagg-mors-dag\/"]}]},{"@type":"ImageObject","inLanguage":"en-GB","@id":"https:\/\/www.ellenkantarellen.se\/produkt\/virkmonster-forpackningar-till-glasunderlagg-mors-dag\/#primaryimage","url":"https:\/\/www.ellenkantarellen.se\/wp-content\/uploads\/2025\/05\/produktfoton-2025-05-10T123640.947.jpg","contentUrl":"https:\/\/www.ellenkantarellen.se\/wp-content\/uploads\/2025\/05\/produktfoton-2025-05-10T123640.947.jpg","width":1080,"height":1080},{"@type":"BreadcrumbList","@id":"https:\/\/www.ellenkantarellen.se\/produkt\/virkmonster-forpackningar-till-glasunderlagg-mors-dag\/#breadcrumb","itemListElement":[{"@type":"ListItem","position":1,"name":"Hem","item":"https:\/\/www.ellenkantarellen.se\/"},{"@type":"ListItem","position":2,"name":"Aff\u00e4r","item":"https:\/\/www.ellenkantarellen.se\/affar\/"},{"@type":"ListItem","position":3,"name":"Virkm\u00f6nster + f\u00f6rpackningar till Glasunderl\u00e4gg &#8221;Mors Dag&#8221;"}]},{"@type":"WebSite","@id":"https:\/\/www.ellenkantarellen.se\/#website","url":"https:\/\/www.ellenkantarellen.se\/","name":"EllenKantarellen","description":"","publisher":{"@id":"https:\/\/www.ellenkantarellen.se\/#organization"},"potentialAction":[{"@type":"SearchAction","target":{"@type":"EntryPoint","urlTemplate":"https:\/\/www.ellenkantarellen.se\/?s={search_term_string}"},"query-input":{"@type":"PropertyValueSpecification","valueRequired":true,"valueName":"search_term_string"}}],"inLanguage":"en-GB"},{"@type":"Organization","@id":"https:\/\/www.ellenkantarellen.se\/#organization","name":"EllenKantarellen","url":"https:\/\/www.ellenkantarellen.se\/","logo":{"@type":"ImageObject","inLanguage":"en-GB","@id":"https:\/\/www.ellenkantarellen.se\/#\/schema\/logo\/image\/","url":"https:\/\/www.ellenkantarellen.se\/wp-content\/uploads\/2021\/09\/ek2.png","contentUrl":"https:\/\/www.ellenkantarellen.se\/wp-content\/uploads\/2021\/09\/ek2.png","width":2232,"height":508,"caption":"EllenKantarellen"},"image":{"@id":"https:\/\/www.ellenkantarellen.se\/#\/schema\/logo\/image\/"}}]}},"_links":{"self":[{"href":"https:\/\/www.ellenkantarellen.se\/en\/wp-json\/wp\/v2\/product\/19799","targetHints":{"allow":["GET"]}}],"collection":[{"href":"https:\/\/www.ellenkantarellen.se\/en\/wp-json\/wp\/v2\/product"}],"about":[{"href":"https:\/\/www.ellenkantarellen.se\/en\/wp-json\/wp\/v2\/types\/product"}],"replies":[{"embeddable":true,"href":"https:\/\/www.ellenkantarellen.se\/en\/wp-json\/wp\/v2\/comments?post=19799"}],"wp:featuredmedia":[{"embeddable":true,"href":"https:\/\/www.ellenkantarellen.se\/en\/wp-json\/wp\/v2\/media\/19794"}],"wp:attachment":[{"href":"https:\/\/www.ellenkantarellen.se\/en\/wp-json\/wp\/v2\/media?parent=19799"}],"wp:term":[{"taxonomy":"product_brand","embeddable":true,"href":"https:\/\/www.ellenkantarellen.se\/en\/wp-json\/wp\/v2\/product_brand?post=19799"},{"taxonomy":"product_cat","embeddable":true,"href":"https:\/\/www.ellenkantarellen.se\/en\/wp-json\/wp\/v2\/product_cat?post=19799"},{"taxonomy":"product_tag","embeddable":true,"href":"https:\/\/www.ellenkantarellen.se\/en\/wp-json\/wp\/v2\/product_tag?post=19799"}],"curies":[{"name":"wp","href":"https:\/\/api.w.org\/{rel}","templated":true}]}}