{"id":19828,"date":"2025-05-11T14:12:17","date_gmt":"2025-05-11T12:12:17","guid":{"rendered":"https:\/\/www.ellenkantarellen.se\/?post_type=product&#038;p=19828"},"modified":"2025-05-11T16:41:14","modified_gmt":"2025-05-11T14:41:14","slug":"utskriftbar-duck-cancer-badkarsbox","status":"publish","type":"product","link":"https:\/\/www.ellenkantarellen.se\/en\/produkt\/utskriftbar-duck-cancer-badkarsbox\/","title":{"rendered":"Utskriftbar &#8221;DUCK CANCER&#8221; Badkarsbox"},"content":{"rendered":"<p>Utskriftbar badkarsbox med &#8221;DUCK CANCER&#8221; meddelande till mina virkade Gummiankor! Passar till Ankor som \u00e4r cirka\u00a0 7 x 7 cm stora. <a href=\"https:\/\/www.ellenkantarellen.se\/en\/product-2\/monster-virkad-gummianka\/\">Mitt m\u00f6nster p\u00e5 Gummianka hittar du H\u00c4R!<\/a><\/p>","protected":false},"excerpt":{"rendered":"<p><em>Utskriftbar badkarsbox med &#8221;DUCK CANCER&#8221; meddelande till mina virkade Gummiankor! ! <\/em><strong><em>N\u00e4r du betalat f\u00f6r m\u00f6nstret kommer du automatiskt att kunna ladda ner din PDF-fil med ditt nya roliga m\u00f6nster som kommer i mejl till dig!<\/em><\/strong><\/p>","protected":false},"featured_media":19829,"comment_status":"open","ping_status":"closed","template":"","meta":[],"product_brand":[],"product_cat":[703],"product_tag":[211,1189,1157,1147,1156,1149,1191,1151,1148,1150,1152,1190],"class_list":{"0":"post-19828","1":"product","2":"type-product","3":"status-publish","4":"has-post-thumbnail","6":"product_cat-etiketter","7":"product_tag-amigurumi","8":"product_tag-duck-cancer","9":"product_tag-hallare-till-virkad-anka","10":"product_tag-virkad-anka","11":"product_tag-virkad-anka-med-badkar","12":"product_tag-virkad-badanka","13":"product_tag-virkad-duck-cancer-anka","14":"product_tag-virkad-gummianka","15":"product_tag-virkmonster-anka","16":"product_tag-virkmonster-badanka","17":"product_tag-virkmonster-gummianka","18":"product_tag-virmonster-duck-cancer","20":"first","21":"instock","22":"downloadable","23":"virtual","24":"sold-individually","25":"taxable","26":"purchasable","27":"product-type-simple"},"bundled_by":[],"bundle_stock_status":"instock","bundle_stock_quantity":null,"bundle_virtual":false,"bundle_layout":"","bundle_add_to_cart_form_location":"","bundle_editable_in_cart":false,"bundle_sold_individually_context":"","bundle_item_grouping":"","bundle_min_size":"","bundle_max_size":"","bundle_price":[],"bundled_items":[],"bundle_sell_ids":[],"yoast_head":"<!-- This site is optimized with the Yoast SEO plugin v27.0 - https:\/\/yoast.com\/product\/yoast-seo-wordpress\/ -->\n<title>Utskriftbar &quot;DUCK CANCER&quot; Badkarsbox - EllenKantarellen<\/title>\n<meta name=\"description\" content=\"Utskriftbar badkarsbox med &quot;DUCK CANCER&quot; meddelande till mina virkade Gummiankor! Passar till Ankor som \u00e4r cirka\u00a0 7 x 7 cm stora.\" \/>\n<meta name=\"robots\" content=\"index, follow, max-snippet:-1, max-image-preview:large, max-video-preview:-1\" \/>\n<link rel=\"canonical\" href=\"https:\/\/www.ellenkantarellen.se\/en\/product-2\/utskriftbar-duck-cancer-badkarsbox\/\" \/>\n<meta property=\"og:locale\" content=\"en_GB\" \/>\n<meta property=\"og:type\" content=\"article\" \/>\n<meta property=\"og:title\" content=\"Utskriftbar &quot;DUCK CANCER&quot; Badkarsbox - EllenKantarellen\" \/>\n<meta property=\"og:description\" content=\"Utskriftbar badkarsbox med &quot;DUCK CANCER&quot; meddelande till mina virkade Gummiankor! Passar till Ankor som \u00e4r cirka\u00a0 7 x 7 cm stora.\" \/>\n<meta property=\"og:url\" content=\"https:\/\/www.ellenkantarellen.se\/en\/product-2\/utskriftbar-duck-cancer-badkarsbox\/\" \/>\n<meta property=\"og:site_name\" content=\"EllenKantarellen\" \/>\n<meta property=\"article:modified_time\" content=\"2025-05-11T14:41:14+00:00\" \/>\n<meta property=\"og:image\" content=\"https:\/\/www.ellenkantarellen.se\/wp-content\/uploads\/2025\/05\/produktfoton-2025-05-11T140336.350.jpg\" \/>\n\t<meta property=\"og:image:width\" content=\"1080\" \/>\n\t<meta property=\"og:image:height\" content=\"1080\" \/>\n\t<meta property=\"og:image:type\" content=\"image\/jpeg\" \/>\n<meta name=\"twitter:card\" content=\"summary_large_image\" \/>\n<meta name=\"twitter:label1\" content=\"Estimated reading time\" \/>\n\t<meta name=\"twitter:data1\" content=\"1 minute\" \/>\n<script type=\"application\/ld+json\" class=\"yoast-schema-graph\">{\"@context\":\"https:\/\/schema.org\",\"@graph\":[{\"@type\":\"WebPage\",\"@id\":\"https:\/\/www.ellenkantarellen.se\/produkt\/utskriftbar-duck-cancer-badkarsbox\/\",\"url\":\"https:\/\/www.ellenkantarellen.se\/produkt\/utskriftbar-duck-cancer-badkarsbox\/\",\"name\":\"Utskriftbar \\\"DUCK CANCER\\\" Badkarsbox - EllenKantarellen\",\"isPartOf\":{\"@id\":\"https:\/\/www.ellenkantarellen.se\/#website\"},\"primaryImageOfPage\":{\"@id\":\"https:\/\/www.ellenkantarellen.se\/produkt\/utskriftbar-duck-cancer-badkarsbox\/#primaryimage\"},\"image\":{\"@id\":\"https:\/\/www.ellenkantarellen.se\/produkt\/utskriftbar-duck-cancer-badkarsbox\/#primaryimage\"},\"thumbnailUrl\":\"https:\/\/www.ellenkantarellen.se\/wp-content\/uploads\/2025\/05\/produktfoton-2025-05-11T140336.350.jpg\",\"datePublished\":\"2025-05-11T12:12:17+00:00\",\"dateModified\":\"2025-05-11T14:41:14+00:00\",\"description\":\"Utskriftbar badkarsbox med \\\"DUCK CANCER\\\" meddelande till mina virkade Gummiankor! Passar till Ankor som \u00e4r cirka\u00a0 7 x 7 cm stora.\",\"breadcrumb\":{\"@id\":\"https:\/\/www.ellenkantarellen.se\/produkt\/utskriftbar-duck-cancer-badkarsbox\/#breadcrumb\"},\"inLanguage\":\"en-GB\",\"potentialAction\":[{\"@type\":\"ReadAction\",\"target\":[\"https:\/\/www.ellenkantarellen.se\/produkt\/utskriftbar-duck-cancer-badkarsbox\/\"]}]},{\"@type\":\"ImageObject\",\"inLanguage\":\"en-GB\",\"@id\":\"https:\/\/www.ellenkantarellen.se\/produkt\/utskriftbar-duck-cancer-badkarsbox\/#primaryimage\",\"url\":\"https:\/\/www.ellenkantarellen.se\/wp-content\/uploads\/2025\/05\/produktfoton-2025-05-11T140336.350.jpg\",\"contentUrl\":\"https:\/\/www.ellenkantarellen.se\/wp-content\/uploads\/2025\/05\/produktfoton-2025-05-11T140336.350.jpg\",\"width\":1080,\"height\":1080},{\"@type\":\"BreadcrumbList\",\"@id\":\"https:\/\/www.ellenkantarellen.se\/produkt\/utskriftbar-duck-cancer-badkarsbox\/#breadcrumb\",\"itemListElement\":[{\"@type\":\"ListItem\",\"position\":1,\"name\":\"Hem\",\"item\":\"https:\/\/www.ellenkantarellen.se\/\"},{\"@type\":\"ListItem\",\"position\":2,\"name\":\"Aff\u00e4r\",\"item\":\"https:\/\/www.ellenkantarellen.se\/affar\/\"},{\"@type\":\"ListItem\",\"position\":3,\"name\":\"Utskriftbar &#8221;DUCK CANCER&#8221; Badkarsbox\"}]},{\"@type\":\"WebSite\",\"@id\":\"https:\/\/www.ellenkantarellen.se\/#website\",\"url\":\"https:\/\/www.ellenkantarellen.se\/\",\"name\":\"EllenKantarellen\",\"description\":\"\",\"publisher\":{\"@id\":\"https:\/\/www.ellenkantarellen.se\/#organization\"},\"potentialAction\":[{\"@type\":\"SearchAction\",\"target\":{\"@type\":\"EntryPoint\",\"urlTemplate\":\"https:\/\/www.ellenkantarellen.se\/?s={search_term_string}\"},\"query-input\":{\"@type\":\"PropertyValueSpecification\",\"valueRequired\":true,\"valueName\":\"search_term_string\"}}],\"inLanguage\":\"en-GB\"},{\"@type\":\"Organization\",\"@id\":\"https:\/\/www.ellenkantarellen.se\/#organization\",\"name\":\"EllenKantarellen\",\"url\":\"https:\/\/www.ellenkantarellen.se\/\",\"logo\":{\"@type\":\"ImageObject\",\"inLanguage\":\"en-GB\",\"@id\":\"https:\/\/www.ellenkantarellen.se\/#\/schema\/logo\/image\/\",\"url\":\"https:\/\/www.ellenkantarellen.se\/wp-content\/uploads\/2021\/09\/ek2.png\",\"contentUrl\":\"https:\/\/www.ellenkantarellen.se\/wp-content\/uploads\/2021\/09\/ek2.png\",\"width\":2232,\"height\":508,\"caption\":\"EllenKantarellen\"},\"image\":{\"@id\":\"https:\/\/www.ellenkantarellen.se\/#\/schema\/logo\/image\/\"}}]}<\/script>\n<!-- \/ Yoast SEO plugin. -->","yoast_head_json":{"title":"Utskriftbar \"DUCK CANCER\" Badkarsbox - EllenKantarellen","description":"Utskriftbar badkarsbox med \"DUCK CANCER\" meddelande till mina virkade Gummiankor! Passar till Ankor som \u00e4r cirka\u00a0 7 x 7 cm stora.","robots":{"index":"index","follow":"follow","max-snippet":"max-snippet:-1","max-image-preview":"max-image-preview:large","max-video-preview":"max-video-preview:-1"},"canonical":"https:\/\/www.ellenkantarellen.se\/en\/product-2\/utskriftbar-duck-cancer-badkarsbox\/","og_locale":"en_GB","og_type":"article","og_title":"Utskriftbar \"DUCK CANCER\" Badkarsbox - EllenKantarellen","og_description":"Utskriftbar badkarsbox med \"DUCK CANCER\" meddelande till mina virkade Gummiankor! Passar till Ankor som \u00e4r cirka\u00a0 7 x 7 cm stora.","og_url":"https:\/\/www.ellenkantarellen.se\/en\/product-2\/utskriftbar-duck-cancer-badkarsbox\/","og_site_name":"EllenKantarellen","article_modified_time":"2025-05-11T14:41:14+00:00","og_image":[{"width":1080,"height":1080,"url":"https:\/\/www.ellenkantarellen.se\/wp-content\/uploads\/2025\/05\/produktfoton-2025-05-11T140336.350.jpg","type":"image\/jpeg"}],"twitter_card":"summary_large_image","twitter_misc":{"Estimated reading time":"1 minute"},"schema":{"@context":"https:\/\/schema.org","@graph":[{"@type":"WebPage","@id":"https:\/\/www.ellenkantarellen.se\/produkt\/utskriftbar-duck-cancer-badkarsbox\/","url":"https:\/\/www.ellenkantarellen.se\/produkt\/utskriftbar-duck-cancer-badkarsbox\/","name":"Utskriftbar \"DUCK CANCER\" Badkarsbox - EllenKantarellen","isPartOf":{"@id":"https:\/\/www.ellenkantarellen.se\/#website"},"primaryImageOfPage":{"@id":"https:\/\/www.ellenkantarellen.se\/produkt\/utskriftbar-duck-cancer-badkarsbox\/#primaryimage"},"image":{"@id":"https:\/\/www.ellenkantarellen.se\/produkt\/utskriftbar-duck-cancer-badkarsbox\/#primaryimage"},"thumbnailUrl":"https:\/\/www.ellenkantarellen.se\/wp-content\/uploads\/2025\/05\/produktfoton-2025-05-11T140336.350.jpg","datePublished":"2025-05-11T12:12:17+00:00","dateModified":"2025-05-11T14:41:14+00:00","description":"Utskriftbar badkarsbox med \"DUCK CANCER\" meddelande till mina virkade Gummiankor! Passar till Ankor som \u00e4r cirka\u00a0 7 x 7 cm stora.","breadcrumb":{"@id":"https:\/\/www.ellenkantarellen.se\/produkt\/utskriftbar-duck-cancer-badkarsbox\/#breadcrumb"},"inLanguage":"en-GB","potentialAction":[{"@type":"ReadAction","target":["https:\/\/www.ellenkantarellen.se\/produkt\/utskriftbar-duck-cancer-badkarsbox\/"]}]},{"@type":"ImageObject","inLanguage":"en-GB","@id":"https:\/\/www.ellenkantarellen.se\/produkt\/utskriftbar-duck-cancer-badkarsbox\/#primaryimage","url":"https:\/\/www.ellenkantarellen.se\/wp-content\/uploads\/2025\/05\/produktfoton-2025-05-11T140336.350.jpg","contentUrl":"https:\/\/www.ellenkantarellen.se\/wp-content\/uploads\/2025\/05\/produktfoton-2025-05-11T140336.350.jpg","width":1080,"height":1080},{"@type":"BreadcrumbList","@id":"https:\/\/www.ellenkantarellen.se\/produkt\/utskriftbar-duck-cancer-badkarsbox\/#breadcrumb","itemListElement":[{"@type":"ListItem","position":1,"name":"Hem","item":"https:\/\/www.ellenkantarellen.se\/"},{"@type":"ListItem","position":2,"name":"Aff\u00e4r","item":"https:\/\/www.ellenkantarellen.se\/affar\/"},{"@type":"ListItem","position":3,"name":"Utskriftbar &#8221;DUCK CANCER&#8221; Badkarsbox"}]},{"@type":"WebSite","@id":"https:\/\/www.ellenkantarellen.se\/#website","url":"https:\/\/www.ellenkantarellen.se\/","name":"EllenKantarellen","description":"","publisher":{"@id":"https:\/\/www.ellenkantarellen.se\/#organization"},"potentialAction":[{"@type":"SearchAction","target":{"@type":"EntryPoint","urlTemplate":"https:\/\/www.ellenkantarellen.se\/?s={search_term_string}"},"query-input":{"@type":"PropertyValueSpecification","valueRequired":true,"valueName":"search_term_string"}}],"inLanguage":"en-GB"},{"@type":"Organization","@id":"https:\/\/www.ellenkantarellen.se\/#organization","name":"EllenKantarellen","url":"https:\/\/www.ellenkantarellen.se\/","logo":{"@type":"ImageObject","inLanguage":"en-GB","@id":"https:\/\/www.ellenkantarellen.se\/#\/schema\/logo\/image\/","url":"https:\/\/www.ellenkantarellen.se\/wp-content\/uploads\/2021\/09\/ek2.png","contentUrl":"https:\/\/www.ellenkantarellen.se\/wp-content\/uploads\/2021\/09\/ek2.png","width":2232,"height":508,"caption":"EllenKantarellen"},"image":{"@id":"https:\/\/www.ellenkantarellen.se\/#\/schema\/logo\/image\/"}}]}},"_links":{"self":[{"href":"https:\/\/www.ellenkantarellen.se\/en\/wp-json\/wp\/v2\/product\/19828","targetHints":{"allow":["GET"]}}],"collection":[{"href":"https:\/\/www.ellenkantarellen.se\/en\/wp-json\/wp\/v2\/product"}],"about":[{"href":"https:\/\/www.ellenkantarellen.se\/en\/wp-json\/wp\/v2\/types\/product"}],"replies":[{"embeddable":true,"href":"https:\/\/www.ellenkantarellen.se\/en\/wp-json\/wp\/v2\/comments?post=19828"}],"wp:featuredmedia":[{"embeddable":true,"href":"https:\/\/www.ellenkantarellen.se\/en\/wp-json\/wp\/v2\/media\/19829"}],"wp:attachment":[{"href":"https:\/\/www.ellenkantarellen.se\/en\/wp-json\/wp\/v2\/media?parent=19828"}],"wp:term":[{"taxonomy":"product_brand","embeddable":true,"href":"https:\/\/www.ellenkantarellen.se\/en\/wp-json\/wp\/v2\/product_brand?post=19828"},{"taxonomy":"product_cat","embeddable":true,"href":"https:\/\/www.ellenkantarellen.se\/en\/wp-json\/wp\/v2\/product_cat?post=19828"},{"taxonomy":"product_tag","embeddable":true,"href":"https:\/\/www.ellenkantarellen.se\/en\/wp-json\/wp\/v2\/product_tag?post=19828"}],"curies":[{"name":"wp","href":"https:\/\/api.w.org\/{rel}","templated":true}]}}