{"id":19898,"date":"2025-05-13T12:28:01","date_gmt":"2025-05-13T10:28:01","guid":{"rendered":"https:\/\/www.ellenkantarellen.se\/?post_type=product&#038;p=19898"},"modified":"2025-05-13T13:04:33","modified_gmt":"2025-05-13T11:04:33","slug":"bundle-med-virkmonster-till-studentfigurer","status":"publish","type":"product","link":"https:\/\/www.ellenkantarellen.se\/en\/produkt\/bundle-med-virkmonster-till-studentfigurer\/","title":{"rendered":"Bundle med virkm\u00f6nster till Studentfigurer"},"content":{"rendered":"<p>Virkm\u00f6nster p\u00e5 supers\u00f6ta Studentfigurer! 5 M\u00f6nster med Igelkott, Gummianka, Katt, Hund och Uggla med olika storlekar p\u00e5\u00a0 studentm\u00f6ssan samt ett band att h\u00e4nga de virkade figurerna i! Perfekt att h\u00e4nga runt halsen p\u00e5 din student! Se mer detaljerad information p\u00e5 de enskilda produktbeskrivningarna!<\/p>","protected":false},"excerpt":{"rendered":"<p>Virkm\u00f6nster p\u00e5 supers\u00f6ta Studentfigurer! M\u00f6nster p\u00e5 Igelkott, Gummianka, Katt, Hund och Uggla med olika storlekar p\u00e5 studentm\u00f6ssan samt ett band att h\u00e4nga de virkade figurerna i! <strong><em>N\u00e4r du betalat f\u00f6r m\u00f6nstret kommer du automatiskt att kunna ladda ner din PDF-fil med ditt nya mysiga m\u00f6nster som kommer i mejl till dig!<\/em><\/strong><\/p>","protected":false},"featured_media":19899,"comment_status":"open","ping_status":"closed","template":"","meta":[],"product_brand":[],"product_cat":[907],"product_tag":[1147,506,903,385,1194,613,379,1121,612,1058,1195,1192,1193],"class_list":{"0":"post-19898","1":"product","2":"type-product","3":"status-publish","4":"has-post-thumbnail","6":"product_cat-sommar-studenten","7":"product_tag-virkad-anka","8":"product_tag-virkad-hund","9":"product_tag-virkad-igelkott","10":"product_tag-virkad-katt","11":"product_tag-virkad-studentfigur","12":"product_tag-virkad-studentmossa","13":"product_tag-virkad-uggla","14":"product_tag-virkat-till-glasogon","15":"product_tag-virkat-till-studenten","16":"product_tag-virkmonster-bundle","17":"product_tag-virmonster-att-hanga-runt-halsen-studenten","18":"product_tag-virmonster-studenten","19":"product_tag-virmonster-studentmossa","21":"first","22":"instock","23":"virtual","24":"taxable","25":"purchasable","26":"product-type-bundle"},"bundled_by":[],"bundle_stock_status":"instock","bundle_stock_quantity":"","bundle_virtual":false,"bundle_layout":"default","bundle_add_to_cart_form_location":"default","bundle_editable_in_cart":false,"bundle_sold_individually_context":"product","bundle_item_grouping":"parent","bundle_min_size":"","bundle_max_size":"","bundle_price":{"price":{"min":{"incl_tax":"100","excl_tax":"94.339623"},"max":{"incl_tax":"100","excl_tax":"94.339623"}},"regular_price":{"min":{"incl_tax":"100","excl_tax":"94.339623"},"max":{"incl_tax":"100","excl_tax":"94.339623"}}},"bundled_items":[{"bundled_item_id":26,"product_id":19414,"menu_order":0,"quantity_min":1,"quantity_max":1,"quantity_default":1,"priced_individually":false,"shipped_individually":true,"override_title":false,"title":"M\u00f6nster Virkad GummiAnka med bonusm\u00f6nster studentm\u00f6ssa","override_description":false,"description":"","optional":false,"hide_thumbnail":false,"discount":"","override_variations":false,"allowed_variations":[],"override_default_variation_attributes":false,"default_variation_attributes":[],"single_product_visibility":"visible","cart_visibility":"visible","order_visibility":"visible","single_product_price_visibility":"visible","cart_price_visibility":"visible","order_price_visibility":"visible","stock_status":"in_stock"},{"bundled_item_id":27,"product_id":12769,"menu_order":1,"quantity_min":1,"quantity_max":1,"quantity_default":1,"priced_individually":false,"shipped_individually":true,"override_title":false,"title":"Student Hedgehog with lanyard crochet pattern","override_description":false,"description":"","optional":false,"hide_thumbnail":false,"discount":"","override_variations":false,"allowed_variations":[],"override_default_variation_attributes":false,"default_variation_attributes":[],"single_product_visibility":"visible","cart_visibility":"visible","order_visibility":"visible","single_product_price_visibility":"visible","cart_price_visibility":"visible","order_price_visibility":"visible","stock_status":"in_stock"},{"bundled_item_id":28,"product_id":4487,"menu_order":2,"quantity_min":1,"quantity_max":1,"quantity_default":1,"priced_individually":false,"shipped_individually":true,"override_title":false,"title":"Gratuation cat crochet pattern","override_description":false,"description":"","optional":false,"hide_thumbnail":false,"discount":"","override_variations":false,"allowed_variations":[],"override_default_variation_attributes":false,"default_variation_attributes":[],"single_product_visibility":"visible","cart_visibility":"visible","order_visibility":"visible","single_product_price_visibility":"visible","cart_price_visibility":"visible","order_price_visibility":"visible","stock_status":"in_stock"},{"bundled_item_id":29,"product_id":4444,"menu_order":3,"quantity_min":1,"quantity_max":1,"quantity_default":1,"priced_individually":false,"shipped_individually":true,"override_title":false,"title":"Cute owls crochet pattern","override_description":false,"description":"","optional":false,"hide_thumbnail":false,"discount":"","override_variations":false,"allowed_variations":[],"override_default_variation_attributes":false,"default_variation_attributes":[],"single_product_visibility":"visible","cart_visibility":"visible","order_visibility":"visible","single_product_price_visibility":"visible","cart_price_visibility":"visible","order_price_visibility":"visible","stock_status":"in_stock"},{"bundled_item_id":30,"product_id":7572,"menu_order":4,"quantity_min":1,"quantity_max":1,"quantity_default":1,"priced_individually":false,"shipped_individually":true,"override_title":false,"title":"Fluffy no sew puppies crochet pattern","override_description":false,"description":"","optional":false,"hide_thumbnail":false,"discount":"","override_variations":false,"allowed_variations":[],"override_default_variation_attributes":false,"default_variation_attributes":[],"single_product_visibility":"visible","cart_visibility":"visible","order_visibility":"visible","single_product_price_visibility":"visible","cart_price_visibility":"visible","order_price_visibility":"visible","stock_status":"in_stock"}],"bundle_sell_ids":[],"yoast_head":"<!-- This site is optimized with the Yoast SEO plugin v27.0 - https:\/\/yoast.com\/product\/yoast-seo-wordpress\/ -->\n<title>Bundle med virkm\u00f6nster till Studentfigurer - EllenKantarellen<\/title>\n<meta name=\"description\" content=\"Virkm\u00f6nster p\u00e5 supers\u00f6ta Studentfigurer! M\u00f6nster p\u00e5 Igelkott, Gummianka, Katt, Hund och Uggla med studentm\u00f6ssor samt ett band att h\u00e4nga dem i!\" \/>\n<meta name=\"robots\" content=\"index, follow, max-snippet:-1, max-image-preview:large, max-video-preview:-1\" \/>\n<link rel=\"canonical\" href=\"https:\/\/www.ellenkantarellen.se\/en\/product-2\/bundle-med-virkmonster-till-studentfigurer\/\" \/>\n<meta property=\"og:locale\" content=\"en_GB\" \/>\n<meta property=\"og:type\" content=\"article\" \/>\n<meta property=\"og:title\" content=\"Bundle med virkm\u00f6nster till Studentfigurer - EllenKantarellen\" \/>\n<meta property=\"og:description\" content=\"Virkm\u00f6nster p\u00e5 supers\u00f6ta Studentfigurer! M\u00f6nster p\u00e5 Igelkott, Gummianka, Katt, Hund och Uggla med studentm\u00f6ssor samt ett band att h\u00e4nga dem i!\" \/>\n<meta property=\"og:url\" content=\"https:\/\/www.ellenkantarellen.se\/en\/product-2\/bundle-med-virkmonster-till-studentfigurer\/\" \/>\n<meta property=\"og:site_name\" content=\"EllenKantarellen\" \/>\n<meta property=\"article:modified_time\" content=\"2025-05-13T11:04:33+00:00\" \/>\n<meta property=\"og:image\" content=\"https:\/\/www.ellenkantarellen.se\/wp-content\/uploads\/2025\/05\/BUNDLES.jpg\" \/>\n\t<meta property=\"og:image:width\" content=\"1080\" \/>\n\t<meta property=\"og:image:height\" content=\"1080\" \/>\n\t<meta property=\"og:image:type\" content=\"image\/jpeg\" \/>\n<meta name=\"twitter:card\" content=\"summary_large_image\" \/>\n<meta name=\"twitter:label1\" content=\"Estimated reading time\" \/>\n\t<meta name=\"twitter:data1\" content=\"1 minute\" \/>\n<script type=\"application\/ld+json\" class=\"yoast-schema-graph\">{\"@context\":\"https:\/\/schema.org\",\"@graph\":[{\"@type\":\"WebPage\",\"@id\":\"https:\/\/www.ellenkantarellen.se\/produkt\/bundle-med-virkmonster-till-studentfigurer\/\",\"url\":\"https:\/\/www.ellenkantarellen.se\/produkt\/bundle-med-virkmonster-till-studentfigurer\/\",\"name\":\"Bundle med virkm\u00f6nster till Studentfigurer - EllenKantarellen\",\"isPartOf\":{\"@id\":\"https:\/\/www.ellenkantarellen.se\/#website\"},\"primaryImageOfPage\":{\"@id\":\"https:\/\/www.ellenkantarellen.se\/produkt\/bundle-med-virkmonster-till-studentfigurer\/#primaryimage\"},\"image\":{\"@id\":\"https:\/\/www.ellenkantarellen.se\/produkt\/bundle-med-virkmonster-till-studentfigurer\/#primaryimage\"},\"thumbnailUrl\":\"https:\/\/www.ellenkantarellen.se\/wp-content\/uploads\/2025\/05\/BUNDLES.jpg\",\"datePublished\":\"2025-05-13T10:28:01+00:00\",\"dateModified\":\"2025-05-13T11:04:33+00:00\",\"description\":\"Virkm\u00f6nster p\u00e5 supers\u00f6ta Studentfigurer! M\u00f6nster p\u00e5 Igelkott, Gummianka, Katt, Hund och Uggla med studentm\u00f6ssor samt ett band att h\u00e4nga dem i!\",\"breadcrumb\":{\"@id\":\"https:\/\/www.ellenkantarellen.se\/produkt\/bundle-med-virkmonster-till-studentfigurer\/#breadcrumb\"},\"inLanguage\":\"en-GB\",\"potentialAction\":[{\"@type\":\"ReadAction\",\"target\":[\"https:\/\/www.ellenkantarellen.se\/produkt\/bundle-med-virkmonster-till-studentfigurer\/\"]}]},{\"@type\":\"ImageObject\",\"inLanguage\":\"en-GB\",\"@id\":\"https:\/\/www.ellenkantarellen.se\/produkt\/bundle-med-virkmonster-till-studentfigurer\/#primaryimage\",\"url\":\"https:\/\/www.ellenkantarellen.se\/wp-content\/uploads\/2025\/05\/BUNDLES.jpg\",\"contentUrl\":\"https:\/\/www.ellenkantarellen.se\/wp-content\/uploads\/2025\/05\/BUNDLES.jpg\",\"width\":1080,\"height\":1080},{\"@type\":\"BreadcrumbList\",\"@id\":\"https:\/\/www.ellenkantarellen.se\/produkt\/bundle-med-virkmonster-till-studentfigurer\/#breadcrumb\",\"itemListElement\":[{\"@type\":\"ListItem\",\"position\":1,\"name\":\"Hem\",\"item\":\"https:\/\/www.ellenkantarellen.se\/\"},{\"@type\":\"ListItem\",\"position\":2,\"name\":\"Aff\u00e4r\",\"item\":\"https:\/\/www.ellenkantarellen.se\/affar\/\"},{\"@type\":\"ListItem\",\"position\":3,\"name\":\"Bundle med virkm\u00f6nster till Studentfigurer\"}]},{\"@type\":\"WebSite\",\"@id\":\"https:\/\/www.ellenkantarellen.se\/#website\",\"url\":\"https:\/\/www.ellenkantarellen.se\/\",\"name\":\"EllenKantarellen\",\"description\":\"\",\"publisher\":{\"@id\":\"https:\/\/www.ellenkantarellen.se\/#organization\"},\"potentialAction\":[{\"@type\":\"SearchAction\",\"target\":{\"@type\":\"EntryPoint\",\"urlTemplate\":\"https:\/\/www.ellenkantarellen.se\/?s={search_term_string}\"},\"query-input\":{\"@type\":\"PropertyValueSpecification\",\"valueRequired\":true,\"valueName\":\"search_term_string\"}}],\"inLanguage\":\"en-GB\"},{\"@type\":\"Organization\",\"@id\":\"https:\/\/www.ellenkantarellen.se\/#organization\",\"name\":\"EllenKantarellen\",\"url\":\"https:\/\/www.ellenkantarellen.se\/\",\"logo\":{\"@type\":\"ImageObject\",\"inLanguage\":\"en-GB\",\"@id\":\"https:\/\/www.ellenkantarellen.se\/#\/schema\/logo\/image\/\",\"url\":\"https:\/\/www.ellenkantarellen.se\/wp-content\/uploads\/2021\/09\/ek2.png\",\"contentUrl\":\"https:\/\/www.ellenkantarellen.se\/wp-content\/uploads\/2021\/09\/ek2.png\",\"width\":2232,\"height\":508,\"caption\":\"EllenKantarellen\"},\"image\":{\"@id\":\"https:\/\/www.ellenkantarellen.se\/#\/schema\/logo\/image\/\"}}]}<\/script>\n<!-- \/ Yoast SEO plugin. -->","yoast_head_json":{"title":"Bundle med virkm\u00f6nster till Studentfigurer - EllenKantarellen","description":"Virkm\u00f6nster p\u00e5 supers\u00f6ta Studentfigurer! M\u00f6nster p\u00e5 Igelkott, Gummianka, Katt, Hund och Uggla med studentm\u00f6ssor samt ett band att h\u00e4nga dem i!","robots":{"index":"index","follow":"follow","max-snippet":"max-snippet:-1","max-image-preview":"max-image-preview:large","max-video-preview":"max-video-preview:-1"},"canonical":"https:\/\/www.ellenkantarellen.se\/en\/product-2\/bundle-med-virkmonster-till-studentfigurer\/","og_locale":"en_GB","og_type":"article","og_title":"Bundle med virkm\u00f6nster till Studentfigurer - EllenKantarellen","og_description":"Virkm\u00f6nster p\u00e5 supers\u00f6ta Studentfigurer! M\u00f6nster p\u00e5 Igelkott, Gummianka, Katt, Hund och Uggla med studentm\u00f6ssor samt ett band att h\u00e4nga dem i!","og_url":"https:\/\/www.ellenkantarellen.se\/en\/product-2\/bundle-med-virkmonster-till-studentfigurer\/","og_site_name":"EllenKantarellen","article_modified_time":"2025-05-13T11:04:33+00:00","og_image":[{"width":1080,"height":1080,"url":"https:\/\/www.ellenkantarellen.se\/wp-content\/uploads\/2025\/05\/BUNDLES.jpg","type":"image\/jpeg"}],"twitter_card":"summary_large_image","twitter_misc":{"Estimated reading time":"1 minute"},"schema":{"@context":"https:\/\/schema.org","@graph":[{"@type":"WebPage","@id":"https:\/\/www.ellenkantarellen.se\/produkt\/bundle-med-virkmonster-till-studentfigurer\/","url":"https:\/\/www.ellenkantarellen.se\/produkt\/bundle-med-virkmonster-till-studentfigurer\/","name":"Bundle med virkm\u00f6nster till Studentfigurer - EllenKantarellen","isPartOf":{"@id":"https:\/\/www.ellenkantarellen.se\/#website"},"primaryImageOfPage":{"@id":"https:\/\/www.ellenkantarellen.se\/produkt\/bundle-med-virkmonster-till-studentfigurer\/#primaryimage"},"image":{"@id":"https:\/\/www.ellenkantarellen.se\/produkt\/bundle-med-virkmonster-till-studentfigurer\/#primaryimage"},"thumbnailUrl":"https:\/\/www.ellenkantarellen.se\/wp-content\/uploads\/2025\/05\/BUNDLES.jpg","datePublished":"2025-05-13T10:28:01+00:00","dateModified":"2025-05-13T11:04:33+00:00","description":"Virkm\u00f6nster p\u00e5 supers\u00f6ta Studentfigurer! M\u00f6nster p\u00e5 Igelkott, Gummianka, Katt, Hund och Uggla med studentm\u00f6ssor samt ett band att h\u00e4nga dem i!","breadcrumb":{"@id":"https:\/\/www.ellenkantarellen.se\/produkt\/bundle-med-virkmonster-till-studentfigurer\/#breadcrumb"},"inLanguage":"en-GB","potentialAction":[{"@type":"ReadAction","target":["https:\/\/www.ellenkantarellen.se\/produkt\/bundle-med-virkmonster-till-studentfigurer\/"]}]},{"@type":"ImageObject","inLanguage":"en-GB","@id":"https:\/\/www.ellenkantarellen.se\/produkt\/bundle-med-virkmonster-till-studentfigurer\/#primaryimage","url":"https:\/\/www.ellenkantarellen.se\/wp-content\/uploads\/2025\/05\/BUNDLES.jpg","contentUrl":"https:\/\/www.ellenkantarellen.se\/wp-content\/uploads\/2025\/05\/BUNDLES.jpg","width":1080,"height":1080},{"@type":"BreadcrumbList","@id":"https:\/\/www.ellenkantarellen.se\/produkt\/bundle-med-virkmonster-till-studentfigurer\/#breadcrumb","itemListElement":[{"@type":"ListItem","position":1,"name":"Hem","item":"https:\/\/www.ellenkantarellen.se\/"},{"@type":"ListItem","position":2,"name":"Aff\u00e4r","item":"https:\/\/www.ellenkantarellen.se\/affar\/"},{"@type":"ListItem","position":3,"name":"Bundle med virkm\u00f6nster till Studentfigurer"}]},{"@type":"WebSite","@id":"https:\/\/www.ellenkantarellen.se\/#website","url":"https:\/\/www.ellenkantarellen.se\/","name":"EllenKantarellen","description":"","publisher":{"@id":"https:\/\/www.ellenkantarellen.se\/#organization"},"potentialAction":[{"@type":"SearchAction","target":{"@type":"EntryPoint","urlTemplate":"https:\/\/www.ellenkantarellen.se\/?s={search_term_string}"},"query-input":{"@type":"PropertyValueSpecification","valueRequired":true,"valueName":"search_term_string"}}],"inLanguage":"en-GB"},{"@type":"Organization","@id":"https:\/\/www.ellenkantarellen.se\/#organization","name":"EllenKantarellen","url":"https:\/\/www.ellenkantarellen.se\/","logo":{"@type":"ImageObject","inLanguage":"en-GB","@id":"https:\/\/www.ellenkantarellen.se\/#\/schema\/logo\/image\/","url":"https:\/\/www.ellenkantarellen.se\/wp-content\/uploads\/2021\/09\/ek2.png","contentUrl":"https:\/\/www.ellenkantarellen.se\/wp-content\/uploads\/2021\/09\/ek2.png","width":2232,"height":508,"caption":"EllenKantarellen"},"image":{"@id":"https:\/\/www.ellenkantarellen.se\/#\/schema\/logo\/image\/"}}]}},"_links":{"self":[{"href":"https:\/\/www.ellenkantarellen.se\/en\/wp-json\/wp\/v2\/product\/19898","targetHints":{"allow":["GET"]}}],"collection":[{"href":"https:\/\/www.ellenkantarellen.se\/en\/wp-json\/wp\/v2\/product"}],"about":[{"href":"https:\/\/www.ellenkantarellen.se\/en\/wp-json\/wp\/v2\/types\/product"}],"replies":[{"embeddable":true,"href":"https:\/\/www.ellenkantarellen.se\/en\/wp-json\/wp\/v2\/comments?post=19898"}],"wp:featuredmedia":[{"embeddable":true,"href":"https:\/\/www.ellenkantarellen.se\/en\/wp-json\/wp\/v2\/media\/19899"}],"wp:attachment":[{"href":"https:\/\/www.ellenkantarellen.se\/en\/wp-json\/wp\/v2\/media?parent=19898"}],"wp:term":[{"taxonomy":"product_brand","embeddable":true,"href":"https:\/\/www.ellenkantarellen.se\/en\/wp-json\/wp\/v2\/product_brand?post=19898"},{"taxonomy":"product_cat","embeddable":true,"href":"https:\/\/www.ellenkantarellen.se\/en\/wp-json\/wp\/v2\/product_cat?post=19898"},{"taxonomy":"product_tag","embeddable":true,"href":"https:\/\/www.ellenkantarellen.se\/en\/wp-json\/wp\/v2\/product_tag?post=19898"}],"curies":[{"name":"wp","href":"https:\/\/api.w.org\/{rel}","templated":true}]}}