{"id":19950,"date":"2025-05-16T10:27:58","date_gmt":"2025-05-16T08:27:58","guid":{"rendered":"https:\/\/www.ellenkantarellen.se\/?post_type=product&#038;p=19950"},"modified":"2025-12-02T07:08:57","modified_gmt":"2025-12-02T06:08:57","slug":"monster-virkad-dregglis-med-slips-fluga","status":"publish","type":"product","link":"https:\/\/www.ellenkantarellen.se\/en\/produkt\/monster-virkad-dregglis-med-slips-fluga\/","title":{"rendered":"M\u00f6nster virkad Dregglis med Slips &#038; Fluga"},"content":{"rendered":"<p>M\u00f6nster p\u00e5 min s\u00f6ta virkade s\u00f6ta Dregglis med Slips &amp; Fluga. Blir inte mycket s\u00f6tare \u00e4n s\u00e5 h\u00e4r n\u00e4r den lille ska fira sin egen eller n\u00e5gon annans h\u00f6gtid! M\u00f6nstret visar tv\u00e5 storlekar: 0-6 m\u00e5n samt 6 m\u00e5n och upp\u00e5t! Detta m\u00f6nster passar b\u00e5de nyb\u00f6rjare och erfaren och storlekar \u00e4ndras enkelt genom storlek p\u00e5 virkn\u00e5l! Om du vill ge bort din nya Dregglis kan du \u00e4ven f\u00e5 den att se lite proffsigare ut med <a href=\"https:\/\/www.ellenkantarellen.se\/en\/product-2\/etiketter-till-virkad-dregglis\/\">these tags!<\/a><\/p>\n<p>&nbsp;<\/p>","protected":false},"excerpt":{"rendered":"<p><em>M\u00f6nster p\u00e5 min s\u00f6ta virkade s\u00f6ta Dregglis med Slips &amp; Fluga. Blir inte mycket s\u00f6tare \u00e4n s\u00e5 h\u00e4r n\u00e4r den lille ska fira sin egen eller n\u00e5gon annans h\u00f6gtid! <\/em><strong><em>N\u00e4r du betalat f\u00f6r m\u00f6nstret kommer du automatiskt att kunna ladda ner din PDF-fil med ditt nya s\u00f6ta m\u00f6nster som kommer i mejl till dig!<\/em><\/strong><\/p>","protected":false},"featured_media":19951,"comment_status":"open","ping_status":"closed","template":"","meta":[],"product_brand":[],"product_cat":[303],"product_tag":[440,438,439,1199,1198,441,755,442],"class_list":{"0":"post-19950","1":"product","2":"type-product","3":"status-publish","4":"has-post-thumbnail","6":"product_cat-monster-till-baby","7":"product_tag-dregglis-vintage","8":"product_tag-monster-virkad-dregglis","9":"product_tag-virkad-dregglis","10":"product_tag-virkad-dregglis-med-fluga","11":"product_tag-virkad-dregglis-med-slips","12":"product_tag-virkmonster-dregglis","13":"product_tag-virkmonster-dregglis-pojke","14":"product_tag-virkmonster-vintage","16":"first","17":"instock","18":"downloadable","19":"virtual","20":"taxable","21":"purchasable","22":"product-type-simple"},"bundled_by":[],"bundle_stock_status":"instock","bundle_stock_quantity":null,"bundle_virtual":false,"bundle_layout":"","bundle_add_to_cart_form_location":"","bundle_editable_in_cart":false,"bundle_sold_individually_context":"","bundle_item_grouping":"","bundle_min_size":"","bundle_max_size":"","bundle_price":[],"bundled_items":[],"bundle_sell_ids":[],"yoast_head":"<!-- This site is optimized with the Yoast SEO plugin v27.0 - https:\/\/yoast.com\/product\/yoast-seo-wordpress\/ -->\n<title>M\u00f6nster virkad Dregglis med Slips &amp; Fluga - EllenKantarellen<\/title>\n<meta name=\"description\" content=\"M\u00f6nster p\u00e5 min s\u00f6ta virkade s\u00f6ta Dregglis med Slips &amp; Fluga. Blir inte mycket s\u00f6tare \u00e4n s\u00e5 h\u00e4r n\u00e4r den lille ska fira sin egen eller n\u00e5gon annans h\u00f6gtid!\" \/>\n<meta name=\"robots\" content=\"index, follow, max-snippet:-1, max-image-preview:large, max-video-preview:-1\" \/>\n<link rel=\"canonical\" href=\"https:\/\/www.ellenkantarellen.se\/en\/product-2\/monster-virkad-dregglis-med-slips-fluga\/\" \/>\n<meta property=\"og:locale\" content=\"en_GB\" \/>\n<meta property=\"og:type\" content=\"article\" \/>\n<meta property=\"og:title\" content=\"M\u00f6nster virkad Dregglis med Slips &amp; Fluga - EllenKantarellen\" \/>\n<meta property=\"og:description\" content=\"M\u00f6nster p\u00e5 min s\u00f6ta virkade s\u00f6ta Dregglis med Slips &amp; Fluga. Blir inte mycket s\u00f6tare \u00e4n s\u00e5 h\u00e4r n\u00e4r den lille ska fira sin egen eller n\u00e5gon annans h\u00f6gtid!\" \/>\n<meta property=\"og:url\" content=\"https:\/\/www.ellenkantarellen.se\/en\/product-2\/monster-virkad-dregglis-med-slips-fluga\/\" \/>\n<meta property=\"og:site_name\" content=\"EllenKantarellen\" \/>\n<meta property=\"article:modified_time\" content=\"2025-12-02T06:08:57+00:00\" \/>\n<meta property=\"og:image\" content=\"https:\/\/www.ellenkantarellen.se\/wp-content\/uploads\/2025\/05\/produktfoton-2025-05-16T102340.248.jpg\" \/>\n\t<meta property=\"og:image:width\" content=\"1080\" \/>\n\t<meta property=\"og:image:height\" content=\"1080\" \/>\n\t<meta property=\"og:image:type\" content=\"image\/jpeg\" \/>\n<meta name=\"twitter:card\" content=\"summary_large_image\" \/>\n<meta name=\"twitter:label1\" content=\"Estimated reading time\" \/>\n\t<meta name=\"twitter:data1\" content=\"1 minute\" \/>\n<script type=\"application\/ld+json\" class=\"yoast-schema-graph\">{\"@context\":\"https:\/\/schema.org\",\"@graph\":[{\"@type\":\"WebPage\",\"@id\":\"https:\/\/www.ellenkantarellen.se\/produkt\/monster-virkad-dregglis-med-slips-fluga\/\",\"url\":\"https:\/\/www.ellenkantarellen.se\/produkt\/monster-virkad-dregglis-med-slips-fluga\/\",\"name\":\"M\u00f6nster virkad Dregglis med Slips & Fluga - EllenKantarellen\",\"isPartOf\":{\"@id\":\"https:\/\/www.ellenkantarellen.se\/#website\"},\"primaryImageOfPage\":{\"@id\":\"https:\/\/www.ellenkantarellen.se\/produkt\/monster-virkad-dregglis-med-slips-fluga\/#primaryimage\"},\"image\":{\"@id\":\"https:\/\/www.ellenkantarellen.se\/produkt\/monster-virkad-dregglis-med-slips-fluga\/#primaryimage\"},\"thumbnailUrl\":\"https:\/\/www.ellenkantarellen.se\/wp-content\/uploads\/2025\/05\/produktfoton-2025-05-16T102340.248.jpg\",\"datePublished\":\"2025-05-16T08:27:58+00:00\",\"dateModified\":\"2025-12-02T06:08:57+00:00\",\"description\":\"M\u00f6nster p\u00e5 min s\u00f6ta virkade s\u00f6ta Dregglis med Slips & Fluga. Blir inte mycket s\u00f6tare \u00e4n s\u00e5 h\u00e4r n\u00e4r den lille ska fira sin egen eller n\u00e5gon annans h\u00f6gtid!\",\"breadcrumb\":{\"@id\":\"https:\/\/www.ellenkantarellen.se\/produkt\/monster-virkad-dregglis-med-slips-fluga\/#breadcrumb\"},\"inLanguage\":\"en-GB\",\"potentialAction\":[{\"@type\":\"ReadAction\",\"target\":[\"https:\/\/www.ellenkantarellen.se\/produkt\/monster-virkad-dregglis-med-slips-fluga\/\"]}]},{\"@type\":\"ImageObject\",\"inLanguage\":\"en-GB\",\"@id\":\"https:\/\/www.ellenkantarellen.se\/produkt\/monster-virkad-dregglis-med-slips-fluga\/#primaryimage\",\"url\":\"https:\/\/www.ellenkantarellen.se\/wp-content\/uploads\/2025\/05\/produktfoton-2025-05-16T102340.248.jpg\",\"contentUrl\":\"https:\/\/www.ellenkantarellen.se\/wp-content\/uploads\/2025\/05\/produktfoton-2025-05-16T102340.248.jpg\",\"width\":1080,\"height\":1080},{\"@type\":\"BreadcrumbList\",\"@id\":\"https:\/\/www.ellenkantarellen.se\/produkt\/monster-virkad-dregglis-med-slips-fluga\/#breadcrumb\",\"itemListElement\":[{\"@type\":\"ListItem\",\"position\":1,\"name\":\"Hem\",\"item\":\"https:\/\/www.ellenkantarellen.se\/\"},{\"@type\":\"ListItem\",\"position\":2,\"name\":\"Aff\u00e4r\",\"item\":\"https:\/\/www.ellenkantarellen.se\/affar\/\"},{\"@type\":\"ListItem\",\"position\":3,\"name\":\"M\u00f6nster virkad Dregglis med Slips &#038; Fluga\"}]},{\"@type\":\"WebSite\",\"@id\":\"https:\/\/www.ellenkantarellen.se\/#website\",\"url\":\"https:\/\/www.ellenkantarellen.se\/\",\"name\":\"EllenKantarellen\",\"description\":\"\",\"publisher\":{\"@id\":\"https:\/\/www.ellenkantarellen.se\/#organization\"},\"potentialAction\":[{\"@type\":\"SearchAction\",\"target\":{\"@type\":\"EntryPoint\",\"urlTemplate\":\"https:\/\/www.ellenkantarellen.se\/?s={search_term_string}\"},\"query-input\":{\"@type\":\"PropertyValueSpecification\",\"valueRequired\":true,\"valueName\":\"search_term_string\"}}],\"inLanguage\":\"en-GB\"},{\"@type\":\"Organization\",\"@id\":\"https:\/\/www.ellenkantarellen.se\/#organization\",\"name\":\"EllenKantarellen\",\"url\":\"https:\/\/www.ellenkantarellen.se\/\",\"logo\":{\"@type\":\"ImageObject\",\"inLanguage\":\"en-GB\",\"@id\":\"https:\/\/www.ellenkantarellen.se\/#\/schema\/logo\/image\/\",\"url\":\"https:\/\/www.ellenkantarellen.se\/wp-content\/uploads\/2021\/09\/ek2.png\",\"contentUrl\":\"https:\/\/www.ellenkantarellen.se\/wp-content\/uploads\/2021\/09\/ek2.png\",\"width\":2232,\"height\":508,\"caption\":\"EllenKantarellen\"},\"image\":{\"@id\":\"https:\/\/www.ellenkantarellen.se\/#\/schema\/logo\/image\/\"}}]}<\/script>\n<!-- \/ Yoast SEO plugin. -->","yoast_head_json":{"title":"M\u00f6nster virkad Dregglis med Slips & Fluga - EllenKantarellen","description":"M\u00f6nster p\u00e5 min s\u00f6ta virkade s\u00f6ta Dregglis med Slips & Fluga. Blir inte mycket s\u00f6tare \u00e4n s\u00e5 h\u00e4r n\u00e4r den lille ska fira sin egen eller n\u00e5gon annans h\u00f6gtid!","robots":{"index":"index","follow":"follow","max-snippet":"max-snippet:-1","max-image-preview":"max-image-preview:large","max-video-preview":"max-video-preview:-1"},"canonical":"https:\/\/www.ellenkantarellen.se\/en\/product-2\/monster-virkad-dregglis-med-slips-fluga\/","og_locale":"en_GB","og_type":"article","og_title":"M\u00f6nster virkad Dregglis med Slips & Fluga - EllenKantarellen","og_description":"M\u00f6nster p\u00e5 min s\u00f6ta virkade s\u00f6ta Dregglis med Slips & Fluga. Blir inte mycket s\u00f6tare \u00e4n s\u00e5 h\u00e4r n\u00e4r den lille ska fira sin egen eller n\u00e5gon annans h\u00f6gtid!","og_url":"https:\/\/www.ellenkantarellen.se\/en\/product-2\/monster-virkad-dregglis-med-slips-fluga\/","og_site_name":"EllenKantarellen","article_modified_time":"2025-12-02T06:08:57+00:00","og_image":[{"width":1080,"height":1080,"url":"https:\/\/www.ellenkantarellen.se\/wp-content\/uploads\/2025\/05\/produktfoton-2025-05-16T102340.248.jpg","type":"image\/jpeg"}],"twitter_card":"summary_large_image","twitter_misc":{"Estimated reading time":"1 minute"},"schema":{"@context":"https:\/\/schema.org","@graph":[{"@type":"WebPage","@id":"https:\/\/www.ellenkantarellen.se\/produkt\/monster-virkad-dregglis-med-slips-fluga\/","url":"https:\/\/www.ellenkantarellen.se\/produkt\/monster-virkad-dregglis-med-slips-fluga\/","name":"M\u00f6nster virkad Dregglis med Slips & Fluga - EllenKantarellen","isPartOf":{"@id":"https:\/\/www.ellenkantarellen.se\/#website"},"primaryImageOfPage":{"@id":"https:\/\/www.ellenkantarellen.se\/produkt\/monster-virkad-dregglis-med-slips-fluga\/#primaryimage"},"image":{"@id":"https:\/\/www.ellenkantarellen.se\/produkt\/monster-virkad-dregglis-med-slips-fluga\/#primaryimage"},"thumbnailUrl":"https:\/\/www.ellenkantarellen.se\/wp-content\/uploads\/2025\/05\/produktfoton-2025-05-16T102340.248.jpg","datePublished":"2025-05-16T08:27:58+00:00","dateModified":"2025-12-02T06:08:57+00:00","description":"M\u00f6nster p\u00e5 min s\u00f6ta virkade s\u00f6ta Dregglis med Slips & Fluga. Blir inte mycket s\u00f6tare \u00e4n s\u00e5 h\u00e4r n\u00e4r den lille ska fira sin egen eller n\u00e5gon annans h\u00f6gtid!","breadcrumb":{"@id":"https:\/\/www.ellenkantarellen.se\/produkt\/monster-virkad-dregglis-med-slips-fluga\/#breadcrumb"},"inLanguage":"en-GB","potentialAction":[{"@type":"ReadAction","target":["https:\/\/www.ellenkantarellen.se\/produkt\/monster-virkad-dregglis-med-slips-fluga\/"]}]},{"@type":"ImageObject","inLanguage":"en-GB","@id":"https:\/\/www.ellenkantarellen.se\/produkt\/monster-virkad-dregglis-med-slips-fluga\/#primaryimage","url":"https:\/\/www.ellenkantarellen.se\/wp-content\/uploads\/2025\/05\/produktfoton-2025-05-16T102340.248.jpg","contentUrl":"https:\/\/www.ellenkantarellen.se\/wp-content\/uploads\/2025\/05\/produktfoton-2025-05-16T102340.248.jpg","width":1080,"height":1080},{"@type":"BreadcrumbList","@id":"https:\/\/www.ellenkantarellen.se\/produkt\/monster-virkad-dregglis-med-slips-fluga\/#breadcrumb","itemListElement":[{"@type":"ListItem","position":1,"name":"Hem","item":"https:\/\/www.ellenkantarellen.se\/"},{"@type":"ListItem","position":2,"name":"Aff\u00e4r","item":"https:\/\/www.ellenkantarellen.se\/affar\/"},{"@type":"ListItem","position":3,"name":"M\u00f6nster virkad Dregglis med Slips &#038; Fluga"}]},{"@type":"WebSite","@id":"https:\/\/www.ellenkantarellen.se\/#website","url":"https:\/\/www.ellenkantarellen.se\/","name":"EllenKantarellen","description":"","publisher":{"@id":"https:\/\/www.ellenkantarellen.se\/#organization"},"potentialAction":[{"@type":"SearchAction","target":{"@type":"EntryPoint","urlTemplate":"https:\/\/www.ellenkantarellen.se\/?s={search_term_string}"},"query-input":{"@type":"PropertyValueSpecification","valueRequired":true,"valueName":"search_term_string"}}],"inLanguage":"en-GB"},{"@type":"Organization","@id":"https:\/\/www.ellenkantarellen.se\/#organization","name":"EllenKantarellen","url":"https:\/\/www.ellenkantarellen.se\/","logo":{"@type":"ImageObject","inLanguage":"en-GB","@id":"https:\/\/www.ellenkantarellen.se\/#\/schema\/logo\/image\/","url":"https:\/\/www.ellenkantarellen.se\/wp-content\/uploads\/2021\/09\/ek2.png","contentUrl":"https:\/\/www.ellenkantarellen.se\/wp-content\/uploads\/2021\/09\/ek2.png","width":2232,"height":508,"caption":"EllenKantarellen"},"image":{"@id":"https:\/\/www.ellenkantarellen.se\/#\/schema\/logo\/image\/"}}]}},"_links":{"self":[{"href":"https:\/\/www.ellenkantarellen.se\/en\/wp-json\/wp\/v2\/product\/19950","targetHints":{"allow":["GET"]}}],"collection":[{"href":"https:\/\/www.ellenkantarellen.se\/en\/wp-json\/wp\/v2\/product"}],"about":[{"href":"https:\/\/www.ellenkantarellen.se\/en\/wp-json\/wp\/v2\/types\/product"}],"replies":[{"embeddable":true,"href":"https:\/\/www.ellenkantarellen.se\/en\/wp-json\/wp\/v2\/comments?post=19950"}],"wp:featuredmedia":[{"embeddable":true,"href":"https:\/\/www.ellenkantarellen.se\/en\/wp-json\/wp\/v2\/media\/19951"}],"wp:attachment":[{"href":"https:\/\/www.ellenkantarellen.se\/en\/wp-json\/wp\/v2\/media?parent=19950"}],"wp:term":[{"taxonomy":"product_brand","embeddable":true,"href":"https:\/\/www.ellenkantarellen.se\/en\/wp-json\/wp\/v2\/product_brand?post=19950"},{"taxonomy":"product_cat","embeddable":true,"href":"https:\/\/www.ellenkantarellen.se\/en\/wp-json\/wp\/v2\/product_cat?post=19950"},{"taxonomy":"product_tag","embeddable":true,"href":"https:\/\/www.ellenkantarellen.se\/en\/wp-json\/wp\/v2\/product_tag?post=19950"}],"curies":[{"name":"wp","href":"https:\/\/api.w.org\/{rel}","templated":true}]}}