{"id":20682,"date":"2025-06-18T22:20:38","date_gmt":"2025-06-18T20:20:38","guid":{"rendered":"https:\/\/www.ellenkantarellen.se\/?post_type=product&#038;p=20682"},"modified":"2025-12-02T07:07:19","modified_gmt":"2025-12-02T06:07:19","slug":"2-i-1-monster-virkat-nyckelband-wristlet-rose","status":"publish","type":"product","link":"https:\/\/www.ellenkantarellen.se\/en\/produkt\/2-i-1-monster-virkat-nyckelband-wristlet-rose\/","title":{"rendered":"2 i 1 M\u00f6nster virkat Nyckelband &#038; Wristlet Rose"},"content":{"rendered":"<p>2 i 1 M\u00f6nster med virkat Nyckelband &amp; Wristlet Rose! En supers\u00f6t handledsnyckelband och l\u00e5ngt nyckelband att ha runt halsen f\u00f6r nycklar eller ID! M\u00f6nster med mycket bilder som passar b\u00e5de dig som \u00e4r nyb\u00f6rjare eller med lite vana! Beh\u00f6ver du nyckelringar eller karbinhakar hittar du det <a href=\"https:\/\/www.ellenkantarellen.se\/en\/product-category-2\/tillbehor\/\">H\u00c4R!<\/a><\/p>","protected":false},"excerpt":{"rendered":"<p><em>2 i 1 M\u00f6nster med virkat Nyckelband &amp; Wristlet Rose! <\/em><strong><em>After payment you can instantly download your new pattern! You get an email with a link to the pattern.<\/em><\/strong><\/p>","protected":false},"featured_media":20687,"comment_status":"open","ping_status":"closed","template":"","meta":[],"product_brand":[],"product_cat":[458],"product_tag":[1165,529,1162,1160,528,1219,1167,1166,1164,508,1163,1161],"class_list":{"0":"post-20682","1":"product","2":"type-product","3":"status-publish","4":"has-post-thumbnail","6":"product_cat-ovriga-monster","7":"product_tag-virkad-lanyard","8":"product_tag-virkad-nyckelring","9":"product_tag-virkad-nyckelring-handled","10":"product_tag-virkad-wristlet","11":"product_tag-virkat-nyckelband","12":"product_tag-virkat-till-id-kort","13":"product_tag-virkat-till-nycklar","14":"product_tag-virkmonster-lanyard","15":"product_tag-virkmonster-nyckelband","16":"product_tag-virkmonster-nyckelring","17":"product_tag-virkmonster-nyckelring-handled","18":"product_tag-virkmonster-wristlet","20":"first","21":"instock","22":"downloadable","23":"virtual","24":"sold-individually","25":"taxable","26":"purchasable","27":"product-type-simple"},"bundled_by":[],"bundle_stock_status":"instock","bundle_stock_quantity":null,"bundle_virtual":false,"bundle_layout":"","bundle_add_to_cart_form_location":"","bundle_editable_in_cart":false,"bundle_sold_individually_context":"","bundle_item_grouping":"","bundle_min_size":"","bundle_max_size":"","bundle_price":[],"bundled_items":[],"bundle_sell_ids":[],"yoast_head":"<!-- This site is optimized with the Yoast SEO plugin v27.0 - https:\/\/yoast.com\/product\/yoast-seo-wordpress\/ -->\n<title>2 i 1 M\u00f6nster virkat Nyckelband &amp; Wristlet Rose - EllenKantarellen<\/title>\n<meta name=\"description\" content=\"M\u00f6nster virkade Nyckelbandet Primrose i h\u00e4rliga pastellf\u00e4rger! M\u00f6nster som passar dig med lite vana eller som vill \u00f6va p\u00e5 att virka Puffar!\" \/>\n<meta name=\"robots\" content=\"index, follow, max-snippet:-1, max-image-preview:large, max-video-preview:-1\" \/>\n<link rel=\"canonical\" href=\"https:\/\/www.ellenkantarellen.se\/en\/product-2\/2-i-1-monster-virkat-nyckelband-wristlet-rose\/\" \/>\n<meta property=\"og:locale\" content=\"en_GB\" \/>\n<meta property=\"og:type\" content=\"article\" \/>\n<meta property=\"og:title\" content=\"2 i 1 M\u00f6nster virkat Nyckelband &amp; Wristlet Rose - EllenKantarellen\" \/>\n<meta property=\"og:description\" content=\"M\u00f6nster virkade Nyckelbandet Primrose i h\u00e4rliga pastellf\u00e4rger! M\u00f6nster som passar dig med lite vana eller som vill \u00f6va p\u00e5 att virka Puffar!\" \/>\n<meta property=\"og:url\" content=\"https:\/\/www.ellenkantarellen.se\/en\/product-2\/2-i-1-monster-virkat-nyckelband-wristlet-rose\/\" \/>\n<meta property=\"og:site_name\" content=\"EllenKantarellen\" \/>\n<meta property=\"article:modified_time\" content=\"2025-12-02T06:07:19+00:00\" \/>\n<meta property=\"og:image\" content=\"https:\/\/www.ellenkantarellen.se\/wp-content\/uploads\/2025\/06\/produktfoton-2025-06-18T223131.494.jpg\" \/>\n\t<meta property=\"og:image:width\" content=\"1080\" \/>\n\t<meta property=\"og:image:height\" content=\"1080\" \/>\n\t<meta property=\"og:image:type\" content=\"image\/jpeg\" \/>\n<meta name=\"twitter:card\" content=\"summary_large_image\" \/>\n<meta name=\"twitter:label1\" content=\"Estimated reading time\" \/>\n\t<meta name=\"twitter:data1\" content=\"1 minute\" \/>\n<script type=\"application\/ld+json\" class=\"yoast-schema-graph\">{\"@context\":\"https:\/\/schema.org\",\"@graph\":[{\"@type\":\"WebPage\",\"@id\":\"https:\/\/www.ellenkantarellen.se\/produkt\/2-i-1-monster-virkat-nyckelband-wristlet-rose\/\",\"url\":\"https:\/\/www.ellenkantarellen.se\/produkt\/2-i-1-monster-virkat-nyckelband-wristlet-rose\/\",\"name\":\"2 i 1 M\u00f6nster virkat Nyckelband & Wristlet Rose - EllenKantarellen\",\"isPartOf\":{\"@id\":\"https:\/\/www.ellenkantarellen.se\/#website\"},\"primaryImageOfPage\":{\"@id\":\"https:\/\/www.ellenkantarellen.se\/produkt\/2-i-1-monster-virkat-nyckelband-wristlet-rose\/#primaryimage\"},\"image\":{\"@id\":\"https:\/\/www.ellenkantarellen.se\/produkt\/2-i-1-monster-virkat-nyckelband-wristlet-rose\/#primaryimage\"},\"thumbnailUrl\":\"https:\/\/www.ellenkantarellen.se\/wp-content\/uploads\/2025\/06\/produktfoton-2025-06-18T223131.494.jpg\",\"datePublished\":\"2025-06-18T20:20:38+00:00\",\"dateModified\":\"2025-12-02T06:07:19+00:00\",\"description\":\"M\u00f6nster virkade Nyckelbandet Primrose i h\u00e4rliga pastellf\u00e4rger! M\u00f6nster som passar dig med lite vana eller som vill \u00f6va p\u00e5 att virka Puffar!\",\"breadcrumb\":{\"@id\":\"https:\/\/www.ellenkantarellen.se\/produkt\/2-i-1-monster-virkat-nyckelband-wristlet-rose\/#breadcrumb\"},\"inLanguage\":\"en-GB\",\"potentialAction\":[{\"@type\":\"ReadAction\",\"target\":[\"https:\/\/www.ellenkantarellen.se\/produkt\/2-i-1-monster-virkat-nyckelband-wristlet-rose\/\"]}]},{\"@type\":\"ImageObject\",\"inLanguage\":\"en-GB\",\"@id\":\"https:\/\/www.ellenkantarellen.se\/produkt\/2-i-1-monster-virkat-nyckelband-wristlet-rose\/#primaryimage\",\"url\":\"https:\/\/www.ellenkantarellen.se\/wp-content\/uploads\/2025\/06\/produktfoton-2025-06-18T223131.494.jpg\",\"contentUrl\":\"https:\/\/www.ellenkantarellen.se\/wp-content\/uploads\/2025\/06\/produktfoton-2025-06-18T223131.494.jpg\",\"width\":1080,\"height\":1080},{\"@type\":\"BreadcrumbList\",\"@id\":\"https:\/\/www.ellenkantarellen.se\/produkt\/2-i-1-monster-virkat-nyckelband-wristlet-rose\/#breadcrumb\",\"itemListElement\":[{\"@type\":\"ListItem\",\"position\":1,\"name\":\"Hem\",\"item\":\"https:\/\/www.ellenkantarellen.se\/\"},{\"@type\":\"ListItem\",\"position\":2,\"name\":\"Aff\u00e4r\",\"item\":\"https:\/\/www.ellenkantarellen.se\/affar\/\"},{\"@type\":\"ListItem\",\"position\":3,\"name\":\"2 i 1 M\u00f6nster virkat Nyckelband &#038; Wristlet Rose\"}]},{\"@type\":\"WebSite\",\"@id\":\"https:\/\/www.ellenkantarellen.se\/#website\",\"url\":\"https:\/\/www.ellenkantarellen.se\/\",\"name\":\"EllenKantarellen\",\"description\":\"\",\"publisher\":{\"@id\":\"https:\/\/www.ellenkantarellen.se\/#organization\"},\"potentialAction\":[{\"@type\":\"SearchAction\",\"target\":{\"@type\":\"EntryPoint\",\"urlTemplate\":\"https:\/\/www.ellenkantarellen.se\/?s={search_term_string}\"},\"query-input\":{\"@type\":\"PropertyValueSpecification\",\"valueRequired\":true,\"valueName\":\"search_term_string\"}}],\"inLanguage\":\"en-GB\"},{\"@type\":\"Organization\",\"@id\":\"https:\/\/www.ellenkantarellen.se\/#organization\",\"name\":\"EllenKantarellen\",\"url\":\"https:\/\/www.ellenkantarellen.se\/\",\"logo\":{\"@type\":\"ImageObject\",\"inLanguage\":\"en-GB\",\"@id\":\"https:\/\/www.ellenkantarellen.se\/#\/schema\/logo\/image\/\",\"url\":\"https:\/\/www.ellenkantarellen.se\/wp-content\/uploads\/2021\/09\/ek2.png\",\"contentUrl\":\"https:\/\/www.ellenkantarellen.se\/wp-content\/uploads\/2021\/09\/ek2.png\",\"width\":2232,\"height\":508,\"caption\":\"EllenKantarellen\"},\"image\":{\"@id\":\"https:\/\/www.ellenkantarellen.se\/#\/schema\/logo\/image\/\"}}]}<\/script>\n<!-- \/ Yoast SEO plugin. -->","yoast_head_json":{"title":"2 i 1 M\u00f6nster virkat Nyckelband & Wristlet Rose - EllenKantarellen","description":"M\u00f6nster virkade Nyckelbandet Primrose i h\u00e4rliga pastellf\u00e4rger! M\u00f6nster som passar dig med lite vana eller som vill \u00f6va p\u00e5 att virka Puffar!","robots":{"index":"index","follow":"follow","max-snippet":"max-snippet:-1","max-image-preview":"max-image-preview:large","max-video-preview":"max-video-preview:-1"},"canonical":"https:\/\/www.ellenkantarellen.se\/en\/product-2\/2-i-1-monster-virkat-nyckelband-wristlet-rose\/","og_locale":"en_GB","og_type":"article","og_title":"2 i 1 M\u00f6nster virkat Nyckelband & Wristlet Rose - EllenKantarellen","og_description":"M\u00f6nster virkade Nyckelbandet Primrose i h\u00e4rliga pastellf\u00e4rger! M\u00f6nster som passar dig med lite vana eller som vill \u00f6va p\u00e5 att virka Puffar!","og_url":"https:\/\/www.ellenkantarellen.se\/en\/product-2\/2-i-1-monster-virkat-nyckelband-wristlet-rose\/","og_site_name":"EllenKantarellen","article_modified_time":"2025-12-02T06:07:19+00:00","og_image":[{"width":1080,"height":1080,"url":"https:\/\/www.ellenkantarellen.se\/wp-content\/uploads\/2025\/06\/produktfoton-2025-06-18T223131.494.jpg","type":"image\/jpeg"}],"twitter_card":"summary_large_image","twitter_misc":{"Estimated reading time":"1 minute"},"schema":{"@context":"https:\/\/schema.org","@graph":[{"@type":"WebPage","@id":"https:\/\/www.ellenkantarellen.se\/produkt\/2-i-1-monster-virkat-nyckelband-wristlet-rose\/","url":"https:\/\/www.ellenkantarellen.se\/produkt\/2-i-1-monster-virkat-nyckelband-wristlet-rose\/","name":"2 i 1 M\u00f6nster virkat Nyckelband & Wristlet Rose - EllenKantarellen","isPartOf":{"@id":"https:\/\/www.ellenkantarellen.se\/#website"},"primaryImageOfPage":{"@id":"https:\/\/www.ellenkantarellen.se\/produkt\/2-i-1-monster-virkat-nyckelband-wristlet-rose\/#primaryimage"},"image":{"@id":"https:\/\/www.ellenkantarellen.se\/produkt\/2-i-1-monster-virkat-nyckelband-wristlet-rose\/#primaryimage"},"thumbnailUrl":"https:\/\/www.ellenkantarellen.se\/wp-content\/uploads\/2025\/06\/produktfoton-2025-06-18T223131.494.jpg","datePublished":"2025-06-18T20:20:38+00:00","dateModified":"2025-12-02T06:07:19+00:00","description":"M\u00f6nster virkade Nyckelbandet Primrose i h\u00e4rliga pastellf\u00e4rger! M\u00f6nster som passar dig med lite vana eller som vill \u00f6va p\u00e5 att virka Puffar!","breadcrumb":{"@id":"https:\/\/www.ellenkantarellen.se\/produkt\/2-i-1-monster-virkat-nyckelband-wristlet-rose\/#breadcrumb"},"inLanguage":"en-GB","potentialAction":[{"@type":"ReadAction","target":["https:\/\/www.ellenkantarellen.se\/produkt\/2-i-1-monster-virkat-nyckelband-wristlet-rose\/"]}]},{"@type":"ImageObject","inLanguage":"en-GB","@id":"https:\/\/www.ellenkantarellen.se\/produkt\/2-i-1-monster-virkat-nyckelband-wristlet-rose\/#primaryimage","url":"https:\/\/www.ellenkantarellen.se\/wp-content\/uploads\/2025\/06\/produktfoton-2025-06-18T223131.494.jpg","contentUrl":"https:\/\/www.ellenkantarellen.se\/wp-content\/uploads\/2025\/06\/produktfoton-2025-06-18T223131.494.jpg","width":1080,"height":1080},{"@type":"BreadcrumbList","@id":"https:\/\/www.ellenkantarellen.se\/produkt\/2-i-1-monster-virkat-nyckelband-wristlet-rose\/#breadcrumb","itemListElement":[{"@type":"ListItem","position":1,"name":"Hem","item":"https:\/\/www.ellenkantarellen.se\/"},{"@type":"ListItem","position":2,"name":"Aff\u00e4r","item":"https:\/\/www.ellenkantarellen.se\/affar\/"},{"@type":"ListItem","position":3,"name":"2 i 1 M\u00f6nster virkat Nyckelband &#038; Wristlet Rose"}]},{"@type":"WebSite","@id":"https:\/\/www.ellenkantarellen.se\/#website","url":"https:\/\/www.ellenkantarellen.se\/","name":"EllenKantarellen","description":"","publisher":{"@id":"https:\/\/www.ellenkantarellen.se\/#organization"},"potentialAction":[{"@type":"SearchAction","target":{"@type":"EntryPoint","urlTemplate":"https:\/\/www.ellenkantarellen.se\/?s={search_term_string}"},"query-input":{"@type":"PropertyValueSpecification","valueRequired":true,"valueName":"search_term_string"}}],"inLanguage":"en-GB"},{"@type":"Organization","@id":"https:\/\/www.ellenkantarellen.se\/#organization","name":"EllenKantarellen","url":"https:\/\/www.ellenkantarellen.se\/","logo":{"@type":"ImageObject","inLanguage":"en-GB","@id":"https:\/\/www.ellenkantarellen.se\/#\/schema\/logo\/image\/","url":"https:\/\/www.ellenkantarellen.se\/wp-content\/uploads\/2021\/09\/ek2.png","contentUrl":"https:\/\/www.ellenkantarellen.se\/wp-content\/uploads\/2021\/09\/ek2.png","width":2232,"height":508,"caption":"EllenKantarellen"},"image":{"@id":"https:\/\/www.ellenkantarellen.se\/#\/schema\/logo\/image\/"}}]}},"_links":{"self":[{"href":"https:\/\/www.ellenkantarellen.se\/en\/wp-json\/wp\/v2\/product\/20682","targetHints":{"allow":["GET"]}}],"collection":[{"href":"https:\/\/www.ellenkantarellen.se\/en\/wp-json\/wp\/v2\/product"}],"about":[{"href":"https:\/\/www.ellenkantarellen.se\/en\/wp-json\/wp\/v2\/types\/product"}],"replies":[{"embeddable":true,"href":"https:\/\/www.ellenkantarellen.se\/en\/wp-json\/wp\/v2\/comments?post=20682"}],"wp:featuredmedia":[{"embeddable":true,"href":"https:\/\/www.ellenkantarellen.se\/en\/wp-json\/wp\/v2\/media\/20687"}],"wp:attachment":[{"href":"https:\/\/www.ellenkantarellen.se\/en\/wp-json\/wp\/v2\/media?parent=20682"}],"wp:term":[{"taxonomy":"product_brand","embeddable":true,"href":"https:\/\/www.ellenkantarellen.se\/en\/wp-json\/wp\/v2\/product_brand?post=20682"},{"taxonomy":"product_cat","embeddable":true,"href":"https:\/\/www.ellenkantarellen.se\/en\/wp-json\/wp\/v2\/product_cat?post=20682"},{"taxonomy":"product_tag","embeddable":true,"href":"https:\/\/www.ellenkantarellen.se\/en\/wp-json\/wp\/v2\/product_tag?post=20682"}],"curies":[{"name":"wp","href":"https:\/\/api.w.org\/{rel}","templated":true}]}}