{"id":20707,"date":"2025-06-19T17:12:30","date_gmt":"2025-06-19T15:12:30","guid":{"rendered":"https:\/\/www.ellenkantarellen.se\/?post_type=product&#038;p=20707"},"modified":"2025-06-19T17:47:30","modified_gmt":"2025-06-19T15:47:30","slug":"utskriftbara-etiketter-virkad-handgjord-med-hjarta","status":"publish","type":"product","link":"https:\/\/www.ellenkantarellen.se\/en\/produkt\/utskriftbara-etiketter-virkad-handgjord-med-hjarta\/","title":{"rendered":"Utskriftbara Etiketter Virkad\/Handgjord med Hj\u00e4rta"},"content":{"rendered":"<p>Utskriftbara superfina Etiketter med hj\u00e4rta till handgjorda och virkade saker! Passar perfekt till dina handgjorda eller virkade saker som du ska ge bort som present eller om du vill s\u00e4lja dem! Etiketterna kommer i fyra f\u00e4rger och en i svartvitt med och utan tv\u00e4ttr\u00e5d och med b\u00e5de texten &#8221;Handgjord&#8221; och &#8221;Virkad&#8221;! \u00c4ven sm\u00e5 bonusetiketter &#8221;Virkad och Handgjord&#8221; av mig!<\/p>","protected":false},"excerpt":{"rendered":"<p><em>Utskriftbara superfina Etiketter med hj\u00e4rta till handgjorda och virkade saker! <\/em><strong><em>N\u00e4r du betalat f\u00f6r m\u00f6nstret kommer du automatiskt att kunna ladda ner din PDF-fil med dina nya fina Etiketter som kommer i mejl till dig!<\/em><\/strong><\/p>","protected":false},"featured_media":20714,"comment_status":"open","ping_status":"closed","template":"","meta":[],"product_brand":[],"product_cat":[703],"product_tag":[1221,1168,1220,802,1222,1171],"class_list":{"0":"post-20707","1":"product","2":"type-product","3":"status-publish","4":"has-post-thumbnail","6":"product_cat-etiketter","7":"product_tag-etiketter-till-amigurumi","8":"product_tag-etiketter-till-handgjort","9":"product_tag-etiketter-till-virkad-badanka","10":"product_tag-etiketter-till-virkat","11":"product_tag-uskriftbara-etiketter-till-amigurumi","12":"product_tag-utskriftbara-etiketter-handgjort","14":"first","15":"instock","16":"downloadable","17":"virtual","18":"sold-individually","19":"taxable","20":"purchasable","21":"product-type-simple"},"bundled_by":[],"bundle_stock_status":"instock","bundle_stock_quantity":null,"bundle_virtual":false,"bundle_layout":"","bundle_add_to_cart_form_location":"","bundle_editable_in_cart":false,"bundle_sold_individually_context":"","bundle_item_grouping":"","bundle_min_size":"","bundle_max_size":"","bundle_price":[],"bundled_items":[],"bundle_sell_ids":[],"yoast_head":"<!-- This site is optimized with the Yoast SEO plugin v27.0 - https:\/\/yoast.com\/product\/yoast-seo-wordpress\/ -->\n<title>Utskriftbara Etiketter Virkad\/Handgjord med Hj\u00e4rta - EllenKantarellen<\/title>\n<meta name=\"description\" content=\"Utskriftbara superfina Etiketter med hj\u00e4rta till handgjorda och virkade saker! Perfekt n\u00e4r du ska ge bort som present eller om du vill s\u00e4lja dem!\" \/>\n<meta name=\"robots\" content=\"index, follow, max-snippet:-1, max-image-preview:large, max-video-preview:-1\" \/>\n<link rel=\"canonical\" href=\"https:\/\/www.ellenkantarellen.se\/en\/product-2\/utskriftbara-etiketter-virkad-handgjord-med-hjarta\/\" \/>\n<meta property=\"og:locale\" content=\"en_GB\" \/>\n<meta property=\"og:type\" content=\"article\" \/>\n<meta property=\"og:title\" content=\"Utskriftbara Etiketter Virkad\/Handgjord med Hj\u00e4rta - EllenKantarellen\" \/>\n<meta property=\"og:description\" content=\"Utskriftbara superfina Etiketter med hj\u00e4rta till handgjorda och virkade saker! Perfekt n\u00e4r du ska ge bort som present eller om du vill s\u00e4lja dem!\" \/>\n<meta property=\"og:url\" content=\"https:\/\/www.ellenkantarellen.se\/en\/product-2\/utskriftbara-etiketter-virkad-handgjord-med-hjarta\/\" \/>\n<meta property=\"og:site_name\" content=\"EllenKantarellen\" \/>\n<meta property=\"article:modified_time\" content=\"2025-06-19T15:47:30+00:00\" \/>\n<meta property=\"og:image\" content=\"https:\/\/www.ellenkantarellen.se\/wp-content\/uploads\/2025\/06\/produktfoton-2025-06-19T164301.187.jpg\" \/>\n\t<meta property=\"og:image:width\" content=\"1080\" \/>\n\t<meta property=\"og:image:height\" content=\"1080\" \/>\n\t<meta property=\"og:image:type\" content=\"image\/jpeg\" \/>\n<meta name=\"twitter:card\" content=\"summary_large_image\" \/>\n<meta name=\"twitter:label1\" content=\"Estimated reading time\" \/>\n\t<meta name=\"twitter:data1\" content=\"1 minute\" \/>\n<script type=\"application\/ld+json\" class=\"yoast-schema-graph\">{\"@context\":\"https:\/\/schema.org\",\"@graph\":[{\"@type\":\"WebPage\",\"@id\":\"https:\/\/www.ellenkantarellen.se\/produkt\/utskriftbara-etiketter-virkad-handgjord-med-hjarta\/\",\"url\":\"https:\/\/www.ellenkantarellen.se\/produkt\/utskriftbara-etiketter-virkad-handgjord-med-hjarta\/\",\"name\":\"Utskriftbara Etiketter Virkad\/Handgjord med Hj\u00e4rta - EllenKantarellen\",\"isPartOf\":{\"@id\":\"https:\/\/www.ellenkantarellen.se\/#website\"},\"primaryImageOfPage\":{\"@id\":\"https:\/\/www.ellenkantarellen.se\/produkt\/utskriftbara-etiketter-virkad-handgjord-med-hjarta\/#primaryimage\"},\"image\":{\"@id\":\"https:\/\/www.ellenkantarellen.se\/produkt\/utskriftbara-etiketter-virkad-handgjord-med-hjarta\/#primaryimage\"},\"thumbnailUrl\":\"https:\/\/www.ellenkantarellen.se\/wp-content\/uploads\/2025\/06\/produktfoton-2025-06-19T164301.187.jpg\",\"datePublished\":\"2025-06-19T15:12:30+00:00\",\"dateModified\":\"2025-06-19T15:47:30+00:00\",\"description\":\"Utskriftbara superfina Etiketter med hj\u00e4rta till handgjorda och virkade saker! Perfekt n\u00e4r du ska ge bort som present eller om du vill s\u00e4lja dem!\",\"breadcrumb\":{\"@id\":\"https:\/\/www.ellenkantarellen.se\/produkt\/utskriftbara-etiketter-virkad-handgjord-med-hjarta\/#breadcrumb\"},\"inLanguage\":\"en-GB\",\"potentialAction\":[{\"@type\":\"ReadAction\",\"target\":[\"https:\/\/www.ellenkantarellen.se\/produkt\/utskriftbara-etiketter-virkad-handgjord-med-hjarta\/\"]}]},{\"@type\":\"ImageObject\",\"inLanguage\":\"en-GB\",\"@id\":\"https:\/\/www.ellenkantarellen.se\/produkt\/utskriftbara-etiketter-virkad-handgjord-med-hjarta\/#primaryimage\",\"url\":\"https:\/\/www.ellenkantarellen.se\/wp-content\/uploads\/2025\/06\/produktfoton-2025-06-19T164301.187.jpg\",\"contentUrl\":\"https:\/\/www.ellenkantarellen.se\/wp-content\/uploads\/2025\/06\/produktfoton-2025-06-19T164301.187.jpg\",\"width\":1080,\"height\":1080},{\"@type\":\"BreadcrumbList\",\"@id\":\"https:\/\/www.ellenkantarellen.se\/produkt\/utskriftbara-etiketter-virkad-handgjord-med-hjarta\/#breadcrumb\",\"itemListElement\":[{\"@type\":\"ListItem\",\"position\":1,\"name\":\"Hem\",\"item\":\"https:\/\/www.ellenkantarellen.se\/\"},{\"@type\":\"ListItem\",\"position\":2,\"name\":\"Aff\u00e4r\",\"item\":\"https:\/\/www.ellenkantarellen.se\/affar\/\"},{\"@type\":\"ListItem\",\"position\":3,\"name\":\"Utskriftbara Etiketter Virkad\/Handgjord med Hj\u00e4rta\"}]},{\"@type\":\"WebSite\",\"@id\":\"https:\/\/www.ellenkantarellen.se\/#website\",\"url\":\"https:\/\/www.ellenkantarellen.se\/\",\"name\":\"EllenKantarellen\",\"description\":\"\",\"publisher\":{\"@id\":\"https:\/\/www.ellenkantarellen.se\/#organization\"},\"potentialAction\":[{\"@type\":\"SearchAction\",\"target\":{\"@type\":\"EntryPoint\",\"urlTemplate\":\"https:\/\/www.ellenkantarellen.se\/?s={search_term_string}\"},\"query-input\":{\"@type\":\"PropertyValueSpecification\",\"valueRequired\":true,\"valueName\":\"search_term_string\"}}],\"inLanguage\":\"en-GB\"},{\"@type\":\"Organization\",\"@id\":\"https:\/\/www.ellenkantarellen.se\/#organization\",\"name\":\"EllenKantarellen\",\"url\":\"https:\/\/www.ellenkantarellen.se\/\",\"logo\":{\"@type\":\"ImageObject\",\"inLanguage\":\"en-GB\",\"@id\":\"https:\/\/www.ellenkantarellen.se\/#\/schema\/logo\/image\/\",\"url\":\"https:\/\/www.ellenkantarellen.se\/wp-content\/uploads\/2021\/09\/ek2.png\",\"contentUrl\":\"https:\/\/www.ellenkantarellen.se\/wp-content\/uploads\/2021\/09\/ek2.png\",\"width\":2232,\"height\":508,\"caption\":\"EllenKantarellen\"},\"image\":{\"@id\":\"https:\/\/www.ellenkantarellen.se\/#\/schema\/logo\/image\/\"}}]}<\/script>\n<!-- \/ Yoast SEO plugin. -->","yoast_head_json":{"title":"Utskriftbara Etiketter Virkad\/Handgjord med Hj\u00e4rta - EllenKantarellen","description":"Utskriftbara superfina Etiketter med hj\u00e4rta till handgjorda och virkade saker! Perfekt n\u00e4r du ska ge bort som present eller om du vill s\u00e4lja dem!","robots":{"index":"index","follow":"follow","max-snippet":"max-snippet:-1","max-image-preview":"max-image-preview:large","max-video-preview":"max-video-preview:-1"},"canonical":"https:\/\/www.ellenkantarellen.se\/en\/product-2\/utskriftbara-etiketter-virkad-handgjord-med-hjarta\/","og_locale":"en_GB","og_type":"article","og_title":"Utskriftbara Etiketter Virkad\/Handgjord med Hj\u00e4rta - EllenKantarellen","og_description":"Utskriftbara superfina Etiketter med hj\u00e4rta till handgjorda och virkade saker! Perfekt n\u00e4r du ska ge bort som present eller om du vill s\u00e4lja dem!","og_url":"https:\/\/www.ellenkantarellen.se\/en\/product-2\/utskriftbara-etiketter-virkad-handgjord-med-hjarta\/","og_site_name":"EllenKantarellen","article_modified_time":"2025-06-19T15:47:30+00:00","og_image":[{"width":1080,"height":1080,"url":"https:\/\/www.ellenkantarellen.se\/wp-content\/uploads\/2025\/06\/produktfoton-2025-06-19T164301.187.jpg","type":"image\/jpeg"}],"twitter_card":"summary_large_image","twitter_misc":{"Estimated reading time":"1 minute"},"schema":{"@context":"https:\/\/schema.org","@graph":[{"@type":"WebPage","@id":"https:\/\/www.ellenkantarellen.se\/produkt\/utskriftbara-etiketter-virkad-handgjord-med-hjarta\/","url":"https:\/\/www.ellenkantarellen.se\/produkt\/utskriftbara-etiketter-virkad-handgjord-med-hjarta\/","name":"Utskriftbara Etiketter Virkad\/Handgjord med Hj\u00e4rta - EllenKantarellen","isPartOf":{"@id":"https:\/\/www.ellenkantarellen.se\/#website"},"primaryImageOfPage":{"@id":"https:\/\/www.ellenkantarellen.se\/produkt\/utskriftbara-etiketter-virkad-handgjord-med-hjarta\/#primaryimage"},"image":{"@id":"https:\/\/www.ellenkantarellen.se\/produkt\/utskriftbara-etiketter-virkad-handgjord-med-hjarta\/#primaryimage"},"thumbnailUrl":"https:\/\/www.ellenkantarellen.se\/wp-content\/uploads\/2025\/06\/produktfoton-2025-06-19T164301.187.jpg","datePublished":"2025-06-19T15:12:30+00:00","dateModified":"2025-06-19T15:47:30+00:00","description":"Utskriftbara superfina Etiketter med hj\u00e4rta till handgjorda och virkade saker! Perfekt n\u00e4r du ska ge bort som present eller om du vill s\u00e4lja dem!","breadcrumb":{"@id":"https:\/\/www.ellenkantarellen.se\/produkt\/utskriftbara-etiketter-virkad-handgjord-med-hjarta\/#breadcrumb"},"inLanguage":"en-GB","potentialAction":[{"@type":"ReadAction","target":["https:\/\/www.ellenkantarellen.se\/produkt\/utskriftbara-etiketter-virkad-handgjord-med-hjarta\/"]}]},{"@type":"ImageObject","inLanguage":"en-GB","@id":"https:\/\/www.ellenkantarellen.se\/produkt\/utskriftbara-etiketter-virkad-handgjord-med-hjarta\/#primaryimage","url":"https:\/\/www.ellenkantarellen.se\/wp-content\/uploads\/2025\/06\/produktfoton-2025-06-19T164301.187.jpg","contentUrl":"https:\/\/www.ellenkantarellen.se\/wp-content\/uploads\/2025\/06\/produktfoton-2025-06-19T164301.187.jpg","width":1080,"height":1080},{"@type":"BreadcrumbList","@id":"https:\/\/www.ellenkantarellen.se\/produkt\/utskriftbara-etiketter-virkad-handgjord-med-hjarta\/#breadcrumb","itemListElement":[{"@type":"ListItem","position":1,"name":"Hem","item":"https:\/\/www.ellenkantarellen.se\/"},{"@type":"ListItem","position":2,"name":"Aff\u00e4r","item":"https:\/\/www.ellenkantarellen.se\/affar\/"},{"@type":"ListItem","position":3,"name":"Utskriftbara Etiketter Virkad\/Handgjord med Hj\u00e4rta"}]},{"@type":"WebSite","@id":"https:\/\/www.ellenkantarellen.se\/#website","url":"https:\/\/www.ellenkantarellen.se\/","name":"EllenKantarellen","description":"","publisher":{"@id":"https:\/\/www.ellenkantarellen.se\/#organization"},"potentialAction":[{"@type":"SearchAction","target":{"@type":"EntryPoint","urlTemplate":"https:\/\/www.ellenkantarellen.se\/?s={search_term_string}"},"query-input":{"@type":"PropertyValueSpecification","valueRequired":true,"valueName":"search_term_string"}}],"inLanguage":"en-GB"},{"@type":"Organization","@id":"https:\/\/www.ellenkantarellen.se\/#organization","name":"EllenKantarellen","url":"https:\/\/www.ellenkantarellen.se\/","logo":{"@type":"ImageObject","inLanguage":"en-GB","@id":"https:\/\/www.ellenkantarellen.se\/#\/schema\/logo\/image\/","url":"https:\/\/www.ellenkantarellen.se\/wp-content\/uploads\/2021\/09\/ek2.png","contentUrl":"https:\/\/www.ellenkantarellen.se\/wp-content\/uploads\/2021\/09\/ek2.png","width":2232,"height":508,"caption":"EllenKantarellen"},"image":{"@id":"https:\/\/www.ellenkantarellen.se\/#\/schema\/logo\/image\/"}}]}},"_links":{"self":[{"href":"https:\/\/www.ellenkantarellen.se\/en\/wp-json\/wp\/v2\/product\/20707","targetHints":{"allow":["GET"]}}],"collection":[{"href":"https:\/\/www.ellenkantarellen.se\/en\/wp-json\/wp\/v2\/product"}],"about":[{"href":"https:\/\/www.ellenkantarellen.se\/en\/wp-json\/wp\/v2\/types\/product"}],"replies":[{"embeddable":true,"href":"https:\/\/www.ellenkantarellen.se\/en\/wp-json\/wp\/v2\/comments?post=20707"}],"wp:featuredmedia":[{"embeddable":true,"href":"https:\/\/www.ellenkantarellen.se\/en\/wp-json\/wp\/v2\/media\/20714"}],"wp:attachment":[{"href":"https:\/\/www.ellenkantarellen.se\/en\/wp-json\/wp\/v2\/media?parent=20707"}],"wp:term":[{"taxonomy":"product_brand","embeddable":true,"href":"https:\/\/www.ellenkantarellen.se\/en\/wp-json\/wp\/v2\/product_brand?post=20707"},{"taxonomy":"product_cat","embeddable":true,"href":"https:\/\/www.ellenkantarellen.se\/en\/wp-json\/wp\/v2\/product_cat?post=20707"},{"taxonomy":"product_tag","embeddable":true,"href":"https:\/\/www.ellenkantarellen.se\/en\/wp-json\/wp\/v2\/product_tag?post=20707"}],"curies":[{"name":"wp","href":"https:\/\/api.w.org\/{rel}","templated":true}]}}