{"id":20997,"date":"2025-07-01T09:11:51","date_gmt":"2025-07-01T07:11:51","guid":{"rendered":"https:\/\/www.ellenkantarellen.se\/?post_type=product&#038;p=20997"},"modified":"2025-07-01T09:24:26","modified_gmt":"2025-07-01T07:24:26","slug":"monster-virkade-mini-bin-sota-askar","status":"publish","type":"product","link":"https:\/\/www.ellenkantarellen.se\/en\/produkt\/monster-virkade-mini-bin-sota-askar\/","title":{"rendered":"M\u00f6nster Virkade Mini Bin + s\u00f6ta askar"},"content":{"rendered":"<p>M\u00f6nster p\u00e5 mina supers\u00f6ta virkade Mini Bin med tillh\u00f6rande utskriftbara boxar med massor av olika meddelanden! P\u00e5 askarna med honungsburk och bikupa finns det b\u00e5de f\u00f6rtryckta meddelanden men \u00e4ven blanka om du vill skriva ett eget meddelande! Ett m\u00f6nster som passar b\u00e5de nyb\u00f6rjare som van! Bina \u00e4r virkade i 8\/4 bomullsgarn och blir cirka 5 cm h\u00f6ga. En riktigt gullig present! Skriv ut, klipp ut, vik och klistra!<\/p>","protected":false},"excerpt":{"rendered":"<p><em>M\u00f6nster p\u00e5 mina supers\u00f6ta virkade Mini Bin med tillh\u00f6rande utskriftbara boxa med massor av olika meddelanden! ! <\/em><strong><em>N\u00e4r du betalat f\u00f6r m\u00f6nstret kommer du automatiskt att kunna ladda ner dina PDF-filer med ditt nya roliga m\u00f6nster som kommer i mejl till dig!<\/em><\/strong><\/p>","protected":false},"featured_media":21001,"comment_status":"open","ping_status":"closed","template":"","meta":[],"product_brand":[],"product_cat":[457,703],"product_tag":[211,1225,1227,1226,332,1228,233,331],"class_list":{"0":"post-20997","1":"product","2":"type-product","3":"status-publish","4":"has-post-thumbnail","6":"product_cat-monster-amigurumi","7":"product_cat-etiketter","8":"product_tag-amigurumi","9":"product_tag-bi-med-ask","10":"product_tag-bi-med-bikupa","11":"product_tag-bi-med-utskriftbar-box","12":"product_tag-virkat-bi","13":"product_tag-virkat-bi-i-honungsburk","14":"product_tag-virkmonster-amigurumi","15":"product_tag-virkmonster-bi","17":"first","18":"instock","19":"downloadable","20":"virtual","21":"sold-individually","22":"taxable","23":"purchasable","24":"product-type-simple"},"bundled_by":[],"bundle_stock_status":"instock","bundle_stock_quantity":null,"bundle_virtual":false,"bundle_layout":"","bundle_add_to_cart_form_location":"","bundle_editable_in_cart":false,"bundle_sold_individually_context":"","bundle_item_grouping":"","bundle_min_size":"","bundle_max_size":"","bundle_price":[],"bundled_items":[],"bundle_sell_ids":[],"yoast_head":"<!-- This site is optimized with the Yoast SEO plugin v27.0 - https:\/\/yoast.com\/product\/yoast-seo-wordpress\/ -->\n<title>M\u00f6nster Virkade Mini Bin + s\u00f6ta askar - EllenKantarellen<\/title>\n<meta name=\"description\" content=\"M\u00f6nster p\u00e5 mina supers\u00f6ta virkade Mini Bin med tillh\u00f6rande utskriftbara boxa med massor av olika meddelanden! Ett m\u00f6nster som passar b\u00e5de nyb\u00f6rjare som van!\" \/>\n<meta name=\"robots\" content=\"index, follow, max-snippet:-1, max-image-preview:large, max-video-preview:-1\" \/>\n<link rel=\"canonical\" href=\"https:\/\/www.ellenkantarellen.se\/en\/product-2\/monster-virkade-mini-bin-sota-askar\/\" \/>\n<meta property=\"og:locale\" content=\"en_GB\" \/>\n<meta property=\"og:type\" content=\"article\" \/>\n<meta property=\"og:title\" content=\"M\u00f6nster Virkade Mini Bin + s\u00f6ta askar - EllenKantarellen\" \/>\n<meta property=\"og:description\" content=\"M\u00f6nster p\u00e5 mina supers\u00f6ta virkade Mini Bin med tillh\u00f6rande utskriftbara boxa med massor av olika meddelanden! Ett m\u00f6nster som passar b\u00e5de nyb\u00f6rjare som van!\" \/>\n<meta property=\"og:url\" content=\"https:\/\/www.ellenkantarellen.se\/en\/product-2\/monster-virkade-mini-bin-sota-askar\/\" \/>\n<meta property=\"og:site_name\" content=\"EllenKantarellen\" \/>\n<meta property=\"article:modified_time\" content=\"2025-07-01T07:24:26+00:00\" \/>\n<meta property=\"og:image\" content=\"https:\/\/www.ellenkantarellen.se\/wp-content\/uploads\/2025\/07\/produktfoton-2025-07-01T074331.479.jpg\" \/>\n\t<meta property=\"og:image:width\" content=\"1080\" \/>\n\t<meta property=\"og:image:height\" content=\"1080\" \/>\n\t<meta property=\"og:image:type\" content=\"image\/jpeg\" \/>\n<meta name=\"twitter:card\" content=\"summary_large_image\" \/>\n<meta name=\"twitter:label1\" content=\"Estimated reading time\" \/>\n\t<meta name=\"twitter:data1\" content=\"1 minute\" \/>\n<script type=\"application\/ld+json\" class=\"yoast-schema-graph\">{\"@context\":\"https:\/\/schema.org\",\"@graph\":[{\"@type\":\"WebPage\",\"@id\":\"https:\/\/www.ellenkantarellen.se\/produkt\/monster-virkade-mini-bin-sota-askar\/\",\"url\":\"https:\/\/www.ellenkantarellen.se\/produkt\/monster-virkade-mini-bin-sota-askar\/\",\"name\":\"M\u00f6nster Virkade Mini Bin + s\u00f6ta askar - EllenKantarellen\",\"isPartOf\":{\"@id\":\"https:\/\/www.ellenkantarellen.se\/#website\"},\"primaryImageOfPage\":{\"@id\":\"https:\/\/www.ellenkantarellen.se\/produkt\/monster-virkade-mini-bin-sota-askar\/#primaryimage\"},\"image\":{\"@id\":\"https:\/\/www.ellenkantarellen.se\/produkt\/monster-virkade-mini-bin-sota-askar\/#primaryimage\"},\"thumbnailUrl\":\"https:\/\/www.ellenkantarellen.se\/wp-content\/uploads\/2025\/07\/produktfoton-2025-07-01T074331.479.jpg\",\"datePublished\":\"2025-07-01T07:11:51+00:00\",\"dateModified\":\"2025-07-01T07:24:26+00:00\",\"description\":\"M\u00f6nster p\u00e5 mina supers\u00f6ta virkade Mini Bin med tillh\u00f6rande utskriftbara boxa med massor av olika meddelanden! Ett m\u00f6nster som passar b\u00e5de nyb\u00f6rjare som van!\",\"breadcrumb\":{\"@id\":\"https:\/\/www.ellenkantarellen.se\/produkt\/monster-virkade-mini-bin-sota-askar\/#breadcrumb\"},\"inLanguage\":\"en-GB\",\"potentialAction\":[{\"@type\":\"ReadAction\",\"target\":[\"https:\/\/www.ellenkantarellen.se\/produkt\/monster-virkade-mini-bin-sota-askar\/\"]}]},{\"@type\":\"ImageObject\",\"inLanguage\":\"en-GB\",\"@id\":\"https:\/\/www.ellenkantarellen.se\/produkt\/monster-virkade-mini-bin-sota-askar\/#primaryimage\",\"url\":\"https:\/\/www.ellenkantarellen.se\/wp-content\/uploads\/2025\/07\/produktfoton-2025-07-01T074331.479.jpg\",\"contentUrl\":\"https:\/\/www.ellenkantarellen.se\/wp-content\/uploads\/2025\/07\/produktfoton-2025-07-01T074331.479.jpg\",\"width\":1080,\"height\":1080},{\"@type\":\"BreadcrumbList\",\"@id\":\"https:\/\/www.ellenkantarellen.se\/produkt\/monster-virkade-mini-bin-sota-askar\/#breadcrumb\",\"itemListElement\":[{\"@type\":\"ListItem\",\"position\":1,\"name\":\"Hem\",\"item\":\"https:\/\/www.ellenkantarellen.se\/\"},{\"@type\":\"ListItem\",\"position\":2,\"name\":\"Aff\u00e4r\",\"item\":\"https:\/\/www.ellenkantarellen.se\/affar\/\"},{\"@type\":\"ListItem\",\"position\":3,\"name\":\"M\u00f6nster Virkade Mini Bin + s\u00f6ta askar\"}]},{\"@type\":\"WebSite\",\"@id\":\"https:\/\/www.ellenkantarellen.se\/#website\",\"url\":\"https:\/\/www.ellenkantarellen.se\/\",\"name\":\"EllenKantarellen\",\"description\":\"\",\"publisher\":{\"@id\":\"https:\/\/www.ellenkantarellen.se\/#organization\"},\"potentialAction\":[{\"@type\":\"SearchAction\",\"target\":{\"@type\":\"EntryPoint\",\"urlTemplate\":\"https:\/\/www.ellenkantarellen.se\/?s={search_term_string}\"},\"query-input\":{\"@type\":\"PropertyValueSpecification\",\"valueRequired\":true,\"valueName\":\"search_term_string\"}}],\"inLanguage\":\"en-GB\"},{\"@type\":\"Organization\",\"@id\":\"https:\/\/www.ellenkantarellen.se\/#organization\",\"name\":\"EllenKantarellen\",\"url\":\"https:\/\/www.ellenkantarellen.se\/\",\"logo\":{\"@type\":\"ImageObject\",\"inLanguage\":\"en-GB\",\"@id\":\"https:\/\/www.ellenkantarellen.se\/#\/schema\/logo\/image\/\",\"url\":\"https:\/\/www.ellenkantarellen.se\/wp-content\/uploads\/2021\/09\/ek2.png\",\"contentUrl\":\"https:\/\/www.ellenkantarellen.se\/wp-content\/uploads\/2021\/09\/ek2.png\",\"width\":2232,\"height\":508,\"caption\":\"EllenKantarellen\"},\"image\":{\"@id\":\"https:\/\/www.ellenkantarellen.se\/#\/schema\/logo\/image\/\"}}]}<\/script>\n<!-- \/ Yoast SEO plugin. -->","yoast_head_json":{"title":"M\u00f6nster Virkade Mini Bin + s\u00f6ta askar - EllenKantarellen","description":"M\u00f6nster p\u00e5 mina supers\u00f6ta virkade Mini Bin med tillh\u00f6rande utskriftbara boxa med massor av olika meddelanden! Ett m\u00f6nster som passar b\u00e5de nyb\u00f6rjare som van!","robots":{"index":"index","follow":"follow","max-snippet":"max-snippet:-1","max-image-preview":"max-image-preview:large","max-video-preview":"max-video-preview:-1"},"canonical":"https:\/\/www.ellenkantarellen.se\/en\/product-2\/monster-virkade-mini-bin-sota-askar\/","og_locale":"en_GB","og_type":"article","og_title":"M\u00f6nster Virkade Mini Bin + s\u00f6ta askar - EllenKantarellen","og_description":"M\u00f6nster p\u00e5 mina supers\u00f6ta virkade Mini Bin med tillh\u00f6rande utskriftbara boxa med massor av olika meddelanden! Ett m\u00f6nster som passar b\u00e5de nyb\u00f6rjare som van!","og_url":"https:\/\/www.ellenkantarellen.se\/en\/product-2\/monster-virkade-mini-bin-sota-askar\/","og_site_name":"EllenKantarellen","article_modified_time":"2025-07-01T07:24:26+00:00","og_image":[{"width":1080,"height":1080,"url":"https:\/\/www.ellenkantarellen.se\/wp-content\/uploads\/2025\/07\/produktfoton-2025-07-01T074331.479.jpg","type":"image\/jpeg"}],"twitter_card":"summary_large_image","twitter_misc":{"Estimated reading time":"1 minute"},"schema":{"@context":"https:\/\/schema.org","@graph":[{"@type":"WebPage","@id":"https:\/\/www.ellenkantarellen.se\/produkt\/monster-virkade-mini-bin-sota-askar\/","url":"https:\/\/www.ellenkantarellen.se\/produkt\/monster-virkade-mini-bin-sota-askar\/","name":"M\u00f6nster Virkade Mini Bin + s\u00f6ta askar - EllenKantarellen","isPartOf":{"@id":"https:\/\/www.ellenkantarellen.se\/#website"},"primaryImageOfPage":{"@id":"https:\/\/www.ellenkantarellen.se\/produkt\/monster-virkade-mini-bin-sota-askar\/#primaryimage"},"image":{"@id":"https:\/\/www.ellenkantarellen.se\/produkt\/monster-virkade-mini-bin-sota-askar\/#primaryimage"},"thumbnailUrl":"https:\/\/www.ellenkantarellen.se\/wp-content\/uploads\/2025\/07\/produktfoton-2025-07-01T074331.479.jpg","datePublished":"2025-07-01T07:11:51+00:00","dateModified":"2025-07-01T07:24:26+00:00","description":"M\u00f6nster p\u00e5 mina supers\u00f6ta virkade Mini Bin med tillh\u00f6rande utskriftbara boxa med massor av olika meddelanden! Ett m\u00f6nster som passar b\u00e5de nyb\u00f6rjare som van!","breadcrumb":{"@id":"https:\/\/www.ellenkantarellen.se\/produkt\/monster-virkade-mini-bin-sota-askar\/#breadcrumb"},"inLanguage":"en-GB","potentialAction":[{"@type":"ReadAction","target":["https:\/\/www.ellenkantarellen.se\/produkt\/monster-virkade-mini-bin-sota-askar\/"]}]},{"@type":"ImageObject","inLanguage":"en-GB","@id":"https:\/\/www.ellenkantarellen.se\/produkt\/monster-virkade-mini-bin-sota-askar\/#primaryimage","url":"https:\/\/www.ellenkantarellen.se\/wp-content\/uploads\/2025\/07\/produktfoton-2025-07-01T074331.479.jpg","contentUrl":"https:\/\/www.ellenkantarellen.se\/wp-content\/uploads\/2025\/07\/produktfoton-2025-07-01T074331.479.jpg","width":1080,"height":1080},{"@type":"BreadcrumbList","@id":"https:\/\/www.ellenkantarellen.se\/produkt\/monster-virkade-mini-bin-sota-askar\/#breadcrumb","itemListElement":[{"@type":"ListItem","position":1,"name":"Hem","item":"https:\/\/www.ellenkantarellen.se\/"},{"@type":"ListItem","position":2,"name":"Aff\u00e4r","item":"https:\/\/www.ellenkantarellen.se\/affar\/"},{"@type":"ListItem","position":3,"name":"M\u00f6nster Virkade Mini Bin + s\u00f6ta askar"}]},{"@type":"WebSite","@id":"https:\/\/www.ellenkantarellen.se\/#website","url":"https:\/\/www.ellenkantarellen.se\/","name":"EllenKantarellen","description":"","publisher":{"@id":"https:\/\/www.ellenkantarellen.se\/#organization"},"potentialAction":[{"@type":"SearchAction","target":{"@type":"EntryPoint","urlTemplate":"https:\/\/www.ellenkantarellen.se\/?s={search_term_string}"},"query-input":{"@type":"PropertyValueSpecification","valueRequired":true,"valueName":"search_term_string"}}],"inLanguage":"en-GB"},{"@type":"Organization","@id":"https:\/\/www.ellenkantarellen.se\/#organization","name":"EllenKantarellen","url":"https:\/\/www.ellenkantarellen.se\/","logo":{"@type":"ImageObject","inLanguage":"en-GB","@id":"https:\/\/www.ellenkantarellen.se\/#\/schema\/logo\/image\/","url":"https:\/\/www.ellenkantarellen.se\/wp-content\/uploads\/2021\/09\/ek2.png","contentUrl":"https:\/\/www.ellenkantarellen.se\/wp-content\/uploads\/2021\/09\/ek2.png","width":2232,"height":508,"caption":"EllenKantarellen"},"image":{"@id":"https:\/\/www.ellenkantarellen.se\/#\/schema\/logo\/image\/"}}]}},"_links":{"self":[{"href":"https:\/\/www.ellenkantarellen.se\/en\/wp-json\/wp\/v2\/product\/20997","targetHints":{"allow":["GET"]}}],"collection":[{"href":"https:\/\/www.ellenkantarellen.se\/en\/wp-json\/wp\/v2\/product"}],"about":[{"href":"https:\/\/www.ellenkantarellen.se\/en\/wp-json\/wp\/v2\/types\/product"}],"replies":[{"embeddable":true,"href":"https:\/\/www.ellenkantarellen.se\/en\/wp-json\/wp\/v2\/comments?post=20997"}],"wp:featuredmedia":[{"embeddable":true,"href":"https:\/\/www.ellenkantarellen.se\/en\/wp-json\/wp\/v2\/media\/21001"}],"wp:attachment":[{"href":"https:\/\/www.ellenkantarellen.se\/en\/wp-json\/wp\/v2\/media?parent=20997"}],"wp:term":[{"taxonomy":"product_brand","embeddable":true,"href":"https:\/\/www.ellenkantarellen.se\/en\/wp-json\/wp\/v2\/product_brand?post=20997"},{"taxonomy":"product_cat","embeddable":true,"href":"https:\/\/www.ellenkantarellen.se\/en\/wp-json\/wp\/v2\/product_cat?post=20997"},{"taxonomy":"product_tag","embeddable":true,"href":"https:\/\/www.ellenkantarellen.se\/en\/wp-json\/wp\/v2\/product_tag?post=20997"}],"curies":[{"name":"wp","href":"https:\/\/api.w.org\/{rel}","templated":true}]}}