{"id":21822,"date":"2025-08-22T11:45:33","date_gmt":"2025-08-22T09:45:33","guid":{"rendered":"https:\/\/www.ellenkantarellen.se\/?post_type=product&#038;p=21822"},"modified":"2025-08-24T11:15:54","modified_gmt":"2025-08-24T09:15:54","slug":"monster-virkade-pocket-hug-spoken-utskriftbara-kort-och-pastoppar","status":"publish","type":"product","link":"https:\/\/www.ellenkantarellen.se\/en\/produkt\/monster-virkade-pocket-hug-spoken-utskriftbara-kort-och-pastoppar\/","title":{"rendered":"M\u00f6nster Virkade &#8221;Pocket Hug&#8221; Sp\u00f6ken + utskriftbara kort och p\u00e5stoppar"},"content":{"rendered":"<p>M\u00f6nster p\u00e5 mina supers\u00f6ta virkade Sp\u00f6ken med tillh\u00f6rande utskriftbara kort och p\u00e5stoppar i tre storlekar med massor av olika meddelanden (26 olika utseenden)! Ett m\u00f6nster som passar b\u00e5de nyb\u00f6rjare som van! Sp\u00f6kena \u00e4r virkat i akrylgarn, 8\/8 &amp; 8\/4\u00a0 bomullsgarn\u00a0 x 8 cm stora. Perfekta presenten p\u00e5 Halloween till n\u00e5gon du tycker om eller som b\u00e4sts\u00e4ljare p\u00e5 din marknad!<\/p>\n<p>&nbsp;<\/p>\n<div>\ud83c\udf38 Storlek p\u00e5 Sp\u00f6kena<\/div>\n<div>Stor:\u00a0 6 x 5,5 cm<\/div>\n<div>Medium:\u00a0 4,5 x 4,5 cm<\/div>\n<div>Liten:\u00a0 3,5 x 3,5 cm<\/div>\n<div><\/div>\n<div>\ud83c\udf38 Kort<\/div>\n<div>Stor:\u00a0 11,5 x 9 cm<\/div>\n<div>Medium:\u00a0 9,5 x 7,5 cm<\/div>\n<div>Liten:\u00a0 7 x 5,5 cm<\/div>\n<div><\/div>\n<div>\ud83c\udf38 P\u00e5stoppar<\/div>\n<div>Stor, Medium, Liten (som passar korten i storlek)<\/div>","protected":false},"excerpt":{"rendered":"<p><em>M\u00f6nster Virkade &#8221;Pocket Hug&#8221; Sp\u00f6ken + utskriftbara kort och p\u00e5stoppar i tre storlekar! (25 olika utseenden) <\/em><strong><em>N\u00e4r du betalat f\u00f6r m\u00f6nstret kommer du automatiskt att kunna ladda ner din PDF-fil med ditt nya roliga m\u00f6nster som kommer i mejl till dig!<\/em><\/strong><\/p>","protected":false},"featured_media":21827,"comment_status":"open","ping_status":"closed","template":"","meta":[],"product_brand":[],"product_cat":[300,703],"product_tag":[1242,1246,1245,1082,1079,1244,480,986,1243,809],"class_list":{"0":"post-21822","1":"product","2":"type-product","3":"status-publish","4":"has-post-thumbnail","6":"product_cat-host-och-halloweenmonster","7":"product_cat-etiketter","8":"product_tag-bastsaljare-virkat-spoke","9":"product_tag-kort-till-virkat-spoke","10":"product_tag-pase-till-spoke","11":"product_tag-pocket-hug","12":"product_tag-virkad-pocket-hug","13":"product_tag-virkat","14":"product_tag-virkat-spoke","15":"product_tag-virkat-till-halloween","16":"product_tag-virkmonster-pocket-hug","17":"product_tag-virkmonster-spoke","19":"first","20":"instock","21":"downloadable","22":"virtual","23":"sold-individually","24":"taxable","25":"purchasable","26":"product-type-simple"},"bundled_by":[],"bundle_stock_status":"instock","bundle_stock_quantity":null,"bundle_virtual":false,"bundle_layout":"","bundle_add_to_cart_form_location":"","bundle_editable_in_cart":false,"bundle_sold_individually_context":"","bundle_item_grouping":"","bundle_min_size":"","bundle_max_size":"","bundle_price":[],"bundled_items":[],"bundle_sell_ids":[],"yoast_head":"<!-- This site is optimized with the Yoast SEO plugin v27.0 - https:\/\/yoast.com\/product\/yoast-seo-wordpress\/ -->\n<title>M\u00f6nster Virkade &quot;Pocket Hug&quot; Sp\u00f6ken + utskriftbara kort och p\u00e5stoppar - EllenKantarellen<\/title>\n<meta name=\"description\" content=\"M\u00f6nster p\u00e5 mitt supers\u00f6ta virkade Sp\u00f6ke med tillh\u00f6rande utskriftbar ask med massor av olika meddelanden (25 olika utseenden)!\" \/>\n<meta name=\"robots\" content=\"index, follow, max-snippet:-1, max-image-preview:large, max-video-preview:-1\" \/>\n<link rel=\"canonical\" href=\"https:\/\/www.ellenkantarellen.se\/en\/product-2\/monster-virkade-pocket-hug-spoken-utskriftbara-kort-och-pastoppar\/\" \/>\n<meta property=\"og:locale\" content=\"en_GB\" \/>\n<meta property=\"og:type\" content=\"article\" \/>\n<meta property=\"og:title\" content=\"M\u00f6nster Virkade &quot;Pocket Hug&quot; Sp\u00f6ken + utskriftbara kort och p\u00e5stoppar - EllenKantarellen\" \/>\n<meta property=\"og:description\" content=\"M\u00f6nster p\u00e5 mitt supers\u00f6ta virkade Sp\u00f6ke med tillh\u00f6rande utskriftbar ask med massor av olika meddelanden (25 olika utseenden)!\" \/>\n<meta property=\"og:url\" content=\"https:\/\/www.ellenkantarellen.se\/en\/product-2\/monster-virkade-pocket-hug-spoken-utskriftbara-kort-och-pastoppar\/\" \/>\n<meta property=\"og:site_name\" content=\"EllenKantarellen\" \/>\n<meta property=\"article:modified_time\" content=\"2025-08-24T09:15:54+00:00\" \/>\n<meta property=\"og:image\" content=\"https:\/\/www.ellenkantarellen.se\/wp-content\/uploads\/2025\/08\/produktfoton-2025-08-22T085634.517.jpg\" \/>\n\t<meta property=\"og:image:width\" content=\"1080\" \/>\n\t<meta property=\"og:image:height\" content=\"1080\" \/>\n\t<meta property=\"og:image:type\" content=\"image\/jpeg\" \/>\n<meta name=\"twitter:card\" content=\"summary_large_image\" \/>\n<meta name=\"twitter:label1\" content=\"Estimated reading time\" \/>\n\t<meta name=\"twitter:data1\" content=\"1 minute\" \/>\n<script type=\"application\/ld+json\" class=\"yoast-schema-graph\">{\"@context\":\"https:\/\/schema.org\",\"@graph\":[{\"@type\":\"WebPage\",\"@id\":\"https:\/\/www.ellenkantarellen.se\/produkt\/monster-virkade-pocket-hug-spoken-utskriftbara-kort-och-pastoppar\/\",\"url\":\"https:\/\/www.ellenkantarellen.se\/produkt\/monster-virkade-pocket-hug-spoken-utskriftbara-kort-och-pastoppar\/\",\"name\":\"M\u00f6nster Virkade \\\"Pocket Hug\\\" Sp\u00f6ken + utskriftbara kort och p\u00e5stoppar - EllenKantarellen\",\"isPartOf\":{\"@id\":\"https:\/\/www.ellenkantarellen.se\/#website\"},\"primaryImageOfPage\":{\"@id\":\"https:\/\/www.ellenkantarellen.se\/produkt\/monster-virkade-pocket-hug-spoken-utskriftbara-kort-och-pastoppar\/#primaryimage\"},\"image\":{\"@id\":\"https:\/\/www.ellenkantarellen.se\/produkt\/monster-virkade-pocket-hug-spoken-utskriftbara-kort-och-pastoppar\/#primaryimage\"},\"thumbnailUrl\":\"https:\/\/www.ellenkantarellen.se\/wp-content\/uploads\/2025\/08\/produktfoton-2025-08-22T085634.517.jpg\",\"datePublished\":\"2025-08-22T09:45:33+00:00\",\"dateModified\":\"2025-08-24T09:15:54+00:00\",\"description\":\"M\u00f6nster p\u00e5 mitt supers\u00f6ta virkade Sp\u00f6ke med tillh\u00f6rande utskriftbar ask med massor av olika meddelanden (25 olika utseenden)!\",\"breadcrumb\":{\"@id\":\"https:\/\/www.ellenkantarellen.se\/produkt\/monster-virkade-pocket-hug-spoken-utskriftbara-kort-och-pastoppar\/#breadcrumb\"},\"inLanguage\":\"en-GB\",\"potentialAction\":[{\"@type\":\"ReadAction\",\"target\":[\"https:\/\/www.ellenkantarellen.se\/produkt\/monster-virkade-pocket-hug-spoken-utskriftbara-kort-och-pastoppar\/\"]}]},{\"@type\":\"ImageObject\",\"inLanguage\":\"en-GB\",\"@id\":\"https:\/\/www.ellenkantarellen.se\/produkt\/monster-virkade-pocket-hug-spoken-utskriftbara-kort-och-pastoppar\/#primaryimage\",\"url\":\"https:\/\/www.ellenkantarellen.se\/wp-content\/uploads\/2025\/08\/produktfoton-2025-08-22T085634.517.jpg\",\"contentUrl\":\"https:\/\/www.ellenkantarellen.se\/wp-content\/uploads\/2025\/08\/produktfoton-2025-08-22T085634.517.jpg\",\"width\":1080,\"height\":1080},{\"@type\":\"BreadcrumbList\",\"@id\":\"https:\/\/www.ellenkantarellen.se\/produkt\/monster-virkade-pocket-hug-spoken-utskriftbara-kort-och-pastoppar\/#breadcrumb\",\"itemListElement\":[{\"@type\":\"ListItem\",\"position\":1,\"name\":\"Hem\",\"item\":\"https:\/\/www.ellenkantarellen.se\/\"},{\"@type\":\"ListItem\",\"position\":2,\"name\":\"Aff\u00e4r\",\"item\":\"https:\/\/www.ellenkantarellen.se\/affar\/\"},{\"@type\":\"ListItem\",\"position\":3,\"name\":\"M\u00f6nster Virkade &#8221;Pocket Hug&#8221; Sp\u00f6ken + utskriftbara kort och p\u00e5stoppar\"}]},{\"@type\":\"WebSite\",\"@id\":\"https:\/\/www.ellenkantarellen.se\/#website\",\"url\":\"https:\/\/www.ellenkantarellen.se\/\",\"name\":\"EllenKantarellen\",\"description\":\"\",\"publisher\":{\"@id\":\"https:\/\/www.ellenkantarellen.se\/#organization\"},\"potentialAction\":[{\"@type\":\"SearchAction\",\"target\":{\"@type\":\"EntryPoint\",\"urlTemplate\":\"https:\/\/www.ellenkantarellen.se\/?s={search_term_string}\"},\"query-input\":{\"@type\":\"PropertyValueSpecification\",\"valueRequired\":true,\"valueName\":\"search_term_string\"}}],\"inLanguage\":\"en-GB\"},{\"@type\":\"Organization\",\"@id\":\"https:\/\/www.ellenkantarellen.se\/#organization\",\"name\":\"EllenKantarellen\",\"url\":\"https:\/\/www.ellenkantarellen.se\/\",\"logo\":{\"@type\":\"ImageObject\",\"inLanguage\":\"en-GB\",\"@id\":\"https:\/\/www.ellenkantarellen.se\/#\/schema\/logo\/image\/\",\"url\":\"https:\/\/www.ellenkantarellen.se\/wp-content\/uploads\/2021\/09\/ek2.png\",\"contentUrl\":\"https:\/\/www.ellenkantarellen.se\/wp-content\/uploads\/2021\/09\/ek2.png\",\"width\":2232,\"height\":508,\"caption\":\"EllenKantarellen\"},\"image\":{\"@id\":\"https:\/\/www.ellenkantarellen.se\/#\/schema\/logo\/image\/\"}}]}<\/script>\n<!-- \/ Yoast SEO plugin. -->","yoast_head_json":{"title":"M\u00f6nster Virkade \"Pocket Hug\" Sp\u00f6ken + utskriftbara kort och p\u00e5stoppar - EllenKantarellen","description":"M\u00f6nster p\u00e5 mitt supers\u00f6ta virkade Sp\u00f6ke med tillh\u00f6rande utskriftbar ask med massor av olika meddelanden (25 olika utseenden)!","robots":{"index":"index","follow":"follow","max-snippet":"max-snippet:-1","max-image-preview":"max-image-preview:large","max-video-preview":"max-video-preview:-1"},"canonical":"https:\/\/www.ellenkantarellen.se\/en\/product-2\/monster-virkade-pocket-hug-spoken-utskriftbara-kort-och-pastoppar\/","og_locale":"en_GB","og_type":"article","og_title":"M\u00f6nster Virkade \"Pocket Hug\" Sp\u00f6ken + utskriftbara kort och p\u00e5stoppar - EllenKantarellen","og_description":"M\u00f6nster p\u00e5 mitt supers\u00f6ta virkade Sp\u00f6ke med tillh\u00f6rande utskriftbar ask med massor av olika meddelanden (25 olika utseenden)!","og_url":"https:\/\/www.ellenkantarellen.se\/en\/product-2\/monster-virkade-pocket-hug-spoken-utskriftbara-kort-och-pastoppar\/","og_site_name":"EllenKantarellen","article_modified_time":"2025-08-24T09:15:54+00:00","og_image":[{"width":1080,"height":1080,"url":"https:\/\/www.ellenkantarellen.se\/wp-content\/uploads\/2025\/08\/produktfoton-2025-08-22T085634.517.jpg","type":"image\/jpeg"}],"twitter_card":"summary_large_image","twitter_misc":{"Estimated reading time":"1 minute"},"schema":{"@context":"https:\/\/schema.org","@graph":[{"@type":"WebPage","@id":"https:\/\/www.ellenkantarellen.se\/produkt\/monster-virkade-pocket-hug-spoken-utskriftbara-kort-och-pastoppar\/","url":"https:\/\/www.ellenkantarellen.se\/produkt\/monster-virkade-pocket-hug-spoken-utskriftbara-kort-och-pastoppar\/","name":"M\u00f6nster Virkade \"Pocket Hug\" Sp\u00f6ken + utskriftbara kort och p\u00e5stoppar - EllenKantarellen","isPartOf":{"@id":"https:\/\/www.ellenkantarellen.se\/#website"},"primaryImageOfPage":{"@id":"https:\/\/www.ellenkantarellen.se\/produkt\/monster-virkade-pocket-hug-spoken-utskriftbara-kort-och-pastoppar\/#primaryimage"},"image":{"@id":"https:\/\/www.ellenkantarellen.se\/produkt\/monster-virkade-pocket-hug-spoken-utskriftbara-kort-och-pastoppar\/#primaryimage"},"thumbnailUrl":"https:\/\/www.ellenkantarellen.se\/wp-content\/uploads\/2025\/08\/produktfoton-2025-08-22T085634.517.jpg","datePublished":"2025-08-22T09:45:33+00:00","dateModified":"2025-08-24T09:15:54+00:00","description":"M\u00f6nster p\u00e5 mitt supers\u00f6ta virkade Sp\u00f6ke med tillh\u00f6rande utskriftbar ask med massor av olika meddelanden (25 olika utseenden)!","breadcrumb":{"@id":"https:\/\/www.ellenkantarellen.se\/produkt\/monster-virkade-pocket-hug-spoken-utskriftbara-kort-och-pastoppar\/#breadcrumb"},"inLanguage":"en-GB","potentialAction":[{"@type":"ReadAction","target":["https:\/\/www.ellenkantarellen.se\/produkt\/monster-virkade-pocket-hug-spoken-utskriftbara-kort-och-pastoppar\/"]}]},{"@type":"ImageObject","inLanguage":"en-GB","@id":"https:\/\/www.ellenkantarellen.se\/produkt\/monster-virkade-pocket-hug-spoken-utskriftbara-kort-och-pastoppar\/#primaryimage","url":"https:\/\/www.ellenkantarellen.se\/wp-content\/uploads\/2025\/08\/produktfoton-2025-08-22T085634.517.jpg","contentUrl":"https:\/\/www.ellenkantarellen.se\/wp-content\/uploads\/2025\/08\/produktfoton-2025-08-22T085634.517.jpg","width":1080,"height":1080},{"@type":"BreadcrumbList","@id":"https:\/\/www.ellenkantarellen.se\/produkt\/monster-virkade-pocket-hug-spoken-utskriftbara-kort-och-pastoppar\/#breadcrumb","itemListElement":[{"@type":"ListItem","position":1,"name":"Hem","item":"https:\/\/www.ellenkantarellen.se\/"},{"@type":"ListItem","position":2,"name":"Aff\u00e4r","item":"https:\/\/www.ellenkantarellen.se\/affar\/"},{"@type":"ListItem","position":3,"name":"M\u00f6nster Virkade &#8221;Pocket Hug&#8221; Sp\u00f6ken + utskriftbara kort och p\u00e5stoppar"}]},{"@type":"WebSite","@id":"https:\/\/www.ellenkantarellen.se\/#website","url":"https:\/\/www.ellenkantarellen.se\/","name":"EllenKantarellen","description":"","publisher":{"@id":"https:\/\/www.ellenkantarellen.se\/#organization"},"potentialAction":[{"@type":"SearchAction","target":{"@type":"EntryPoint","urlTemplate":"https:\/\/www.ellenkantarellen.se\/?s={search_term_string}"},"query-input":{"@type":"PropertyValueSpecification","valueRequired":true,"valueName":"search_term_string"}}],"inLanguage":"en-GB"},{"@type":"Organization","@id":"https:\/\/www.ellenkantarellen.se\/#organization","name":"EllenKantarellen","url":"https:\/\/www.ellenkantarellen.se\/","logo":{"@type":"ImageObject","inLanguage":"en-GB","@id":"https:\/\/www.ellenkantarellen.se\/#\/schema\/logo\/image\/","url":"https:\/\/www.ellenkantarellen.se\/wp-content\/uploads\/2021\/09\/ek2.png","contentUrl":"https:\/\/www.ellenkantarellen.se\/wp-content\/uploads\/2021\/09\/ek2.png","width":2232,"height":508,"caption":"EllenKantarellen"},"image":{"@id":"https:\/\/www.ellenkantarellen.se\/#\/schema\/logo\/image\/"}}]}},"_links":{"self":[{"href":"https:\/\/www.ellenkantarellen.se\/en\/wp-json\/wp\/v2\/product\/21822","targetHints":{"allow":["GET"]}}],"collection":[{"href":"https:\/\/www.ellenkantarellen.se\/en\/wp-json\/wp\/v2\/product"}],"about":[{"href":"https:\/\/www.ellenkantarellen.se\/en\/wp-json\/wp\/v2\/types\/product"}],"replies":[{"embeddable":true,"href":"https:\/\/www.ellenkantarellen.se\/en\/wp-json\/wp\/v2\/comments?post=21822"}],"wp:featuredmedia":[{"embeddable":true,"href":"https:\/\/www.ellenkantarellen.se\/en\/wp-json\/wp\/v2\/media\/21827"}],"wp:attachment":[{"href":"https:\/\/www.ellenkantarellen.se\/en\/wp-json\/wp\/v2\/media?parent=21822"}],"wp:term":[{"taxonomy":"product_brand","embeddable":true,"href":"https:\/\/www.ellenkantarellen.se\/en\/wp-json\/wp\/v2\/product_brand?post=21822"},{"taxonomy":"product_cat","embeddable":true,"href":"https:\/\/www.ellenkantarellen.se\/en\/wp-json\/wp\/v2\/product_cat?post=21822"},{"taxonomy":"product_tag","embeddable":true,"href":"https:\/\/www.ellenkantarellen.se\/en\/wp-json\/wp\/v2\/product_tag?post=21822"}],"curies":[{"name":"wp","href":"https:\/\/api.w.org\/{rel}","templated":true}]}}