{"id":22384,"date":"2025-09-13T16:59:55","date_gmt":"2025-09-13T14:59:55","guid":{"rendered":"https:\/\/www.ellenkantarellen.se\/?post_type=product&#038;p=22384"},"modified":"2025-09-15T10:17:43","modified_gmt":"2025-09-15T08:17:43","slug":"monster-virkad-haxkatt-armstodsforvaring","status":"publish","type":"product","link":"https:\/\/www.ellenkantarellen.se\/en\/produkt\/monster-virkad-haxkatt-armstodsforvaring\/","title":{"rendered":"M\u00f6nster virkad H\u00e4xKatt armst\u00f6dsf\u00f6rvaring"},"content":{"rendered":"<p>M\u00f6nster p\u00e5 supers\u00f6t Svart H\u00e4xKatt Soffaf\u00f6rvaring att h\u00e4nga \u00f6ver armst\u00f6det p\u00e5 din soffa eller f\u00e5t\u00f6lj &#8211; till exempelvis din favoritkopp kaffe, godissk\u00e5l samt fj\u00e4rrkontroller bok eller padda! Virkas med akrylgarn! J\u00e4ttefin att ha hemma sj\u00e4lv eller ett m\u00e5ste som present till katt\u00e4lskaren! Du har v\u00e4l sett den s\u00f6ta Katt-Glas\u00f6gonh\u00e5llaren och kattunderl\u00e4gget i samma serie!? <a href=\"https:\/\/www.ellenkantarellen.se\/en\/product-2\/monster-virkad-virknals-glasogonhallare\/\">Klicka H\u00c4R s\u00e5 hittar du dem!<\/a><\/p>\n<p>&nbsp;<\/p>","protected":false},"excerpt":{"rendered":"<p>M\u00f6nster p\u00e5 supers\u00f6t Svart H\u00e4xKatt Soffaf\u00f6rvaring att h\u00e4nga \u00f6ver armst\u00f6det p\u00e5 din soffa eller f\u00e5t\u00f6lj!<strong><em> N\u00e4r du betalat f\u00f6r m\u00f6nstret kommer du automatiskt att kunna ladda ner din PDF-fil med ditt nya mysiga m\u00f6nster som kommer i mejl till dig!<\/em><\/strong><\/p>","protected":false},"featured_media":22392,"comment_status":"open","ping_status":"closed","template":"","meta":[],"product_brand":[],"product_cat":[300,457,458],"product_tag":[211,712,1251,550,385,1249,1253,986,682,1252,472,551,386,1250],"class_list":{"0":"post-22384","1":"product","2":"type-product","3":"status-publish","4":"has-post-thumbnail","6":"product_cat-host-och-halloweenmonster","7":"product_cat-monster-amigurumi","8":"product_cat-ovriga-monster","9":"product_tag-amigurumi","10":"product_tag-gratis-virkmonster","11":"product_tag-virkad-armstodsforvaring","12":"product_tag-virkad-haxa","13":"product_tag-virkad-katt","14":"product_tag-virkad-soffaforvaring","15":"product_tag-virkat-till-fatolj","16":"product_tag-virkat-till-halloween","17":"product_tag-virkat-till-hemmet","18":"product_tag-virkat-till-soffa","19":"product_tag-virkmonster-halloween","20":"product_tag-virkmonster-haxa","21":"product_tag-virkmonster-katt","22":"product_tag-virkmonster-soffaforvaring","24":"first","25":"instock","26":"downloadable","27":"virtual","28":"sold-individually","29":"taxable","30":"purchasable","31":"product-type-simple"},"bundled_by":[],"bundle_stock_status":"instock","bundle_stock_quantity":null,"bundle_virtual":false,"bundle_layout":"","bundle_add_to_cart_form_location":"","bundle_editable_in_cart":false,"bundle_sold_individually_context":"","bundle_item_grouping":"","bundle_min_size":"","bundle_max_size":"","bundle_price":[],"bundled_items":[],"bundle_sell_ids":[],"yoast_head":"<!-- This site is optimized with the Yoast SEO plugin v27.0 - https:\/\/yoast.com\/product\/yoast-seo-wordpress\/ -->\n<title>M\u00f6nster virkad H\u00e4xKatt armst\u00f6dsf\u00f6rvaring - EllenKantarellen<\/title>\n<meta name=\"description\" content=\"M\u00f6nster p\u00e5 Svart H\u00e4xKatt Soffaf\u00f6rvaring till exempelvis din favoritkopp kaffe, godissk\u00e5l samt fj\u00e4rrkontroller bok eller padda! Ett m\u00e5ste till katt\u00e4lskaren!\" \/>\n<meta name=\"robots\" content=\"index, follow, max-snippet:-1, max-image-preview:large, max-video-preview:-1\" \/>\n<link rel=\"canonical\" href=\"https:\/\/www.ellenkantarellen.se\/en\/product-2\/monster-virkad-haxkatt-armstodsforvaring\/\" \/>\n<meta property=\"og:locale\" content=\"en_GB\" \/>\n<meta property=\"og:type\" content=\"article\" \/>\n<meta property=\"og:title\" content=\"M\u00f6nster virkad H\u00e4xKatt armst\u00f6dsf\u00f6rvaring - EllenKantarellen\" \/>\n<meta property=\"og:description\" content=\"M\u00f6nster p\u00e5 Svart H\u00e4xKatt Soffaf\u00f6rvaring till exempelvis din favoritkopp kaffe, godissk\u00e5l samt fj\u00e4rrkontroller bok eller padda! Ett m\u00e5ste till katt\u00e4lskaren!\" \/>\n<meta property=\"og:url\" content=\"https:\/\/www.ellenkantarellen.se\/en\/product-2\/monster-virkad-haxkatt-armstodsforvaring\/\" \/>\n<meta property=\"og:site_name\" content=\"EllenKantarellen\" \/>\n<meta property=\"article:modified_time\" content=\"2025-09-15T08:17:43+00:00\" \/>\n<meta property=\"og:image\" content=\"https:\/\/www.ellenkantarellen.se\/wp-content\/uploads\/2025\/09\/Easy-123-28.jpg\" \/>\n\t<meta property=\"og:image:width\" content=\"1080\" \/>\n\t<meta property=\"og:image:height\" content=\"1080\" \/>\n\t<meta property=\"og:image:type\" content=\"image\/jpeg\" \/>\n<meta name=\"twitter:card\" content=\"summary_large_image\" \/>\n<meta name=\"twitter:label1\" content=\"Estimated reading time\" \/>\n\t<meta name=\"twitter:data1\" content=\"1 minute\" \/>\n<script type=\"application\/ld+json\" class=\"yoast-schema-graph\">{\"@context\":\"https:\/\/schema.org\",\"@graph\":[{\"@type\":\"WebPage\",\"@id\":\"https:\/\/www.ellenkantarellen.se\/produkt\/monster-virkad-haxkatt-armstodsforvaring\/\",\"url\":\"https:\/\/www.ellenkantarellen.se\/produkt\/monster-virkad-haxkatt-armstodsforvaring\/\",\"name\":\"M\u00f6nster virkad H\u00e4xKatt armst\u00f6dsf\u00f6rvaring - EllenKantarellen\",\"isPartOf\":{\"@id\":\"https:\/\/www.ellenkantarellen.se\/#website\"},\"primaryImageOfPage\":{\"@id\":\"https:\/\/www.ellenkantarellen.se\/produkt\/monster-virkad-haxkatt-armstodsforvaring\/#primaryimage\"},\"image\":{\"@id\":\"https:\/\/www.ellenkantarellen.se\/produkt\/monster-virkad-haxkatt-armstodsforvaring\/#primaryimage\"},\"thumbnailUrl\":\"https:\/\/www.ellenkantarellen.se\/wp-content\/uploads\/2025\/09\/Easy-123-28.jpg\",\"datePublished\":\"2025-09-13T14:59:55+00:00\",\"dateModified\":\"2025-09-15T08:17:43+00:00\",\"description\":\"M\u00f6nster p\u00e5 Svart H\u00e4xKatt Soffaf\u00f6rvaring till exempelvis din favoritkopp kaffe, godissk\u00e5l samt fj\u00e4rrkontroller bok eller padda! Ett m\u00e5ste till katt\u00e4lskaren!\",\"breadcrumb\":{\"@id\":\"https:\/\/www.ellenkantarellen.se\/produkt\/monster-virkad-haxkatt-armstodsforvaring\/#breadcrumb\"},\"inLanguage\":\"en-GB\",\"potentialAction\":[{\"@type\":\"ReadAction\",\"target\":[\"https:\/\/www.ellenkantarellen.se\/produkt\/monster-virkad-haxkatt-armstodsforvaring\/\"]}]},{\"@type\":\"ImageObject\",\"inLanguage\":\"en-GB\",\"@id\":\"https:\/\/www.ellenkantarellen.se\/produkt\/monster-virkad-haxkatt-armstodsforvaring\/#primaryimage\",\"url\":\"https:\/\/www.ellenkantarellen.se\/wp-content\/uploads\/2025\/09\/Easy-123-28.jpg\",\"contentUrl\":\"https:\/\/www.ellenkantarellen.se\/wp-content\/uploads\/2025\/09\/Easy-123-28.jpg\",\"width\":1080,\"height\":1080},{\"@type\":\"BreadcrumbList\",\"@id\":\"https:\/\/www.ellenkantarellen.se\/produkt\/monster-virkad-haxkatt-armstodsforvaring\/#breadcrumb\",\"itemListElement\":[{\"@type\":\"ListItem\",\"position\":1,\"name\":\"Hem\",\"item\":\"https:\/\/www.ellenkantarellen.se\/\"},{\"@type\":\"ListItem\",\"position\":2,\"name\":\"Aff\u00e4r\",\"item\":\"https:\/\/www.ellenkantarellen.se\/affar\/\"},{\"@type\":\"ListItem\",\"position\":3,\"name\":\"M\u00f6nster virkad H\u00e4xKatt armst\u00f6dsf\u00f6rvaring\"}]},{\"@type\":\"WebSite\",\"@id\":\"https:\/\/www.ellenkantarellen.se\/#website\",\"url\":\"https:\/\/www.ellenkantarellen.se\/\",\"name\":\"EllenKantarellen\",\"description\":\"\",\"publisher\":{\"@id\":\"https:\/\/www.ellenkantarellen.se\/#organization\"},\"potentialAction\":[{\"@type\":\"SearchAction\",\"target\":{\"@type\":\"EntryPoint\",\"urlTemplate\":\"https:\/\/www.ellenkantarellen.se\/?s={search_term_string}\"},\"query-input\":{\"@type\":\"PropertyValueSpecification\",\"valueRequired\":true,\"valueName\":\"search_term_string\"}}],\"inLanguage\":\"en-GB\"},{\"@type\":\"Organization\",\"@id\":\"https:\/\/www.ellenkantarellen.se\/#organization\",\"name\":\"EllenKantarellen\",\"url\":\"https:\/\/www.ellenkantarellen.se\/\",\"logo\":{\"@type\":\"ImageObject\",\"inLanguage\":\"en-GB\",\"@id\":\"https:\/\/www.ellenkantarellen.se\/#\/schema\/logo\/image\/\",\"url\":\"https:\/\/www.ellenkantarellen.se\/wp-content\/uploads\/2021\/09\/ek2.png\",\"contentUrl\":\"https:\/\/www.ellenkantarellen.se\/wp-content\/uploads\/2021\/09\/ek2.png\",\"width\":2232,\"height\":508,\"caption\":\"EllenKantarellen\"},\"image\":{\"@id\":\"https:\/\/www.ellenkantarellen.se\/#\/schema\/logo\/image\/\"}}]}<\/script>\n<!-- \/ Yoast SEO plugin. -->","yoast_head_json":{"title":"M\u00f6nster virkad H\u00e4xKatt armst\u00f6dsf\u00f6rvaring - EllenKantarellen","description":"M\u00f6nster p\u00e5 Svart H\u00e4xKatt Soffaf\u00f6rvaring till exempelvis din favoritkopp kaffe, godissk\u00e5l samt fj\u00e4rrkontroller bok eller padda! Ett m\u00e5ste till katt\u00e4lskaren!","robots":{"index":"index","follow":"follow","max-snippet":"max-snippet:-1","max-image-preview":"max-image-preview:large","max-video-preview":"max-video-preview:-1"},"canonical":"https:\/\/www.ellenkantarellen.se\/en\/product-2\/monster-virkad-haxkatt-armstodsforvaring\/","og_locale":"en_GB","og_type":"article","og_title":"M\u00f6nster virkad H\u00e4xKatt armst\u00f6dsf\u00f6rvaring - EllenKantarellen","og_description":"M\u00f6nster p\u00e5 Svart H\u00e4xKatt Soffaf\u00f6rvaring till exempelvis din favoritkopp kaffe, godissk\u00e5l samt fj\u00e4rrkontroller bok eller padda! Ett m\u00e5ste till katt\u00e4lskaren!","og_url":"https:\/\/www.ellenkantarellen.se\/en\/product-2\/monster-virkad-haxkatt-armstodsforvaring\/","og_site_name":"EllenKantarellen","article_modified_time":"2025-09-15T08:17:43+00:00","og_image":[{"width":1080,"height":1080,"url":"https:\/\/www.ellenkantarellen.se\/wp-content\/uploads\/2025\/09\/Easy-123-28.jpg","type":"image\/jpeg"}],"twitter_card":"summary_large_image","twitter_misc":{"Estimated reading time":"1 minute"},"schema":{"@context":"https:\/\/schema.org","@graph":[{"@type":"WebPage","@id":"https:\/\/www.ellenkantarellen.se\/produkt\/monster-virkad-haxkatt-armstodsforvaring\/","url":"https:\/\/www.ellenkantarellen.se\/produkt\/monster-virkad-haxkatt-armstodsforvaring\/","name":"M\u00f6nster virkad H\u00e4xKatt armst\u00f6dsf\u00f6rvaring - EllenKantarellen","isPartOf":{"@id":"https:\/\/www.ellenkantarellen.se\/#website"},"primaryImageOfPage":{"@id":"https:\/\/www.ellenkantarellen.se\/produkt\/monster-virkad-haxkatt-armstodsforvaring\/#primaryimage"},"image":{"@id":"https:\/\/www.ellenkantarellen.se\/produkt\/monster-virkad-haxkatt-armstodsforvaring\/#primaryimage"},"thumbnailUrl":"https:\/\/www.ellenkantarellen.se\/wp-content\/uploads\/2025\/09\/Easy-123-28.jpg","datePublished":"2025-09-13T14:59:55+00:00","dateModified":"2025-09-15T08:17:43+00:00","description":"M\u00f6nster p\u00e5 Svart H\u00e4xKatt Soffaf\u00f6rvaring till exempelvis din favoritkopp kaffe, godissk\u00e5l samt fj\u00e4rrkontroller bok eller padda! Ett m\u00e5ste till katt\u00e4lskaren!","breadcrumb":{"@id":"https:\/\/www.ellenkantarellen.se\/produkt\/monster-virkad-haxkatt-armstodsforvaring\/#breadcrumb"},"inLanguage":"en-GB","potentialAction":[{"@type":"ReadAction","target":["https:\/\/www.ellenkantarellen.se\/produkt\/monster-virkad-haxkatt-armstodsforvaring\/"]}]},{"@type":"ImageObject","inLanguage":"en-GB","@id":"https:\/\/www.ellenkantarellen.se\/produkt\/monster-virkad-haxkatt-armstodsforvaring\/#primaryimage","url":"https:\/\/www.ellenkantarellen.se\/wp-content\/uploads\/2025\/09\/Easy-123-28.jpg","contentUrl":"https:\/\/www.ellenkantarellen.se\/wp-content\/uploads\/2025\/09\/Easy-123-28.jpg","width":1080,"height":1080},{"@type":"BreadcrumbList","@id":"https:\/\/www.ellenkantarellen.se\/produkt\/monster-virkad-haxkatt-armstodsforvaring\/#breadcrumb","itemListElement":[{"@type":"ListItem","position":1,"name":"Hem","item":"https:\/\/www.ellenkantarellen.se\/"},{"@type":"ListItem","position":2,"name":"Aff\u00e4r","item":"https:\/\/www.ellenkantarellen.se\/affar\/"},{"@type":"ListItem","position":3,"name":"M\u00f6nster virkad H\u00e4xKatt armst\u00f6dsf\u00f6rvaring"}]},{"@type":"WebSite","@id":"https:\/\/www.ellenkantarellen.se\/#website","url":"https:\/\/www.ellenkantarellen.se\/","name":"EllenKantarellen","description":"","publisher":{"@id":"https:\/\/www.ellenkantarellen.se\/#organization"},"potentialAction":[{"@type":"SearchAction","target":{"@type":"EntryPoint","urlTemplate":"https:\/\/www.ellenkantarellen.se\/?s={search_term_string}"},"query-input":{"@type":"PropertyValueSpecification","valueRequired":true,"valueName":"search_term_string"}}],"inLanguage":"en-GB"},{"@type":"Organization","@id":"https:\/\/www.ellenkantarellen.se\/#organization","name":"EllenKantarellen","url":"https:\/\/www.ellenkantarellen.se\/","logo":{"@type":"ImageObject","inLanguage":"en-GB","@id":"https:\/\/www.ellenkantarellen.se\/#\/schema\/logo\/image\/","url":"https:\/\/www.ellenkantarellen.se\/wp-content\/uploads\/2021\/09\/ek2.png","contentUrl":"https:\/\/www.ellenkantarellen.se\/wp-content\/uploads\/2021\/09\/ek2.png","width":2232,"height":508,"caption":"EllenKantarellen"},"image":{"@id":"https:\/\/www.ellenkantarellen.se\/#\/schema\/logo\/image\/"}}]}},"_links":{"self":[{"href":"https:\/\/www.ellenkantarellen.se\/en\/wp-json\/wp\/v2\/product\/22384","targetHints":{"allow":["GET"]}}],"collection":[{"href":"https:\/\/www.ellenkantarellen.se\/en\/wp-json\/wp\/v2\/product"}],"about":[{"href":"https:\/\/www.ellenkantarellen.se\/en\/wp-json\/wp\/v2\/types\/product"}],"replies":[{"embeddable":true,"href":"https:\/\/www.ellenkantarellen.se\/en\/wp-json\/wp\/v2\/comments?post=22384"}],"wp:featuredmedia":[{"embeddable":true,"href":"https:\/\/www.ellenkantarellen.se\/en\/wp-json\/wp\/v2\/media\/22392"}],"wp:attachment":[{"href":"https:\/\/www.ellenkantarellen.se\/en\/wp-json\/wp\/v2\/media?parent=22384"}],"wp:term":[{"taxonomy":"product_brand","embeddable":true,"href":"https:\/\/www.ellenkantarellen.se\/en\/wp-json\/wp\/v2\/product_brand?post=22384"},{"taxonomy":"product_cat","embeddable":true,"href":"https:\/\/www.ellenkantarellen.se\/en\/wp-json\/wp\/v2\/product_cat?post=22384"},{"taxonomy":"product_tag","embeddable":true,"href":"https:\/\/www.ellenkantarellen.se\/en\/wp-json\/wp\/v2\/product_tag?post=22384"}],"curies":[{"name":"wp","href":"https:\/\/api.w.org\/{rel}","templated":true}]}}