{"id":22812,"date":"2025-10-01T18:01:25","date_gmt":"2025-10-01T16:01:25","guid":{"rendered":"https:\/\/www.ellenkantarellen.se\/?post_type=product&#038;p=22812"},"modified":"2025-10-01T18:05:53","modified_gmt":"2025-10-01T16:05:53","slug":"monster-virkad-tvattbjorn-armstodsforvaring","status":"publish","type":"product","link":"https:\/\/www.ellenkantarellen.se\/en\/produkt\/monster-virkad-tvattbjorn-armstodsforvaring\/","title":{"rendered":"M\u00f6nster virkad Tv\u00e4ttbj\u00f6rn armst\u00f6dsf\u00f6rvaring"},"content":{"rendered":"<p>M\u00f6nster p\u00e5 supers\u00f6t Tv\u00e4ttbj\u00f6rn Soffaf\u00f6rvaring att h\u00e4nga \u00f6ver armst\u00f6det p\u00e5 din soffa eller f\u00e5t\u00f6lj &#8211; till exempelvis din favoritkopp kaffe, godissk\u00e5l samt fj\u00e4rrkontroller bok eller padda! Virkas med akrylgarn! J\u00e4ttefin att ha hemma sj\u00e4lv eller ett m\u00e5ste som present! Du har v\u00e4l sett den s\u00f6ta Katt-Glas\u00f6gonh\u00e5llaren och kattunderl\u00e4gget i samma serie!? <a href=\"https:\/\/www.ellenkantarellen.se\/en\/product-2\/monster-virkad-virknals-glasogonhallare\/\">Klicka H\u00c4R s\u00e5 hittar du dem!<\/a><\/p>\n<p>&nbsp;<\/p>","protected":false},"excerpt":{"rendered":"<p>M\u00f6nster p\u00e5 supers\u00f6t Tv\u00e4ttbj\u00f6rn Soffaf\u00f6rvaring att h\u00e4nga \u00f6ver armst\u00f6det p\u00e5 din soffa eller f\u00e5t\u00f6lj!<strong><em> N\u00e4r du betalat f\u00f6r m\u00f6nstret kommer du automatiskt att kunna ladda ner din PDF-fil med ditt nya mysiga m\u00f6nster som kommer i mejl till dig! <\/em><em>(Du hittar m\u00f6nstret i best\u00e4llningsmejlet under den h\u00f6gra kolumnen &#8221;Nedladdning&#8221;)<\/em><\/strong><\/p>","protected":false},"featured_media":22815,"comment_status":"open","ping_status":"closed","template":"","meta":[],"product_brand":[],"product_cat":[457,458],"product_tag":[211,1254,1251,1249,1257,794,1253,682,1252,797,1250,1258],"class_list":{"0":"post-22812","1":"product","2":"type-product","3":"status-publish","4":"has-post-thumbnail","6":"product_cat-monster-amigurumi","7":"product_cat-ovriga-monster","8":"product_tag-amigurumi","9":"product_tag-virk","10":"product_tag-virkad-armstodsforvaring","11":"product_tag-virkad-soffaforvaring","12":"product_tag-virkad-tvattbjorn","13":"product_tag-virkade-djur","14":"product_tag-virkat-till-fatolj","15":"product_tag-virkat-till-hemmet","16":"product_tag-virkat-till-soffa","17":"product_tag-virkmonster-djur","18":"product_tag-virkmonster-soffaforvaring","19":"product_tag-virkmonster-tvattbjorn","21":"first","22":"instock","23":"downloadable","24":"virtual","25":"sold-individually","26":"taxable","27":"purchasable","28":"product-type-simple"},"bundled_by":[],"bundle_stock_status":"instock","bundle_stock_quantity":null,"bundle_virtual":false,"bundle_layout":"","bundle_add_to_cart_form_location":"","bundle_editable_in_cart":false,"bundle_sold_individually_context":"","bundle_item_grouping":"","bundle_min_size":"","bundle_max_size":"","bundle_price":[],"bundled_items":[],"bundle_sell_ids":[],"yoast_head":"<!-- This site is optimized with the Yoast SEO plugin v27.0 - https:\/\/yoast.com\/product\/yoast-seo-wordpress\/ -->\n<title>M\u00f6nster virkad Tv\u00e4ttbj\u00f6rn armst\u00f6dsf\u00f6rvaring - EllenKantarellen<\/title>\n<meta name=\"description\" content=\"M\u00f6nster p\u00e5 supers\u00f6t Tv\u00e4ttbj\u00f6rn Soffaf\u00f6rvaring till exempelvis din favoritkopp kaffe, godissk\u00e5l samt fj\u00e4rrkontroller bok eller padda! En perfekt present!\" \/>\n<meta name=\"robots\" content=\"index, follow, max-snippet:-1, max-image-preview:large, max-video-preview:-1\" \/>\n<link rel=\"canonical\" href=\"https:\/\/www.ellenkantarellen.se\/en\/product-2\/monster-virkad-tvattbjorn-armstodsforvaring\/\" \/>\n<meta property=\"og:locale\" content=\"en_GB\" \/>\n<meta property=\"og:type\" content=\"article\" \/>\n<meta property=\"og:title\" content=\"M\u00f6nster virkad Tv\u00e4ttbj\u00f6rn armst\u00f6dsf\u00f6rvaring - EllenKantarellen\" \/>\n<meta property=\"og:description\" content=\"M\u00f6nster p\u00e5 supers\u00f6t Tv\u00e4ttbj\u00f6rn Soffaf\u00f6rvaring till exempelvis din favoritkopp kaffe, godissk\u00e5l samt fj\u00e4rrkontroller bok eller padda! En perfekt present!\" \/>\n<meta property=\"og:url\" content=\"https:\/\/www.ellenkantarellen.se\/en\/product-2\/monster-virkad-tvattbjorn-armstodsforvaring\/\" \/>\n<meta property=\"og:site_name\" content=\"EllenKantarellen\" \/>\n<meta property=\"article:modified_time\" content=\"2025-10-01T16:05:53+00:00\" \/>\n<meta property=\"og:image\" content=\"https:\/\/www.ellenkantarellen.se\/wp-content\/uploads\/2025\/10\/Easy-123-73.jpg\" \/>\n\t<meta property=\"og:image:width\" content=\"1080\" \/>\n\t<meta property=\"og:image:height\" content=\"1080\" \/>\n\t<meta property=\"og:image:type\" content=\"image\/jpeg\" \/>\n<meta name=\"twitter:card\" content=\"summary_large_image\" \/>\n<meta name=\"twitter:label1\" content=\"Estimated reading time\" \/>\n\t<meta name=\"twitter:data1\" content=\"1 minute\" \/>\n<script type=\"application\/ld+json\" class=\"yoast-schema-graph\">{\"@context\":\"https:\/\/schema.org\",\"@graph\":[{\"@type\":\"WebPage\",\"@id\":\"https:\/\/www.ellenkantarellen.se\/produkt\/monster-virkad-tvattbjorn-armstodsforvaring\/\",\"url\":\"https:\/\/www.ellenkantarellen.se\/produkt\/monster-virkad-tvattbjorn-armstodsforvaring\/\",\"name\":\"M\u00f6nster virkad Tv\u00e4ttbj\u00f6rn armst\u00f6dsf\u00f6rvaring - EllenKantarellen\",\"isPartOf\":{\"@id\":\"https:\/\/www.ellenkantarellen.se\/#website\"},\"primaryImageOfPage\":{\"@id\":\"https:\/\/www.ellenkantarellen.se\/produkt\/monster-virkad-tvattbjorn-armstodsforvaring\/#primaryimage\"},\"image\":{\"@id\":\"https:\/\/www.ellenkantarellen.se\/produkt\/monster-virkad-tvattbjorn-armstodsforvaring\/#primaryimage\"},\"thumbnailUrl\":\"https:\/\/www.ellenkantarellen.se\/wp-content\/uploads\/2025\/10\/Easy-123-73.jpg\",\"datePublished\":\"2025-10-01T16:01:25+00:00\",\"dateModified\":\"2025-10-01T16:05:53+00:00\",\"description\":\"M\u00f6nster p\u00e5 supers\u00f6t Tv\u00e4ttbj\u00f6rn Soffaf\u00f6rvaring till exempelvis din favoritkopp kaffe, godissk\u00e5l samt fj\u00e4rrkontroller bok eller padda! En perfekt present!\",\"breadcrumb\":{\"@id\":\"https:\/\/www.ellenkantarellen.se\/produkt\/monster-virkad-tvattbjorn-armstodsforvaring\/#breadcrumb\"},\"inLanguage\":\"en-GB\",\"potentialAction\":[{\"@type\":\"ReadAction\",\"target\":[\"https:\/\/www.ellenkantarellen.se\/produkt\/monster-virkad-tvattbjorn-armstodsforvaring\/\"]}]},{\"@type\":\"ImageObject\",\"inLanguage\":\"en-GB\",\"@id\":\"https:\/\/www.ellenkantarellen.se\/produkt\/monster-virkad-tvattbjorn-armstodsforvaring\/#primaryimage\",\"url\":\"https:\/\/www.ellenkantarellen.se\/wp-content\/uploads\/2025\/10\/Easy-123-73.jpg\",\"contentUrl\":\"https:\/\/www.ellenkantarellen.se\/wp-content\/uploads\/2025\/10\/Easy-123-73.jpg\",\"width\":1080,\"height\":1080},{\"@type\":\"BreadcrumbList\",\"@id\":\"https:\/\/www.ellenkantarellen.se\/produkt\/monster-virkad-tvattbjorn-armstodsforvaring\/#breadcrumb\",\"itemListElement\":[{\"@type\":\"ListItem\",\"position\":1,\"name\":\"Hem\",\"item\":\"https:\/\/www.ellenkantarellen.se\/\"},{\"@type\":\"ListItem\",\"position\":2,\"name\":\"Aff\u00e4r\",\"item\":\"https:\/\/www.ellenkantarellen.se\/affar\/\"},{\"@type\":\"ListItem\",\"position\":3,\"name\":\"M\u00f6nster virkad Tv\u00e4ttbj\u00f6rn armst\u00f6dsf\u00f6rvaring\"}]},{\"@type\":\"WebSite\",\"@id\":\"https:\/\/www.ellenkantarellen.se\/#website\",\"url\":\"https:\/\/www.ellenkantarellen.se\/\",\"name\":\"EllenKantarellen\",\"description\":\"\",\"publisher\":{\"@id\":\"https:\/\/www.ellenkantarellen.se\/#organization\"},\"potentialAction\":[{\"@type\":\"SearchAction\",\"target\":{\"@type\":\"EntryPoint\",\"urlTemplate\":\"https:\/\/www.ellenkantarellen.se\/?s={search_term_string}\"},\"query-input\":{\"@type\":\"PropertyValueSpecification\",\"valueRequired\":true,\"valueName\":\"search_term_string\"}}],\"inLanguage\":\"en-GB\"},{\"@type\":\"Organization\",\"@id\":\"https:\/\/www.ellenkantarellen.se\/#organization\",\"name\":\"EllenKantarellen\",\"url\":\"https:\/\/www.ellenkantarellen.se\/\",\"logo\":{\"@type\":\"ImageObject\",\"inLanguage\":\"en-GB\",\"@id\":\"https:\/\/www.ellenkantarellen.se\/#\/schema\/logo\/image\/\",\"url\":\"https:\/\/www.ellenkantarellen.se\/wp-content\/uploads\/2021\/09\/ek2.png\",\"contentUrl\":\"https:\/\/www.ellenkantarellen.se\/wp-content\/uploads\/2021\/09\/ek2.png\",\"width\":2232,\"height\":508,\"caption\":\"EllenKantarellen\"},\"image\":{\"@id\":\"https:\/\/www.ellenkantarellen.se\/#\/schema\/logo\/image\/\"}}]}<\/script>\n<!-- \/ Yoast SEO plugin. -->","yoast_head_json":{"title":"M\u00f6nster virkad Tv\u00e4ttbj\u00f6rn armst\u00f6dsf\u00f6rvaring - EllenKantarellen","description":"M\u00f6nster p\u00e5 supers\u00f6t Tv\u00e4ttbj\u00f6rn Soffaf\u00f6rvaring till exempelvis din favoritkopp kaffe, godissk\u00e5l samt fj\u00e4rrkontroller bok eller padda! En perfekt present!","robots":{"index":"index","follow":"follow","max-snippet":"max-snippet:-1","max-image-preview":"max-image-preview:large","max-video-preview":"max-video-preview:-1"},"canonical":"https:\/\/www.ellenkantarellen.se\/en\/product-2\/monster-virkad-tvattbjorn-armstodsforvaring\/","og_locale":"en_GB","og_type":"article","og_title":"M\u00f6nster virkad Tv\u00e4ttbj\u00f6rn armst\u00f6dsf\u00f6rvaring - EllenKantarellen","og_description":"M\u00f6nster p\u00e5 supers\u00f6t Tv\u00e4ttbj\u00f6rn Soffaf\u00f6rvaring till exempelvis din favoritkopp kaffe, godissk\u00e5l samt fj\u00e4rrkontroller bok eller padda! En perfekt present!","og_url":"https:\/\/www.ellenkantarellen.se\/en\/product-2\/monster-virkad-tvattbjorn-armstodsforvaring\/","og_site_name":"EllenKantarellen","article_modified_time":"2025-10-01T16:05:53+00:00","og_image":[{"width":1080,"height":1080,"url":"https:\/\/www.ellenkantarellen.se\/wp-content\/uploads\/2025\/10\/Easy-123-73.jpg","type":"image\/jpeg"}],"twitter_card":"summary_large_image","twitter_misc":{"Estimated reading time":"1 minute"},"schema":{"@context":"https:\/\/schema.org","@graph":[{"@type":"WebPage","@id":"https:\/\/www.ellenkantarellen.se\/produkt\/monster-virkad-tvattbjorn-armstodsforvaring\/","url":"https:\/\/www.ellenkantarellen.se\/produkt\/monster-virkad-tvattbjorn-armstodsforvaring\/","name":"M\u00f6nster virkad Tv\u00e4ttbj\u00f6rn armst\u00f6dsf\u00f6rvaring - EllenKantarellen","isPartOf":{"@id":"https:\/\/www.ellenkantarellen.se\/#website"},"primaryImageOfPage":{"@id":"https:\/\/www.ellenkantarellen.se\/produkt\/monster-virkad-tvattbjorn-armstodsforvaring\/#primaryimage"},"image":{"@id":"https:\/\/www.ellenkantarellen.se\/produkt\/monster-virkad-tvattbjorn-armstodsforvaring\/#primaryimage"},"thumbnailUrl":"https:\/\/www.ellenkantarellen.se\/wp-content\/uploads\/2025\/10\/Easy-123-73.jpg","datePublished":"2025-10-01T16:01:25+00:00","dateModified":"2025-10-01T16:05:53+00:00","description":"M\u00f6nster p\u00e5 supers\u00f6t Tv\u00e4ttbj\u00f6rn Soffaf\u00f6rvaring till exempelvis din favoritkopp kaffe, godissk\u00e5l samt fj\u00e4rrkontroller bok eller padda! En perfekt present!","breadcrumb":{"@id":"https:\/\/www.ellenkantarellen.se\/produkt\/monster-virkad-tvattbjorn-armstodsforvaring\/#breadcrumb"},"inLanguage":"en-GB","potentialAction":[{"@type":"ReadAction","target":["https:\/\/www.ellenkantarellen.se\/produkt\/monster-virkad-tvattbjorn-armstodsforvaring\/"]}]},{"@type":"ImageObject","inLanguage":"en-GB","@id":"https:\/\/www.ellenkantarellen.se\/produkt\/monster-virkad-tvattbjorn-armstodsforvaring\/#primaryimage","url":"https:\/\/www.ellenkantarellen.se\/wp-content\/uploads\/2025\/10\/Easy-123-73.jpg","contentUrl":"https:\/\/www.ellenkantarellen.se\/wp-content\/uploads\/2025\/10\/Easy-123-73.jpg","width":1080,"height":1080},{"@type":"BreadcrumbList","@id":"https:\/\/www.ellenkantarellen.se\/produkt\/monster-virkad-tvattbjorn-armstodsforvaring\/#breadcrumb","itemListElement":[{"@type":"ListItem","position":1,"name":"Hem","item":"https:\/\/www.ellenkantarellen.se\/"},{"@type":"ListItem","position":2,"name":"Aff\u00e4r","item":"https:\/\/www.ellenkantarellen.se\/affar\/"},{"@type":"ListItem","position":3,"name":"M\u00f6nster virkad Tv\u00e4ttbj\u00f6rn armst\u00f6dsf\u00f6rvaring"}]},{"@type":"WebSite","@id":"https:\/\/www.ellenkantarellen.se\/#website","url":"https:\/\/www.ellenkantarellen.se\/","name":"EllenKantarellen","description":"","publisher":{"@id":"https:\/\/www.ellenkantarellen.se\/#organization"},"potentialAction":[{"@type":"SearchAction","target":{"@type":"EntryPoint","urlTemplate":"https:\/\/www.ellenkantarellen.se\/?s={search_term_string}"},"query-input":{"@type":"PropertyValueSpecification","valueRequired":true,"valueName":"search_term_string"}}],"inLanguage":"en-GB"},{"@type":"Organization","@id":"https:\/\/www.ellenkantarellen.se\/#organization","name":"EllenKantarellen","url":"https:\/\/www.ellenkantarellen.se\/","logo":{"@type":"ImageObject","inLanguage":"en-GB","@id":"https:\/\/www.ellenkantarellen.se\/#\/schema\/logo\/image\/","url":"https:\/\/www.ellenkantarellen.se\/wp-content\/uploads\/2021\/09\/ek2.png","contentUrl":"https:\/\/www.ellenkantarellen.se\/wp-content\/uploads\/2021\/09\/ek2.png","width":2232,"height":508,"caption":"EllenKantarellen"},"image":{"@id":"https:\/\/www.ellenkantarellen.se\/#\/schema\/logo\/image\/"}}]}},"_links":{"self":[{"href":"https:\/\/www.ellenkantarellen.se\/en\/wp-json\/wp\/v2\/product\/22812","targetHints":{"allow":["GET"]}}],"collection":[{"href":"https:\/\/www.ellenkantarellen.se\/en\/wp-json\/wp\/v2\/product"}],"about":[{"href":"https:\/\/www.ellenkantarellen.se\/en\/wp-json\/wp\/v2\/types\/product"}],"replies":[{"embeddable":true,"href":"https:\/\/www.ellenkantarellen.se\/en\/wp-json\/wp\/v2\/comments?post=22812"}],"wp:featuredmedia":[{"embeddable":true,"href":"https:\/\/www.ellenkantarellen.se\/en\/wp-json\/wp\/v2\/media\/22815"}],"wp:attachment":[{"href":"https:\/\/www.ellenkantarellen.se\/en\/wp-json\/wp\/v2\/media?parent=22812"}],"wp:term":[{"taxonomy":"product_brand","embeddable":true,"href":"https:\/\/www.ellenkantarellen.se\/en\/wp-json\/wp\/v2\/product_brand?post=22812"},{"taxonomy":"product_cat","embeddable":true,"href":"https:\/\/www.ellenkantarellen.se\/en\/wp-json\/wp\/v2\/product_cat?post=22812"},{"taxonomy":"product_tag","embeddable":true,"href":"https:\/\/www.ellenkantarellen.se\/en\/wp-json\/wp\/v2\/product_tag?post=22812"}],"curies":[{"name":"wp","href":"https:\/\/api.w.org\/{rel}","templated":true}]}}