{"id":23042,"date":"2025-10-11T10:52:23","date_gmt":"2025-10-11T08:52:23","guid":{"rendered":"https:\/\/www.ellenkantarellen.se\/?post_type=product&#038;p=23042"},"modified":"2026-01-31T16:28:00","modified_gmt":"2026-01-31T15:28:00","slug":"virkmonster-pocket-hug-hjarta-utskriftbara-skyltar-och-pastoppar","status":"publish","type":"product","link":"https:\/\/www.ellenkantarellen.se\/en\/produkt\/virkmonster-pocket-hug-hjarta-utskriftbara-skyltar-och-pastoppar\/","title":{"rendered":"Virkm\u00f6nster &#8221;Pocket Hug&#8221; Hj\u00e4rta + utskriftbara skyltar och p\u00e5stoppar"},"content":{"rendered":"<p>M\u00f6nster p\u00e5 mitt supers\u00f6ta virkade Fick-Hj\u00e4rta (med en ficka p\u00e5 baksidan som du kan l\u00e4gga ett gulligt meddelande i eller en godisbit). M\u00f6nstret kommer med tillh\u00f6rande utskriftbara kort och p\u00e5stoppar i tv\u00e5 storlekar med massor av olika meddelanden.10 olika meddelanden i 4 f\u00e4ger samt blanka om du vill skriva ett eget meddelande! Text finns b\u00e5de p\u00e5 engelska och p\u00e5 svenska! Ett m\u00f6nster som passar b\u00e5de nyb\u00f6rjare som van! Sp\u00f6kena \u00e4r virkat i akrylgarn, 8\/8 &amp; 8\/4\u00a0 bomullsgarn. Perfekta presenten p\u00e5 &#8221;Alla Hj\u00e4rtans Dag&#8221; eller n\u00e4r som helst till n\u00e5gon du tycker om eller som b\u00e4sts\u00e4ljare p\u00e5 din marknad!<\/p>\n<div>\ud83c\udf38 Storlek p\u00e5 Hj\u00e4rtana<\/div>\n<div>Stor:\u00a0 6 x 6 cm<\/div>\n<div>Medium:\u00a0 4,5 x 4,5 cm<\/div>\n<div><\/div>\n<div>\ud83c\udf38 Kort<\/div>\n<div>Stor:\u00a0 11,5 x 9 cm<\/div>\n<div>Medium:\u00a0 9,5 x 7,5 cm<\/div>\n<div><\/div>\n<div>\ud83c\udf38 P\u00e5stoppar<\/div>\n<div>Stor, Medium (som passar korten i storlek)<\/div>","protected":false},"excerpt":{"rendered":"<p><em>M\u00f6nster p\u00e5 mitt supers\u00f6ta virkade Fick-Hj\u00e4rta med utskriftbara kort + p\u00e5stoppar! <\/em><strong><em>N\u00e4r du betalat f\u00f6r m\u00f6nstret kommer du automatiskt att kunna ladda ner din PDF-fil med ditt nya roliga m\u00f6nster som kommer i mejl till dig!<\/em><\/strong><\/p>","protected":false},"featured_media":26020,"comment_status":"open","ping_status":"closed","template":"","meta":[],"product_brand":[],"product_cat":[859,703],"product_tag":[1334,1082,1335,1079,1244,519,1331,326,1243],"class_list":{"0":"post-23042","1":"product","2":"type-product","3":"status-publish","4":"has-post-thumbnail","6":"product_cat-alla-hjartans-dag","7":"product_cat-etiketter","8":"product_tag-kort-till-virkat-hjarta","9":"product_tag-pocket-hug","10":"product_tag-skyltar-till-virkat","11":"product_tag-virkad-pocket-hug","12":"product_tag-virkat","13":"product_tag-virkat-hjarta","14":"product_tag-virkat-hjarta-med-ficka","15":"product_tag-virkmonster-hjarta","16":"product_tag-virkmonster-pocket-hug","18":"first","19":"instock","20":"downloadable","21":"virtual","22":"sold-individually","23":"taxable","24":"purchasable","25":"product-type-simple"},"bundled_by":[],"bundle_stock_status":"instock","bundle_stock_quantity":null,"bundle_virtual":false,"bundle_layout":"","bundle_add_to_cart_form_location":"","bundle_editable_in_cart":false,"bundle_sold_individually_context":"","bundle_item_grouping":"","bundle_min_size":"","bundle_max_size":"","bundle_price":[],"bundled_items":[],"bundle_sell_ids":[],"yoast_head":"<!-- This site is optimized with the Yoast SEO plugin v27.0 - https:\/\/yoast.com\/product\/yoast-seo-wordpress\/ -->\n<title>Virkm\u00f6nster &quot;Pocket Hug&quot; Hj\u00e4rta + utskriftbara skyltar och p\u00e5stoppar - EllenKantarellen<\/title>\n<meta name=\"description\" content=\"M\u00f6nster p\u00e5 mitt supers\u00f6ta virkade Fick-Hj\u00e4rta. M\u00f6nstret kommer med tillh\u00f6rande utskriftbara kort och p\u00e5stoppar i tv\u00e5 storlekar.\" \/>\n<meta name=\"robots\" content=\"index, follow, max-snippet:-1, max-image-preview:large, max-video-preview:-1\" \/>\n<link rel=\"canonical\" href=\"https:\/\/www.ellenkantarellen.se\/en\/product-2\/virkmonster-pocket-hug-hjarta-utskriftbara-skyltar-och-pastoppar\/\" \/>\n<meta property=\"og:locale\" content=\"en_GB\" \/>\n<meta property=\"og:type\" content=\"article\" \/>\n<meta property=\"og:title\" content=\"Virkm\u00f6nster &quot;Pocket Hug&quot; Hj\u00e4rta + utskriftbara skyltar och p\u00e5stoppar - EllenKantarellen\" \/>\n<meta property=\"og:description\" content=\"M\u00f6nster p\u00e5 mitt supers\u00f6ta virkade Fick-Hj\u00e4rta. M\u00f6nstret kommer med tillh\u00f6rande utskriftbara kort och p\u00e5stoppar i tv\u00e5 storlekar.\" \/>\n<meta property=\"og:url\" content=\"https:\/\/www.ellenkantarellen.se\/en\/product-2\/virkmonster-pocket-hug-hjarta-utskriftbara-skyltar-och-pastoppar\/\" \/>\n<meta property=\"og:site_name\" content=\"EllenKantarellen\" \/>\n<meta property=\"article:modified_time\" content=\"2026-01-31T15:28:00+00:00\" \/>\n<meta property=\"og:image\" content=\"https:\/\/www.ellenkantarellen.se\/wp-content\/uploads\/2025\/10\/Easy-123-2026-01-23T171629.392.jpg\" \/>\n\t<meta property=\"og:image:width\" content=\"1080\" \/>\n\t<meta property=\"og:image:height\" content=\"1080\" \/>\n\t<meta property=\"og:image:type\" content=\"image\/jpeg\" \/>\n<meta name=\"twitter:card\" content=\"summary_large_image\" \/>\n<meta name=\"twitter:label1\" content=\"Estimated reading time\" \/>\n\t<meta name=\"twitter:data1\" content=\"1 minute\" \/>\n<script type=\"application\/ld+json\" class=\"yoast-schema-graph\">{\"@context\":\"https:\/\/schema.org\",\"@graph\":[{\"@type\":\"WebPage\",\"@id\":\"https:\/\/www.ellenkantarellen.se\/produkt\/virkmonster-pocket-hug-hjarta-utskriftbara-skyltar-och-pastoppar\/\",\"url\":\"https:\/\/www.ellenkantarellen.se\/produkt\/virkmonster-pocket-hug-hjarta-utskriftbara-skyltar-och-pastoppar\/\",\"name\":\"Virkm\u00f6nster \\\"Pocket Hug\\\" Hj\u00e4rta + utskriftbara skyltar och p\u00e5stoppar - EllenKantarellen\",\"isPartOf\":{\"@id\":\"https:\/\/www.ellenkantarellen.se\/#website\"},\"primaryImageOfPage\":{\"@id\":\"https:\/\/www.ellenkantarellen.se\/produkt\/virkmonster-pocket-hug-hjarta-utskriftbara-skyltar-och-pastoppar\/#primaryimage\"},\"image\":{\"@id\":\"https:\/\/www.ellenkantarellen.se\/produkt\/virkmonster-pocket-hug-hjarta-utskriftbara-skyltar-och-pastoppar\/#primaryimage\"},\"thumbnailUrl\":\"https:\/\/www.ellenkantarellen.se\/wp-content\/uploads\/2025\/10\/Easy-123-2026-01-23T171629.392.jpg\",\"datePublished\":\"2025-10-11T08:52:23+00:00\",\"dateModified\":\"2026-01-31T15:28:00+00:00\",\"description\":\"M\u00f6nster p\u00e5 mitt supers\u00f6ta virkade Fick-Hj\u00e4rta. M\u00f6nstret kommer med tillh\u00f6rande utskriftbara kort och p\u00e5stoppar i tv\u00e5 storlekar.\",\"breadcrumb\":{\"@id\":\"https:\/\/www.ellenkantarellen.se\/produkt\/virkmonster-pocket-hug-hjarta-utskriftbara-skyltar-och-pastoppar\/#breadcrumb\"},\"inLanguage\":\"en-GB\",\"potentialAction\":[{\"@type\":\"ReadAction\",\"target\":[\"https:\/\/www.ellenkantarellen.se\/produkt\/virkmonster-pocket-hug-hjarta-utskriftbara-skyltar-och-pastoppar\/\"]}]},{\"@type\":\"ImageObject\",\"inLanguage\":\"en-GB\",\"@id\":\"https:\/\/www.ellenkantarellen.se\/produkt\/virkmonster-pocket-hug-hjarta-utskriftbara-skyltar-och-pastoppar\/#primaryimage\",\"url\":\"https:\/\/www.ellenkantarellen.se\/wp-content\/uploads\/2025\/10\/Easy-123-2026-01-23T171629.392.jpg\",\"contentUrl\":\"https:\/\/www.ellenkantarellen.se\/wp-content\/uploads\/2025\/10\/Easy-123-2026-01-23T171629.392.jpg\",\"width\":1080,\"height\":1080},{\"@type\":\"BreadcrumbList\",\"@id\":\"https:\/\/www.ellenkantarellen.se\/produkt\/virkmonster-pocket-hug-hjarta-utskriftbara-skyltar-och-pastoppar\/#breadcrumb\",\"itemListElement\":[{\"@type\":\"ListItem\",\"position\":1,\"name\":\"Hem\",\"item\":\"https:\/\/www.ellenkantarellen.se\/\"},{\"@type\":\"ListItem\",\"position\":2,\"name\":\"Aff\u00e4r\",\"item\":\"https:\/\/www.ellenkantarellen.se\/affar\/\"},{\"@type\":\"ListItem\",\"position\":3,\"name\":\"Virkm\u00f6nster &#8221;Pocket Hug&#8221; Hj\u00e4rta + utskriftbara skyltar och p\u00e5stoppar\"}]},{\"@type\":\"WebSite\",\"@id\":\"https:\/\/www.ellenkantarellen.se\/#website\",\"url\":\"https:\/\/www.ellenkantarellen.se\/\",\"name\":\"EllenKantarellen\",\"description\":\"\",\"publisher\":{\"@id\":\"https:\/\/www.ellenkantarellen.se\/#organization\"},\"potentialAction\":[{\"@type\":\"SearchAction\",\"target\":{\"@type\":\"EntryPoint\",\"urlTemplate\":\"https:\/\/www.ellenkantarellen.se\/?s={search_term_string}\"},\"query-input\":{\"@type\":\"PropertyValueSpecification\",\"valueRequired\":true,\"valueName\":\"search_term_string\"}}],\"inLanguage\":\"en-GB\"},{\"@type\":\"Organization\",\"@id\":\"https:\/\/www.ellenkantarellen.se\/#organization\",\"name\":\"EllenKantarellen\",\"url\":\"https:\/\/www.ellenkantarellen.se\/\",\"logo\":{\"@type\":\"ImageObject\",\"inLanguage\":\"en-GB\",\"@id\":\"https:\/\/www.ellenkantarellen.se\/#\/schema\/logo\/image\/\",\"url\":\"https:\/\/www.ellenkantarellen.se\/wp-content\/uploads\/2021\/09\/ek2.png\",\"contentUrl\":\"https:\/\/www.ellenkantarellen.se\/wp-content\/uploads\/2021\/09\/ek2.png\",\"width\":2232,\"height\":508,\"caption\":\"EllenKantarellen\"},\"image\":{\"@id\":\"https:\/\/www.ellenkantarellen.se\/#\/schema\/logo\/image\/\"}}]}<\/script>\n<!-- \/ Yoast SEO plugin. -->","yoast_head_json":{"title":"Virkm\u00f6nster \"Pocket Hug\" Hj\u00e4rta + utskriftbara skyltar och p\u00e5stoppar - EllenKantarellen","description":"M\u00f6nster p\u00e5 mitt supers\u00f6ta virkade Fick-Hj\u00e4rta. M\u00f6nstret kommer med tillh\u00f6rande utskriftbara kort och p\u00e5stoppar i tv\u00e5 storlekar.","robots":{"index":"index","follow":"follow","max-snippet":"max-snippet:-1","max-image-preview":"max-image-preview:large","max-video-preview":"max-video-preview:-1"},"canonical":"https:\/\/www.ellenkantarellen.se\/en\/product-2\/virkmonster-pocket-hug-hjarta-utskriftbara-skyltar-och-pastoppar\/","og_locale":"en_GB","og_type":"article","og_title":"Virkm\u00f6nster \"Pocket Hug\" Hj\u00e4rta + utskriftbara skyltar och p\u00e5stoppar - EllenKantarellen","og_description":"M\u00f6nster p\u00e5 mitt supers\u00f6ta virkade Fick-Hj\u00e4rta. M\u00f6nstret kommer med tillh\u00f6rande utskriftbara kort och p\u00e5stoppar i tv\u00e5 storlekar.","og_url":"https:\/\/www.ellenkantarellen.se\/en\/product-2\/virkmonster-pocket-hug-hjarta-utskriftbara-skyltar-och-pastoppar\/","og_site_name":"EllenKantarellen","article_modified_time":"2026-01-31T15:28:00+00:00","og_image":[{"width":1080,"height":1080,"url":"https:\/\/www.ellenkantarellen.se\/wp-content\/uploads\/2025\/10\/Easy-123-2026-01-23T171629.392.jpg","type":"image\/jpeg"}],"twitter_card":"summary_large_image","twitter_misc":{"Estimated reading time":"1 minute"},"schema":{"@context":"https:\/\/schema.org","@graph":[{"@type":"WebPage","@id":"https:\/\/www.ellenkantarellen.se\/produkt\/virkmonster-pocket-hug-hjarta-utskriftbara-skyltar-och-pastoppar\/","url":"https:\/\/www.ellenkantarellen.se\/produkt\/virkmonster-pocket-hug-hjarta-utskriftbara-skyltar-och-pastoppar\/","name":"Virkm\u00f6nster \"Pocket Hug\" Hj\u00e4rta + utskriftbara skyltar och p\u00e5stoppar - EllenKantarellen","isPartOf":{"@id":"https:\/\/www.ellenkantarellen.se\/#website"},"primaryImageOfPage":{"@id":"https:\/\/www.ellenkantarellen.se\/produkt\/virkmonster-pocket-hug-hjarta-utskriftbara-skyltar-och-pastoppar\/#primaryimage"},"image":{"@id":"https:\/\/www.ellenkantarellen.se\/produkt\/virkmonster-pocket-hug-hjarta-utskriftbara-skyltar-och-pastoppar\/#primaryimage"},"thumbnailUrl":"https:\/\/www.ellenkantarellen.se\/wp-content\/uploads\/2025\/10\/Easy-123-2026-01-23T171629.392.jpg","datePublished":"2025-10-11T08:52:23+00:00","dateModified":"2026-01-31T15:28:00+00:00","description":"M\u00f6nster p\u00e5 mitt supers\u00f6ta virkade Fick-Hj\u00e4rta. M\u00f6nstret kommer med tillh\u00f6rande utskriftbara kort och p\u00e5stoppar i tv\u00e5 storlekar.","breadcrumb":{"@id":"https:\/\/www.ellenkantarellen.se\/produkt\/virkmonster-pocket-hug-hjarta-utskriftbara-skyltar-och-pastoppar\/#breadcrumb"},"inLanguage":"en-GB","potentialAction":[{"@type":"ReadAction","target":["https:\/\/www.ellenkantarellen.se\/produkt\/virkmonster-pocket-hug-hjarta-utskriftbara-skyltar-och-pastoppar\/"]}]},{"@type":"ImageObject","inLanguage":"en-GB","@id":"https:\/\/www.ellenkantarellen.se\/produkt\/virkmonster-pocket-hug-hjarta-utskriftbara-skyltar-och-pastoppar\/#primaryimage","url":"https:\/\/www.ellenkantarellen.se\/wp-content\/uploads\/2025\/10\/Easy-123-2026-01-23T171629.392.jpg","contentUrl":"https:\/\/www.ellenkantarellen.se\/wp-content\/uploads\/2025\/10\/Easy-123-2026-01-23T171629.392.jpg","width":1080,"height":1080},{"@type":"BreadcrumbList","@id":"https:\/\/www.ellenkantarellen.se\/produkt\/virkmonster-pocket-hug-hjarta-utskriftbara-skyltar-och-pastoppar\/#breadcrumb","itemListElement":[{"@type":"ListItem","position":1,"name":"Hem","item":"https:\/\/www.ellenkantarellen.se\/"},{"@type":"ListItem","position":2,"name":"Aff\u00e4r","item":"https:\/\/www.ellenkantarellen.se\/affar\/"},{"@type":"ListItem","position":3,"name":"Virkm\u00f6nster &#8221;Pocket Hug&#8221; Hj\u00e4rta + utskriftbara skyltar och p\u00e5stoppar"}]},{"@type":"WebSite","@id":"https:\/\/www.ellenkantarellen.se\/#website","url":"https:\/\/www.ellenkantarellen.se\/","name":"EllenKantarellen","description":"","publisher":{"@id":"https:\/\/www.ellenkantarellen.se\/#organization"},"potentialAction":[{"@type":"SearchAction","target":{"@type":"EntryPoint","urlTemplate":"https:\/\/www.ellenkantarellen.se\/?s={search_term_string}"},"query-input":{"@type":"PropertyValueSpecification","valueRequired":true,"valueName":"search_term_string"}}],"inLanguage":"en-GB"},{"@type":"Organization","@id":"https:\/\/www.ellenkantarellen.se\/#organization","name":"EllenKantarellen","url":"https:\/\/www.ellenkantarellen.se\/","logo":{"@type":"ImageObject","inLanguage":"en-GB","@id":"https:\/\/www.ellenkantarellen.se\/#\/schema\/logo\/image\/","url":"https:\/\/www.ellenkantarellen.se\/wp-content\/uploads\/2021\/09\/ek2.png","contentUrl":"https:\/\/www.ellenkantarellen.se\/wp-content\/uploads\/2021\/09\/ek2.png","width":2232,"height":508,"caption":"EllenKantarellen"},"image":{"@id":"https:\/\/www.ellenkantarellen.se\/#\/schema\/logo\/image\/"}}]}},"_links":{"self":[{"href":"https:\/\/www.ellenkantarellen.se\/en\/wp-json\/wp\/v2\/product\/23042","targetHints":{"allow":["GET"]}}],"collection":[{"href":"https:\/\/www.ellenkantarellen.se\/en\/wp-json\/wp\/v2\/product"}],"about":[{"href":"https:\/\/www.ellenkantarellen.se\/en\/wp-json\/wp\/v2\/types\/product"}],"replies":[{"embeddable":true,"href":"https:\/\/www.ellenkantarellen.se\/en\/wp-json\/wp\/v2\/comments?post=23042"}],"wp:featuredmedia":[{"embeddable":true,"href":"https:\/\/www.ellenkantarellen.se\/en\/wp-json\/wp\/v2\/media\/26020"}],"wp:attachment":[{"href":"https:\/\/www.ellenkantarellen.se\/en\/wp-json\/wp\/v2\/media?parent=23042"}],"wp:term":[{"taxonomy":"product_brand","embeddable":true,"href":"https:\/\/www.ellenkantarellen.se\/en\/wp-json\/wp\/v2\/product_brand?post=23042"},{"taxonomy":"product_cat","embeddable":true,"href":"https:\/\/www.ellenkantarellen.se\/en\/wp-json\/wp\/v2\/product_cat?post=23042"},{"taxonomy":"product_tag","embeddable":true,"href":"https:\/\/www.ellenkantarellen.se\/en\/wp-json\/wp\/v2\/product_tag?post=23042"}],"curies":[{"name":"wp","href":"https:\/\/api.w.org\/{rel}","templated":true}]}}