{"id":23914,"date":"2025-11-12T09:42:12","date_gmt":"2025-11-12T08:42:12","guid":{"rendered":"https:\/\/www.ellenkantarellen.se\/?post_type=product&#038;p=23914"},"modified":"2025-11-12T10:10:47","modified_gmt":"2025-11-12T09:10:47","slug":"monster-virkad-tomteanka-badkarsbox","status":"publish","type":"product","link":"https:\/\/www.ellenkantarellen.se\/en\/produkt\/monster-virkad-tomteanka-badkarsbox\/","title":{"rendered":"M\u00f6nster Virkad TomteAnka + Badkarsbox"},"content":{"rendered":"<p>M\u00f6nster p\u00e5 min supers\u00f6ta virkade TomteAnka! &#8221;No sew&#8221; m\u00f6nster med tillh\u00f6rande utskriftbar badkarsbox med massor av olika Juliga meddelanden och en blank o, du vill skriva ett eget meddelande! Ett m\u00f6nster som passar b\u00e5de nyb\u00f6rjare som van! Ankorna p\u00e5 bilden \u00e4r virkade i 8\/4 bomullsgarn och blir cirka 10 x 10 cm samt 7 x 7 cm stora. Perfekt till alla Jul\u00e4lskare&#8230;.eller varf\u00f6r inte till Julklappsspelet!<\/p>\n<p>Inneh\u00e5ller ett grundm\u00f6nster till Ankan, en fil med instruktioner f\u00f6r Tomteankan och en fil med uskriftbara badkar med meddelanden.<\/p>","protected":false},"excerpt":{"rendered":"<p><em>M\u00f6nster p\u00e5 min supers\u00f6ta virkade TomteAnka! &#8221;No sew&#8221; m\u00f6nster med tillh\u00f6rande utskriftbar badkarsbox med massor av olika Juliga meddelanden! <\/em><strong><em>N\u00e4r du betalat f\u00f6r m\u00f6nstret kommer du automatiskt att kunna ladda ner din PDF-fil med ditt nya roliga m\u00f6nster som kommer i mejl till dig!<\/em><\/strong><\/p>","protected":false},"featured_media":23916,"comment_status":"open","ping_status":"closed","template":"","meta":[],"product_brand":[],"product_cat":[299,457,703],"product_tag":[211,1147,1156,1151,1276,830,1148,1150,1152,251,1277],"class_list":{"0":"post-23914","1":"product","2":"type-product","3":"status-publish","4":"has-post-thumbnail","6":"product_cat-julmonster","7":"product_cat-monster-amigurumi","8":"product_cat-etiketter","9":"product_tag-amigurumi","10":"product_tag-virkad-anka","11":"product_tag-virkad-anka-med-badkar","12":"product_tag-virkad-gummianka","13":"product_tag-virkad-tomteanka","14":"product_tag-virkat-till-jul","15":"product_tag-virkmonster-anka","16":"product_tag-virkmonster-badanka","17":"product_tag-virkmonster-gummianka","18":"product_tag-virkmonster-jul","19":"product_tag-virkmonster-tomteanka","21":"first","22":"instock","23":"downloadable","24":"virtual","25":"sold-individually","26":"taxable","27":"purchasable","28":"product-type-simple"},"bundled_by":[],"bundle_stock_status":"instock","bundle_stock_quantity":null,"bundle_virtual":false,"bundle_layout":"","bundle_add_to_cart_form_location":"","bundle_editable_in_cart":false,"bundle_sold_individually_context":"","bundle_item_grouping":"","bundle_min_size":"","bundle_max_size":"","bundle_price":[],"bundled_items":[],"bundle_sell_ids":[],"yoast_head":"<!-- This site is optimized with the Yoast SEO plugin v27.0 - https:\/\/yoast.com\/product\/yoast-seo-wordpress\/ -->\n<title>M\u00f6nster Virkad TomteAnka + Badkarsbox - EllenKantarellen<\/title>\n<meta name=\"description\" content=\"M\u00f6nster p\u00e5 min supers\u00f6ta virkade TomteAnka! &quot;No sew&quot; m\u00f6nster med tillh\u00f6rande utskriftbar badkarsbox med massor av olika Juliga meddelanden!\" \/>\n<meta name=\"robots\" content=\"index, follow, max-snippet:-1, max-image-preview:large, max-video-preview:-1\" \/>\n<link rel=\"canonical\" href=\"https:\/\/www.ellenkantarellen.se\/en\/product-2\/monster-virkad-tomteanka-badkarsbox\/\" \/>\n<meta property=\"og:locale\" content=\"en_GB\" \/>\n<meta property=\"og:type\" content=\"article\" \/>\n<meta property=\"og:title\" content=\"M\u00f6nster Virkad TomteAnka + Badkarsbox - EllenKantarellen\" \/>\n<meta property=\"og:description\" content=\"M\u00f6nster p\u00e5 min supers\u00f6ta virkade TomteAnka! &quot;No sew&quot; m\u00f6nster med tillh\u00f6rande utskriftbar badkarsbox med massor av olika Juliga meddelanden!\" \/>\n<meta property=\"og:url\" content=\"https:\/\/www.ellenkantarellen.se\/en\/product-2\/monster-virkad-tomteanka-badkarsbox\/\" \/>\n<meta property=\"og:site_name\" content=\"EllenKantarellen\" \/>\n<meta property=\"article:modified_time\" content=\"2025-11-12T09:10:47+00:00\" \/>\n<meta property=\"og:image\" content=\"https:\/\/www.ellenkantarellen.se\/wp-content\/uploads\/2025\/11\/Easy-123-2025-11-12T091020.053.jpg\" \/>\n\t<meta property=\"og:image:width\" content=\"1080\" \/>\n\t<meta property=\"og:image:height\" content=\"1080\" \/>\n\t<meta property=\"og:image:type\" content=\"image\/jpeg\" \/>\n<meta name=\"twitter:card\" content=\"summary_large_image\" \/>\n<meta name=\"twitter:label1\" content=\"Estimated reading time\" \/>\n\t<meta name=\"twitter:data1\" content=\"1 minute\" \/>\n<script type=\"application\/ld+json\" class=\"yoast-schema-graph\">{\"@context\":\"https:\/\/schema.org\",\"@graph\":[{\"@type\":\"WebPage\",\"@id\":\"https:\/\/www.ellenkantarellen.se\/produkt\/monster-virkad-tomteanka-badkarsbox\/\",\"url\":\"https:\/\/www.ellenkantarellen.se\/produkt\/monster-virkad-tomteanka-badkarsbox\/\",\"name\":\"M\u00f6nster Virkad TomteAnka + Badkarsbox - EllenKantarellen\",\"isPartOf\":{\"@id\":\"https:\/\/www.ellenkantarellen.se\/#website\"},\"primaryImageOfPage\":{\"@id\":\"https:\/\/www.ellenkantarellen.se\/produkt\/monster-virkad-tomteanka-badkarsbox\/#primaryimage\"},\"image\":{\"@id\":\"https:\/\/www.ellenkantarellen.se\/produkt\/monster-virkad-tomteanka-badkarsbox\/#primaryimage\"},\"thumbnailUrl\":\"https:\/\/www.ellenkantarellen.se\/wp-content\/uploads\/2025\/11\/Easy-123-2025-11-12T091020.053.jpg\",\"datePublished\":\"2025-11-12T08:42:12+00:00\",\"dateModified\":\"2025-11-12T09:10:47+00:00\",\"description\":\"M\u00f6nster p\u00e5 min supers\u00f6ta virkade TomteAnka! \\\"No sew\\\" m\u00f6nster med tillh\u00f6rande utskriftbar badkarsbox med massor av olika Juliga meddelanden!\",\"breadcrumb\":{\"@id\":\"https:\/\/www.ellenkantarellen.se\/produkt\/monster-virkad-tomteanka-badkarsbox\/#breadcrumb\"},\"inLanguage\":\"en-GB\",\"potentialAction\":[{\"@type\":\"ReadAction\",\"target\":[\"https:\/\/www.ellenkantarellen.se\/produkt\/monster-virkad-tomteanka-badkarsbox\/\"]}]},{\"@type\":\"ImageObject\",\"inLanguage\":\"en-GB\",\"@id\":\"https:\/\/www.ellenkantarellen.se\/produkt\/monster-virkad-tomteanka-badkarsbox\/#primaryimage\",\"url\":\"https:\/\/www.ellenkantarellen.se\/wp-content\/uploads\/2025\/11\/Easy-123-2025-11-12T091020.053.jpg\",\"contentUrl\":\"https:\/\/www.ellenkantarellen.se\/wp-content\/uploads\/2025\/11\/Easy-123-2025-11-12T091020.053.jpg\",\"width\":1080,\"height\":1080},{\"@type\":\"BreadcrumbList\",\"@id\":\"https:\/\/www.ellenkantarellen.se\/produkt\/monster-virkad-tomteanka-badkarsbox\/#breadcrumb\",\"itemListElement\":[{\"@type\":\"ListItem\",\"position\":1,\"name\":\"Hem\",\"item\":\"https:\/\/www.ellenkantarellen.se\/\"},{\"@type\":\"ListItem\",\"position\":2,\"name\":\"Aff\u00e4r\",\"item\":\"https:\/\/www.ellenkantarellen.se\/affar\/\"},{\"@type\":\"ListItem\",\"position\":3,\"name\":\"M\u00f6nster Virkad TomteAnka + Badkarsbox\"}]},{\"@type\":\"WebSite\",\"@id\":\"https:\/\/www.ellenkantarellen.se\/#website\",\"url\":\"https:\/\/www.ellenkantarellen.se\/\",\"name\":\"EllenKantarellen\",\"description\":\"\",\"publisher\":{\"@id\":\"https:\/\/www.ellenkantarellen.se\/#organization\"},\"potentialAction\":[{\"@type\":\"SearchAction\",\"target\":{\"@type\":\"EntryPoint\",\"urlTemplate\":\"https:\/\/www.ellenkantarellen.se\/?s={search_term_string}\"},\"query-input\":{\"@type\":\"PropertyValueSpecification\",\"valueRequired\":true,\"valueName\":\"search_term_string\"}}],\"inLanguage\":\"en-GB\"},{\"@type\":\"Organization\",\"@id\":\"https:\/\/www.ellenkantarellen.se\/#organization\",\"name\":\"EllenKantarellen\",\"url\":\"https:\/\/www.ellenkantarellen.se\/\",\"logo\":{\"@type\":\"ImageObject\",\"inLanguage\":\"en-GB\",\"@id\":\"https:\/\/www.ellenkantarellen.se\/#\/schema\/logo\/image\/\",\"url\":\"https:\/\/www.ellenkantarellen.se\/wp-content\/uploads\/2021\/09\/ek2.png\",\"contentUrl\":\"https:\/\/www.ellenkantarellen.se\/wp-content\/uploads\/2021\/09\/ek2.png\",\"width\":2232,\"height\":508,\"caption\":\"EllenKantarellen\"},\"image\":{\"@id\":\"https:\/\/www.ellenkantarellen.se\/#\/schema\/logo\/image\/\"}}]}<\/script>\n<!-- \/ Yoast SEO plugin. -->","yoast_head_json":{"title":"M\u00f6nster Virkad TomteAnka + Badkarsbox - EllenKantarellen","description":"M\u00f6nster p\u00e5 min supers\u00f6ta virkade TomteAnka! \"No sew\" m\u00f6nster med tillh\u00f6rande utskriftbar badkarsbox med massor av olika Juliga meddelanden!","robots":{"index":"index","follow":"follow","max-snippet":"max-snippet:-1","max-image-preview":"max-image-preview:large","max-video-preview":"max-video-preview:-1"},"canonical":"https:\/\/www.ellenkantarellen.se\/en\/product-2\/monster-virkad-tomteanka-badkarsbox\/","og_locale":"en_GB","og_type":"article","og_title":"M\u00f6nster Virkad TomteAnka + Badkarsbox - EllenKantarellen","og_description":"M\u00f6nster p\u00e5 min supers\u00f6ta virkade TomteAnka! \"No sew\" m\u00f6nster med tillh\u00f6rande utskriftbar badkarsbox med massor av olika Juliga meddelanden!","og_url":"https:\/\/www.ellenkantarellen.se\/en\/product-2\/monster-virkad-tomteanka-badkarsbox\/","og_site_name":"EllenKantarellen","article_modified_time":"2025-11-12T09:10:47+00:00","og_image":[{"width":1080,"height":1080,"url":"https:\/\/www.ellenkantarellen.se\/wp-content\/uploads\/2025\/11\/Easy-123-2025-11-12T091020.053.jpg","type":"image\/jpeg"}],"twitter_card":"summary_large_image","twitter_misc":{"Estimated reading time":"1 minute"},"schema":{"@context":"https:\/\/schema.org","@graph":[{"@type":"WebPage","@id":"https:\/\/www.ellenkantarellen.se\/produkt\/monster-virkad-tomteanka-badkarsbox\/","url":"https:\/\/www.ellenkantarellen.se\/produkt\/monster-virkad-tomteanka-badkarsbox\/","name":"M\u00f6nster Virkad TomteAnka + Badkarsbox - EllenKantarellen","isPartOf":{"@id":"https:\/\/www.ellenkantarellen.se\/#website"},"primaryImageOfPage":{"@id":"https:\/\/www.ellenkantarellen.se\/produkt\/monster-virkad-tomteanka-badkarsbox\/#primaryimage"},"image":{"@id":"https:\/\/www.ellenkantarellen.se\/produkt\/monster-virkad-tomteanka-badkarsbox\/#primaryimage"},"thumbnailUrl":"https:\/\/www.ellenkantarellen.se\/wp-content\/uploads\/2025\/11\/Easy-123-2025-11-12T091020.053.jpg","datePublished":"2025-11-12T08:42:12+00:00","dateModified":"2025-11-12T09:10:47+00:00","description":"M\u00f6nster p\u00e5 min supers\u00f6ta virkade TomteAnka! \"No sew\" m\u00f6nster med tillh\u00f6rande utskriftbar badkarsbox med massor av olika Juliga meddelanden!","breadcrumb":{"@id":"https:\/\/www.ellenkantarellen.se\/produkt\/monster-virkad-tomteanka-badkarsbox\/#breadcrumb"},"inLanguage":"en-GB","potentialAction":[{"@type":"ReadAction","target":["https:\/\/www.ellenkantarellen.se\/produkt\/monster-virkad-tomteanka-badkarsbox\/"]}]},{"@type":"ImageObject","inLanguage":"en-GB","@id":"https:\/\/www.ellenkantarellen.se\/produkt\/monster-virkad-tomteanka-badkarsbox\/#primaryimage","url":"https:\/\/www.ellenkantarellen.se\/wp-content\/uploads\/2025\/11\/Easy-123-2025-11-12T091020.053.jpg","contentUrl":"https:\/\/www.ellenkantarellen.se\/wp-content\/uploads\/2025\/11\/Easy-123-2025-11-12T091020.053.jpg","width":1080,"height":1080},{"@type":"BreadcrumbList","@id":"https:\/\/www.ellenkantarellen.se\/produkt\/monster-virkad-tomteanka-badkarsbox\/#breadcrumb","itemListElement":[{"@type":"ListItem","position":1,"name":"Hem","item":"https:\/\/www.ellenkantarellen.se\/"},{"@type":"ListItem","position":2,"name":"Aff\u00e4r","item":"https:\/\/www.ellenkantarellen.se\/affar\/"},{"@type":"ListItem","position":3,"name":"M\u00f6nster Virkad TomteAnka + Badkarsbox"}]},{"@type":"WebSite","@id":"https:\/\/www.ellenkantarellen.se\/#website","url":"https:\/\/www.ellenkantarellen.se\/","name":"EllenKantarellen","description":"","publisher":{"@id":"https:\/\/www.ellenkantarellen.se\/#organization"},"potentialAction":[{"@type":"SearchAction","target":{"@type":"EntryPoint","urlTemplate":"https:\/\/www.ellenkantarellen.se\/?s={search_term_string}"},"query-input":{"@type":"PropertyValueSpecification","valueRequired":true,"valueName":"search_term_string"}}],"inLanguage":"en-GB"},{"@type":"Organization","@id":"https:\/\/www.ellenkantarellen.se\/#organization","name":"EllenKantarellen","url":"https:\/\/www.ellenkantarellen.se\/","logo":{"@type":"ImageObject","inLanguage":"en-GB","@id":"https:\/\/www.ellenkantarellen.se\/#\/schema\/logo\/image\/","url":"https:\/\/www.ellenkantarellen.se\/wp-content\/uploads\/2021\/09\/ek2.png","contentUrl":"https:\/\/www.ellenkantarellen.se\/wp-content\/uploads\/2021\/09\/ek2.png","width":2232,"height":508,"caption":"EllenKantarellen"},"image":{"@id":"https:\/\/www.ellenkantarellen.se\/#\/schema\/logo\/image\/"}}]}},"_links":{"self":[{"href":"https:\/\/www.ellenkantarellen.se\/en\/wp-json\/wp\/v2\/product\/23914","targetHints":{"allow":["GET"]}}],"collection":[{"href":"https:\/\/www.ellenkantarellen.se\/en\/wp-json\/wp\/v2\/product"}],"about":[{"href":"https:\/\/www.ellenkantarellen.se\/en\/wp-json\/wp\/v2\/types\/product"}],"replies":[{"embeddable":true,"href":"https:\/\/www.ellenkantarellen.se\/en\/wp-json\/wp\/v2\/comments?post=23914"}],"wp:featuredmedia":[{"embeddable":true,"href":"https:\/\/www.ellenkantarellen.se\/en\/wp-json\/wp\/v2\/media\/23916"}],"wp:attachment":[{"href":"https:\/\/www.ellenkantarellen.se\/en\/wp-json\/wp\/v2\/media?parent=23914"}],"wp:term":[{"taxonomy":"product_brand","embeddable":true,"href":"https:\/\/www.ellenkantarellen.se\/en\/wp-json\/wp\/v2\/product_brand?post=23914"},{"taxonomy":"product_cat","embeddable":true,"href":"https:\/\/www.ellenkantarellen.se\/en\/wp-json\/wp\/v2\/product_cat?post=23914"},{"taxonomy":"product_tag","embeddable":true,"href":"https:\/\/www.ellenkantarellen.se\/en\/wp-json\/wp\/v2\/product_tag?post=23914"}],"curies":[{"name":"wp","href":"https:\/\/api.w.org\/{rel}","templated":true}]}}