{"id":2407,"date":"2021-06-29T15:50:56","date_gmt":"2021-06-29T13:50:56","guid":{"rendered":"https:\/\/www.ellenkantarellen.se\/?post_type=product&#038;p=2407"},"modified":"2026-02-01T08:55:43","modified_gmt":"2026-02-01T07:55:43","slug":"monster-ellenkantarellens-smarriga-jordgubbstarta","status":"publish","type":"product","link":"https:\/\/www.ellenkantarellen.se\/en\/produkt\/monster-ellenkantarellens-smarriga-jordgubbstarta\/","title":{"rendered":"Strawberry cake crochet pattern"},"content":{"rendered":"<p>M\u00f6nster p\u00e5 virkad Supersmarrig jordgubbs- och gr\u00e4ddt\u00e5rta. T\u00e5rtan virkas i akrylgarn och blir cirka 14-15 cm i diameter.<\/p>","protected":false},"excerpt":{"rendered":"<p>Crochet pattern ellenkantarellens strawberry cake!\u00a0 <strong><em>After payment you can instantly download your new pattern! You get an email with a link to the pattern.<\/em><\/strong><\/p>","protected":false},"featured_media":2408,"comment_status":"open","ping_status":"closed","template":"","meta":[],"product_brand":[],"product_cat":[301],"product_tag":[192,193,194,191,61,186,1340],"class_list":{"0":"post-2407","1":"product","2":"type-product","3":"status-publish","4":"has-post-thumbnail","6":"product_cat-monster-med-mat-och-bakverk","7":"product_tag-monster-graddtarta","8":"product_tag-monster-virkad-graddtarta","9":"product_tag-monster-virkad-jordgubbstarta","10":"product_tag-monster-virkat-till-dop","11":"product_tag-virkad-mat","12":"product_tag-virkat-till-leksakskoket","13":"product_tag-virkmonster-tarta","15":"first","16":"instock","17":"downloadable","18":"virtual","19":"taxable","20":"purchasable","21":"product-type-simple"},"bundled_by":[],"bundle_stock_status":"instock","bundle_stock_quantity":null,"bundle_virtual":false,"bundle_layout":"","bundle_add_to_cart_form_location":"","bundle_editable_in_cart":false,"bundle_sold_individually_context":"","bundle_item_grouping":"","bundle_min_size":"","bundle_max_size":"","bundle_price":[],"bundled_items":[],"bundle_sell_ids":[],"yoast_head":"<!-- This site is optimized with the Yoast SEO plugin v27.0 - https:\/\/yoast.com\/product\/yoast-seo-wordpress\/ -->\n<title>M\u00f6nster ellenkantarellens smarriga virkade jordgubbst\u00e5rta - EllenKantarellen<\/title>\n<meta name=\"description\" content=\"M\u00f6nster p\u00e5 min virkade Supersmarrig jordgubbs- och gr\u00e4ddt\u00e5rta. T\u00e5rtan virkas i akrylgarn och blir cirka 14-15 cm i diameter.\u00a0\" \/>\n<meta name=\"robots\" content=\"index, follow, max-snippet:-1, max-image-preview:large, max-video-preview:-1\" \/>\n<link rel=\"canonical\" href=\"https:\/\/www.ellenkantarellen.se\/en\/product-2\/monster-ellenkantarellens-smarriga-jordgubbstarta\/\" \/>\n<meta property=\"og:locale\" content=\"en_GB\" \/>\n<meta property=\"og:type\" content=\"article\" \/>\n<meta property=\"og:title\" content=\"M\u00f6nster ellenkantarellens smarriga virkade jordgubbst\u00e5rta - EllenKantarellen\" \/>\n<meta property=\"og:description\" content=\"M\u00f6nster p\u00e5 min virkade Supersmarrig jordgubbs- och gr\u00e4ddt\u00e5rta. T\u00e5rtan virkas i akrylgarn och blir cirka 14-15 cm i diameter.\u00a0\" \/>\n<meta property=\"og:url\" content=\"https:\/\/www.ellenkantarellen.se\/en\/product-2\/monster-ellenkantarellens-smarriga-jordgubbstarta\/\" \/>\n<meta property=\"og:site_name\" content=\"EllenKantarellen\" \/>\n<meta property=\"article:modified_time\" content=\"2026-02-01T07:55:43+00:00\" \/>\n<meta property=\"og:image\" content=\"https:\/\/www.ellenkantarellen.se\/wp-content\/uploads\/2021\/06\/IMG_3989-edited-Pixlr.jpg\" \/>\n\t<meta property=\"og:image:width\" content=\"1440\" \/>\n\t<meta property=\"og:image:height\" content=\"1465\" \/>\n\t<meta property=\"og:image:type\" content=\"image\/jpeg\" \/>\n<meta name=\"twitter:card\" content=\"summary_large_image\" \/>\n<meta name=\"twitter:label1\" content=\"Estimated reading time\" \/>\n\t<meta name=\"twitter:data1\" content=\"1 minute\" \/>\n<script type=\"application\/ld+json\" class=\"yoast-schema-graph\">{\"@context\":\"https:\/\/schema.org\",\"@graph\":[{\"@type\":\"WebPage\",\"@id\":\"https:\/\/www.ellenkantarellen.se\/produkt\/monster-ellenkantarellens-smarriga-jordgubbstarta\/\",\"url\":\"https:\/\/www.ellenkantarellen.se\/produkt\/monster-ellenkantarellens-smarriga-jordgubbstarta\/\",\"name\":\"M\u00f6nster ellenkantarellens smarriga virkade jordgubbst\u00e5rta - EllenKantarellen\",\"isPartOf\":{\"@id\":\"https:\/\/www.ellenkantarellen.se\/#website\"},\"primaryImageOfPage\":{\"@id\":\"https:\/\/www.ellenkantarellen.se\/produkt\/monster-ellenkantarellens-smarriga-jordgubbstarta\/#primaryimage\"},\"image\":{\"@id\":\"https:\/\/www.ellenkantarellen.se\/produkt\/monster-ellenkantarellens-smarriga-jordgubbstarta\/#primaryimage\"},\"thumbnailUrl\":\"https:\/\/www.ellenkantarellen.se\/wp-content\/uploads\/2021\/06\/IMG_3989-edited-Pixlr.jpg\",\"datePublished\":\"2021-06-29T13:50:56+00:00\",\"dateModified\":\"2026-02-01T07:55:43+00:00\",\"description\":\"M\u00f6nster p\u00e5 min virkade Supersmarrig jordgubbs- och gr\u00e4ddt\u00e5rta. T\u00e5rtan virkas i akrylgarn och blir cirka 14-15 cm i diameter.\u00a0\",\"breadcrumb\":{\"@id\":\"https:\/\/www.ellenkantarellen.se\/produkt\/monster-ellenkantarellens-smarriga-jordgubbstarta\/#breadcrumb\"},\"inLanguage\":\"en-GB\",\"potentialAction\":[{\"@type\":\"ReadAction\",\"target\":[\"https:\/\/www.ellenkantarellen.se\/produkt\/monster-ellenkantarellens-smarriga-jordgubbstarta\/\"]}]},{\"@type\":\"ImageObject\",\"inLanguage\":\"en-GB\",\"@id\":\"https:\/\/www.ellenkantarellen.se\/produkt\/monster-ellenkantarellens-smarriga-jordgubbstarta\/#primaryimage\",\"url\":\"https:\/\/www.ellenkantarellen.se\/wp-content\/uploads\/2021\/06\/IMG_3989-edited-Pixlr.jpg\",\"contentUrl\":\"https:\/\/www.ellenkantarellen.se\/wp-content\/uploads\/2021\/06\/IMG_3989-edited-Pixlr.jpg\",\"width\":1440,\"height\":1465},{\"@type\":\"BreadcrumbList\",\"@id\":\"https:\/\/www.ellenkantarellen.se\/produkt\/monster-ellenkantarellens-smarriga-jordgubbstarta\/#breadcrumb\",\"itemListElement\":[{\"@type\":\"ListItem\",\"position\":1,\"name\":\"Hem\",\"item\":\"https:\/\/www.ellenkantarellen.se\/\"},{\"@type\":\"ListItem\",\"position\":2,\"name\":\"Aff\u00e4r\",\"item\":\"https:\/\/www.ellenkantarellen.se\/affar\/\"},{\"@type\":\"ListItem\",\"position\":3,\"name\":\"M\u00f6nster ellenkantarellens smarriga virkade jordgubbst\u00e5rta\"}]},{\"@type\":\"WebSite\",\"@id\":\"https:\/\/www.ellenkantarellen.se\/#website\",\"url\":\"https:\/\/www.ellenkantarellen.se\/\",\"name\":\"EllenKantarellen\",\"description\":\"\",\"publisher\":{\"@id\":\"https:\/\/www.ellenkantarellen.se\/#organization\"},\"potentialAction\":[{\"@type\":\"SearchAction\",\"target\":{\"@type\":\"EntryPoint\",\"urlTemplate\":\"https:\/\/www.ellenkantarellen.se\/?s={search_term_string}\"},\"query-input\":{\"@type\":\"PropertyValueSpecification\",\"valueRequired\":true,\"valueName\":\"search_term_string\"}}],\"inLanguage\":\"en-GB\"},{\"@type\":\"Organization\",\"@id\":\"https:\/\/www.ellenkantarellen.se\/#organization\",\"name\":\"EllenKantarellen\",\"url\":\"https:\/\/www.ellenkantarellen.se\/\",\"logo\":{\"@type\":\"ImageObject\",\"inLanguage\":\"en-GB\",\"@id\":\"https:\/\/www.ellenkantarellen.se\/#\/schema\/logo\/image\/\",\"url\":\"https:\/\/www.ellenkantarellen.se\/wp-content\/uploads\/2021\/09\/ek2.png\",\"contentUrl\":\"https:\/\/www.ellenkantarellen.se\/wp-content\/uploads\/2021\/09\/ek2.png\",\"width\":2232,\"height\":508,\"caption\":\"EllenKantarellen\"},\"image\":{\"@id\":\"https:\/\/www.ellenkantarellen.se\/#\/schema\/logo\/image\/\"}}]}<\/script>\n<!-- \/ Yoast SEO plugin. -->","yoast_head_json":{"title":"M\u00f6nster ellenkantarellens smarriga virkade jordgubbst\u00e5rta - EllenKantarellen","description":"M\u00f6nster p\u00e5 min virkade Supersmarrig jordgubbs- och gr\u00e4ddt\u00e5rta. T\u00e5rtan virkas i akrylgarn och blir cirka 14-15 cm i diameter.\u00a0","robots":{"index":"index","follow":"follow","max-snippet":"max-snippet:-1","max-image-preview":"max-image-preview:large","max-video-preview":"max-video-preview:-1"},"canonical":"https:\/\/www.ellenkantarellen.se\/en\/product-2\/monster-ellenkantarellens-smarriga-jordgubbstarta\/","og_locale":"en_GB","og_type":"article","og_title":"M\u00f6nster ellenkantarellens smarriga virkade jordgubbst\u00e5rta - EllenKantarellen","og_description":"M\u00f6nster p\u00e5 min virkade Supersmarrig jordgubbs- och gr\u00e4ddt\u00e5rta. T\u00e5rtan virkas i akrylgarn och blir cirka 14-15 cm i diameter.\u00a0","og_url":"https:\/\/www.ellenkantarellen.se\/en\/product-2\/monster-ellenkantarellens-smarriga-jordgubbstarta\/","og_site_name":"EllenKantarellen","article_modified_time":"2026-02-01T07:55:43+00:00","og_image":[{"width":1440,"height":1465,"url":"https:\/\/www.ellenkantarellen.se\/wp-content\/uploads\/2021\/06\/IMG_3989-edited-Pixlr.jpg","type":"image\/jpeg"}],"twitter_card":"summary_large_image","twitter_misc":{"Estimated reading time":"1 minute"},"schema":{"@context":"https:\/\/schema.org","@graph":[{"@type":"WebPage","@id":"https:\/\/www.ellenkantarellen.se\/produkt\/monster-ellenkantarellens-smarriga-jordgubbstarta\/","url":"https:\/\/www.ellenkantarellen.se\/produkt\/monster-ellenkantarellens-smarriga-jordgubbstarta\/","name":"M\u00f6nster ellenkantarellens smarriga virkade jordgubbst\u00e5rta - EllenKantarellen","isPartOf":{"@id":"https:\/\/www.ellenkantarellen.se\/#website"},"primaryImageOfPage":{"@id":"https:\/\/www.ellenkantarellen.se\/produkt\/monster-ellenkantarellens-smarriga-jordgubbstarta\/#primaryimage"},"image":{"@id":"https:\/\/www.ellenkantarellen.se\/produkt\/monster-ellenkantarellens-smarriga-jordgubbstarta\/#primaryimage"},"thumbnailUrl":"https:\/\/www.ellenkantarellen.se\/wp-content\/uploads\/2021\/06\/IMG_3989-edited-Pixlr.jpg","datePublished":"2021-06-29T13:50:56+00:00","dateModified":"2026-02-01T07:55:43+00:00","description":"M\u00f6nster p\u00e5 min virkade Supersmarrig jordgubbs- och gr\u00e4ddt\u00e5rta. T\u00e5rtan virkas i akrylgarn och blir cirka 14-15 cm i diameter.\u00a0","breadcrumb":{"@id":"https:\/\/www.ellenkantarellen.se\/produkt\/monster-ellenkantarellens-smarriga-jordgubbstarta\/#breadcrumb"},"inLanguage":"en-GB","potentialAction":[{"@type":"ReadAction","target":["https:\/\/www.ellenkantarellen.se\/produkt\/monster-ellenkantarellens-smarriga-jordgubbstarta\/"]}]},{"@type":"ImageObject","inLanguage":"en-GB","@id":"https:\/\/www.ellenkantarellen.se\/produkt\/monster-ellenkantarellens-smarriga-jordgubbstarta\/#primaryimage","url":"https:\/\/www.ellenkantarellen.se\/wp-content\/uploads\/2021\/06\/IMG_3989-edited-Pixlr.jpg","contentUrl":"https:\/\/www.ellenkantarellen.se\/wp-content\/uploads\/2021\/06\/IMG_3989-edited-Pixlr.jpg","width":1440,"height":1465},{"@type":"BreadcrumbList","@id":"https:\/\/www.ellenkantarellen.se\/produkt\/monster-ellenkantarellens-smarriga-jordgubbstarta\/#breadcrumb","itemListElement":[{"@type":"ListItem","position":1,"name":"Hem","item":"https:\/\/www.ellenkantarellen.se\/"},{"@type":"ListItem","position":2,"name":"Aff\u00e4r","item":"https:\/\/www.ellenkantarellen.se\/affar\/"},{"@type":"ListItem","position":3,"name":"M\u00f6nster ellenkantarellens smarriga virkade jordgubbst\u00e5rta"}]},{"@type":"WebSite","@id":"https:\/\/www.ellenkantarellen.se\/#website","url":"https:\/\/www.ellenkantarellen.se\/","name":"EllenKantarellen","description":"","publisher":{"@id":"https:\/\/www.ellenkantarellen.se\/#organization"},"potentialAction":[{"@type":"SearchAction","target":{"@type":"EntryPoint","urlTemplate":"https:\/\/www.ellenkantarellen.se\/?s={search_term_string}"},"query-input":{"@type":"PropertyValueSpecification","valueRequired":true,"valueName":"search_term_string"}}],"inLanguage":"en-GB"},{"@type":"Organization","@id":"https:\/\/www.ellenkantarellen.se\/#organization","name":"EllenKantarellen","url":"https:\/\/www.ellenkantarellen.se\/","logo":{"@type":"ImageObject","inLanguage":"en-GB","@id":"https:\/\/www.ellenkantarellen.se\/#\/schema\/logo\/image\/","url":"https:\/\/www.ellenkantarellen.se\/wp-content\/uploads\/2021\/09\/ek2.png","contentUrl":"https:\/\/www.ellenkantarellen.se\/wp-content\/uploads\/2021\/09\/ek2.png","width":2232,"height":508,"caption":"EllenKantarellen"},"image":{"@id":"https:\/\/www.ellenkantarellen.se\/#\/schema\/logo\/image\/"}}]}},"_links":{"self":[{"href":"https:\/\/www.ellenkantarellen.se\/en\/wp-json\/wp\/v2\/product\/2407","targetHints":{"allow":["GET"]}}],"collection":[{"href":"https:\/\/www.ellenkantarellen.se\/en\/wp-json\/wp\/v2\/product"}],"about":[{"href":"https:\/\/www.ellenkantarellen.se\/en\/wp-json\/wp\/v2\/types\/product"}],"replies":[{"embeddable":true,"href":"https:\/\/www.ellenkantarellen.se\/en\/wp-json\/wp\/v2\/comments?post=2407"}],"wp:featuredmedia":[{"embeddable":true,"href":"https:\/\/www.ellenkantarellen.se\/en\/wp-json\/wp\/v2\/media\/2408"}],"wp:attachment":[{"href":"https:\/\/www.ellenkantarellen.se\/en\/wp-json\/wp\/v2\/media?parent=2407"}],"wp:term":[{"taxonomy":"product_brand","embeddable":true,"href":"https:\/\/www.ellenkantarellen.se\/en\/wp-json\/wp\/v2\/product_brand?post=2407"},{"taxonomy":"product_cat","embeddable":true,"href":"https:\/\/www.ellenkantarellen.se\/en\/wp-json\/wp\/v2\/product_cat?post=2407"},{"taxonomy":"product_tag","embeddable":true,"href":"https:\/\/www.ellenkantarellen.se\/en\/wp-json\/wp\/v2\/product_tag?post=2407"}],"curies":[{"name":"wp","href":"https:\/\/api.w.org\/{rel}","templated":true}]}}