{"id":24117,"date":"2025-11-18T08:40:58","date_gmt":"2025-11-18T07:40:58","guid":{"rendered":"https:\/\/www.ellenkantarellen.se\/?post_type=product&#038;p=24117"},"modified":"2025-11-18T09:06:28","modified_gmt":"2025-11-18T08:06:28","slug":"utskriftbar-badkarsbox-till-virkad-tomteanka","status":"publish","type":"product","link":"https:\/\/www.ellenkantarellen.se\/en\/produkt\/utskriftbar-badkarsbox-till-virkad-tomteanka\/","title":{"rendered":"Utskriftbar Badkarsbox till virkad TomteAnka"},"content":{"rendered":"<p>Min supers\u00f6ta utskriftbara badkarsbox till virkad JulAnka med massor av olika Juliga meddelanden (P\u00e5 Engelska och God Jul p\u00e5 Svenska) och en blank om du vill skriva ett eget meddelande! H\u00e5llaren m\u00e4ter 8,5 x 8,5 cm och kommer i 8 olika varianter! Perfekt till alla Jul\u00e4lskare&#8230;.eller varf\u00f6r inte till Julklappsspelet! Skriv ut, klipp ut, klistra de sm\u00e5 vingarna, montera, vik in den l\u00e5nga delen p\u00e5 mitten, klistra och vik in bakom Ankan, KLART! Om du nte har ett m\u00f6nster till Ankan kan du hitta paket p\u00e5 Anka och Box <a href=\"https:\/\/www.ellenkantarellen.se\/en\/product-2\/monster-virkad-tomteanka-badkarsbox\/\">H\u00c4R!\u00a0<\/a><\/p>","protected":false},"excerpt":{"rendered":"<p><em>Min supers\u00f6ta utskriftbar badkarsbox med massor av olika Juliga meddelanden! <\/em><strong><em>N\u00e4r du betalat f\u00f6r m\u00f6nstret kommer du automatiskt att kunna ladda ner din PDF-fil med ditt nya roliga m\u00f6nster som kommer i mejl till dig!<\/em><\/strong><\/p>","protected":false},"featured_media":24120,"comment_status":"open","ping_status":"closed","template":"","meta":[],"product_brand":[],"product_cat":[703],"product_tag":[211,1279,1280,1278,1156,1151,1276,830,1148,1150,1152,251,1277],"class_list":{"0":"post-24117","1":"product","2":"type-product","3":"status-publish","4":"has-post-thumbnail","6":"product_cat-etiketter","7":"product_tag-amigurumi","8":"product_tag-badkar-till-virkad-anka","9":"product_tag-trycksak-till-virkat","10":"product_tag-utskriftbart-badkar","11":"product_tag-virkad-anka-med-badkar","12":"product_tag-virkad-gummianka","13":"product_tag-virkad-tomteanka","14":"product_tag-virkat-till-jul","15":"product_tag-virkmonster-anka","16":"product_tag-virkmonster-badanka","17":"product_tag-virkmonster-gummianka","18":"product_tag-virkmonster-jul","19":"product_tag-virkmonster-tomteanka","21":"first","22":"instock","23":"downloadable","24":"virtual","25":"sold-individually","26":"taxable","27":"purchasable","28":"product-type-simple"},"bundled_by":[],"bundle_stock_status":"instock","bundle_stock_quantity":null,"bundle_virtual":false,"bundle_layout":"","bundle_add_to_cart_form_location":"","bundle_editable_in_cart":false,"bundle_sold_individually_context":"","bundle_item_grouping":"","bundle_min_size":"","bundle_max_size":"","bundle_price":[],"bundled_items":[],"bundle_sell_ids":[],"yoast_head":"<!-- This site is optimized with the Yoast SEO plugin v27.0 - https:\/\/yoast.com\/product\/yoast-seo-wordpress\/ -->\n<title>Utskriftbar Badkarsbox till virkad TomteAnka - EllenKantarellen<\/title>\n<meta name=\"description\" content=\"Min supers\u00f6ta utskriftbara badkarsbox till virkad JulAnka med massor av olika Juliga meddelanden och en blank om du vill skriva ett eget meddelande!\" \/>\n<meta name=\"robots\" content=\"index, follow, max-snippet:-1, max-image-preview:large, max-video-preview:-1\" \/>\n<link rel=\"canonical\" href=\"https:\/\/www.ellenkantarellen.se\/en\/product-2\/utskriftbar-badkarsbox-till-virkad-tomteanka\/\" \/>\n<meta property=\"og:locale\" content=\"en_GB\" \/>\n<meta property=\"og:type\" content=\"article\" \/>\n<meta property=\"og:title\" content=\"Utskriftbar Badkarsbox till virkad TomteAnka - EllenKantarellen\" \/>\n<meta property=\"og:description\" content=\"Min supers\u00f6ta utskriftbara badkarsbox till virkad JulAnka med massor av olika Juliga meddelanden och en blank om du vill skriva ett eget meddelande!\" \/>\n<meta property=\"og:url\" content=\"https:\/\/www.ellenkantarellen.se\/en\/product-2\/utskriftbar-badkarsbox-till-virkad-tomteanka\/\" \/>\n<meta property=\"og:site_name\" content=\"EllenKantarellen\" \/>\n<meta property=\"article:modified_time\" content=\"2025-11-18T08:06:28+00:00\" \/>\n<meta property=\"og:image\" content=\"https:\/\/www.ellenkantarellen.se\/wp-content\/uploads\/2025\/11\/Easy-123-2025-11-14T082218.898.jpg\" \/>\n\t<meta property=\"og:image:width\" content=\"1080\" \/>\n\t<meta property=\"og:image:height\" content=\"1080\" \/>\n\t<meta property=\"og:image:type\" content=\"image\/jpeg\" \/>\n<meta name=\"twitter:card\" content=\"summary_large_image\" \/>\n<meta name=\"twitter:label1\" content=\"Estimated reading time\" \/>\n\t<meta name=\"twitter:data1\" content=\"1 minute\" \/>\n<script type=\"application\/ld+json\" class=\"yoast-schema-graph\">{\"@context\":\"https:\/\/schema.org\",\"@graph\":[{\"@type\":\"WebPage\",\"@id\":\"https:\/\/www.ellenkantarellen.se\/produkt\/utskriftbar-badkarsbox-till-virkad-tomteanka\/\",\"url\":\"https:\/\/www.ellenkantarellen.se\/produkt\/utskriftbar-badkarsbox-till-virkad-tomteanka\/\",\"name\":\"Utskriftbar Badkarsbox till virkad TomteAnka - EllenKantarellen\",\"isPartOf\":{\"@id\":\"https:\/\/www.ellenkantarellen.se\/#website\"},\"primaryImageOfPage\":{\"@id\":\"https:\/\/www.ellenkantarellen.se\/produkt\/utskriftbar-badkarsbox-till-virkad-tomteanka\/#primaryimage\"},\"image\":{\"@id\":\"https:\/\/www.ellenkantarellen.se\/produkt\/utskriftbar-badkarsbox-till-virkad-tomteanka\/#primaryimage\"},\"thumbnailUrl\":\"https:\/\/www.ellenkantarellen.se\/wp-content\/uploads\/2025\/11\/Easy-123-2025-11-14T082218.898.jpg\",\"datePublished\":\"2025-11-18T07:40:58+00:00\",\"dateModified\":\"2025-11-18T08:06:28+00:00\",\"description\":\"Min supers\u00f6ta utskriftbara badkarsbox till virkad JulAnka med massor av olika Juliga meddelanden och en blank om du vill skriva ett eget meddelande!\",\"breadcrumb\":{\"@id\":\"https:\/\/www.ellenkantarellen.se\/produkt\/utskriftbar-badkarsbox-till-virkad-tomteanka\/#breadcrumb\"},\"inLanguage\":\"en-GB\",\"potentialAction\":[{\"@type\":\"ReadAction\",\"target\":[\"https:\/\/www.ellenkantarellen.se\/produkt\/utskriftbar-badkarsbox-till-virkad-tomteanka\/\"]}]},{\"@type\":\"ImageObject\",\"inLanguage\":\"en-GB\",\"@id\":\"https:\/\/www.ellenkantarellen.se\/produkt\/utskriftbar-badkarsbox-till-virkad-tomteanka\/#primaryimage\",\"url\":\"https:\/\/www.ellenkantarellen.se\/wp-content\/uploads\/2025\/11\/Easy-123-2025-11-14T082218.898.jpg\",\"contentUrl\":\"https:\/\/www.ellenkantarellen.se\/wp-content\/uploads\/2025\/11\/Easy-123-2025-11-14T082218.898.jpg\",\"width\":1080,\"height\":1080},{\"@type\":\"BreadcrumbList\",\"@id\":\"https:\/\/www.ellenkantarellen.se\/produkt\/utskriftbar-badkarsbox-till-virkad-tomteanka\/#breadcrumb\",\"itemListElement\":[{\"@type\":\"ListItem\",\"position\":1,\"name\":\"Hem\",\"item\":\"https:\/\/www.ellenkantarellen.se\/\"},{\"@type\":\"ListItem\",\"position\":2,\"name\":\"Aff\u00e4r\",\"item\":\"https:\/\/www.ellenkantarellen.se\/affar\/\"},{\"@type\":\"ListItem\",\"position\":3,\"name\":\"Utskriftbar Badkarsbox till virkad TomteAnka\"}]},{\"@type\":\"WebSite\",\"@id\":\"https:\/\/www.ellenkantarellen.se\/#website\",\"url\":\"https:\/\/www.ellenkantarellen.se\/\",\"name\":\"EllenKantarellen\",\"description\":\"\",\"publisher\":{\"@id\":\"https:\/\/www.ellenkantarellen.se\/#organization\"},\"potentialAction\":[{\"@type\":\"SearchAction\",\"target\":{\"@type\":\"EntryPoint\",\"urlTemplate\":\"https:\/\/www.ellenkantarellen.se\/?s={search_term_string}\"},\"query-input\":{\"@type\":\"PropertyValueSpecification\",\"valueRequired\":true,\"valueName\":\"search_term_string\"}}],\"inLanguage\":\"en-GB\"},{\"@type\":\"Organization\",\"@id\":\"https:\/\/www.ellenkantarellen.se\/#organization\",\"name\":\"EllenKantarellen\",\"url\":\"https:\/\/www.ellenkantarellen.se\/\",\"logo\":{\"@type\":\"ImageObject\",\"inLanguage\":\"en-GB\",\"@id\":\"https:\/\/www.ellenkantarellen.se\/#\/schema\/logo\/image\/\",\"url\":\"https:\/\/www.ellenkantarellen.se\/wp-content\/uploads\/2021\/09\/ek2.png\",\"contentUrl\":\"https:\/\/www.ellenkantarellen.se\/wp-content\/uploads\/2021\/09\/ek2.png\",\"width\":2232,\"height\":508,\"caption\":\"EllenKantarellen\"},\"image\":{\"@id\":\"https:\/\/www.ellenkantarellen.se\/#\/schema\/logo\/image\/\"}}]}<\/script>\n<!-- \/ Yoast SEO plugin. -->","yoast_head_json":{"title":"Utskriftbar Badkarsbox till virkad TomteAnka - EllenKantarellen","description":"Min supers\u00f6ta utskriftbara badkarsbox till virkad JulAnka med massor av olika Juliga meddelanden och en blank om du vill skriva ett eget meddelande!","robots":{"index":"index","follow":"follow","max-snippet":"max-snippet:-1","max-image-preview":"max-image-preview:large","max-video-preview":"max-video-preview:-1"},"canonical":"https:\/\/www.ellenkantarellen.se\/en\/product-2\/utskriftbar-badkarsbox-till-virkad-tomteanka\/","og_locale":"en_GB","og_type":"article","og_title":"Utskriftbar Badkarsbox till virkad TomteAnka - EllenKantarellen","og_description":"Min supers\u00f6ta utskriftbara badkarsbox till virkad JulAnka med massor av olika Juliga meddelanden och en blank om du vill skriva ett eget meddelande!","og_url":"https:\/\/www.ellenkantarellen.se\/en\/product-2\/utskriftbar-badkarsbox-till-virkad-tomteanka\/","og_site_name":"EllenKantarellen","article_modified_time":"2025-11-18T08:06:28+00:00","og_image":[{"width":1080,"height":1080,"url":"https:\/\/www.ellenkantarellen.se\/wp-content\/uploads\/2025\/11\/Easy-123-2025-11-14T082218.898.jpg","type":"image\/jpeg"}],"twitter_card":"summary_large_image","twitter_misc":{"Estimated reading time":"1 minute"},"schema":{"@context":"https:\/\/schema.org","@graph":[{"@type":"WebPage","@id":"https:\/\/www.ellenkantarellen.se\/produkt\/utskriftbar-badkarsbox-till-virkad-tomteanka\/","url":"https:\/\/www.ellenkantarellen.se\/produkt\/utskriftbar-badkarsbox-till-virkad-tomteanka\/","name":"Utskriftbar Badkarsbox till virkad TomteAnka - EllenKantarellen","isPartOf":{"@id":"https:\/\/www.ellenkantarellen.se\/#website"},"primaryImageOfPage":{"@id":"https:\/\/www.ellenkantarellen.se\/produkt\/utskriftbar-badkarsbox-till-virkad-tomteanka\/#primaryimage"},"image":{"@id":"https:\/\/www.ellenkantarellen.se\/produkt\/utskriftbar-badkarsbox-till-virkad-tomteanka\/#primaryimage"},"thumbnailUrl":"https:\/\/www.ellenkantarellen.se\/wp-content\/uploads\/2025\/11\/Easy-123-2025-11-14T082218.898.jpg","datePublished":"2025-11-18T07:40:58+00:00","dateModified":"2025-11-18T08:06:28+00:00","description":"Min supers\u00f6ta utskriftbara badkarsbox till virkad JulAnka med massor av olika Juliga meddelanden och en blank om du vill skriva ett eget meddelande!","breadcrumb":{"@id":"https:\/\/www.ellenkantarellen.se\/produkt\/utskriftbar-badkarsbox-till-virkad-tomteanka\/#breadcrumb"},"inLanguage":"en-GB","potentialAction":[{"@type":"ReadAction","target":["https:\/\/www.ellenkantarellen.se\/produkt\/utskriftbar-badkarsbox-till-virkad-tomteanka\/"]}]},{"@type":"ImageObject","inLanguage":"en-GB","@id":"https:\/\/www.ellenkantarellen.se\/produkt\/utskriftbar-badkarsbox-till-virkad-tomteanka\/#primaryimage","url":"https:\/\/www.ellenkantarellen.se\/wp-content\/uploads\/2025\/11\/Easy-123-2025-11-14T082218.898.jpg","contentUrl":"https:\/\/www.ellenkantarellen.se\/wp-content\/uploads\/2025\/11\/Easy-123-2025-11-14T082218.898.jpg","width":1080,"height":1080},{"@type":"BreadcrumbList","@id":"https:\/\/www.ellenkantarellen.se\/produkt\/utskriftbar-badkarsbox-till-virkad-tomteanka\/#breadcrumb","itemListElement":[{"@type":"ListItem","position":1,"name":"Hem","item":"https:\/\/www.ellenkantarellen.se\/"},{"@type":"ListItem","position":2,"name":"Aff\u00e4r","item":"https:\/\/www.ellenkantarellen.se\/affar\/"},{"@type":"ListItem","position":3,"name":"Utskriftbar Badkarsbox till virkad TomteAnka"}]},{"@type":"WebSite","@id":"https:\/\/www.ellenkantarellen.se\/#website","url":"https:\/\/www.ellenkantarellen.se\/","name":"EllenKantarellen","description":"","publisher":{"@id":"https:\/\/www.ellenkantarellen.se\/#organization"},"potentialAction":[{"@type":"SearchAction","target":{"@type":"EntryPoint","urlTemplate":"https:\/\/www.ellenkantarellen.se\/?s={search_term_string}"},"query-input":{"@type":"PropertyValueSpecification","valueRequired":true,"valueName":"search_term_string"}}],"inLanguage":"en-GB"},{"@type":"Organization","@id":"https:\/\/www.ellenkantarellen.se\/#organization","name":"EllenKantarellen","url":"https:\/\/www.ellenkantarellen.se\/","logo":{"@type":"ImageObject","inLanguage":"en-GB","@id":"https:\/\/www.ellenkantarellen.se\/#\/schema\/logo\/image\/","url":"https:\/\/www.ellenkantarellen.se\/wp-content\/uploads\/2021\/09\/ek2.png","contentUrl":"https:\/\/www.ellenkantarellen.se\/wp-content\/uploads\/2021\/09\/ek2.png","width":2232,"height":508,"caption":"EllenKantarellen"},"image":{"@id":"https:\/\/www.ellenkantarellen.se\/#\/schema\/logo\/image\/"}}]}},"_links":{"self":[{"href":"https:\/\/www.ellenkantarellen.se\/en\/wp-json\/wp\/v2\/product\/24117","targetHints":{"allow":["GET"]}}],"collection":[{"href":"https:\/\/www.ellenkantarellen.se\/en\/wp-json\/wp\/v2\/product"}],"about":[{"href":"https:\/\/www.ellenkantarellen.se\/en\/wp-json\/wp\/v2\/types\/product"}],"replies":[{"embeddable":true,"href":"https:\/\/www.ellenkantarellen.se\/en\/wp-json\/wp\/v2\/comments?post=24117"}],"wp:featuredmedia":[{"embeddable":true,"href":"https:\/\/www.ellenkantarellen.se\/en\/wp-json\/wp\/v2\/media\/24120"}],"wp:attachment":[{"href":"https:\/\/www.ellenkantarellen.se\/en\/wp-json\/wp\/v2\/media?parent=24117"}],"wp:term":[{"taxonomy":"product_brand","embeddable":true,"href":"https:\/\/www.ellenkantarellen.se\/en\/wp-json\/wp\/v2\/product_brand?post=24117"},{"taxonomy":"product_cat","embeddable":true,"href":"https:\/\/www.ellenkantarellen.se\/en\/wp-json\/wp\/v2\/product_cat?post=24117"},{"taxonomy":"product_tag","embeddable":true,"href":"https:\/\/www.ellenkantarellen.se\/en\/wp-json\/wp\/v2\/product_tag?post=24117"}],"curies":[{"name":"wp","href":"https:\/\/api.w.org\/{rel}","templated":true}]}}