{"id":2418,"date":"2021-06-30T19:33:44","date_gmt":"2021-06-30T17:33:44","guid":{"rendered":"https:\/\/www.ellenkantarellen.se\/?post_type=product&#038;p=2418"},"modified":"2025-12-02T08:15:33","modified_gmt":"2025-12-02T07:15:33","slug":"monster-ellenkantarellens-virkade-sushifest","status":"publish","type":"product","link":"https:\/\/www.ellenkantarellen.se\/en\/produkt\/monster-ellenkantarellens-virkade-sushifest\/","title":{"rendered":"Sushi crochet pattern"},"content":{"rendered":"<p>M\u00f6nster p\u00e5 ellenkantarellens virkade sushifest samt lyckokaka. PDF-format<\/p>","protected":false},"excerpt":{"rendered":"<p>Crochet pattern sushi - avocado sushi, tuna sushi, salmon sushi, sushi roll and fortune cookie!\u00a0 <strong><em>After payment you can instantly download your new pattern! You get an email with a link to the pattern.<\/em><\/strong><\/p>","protected":false},"featured_media":2419,"comment_status":"open","ping_status":"closed","template":"","meta":[],"product_brand":[],"product_cat":[301],"product_tag":[190,195,188,196],"class_list":{"0":"post-2418","1":"product","2":"type-product","3":"status-publish","4":"has-post-thumbnail","6":"product_cat-monster-med-mat-och-bakverk","7":"product_tag-monster-virkad-mat","8":"product_tag-monster-virkad-sushi","9":"product_tag-monster-virkade-leksaker","10":"product_tag-monster-virkat-till-leksakskoket","12":"first","13":"instock","14":"downloadable","15":"virtual","16":"taxable","17":"purchasable","18":"product-type-simple"},"bundled_by":[],"bundle_stock_status":"instock","bundle_stock_quantity":null,"bundle_virtual":false,"bundle_layout":"","bundle_add_to_cart_form_location":"","bundle_editable_in_cart":false,"bundle_sold_individually_context":"","bundle_item_grouping":"","bundle_min_size":"","bundle_max_size":"","bundle_price":[],"bundled_items":[],"bundle_sell_ids":[],"yoast_head":"<!-- This site is optimized with the Yoast SEO plugin v27.0 - https:\/\/yoast.com\/product\/yoast-seo-wordpress\/ -->\n<title>M\u00f6nster ellenkantarellens virkade Sushifest - EllenKantarellen<\/title>\n<meta name=\"robots\" content=\"index, follow, max-snippet:-1, max-image-preview:large, max-video-preview:-1\" \/>\n<link rel=\"canonical\" href=\"https:\/\/www.ellenkantarellen.se\/en\/product-2\/monster-ellenkantarellens-virkade-sushifest\/\" \/>\n<meta property=\"og:locale\" content=\"en_GB\" \/>\n<meta property=\"og:type\" content=\"article\" \/>\n<meta property=\"og:title\" content=\"M\u00f6nster ellenkantarellens virkade Sushifest - EllenKantarellen\" \/>\n<meta property=\"og:description\" content=\"M\u00f6nster p\u00e5 h\u00e4rlig sushifest! Lax- och tonfisksushi....eller varf\u00f6r inte en med avokado p\u00e5!? Givetvis beh\u00f6vs \u00e4ven en lyckokaka f\u00f6r att g\u00f6ra upplevelsen komplett!\u00a0 N\u00e4r du betalat f\u00f6r m\u00f6nstret kommer du automatiskt att kunna ladda ner din PDF-fil med ditt nya smarriga m\u00f6nster som kommer i mejl till dig!\" \/>\n<meta property=\"og:url\" content=\"https:\/\/www.ellenkantarellen.se\/en\/product-2\/monster-ellenkantarellens-virkade-sushifest\/\" \/>\n<meta property=\"og:site_name\" content=\"EllenKantarellen\" \/>\n<meta property=\"article:modified_time\" content=\"2025-12-02T07:15:33+00:00\" \/>\n<meta property=\"og:image\" content=\"https:\/\/www.ellenkantarellen.se\/wp-content\/uploads\/2021\/06\/IMG_just-sushi-edited-Pixlr.jpg\" \/>\n\t<meta property=\"og:image:width\" content=\"953\" \/>\n\t<meta property=\"og:image:height\" content=\"1280\" \/>\n\t<meta property=\"og:image:type\" content=\"image\/jpeg\" \/>\n<meta name=\"twitter:card\" content=\"summary_large_image\" \/>\n<script type=\"application\/ld+json\" class=\"yoast-schema-graph\">{\"@context\":\"https:\/\/schema.org\",\"@graph\":[{\"@type\":\"WebPage\",\"@id\":\"https:\/\/www.ellenkantarellen.se\/produkt\/monster-ellenkantarellens-virkade-sushifest\/\",\"url\":\"https:\/\/www.ellenkantarellen.se\/produkt\/monster-ellenkantarellens-virkade-sushifest\/\",\"name\":\"M\u00f6nster ellenkantarellens virkade Sushifest - EllenKantarellen\",\"isPartOf\":{\"@id\":\"https:\/\/www.ellenkantarellen.se\/#website\"},\"primaryImageOfPage\":{\"@id\":\"https:\/\/www.ellenkantarellen.se\/produkt\/monster-ellenkantarellens-virkade-sushifest\/#primaryimage\"},\"image\":{\"@id\":\"https:\/\/www.ellenkantarellen.se\/produkt\/monster-ellenkantarellens-virkade-sushifest\/#primaryimage\"},\"thumbnailUrl\":\"https:\/\/www.ellenkantarellen.se\/wp-content\/uploads\/2021\/06\/IMG_just-sushi-edited-Pixlr.jpg\",\"datePublished\":\"2021-06-30T17:33:44+00:00\",\"dateModified\":\"2025-12-02T07:15:33+00:00\",\"breadcrumb\":{\"@id\":\"https:\/\/www.ellenkantarellen.se\/produkt\/monster-ellenkantarellens-virkade-sushifest\/#breadcrumb\"},\"inLanguage\":\"en-GB\",\"potentialAction\":[{\"@type\":\"ReadAction\",\"target\":[\"https:\/\/www.ellenkantarellen.se\/produkt\/monster-ellenkantarellens-virkade-sushifest\/\"]}]},{\"@type\":\"ImageObject\",\"inLanguage\":\"en-GB\",\"@id\":\"https:\/\/www.ellenkantarellen.se\/produkt\/monster-ellenkantarellens-virkade-sushifest\/#primaryimage\",\"url\":\"https:\/\/www.ellenkantarellen.se\/wp-content\/uploads\/2021\/06\/IMG_just-sushi-edited-Pixlr.jpg\",\"contentUrl\":\"https:\/\/www.ellenkantarellen.se\/wp-content\/uploads\/2021\/06\/IMG_just-sushi-edited-Pixlr.jpg\",\"width\":953,\"height\":1280},{\"@type\":\"BreadcrumbList\",\"@id\":\"https:\/\/www.ellenkantarellen.se\/produkt\/monster-ellenkantarellens-virkade-sushifest\/#breadcrumb\",\"itemListElement\":[{\"@type\":\"ListItem\",\"position\":1,\"name\":\"Hem\",\"item\":\"https:\/\/www.ellenkantarellen.se\/\"},{\"@type\":\"ListItem\",\"position\":2,\"name\":\"Aff\u00e4r\",\"item\":\"https:\/\/www.ellenkantarellen.se\/affar\/\"},{\"@type\":\"ListItem\",\"position\":3,\"name\":\"M\u00f6nster ellenkantarellens virkade Sushifest\"}]},{\"@type\":\"WebSite\",\"@id\":\"https:\/\/www.ellenkantarellen.se\/#website\",\"url\":\"https:\/\/www.ellenkantarellen.se\/\",\"name\":\"EllenKantarellen\",\"description\":\"\",\"publisher\":{\"@id\":\"https:\/\/www.ellenkantarellen.se\/#organization\"},\"potentialAction\":[{\"@type\":\"SearchAction\",\"target\":{\"@type\":\"EntryPoint\",\"urlTemplate\":\"https:\/\/www.ellenkantarellen.se\/?s={search_term_string}\"},\"query-input\":{\"@type\":\"PropertyValueSpecification\",\"valueRequired\":true,\"valueName\":\"search_term_string\"}}],\"inLanguage\":\"en-GB\"},{\"@type\":\"Organization\",\"@id\":\"https:\/\/www.ellenkantarellen.se\/#organization\",\"name\":\"EllenKantarellen\",\"url\":\"https:\/\/www.ellenkantarellen.se\/\",\"logo\":{\"@type\":\"ImageObject\",\"inLanguage\":\"en-GB\",\"@id\":\"https:\/\/www.ellenkantarellen.se\/#\/schema\/logo\/image\/\",\"url\":\"https:\/\/www.ellenkantarellen.se\/wp-content\/uploads\/2021\/09\/ek2.png\",\"contentUrl\":\"https:\/\/www.ellenkantarellen.se\/wp-content\/uploads\/2021\/09\/ek2.png\",\"width\":2232,\"height\":508,\"caption\":\"EllenKantarellen\"},\"image\":{\"@id\":\"https:\/\/www.ellenkantarellen.se\/#\/schema\/logo\/image\/\"}}]}<\/script>\n<!-- \/ Yoast SEO plugin. -->","yoast_head_json":{"title":"M\u00f6nster ellenkantarellens virkade Sushifest - EllenKantarellen","robots":{"index":"index","follow":"follow","max-snippet":"max-snippet:-1","max-image-preview":"max-image-preview:large","max-video-preview":"max-video-preview:-1"},"canonical":"https:\/\/www.ellenkantarellen.se\/en\/product-2\/monster-ellenkantarellens-virkade-sushifest\/","og_locale":"en_GB","og_type":"article","og_title":"M\u00f6nster ellenkantarellens virkade Sushifest - EllenKantarellen","og_description":"M\u00f6nster p\u00e5 h\u00e4rlig sushifest! Lax- och tonfisksushi....eller varf\u00f6r inte en med avokado p\u00e5!? Givetvis beh\u00f6vs \u00e4ven en lyckokaka f\u00f6r att g\u00f6ra upplevelsen komplett!\u00a0 N\u00e4r du betalat f\u00f6r m\u00f6nstret kommer du automatiskt att kunna ladda ner din PDF-fil med ditt nya smarriga m\u00f6nster som kommer i mejl till dig!","og_url":"https:\/\/www.ellenkantarellen.se\/en\/product-2\/monster-ellenkantarellens-virkade-sushifest\/","og_site_name":"EllenKantarellen","article_modified_time":"2025-12-02T07:15:33+00:00","og_image":[{"width":953,"height":1280,"url":"https:\/\/www.ellenkantarellen.se\/wp-content\/uploads\/2021\/06\/IMG_just-sushi-edited-Pixlr.jpg","type":"image\/jpeg"}],"twitter_card":"summary_large_image","schema":{"@context":"https:\/\/schema.org","@graph":[{"@type":"WebPage","@id":"https:\/\/www.ellenkantarellen.se\/produkt\/monster-ellenkantarellens-virkade-sushifest\/","url":"https:\/\/www.ellenkantarellen.se\/produkt\/monster-ellenkantarellens-virkade-sushifest\/","name":"M\u00f6nster ellenkantarellens virkade Sushifest - EllenKantarellen","isPartOf":{"@id":"https:\/\/www.ellenkantarellen.se\/#website"},"primaryImageOfPage":{"@id":"https:\/\/www.ellenkantarellen.se\/produkt\/monster-ellenkantarellens-virkade-sushifest\/#primaryimage"},"image":{"@id":"https:\/\/www.ellenkantarellen.se\/produkt\/monster-ellenkantarellens-virkade-sushifest\/#primaryimage"},"thumbnailUrl":"https:\/\/www.ellenkantarellen.se\/wp-content\/uploads\/2021\/06\/IMG_just-sushi-edited-Pixlr.jpg","datePublished":"2021-06-30T17:33:44+00:00","dateModified":"2025-12-02T07:15:33+00:00","breadcrumb":{"@id":"https:\/\/www.ellenkantarellen.se\/produkt\/monster-ellenkantarellens-virkade-sushifest\/#breadcrumb"},"inLanguage":"en-GB","potentialAction":[{"@type":"ReadAction","target":["https:\/\/www.ellenkantarellen.se\/produkt\/monster-ellenkantarellens-virkade-sushifest\/"]}]},{"@type":"ImageObject","inLanguage":"en-GB","@id":"https:\/\/www.ellenkantarellen.se\/produkt\/monster-ellenkantarellens-virkade-sushifest\/#primaryimage","url":"https:\/\/www.ellenkantarellen.se\/wp-content\/uploads\/2021\/06\/IMG_just-sushi-edited-Pixlr.jpg","contentUrl":"https:\/\/www.ellenkantarellen.se\/wp-content\/uploads\/2021\/06\/IMG_just-sushi-edited-Pixlr.jpg","width":953,"height":1280},{"@type":"BreadcrumbList","@id":"https:\/\/www.ellenkantarellen.se\/produkt\/monster-ellenkantarellens-virkade-sushifest\/#breadcrumb","itemListElement":[{"@type":"ListItem","position":1,"name":"Hem","item":"https:\/\/www.ellenkantarellen.se\/"},{"@type":"ListItem","position":2,"name":"Aff\u00e4r","item":"https:\/\/www.ellenkantarellen.se\/affar\/"},{"@type":"ListItem","position":3,"name":"M\u00f6nster ellenkantarellens virkade Sushifest"}]},{"@type":"WebSite","@id":"https:\/\/www.ellenkantarellen.se\/#website","url":"https:\/\/www.ellenkantarellen.se\/","name":"EllenKantarellen","description":"","publisher":{"@id":"https:\/\/www.ellenkantarellen.se\/#organization"},"potentialAction":[{"@type":"SearchAction","target":{"@type":"EntryPoint","urlTemplate":"https:\/\/www.ellenkantarellen.se\/?s={search_term_string}"},"query-input":{"@type":"PropertyValueSpecification","valueRequired":true,"valueName":"search_term_string"}}],"inLanguage":"en-GB"},{"@type":"Organization","@id":"https:\/\/www.ellenkantarellen.se\/#organization","name":"EllenKantarellen","url":"https:\/\/www.ellenkantarellen.se\/","logo":{"@type":"ImageObject","inLanguage":"en-GB","@id":"https:\/\/www.ellenkantarellen.se\/#\/schema\/logo\/image\/","url":"https:\/\/www.ellenkantarellen.se\/wp-content\/uploads\/2021\/09\/ek2.png","contentUrl":"https:\/\/www.ellenkantarellen.se\/wp-content\/uploads\/2021\/09\/ek2.png","width":2232,"height":508,"caption":"EllenKantarellen"},"image":{"@id":"https:\/\/www.ellenkantarellen.se\/#\/schema\/logo\/image\/"}}]}},"_links":{"self":[{"href":"https:\/\/www.ellenkantarellen.se\/en\/wp-json\/wp\/v2\/product\/2418","targetHints":{"allow":["GET"]}}],"collection":[{"href":"https:\/\/www.ellenkantarellen.se\/en\/wp-json\/wp\/v2\/product"}],"about":[{"href":"https:\/\/www.ellenkantarellen.se\/en\/wp-json\/wp\/v2\/types\/product"}],"replies":[{"embeddable":true,"href":"https:\/\/www.ellenkantarellen.se\/en\/wp-json\/wp\/v2\/comments?post=2418"}],"wp:featuredmedia":[{"embeddable":true,"href":"https:\/\/www.ellenkantarellen.se\/en\/wp-json\/wp\/v2\/media\/2419"}],"wp:attachment":[{"href":"https:\/\/www.ellenkantarellen.se\/en\/wp-json\/wp\/v2\/media?parent=2418"}],"wp:term":[{"taxonomy":"product_brand","embeddable":true,"href":"https:\/\/www.ellenkantarellen.se\/en\/wp-json\/wp\/v2\/product_brand?post=2418"},{"taxonomy":"product_cat","embeddable":true,"href":"https:\/\/www.ellenkantarellen.se\/en\/wp-json\/wp\/v2\/product_cat?post=2418"},{"taxonomy":"product_tag","embeddable":true,"href":"https:\/\/www.ellenkantarellen.se\/en\/wp-json\/wp\/v2\/product_tag?post=2418"}],"curies":[{"name":"wp","href":"https:\/\/api.w.org\/{rel}","templated":true}]}}