{"id":25536,"date":"2026-01-06T11:23:36","date_gmt":"2026-01-06T10:23:36","guid":{"rendered":"https:\/\/www.ellenkantarellen.se\/?post_type=product&#038;p=25536"},"modified":"2026-01-06T11:56:16","modified_gmt":"2026-01-06T10:56:16","slug":"utskriftbara-display-mallar-for-virkade-muggvarmare","status":"publish","type":"product","link":"https:\/\/www.ellenkantarellen.se\/en\/produkt\/utskriftbara-display-mallar-for-virkade-muggvarmare\/","title":{"rendered":"Utskriftbara Display\/mallar f\u00f6r virkade muggv\u00e4rmare"},"content":{"rendered":"<p>Supers\u00f6ta utskriftbar etikett\/display f\u00f6r dina handgjorda mugg\u00e4rmare. Fram- och baksida med inneh\u00e5ll och tv\u00e4ttinstruktioner p\u00e5 baksidan. Fyra olika utseenden tv\u00e5 vanliga muggar och tv\u00e5 &#8221;to go&#8221; muggar. Du f\u00e5r mallar i f\u00e4rgerna rosa och turkos, men blir \u00e4ven j\u00e4ttefina i gr\u00e5skala! Dessa \u00e4r perfekta om du ska s\u00e4lja eller som en underbar present till n\u00e5gon du tycker om!<\/p>\n<div>\ud83c\udf38Detta \u00e4r en digital produkt, inte f\u00e4rdiga pappersprodukter!<\/div>\n<div><\/div>\n<div>\ud83c\udf38 INKLUDERAR:<\/div>\n<div>1 digital PDF med Cup Cozy<\/div>\n<div>1 digital PDF med Mug Cozy<\/div>\n<div>1 digital PDF med Muggh\u00e5llare<\/div>\n<div><\/div>\n<div>\ud83c\udf38 Storlek p\u00e5 mallarna:<\/div>\n<div>Cup:\u00a0 16 x 14 cm &amp; 18 x 10 cm<\/div>\n<div>Mug:\u00a0 14,5 x 12 cm &amp; 10,5 cm<\/div>","protected":false},"excerpt":{"rendered":"<p><em>Supers\u00f6ta utskriftbar etikett\/display f\u00f6r dina handgjorda mugg\u00e4rmare! <\/em><strong><em>N\u00e4r du betalat f\u00f6r dina produkter kommer du automatiskt att kunna ladda ner dina PDF-filer med dina nya fina mallar som kommer i mejl till dig!<\/em><\/strong><\/p>","protected":false},"featured_media":25542,"comment_status":"open","ping_status":"closed","template":"","meta":[],"product_brand":[],"product_cat":[703],"product_tag":[1324,1323,1321,1325,1322,866,867],"class_list":{"0":"post-25536","1":"product","2":"type-product","3":"status-publish","4":"has-post-thumbnail","6":"product_cat-etiketter","7":"product_tag-display-till-mugghallare","8":"product_tag-etiketter-till-virkad-mugghallare","9":"product_tag-mall-till-virkad-mugghallare","10":"product_tag-pappersmall-till-mugghallare","11":"product_tag-utskriftbart-till-mugghallare","12":"product_tag-virkad-mugghallare","13":"product_tag-virkmonster-mugghallare","15":"first","16":"instock","17":"downloadable","18":"virtual","19":"sold-individually","20":"taxable","21":"purchasable","22":"product-type-simple"},"bundled_by":[],"bundle_stock_status":"instock","bundle_stock_quantity":null,"bundle_virtual":false,"bundle_layout":"","bundle_add_to_cart_form_location":"","bundle_editable_in_cart":false,"bundle_sold_individually_context":"","bundle_item_grouping":"","bundle_min_size":"","bundle_max_size":"","bundle_price":[],"bundled_items":[],"bundle_sell_ids":[],"yoast_head":"<!-- This site is optimized with the Yoast SEO plugin v27.0 - https:\/\/yoast.com\/product\/yoast-seo-wordpress\/ -->\n<title>Utskriftbara Display\/mallar f\u00f6r virkade muggv\u00e4rmare - EllenKantarellen<\/title>\n<meta name=\"description\" content=\"M\u00f6nster p\u00e5 min s\u00f6ta virkade Korth\u00e5llare &quot;Heather&quot; med en superfin Rosett! Ett m\u00e5ste f\u00f6r alla virk\u00e4lskare! Din egen s\u00f6ta Korth\u00e5llare eller underbar present!\" \/>\n<meta name=\"robots\" content=\"index, follow, max-snippet:-1, max-image-preview:large, max-video-preview:-1\" \/>\n<link rel=\"canonical\" href=\"https:\/\/www.ellenkantarellen.se\/en\/product-2\/utskriftbara-display-mallar-for-virkade-muggvarmare\/\" \/>\n<meta property=\"og:locale\" content=\"en_GB\" \/>\n<meta property=\"og:type\" content=\"article\" \/>\n<meta property=\"og:title\" content=\"Utskriftbara Display\/mallar f\u00f6r virkade muggv\u00e4rmare - EllenKantarellen\" \/>\n<meta property=\"og:description\" content=\"M\u00f6nster p\u00e5 min s\u00f6ta virkade Korth\u00e5llare &quot;Heather&quot; med en superfin Rosett! Ett m\u00e5ste f\u00f6r alla virk\u00e4lskare! Din egen s\u00f6ta Korth\u00e5llare eller underbar present!\" \/>\n<meta property=\"og:url\" content=\"https:\/\/www.ellenkantarellen.se\/en\/product-2\/utskriftbara-display-mallar-for-virkade-muggvarmare\/\" \/>\n<meta property=\"og:site_name\" content=\"EllenKantarellen\" \/>\n<meta property=\"article:modified_time\" content=\"2026-01-06T10:56:16+00:00\" \/>\n<meta property=\"og:image\" content=\"https:\/\/www.ellenkantarellen.se\/wp-content\/uploads\/2026\/01\/FRAMSIDA-NY-15.jpg\" \/>\n\t<meta property=\"og:image:width\" content=\"1080\" \/>\n\t<meta property=\"og:image:height\" content=\"1080\" \/>\n\t<meta property=\"og:image:type\" content=\"image\/jpeg\" \/>\n<meta name=\"twitter:card\" content=\"summary_large_image\" \/>\n<meta name=\"twitter:label1\" content=\"Estimated reading time\" \/>\n\t<meta name=\"twitter:data1\" content=\"1 minute\" \/>\n<script type=\"application\/ld+json\" class=\"yoast-schema-graph\">{\"@context\":\"https:\/\/schema.org\",\"@graph\":[{\"@type\":\"WebPage\",\"@id\":\"https:\/\/www.ellenkantarellen.se\/produkt\/utskriftbara-display-mallar-for-virkade-muggvarmare\/\",\"url\":\"https:\/\/www.ellenkantarellen.se\/produkt\/utskriftbara-display-mallar-for-virkade-muggvarmare\/\",\"name\":\"Utskriftbara Display\/mallar f\u00f6r virkade muggv\u00e4rmare - EllenKantarellen\",\"isPartOf\":{\"@id\":\"https:\/\/www.ellenkantarellen.se\/#website\"},\"primaryImageOfPage\":{\"@id\":\"https:\/\/www.ellenkantarellen.se\/produkt\/utskriftbara-display-mallar-for-virkade-muggvarmare\/#primaryimage\"},\"image\":{\"@id\":\"https:\/\/www.ellenkantarellen.se\/produkt\/utskriftbara-display-mallar-for-virkade-muggvarmare\/#primaryimage\"},\"thumbnailUrl\":\"https:\/\/www.ellenkantarellen.se\/wp-content\/uploads\/2026\/01\/FRAMSIDA-NY-15.jpg\",\"datePublished\":\"2026-01-06T10:23:36+00:00\",\"dateModified\":\"2026-01-06T10:56:16+00:00\",\"description\":\"M\u00f6nster p\u00e5 min s\u00f6ta virkade Korth\u00e5llare \\\"Heather\\\" med en superfin Rosett! Ett m\u00e5ste f\u00f6r alla virk\u00e4lskare! Din egen s\u00f6ta Korth\u00e5llare eller underbar present!\",\"breadcrumb\":{\"@id\":\"https:\/\/www.ellenkantarellen.se\/produkt\/utskriftbara-display-mallar-for-virkade-muggvarmare\/#breadcrumb\"},\"inLanguage\":\"en-GB\",\"potentialAction\":[{\"@type\":\"ReadAction\",\"target\":[\"https:\/\/www.ellenkantarellen.se\/produkt\/utskriftbara-display-mallar-for-virkade-muggvarmare\/\"]}]},{\"@type\":\"ImageObject\",\"inLanguage\":\"en-GB\",\"@id\":\"https:\/\/www.ellenkantarellen.se\/produkt\/utskriftbara-display-mallar-for-virkade-muggvarmare\/#primaryimage\",\"url\":\"https:\/\/www.ellenkantarellen.se\/wp-content\/uploads\/2026\/01\/FRAMSIDA-NY-15.jpg\",\"contentUrl\":\"https:\/\/www.ellenkantarellen.se\/wp-content\/uploads\/2026\/01\/FRAMSIDA-NY-15.jpg\",\"width\":1080,\"height\":1080},{\"@type\":\"BreadcrumbList\",\"@id\":\"https:\/\/www.ellenkantarellen.se\/produkt\/utskriftbara-display-mallar-for-virkade-muggvarmare\/#breadcrumb\",\"itemListElement\":[{\"@type\":\"ListItem\",\"position\":1,\"name\":\"Hem\",\"item\":\"https:\/\/www.ellenkantarellen.se\/\"},{\"@type\":\"ListItem\",\"position\":2,\"name\":\"Aff\u00e4r\",\"item\":\"https:\/\/www.ellenkantarellen.se\/affar\/\"},{\"@type\":\"ListItem\",\"position\":3,\"name\":\"Utskriftbara Display\/mallar f\u00f6r virkade muggv\u00e4rmare\"}]},{\"@type\":\"WebSite\",\"@id\":\"https:\/\/www.ellenkantarellen.se\/#website\",\"url\":\"https:\/\/www.ellenkantarellen.se\/\",\"name\":\"EllenKantarellen\",\"description\":\"\",\"publisher\":{\"@id\":\"https:\/\/www.ellenkantarellen.se\/#organization\"},\"potentialAction\":[{\"@type\":\"SearchAction\",\"target\":{\"@type\":\"EntryPoint\",\"urlTemplate\":\"https:\/\/www.ellenkantarellen.se\/?s={search_term_string}\"},\"query-input\":{\"@type\":\"PropertyValueSpecification\",\"valueRequired\":true,\"valueName\":\"search_term_string\"}}],\"inLanguage\":\"en-GB\"},{\"@type\":\"Organization\",\"@id\":\"https:\/\/www.ellenkantarellen.se\/#organization\",\"name\":\"EllenKantarellen\",\"url\":\"https:\/\/www.ellenkantarellen.se\/\",\"logo\":{\"@type\":\"ImageObject\",\"inLanguage\":\"en-GB\",\"@id\":\"https:\/\/www.ellenkantarellen.se\/#\/schema\/logo\/image\/\",\"url\":\"https:\/\/www.ellenkantarellen.se\/wp-content\/uploads\/2021\/09\/ek2.png\",\"contentUrl\":\"https:\/\/www.ellenkantarellen.se\/wp-content\/uploads\/2021\/09\/ek2.png\",\"width\":2232,\"height\":508,\"caption\":\"EllenKantarellen\"},\"image\":{\"@id\":\"https:\/\/www.ellenkantarellen.se\/#\/schema\/logo\/image\/\"}}]}<\/script>\n<!-- \/ Yoast SEO plugin. -->","yoast_head_json":{"title":"Utskriftbara Display\/mallar f\u00f6r virkade muggv\u00e4rmare - EllenKantarellen","description":"M\u00f6nster p\u00e5 min s\u00f6ta virkade Korth\u00e5llare \"Heather\" med en superfin Rosett! Ett m\u00e5ste f\u00f6r alla virk\u00e4lskare! Din egen s\u00f6ta Korth\u00e5llare eller underbar present!","robots":{"index":"index","follow":"follow","max-snippet":"max-snippet:-1","max-image-preview":"max-image-preview:large","max-video-preview":"max-video-preview:-1"},"canonical":"https:\/\/www.ellenkantarellen.se\/en\/product-2\/utskriftbara-display-mallar-for-virkade-muggvarmare\/","og_locale":"en_GB","og_type":"article","og_title":"Utskriftbara Display\/mallar f\u00f6r virkade muggv\u00e4rmare - EllenKantarellen","og_description":"M\u00f6nster p\u00e5 min s\u00f6ta virkade Korth\u00e5llare \"Heather\" med en superfin Rosett! Ett m\u00e5ste f\u00f6r alla virk\u00e4lskare! Din egen s\u00f6ta Korth\u00e5llare eller underbar present!","og_url":"https:\/\/www.ellenkantarellen.se\/en\/product-2\/utskriftbara-display-mallar-for-virkade-muggvarmare\/","og_site_name":"EllenKantarellen","article_modified_time":"2026-01-06T10:56:16+00:00","og_image":[{"width":1080,"height":1080,"url":"https:\/\/www.ellenkantarellen.se\/wp-content\/uploads\/2026\/01\/FRAMSIDA-NY-15.jpg","type":"image\/jpeg"}],"twitter_card":"summary_large_image","twitter_misc":{"Estimated reading time":"1 minute"},"schema":{"@context":"https:\/\/schema.org","@graph":[{"@type":"WebPage","@id":"https:\/\/www.ellenkantarellen.se\/produkt\/utskriftbara-display-mallar-for-virkade-muggvarmare\/","url":"https:\/\/www.ellenkantarellen.se\/produkt\/utskriftbara-display-mallar-for-virkade-muggvarmare\/","name":"Utskriftbara Display\/mallar f\u00f6r virkade muggv\u00e4rmare - EllenKantarellen","isPartOf":{"@id":"https:\/\/www.ellenkantarellen.se\/#website"},"primaryImageOfPage":{"@id":"https:\/\/www.ellenkantarellen.se\/produkt\/utskriftbara-display-mallar-for-virkade-muggvarmare\/#primaryimage"},"image":{"@id":"https:\/\/www.ellenkantarellen.se\/produkt\/utskriftbara-display-mallar-for-virkade-muggvarmare\/#primaryimage"},"thumbnailUrl":"https:\/\/www.ellenkantarellen.se\/wp-content\/uploads\/2026\/01\/FRAMSIDA-NY-15.jpg","datePublished":"2026-01-06T10:23:36+00:00","dateModified":"2026-01-06T10:56:16+00:00","description":"M\u00f6nster p\u00e5 min s\u00f6ta virkade Korth\u00e5llare \"Heather\" med en superfin Rosett! Ett m\u00e5ste f\u00f6r alla virk\u00e4lskare! Din egen s\u00f6ta Korth\u00e5llare eller underbar present!","breadcrumb":{"@id":"https:\/\/www.ellenkantarellen.se\/produkt\/utskriftbara-display-mallar-for-virkade-muggvarmare\/#breadcrumb"},"inLanguage":"en-GB","potentialAction":[{"@type":"ReadAction","target":["https:\/\/www.ellenkantarellen.se\/produkt\/utskriftbara-display-mallar-for-virkade-muggvarmare\/"]}]},{"@type":"ImageObject","inLanguage":"en-GB","@id":"https:\/\/www.ellenkantarellen.se\/produkt\/utskriftbara-display-mallar-for-virkade-muggvarmare\/#primaryimage","url":"https:\/\/www.ellenkantarellen.se\/wp-content\/uploads\/2026\/01\/FRAMSIDA-NY-15.jpg","contentUrl":"https:\/\/www.ellenkantarellen.se\/wp-content\/uploads\/2026\/01\/FRAMSIDA-NY-15.jpg","width":1080,"height":1080},{"@type":"BreadcrumbList","@id":"https:\/\/www.ellenkantarellen.se\/produkt\/utskriftbara-display-mallar-for-virkade-muggvarmare\/#breadcrumb","itemListElement":[{"@type":"ListItem","position":1,"name":"Hem","item":"https:\/\/www.ellenkantarellen.se\/"},{"@type":"ListItem","position":2,"name":"Aff\u00e4r","item":"https:\/\/www.ellenkantarellen.se\/affar\/"},{"@type":"ListItem","position":3,"name":"Utskriftbara Display\/mallar f\u00f6r virkade muggv\u00e4rmare"}]},{"@type":"WebSite","@id":"https:\/\/www.ellenkantarellen.se\/#website","url":"https:\/\/www.ellenkantarellen.se\/","name":"EllenKantarellen","description":"","publisher":{"@id":"https:\/\/www.ellenkantarellen.se\/#organization"},"potentialAction":[{"@type":"SearchAction","target":{"@type":"EntryPoint","urlTemplate":"https:\/\/www.ellenkantarellen.se\/?s={search_term_string}"},"query-input":{"@type":"PropertyValueSpecification","valueRequired":true,"valueName":"search_term_string"}}],"inLanguage":"en-GB"},{"@type":"Organization","@id":"https:\/\/www.ellenkantarellen.se\/#organization","name":"EllenKantarellen","url":"https:\/\/www.ellenkantarellen.se\/","logo":{"@type":"ImageObject","inLanguage":"en-GB","@id":"https:\/\/www.ellenkantarellen.se\/#\/schema\/logo\/image\/","url":"https:\/\/www.ellenkantarellen.se\/wp-content\/uploads\/2021\/09\/ek2.png","contentUrl":"https:\/\/www.ellenkantarellen.se\/wp-content\/uploads\/2021\/09\/ek2.png","width":2232,"height":508,"caption":"EllenKantarellen"},"image":{"@id":"https:\/\/www.ellenkantarellen.se\/#\/schema\/logo\/image\/"}}]}},"_links":{"self":[{"href":"https:\/\/www.ellenkantarellen.se\/en\/wp-json\/wp\/v2\/product\/25536","targetHints":{"allow":["GET"]}}],"collection":[{"href":"https:\/\/www.ellenkantarellen.se\/en\/wp-json\/wp\/v2\/product"}],"about":[{"href":"https:\/\/www.ellenkantarellen.se\/en\/wp-json\/wp\/v2\/types\/product"}],"replies":[{"embeddable":true,"href":"https:\/\/www.ellenkantarellen.se\/en\/wp-json\/wp\/v2\/comments?post=25536"}],"wp:featuredmedia":[{"embeddable":true,"href":"https:\/\/www.ellenkantarellen.se\/en\/wp-json\/wp\/v2\/media\/25542"}],"wp:attachment":[{"href":"https:\/\/www.ellenkantarellen.se\/en\/wp-json\/wp\/v2\/media?parent=25536"}],"wp:term":[{"taxonomy":"product_brand","embeddable":true,"href":"https:\/\/www.ellenkantarellen.se\/en\/wp-json\/wp\/v2\/product_brand?post=25536"},{"taxonomy":"product_cat","embeddable":true,"href":"https:\/\/www.ellenkantarellen.se\/en\/wp-json\/wp\/v2\/product_cat?post=25536"},{"taxonomy":"product_tag","embeddable":true,"href":"https:\/\/www.ellenkantarellen.se\/en\/wp-json\/wp\/v2\/product_tag?post=25536"}],"curies":[{"name":"wp","href":"https:\/\/api.w.org\/{rel}","templated":true}]}}