{"id":25685,"date":"2026-01-10T15:41:50","date_gmt":"2026-01-10T14:41:50","guid":{"rendered":"https:\/\/www.ellenkantarellen.se\/?post_type=product&#038;p=25685"},"modified":"2026-01-10T15:50:08","modified_gmt":"2026-01-10T14:50:08","slug":"virkmonster-mugghallare-med-nallebjorn","status":"publish","type":"product","link":"https:\/\/www.ellenkantarellen.se\/en\/produkt\/virkmonster-mugghallare-med-nallebjorn\/","title":{"rendered":"Virkm\u00f6nster Muggh\u00e5llare med Nallebj\u00f6rn"},"content":{"rendered":"<p>M\u00f6nster p\u00e5 supergullig virkad Muggh\u00e5llare med s\u00f6t Nallebj\u00f6rn som h\u00e5ller i ett Hj\u00e4rta! S\u00f6t att pryda favoritmuggen med och att ge bort som en present till Alla Hj\u00e4rtans Dag! Ett m\u00f6nster som passar b\u00e5de nyb\u00f6rjare som van!<\/p>","protected":false},"excerpt":{"rendered":"<p>M\u00f6nster p\u00e5 supergullig virkad Muggh\u00e5llare med s\u00f6t Nallebj\u00f6rn som h\u00e5ller i ett Hj\u00e4rta!! <strong><em>After payment you can instantly download your new pattern! You get an email with a link to the pattern.<\/em><\/strong><\/p>","protected":false},"featured_media":25690,"comment_status":"open","ping_status":"closed","template":"","meta":[],"product_brand":[],"product_cat":[859,458],"product_tag":[816,866,815,435,519,1096,1326,326,867,817,344],"class_list":{"0":"post-25685","1":"product","2":"type-product","3":"status-publish","4":"has-post-thumbnail","6":"product_cat-alla-hjartans-dag","7":"product_cat-ovriga-monster","8":"product_tag-muggvarmare","9":"product_tag-virkad-mugghallare","10":"product_tag-virkad-muggvarmare","11":"product_tag-virkad-nalle","12":"product_tag-virkat-hjarta","13":"product_tag-virkat-till-alla-hjartans","14":"product_tag-virkmonster-alla-hjartans","15":"product_tag-virkmonster-hjarta","16":"product_tag-virkmonster-mugghallare","17":"product_tag-virkmonster-muggvarmare","18":"product_tag-virkmonster-nalle","20":"first","21":"instock","22":"downloadable","23":"virtual","24":"sold-individually","25":"taxable","26":"purchasable","27":"product-type-simple"},"bundled_by":[],"bundle_stock_status":"instock","bundle_stock_quantity":null,"bundle_virtual":false,"bundle_layout":"","bundle_add_to_cart_form_location":"","bundle_editable_in_cart":false,"bundle_sold_individually_context":"","bundle_item_grouping":"","bundle_min_size":"","bundle_max_size":"","bundle_price":[],"bundled_items":[],"bundle_sell_ids":[],"yoast_head":"<!-- This site is optimized with the Yoast SEO plugin v27.0 - https:\/\/yoast.com\/product\/yoast-seo-wordpress\/ -->\n<title>Virkm\u00f6nster Muggh\u00e5llare med Nallebj\u00f6rn - EllenKantarellen<\/title>\n<meta name=\"description\" content=\"M\u00f6nster p\u00e5 supergullig virkad Muggh\u00e5llare med s\u00f6t Nallebj\u00f6rn som h\u00e5ller i ett Hj\u00e4rta! S\u00f6t att pryda favoritmuggen med eller ge bort till Alla Hj\u00e4rtans Dag!\" \/>\n<meta name=\"robots\" content=\"index, follow, max-snippet:-1, max-image-preview:large, max-video-preview:-1\" \/>\n<link rel=\"canonical\" href=\"https:\/\/www.ellenkantarellen.se\/en\/product-2\/virkmonster-mugghallare-med-nallebjorn\/\" \/>\n<meta property=\"og:locale\" content=\"en_GB\" \/>\n<meta property=\"og:type\" content=\"article\" \/>\n<meta property=\"og:title\" content=\"Virkm\u00f6nster Muggh\u00e5llare med Nallebj\u00f6rn - EllenKantarellen\" \/>\n<meta property=\"og:description\" content=\"M\u00f6nster p\u00e5 supergullig virkad Muggh\u00e5llare med s\u00f6t Nallebj\u00f6rn som h\u00e5ller i ett Hj\u00e4rta! S\u00f6t att pryda favoritmuggen med eller ge bort till Alla Hj\u00e4rtans Dag!\" \/>\n<meta property=\"og:url\" content=\"https:\/\/www.ellenkantarellen.se\/en\/product-2\/virkmonster-mugghallare-med-nallebjorn\/\" \/>\n<meta property=\"og:site_name\" content=\"EllenKantarellen\" \/>\n<meta property=\"article:modified_time\" content=\"2026-01-10T14:50:08+00:00\" \/>\n<meta property=\"og:image\" content=\"https:\/\/www.ellenkantarellen.se\/wp-content\/uploads\/2026\/01\/Easy-123-7.png\" \/>\n\t<meta property=\"og:image:width\" content=\"1080\" \/>\n\t<meta property=\"og:image:height\" content=\"1080\" \/>\n\t<meta property=\"og:image:type\" content=\"image\/png\" \/>\n<meta name=\"twitter:card\" content=\"summary_large_image\" \/>\n<meta name=\"twitter:label1\" content=\"Estimated reading time\" \/>\n\t<meta name=\"twitter:data1\" content=\"1 minute\" \/>\n<script type=\"application\/ld+json\" class=\"yoast-schema-graph\">{\"@context\":\"https:\/\/schema.org\",\"@graph\":[{\"@type\":\"WebPage\",\"@id\":\"https:\/\/www.ellenkantarellen.se\/produkt\/virkmonster-mugghallare-med-nallebjorn\/\",\"url\":\"https:\/\/www.ellenkantarellen.se\/produkt\/virkmonster-mugghallare-med-nallebjorn\/\",\"name\":\"Virkm\u00f6nster Muggh\u00e5llare med Nallebj\u00f6rn - EllenKantarellen\",\"isPartOf\":{\"@id\":\"https:\/\/www.ellenkantarellen.se\/#website\"},\"primaryImageOfPage\":{\"@id\":\"https:\/\/www.ellenkantarellen.se\/produkt\/virkmonster-mugghallare-med-nallebjorn\/#primaryimage\"},\"image\":{\"@id\":\"https:\/\/www.ellenkantarellen.se\/produkt\/virkmonster-mugghallare-med-nallebjorn\/#primaryimage\"},\"thumbnailUrl\":\"https:\/\/www.ellenkantarellen.se\/wp-content\/uploads\/2026\/01\/Easy-123-7.png\",\"datePublished\":\"2026-01-10T14:41:50+00:00\",\"dateModified\":\"2026-01-10T14:50:08+00:00\",\"description\":\"M\u00f6nster p\u00e5 supergullig virkad Muggh\u00e5llare med s\u00f6t Nallebj\u00f6rn som h\u00e5ller i ett Hj\u00e4rta! S\u00f6t att pryda favoritmuggen med eller ge bort till Alla Hj\u00e4rtans Dag!\",\"breadcrumb\":{\"@id\":\"https:\/\/www.ellenkantarellen.se\/produkt\/virkmonster-mugghallare-med-nallebjorn\/#breadcrumb\"},\"inLanguage\":\"en-GB\",\"potentialAction\":[{\"@type\":\"ReadAction\",\"target\":[\"https:\/\/www.ellenkantarellen.se\/produkt\/virkmonster-mugghallare-med-nallebjorn\/\"]}]},{\"@type\":\"ImageObject\",\"inLanguage\":\"en-GB\",\"@id\":\"https:\/\/www.ellenkantarellen.se\/produkt\/virkmonster-mugghallare-med-nallebjorn\/#primaryimage\",\"url\":\"https:\/\/www.ellenkantarellen.se\/wp-content\/uploads\/2026\/01\/Easy-123-7.png\",\"contentUrl\":\"https:\/\/www.ellenkantarellen.se\/wp-content\/uploads\/2026\/01\/Easy-123-7.png\",\"width\":1080,\"height\":1080},{\"@type\":\"BreadcrumbList\",\"@id\":\"https:\/\/www.ellenkantarellen.se\/produkt\/virkmonster-mugghallare-med-nallebjorn\/#breadcrumb\",\"itemListElement\":[{\"@type\":\"ListItem\",\"position\":1,\"name\":\"Hem\",\"item\":\"https:\/\/www.ellenkantarellen.se\/\"},{\"@type\":\"ListItem\",\"position\":2,\"name\":\"Aff\u00e4r\",\"item\":\"https:\/\/www.ellenkantarellen.se\/affar\/\"},{\"@type\":\"ListItem\",\"position\":3,\"name\":\"Virkm\u00f6nster Muggh\u00e5llare med Nallebj\u00f6rn\"}]},{\"@type\":\"WebSite\",\"@id\":\"https:\/\/www.ellenkantarellen.se\/#website\",\"url\":\"https:\/\/www.ellenkantarellen.se\/\",\"name\":\"EllenKantarellen\",\"description\":\"\",\"publisher\":{\"@id\":\"https:\/\/www.ellenkantarellen.se\/#organization\"},\"potentialAction\":[{\"@type\":\"SearchAction\",\"target\":{\"@type\":\"EntryPoint\",\"urlTemplate\":\"https:\/\/www.ellenkantarellen.se\/?s={search_term_string}\"},\"query-input\":{\"@type\":\"PropertyValueSpecification\",\"valueRequired\":true,\"valueName\":\"search_term_string\"}}],\"inLanguage\":\"en-GB\"},{\"@type\":\"Organization\",\"@id\":\"https:\/\/www.ellenkantarellen.se\/#organization\",\"name\":\"EllenKantarellen\",\"url\":\"https:\/\/www.ellenkantarellen.se\/\",\"logo\":{\"@type\":\"ImageObject\",\"inLanguage\":\"en-GB\",\"@id\":\"https:\/\/www.ellenkantarellen.se\/#\/schema\/logo\/image\/\",\"url\":\"https:\/\/www.ellenkantarellen.se\/wp-content\/uploads\/2021\/09\/ek2.png\",\"contentUrl\":\"https:\/\/www.ellenkantarellen.se\/wp-content\/uploads\/2021\/09\/ek2.png\",\"width\":2232,\"height\":508,\"caption\":\"EllenKantarellen\"},\"image\":{\"@id\":\"https:\/\/www.ellenkantarellen.se\/#\/schema\/logo\/image\/\"}}]}<\/script>\n<!-- \/ Yoast SEO plugin. -->","yoast_head_json":{"title":"Virkm\u00f6nster Muggh\u00e5llare med Nallebj\u00f6rn - EllenKantarellen","description":"M\u00f6nster p\u00e5 supergullig virkad Muggh\u00e5llare med s\u00f6t Nallebj\u00f6rn som h\u00e5ller i ett Hj\u00e4rta! S\u00f6t att pryda favoritmuggen med eller ge bort till Alla Hj\u00e4rtans Dag!","robots":{"index":"index","follow":"follow","max-snippet":"max-snippet:-1","max-image-preview":"max-image-preview:large","max-video-preview":"max-video-preview:-1"},"canonical":"https:\/\/www.ellenkantarellen.se\/en\/product-2\/virkmonster-mugghallare-med-nallebjorn\/","og_locale":"en_GB","og_type":"article","og_title":"Virkm\u00f6nster Muggh\u00e5llare med Nallebj\u00f6rn - EllenKantarellen","og_description":"M\u00f6nster p\u00e5 supergullig virkad Muggh\u00e5llare med s\u00f6t Nallebj\u00f6rn som h\u00e5ller i ett Hj\u00e4rta! S\u00f6t att pryda favoritmuggen med eller ge bort till Alla Hj\u00e4rtans Dag!","og_url":"https:\/\/www.ellenkantarellen.se\/en\/product-2\/virkmonster-mugghallare-med-nallebjorn\/","og_site_name":"EllenKantarellen","article_modified_time":"2026-01-10T14:50:08+00:00","og_image":[{"width":1080,"height":1080,"url":"https:\/\/www.ellenkantarellen.se\/wp-content\/uploads\/2026\/01\/Easy-123-7.png","type":"image\/png"}],"twitter_card":"summary_large_image","twitter_misc":{"Estimated reading time":"1 minute"},"schema":{"@context":"https:\/\/schema.org","@graph":[{"@type":"WebPage","@id":"https:\/\/www.ellenkantarellen.se\/produkt\/virkmonster-mugghallare-med-nallebjorn\/","url":"https:\/\/www.ellenkantarellen.se\/produkt\/virkmonster-mugghallare-med-nallebjorn\/","name":"Virkm\u00f6nster Muggh\u00e5llare med Nallebj\u00f6rn - EllenKantarellen","isPartOf":{"@id":"https:\/\/www.ellenkantarellen.se\/#website"},"primaryImageOfPage":{"@id":"https:\/\/www.ellenkantarellen.se\/produkt\/virkmonster-mugghallare-med-nallebjorn\/#primaryimage"},"image":{"@id":"https:\/\/www.ellenkantarellen.se\/produkt\/virkmonster-mugghallare-med-nallebjorn\/#primaryimage"},"thumbnailUrl":"https:\/\/www.ellenkantarellen.se\/wp-content\/uploads\/2026\/01\/Easy-123-7.png","datePublished":"2026-01-10T14:41:50+00:00","dateModified":"2026-01-10T14:50:08+00:00","description":"M\u00f6nster p\u00e5 supergullig virkad Muggh\u00e5llare med s\u00f6t Nallebj\u00f6rn som h\u00e5ller i ett Hj\u00e4rta! S\u00f6t att pryda favoritmuggen med eller ge bort till Alla Hj\u00e4rtans Dag!","breadcrumb":{"@id":"https:\/\/www.ellenkantarellen.se\/produkt\/virkmonster-mugghallare-med-nallebjorn\/#breadcrumb"},"inLanguage":"en-GB","potentialAction":[{"@type":"ReadAction","target":["https:\/\/www.ellenkantarellen.se\/produkt\/virkmonster-mugghallare-med-nallebjorn\/"]}]},{"@type":"ImageObject","inLanguage":"en-GB","@id":"https:\/\/www.ellenkantarellen.se\/produkt\/virkmonster-mugghallare-med-nallebjorn\/#primaryimage","url":"https:\/\/www.ellenkantarellen.se\/wp-content\/uploads\/2026\/01\/Easy-123-7.png","contentUrl":"https:\/\/www.ellenkantarellen.se\/wp-content\/uploads\/2026\/01\/Easy-123-7.png","width":1080,"height":1080},{"@type":"BreadcrumbList","@id":"https:\/\/www.ellenkantarellen.se\/produkt\/virkmonster-mugghallare-med-nallebjorn\/#breadcrumb","itemListElement":[{"@type":"ListItem","position":1,"name":"Hem","item":"https:\/\/www.ellenkantarellen.se\/"},{"@type":"ListItem","position":2,"name":"Aff\u00e4r","item":"https:\/\/www.ellenkantarellen.se\/affar\/"},{"@type":"ListItem","position":3,"name":"Virkm\u00f6nster Muggh\u00e5llare med Nallebj\u00f6rn"}]},{"@type":"WebSite","@id":"https:\/\/www.ellenkantarellen.se\/#website","url":"https:\/\/www.ellenkantarellen.se\/","name":"EllenKantarellen","description":"","publisher":{"@id":"https:\/\/www.ellenkantarellen.se\/#organization"},"potentialAction":[{"@type":"SearchAction","target":{"@type":"EntryPoint","urlTemplate":"https:\/\/www.ellenkantarellen.se\/?s={search_term_string}"},"query-input":{"@type":"PropertyValueSpecification","valueRequired":true,"valueName":"search_term_string"}}],"inLanguage":"en-GB"},{"@type":"Organization","@id":"https:\/\/www.ellenkantarellen.se\/#organization","name":"EllenKantarellen","url":"https:\/\/www.ellenkantarellen.se\/","logo":{"@type":"ImageObject","inLanguage":"en-GB","@id":"https:\/\/www.ellenkantarellen.se\/#\/schema\/logo\/image\/","url":"https:\/\/www.ellenkantarellen.se\/wp-content\/uploads\/2021\/09\/ek2.png","contentUrl":"https:\/\/www.ellenkantarellen.se\/wp-content\/uploads\/2021\/09\/ek2.png","width":2232,"height":508,"caption":"EllenKantarellen"},"image":{"@id":"https:\/\/www.ellenkantarellen.se\/#\/schema\/logo\/image\/"}}]}},"_links":{"self":[{"href":"https:\/\/www.ellenkantarellen.se\/en\/wp-json\/wp\/v2\/product\/25685","targetHints":{"allow":["GET"]}}],"collection":[{"href":"https:\/\/www.ellenkantarellen.se\/en\/wp-json\/wp\/v2\/product"}],"about":[{"href":"https:\/\/www.ellenkantarellen.se\/en\/wp-json\/wp\/v2\/types\/product"}],"replies":[{"embeddable":true,"href":"https:\/\/www.ellenkantarellen.se\/en\/wp-json\/wp\/v2\/comments?post=25685"}],"wp:featuredmedia":[{"embeddable":true,"href":"https:\/\/www.ellenkantarellen.se\/en\/wp-json\/wp\/v2\/media\/25690"}],"wp:attachment":[{"href":"https:\/\/www.ellenkantarellen.se\/en\/wp-json\/wp\/v2\/media?parent=25685"}],"wp:term":[{"taxonomy":"product_brand","embeddable":true,"href":"https:\/\/www.ellenkantarellen.se\/en\/wp-json\/wp\/v2\/product_brand?post=25685"},{"taxonomy":"product_cat","embeddable":true,"href":"https:\/\/www.ellenkantarellen.se\/en\/wp-json\/wp\/v2\/product_cat?post=25685"},{"taxonomy":"product_tag","embeddable":true,"href":"https:\/\/www.ellenkantarellen.se\/en\/wp-json\/wp\/v2\/product_tag?post=25685"}],"curies":[{"name":"wp","href":"https:\/\/api.w.org\/{rel}","templated":true}]}}