{"id":25902,"date":"2026-01-18T17:49:08","date_gmt":"2026-01-18T16:49:08","guid":{"rendered":"https:\/\/www.ellenkantarellen.se\/?post_type=product&#038;p=25902"},"modified":"2026-01-21T12:52:50","modified_gmt":"2026-01-21T11:52:50","slug":"virkmonster-glasunderlagg-nalle-korg","status":"publish","type":"product","link":"https:\/\/www.ellenkantarellen.se\/en\/produkt\/virkmonster-glasunderlagg-nalle-korg\/","title":{"rendered":"Virkm\u00f6nster Glasunderl\u00e4gg Nalle &#038; Korg"},"content":{"rendered":"<p>M\u00f6nster p\u00e5 supers\u00f6ta virkade Nalle med Hj\u00e4rta-Glasunderl\u00e4gg med korg! J\u00e4ttefina att ha till din egen favoritkopp eller som den perfekta presenten &#8211; ett m\u00e5ste till alla du tycker om och till &#8221;Alla Hj\u00e4rtans dag&#8221;! Ett m\u00f6nster som passar b\u00e5de dig som \u00e4r nyb\u00f6rjare och med lite vana!<\/p>","protected":false},"excerpt":{"rendered":"<p>M\u00f6nster p\u00e5 supers\u00f6ta virkade Nalle med Hj\u00e4rta-Glasunderl\u00e4gg med korg! <strong><em>After payment you can instantly download your new pattern! You get an email with a link to the pattern.<\/em><\/strong><\/p>","protected":false},"featured_media":25907,"comment_status":"open","ping_status":"closed","template":"","meta":[],"product_brand":[],"product_cat":[859,458],"product_tag":[1330,435,790,1328,519,228,1326,1329,326,831],"class_list":{"0":"post-25902","1":"product","2":"type-product","3":"status-publish","4":"has-post-thumbnail","6":"product_cat-alla-hjartans-dag","7":"product_cat-ovriga-monster","8":"product_tag-alla-hjartans-glasunderlagg","9":"product_tag-virkad-nalle","10":"product_tag-virkade-glasunderlagg","11":"product_tag-virkade-glasunderlagg-nalle","12":"product_tag-virkat-hjarta","13":"product_tag-virkmonster","14":"product_tag-virkmonster-alla-hjartans","15":"product_tag-virkmonster-glasunderlagg-alla-hjartans","16":"product_tag-virkmonster-hjarta","17":"product_tag-virmonster-glasunderlagg","19":"first","20":"instock","21":"downloadable","22":"virtual","23":"sold-individually","24":"taxable","25":"purchasable","26":"product-type-simple"},"bundled_by":[],"bundle_stock_status":"instock","bundle_stock_quantity":null,"bundle_virtual":false,"bundle_layout":"","bundle_add_to_cart_form_location":"","bundle_editable_in_cart":false,"bundle_sold_individually_context":"","bundle_item_grouping":"","bundle_min_size":"","bundle_max_size":"","bundle_price":[],"bundled_items":[],"bundle_sell_ids":[],"yoast_head":"<!-- This site is optimized with the Yoast SEO plugin v27.0 - https:\/\/yoast.com\/product\/yoast-seo-wordpress\/ -->\n<title>Virkm\u00f6nster Glasunderl\u00e4gg Nalle &amp; Korg - EllenKantarellen<\/title>\n<meta name=\"description\" content=\"M\u00f6nster p\u00e5 supers\u00f6ta virkade Nalle med Hj\u00e4rta-Glasunderl\u00e4gg med korg! J\u00e4ttefina att ha till din egen favoritkopp eller som den perfekta presenten!\" \/>\n<meta name=\"robots\" content=\"index, follow, max-snippet:-1, max-image-preview:large, max-video-preview:-1\" \/>\n<link rel=\"canonical\" href=\"https:\/\/www.ellenkantarellen.se\/en\/product-2\/virkmonster-glasunderlagg-nalle-korg\/\" \/>\n<meta property=\"og:locale\" content=\"en_GB\" \/>\n<meta property=\"og:type\" content=\"article\" \/>\n<meta property=\"og:title\" content=\"Virkm\u00f6nster Glasunderl\u00e4gg Nalle &amp; Korg - EllenKantarellen\" \/>\n<meta property=\"og:description\" content=\"M\u00f6nster p\u00e5 supers\u00f6ta virkade Nalle med Hj\u00e4rta-Glasunderl\u00e4gg med korg! J\u00e4ttefina att ha till din egen favoritkopp eller som den perfekta presenten!\" \/>\n<meta property=\"og:url\" content=\"https:\/\/www.ellenkantarellen.se\/en\/product-2\/virkmonster-glasunderlagg-nalle-korg\/\" \/>\n<meta property=\"og:site_name\" content=\"EllenKantarellen\" \/>\n<meta property=\"article:modified_time\" content=\"2026-01-21T11:52:50+00:00\" \/>\n<meta property=\"og:image\" content=\"https:\/\/www.ellenkantarellen.se\/wp-content\/uploads\/2026\/01\/Easy-123-2026-01-18T173943.545.jpg\" \/>\n\t<meta property=\"og:image:width\" content=\"1080\" \/>\n\t<meta property=\"og:image:height\" content=\"1080\" \/>\n\t<meta property=\"og:image:type\" content=\"image\/jpeg\" \/>\n<meta name=\"twitter:card\" content=\"summary_large_image\" \/>\n<meta name=\"twitter:label1\" content=\"Estimated reading time\" \/>\n\t<meta name=\"twitter:data1\" content=\"1 minute\" \/>\n<script type=\"application\/ld+json\" class=\"yoast-schema-graph\">{\"@context\":\"https:\/\/schema.org\",\"@graph\":[{\"@type\":\"WebPage\",\"@id\":\"https:\/\/www.ellenkantarellen.se\/produkt\/virkmonster-glasunderlagg-nalle-korg\/\",\"url\":\"https:\/\/www.ellenkantarellen.se\/produkt\/virkmonster-glasunderlagg-nalle-korg\/\",\"name\":\"Virkm\u00f6nster Glasunderl\u00e4gg Nalle & Korg - EllenKantarellen\",\"isPartOf\":{\"@id\":\"https:\/\/www.ellenkantarellen.se\/#website\"},\"primaryImageOfPage\":{\"@id\":\"https:\/\/www.ellenkantarellen.se\/produkt\/virkmonster-glasunderlagg-nalle-korg\/#primaryimage\"},\"image\":{\"@id\":\"https:\/\/www.ellenkantarellen.se\/produkt\/virkmonster-glasunderlagg-nalle-korg\/#primaryimage\"},\"thumbnailUrl\":\"https:\/\/www.ellenkantarellen.se\/wp-content\/uploads\/2026\/01\/Easy-123-2026-01-18T173943.545.jpg\",\"datePublished\":\"2026-01-18T16:49:08+00:00\",\"dateModified\":\"2026-01-21T11:52:50+00:00\",\"description\":\"M\u00f6nster p\u00e5 supers\u00f6ta virkade Nalle med Hj\u00e4rta-Glasunderl\u00e4gg med korg! J\u00e4ttefina att ha till din egen favoritkopp eller som den perfekta presenten!\",\"breadcrumb\":{\"@id\":\"https:\/\/www.ellenkantarellen.se\/produkt\/virkmonster-glasunderlagg-nalle-korg\/#breadcrumb\"},\"inLanguage\":\"en-GB\",\"potentialAction\":[{\"@type\":\"ReadAction\",\"target\":[\"https:\/\/www.ellenkantarellen.se\/produkt\/virkmonster-glasunderlagg-nalle-korg\/\"]}]},{\"@type\":\"ImageObject\",\"inLanguage\":\"en-GB\",\"@id\":\"https:\/\/www.ellenkantarellen.se\/produkt\/virkmonster-glasunderlagg-nalle-korg\/#primaryimage\",\"url\":\"https:\/\/www.ellenkantarellen.se\/wp-content\/uploads\/2026\/01\/Easy-123-2026-01-18T173943.545.jpg\",\"contentUrl\":\"https:\/\/www.ellenkantarellen.se\/wp-content\/uploads\/2026\/01\/Easy-123-2026-01-18T173943.545.jpg\",\"width\":1080,\"height\":1080},{\"@type\":\"BreadcrumbList\",\"@id\":\"https:\/\/www.ellenkantarellen.se\/produkt\/virkmonster-glasunderlagg-nalle-korg\/#breadcrumb\",\"itemListElement\":[{\"@type\":\"ListItem\",\"position\":1,\"name\":\"Hem\",\"item\":\"https:\/\/www.ellenkantarellen.se\/\"},{\"@type\":\"ListItem\",\"position\":2,\"name\":\"Aff\u00e4r\",\"item\":\"https:\/\/www.ellenkantarellen.se\/affar\/\"},{\"@type\":\"ListItem\",\"position\":3,\"name\":\"Virkm\u00f6nster Glasunderl\u00e4gg Nalle &#038; Korg\"}]},{\"@type\":\"WebSite\",\"@id\":\"https:\/\/www.ellenkantarellen.se\/#website\",\"url\":\"https:\/\/www.ellenkantarellen.se\/\",\"name\":\"EllenKantarellen\",\"description\":\"\",\"publisher\":{\"@id\":\"https:\/\/www.ellenkantarellen.se\/#organization\"},\"potentialAction\":[{\"@type\":\"SearchAction\",\"target\":{\"@type\":\"EntryPoint\",\"urlTemplate\":\"https:\/\/www.ellenkantarellen.se\/?s={search_term_string}\"},\"query-input\":{\"@type\":\"PropertyValueSpecification\",\"valueRequired\":true,\"valueName\":\"search_term_string\"}}],\"inLanguage\":\"en-GB\"},{\"@type\":\"Organization\",\"@id\":\"https:\/\/www.ellenkantarellen.se\/#organization\",\"name\":\"EllenKantarellen\",\"url\":\"https:\/\/www.ellenkantarellen.se\/\",\"logo\":{\"@type\":\"ImageObject\",\"inLanguage\":\"en-GB\",\"@id\":\"https:\/\/www.ellenkantarellen.se\/#\/schema\/logo\/image\/\",\"url\":\"https:\/\/www.ellenkantarellen.se\/wp-content\/uploads\/2021\/09\/ek2.png\",\"contentUrl\":\"https:\/\/www.ellenkantarellen.se\/wp-content\/uploads\/2021\/09\/ek2.png\",\"width\":2232,\"height\":508,\"caption\":\"EllenKantarellen\"},\"image\":{\"@id\":\"https:\/\/www.ellenkantarellen.se\/#\/schema\/logo\/image\/\"}}]}<\/script>\n<!-- \/ Yoast SEO plugin. -->","yoast_head_json":{"title":"Virkm\u00f6nster Glasunderl\u00e4gg Nalle & Korg - EllenKantarellen","description":"M\u00f6nster p\u00e5 supers\u00f6ta virkade Nalle med Hj\u00e4rta-Glasunderl\u00e4gg med korg! J\u00e4ttefina att ha till din egen favoritkopp eller som den perfekta presenten!","robots":{"index":"index","follow":"follow","max-snippet":"max-snippet:-1","max-image-preview":"max-image-preview:large","max-video-preview":"max-video-preview:-1"},"canonical":"https:\/\/www.ellenkantarellen.se\/en\/product-2\/virkmonster-glasunderlagg-nalle-korg\/","og_locale":"en_GB","og_type":"article","og_title":"Virkm\u00f6nster Glasunderl\u00e4gg Nalle & Korg - EllenKantarellen","og_description":"M\u00f6nster p\u00e5 supers\u00f6ta virkade Nalle med Hj\u00e4rta-Glasunderl\u00e4gg med korg! J\u00e4ttefina att ha till din egen favoritkopp eller som den perfekta presenten!","og_url":"https:\/\/www.ellenkantarellen.se\/en\/product-2\/virkmonster-glasunderlagg-nalle-korg\/","og_site_name":"EllenKantarellen","article_modified_time":"2026-01-21T11:52:50+00:00","og_image":[{"width":1080,"height":1080,"url":"https:\/\/www.ellenkantarellen.se\/wp-content\/uploads\/2026\/01\/Easy-123-2026-01-18T173943.545.jpg","type":"image\/jpeg"}],"twitter_card":"summary_large_image","twitter_misc":{"Estimated reading time":"1 minute"},"schema":{"@context":"https:\/\/schema.org","@graph":[{"@type":"WebPage","@id":"https:\/\/www.ellenkantarellen.se\/produkt\/virkmonster-glasunderlagg-nalle-korg\/","url":"https:\/\/www.ellenkantarellen.se\/produkt\/virkmonster-glasunderlagg-nalle-korg\/","name":"Virkm\u00f6nster Glasunderl\u00e4gg Nalle & Korg - EllenKantarellen","isPartOf":{"@id":"https:\/\/www.ellenkantarellen.se\/#website"},"primaryImageOfPage":{"@id":"https:\/\/www.ellenkantarellen.se\/produkt\/virkmonster-glasunderlagg-nalle-korg\/#primaryimage"},"image":{"@id":"https:\/\/www.ellenkantarellen.se\/produkt\/virkmonster-glasunderlagg-nalle-korg\/#primaryimage"},"thumbnailUrl":"https:\/\/www.ellenkantarellen.se\/wp-content\/uploads\/2026\/01\/Easy-123-2026-01-18T173943.545.jpg","datePublished":"2026-01-18T16:49:08+00:00","dateModified":"2026-01-21T11:52:50+00:00","description":"M\u00f6nster p\u00e5 supers\u00f6ta virkade Nalle med Hj\u00e4rta-Glasunderl\u00e4gg med korg! J\u00e4ttefina att ha till din egen favoritkopp eller som den perfekta presenten!","breadcrumb":{"@id":"https:\/\/www.ellenkantarellen.se\/produkt\/virkmonster-glasunderlagg-nalle-korg\/#breadcrumb"},"inLanguage":"en-GB","potentialAction":[{"@type":"ReadAction","target":["https:\/\/www.ellenkantarellen.se\/produkt\/virkmonster-glasunderlagg-nalle-korg\/"]}]},{"@type":"ImageObject","inLanguage":"en-GB","@id":"https:\/\/www.ellenkantarellen.se\/produkt\/virkmonster-glasunderlagg-nalle-korg\/#primaryimage","url":"https:\/\/www.ellenkantarellen.se\/wp-content\/uploads\/2026\/01\/Easy-123-2026-01-18T173943.545.jpg","contentUrl":"https:\/\/www.ellenkantarellen.se\/wp-content\/uploads\/2026\/01\/Easy-123-2026-01-18T173943.545.jpg","width":1080,"height":1080},{"@type":"BreadcrumbList","@id":"https:\/\/www.ellenkantarellen.se\/produkt\/virkmonster-glasunderlagg-nalle-korg\/#breadcrumb","itemListElement":[{"@type":"ListItem","position":1,"name":"Hem","item":"https:\/\/www.ellenkantarellen.se\/"},{"@type":"ListItem","position":2,"name":"Aff\u00e4r","item":"https:\/\/www.ellenkantarellen.se\/affar\/"},{"@type":"ListItem","position":3,"name":"Virkm\u00f6nster Glasunderl\u00e4gg Nalle &#038; Korg"}]},{"@type":"WebSite","@id":"https:\/\/www.ellenkantarellen.se\/#website","url":"https:\/\/www.ellenkantarellen.se\/","name":"EllenKantarellen","description":"","publisher":{"@id":"https:\/\/www.ellenkantarellen.se\/#organization"},"potentialAction":[{"@type":"SearchAction","target":{"@type":"EntryPoint","urlTemplate":"https:\/\/www.ellenkantarellen.se\/?s={search_term_string}"},"query-input":{"@type":"PropertyValueSpecification","valueRequired":true,"valueName":"search_term_string"}}],"inLanguage":"en-GB"},{"@type":"Organization","@id":"https:\/\/www.ellenkantarellen.se\/#organization","name":"EllenKantarellen","url":"https:\/\/www.ellenkantarellen.se\/","logo":{"@type":"ImageObject","inLanguage":"en-GB","@id":"https:\/\/www.ellenkantarellen.se\/#\/schema\/logo\/image\/","url":"https:\/\/www.ellenkantarellen.se\/wp-content\/uploads\/2021\/09\/ek2.png","contentUrl":"https:\/\/www.ellenkantarellen.se\/wp-content\/uploads\/2021\/09\/ek2.png","width":2232,"height":508,"caption":"EllenKantarellen"},"image":{"@id":"https:\/\/www.ellenkantarellen.se\/#\/schema\/logo\/image\/"}}]}},"_links":{"self":[{"href":"https:\/\/www.ellenkantarellen.se\/en\/wp-json\/wp\/v2\/product\/25902","targetHints":{"allow":["GET"]}}],"collection":[{"href":"https:\/\/www.ellenkantarellen.se\/en\/wp-json\/wp\/v2\/product"}],"about":[{"href":"https:\/\/www.ellenkantarellen.se\/en\/wp-json\/wp\/v2\/types\/product"}],"replies":[{"embeddable":true,"href":"https:\/\/www.ellenkantarellen.se\/en\/wp-json\/wp\/v2\/comments?post=25902"}],"wp:featuredmedia":[{"embeddable":true,"href":"https:\/\/www.ellenkantarellen.se\/en\/wp-json\/wp\/v2\/media\/25907"}],"wp:attachment":[{"href":"https:\/\/www.ellenkantarellen.se\/en\/wp-json\/wp\/v2\/media?parent=25902"}],"wp:term":[{"taxonomy":"product_brand","embeddable":true,"href":"https:\/\/www.ellenkantarellen.se\/en\/wp-json\/wp\/v2\/product_brand?post=25902"},{"taxonomy":"product_cat","embeddable":true,"href":"https:\/\/www.ellenkantarellen.se\/en\/wp-json\/wp\/v2\/product_cat?post=25902"},{"taxonomy":"product_tag","embeddable":true,"href":"https:\/\/www.ellenkantarellen.se\/en\/wp-json\/wp\/v2\/product_tag?post=25902"}],"curies":[{"name":"wp","href":"https:\/\/api.w.org\/{rel}","templated":true}]}}