{"id":2611,"date":"2021-08-11T13:23:52","date_gmt":"2021-08-11T11:23:52","guid":{"rendered":"https:\/\/www.ellenkantarellen.se\/?post_type=product&#038;p=2611"},"modified":"2026-03-31T12:57:18","modified_gmt":"2026-03-31T10:57:18","slug":"monster-ellenkantarellens-virkade-barnkalas","status":"publish","type":"product","link":"https:\/\/www.ellenkantarellen.se\/en\/produkt\/monster-ellenkantarellens-virkade-barnkalas\/","title":{"rendered":"M\u00f6nster virkat Barnkalas"},"content":{"rendered":"<p>M\u00f6nster p\u00e5 mitt virkade Barnkalas med massor av \u00f6verraskningar. En riktig t\u00e5rtfest d\u00e4r du kan f\u00f6rvara ljus och annat inuti t\u00e5rtan! Virka t\u00e5rta, cupcakes, muggar, ljus med gr\u00e4dde och princesskrona till din lillas kalas!<\/p>","protected":false},"excerpt":{"rendered":"<p>M\u00f6nster p\u00e5 ellenkantarellens h\u00e4rliga Barnkalas med massor av \u00f6verraskningar! <strong><em>After payment you can instantly download your new pattern! You get an email with a link to the pattern.<\/em><\/strong><\/p>","protected":false},"featured_media":28046,"comment_status":"open","ping_status":"closed","template":"","meta":[],"product_brand":[],"product_cat":[302,301],"product_tag":[221,222,203,189,220,196,228],"class_list":{"0":"post-2611","1":"product","2":"type-product","3":"status-publish","4":"has-post-thumbnail","6":"product_cat-leksaksmonster","7":"product_cat-monster-med-mat-och-bakverk","8":"product_tag-monster-amigurumi","9":"product_tag-monster-virkad-tarta","10":"product_tag-monster-virkade-bakverk","11":"product_tag-monster-virkade-glassar","12":"product_tag-monster-virkat-barnkalasa","13":"product_tag-monster-virkat-till-leksakskoket","14":"product_tag-virkmonster","16":"first","17":"instock","18":"downloadable","19":"virtual","20":"taxable","21":"purchasable","22":"product-type-simple"},"bundled_by":[],"bundle_stock_status":"instock","bundle_stock_quantity":null,"bundle_virtual":false,"bundle_layout":"","bundle_add_to_cart_form_location":"","bundle_editable_in_cart":false,"bundle_sold_individually_context":"","bundle_item_grouping":"","bundle_min_size":"","bundle_max_size":"","bundle_price":[],"bundled_items":[],"bundle_sell_ids":[],"yoast_head":"<!-- This site is optimized with the Yoast SEO plugin v27.0 - https:\/\/yoast.com\/product\/yoast-seo-wordpress\/ -->\n<title>M\u00f6nster virkat Barnkalas - EllenKantarellen<\/title>\n<meta name=\"description\" content=\"M\u00f6nster p\u00e5 mitt virkade Barnkalas. En riktig t\u00e5rtfest d\u00e4r du kan f\u00f6rvara ljus och annat inuti t\u00e5rtan! Virka t\u00e5rta, cupcakes, muggar, ljus med gr\u00e4dde mm.\" \/>\n<meta name=\"robots\" content=\"index, follow, max-snippet:-1, max-image-preview:large, max-video-preview:-1\" \/>\n<link rel=\"canonical\" href=\"https:\/\/www.ellenkantarellen.se\/en\/product-2\/monster-ellenkantarellens-virkade-barnkalas\/\" \/>\n<meta property=\"og:locale\" content=\"en_GB\" \/>\n<meta property=\"og:type\" content=\"article\" \/>\n<meta property=\"og:title\" content=\"M\u00f6nster virkat Barnkalas - EllenKantarellen\" \/>\n<meta property=\"og:description\" content=\"M\u00f6nster p\u00e5 mitt virkade Barnkalas. En riktig t\u00e5rtfest d\u00e4r du kan f\u00f6rvara ljus och annat inuti t\u00e5rtan! Virka t\u00e5rta, cupcakes, muggar, ljus med gr\u00e4dde mm.\" \/>\n<meta property=\"og:url\" content=\"https:\/\/www.ellenkantarellen.se\/en\/product-2\/monster-ellenkantarellens-virkade-barnkalas\/\" \/>\n<meta property=\"og:site_name\" content=\"EllenKantarellen\" \/>\n<meta property=\"article:modified_time\" content=\"2026-03-31T10:57:18+00:00\" \/>\n<meta property=\"og:image\" content=\"https:\/\/www.ellenkantarellen.se\/wp-content\/uploads\/2021\/08\/Swipe-for-the-pattern-2026-03-31T125034.386.png\" \/>\n\t<meta property=\"og:image:width\" content=\"1080\" \/>\n\t<meta property=\"og:image:height\" content=\"1350\" \/>\n\t<meta property=\"og:image:type\" content=\"image\/png\" \/>\n<meta name=\"twitter:card\" content=\"summary_large_image\" \/>\n<meta name=\"twitter:label1\" content=\"Estimated reading time\" \/>\n\t<meta name=\"twitter:data1\" content=\"1 minute\" \/>\n<script type=\"application\/ld+json\" class=\"yoast-schema-graph\">{\"@context\":\"https:\/\/schema.org\",\"@graph\":[{\"@type\":\"WebPage\",\"@id\":\"https:\/\/www.ellenkantarellen.se\/produkt\/monster-ellenkantarellens-virkade-barnkalas\/\",\"url\":\"https:\/\/www.ellenkantarellen.se\/produkt\/monster-ellenkantarellens-virkade-barnkalas\/\",\"name\":\"M\u00f6nster virkat Barnkalas - EllenKantarellen\",\"isPartOf\":{\"@id\":\"https:\/\/www.ellenkantarellen.se\/#website\"},\"primaryImageOfPage\":{\"@id\":\"https:\/\/www.ellenkantarellen.se\/produkt\/monster-ellenkantarellens-virkade-barnkalas\/#primaryimage\"},\"image\":{\"@id\":\"https:\/\/www.ellenkantarellen.se\/produkt\/monster-ellenkantarellens-virkade-barnkalas\/#primaryimage\"},\"thumbnailUrl\":\"https:\/\/www.ellenkantarellen.se\/wp-content\/uploads\/2021\/08\/Swipe-for-the-pattern-2026-03-31T125034.386.png\",\"datePublished\":\"2021-08-11T11:23:52+00:00\",\"dateModified\":\"2026-03-31T10:57:18+00:00\",\"description\":\"M\u00f6nster p\u00e5 mitt virkade Barnkalas. En riktig t\u00e5rtfest d\u00e4r du kan f\u00f6rvara ljus och annat inuti t\u00e5rtan! Virka t\u00e5rta, cupcakes, muggar, ljus med gr\u00e4dde mm.\",\"breadcrumb\":{\"@id\":\"https:\/\/www.ellenkantarellen.se\/produkt\/monster-ellenkantarellens-virkade-barnkalas\/#breadcrumb\"},\"inLanguage\":\"en-GB\",\"potentialAction\":[{\"@type\":\"ReadAction\",\"target\":[\"https:\/\/www.ellenkantarellen.se\/produkt\/monster-ellenkantarellens-virkade-barnkalas\/\"]}]},{\"@type\":\"ImageObject\",\"inLanguage\":\"en-GB\",\"@id\":\"https:\/\/www.ellenkantarellen.se\/produkt\/monster-ellenkantarellens-virkade-barnkalas\/#primaryimage\",\"url\":\"https:\/\/www.ellenkantarellen.se\/wp-content\/uploads\/2021\/08\/Swipe-for-the-pattern-2026-03-31T125034.386.png\",\"contentUrl\":\"https:\/\/www.ellenkantarellen.se\/wp-content\/uploads\/2021\/08\/Swipe-for-the-pattern-2026-03-31T125034.386.png\",\"width\":1080,\"height\":1350},{\"@type\":\"BreadcrumbList\",\"@id\":\"https:\/\/www.ellenkantarellen.se\/produkt\/monster-ellenkantarellens-virkade-barnkalas\/#breadcrumb\",\"itemListElement\":[{\"@type\":\"ListItem\",\"position\":1,\"name\":\"Hem\",\"item\":\"https:\/\/www.ellenkantarellen.se\/\"},{\"@type\":\"ListItem\",\"position\":2,\"name\":\"Aff\u00e4r\",\"item\":\"https:\/\/www.ellenkantarellen.se\/affar\/\"},{\"@type\":\"ListItem\",\"position\":3,\"name\":\"M\u00f6nster virkat Barnkalas\"}]},{\"@type\":\"WebSite\",\"@id\":\"https:\/\/www.ellenkantarellen.se\/#website\",\"url\":\"https:\/\/www.ellenkantarellen.se\/\",\"name\":\"EllenKantarellen\",\"description\":\"\",\"publisher\":{\"@id\":\"https:\/\/www.ellenkantarellen.se\/#organization\"},\"potentialAction\":[{\"@type\":\"SearchAction\",\"target\":{\"@type\":\"EntryPoint\",\"urlTemplate\":\"https:\/\/www.ellenkantarellen.se\/?s={search_term_string}\"},\"query-input\":{\"@type\":\"PropertyValueSpecification\",\"valueRequired\":true,\"valueName\":\"search_term_string\"}}],\"inLanguage\":\"en-GB\"},{\"@type\":\"Organization\",\"@id\":\"https:\/\/www.ellenkantarellen.se\/#organization\",\"name\":\"EllenKantarellen\",\"url\":\"https:\/\/www.ellenkantarellen.se\/\",\"logo\":{\"@type\":\"ImageObject\",\"inLanguage\":\"en-GB\",\"@id\":\"https:\/\/www.ellenkantarellen.se\/#\/schema\/logo\/image\/\",\"url\":\"https:\/\/www.ellenkantarellen.se\/wp-content\/uploads\/2021\/09\/ek2.png\",\"contentUrl\":\"https:\/\/www.ellenkantarellen.se\/wp-content\/uploads\/2021\/09\/ek2.png\",\"width\":2232,\"height\":508,\"caption\":\"EllenKantarellen\"},\"image\":{\"@id\":\"https:\/\/www.ellenkantarellen.se\/#\/schema\/logo\/image\/\"}}]}<\/script>\n<!-- \/ Yoast SEO plugin. -->","yoast_head_json":{"title":"M\u00f6nster virkat Barnkalas - EllenKantarellen","description":"M\u00f6nster p\u00e5 mitt virkade Barnkalas. En riktig t\u00e5rtfest d\u00e4r du kan f\u00f6rvara ljus och annat inuti t\u00e5rtan! Virka t\u00e5rta, cupcakes, muggar, ljus med gr\u00e4dde mm.","robots":{"index":"index","follow":"follow","max-snippet":"max-snippet:-1","max-image-preview":"max-image-preview:large","max-video-preview":"max-video-preview:-1"},"canonical":"https:\/\/www.ellenkantarellen.se\/en\/product-2\/monster-ellenkantarellens-virkade-barnkalas\/","og_locale":"en_GB","og_type":"article","og_title":"M\u00f6nster virkat Barnkalas - EllenKantarellen","og_description":"M\u00f6nster p\u00e5 mitt virkade Barnkalas. En riktig t\u00e5rtfest d\u00e4r du kan f\u00f6rvara ljus och annat inuti t\u00e5rtan! Virka t\u00e5rta, cupcakes, muggar, ljus med gr\u00e4dde mm.","og_url":"https:\/\/www.ellenkantarellen.se\/en\/product-2\/monster-ellenkantarellens-virkade-barnkalas\/","og_site_name":"EllenKantarellen","article_modified_time":"2026-03-31T10:57:18+00:00","og_image":[{"width":1080,"height":1350,"url":"https:\/\/www.ellenkantarellen.se\/wp-content\/uploads\/2021\/08\/Swipe-for-the-pattern-2026-03-31T125034.386.png","type":"image\/png"}],"twitter_card":"summary_large_image","twitter_misc":{"Estimated reading time":"1 minute"},"schema":{"@context":"https:\/\/schema.org","@graph":[{"@type":"WebPage","@id":"https:\/\/www.ellenkantarellen.se\/produkt\/monster-ellenkantarellens-virkade-barnkalas\/","url":"https:\/\/www.ellenkantarellen.se\/produkt\/monster-ellenkantarellens-virkade-barnkalas\/","name":"M\u00f6nster virkat Barnkalas - EllenKantarellen","isPartOf":{"@id":"https:\/\/www.ellenkantarellen.se\/#website"},"primaryImageOfPage":{"@id":"https:\/\/www.ellenkantarellen.se\/produkt\/monster-ellenkantarellens-virkade-barnkalas\/#primaryimage"},"image":{"@id":"https:\/\/www.ellenkantarellen.se\/produkt\/monster-ellenkantarellens-virkade-barnkalas\/#primaryimage"},"thumbnailUrl":"https:\/\/www.ellenkantarellen.se\/wp-content\/uploads\/2021\/08\/Swipe-for-the-pattern-2026-03-31T125034.386.png","datePublished":"2021-08-11T11:23:52+00:00","dateModified":"2026-03-31T10:57:18+00:00","description":"M\u00f6nster p\u00e5 mitt virkade Barnkalas. En riktig t\u00e5rtfest d\u00e4r du kan f\u00f6rvara ljus och annat inuti t\u00e5rtan! Virka t\u00e5rta, cupcakes, muggar, ljus med gr\u00e4dde mm.","breadcrumb":{"@id":"https:\/\/www.ellenkantarellen.se\/produkt\/monster-ellenkantarellens-virkade-barnkalas\/#breadcrumb"},"inLanguage":"en-GB","potentialAction":[{"@type":"ReadAction","target":["https:\/\/www.ellenkantarellen.se\/produkt\/monster-ellenkantarellens-virkade-barnkalas\/"]}]},{"@type":"ImageObject","inLanguage":"en-GB","@id":"https:\/\/www.ellenkantarellen.se\/produkt\/monster-ellenkantarellens-virkade-barnkalas\/#primaryimage","url":"https:\/\/www.ellenkantarellen.se\/wp-content\/uploads\/2021\/08\/Swipe-for-the-pattern-2026-03-31T125034.386.png","contentUrl":"https:\/\/www.ellenkantarellen.se\/wp-content\/uploads\/2021\/08\/Swipe-for-the-pattern-2026-03-31T125034.386.png","width":1080,"height":1350},{"@type":"BreadcrumbList","@id":"https:\/\/www.ellenkantarellen.se\/produkt\/monster-ellenkantarellens-virkade-barnkalas\/#breadcrumb","itemListElement":[{"@type":"ListItem","position":1,"name":"Hem","item":"https:\/\/www.ellenkantarellen.se\/"},{"@type":"ListItem","position":2,"name":"Aff\u00e4r","item":"https:\/\/www.ellenkantarellen.se\/affar\/"},{"@type":"ListItem","position":3,"name":"M\u00f6nster virkat Barnkalas"}]},{"@type":"WebSite","@id":"https:\/\/www.ellenkantarellen.se\/#website","url":"https:\/\/www.ellenkantarellen.se\/","name":"EllenKantarellen","description":"","publisher":{"@id":"https:\/\/www.ellenkantarellen.se\/#organization"},"potentialAction":[{"@type":"SearchAction","target":{"@type":"EntryPoint","urlTemplate":"https:\/\/www.ellenkantarellen.se\/?s={search_term_string}"},"query-input":{"@type":"PropertyValueSpecification","valueRequired":true,"valueName":"search_term_string"}}],"inLanguage":"en-GB"},{"@type":"Organization","@id":"https:\/\/www.ellenkantarellen.se\/#organization","name":"EllenKantarellen","url":"https:\/\/www.ellenkantarellen.se\/","logo":{"@type":"ImageObject","inLanguage":"en-GB","@id":"https:\/\/www.ellenkantarellen.se\/#\/schema\/logo\/image\/","url":"https:\/\/www.ellenkantarellen.se\/wp-content\/uploads\/2021\/09\/ek2.png","contentUrl":"https:\/\/www.ellenkantarellen.se\/wp-content\/uploads\/2021\/09\/ek2.png","width":2232,"height":508,"caption":"EllenKantarellen"},"image":{"@id":"https:\/\/www.ellenkantarellen.se\/#\/schema\/logo\/image\/"}}]}},"_links":{"self":[{"href":"https:\/\/www.ellenkantarellen.se\/en\/wp-json\/wp\/v2\/product\/2611","targetHints":{"allow":["GET"]}}],"collection":[{"href":"https:\/\/www.ellenkantarellen.se\/en\/wp-json\/wp\/v2\/product"}],"about":[{"href":"https:\/\/www.ellenkantarellen.se\/en\/wp-json\/wp\/v2\/types\/product"}],"replies":[{"embeddable":true,"href":"https:\/\/www.ellenkantarellen.se\/en\/wp-json\/wp\/v2\/comments?post=2611"}],"wp:featuredmedia":[{"embeddable":true,"href":"https:\/\/www.ellenkantarellen.se\/en\/wp-json\/wp\/v2\/media\/28046"}],"wp:attachment":[{"href":"https:\/\/www.ellenkantarellen.se\/en\/wp-json\/wp\/v2\/media?parent=2611"}],"wp:term":[{"taxonomy":"product_brand","embeddable":true,"href":"https:\/\/www.ellenkantarellen.se\/en\/wp-json\/wp\/v2\/product_brand?post=2611"},{"taxonomy":"product_cat","embeddable":true,"href":"https:\/\/www.ellenkantarellen.se\/en\/wp-json\/wp\/v2\/product_cat?post=2611"},{"taxonomy":"product_tag","embeddable":true,"href":"https:\/\/www.ellenkantarellen.se\/en\/wp-json\/wp\/v2\/product_tag?post=2611"}],"curies":[{"name":"wp","href":"https:\/\/api.w.org\/{rel}","templated":true}]}}