{"id":26154,"date":"2026-01-28T17:40:40","date_gmt":"2026-01-28T16:40:40","guid":{"rendered":"https:\/\/www.ellenkantarellen.se\/?post_type=product&#038;p=26154"},"modified":"2026-01-28T19:00:51","modified_gmt":"2026-01-28T18:00:51","slug":"monster-virkad-anka-alla-hjartans-batask","status":"publish","type":"product","link":"https:\/\/www.ellenkantarellen.se\/en\/produkt\/monster-virkad-anka-alla-hjartans-batask\/","title":{"rendered":"M\u00f6nster Virkad Anka + Alla Hj\u00e4rtans B\u00e5task"},"content":{"rendered":"<p>M\u00f6nster p\u00e5 min supers\u00f6ta virkade GummiAnka! &#8221;No sew&#8221; m\u00f6nster med tillh\u00f6rande utskriftbara B\u00e5taskar med massor av s\u00f6ta &#8221;Alla Hj\u00e4rtans&#8221;-meddelanden! Ett m\u00f6nster som passar b\u00e5de nyb\u00f6rjare som van! Ankorna p\u00e5 bilden \u00e4r virkade i akrylgarn och 8\/4 bomullsgarn och blir cirka 10 x 10 cm samt 7 x 7 cm stora.<\/p>\n<p>Askarna \u00e4r i tv\u00e5 storlekar s\u00e5 att de passar b\u00e5de 8\/4 garn och akrylgarn. 11 olika meddelanden och tv\u00e5 blanka om du vill skriva ett eget meddelande! Virka den gulliga ankan, skriv ut asken och ge bort till alla du tycker om &#8211; garanterat den s\u00f6taste presenten till &#8221;Alla hj\u00e4rtans&#8221;!<\/p>","protected":false},"excerpt":{"rendered":"<p><em>M\u00f6nster p\u00e5 min supers\u00f6ta virkade GummiAnka! &#8221;No sew&#8221; m\u00f6nster med tillh\u00f6rande utskriftbara &#8221;Alla Hj\u00e4rtans&#8221; B\u00e5taskar! <\/em><strong><em>N\u00e4r du betalat f\u00f6r m\u00f6nstret kommer du automatiskt att kunna ladda ner din PDF-fil med ditt nya roliga m\u00f6nster som kommer i mejl till dig!<\/em><\/strong><\/p>","protected":false},"featured_media":26164,"comment_status":"open","ping_status":"closed","template":"","meta":[],"product_brand":[],"product_cat":[859,457,703],"product_tag":[1338,211,1157,1147,1336,1149,1151,1337,233,1148,1150,485,1152],"class_list":{"0":"post-26154","1":"product","2":"type-product","3":"status-publish","4":"has-post-thumbnail","6":"product_cat-alla-hjartans-dag","7":"product_cat-monster-amigurumi","8":"product_cat-etiketter","9":"product_tag-alla-hjartans-virkmonster","10":"product_tag-amigurumi","11":"product_tag-hallare-till-virkad-anka","12":"product_tag-virkad-anka","13":"product_tag-virkad-anka-i-bat","14":"product_tag-virkad-badanka","15":"product_tag-virkad-gummianka","16":"product_tag-virkat-till-allal-hjartans","17":"product_tag-virkmonster-amigurumi","18":"product_tag-virkmonster-anka","19":"product_tag-virkmonster-badanka","20":"product_tag-virkmonster-fagel","21":"product_tag-virkmonster-gummianka","23":"first","24":"instock","25":"downloadable","26":"virtual","27":"sold-individually","28":"taxable","29":"purchasable","30":"product-type-simple"},"bundled_by":[],"bundle_stock_status":"instock","bundle_stock_quantity":null,"bundle_virtual":false,"bundle_layout":"","bundle_add_to_cart_form_location":"","bundle_editable_in_cart":false,"bundle_sold_individually_context":"","bundle_item_grouping":"","bundle_min_size":"","bundle_max_size":"","bundle_price":[],"bundled_items":[],"bundle_sell_ids":[],"yoast_head":"<!-- This site is optimized with the Yoast SEO plugin v27.0 - https:\/\/yoast.com\/product\/yoast-seo-wordpress\/ -->\n<title>M\u00f6nster Virkad Anka + Alla Hj\u00e4rtans B\u00e5task - EllenKantarellen<\/title>\n<meta name=\"description\" content=\"M\u00f6nster p\u00e5 min supers\u00f6ta virkade GummiAnka! &quot;No sew&quot; m\u00f6nster med tillh\u00f6rande utskriftbara B\u00e5taskar med massor av s\u00f6ta &quot;Alla Hj\u00e4rtans&quot;-meddelanden!\" \/>\n<meta name=\"robots\" content=\"index, follow, max-snippet:-1, max-image-preview:large, max-video-preview:-1\" \/>\n<link rel=\"canonical\" href=\"https:\/\/www.ellenkantarellen.se\/en\/product-2\/monster-virkad-anka-alla-hjartans-batask\/\" \/>\n<meta property=\"og:locale\" content=\"en_GB\" \/>\n<meta property=\"og:type\" content=\"article\" \/>\n<meta property=\"og:title\" content=\"M\u00f6nster Virkad Anka + Alla Hj\u00e4rtans B\u00e5task - EllenKantarellen\" \/>\n<meta property=\"og:description\" content=\"M\u00f6nster p\u00e5 min supers\u00f6ta virkade GummiAnka! &quot;No sew&quot; m\u00f6nster med tillh\u00f6rande utskriftbara B\u00e5taskar med massor av s\u00f6ta &quot;Alla Hj\u00e4rtans&quot;-meddelanden!\" \/>\n<meta property=\"og:url\" content=\"https:\/\/www.ellenkantarellen.se\/en\/product-2\/monster-virkad-anka-alla-hjartans-batask\/\" \/>\n<meta property=\"og:site_name\" content=\"EllenKantarellen\" \/>\n<meta property=\"article:modified_time\" content=\"2026-01-28T18:00:51+00:00\" \/>\n<meta property=\"og:image\" content=\"https:\/\/www.ellenkantarellen.se\/wp-content\/uploads\/2026\/01\/produktfoton-2026-01-28T183903.095.jpg\" \/>\n\t<meta property=\"og:image:width\" content=\"1080\" \/>\n\t<meta property=\"og:image:height\" content=\"1080\" \/>\n\t<meta property=\"og:image:type\" content=\"image\/jpeg\" \/>\n<meta name=\"twitter:card\" content=\"summary_large_image\" \/>\n<meta name=\"twitter:label1\" content=\"Estimated reading time\" \/>\n\t<meta name=\"twitter:data1\" content=\"1 minute\" \/>\n<script type=\"application\/ld+json\" class=\"yoast-schema-graph\">{\"@context\":\"https:\/\/schema.org\",\"@graph\":[{\"@type\":\"WebPage\",\"@id\":\"https:\/\/www.ellenkantarellen.se\/produkt\/monster-virkad-anka-alla-hjartans-batask\/\",\"url\":\"https:\/\/www.ellenkantarellen.se\/produkt\/monster-virkad-anka-alla-hjartans-batask\/\",\"name\":\"M\u00f6nster Virkad Anka + Alla Hj\u00e4rtans B\u00e5task - EllenKantarellen\",\"isPartOf\":{\"@id\":\"https:\/\/www.ellenkantarellen.se\/#website\"},\"primaryImageOfPage\":{\"@id\":\"https:\/\/www.ellenkantarellen.se\/produkt\/monster-virkad-anka-alla-hjartans-batask\/#primaryimage\"},\"image\":{\"@id\":\"https:\/\/www.ellenkantarellen.se\/produkt\/monster-virkad-anka-alla-hjartans-batask\/#primaryimage\"},\"thumbnailUrl\":\"https:\/\/www.ellenkantarellen.se\/wp-content\/uploads\/2026\/01\/produktfoton-2026-01-28T183903.095.jpg\",\"datePublished\":\"2026-01-28T16:40:40+00:00\",\"dateModified\":\"2026-01-28T18:00:51+00:00\",\"description\":\"M\u00f6nster p\u00e5 min supers\u00f6ta virkade GummiAnka! \\\"No sew\\\" m\u00f6nster med tillh\u00f6rande utskriftbara B\u00e5taskar med massor av s\u00f6ta \\\"Alla Hj\u00e4rtans\\\"-meddelanden!\",\"breadcrumb\":{\"@id\":\"https:\/\/www.ellenkantarellen.se\/produkt\/monster-virkad-anka-alla-hjartans-batask\/#breadcrumb\"},\"inLanguage\":\"en-GB\",\"potentialAction\":[{\"@type\":\"ReadAction\",\"target\":[\"https:\/\/www.ellenkantarellen.se\/produkt\/monster-virkad-anka-alla-hjartans-batask\/\"]}]},{\"@type\":\"ImageObject\",\"inLanguage\":\"en-GB\",\"@id\":\"https:\/\/www.ellenkantarellen.se\/produkt\/monster-virkad-anka-alla-hjartans-batask\/#primaryimage\",\"url\":\"https:\/\/www.ellenkantarellen.se\/wp-content\/uploads\/2026\/01\/produktfoton-2026-01-28T183903.095.jpg\",\"contentUrl\":\"https:\/\/www.ellenkantarellen.se\/wp-content\/uploads\/2026\/01\/produktfoton-2026-01-28T183903.095.jpg\",\"width\":1080,\"height\":1080},{\"@type\":\"BreadcrumbList\",\"@id\":\"https:\/\/www.ellenkantarellen.se\/produkt\/monster-virkad-anka-alla-hjartans-batask\/#breadcrumb\",\"itemListElement\":[{\"@type\":\"ListItem\",\"position\":1,\"name\":\"Hem\",\"item\":\"https:\/\/www.ellenkantarellen.se\/\"},{\"@type\":\"ListItem\",\"position\":2,\"name\":\"Aff\u00e4r\",\"item\":\"https:\/\/www.ellenkantarellen.se\/affar\/\"},{\"@type\":\"ListItem\",\"position\":3,\"name\":\"M\u00f6nster Virkad Anka + Alla Hj\u00e4rtans B\u00e5task\"}]},{\"@type\":\"WebSite\",\"@id\":\"https:\/\/www.ellenkantarellen.se\/#website\",\"url\":\"https:\/\/www.ellenkantarellen.se\/\",\"name\":\"EllenKantarellen\",\"description\":\"\",\"publisher\":{\"@id\":\"https:\/\/www.ellenkantarellen.se\/#organization\"},\"potentialAction\":[{\"@type\":\"SearchAction\",\"target\":{\"@type\":\"EntryPoint\",\"urlTemplate\":\"https:\/\/www.ellenkantarellen.se\/?s={search_term_string}\"},\"query-input\":{\"@type\":\"PropertyValueSpecification\",\"valueRequired\":true,\"valueName\":\"search_term_string\"}}],\"inLanguage\":\"en-GB\"},{\"@type\":\"Organization\",\"@id\":\"https:\/\/www.ellenkantarellen.se\/#organization\",\"name\":\"EllenKantarellen\",\"url\":\"https:\/\/www.ellenkantarellen.se\/\",\"logo\":{\"@type\":\"ImageObject\",\"inLanguage\":\"en-GB\",\"@id\":\"https:\/\/www.ellenkantarellen.se\/#\/schema\/logo\/image\/\",\"url\":\"https:\/\/www.ellenkantarellen.se\/wp-content\/uploads\/2021\/09\/ek2.png\",\"contentUrl\":\"https:\/\/www.ellenkantarellen.se\/wp-content\/uploads\/2021\/09\/ek2.png\",\"width\":2232,\"height\":508,\"caption\":\"EllenKantarellen\"},\"image\":{\"@id\":\"https:\/\/www.ellenkantarellen.se\/#\/schema\/logo\/image\/\"}}]}<\/script>\n<!-- \/ Yoast SEO plugin. -->","yoast_head_json":{"title":"M\u00f6nster Virkad Anka + Alla Hj\u00e4rtans B\u00e5task - EllenKantarellen","description":"M\u00f6nster p\u00e5 min supers\u00f6ta virkade GummiAnka! \"No sew\" m\u00f6nster med tillh\u00f6rande utskriftbara B\u00e5taskar med massor av s\u00f6ta \"Alla Hj\u00e4rtans\"-meddelanden!","robots":{"index":"index","follow":"follow","max-snippet":"max-snippet:-1","max-image-preview":"max-image-preview:large","max-video-preview":"max-video-preview:-1"},"canonical":"https:\/\/www.ellenkantarellen.se\/en\/product-2\/monster-virkad-anka-alla-hjartans-batask\/","og_locale":"en_GB","og_type":"article","og_title":"M\u00f6nster Virkad Anka + Alla Hj\u00e4rtans B\u00e5task - EllenKantarellen","og_description":"M\u00f6nster p\u00e5 min supers\u00f6ta virkade GummiAnka! \"No sew\" m\u00f6nster med tillh\u00f6rande utskriftbara B\u00e5taskar med massor av s\u00f6ta \"Alla Hj\u00e4rtans\"-meddelanden!","og_url":"https:\/\/www.ellenkantarellen.se\/en\/product-2\/monster-virkad-anka-alla-hjartans-batask\/","og_site_name":"EllenKantarellen","article_modified_time":"2026-01-28T18:00:51+00:00","og_image":[{"width":1080,"height":1080,"url":"https:\/\/www.ellenkantarellen.se\/wp-content\/uploads\/2026\/01\/produktfoton-2026-01-28T183903.095.jpg","type":"image\/jpeg"}],"twitter_card":"summary_large_image","twitter_misc":{"Estimated reading time":"1 minute"},"schema":{"@context":"https:\/\/schema.org","@graph":[{"@type":"WebPage","@id":"https:\/\/www.ellenkantarellen.se\/produkt\/monster-virkad-anka-alla-hjartans-batask\/","url":"https:\/\/www.ellenkantarellen.se\/produkt\/monster-virkad-anka-alla-hjartans-batask\/","name":"M\u00f6nster Virkad Anka + Alla Hj\u00e4rtans B\u00e5task - EllenKantarellen","isPartOf":{"@id":"https:\/\/www.ellenkantarellen.se\/#website"},"primaryImageOfPage":{"@id":"https:\/\/www.ellenkantarellen.se\/produkt\/monster-virkad-anka-alla-hjartans-batask\/#primaryimage"},"image":{"@id":"https:\/\/www.ellenkantarellen.se\/produkt\/monster-virkad-anka-alla-hjartans-batask\/#primaryimage"},"thumbnailUrl":"https:\/\/www.ellenkantarellen.se\/wp-content\/uploads\/2026\/01\/produktfoton-2026-01-28T183903.095.jpg","datePublished":"2026-01-28T16:40:40+00:00","dateModified":"2026-01-28T18:00:51+00:00","description":"M\u00f6nster p\u00e5 min supers\u00f6ta virkade GummiAnka! \"No sew\" m\u00f6nster med tillh\u00f6rande utskriftbara B\u00e5taskar med massor av s\u00f6ta \"Alla Hj\u00e4rtans\"-meddelanden!","breadcrumb":{"@id":"https:\/\/www.ellenkantarellen.se\/produkt\/monster-virkad-anka-alla-hjartans-batask\/#breadcrumb"},"inLanguage":"en-GB","potentialAction":[{"@type":"ReadAction","target":["https:\/\/www.ellenkantarellen.se\/produkt\/monster-virkad-anka-alla-hjartans-batask\/"]}]},{"@type":"ImageObject","inLanguage":"en-GB","@id":"https:\/\/www.ellenkantarellen.se\/produkt\/monster-virkad-anka-alla-hjartans-batask\/#primaryimage","url":"https:\/\/www.ellenkantarellen.se\/wp-content\/uploads\/2026\/01\/produktfoton-2026-01-28T183903.095.jpg","contentUrl":"https:\/\/www.ellenkantarellen.se\/wp-content\/uploads\/2026\/01\/produktfoton-2026-01-28T183903.095.jpg","width":1080,"height":1080},{"@type":"BreadcrumbList","@id":"https:\/\/www.ellenkantarellen.se\/produkt\/monster-virkad-anka-alla-hjartans-batask\/#breadcrumb","itemListElement":[{"@type":"ListItem","position":1,"name":"Hem","item":"https:\/\/www.ellenkantarellen.se\/"},{"@type":"ListItem","position":2,"name":"Aff\u00e4r","item":"https:\/\/www.ellenkantarellen.se\/affar\/"},{"@type":"ListItem","position":3,"name":"M\u00f6nster Virkad Anka + Alla Hj\u00e4rtans B\u00e5task"}]},{"@type":"WebSite","@id":"https:\/\/www.ellenkantarellen.se\/#website","url":"https:\/\/www.ellenkantarellen.se\/","name":"EllenKantarellen","description":"","publisher":{"@id":"https:\/\/www.ellenkantarellen.se\/#organization"},"potentialAction":[{"@type":"SearchAction","target":{"@type":"EntryPoint","urlTemplate":"https:\/\/www.ellenkantarellen.se\/?s={search_term_string}"},"query-input":{"@type":"PropertyValueSpecification","valueRequired":true,"valueName":"search_term_string"}}],"inLanguage":"en-GB"},{"@type":"Organization","@id":"https:\/\/www.ellenkantarellen.se\/#organization","name":"EllenKantarellen","url":"https:\/\/www.ellenkantarellen.se\/","logo":{"@type":"ImageObject","inLanguage":"en-GB","@id":"https:\/\/www.ellenkantarellen.se\/#\/schema\/logo\/image\/","url":"https:\/\/www.ellenkantarellen.se\/wp-content\/uploads\/2021\/09\/ek2.png","contentUrl":"https:\/\/www.ellenkantarellen.se\/wp-content\/uploads\/2021\/09\/ek2.png","width":2232,"height":508,"caption":"EllenKantarellen"},"image":{"@id":"https:\/\/www.ellenkantarellen.se\/#\/schema\/logo\/image\/"}}]}},"_links":{"self":[{"href":"https:\/\/www.ellenkantarellen.se\/en\/wp-json\/wp\/v2\/product\/26154","targetHints":{"allow":["GET"]}}],"collection":[{"href":"https:\/\/www.ellenkantarellen.se\/en\/wp-json\/wp\/v2\/product"}],"about":[{"href":"https:\/\/www.ellenkantarellen.se\/en\/wp-json\/wp\/v2\/types\/product"}],"replies":[{"embeddable":true,"href":"https:\/\/www.ellenkantarellen.se\/en\/wp-json\/wp\/v2\/comments?post=26154"}],"wp:featuredmedia":[{"embeddable":true,"href":"https:\/\/www.ellenkantarellen.se\/en\/wp-json\/wp\/v2\/media\/26164"}],"wp:attachment":[{"href":"https:\/\/www.ellenkantarellen.se\/en\/wp-json\/wp\/v2\/media?parent=26154"}],"wp:term":[{"taxonomy":"product_brand","embeddable":true,"href":"https:\/\/www.ellenkantarellen.se\/en\/wp-json\/wp\/v2\/product_brand?post=26154"},{"taxonomy":"product_cat","embeddable":true,"href":"https:\/\/www.ellenkantarellen.se\/en\/wp-json\/wp\/v2\/product_cat?post=26154"},{"taxonomy":"product_tag","embeddable":true,"href":"https:\/\/www.ellenkantarellen.se\/en\/wp-json\/wp\/v2\/product_tag?post=26154"}],"curies":[{"name":"wp","href":"https:\/\/api.w.org\/{rel}","templated":true}]}}