{"id":26167,"date":"2026-01-28T19:00:55","date_gmt":"2026-01-28T18:00:55","guid":{"rendered":"https:\/\/www.ellenkantarellen.se\/?post_type=product&#038;p=26167"},"modified":"2026-01-30T14:41:35","modified_gmt":"2026-01-30T13:41:35","slug":"utskriftbar-alla-hjartans-batask-till-virkad-anka","status":"publish","type":"product","link":"https:\/\/www.ellenkantarellen.se\/en\/produkt\/utskriftbar-alla-hjartans-batask-till-virkad-anka\/","title":{"rendered":"Utskriftbar Alla Hj\u00e4rtans B\u00e5task till Virkad Anka"},"content":{"rendered":"<p>M\u00f6nster p\u00e5 min supers\u00f6ta B\u00e5taskar med massor av s\u00f6ta &#8221;Alla Hj\u00e4rtans&#8221;-meddelanden! Passar till Ankor virkade i akrylgarn och 8\/4 bomullsgarn som blir blir cirka 10 x 10 cm samt 7 x 7 cm stora.<\/p>\n<p>Askarna \u00e4r i tv\u00e5 storlekar s\u00e5 att de passar b\u00e5de sm\u00e5 och lite st\u00f6rre Ankor! 11 olika meddelanden och tv\u00e5 blanka om du vill skriva ett eget meddelande! Skriv ut asken, stoppa i en gullig handgjord Anka och ge bort till alla du tycker om &#8211; garanterat den s\u00f6taste presenten till &#8221;Alla hj\u00e4rtans&#8221;! Beh\u00f6ver du m\u00f6nster till Anka hittar du det <a href=\"https:\/\/www.ellenkantarellen.se\/en\/product-2\/monster-virkad-gummianka\/\">H\u00c4R!<\/a><\/p>","protected":false},"excerpt":{"rendered":"<p><em>M\u00f6nster p\u00e5 min supers\u00f6ta B\u00e5taskar med massor av s\u00f6ta &#8221;Alla Hj\u00e4rtans&#8221;-meddelanden! <\/em><strong><em>N\u00e4r du betalat f\u00f6r m\u00f6nstret kommer du automatiskt att kunna ladda ner din PDF-fil med ditt nya roliga m\u00f6nster som kommer i mejl till dig!<\/em><\/strong><\/p>","protected":false},"featured_media":26166,"comment_status":"open","ping_status":"closed","template":"","meta":[],"product_brand":[],"product_cat":[703],"product_tag":[1338,211,1157,1147,1336,1149,1151,1096,233,1148,1150],"class_list":{"0":"post-26167","1":"product","2":"type-product","3":"status-publish","4":"has-post-thumbnail","6":"product_cat-etiketter","7":"product_tag-alla-hjartans-virkmonster","8":"product_tag-amigurumi","9":"product_tag-hallare-till-virkad-anka","10":"product_tag-virkad-anka","11":"product_tag-virkad-anka-i-bat","12":"product_tag-virkad-badanka","13":"product_tag-virkad-gummianka","14":"product_tag-virkat-till-alla-hjartans","15":"product_tag-virkmonster-amigurumi","16":"product_tag-virkmonster-anka","17":"product_tag-virkmonster-badanka","19":"first","20":"instock","21":"downloadable","22":"virtual","23":"sold-individually","24":"taxable","25":"purchasable","26":"product-type-simple"},"bundled_by":[],"bundle_stock_status":"instock","bundle_stock_quantity":null,"bundle_virtual":false,"bundle_layout":"","bundle_add_to_cart_form_location":"","bundle_editable_in_cart":false,"bundle_sold_individually_context":"","bundle_item_grouping":"","bundle_min_size":"","bundle_max_size":"","bundle_price":[],"bundled_items":[],"bundle_sell_ids":[],"yoast_head":"<!-- This site is optimized with the Yoast SEO plugin v27.0 - https:\/\/yoast.com\/product\/yoast-seo-wordpress\/ -->\n<title>Utskriftbar Alla Hj\u00e4rtans B\u00e5task till Virkad Anka - EllenKantarellen<\/title>\n<meta name=\"description\" content=\"M\u00f6nster p\u00e5 min supers\u00f6ta B\u00e5taskar med massor av s\u00f6ta &quot;Alla Hj\u00e4rtans&quot;-meddelanden! L\u00e4gg i din virkade Anka s\u00e5 har du den s\u00f6taste g\u00e5van till &quot;Alla Hj\u00e4rtans&quot;!\" \/>\n<meta name=\"robots\" content=\"index, follow, max-snippet:-1, max-image-preview:large, max-video-preview:-1\" \/>\n<link rel=\"canonical\" href=\"https:\/\/www.ellenkantarellen.se\/en\/product-2\/utskriftbar-alla-hjartans-batask-till-virkad-anka\/\" \/>\n<meta property=\"og:locale\" content=\"en_GB\" \/>\n<meta property=\"og:type\" content=\"article\" \/>\n<meta property=\"og:title\" content=\"Utskriftbar Alla Hj\u00e4rtans B\u00e5task till Virkad Anka - EllenKantarellen\" \/>\n<meta property=\"og:description\" content=\"M\u00f6nster p\u00e5 min supers\u00f6ta B\u00e5taskar med massor av s\u00f6ta &quot;Alla Hj\u00e4rtans&quot;-meddelanden! L\u00e4gg i din virkade Anka s\u00e5 har du den s\u00f6taste g\u00e5van till &quot;Alla Hj\u00e4rtans&quot;!\" \/>\n<meta property=\"og:url\" content=\"https:\/\/www.ellenkantarellen.se\/en\/product-2\/utskriftbar-alla-hjartans-batask-till-virkad-anka\/\" \/>\n<meta property=\"og:site_name\" content=\"EllenKantarellen\" \/>\n<meta property=\"article:modified_time\" content=\"2026-01-30T13:41:35+00:00\" \/>\n<meta property=\"og:image\" content=\"https:\/\/www.ellenkantarellen.se\/wp-content\/uploads\/2026\/01\/produktfoton-2026-01-28T183948.723.jpg\" \/>\n\t<meta property=\"og:image:width\" content=\"1080\" \/>\n\t<meta property=\"og:image:height\" content=\"1080\" \/>\n\t<meta property=\"og:image:type\" content=\"image\/jpeg\" \/>\n<meta name=\"twitter:card\" content=\"summary_large_image\" \/>\n<meta name=\"twitter:label1\" content=\"Estimated reading time\" \/>\n\t<meta name=\"twitter:data1\" content=\"1 minute\" \/>\n<script type=\"application\/ld+json\" class=\"yoast-schema-graph\">{\"@context\":\"https:\/\/schema.org\",\"@graph\":[{\"@type\":\"WebPage\",\"@id\":\"https:\/\/www.ellenkantarellen.se\/produkt\/utskriftbar-alla-hjartans-batask-till-virkad-anka\/\",\"url\":\"https:\/\/www.ellenkantarellen.se\/produkt\/utskriftbar-alla-hjartans-batask-till-virkad-anka\/\",\"name\":\"Utskriftbar Alla Hj\u00e4rtans B\u00e5task till Virkad Anka - EllenKantarellen\",\"isPartOf\":{\"@id\":\"https:\/\/www.ellenkantarellen.se\/#website\"},\"primaryImageOfPage\":{\"@id\":\"https:\/\/www.ellenkantarellen.se\/produkt\/utskriftbar-alla-hjartans-batask-till-virkad-anka\/#primaryimage\"},\"image\":{\"@id\":\"https:\/\/www.ellenkantarellen.se\/produkt\/utskriftbar-alla-hjartans-batask-till-virkad-anka\/#primaryimage\"},\"thumbnailUrl\":\"https:\/\/www.ellenkantarellen.se\/wp-content\/uploads\/2026\/01\/produktfoton-2026-01-28T183948.723.jpg\",\"datePublished\":\"2026-01-28T18:00:55+00:00\",\"dateModified\":\"2026-01-30T13:41:35+00:00\",\"description\":\"M\u00f6nster p\u00e5 min supers\u00f6ta B\u00e5taskar med massor av s\u00f6ta \\\"Alla Hj\u00e4rtans\\\"-meddelanden! L\u00e4gg i din virkade Anka s\u00e5 har du den s\u00f6taste g\u00e5van till \\\"Alla Hj\u00e4rtans\\\"!\",\"breadcrumb\":{\"@id\":\"https:\/\/www.ellenkantarellen.se\/produkt\/utskriftbar-alla-hjartans-batask-till-virkad-anka\/#breadcrumb\"},\"inLanguage\":\"en-GB\",\"potentialAction\":[{\"@type\":\"ReadAction\",\"target\":[\"https:\/\/www.ellenkantarellen.se\/produkt\/utskriftbar-alla-hjartans-batask-till-virkad-anka\/\"]}]},{\"@type\":\"ImageObject\",\"inLanguage\":\"en-GB\",\"@id\":\"https:\/\/www.ellenkantarellen.se\/produkt\/utskriftbar-alla-hjartans-batask-till-virkad-anka\/#primaryimage\",\"url\":\"https:\/\/www.ellenkantarellen.se\/wp-content\/uploads\/2026\/01\/produktfoton-2026-01-28T183948.723.jpg\",\"contentUrl\":\"https:\/\/www.ellenkantarellen.se\/wp-content\/uploads\/2026\/01\/produktfoton-2026-01-28T183948.723.jpg\",\"width\":1080,\"height\":1080},{\"@type\":\"BreadcrumbList\",\"@id\":\"https:\/\/www.ellenkantarellen.se\/produkt\/utskriftbar-alla-hjartans-batask-till-virkad-anka\/#breadcrumb\",\"itemListElement\":[{\"@type\":\"ListItem\",\"position\":1,\"name\":\"Hem\",\"item\":\"https:\/\/www.ellenkantarellen.se\/\"},{\"@type\":\"ListItem\",\"position\":2,\"name\":\"Aff\u00e4r\",\"item\":\"https:\/\/www.ellenkantarellen.se\/affar\/\"},{\"@type\":\"ListItem\",\"position\":3,\"name\":\"Utskriftbar Alla Hj\u00e4rtans B\u00e5task till Virkad Anka\"}]},{\"@type\":\"WebSite\",\"@id\":\"https:\/\/www.ellenkantarellen.se\/#website\",\"url\":\"https:\/\/www.ellenkantarellen.se\/\",\"name\":\"EllenKantarellen\",\"description\":\"\",\"publisher\":{\"@id\":\"https:\/\/www.ellenkantarellen.se\/#organization\"},\"potentialAction\":[{\"@type\":\"SearchAction\",\"target\":{\"@type\":\"EntryPoint\",\"urlTemplate\":\"https:\/\/www.ellenkantarellen.se\/?s={search_term_string}\"},\"query-input\":{\"@type\":\"PropertyValueSpecification\",\"valueRequired\":true,\"valueName\":\"search_term_string\"}}],\"inLanguage\":\"en-GB\"},{\"@type\":\"Organization\",\"@id\":\"https:\/\/www.ellenkantarellen.se\/#organization\",\"name\":\"EllenKantarellen\",\"url\":\"https:\/\/www.ellenkantarellen.se\/\",\"logo\":{\"@type\":\"ImageObject\",\"inLanguage\":\"en-GB\",\"@id\":\"https:\/\/www.ellenkantarellen.se\/#\/schema\/logo\/image\/\",\"url\":\"https:\/\/www.ellenkantarellen.se\/wp-content\/uploads\/2021\/09\/ek2.png\",\"contentUrl\":\"https:\/\/www.ellenkantarellen.se\/wp-content\/uploads\/2021\/09\/ek2.png\",\"width\":2232,\"height\":508,\"caption\":\"EllenKantarellen\"},\"image\":{\"@id\":\"https:\/\/www.ellenkantarellen.se\/#\/schema\/logo\/image\/\"}}]}<\/script>\n<!-- \/ Yoast SEO plugin. -->","yoast_head_json":{"title":"Utskriftbar Alla Hj\u00e4rtans B\u00e5task till Virkad Anka - EllenKantarellen","description":"M\u00f6nster p\u00e5 min supers\u00f6ta B\u00e5taskar med massor av s\u00f6ta \"Alla Hj\u00e4rtans\"-meddelanden! L\u00e4gg i din virkade Anka s\u00e5 har du den s\u00f6taste g\u00e5van till \"Alla Hj\u00e4rtans\"!","robots":{"index":"index","follow":"follow","max-snippet":"max-snippet:-1","max-image-preview":"max-image-preview:large","max-video-preview":"max-video-preview:-1"},"canonical":"https:\/\/www.ellenkantarellen.se\/en\/product-2\/utskriftbar-alla-hjartans-batask-till-virkad-anka\/","og_locale":"en_GB","og_type":"article","og_title":"Utskriftbar Alla Hj\u00e4rtans B\u00e5task till Virkad Anka - EllenKantarellen","og_description":"M\u00f6nster p\u00e5 min supers\u00f6ta B\u00e5taskar med massor av s\u00f6ta \"Alla Hj\u00e4rtans\"-meddelanden! L\u00e4gg i din virkade Anka s\u00e5 har du den s\u00f6taste g\u00e5van till \"Alla Hj\u00e4rtans\"!","og_url":"https:\/\/www.ellenkantarellen.se\/en\/product-2\/utskriftbar-alla-hjartans-batask-till-virkad-anka\/","og_site_name":"EllenKantarellen","article_modified_time":"2026-01-30T13:41:35+00:00","og_image":[{"width":1080,"height":1080,"url":"https:\/\/www.ellenkantarellen.se\/wp-content\/uploads\/2026\/01\/produktfoton-2026-01-28T183948.723.jpg","type":"image\/jpeg"}],"twitter_card":"summary_large_image","twitter_misc":{"Estimated reading time":"1 minute"},"schema":{"@context":"https:\/\/schema.org","@graph":[{"@type":"WebPage","@id":"https:\/\/www.ellenkantarellen.se\/produkt\/utskriftbar-alla-hjartans-batask-till-virkad-anka\/","url":"https:\/\/www.ellenkantarellen.se\/produkt\/utskriftbar-alla-hjartans-batask-till-virkad-anka\/","name":"Utskriftbar Alla Hj\u00e4rtans B\u00e5task till Virkad Anka - EllenKantarellen","isPartOf":{"@id":"https:\/\/www.ellenkantarellen.se\/#website"},"primaryImageOfPage":{"@id":"https:\/\/www.ellenkantarellen.se\/produkt\/utskriftbar-alla-hjartans-batask-till-virkad-anka\/#primaryimage"},"image":{"@id":"https:\/\/www.ellenkantarellen.se\/produkt\/utskriftbar-alla-hjartans-batask-till-virkad-anka\/#primaryimage"},"thumbnailUrl":"https:\/\/www.ellenkantarellen.se\/wp-content\/uploads\/2026\/01\/produktfoton-2026-01-28T183948.723.jpg","datePublished":"2026-01-28T18:00:55+00:00","dateModified":"2026-01-30T13:41:35+00:00","description":"M\u00f6nster p\u00e5 min supers\u00f6ta B\u00e5taskar med massor av s\u00f6ta \"Alla Hj\u00e4rtans\"-meddelanden! L\u00e4gg i din virkade Anka s\u00e5 har du den s\u00f6taste g\u00e5van till \"Alla Hj\u00e4rtans\"!","breadcrumb":{"@id":"https:\/\/www.ellenkantarellen.se\/produkt\/utskriftbar-alla-hjartans-batask-till-virkad-anka\/#breadcrumb"},"inLanguage":"en-GB","potentialAction":[{"@type":"ReadAction","target":["https:\/\/www.ellenkantarellen.se\/produkt\/utskriftbar-alla-hjartans-batask-till-virkad-anka\/"]}]},{"@type":"ImageObject","inLanguage":"en-GB","@id":"https:\/\/www.ellenkantarellen.se\/produkt\/utskriftbar-alla-hjartans-batask-till-virkad-anka\/#primaryimage","url":"https:\/\/www.ellenkantarellen.se\/wp-content\/uploads\/2026\/01\/produktfoton-2026-01-28T183948.723.jpg","contentUrl":"https:\/\/www.ellenkantarellen.se\/wp-content\/uploads\/2026\/01\/produktfoton-2026-01-28T183948.723.jpg","width":1080,"height":1080},{"@type":"BreadcrumbList","@id":"https:\/\/www.ellenkantarellen.se\/produkt\/utskriftbar-alla-hjartans-batask-till-virkad-anka\/#breadcrumb","itemListElement":[{"@type":"ListItem","position":1,"name":"Hem","item":"https:\/\/www.ellenkantarellen.se\/"},{"@type":"ListItem","position":2,"name":"Aff\u00e4r","item":"https:\/\/www.ellenkantarellen.se\/affar\/"},{"@type":"ListItem","position":3,"name":"Utskriftbar Alla Hj\u00e4rtans B\u00e5task till Virkad Anka"}]},{"@type":"WebSite","@id":"https:\/\/www.ellenkantarellen.se\/#website","url":"https:\/\/www.ellenkantarellen.se\/","name":"EllenKantarellen","description":"","publisher":{"@id":"https:\/\/www.ellenkantarellen.se\/#organization"},"potentialAction":[{"@type":"SearchAction","target":{"@type":"EntryPoint","urlTemplate":"https:\/\/www.ellenkantarellen.se\/?s={search_term_string}"},"query-input":{"@type":"PropertyValueSpecification","valueRequired":true,"valueName":"search_term_string"}}],"inLanguage":"en-GB"},{"@type":"Organization","@id":"https:\/\/www.ellenkantarellen.se\/#organization","name":"EllenKantarellen","url":"https:\/\/www.ellenkantarellen.se\/","logo":{"@type":"ImageObject","inLanguage":"en-GB","@id":"https:\/\/www.ellenkantarellen.se\/#\/schema\/logo\/image\/","url":"https:\/\/www.ellenkantarellen.se\/wp-content\/uploads\/2021\/09\/ek2.png","contentUrl":"https:\/\/www.ellenkantarellen.se\/wp-content\/uploads\/2021\/09\/ek2.png","width":2232,"height":508,"caption":"EllenKantarellen"},"image":{"@id":"https:\/\/www.ellenkantarellen.se\/#\/schema\/logo\/image\/"}}]}},"_links":{"self":[{"href":"https:\/\/www.ellenkantarellen.se\/en\/wp-json\/wp\/v2\/product\/26167","targetHints":{"allow":["GET"]}}],"collection":[{"href":"https:\/\/www.ellenkantarellen.se\/en\/wp-json\/wp\/v2\/product"}],"about":[{"href":"https:\/\/www.ellenkantarellen.se\/en\/wp-json\/wp\/v2\/types\/product"}],"replies":[{"embeddable":true,"href":"https:\/\/www.ellenkantarellen.se\/en\/wp-json\/wp\/v2\/comments?post=26167"}],"wp:featuredmedia":[{"embeddable":true,"href":"https:\/\/www.ellenkantarellen.se\/en\/wp-json\/wp\/v2\/media\/26166"}],"wp:attachment":[{"href":"https:\/\/www.ellenkantarellen.se\/en\/wp-json\/wp\/v2\/media?parent=26167"}],"wp:term":[{"taxonomy":"product_brand","embeddable":true,"href":"https:\/\/www.ellenkantarellen.se\/en\/wp-json\/wp\/v2\/product_brand?post=26167"},{"taxonomy":"product_cat","embeddable":true,"href":"https:\/\/www.ellenkantarellen.se\/en\/wp-json\/wp\/v2\/product_cat?post=26167"},{"taxonomy":"product_tag","embeddable":true,"href":"https:\/\/www.ellenkantarellen.se\/en\/wp-json\/wp\/v2\/product_tag?post=26167"}],"curies":[{"name":"wp","href":"https:\/\/api.w.org\/{rel}","templated":true}]}}