{"id":26803,"date":"2026-02-13T16:38:07","date_gmt":"2026-02-13T15:38:07","guid":{"rendered":"https:\/\/www.ellenkantarellen.se\/?post_type=product&#038;p=26803"},"modified":"2026-02-18T20:27:53","modified_gmt":"2026-02-18T19:27:53","slug":"virkmonster-muggvarmaren-rosebud-utskriftbar-display","status":"publish","type":"product","link":"https:\/\/www.ellenkantarellen.se\/en\/produkt\/virkmonster-muggvarmaren-rosebud-utskriftbar-display\/","title":{"rendered":"Virkm\u00f6nster Muggv\u00e4rmaren &#8221;Rosebud&#8221; + Utskriftbar Display"},"content":{"rendered":"<p>Virkm\u00f6nster p\u00e5 supers\u00f6ta Muggv\u00e4rmaren Rosebud samt utskriftbar etikett\/display f\u00f6r dina handgjorda mugg\u00e4rmare. Fram- och baksida med inneh\u00e5ll och tv\u00e4ttinstruktioner p\u00e5 baksidan. Fyra olika utseenden tv\u00e5 vanliga muggar (med \u00f6rat b\u00e5de \u00e5t h\u00f6ger och v\u00e4nster) och tv\u00e5 &#8221;to go&#8221; muggar. Dessa \u00e4r perfekta om du ska s\u00e4lja eller som en underbar present till n\u00e5gon du tycker om! Mallar med b\u00e5de Svensk &amp; Engelsk text! V\u00e4rmaren \u00e4r virkad i akrylgarn.<\/p>\n<div>\ud83c\udf38Detta \u00e4r en digital produkt, inte f\u00e4rdiga pappersprodukter!<\/div>\n<div><\/div>\n<div>\ud83c\udf38 INKLUDERAR:<br \/>\n1 PDF-fil med virkm\u00f6nstret<\/div>\n<div>1 digital PDF med Cup Cozy<\/div>\n<div>1 digital PDF med Mug Cozy<\/div>\n<div>1 digital PDF med Muggh\u00e5llare<\/div>\n<div><\/div>\n<div>\ud83c\udf38 Storlek p\u00e5 mallarna:<\/div>\n<div>Cup Cozy\/Muggh\u00e5llare:\u00a0 16 x 14 cm &amp; 18 x 10 cm<\/div>","protected":false},"excerpt":{"rendered":"<p><em>Virkm\u00f6nster Muggv\u00e4rmaren &#8221;Rosebud&#8221; + Utskriftbar Display! <\/em><strong><em>N\u00e4r du betalat f\u00f6r dina produkter kommer du automatiskt att kunna ladda ner dina PDF-filer med dina nya fina mallar som kommer i mejl till dig!<\/em><\/strong><\/p>","protected":false},"featured_media":26814,"comment_status":"open","ping_status":"closed","template":"","meta":[],"product_brand":[],"product_cat":[859,458,703],"product_tag":[1327,1324,1323,1321,816,1325,1322,866,815,867,817],"class_list":{"0":"post-26803","1":"product","2":"type-product","3":"status-publish","4":"has-post-thumbnail","6":"product_cat-alla-hjartans-dag","7":"product_cat-ovriga-monster","8":"product_cat-etiketter","9":"product_tag-alla-hjartans-mugghallare","10":"product_tag-display-till-mugghallare","11":"product_tag-etiketter-till-virkad-mugghallare","12":"product_tag-mall-till-virkad-mugghallare","13":"product_tag-muggvarmare","14":"product_tag-pappersmall-till-mugghallare","15":"product_tag-utskriftbart-till-mugghallare","16":"product_tag-virkad-mugghallare","17":"product_tag-virkad-muggvarmare","18":"product_tag-virkmonster-mugghallare","19":"product_tag-virkmonster-muggvarmare","21":"first","22":"instock","23":"downloadable","24":"virtual","25":"sold-individually","26":"taxable","27":"purchasable","28":"product-type-simple"},"bundled_by":["26976"],"bundle_stock_status":"instock","bundle_stock_quantity":null,"bundle_virtual":false,"bundle_layout":"","bundle_add_to_cart_form_location":"","bundle_editable_in_cart":false,"bundle_sold_individually_context":"","bundle_item_grouping":"","bundle_min_size":"","bundle_max_size":"","bundle_price":[],"bundled_items":[],"bundle_sell_ids":[],"yoast_head":"<!-- This site is optimized with the Yoast SEO plugin v27.0 - https:\/\/yoast.com\/product\/yoast-seo-wordpress\/ -->\n<title>Virkm\u00f6nster Muggv\u00e4rmaren &quot;Rosebud&quot; + Utskriftbar Display - EllenKantarellen<\/title>\n<meta name=\"description\" content=\"Virkm\u00f6nster p\u00e5 supers\u00f6ta Muggv\u00e4rmaren &quot;Rosebud&quot; samt utskriftbar etikett\/display f\u00f6r dina handgjorda mugg\u00e4rmare. En rolig present till alla kaffe\u00e4lskare!\" \/>\n<meta name=\"robots\" content=\"index, follow, max-snippet:-1, max-image-preview:large, max-video-preview:-1\" \/>\n<link rel=\"canonical\" href=\"https:\/\/www.ellenkantarellen.se\/en\/product-2\/virkmonster-muggvarmaren-rosebud-utskriftbar-display\/\" \/>\n<meta property=\"og:locale\" content=\"en_GB\" \/>\n<meta property=\"og:type\" content=\"article\" \/>\n<meta property=\"og:title\" content=\"Virkm\u00f6nster Muggv\u00e4rmaren &quot;Rosebud&quot; + Utskriftbar Display - EllenKantarellen\" \/>\n<meta property=\"og:description\" content=\"Virkm\u00f6nster p\u00e5 supers\u00f6ta Muggv\u00e4rmaren &quot;Rosebud&quot; samt utskriftbar etikett\/display f\u00f6r dina handgjorda mugg\u00e4rmare. En rolig present till alla kaffe\u00e4lskare!\" \/>\n<meta property=\"og:url\" content=\"https:\/\/www.ellenkantarellen.se\/en\/product-2\/virkmonster-muggvarmaren-rosebud-utskriftbar-display\/\" \/>\n<meta property=\"og:site_name\" content=\"EllenKantarellen\" \/>\n<meta property=\"article:modified_time\" content=\"2026-02-18T19:27:53+00:00\" \/>\n<meta property=\"og:image\" content=\"https:\/\/www.ellenkantarellen.se\/wp-content\/uploads\/2026\/02\/FRAMSIDA-NY-46.png\" \/>\n\t<meta property=\"og:image:width\" content=\"1080\" \/>\n\t<meta property=\"og:image:height\" content=\"1080\" \/>\n\t<meta property=\"og:image:type\" content=\"image\/png\" \/>\n<meta name=\"twitter:card\" content=\"summary_large_image\" \/>\n<meta name=\"twitter:label1\" content=\"Estimated reading time\" \/>\n\t<meta name=\"twitter:data1\" content=\"1 minute\" \/>\n<script type=\"application\/ld+json\" class=\"yoast-schema-graph\">{\"@context\":\"https:\/\/schema.org\",\"@graph\":[{\"@type\":\"WebPage\",\"@id\":\"https:\/\/www.ellenkantarellen.se\/produkt\/virkmonster-muggvarmaren-rosebud-utskriftbar-display\/\",\"url\":\"https:\/\/www.ellenkantarellen.se\/produkt\/virkmonster-muggvarmaren-rosebud-utskriftbar-display\/\",\"name\":\"Virkm\u00f6nster Muggv\u00e4rmaren \\\"Rosebud\\\" + Utskriftbar Display - EllenKantarellen\",\"isPartOf\":{\"@id\":\"https:\/\/www.ellenkantarellen.se\/#website\"},\"primaryImageOfPage\":{\"@id\":\"https:\/\/www.ellenkantarellen.se\/produkt\/virkmonster-muggvarmaren-rosebud-utskriftbar-display\/#primaryimage\"},\"image\":{\"@id\":\"https:\/\/www.ellenkantarellen.se\/produkt\/virkmonster-muggvarmaren-rosebud-utskriftbar-display\/#primaryimage\"},\"thumbnailUrl\":\"https:\/\/www.ellenkantarellen.se\/wp-content\/uploads\/2026\/02\/FRAMSIDA-NY-46.png\",\"datePublished\":\"2026-02-13T15:38:07+00:00\",\"dateModified\":\"2026-02-18T19:27:53+00:00\",\"description\":\"Virkm\u00f6nster p\u00e5 supers\u00f6ta Muggv\u00e4rmaren \\\"Rosebud\\\" samt utskriftbar etikett\/display f\u00f6r dina handgjorda mugg\u00e4rmare. En rolig present till alla kaffe\u00e4lskare!\",\"breadcrumb\":{\"@id\":\"https:\/\/www.ellenkantarellen.se\/produkt\/virkmonster-muggvarmaren-rosebud-utskriftbar-display\/#breadcrumb\"},\"inLanguage\":\"en-GB\",\"potentialAction\":[{\"@type\":\"ReadAction\",\"target\":[\"https:\/\/www.ellenkantarellen.se\/produkt\/virkmonster-muggvarmaren-rosebud-utskriftbar-display\/\"]}]},{\"@type\":\"ImageObject\",\"inLanguage\":\"en-GB\",\"@id\":\"https:\/\/www.ellenkantarellen.se\/produkt\/virkmonster-muggvarmaren-rosebud-utskriftbar-display\/#primaryimage\",\"url\":\"https:\/\/www.ellenkantarellen.se\/wp-content\/uploads\/2026\/02\/FRAMSIDA-NY-46.png\",\"contentUrl\":\"https:\/\/www.ellenkantarellen.se\/wp-content\/uploads\/2026\/02\/FRAMSIDA-NY-46.png\",\"width\":1080,\"height\":1080},{\"@type\":\"BreadcrumbList\",\"@id\":\"https:\/\/www.ellenkantarellen.se\/produkt\/virkmonster-muggvarmaren-rosebud-utskriftbar-display\/#breadcrumb\",\"itemListElement\":[{\"@type\":\"ListItem\",\"position\":1,\"name\":\"Hem\",\"item\":\"https:\/\/www.ellenkantarellen.se\/\"},{\"@type\":\"ListItem\",\"position\":2,\"name\":\"Aff\u00e4r\",\"item\":\"https:\/\/www.ellenkantarellen.se\/affar\/\"},{\"@type\":\"ListItem\",\"position\":3,\"name\":\"Virkm\u00f6nster Muggv\u00e4rmaren &#8221;Rosebud&#8221; + Utskriftbar Display\"}]},{\"@type\":\"WebSite\",\"@id\":\"https:\/\/www.ellenkantarellen.se\/#website\",\"url\":\"https:\/\/www.ellenkantarellen.se\/\",\"name\":\"EllenKantarellen\",\"description\":\"\",\"publisher\":{\"@id\":\"https:\/\/www.ellenkantarellen.se\/#organization\"},\"potentialAction\":[{\"@type\":\"SearchAction\",\"target\":{\"@type\":\"EntryPoint\",\"urlTemplate\":\"https:\/\/www.ellenkantarellen.se\/?s={search_term_string}\"},\"query-input\":{\"@type\":\"PropertyValueSpecification\",\"valueRequired\":true,\"valueName\":\"search_term_string\"}}],\"inLanguage\":\"en-GB\"},{\"@type\":\"Organization\",\"@id\":\"https:\/\/www.ellenkantarellen.se\/#organization\",\"name\":\"EllenKantarellen\",\"url\":\"https:\/\/www.ellenkantarellen.se\/\",\"logo\":{\"@type\":\"ImageObject\",\"inLanguage\":\"en-GB\",\"@id\":\"https:\/\/www.ellenkantarellen.se\/#\/schema\/logo\/image\/\",\"url\":\"https:\/\/www.ellenkantarellen.se\/wp-content\/uploads\/2021\/09\/ek2.png\",\"contentUrl\":\"https:\/\/www.ellenkantarellen.se\/wp-content\/uploads\/2021\/09\/ek2.png\",\"width\":2232,\"height\":508,\"caption\":\"EllenKantarellen\"},\"image\":{\"@id\":\"https:\/\/www.ellenkantarellen.se\/#\/schema\/logo\/image\/\"}}]}<\/script>\n<!-- \/ Yoast SEO plugin. -->","yoast_head_json":{"title":"Virkm\u00f6nster Muggv\u00e4rmaren \"Rosebud\" + Utskriftbar Display - EllenKantarellen","description":"Virkm\u00f6nster p\u00e5 supers\u00f6ta Muggv\u00e4rmaren \"Rosebud\" samt utskriftbar etikett\/display f\u00f6r dina handgjorda mugg\u00e4rmare. En rolig present till alla kaffe\u00e4lskare!","robots":{"index":"index","follow":"follow","max-snippet":"max-snippet:-1","max-image-preview":"max-image-preview:large","max-video-preview":"max-video-preview:-1"},"canonical":"https:\/\/www.ellenkantarellen.se\/en\/product-2\/virkmonster-muggvarmaren-rosebud-utskriftbar-display\/","og_locale":"en_GB","og_type":"article","og_title":"Virkm\u00f6nster Muggv\u00e4rmaren \"Rosebud\" + Utskriftbar Display - EllenKantarellen","og_description":"Virkm\u00f6nster p\u00e5 supers\u00f6ta Muggv\u00e4rmaren \"Rosebud\" samt utskriftbar etikett\/display f\u00f6r dina handgjorda mugg\u00e4rmare. En rolig present till alla kaffe\u00e4lskare!","og_url":"https:\/\/www.ellenkantarellen.se\/en\/product-2\/virkmonster-muggvarmaren-rosebud-utskriftbar-display\/","og_site_name":"EllenKantarellen","article_modified_time":"2026-02-18T19:27:53+00:00","og_image":[{"width":1080,"height":1080,"url":"https:\/\/www.ellenkantarellen.se\/wp-content\/uploads\/2026\/02\/FRAMSIDA-NY-46.png","type":"image\/png"}],"twitter_card":"summary_large_image","twitter_misc":{"Estimated reading time":"1 minute"},"schema":{"@context":"https:\/\/schema.org","@graph":[{"@type":"WebPage","@id":"https:\/\/www.ellenkantarellen.se\/produkt\/virkmonster-muggvarmaren-rosebud-utskriftbar-display\/","url":"https:\/\/www.ellenkantarellen.se\/produkt\/virkmonster-muggvarmaren-rosebud-utskriftbar-display\/","name":"Virkm\u00f6nster Muggv\u00e4rmaren \"Rosebud\" + Utskriftbar Display - EllenKantarellen","isPartOf":{"@id":"https:\/\/www.ellenkantarellen.se\/#website"},"primaryImageOfPage":{"@id":"https:\/\/www.ellenkantarellen.se\/produkt\/virkmonster-muggvarmaren-rosebud-utskriftbar-display\/#primaryimage"},"image":{"@id":"https:\/\/www.ellenkantarellen.se\/produkt\/virkmonster-muggvarmaren-rosebud-utskriftbar-display\/#primaryimage"},"thumbnailUrl":"https:\/\/www.ellenkantarellen.se\/wp-content\/uploads\/2026\/02\/FRAMSIDA-NY-46.png","datePublished":"2026-02-13T15:38:07+00:00","dateModified":"2026-02-18T19:27:53+00:00","description":"Virkm\u00f6nster p\u00e5 supers\u00f6ta Muggv\u00e4rmaren \"Rosebud\" samt utskriftbar etikett\/display f\u00f6r dina handgjorda mugg\u00e4rmare. En rolig present till alla kaffe\u00e4lskare!","breadcrumb":{"@id":"https:\/\/www.ellenkantarellen.se\/produkt\/virkmonster-muggvarmaren-rosebud-utskriftbar-display\/#breadcrumb"},"inLanguage":"en-GB","potentialAction":[{"@type":"ReadAction","target":["https:\/\/www.ellenkantarellen.se\/produkt\/virkmonster-muggvarmaren-rosebud-utskriftbar-display\/"]}]},{"@type":"ImageObject","inLanguage":"en-GB","@id":"https:\/\/www.ellenkantarellen.se\/produkt\/virkmonster-muggvarmaren-rosebud-utskriftbar-display\/#primaryimage","url":"https:\/\/www.ellenkantarellen.se\/wp-content\/uploads\/2026\/02\/FRAMSIDA-NY-46.png","contentUrl":"https:\/\/www.ellenkantarellen.se\/wp-content\/uploads\/2026\/02\/FRAMSIDA-NY-46.png","width":1080,"height":1080},{"@type":"BreadcrumbList","@id":"https:\/\/www.ellenkantarellen.se\/produkt\/virkmonster-muggvarmaren-rosebud-utskriftbar-display\/#breadcrumb","itemListElement":[{"@type":"ListItem","position":1,"name":"Hem","item":"https:\/\/www.ellenkantarellen.se\/"},{"@type":"ListItem","position":2,"name":"Aff\u00e4r","item":"https:\/\/www.ellenkantarellen.se\/affar\/"},{"@type":"ListItem","position":3,"name":"Virkm\u00f6nster Muggv\u00e4rmaren &#8221;Rosebud&#8221; + Utskriftbar Display"}]},{"@type":"WebSite","@id":"https:\/\/www.ellenkantarellen.se\/#website","url":"https:\/\/www.ellenkantarellen.se\/","name":"EllenKantarellen","description":"","publisher":{"@id":"https:\/\/www.ellenkantarellen.se\/#organization"},"potentialAction":[{"@type":"SearchAction","target":{"@type":"EntryPoint","urlTemplate":"https:\/\/www.ellenkantarellen.se\/?s={search_term_string}"},"query-input":{"@type":"PropertyValueSpecification","valueRequired":true,"valueName":"search_term_string"}}],"inLanguage":"en-GB"},{"@type":"Organization","@id":"https:\/\/www.ellenkantarellen.se\/#organization","name":"EllenKantarellen","url":"https:\/\/www.ellenkantarellen.se\/","logo":{"@type":"ImageObject","inLanguage":"en-GB","@id":"https:\/\/www.ellenkantarellen.se\/#\/schema\/logo\/image\/","url":"https:\/\/www.ellenkantarellen.se\/wp-content\/uploads\/2021\/09\/ek2.png","contentUrl":"https:\/\/www.ellenkantarellen.se\/wp-content\/uploads\/2021\/09\/ek2.png","width":2232,"height":508,"caption":"EllenKantarellen"},"image":{"@id":"https:\/\/www.ellenkantarellen.se\/#\/schema\/logo\/image\/"}}]}},"_links":{"self":[{"href":"https:\/\/www.ellenkantarellen.se\/en\/wp-json\/wp\/v2\/product\/26803","targetHints":{"allow":["GET"]}}],"collection":[{"href":"https:\/\/www.ellenkantarellen.se\/en\/wp-json\/wp\/v2\/product"}],"about":[{"href":"https:\/\/www.ellenkantarellen.se\/en\/wp-json\/wp\/v2\/types\/product"}],"replies":[{"embeddable":true,"href":"https:\/\/www.ellenkantarellen.se\/en\/wp-json\/wp\/v2\/comments?post=26803"}],"wp:featuredmedia":[{"embeddable":true,"href":"https:\/\/www.ellenkantarellen.se\/en\/wp-json\/wp\/v2\/media\/26814"}],"wp:attachment":[{"href":"https:\/\/www.ellenkantarellen.se\/en\/wp-json\/wp\/v2\/media?parent=26803"}],"wp:term":[{"taxonomy":"product_brand","embeddable":true,"href":"https:\/\/www.ellenkantarellen.se\/en\/wp-json\/wp\/v2\/product_brand?post=26803"},{"taxonomy":"product_cat","embeddable":true,"href":"https:\/\/www.ellenkantarellen.se\/en\/wp-json\/wp\/v2\/product_cat?post=26803"},{"taxonomy":"product_tag","embeddable":true,"href":"https:\/\/www.ellenkantarellen.se\/en\/wp-json\/wp\/v2\/product_tag?post=26803"}],"curies":[{"name":"wp","href":"https:\/\/api.w.org\/{rel}","templated":true}]}}